{"id":13299,"date":"2026-01-26T15:51:38","date_gmt":"2026-01-26T15:51:38","guid":{"rendered":"https:\/\/www.impressionoriginale.com\/services-sur-mesure\/"},"modified":"2026-02-16T18:02:39","modified_gmt":"2026-02-16T18:02:39","slug":"services-sur-mesure","status":"publish","type":"page","link":"https:\/\/www.impressionoriginale.com\/fr\/services-sur-mesure\/","title":{"rendered":"SERVICES SUR-MESURE"},"content":{"rendered":"<div class=\"wpb-content-wrapper\"><p>[vc_row][vc_column][vc_column_text css=\u00a0\u00bb\u00a0\u00bb]<\/p>\n<h3 style=\"text-align: center;\"><strong> I. CONSEIL &amp; FORMATION<\/strong><\/h3>\n<p>[\/vc_column_text][vc_separator css=\u00a0\u00bb\u00a0\u00bb][\/vc_column][\/vc_row][vc_row][vc_column width=\u00a0\u00bb1\/3\u2033][vc_single_image image=\u00a0\u00bb13392\u2033 img_size=\u00a0\u00bb1000\u00d71000\u2033 alignment=\u00a0\u00bbcenter\u00a0\u00bb css=\u00a0\u00bb\u00a0\u00bb][vc_column_text css=\u00a0\u00bb\u00a0\u00bb]<\/p>\n<h4>C\u00c9R\u00c9MONIE CADEAU<\/h4>\n<p>[\/vc_column_text][vc_column_text css=\u00a0\u00bb\u00a0\u00bb]<\/p>\n<p style=\"text-align: justify;\">L\u2019emballage devient un rituel d\u2019exception. \u00c0 travers une recherche approfondie de vos archives et de vos dessins techniques, nous traduisons avec justesse l\u2019h\u00e9ritage et les valeurs de votre maison. \u00c0 vos c\u00f4t\u00e9s, nous exprimons votre identit\u00e9 dans un \u00e9quilibre subtil entre modernit\u00e9 et authenticit\u00e9.<\/p>\n<p>[\/vc_column_text][vc_column_text css=\u00a0\u00bb\u00a0\u00bb]<\/p>\n<p style=\"text-align: center;\"><strong><em>D\u00e9veloppement sur mesure de votre c\u00e9r\u00e9monie du cadeau signature.<\/em><\/strong><\/p>\n<p>[\/vc_column_text][\/vc_column][vc_column width=\u00a0\u00bb1\/3\u2033][vc_single_image image=\u00a0\u00bb13393\u2033 img_size=\u00a0\u00bb1000\u00d71000\u2033 css=\u00a0\u00bb\u00a0\u00bb][vc_column_text css=\u00a0\u00bb\u00a0\u00bb]<\/p>\n<h4>IDENTIT\u00c9 VISUELLE<\/h4>\n<p>[\/vc_column_text][vc_column_text css=\u00a0\u00bb\u00a0\u00bb]<\/p>\n<p style=\"text-align: justify;\">L\u2019identit\u00e9 visuelle est l\u2019expression visible de l\u2019essence d\u2019une marque. En r\u00e9sonance avec son h\u00e9ritage et son authenticit\u00e9, elle doit refl\u00e9ter avec clart\u00e9 les valeurs de la maison. Impression Originale vous accompagne de la r\u00e9flexion initiale au d\u00e9ploiement final, en s\u2019appuyant sur son savoir-faire et l\u2019expertise de son collectif cr\u00e9atif.<\/p>\n<p>[\/vc_column_text][vc_column_text css=\u00a0\u00bb\u00a0\u00bb]<\/p>\n<p style=\"text-align: center;\"><strong><em>Strat\u00e9gie initiale ou refonte : naming, identit\u00e9 de marque, logo, design produit et packaging.<\/em><\/strong><\/p>\n<p style=\"text-align: center;\"><br data-start=\"1630\" data-end=\"1633\"><strong><em>Strat\u00e9gie \u00e9v\u00e9nementielle : conception et mise en \u0153uvre.<\/em><\/strong><\/p>\n<p>[\/vc_column_text][\/vc_column][vc_column width=\u00a0\u00bb1\/3\u2033][vc_single_image image=\u00a0\u00bb13394\u2033 img_size=\u00a0\u00bb1000\u00d71000\u2033 css=\u00a0\u00bb\u00a0\u00bb][vc_column_text css=\u00a0\u00bb\u00a0\u00bb]<\/p>\n<h4>FORMATION<\/h4>\n<p>[\/vc_column_text][vc_column_text css=\u00a0\u00bb\u00a0\u00bb]<\/p>\n<p style=\"text-align: justify;\">Transmettre l\u2019excellence par le geste et la technique. Impression Originale propose une approche p\u00e9dagogique \u00e9prouv\u00e9e, centr\u00e9e sur l\u2019autonomie et la pr\u00e9cision. Les formations sont dispens\u00e9es en petits groupes afin de garantir un apprentissage personnalis\u00e9 et une transmission de haute qualit\u00e9.<\/p>\n<p>[\/vc_column_text][vc_column_text css=\u00a0\u00bb\u00a0\u00bb]<\/p>\n<p style=\"text-align: center;\"><strong><em>Formation de formateurs, sessions en petits groupes, supports visuels et vid\u00e9o pour un apprentissage continu.<\/em><\/strong><\/p>\n<p>[\/vc_column_text][\/vc_column][\/vc_row][vc_row][vc_column][vc_empty_space][\/vc_column][\/vc_row][vc_row][vc_column][vc_column_text css=\u00a0\u00bb\u00a0\u00bb]<\/p>\n<h3 style=\"text-align: center;\"><strong> II. \u00c9V\u00c8NEMENTIEL <\/strong><\/h3>\n<p>[\/vc_column_text][vc_separator css=\u00a0\u00bb\u00a0\u00bb][\/vc_column][\/vc_row][vc_row][vc_column width=\u00a0\u00bb1\/3\u2033][vc_single_image image=\u00a0\u00bb13395\u2033 img_size=\u00a0\u00bb1000\u00d71000\u2033 css=\u00a0\u00bb\u00a0\u00bb][vc_column_text css=\u00a0\u00bb\u00a0\u00bb]<\/p>\n<h4>ANIMATION<\/h4>\n<p>[\/vc_column_text][vc_column_text css=\u00a0\u00bb\u00a0\u00bb]<\/p>\n<p style=\"text-align: justify;\">C\u00e9l\u00e9brer l\u2019art du cadeau \u00e0 travers des exp\u00e9riences vivantes. Nos talents accompagnent vos \u00e9v\u00e9nements avec des animations soigneusement s\u00e9lectionn\u00e9es, pens\u00e9es selon vos besoins et la dur\u00e9e souhait\u00e9e. Nous cr\u00e9ons des moments immersifs qui r\u00e9v\u00e8lent votre univers et votre savoir-faire.<\/p>\n<p>[\/vc_column_text][vc_column_text css=\u00a0\u00bb\u00a0\u00bb]<\/p>\n<p style=\"text-align: center;\"><strong><em>Emballage cadeau, marquage \u00e0 chaud (cuir, papier, textile), calligraphie, gravure, papier sculpt\u00e9 (3D), dessin, tissage de rubans, plumasserie, origami\u2026<\/em><\/strong><\/p>\n<p>[\/vc_column_text][\/vc_column][vc_column width=\u00a0\u00bb1\/3\u2033][vc_single_image image=\u00a0\u00bb13396\u2033 img_size=\u00a0\u00bb1000\u00d71000\u2033 css=\u00a0\u00bb\u00a0\u00bb][vc_column_text css=\u00a0\u00bb\u00a0\u00bb]<\/p>\n<h4>D\u00c9COR<\/h4>\n<p>[\/vc_column_text][vc_column_text css=\u00a0\u00bb\u00a0\u00bb]<\/p>\n<p style=\"text-align: justify;\">Un d\u00e9cor \u00e0 vivre, anim\u00e9 par le geste. Nous concevons des installations artistiques uniques qui transforment les espaces en exp\u00e9riences sensorielles immersives et engageantes. Par l\u2019exploration des mati\u00e8res et des formes, l\u2019\u00e9motion et l\u2019imaginaire \u00e9mergent naturellement.<\/p>\n<p>[\/vc_column_text][vc_column_text css=\u00a0\u00bb\u00a0\u00bb]<\/p>\n<p style=\"text-align: center;\"><em><strong>Installation artistique \u00e9ph\u00e9m\u00e8re ou installation ouverte au public.<\/strong><\/em><\/p>\n<p>[\/vc_column_text][\/vc_column][vc_column width=\u00a0\u00bb1\/3\u2033][vc_single_image image=\u00a0\u00bb13397\u2033 img_size=\u00a0\u00bb1000\u00d71000\u2033 css=\u00a0\u00bb\u00a0\u00bb][vc_column_text css=\u00a0\u00bb\u00a0\u00bb]<\/p>\n<h4>EXP\u00c9RIENCE SIGNATURE<\/h4>\n<p>[\/vc_column_text][vc_column_text css=\u00a0\u00bb\u00a0\u00bb]<\/p>\n<p style=\"text-align: justify;\">L\u2019exp\u00e9rience signature est l\u2019art de m\u00ealer pr\u00e9cision et \u00e9motion. De la conception \u00e0 la r\u00e9alisation, nous cr\u00e9ons des exp\u00e9riences sur-mesure et haut de gamme qui refl\u00e8tent l\u2019essence de votre marque. Chaque d\u00e9tail est soigneusement con\u00e7u pour garantir un parcours inoubliable et immersif.<\/p>\n<p>[\/vc_column_text][vc_column_text css=\u00a0\u00bb\u00a0\u00bb]<\/p>\n<p style=\"text-align: center;\"><strong><em>D\u00e9veloppement sur-mesure de votre exp\u00e9rience signature.<\/em><\/strong><\/p>\n<p>[\/vc_column_text][\/vc_column][\/vc_row][vc_row][vc_column][vc_empty_space][\/vc_column][\/vc_row][vc_row][vc_column][vc_column_text css=\u00a0\u00bb\u00a0\u00bb]<\/p>\n<h3 style=\"text-align: center;\"><strong> III. CONCIERGERIE CADEAU <\/strong><\/h3>\n<p>[\/vc_column_text][vc_separator css=\u00a0\u00bb\u00a0\u00bb][\/vc_column][\/vc_row][vc_row][vc_column width=\u00a0\u00bb1\/3\u2033][vc_single_image image=\u00a0\u00bb13398\u2033 img_size=\u00a0\u00bb1000\u00d71000\u2033 css=\u00a0\u00bb\u00a0\u00bb][vc_column_text css=\u00a0\u00bb\u00a0\u00bb]<\/p>\n<h4>EMBALLAGE CADEAU<\/h4>\n<p>[\/vc_column_text][vc_column_text css=\u00a0\u00bb\u00a0\u00bb]<\/p>\n<p style=\"text-align: justify;\">EMBALLAGE CADEAU<br>\nTransformer un objet en attention pr\u00e9cieuse. Gr\u00e2ce \u00e0 notre savoir-faire en emballage cadeau, chaque d\u00e9tail sublime l\u2019attente et l\u2019\u00e9motion. Inspir\u00e9s de techniques ancestrales venues du monde entier, nous cr\u00e9ons des exp\u00e9riences de gifting m\u00e9morables.<\/p>\n<p>[\/vc_column_text][vc_column_text css=\u00a0\u00bb\u00a0\u00bb]<\/p>\n<p style=\"text-align: center;\"><em><strong>Emballage cadeau sur demande <a href=\"https:\/\/www.impressionoriginale.com\/fr\/savoir-faire\/service-demballage-cadeau\/\">(atelier Le Bon March\u00e9)<\/a><\/strong><\/em><\/p>\n<p style=\"text-align: center;\"><em><strong><br data-start=\"3104\" data-end=\"3107\">Emballage sur-mesure sur rendez-vous. <\/strong><\/em><\/p>\n<p>[\/vc_column_text][\/vc_column][vc_column width=\u00a0\u00bb1\/3\u2033][vc_single_image image=\u00a0\u00bb13399\u2033 img_size=\u00a0\u00bb1000\u00d71000\u2033 css=\u00a0\u00bb\u00a0\u00bb][vc_column_text css=\u00a0\u00bb\u00a0\u00bb]<\/p>\n<h4>PERSONNALISATION<\/h4>\n<p>[\/vc_column_text][vc_column_text css=\u00a0\u00bb\u00a0\u00bb]<\/p>\n<p style=\"text-align: justify;\">La personnalisation est l\u2019expression ultime du soin port\u00e9. En s\u2019appuyant sur des savoir-faire d\u2019exception, nous \u00e9levons chaque cadeau en un souvenir \u00e9motionnel durable. Mati\u00e8res, techniques et finitions sont explor\u00e9es pour donner naissance \u00e0 des pi\u00e8ces v\u00e9ritablement uniques.<\/p>\n<p>[\/vc_column_text][vc_column_text css=\u00a0\u00bb\u00a0\u00bb]<\/p>\n<p style=\"text-align: center;\"><strong><em>Calligraphie, marquage \u00e0 chaud or, sculpture papier, gravure, broderie haute couture, travail de la plume, rubans ou cordons sur mesure, illustration et dessin.<\/em><\/strong><\/p>\n<p>[\/vc_column_text][\/vc_column][vc_column width=\u00a0\u00bb1\/3\u2033][vc_single_image image=\u00a0\u00bb13400\u2033 img_size=\u00a0\u00bb1000\u00d71000\u2033 css=\u00a0\u00bb\u00a0\u00bb][vc_column_text css=\u00a0\u00bb\u00a0\u00bb]<\/p>\n<h4>CONCIERGERIE<\/h4>\n<p>[\/vc_column_text][vc_column_text css=\u00a0\u00bb\u00a0\u00bb]Un service de gifting global et fluide. De la s\u00e9lection du cadeau \u00e0 son emballage d\u2019exception, jusqu\u2019\u00e0 sa livraison finale, nous orchestrons chaque d\u00e9tail avec pr\u00e9cision et discr\u00e9tion. Une ex\u00e9cution irr\u00e9prochable, port\u00e9e par une exigence absolue de qualit\u00e9 de service.[\/vc_column_text][vc_column_text css=\u00a0\u00bb\u00a0\u00bb]<\/p>\n<p style=\"text-align: center;\"><strong><em>Service disponible uniquement \u00e0 Paris. Livraison possible en France et \u00e0 l\u2019\u00e9tranger. Devis sur demande. <\/em><\/strong><\/p>\n<p>[\/vc_column_text][\/vc_column][\/vc_row][vc_row][vc_column][vc_empty_space][\/vc_column][\/vc_row][vc_row][vc_column][vc_column_text css=\u00a0\u00bb\u00a0\u00bb]<\/p>\n<h3 style=\"text-align: center;\"><span style=\"text-decoration: underline;\"><strong><a href=\"https:\/\/www.impressionoriginale.com\/fr\/soumettre-une-requete\/\">SOUMETTRE UNE REQU\u00caTE<\/a><\/strong><\/span><\/h3>\n<p>[\/vc_column_text][\/vc_column][\/vc_row]<\/p>\n\n\n<\/div>","protected":false},"excerpt":{"rendered":"<p>[vc_row][vc_column][vc_column_text css=\u00a0\u00bb\u00a0\u00bb] I. CONSEIL &amp; FORMATION [\/vc_column_text][vc_separator css=\u00a0\u00bb\u00a0\u00bb][\/vc_column][\/vc_row][vc_row][vc_column width=\u00a0\u00bb1\/3\u2033][vc_single_image image=\u00a0\u00bb13392\u2033 img_size=\u00a0\u00bb1000\u00d71000\u2033 alignment=\u00a0\u00bbcenter\u00a0\u00bb css=\u00a0\u00bb\u00a0\u00bb][vc_column_text css=\u00a0\u00bb\u00a0\u00bb] C\u00c9R\u00c9MONIE CADEAU [\/vc_column_text][vc_column_text css=\u00a0\u00bb\u00a0\u00bb] L\u2019emballage devient un rituel d\u2019exception. \u00c0 travers une recherche approfondie de vos archives et de vos dessins techniques, nous traduisons avec justesse l\u2019h\u00e9ritage et les valeurs de votre maison. \u00c0 vos c\u00f4t\u00e9s, nous exprimons votre identit\u00e9 dans [&hellip;]<\/p>\n","protected":false},"author":492,"featured_media":0,"parent":0,"menu_order":0,"comment_status":"closed","ping_status":"closed","template":"","meta":{"footnotes":""},"class_list":["post-13299","page","type-page","status-publish","hentry"],"yoast_head":"<!-- This site is optimized with the Yoast SEO plugin v27.5 - https:\/\/yoast.com\/product\/yoast-seo-wordpress\/ -->\n<title>SERVICES SUR-MESURE - Impression Originale<\/title>\n<meta name=\"robots\" content=\"index, follow, max-snippet:-1, max-image-preview:large, max-video-preview:-1\" \/>\n<link rel=\"canonical\" href=\"https:\/\/www.impressionoriginale.com\/fr\/services-sur-mesure\/\" \/>\n<meta property=\"og:locale\" content=\"fr_FR\" \/>\n<meta property=\"og:type\" content=\"article\" \/>\n<meta property=\"og:title\" content=\"SERVICES SUR-MESURE - Impression Originale\" \/>\n<meta property=\"og:description\" content=\"[vc_row][vc_column][vc_column_text css=\u00a0\u00bb\u00a0\u00bb] I. CONSEIL &amp; FORMATION [\/vc_column_text][vc_separator css=\u00a0\u00bb\u00a0\u00bb][\/vc_column][\/vc_row][vc_row][vc_column width=\u00a0\u00bb1\/3\u2033][vc_single_image image=\u00a0\u00bb13392\u2033 img_size=\u00a0\u00bb1000\u00d71000\u2033 alignment=\u00a0\u00bbcenter\u00a0\u00bb css=\u00a0\u00bb\u00a0\u00bb][vc_column_text css=\u00a0\u00bb\u00a0\u00bb] C\u00c9R\u00c9MONIE CADEAU [\/vc_column_text][vc_column_text css=\u00a0\u00bb\u00a0\u00bb] L\u2019emballage devient un rituel d\u2019exception. \u00c0 travers une recherche approfondie de vos archives et de vos dessins techniques, nous traduisons avec justesse l\u2019h\u00e9ritage et les valeurs de votre maison. \u00c0 vos c\u00f4t\u00e9s, nous exprimons votre identit\u00e9 dans [&hellip;]\" \/>\n<meta property=\"og:url\" content=\"https:\/\/www.impressionoriginale.com\/fr\/services-sur-mesure\/\" \/>\n<meta property=\"og:site_name\" content=\"Impression Originale\" \/>\n<meta property=\"article:modified_time\" content=\"2026-02-16T18:02:39+00:00\" \/>\n<meta name=\"twitter:card\" content=\"summary_large_image\" \/>\n<meta name=\"twitter:label1\" content=\"Dur\u00e9e de lecture estim\u00e9e\" \/>\n\t<meta name=\"twitter:data1\" content=\"5 minutes\" \/>\n<script type=\"application\/ld+json\" class=\"yoast-schema-graph\">{\"@context\":\"https:\\\/\\\/schema.org\",\"@graph\":[{\"@type\":\"WebPage\",\"@id\":\"https:\\\/\\\/www.impressionoriginale.com\\\/fr\\\/services-sur-mesure\\\/\",\"url\":\"https:\\\/\\\/www.impressionoriginale.com\\\/fr\\\/services-sur-mesure\\\/\",\"name\":\"SERVICES SUR-MESURE - Impression Originale\",\"isPartOf\":{\"@id\":\"https:\\\/\\\/www.impressionoriginale.com\\\/fr\\\/#website\"},\"datePublished\":\"2026-01-26T15:51:38+00:00\",\"dateModified\":\"2026-02-16T18:02:39+00:00\",\"breadcrumb\":{\"@id\":\"https:\\\/\\\/www.impressionoriginale.com\\\/fr\\\/services-sur-mesure\\\/#breadcrumb\"},\"inLanguage\":\"fr-FR\",\"potentialAction\":[{\"@type\":\"ReadAction\",\"target\":[\"https:\\\/\\\/www.impressionoriginale.com\\\/fr\\\/services-sur-mesure\\\/\"]}]},{\"@type\":\"BreadcrumbList\",\"@id\":\"https:\\\/\\\/www.impressionoriginale.com\\\/fr\\\/services-sur-mesure\\\/#breadcrumb\",\"itemListElement\":[{\"@type\":\"ListItem\",\"position\":1,\"name\":\"Home\",\"item\":\"https:\\\/\\\/www.impressionoriginale.com\\\/fr\\\/\"},{\"@type\":\"ListItem\",\"position\":2,\"name\":\"SERVICES SUR-MESURE\"}]},{\"@type\":\"WebSite\",\"@id\":\"https:\\\/\\\/www.impressionoriginale.com\\\/fr\\\/#website\",\"url\":\"https:\\\/\\\/www.impressionoriginale.com\\\/fr\\\/\",\"name\":\"Impression Originale\",\"description\":\"The art of gifting has a new name. The online store for all your wrapping cravings.\",\"publisher\":{\"@id\":\"https:\\\/\\\/www.impressionoriginale.com\\\/fr\\\/#organization\"},\"potentialAction\":[{\"@type\":\"SearchAction\",\"target\":{\"@type\":\"EntryPoint\",\"urlTemplate\":\"https:\\\/\\\/www.impressionoriginale.com\\\/fr\\\/?s={search_term_string}\"},\"query-input\":{\"@type\":\"PropertyValueSpecification\",\"valueRequired\":true,\"valueName\":\"search_term_string\"}}],\"inLanguage\":\"fr-FR\"},{\"@type\":\"Organization\",\"@id\":\"https:\\\/\\\/www.impressionoriginale.com\\\/fr\\\/#organization\",\"name\":\"Impression Originale\",\"url\":\"https:\\\/\\\/www.impressionoriginale.com\\\/fr\\\/\",\"logo\":{\"@type\":\"ImageObject\",\"inLanguage\":\"fr-FR\",\"@id\":\"https:\\\/\\\/www.impressionoriginale.com\\\/fr\\\/#\\\/schema\\\/logo\\\/image\\\/\",\"url\":\"https:\\\/\\\/www.impressionoriginale.com\\\/wp-content\\\/uploads\\\/2021\\\/08\\\/LOGO-2020-BLACK.png\",\"contentUrl\":\"https:\\\/\\\/www.impressionoriginale.com\\\/wp-content\\\/uploads\\\/2021\\\/08\\\/LOGO-2020-BLACK.png\",\"width\":567,\"height\":567,\"caption\":\"Impression Originale\"},\"image\":{\"@id\":\"https:\\\/\\\/www.impressionoriginale.com\\\/fr\\\/#\\\/schema\\\/logo\\\/image\\\/\"}}]}<\/script>\n<!-- \/ Yoast SEO plugin. -->","yoast_head_json":{"title":"SERVICES SUR-MESURE - Impression Originale","robots":{"index":"index","follow":"follow","max-snippet":"max-snippet:-1","max-image-preview":"max-image-preview:large","max-video-preview":"max-video-preview:-1"},"canonical":"https:\/\/www.impressionoriginale.com\/fr\/services-sur-mesure\/","og_locale":"fr_FR","og_type":"article","og_title":"SERVICES SUR-MESURE - Impression Originale","og_description":"[vc_row][vc_column][vc_column_text css=\u00a0\u00bb\u00a0\u00bb] I. CONSEIL &amp; FORMATION [\/vc_column_text][vc_separator css=\u00a0\u00bb\u00a0\u00bb][\/vc_column][\/vc_row][vc_row][vc_column width=\u00a0\u00bb1\/3\u2033][vc_single_image image=\u00a0\u00bb13392\u2033 img_size=\u00a0\u00bb1000\u00d71000\u2033 alignment=\u00a0\u00bbcenter\u00a0\u00bb css=\u00a0\u00bb\u00a0\u00bb][vc_column_text css=\u00a0\u00bb\u00a0\u00bb] C\u00c9R\u00c9MONIE CADEAU [\/vc_column_text][vc_column_text css=\u00a0\u00bb\u00a0\u00bb] L\u2019emballage devient un rituel d\u2019exception. \u00c0 travers une recherche approfondie de vos archives et de vos dessins techniques, nous traduisons avec justesse l\u2019h\u00e9ritage et les valeurs de votre maison. \u00c0 vos c\u00f4t\u00e9s, nous exprimons votre identit\u00e9 dans [&hellip;]","og_url":"https:\/\/www.impressionoriginale.com\/fr\/services-sur-mesure\/","og_site_name":"Impression Originale","article_modified_time":"2026-02-16T18:02:39+00:00","twitter_card":"summary_large_image","twitter_misc":{"Dur\u00e9e de lecture estim\u00e9e":"5 minutes"},"schema":{"@context":"https:\/\/schema.org","@graph":[{"@type":"WebPage","@id":"https:\/\/www.impressionoriginale.com\/fr\/services-sur-mesure\/","url":"https:\/\/www.impressionoriginale.com\/fr\/services-sur-mesure\/","name":"SERVICES SUR-MESURE - Impression Originale","isPartOf":{"@id":"https:\/\/www.impressionoriginale.com\/fr\/#website"},"datePublished":"2026-01-26T15:51:38+00:00","dateModified":"2026-02-16T18:02:39+00:00","breadcrumb":{"@id":"https:\/\/www.impressionoriginale.com\/fr\/services-sur-mesure\/#breadcrumb"},"inLanguage":"fr-FR","potentialAction":[{"@type":"ReadAction","target":["https:\/\/www.impressionoriginale.com\/fr\/services-sur-mesure\/"]}]},{"@type":"BreadcrumbList","@id":"https:\/\/www.impressionoriginale.com\/fr\/services-sur-mesure\/#breadcrumb","itemListElement":[{"@type":"ListItem","position":1,"name":"Home","item":"https:\/\/www.impressionoriginale.com\/fr\/"},{"@type":"ListItem","position":2,"name":"SERVICES SUR-MESURE"}]},{"@type":"WebSite","@id":"https:\/\/www.impressionoriginale.com\/fr\/#website","url":"https:\/\/www.impressionoriginale.com\/fr\/","name":"Impression Originale","description":"The art of gifting has a new name. The online store for all your wrapping cravings.","publisher":{"@id":"https:\/\/www.impressionoriginale.com\/fr\/#organization"},"potentialAction":[{"@type":"SearchAction","target":{"@type":"EntryPoint","urlTemplate":"https:\/\/www.impressionoriginale.com\/fr\/?s={search_term_string}"},"query-input":{"@type":"PropertyValueSpecification","valueRequired":true,"valueName":"search_term_string"}}],"inLanguage":"fr-FR"},{"@type":"Organization","@id":"https:\/\/www.impressionoriginale.com\/fr\/#organization","name":"Impression Originale","url":"https:\/\/www.impressionoriginale.com\/fr\/","logo":{"@type":"ImageObject","inLanguage":"fr-FR","@id":"https:\/\/www.impressionoriginale.com\/fr\/#\/schema\/logo\/image\/","url":"https:\/\/www.impressionoriginale.com\/wp-content\/uploads\/2021\/08\/LOGO-2020-BLACK.png","contentUrl":"https:\/\/www.impressionoriginale.com\/wp-content\/uploads\/2021\/08\/LOGO-2020-BLACK.png","width":567,"height":567,"caption":"Impression Originale"},"image":{"@id":"https:\/\/www.impressionoriginale.com\/fr\/#\/schema\/logo\/image\/"}}]}},"_links":{"self":[{"href":"https:\/\/www.impressionoriginale.com\/fr\/wp-json\/wp\/v2\/pages\/13299","targetHints":{"allow":["GET"]}}],"collection":[{"href":"https:\/\/www.impressionoriginale.com\/fr\/wp-json\/wp\/v2\/pages"}],"about":[{"href":"https:\/\/www.impressionoriginale.com\/fr\/wp-json\/wp\/v2\/types\/page"}],"author":[{"embeddable":true,"href":"https:\/\/www.impressionoriginale.com\/fr\/wp-json\/wp\/v2\/users\/492"}],"replies":[{"embeddable":true,"href":"https:\/\/www.impressionoriginale.com\/fr\/wp-json\/wp\/v2\/comments?post=13299"}],"version-history":[{"count":0,"href":"https:\/\/www.impressionoriginale.com\/fr\/wp-json\/wp\/v2\/pages\/13299\/revisions"}],"wp:attachment":[{"href":"https:\/\/www.impressionoriginale.com\/fr\/wp-json\/wp\/v2\/media?parent=13299"}],"curies":[{"name":"wp","href":"https:\/\/api.w.org\/{rel}","templated":true}]}}