{"id":13356,"date":"2026-02-06T11:42:33","date_gmt":"2026-02-06T11:42:33","guid":{"rendered":"https:\/\/www.impressionoriginale.com\/?page_id=13356"},"modified":"2026-03-17T08:12:20","modified_gmt":"2026-03-17T08:12:20","slug":"nos-references-2","status":"publish","type":"page","link":"https:\/\/www.impressionoriginale.com\/fr\/nos-references-2\/","title":{"rendered":"NOS R\u00c9F\u00c9RENCES"},"content":{"rendered":"<div class=\"wpb-content-wrapper\"><p>[vc_row][vc_column][vc_column_text css=\u00a0\u00bb\u00a0\u00bb]<\/p>\n<h2 style=\"text-align: center;\">NOS R\u00c9F\u00c9RENCES<\/h2>\n<p>[\/vc_column_text][vc_column_text css=\u00a0\u00bb\u00a0\u00bb]<\/p>\n<h4 style=\"text-align: center;\">Un langage commun de confiance, de geste et d\u2019excellence.<\/h4>\n<p style=\"text-align: center;\"><em><a href=\"https:\/\/www.impressionoriginale.com\/fr\/services-sur-mesure\/\">\u00c0 travers le conseil &amp; la formation, l\u2019\u00e9v\u00e9nementiel et la conciergerie cadeaux.<\/a><\/em><\/p>\n<p>[\/vc_column_text][vc_column_text css=\u00a0\u00bb\u00a0\u00bb]Au fil des ann\u00e9es, collaborer avec de grandes maisons a \u00e9lev\u00e9 notre exigence et stimul\u00e9 notre cr\u00e9ativit\u00e9 ; des partenariats fond\u00e9s sur des standards partag\u00e9s, qui nous poussent \u00e0 donner le meilleur de nous-m\u00eames et \u00e0 repousser sans cesse les limites du possible.[\/vc_column_text][vc_column_text css=\u00a0\u00bb\u00a0\u00bb]<\/p>\n<p data-start=\"91\" data-end=\"186\">Certaines collaborations se d\u00e9voilent au public, d\u2019autres se vivent dans la plus stricte confidentialit\u00e9. Nous avons eu l\u2019honneur de mettre notre savoir-faire au service de maisons telles que <strong>Van Cleef &amp; Arples, Louis Vuitton, Tiffany &amp; Co., Ferragamo, Balenciaga, Miu Miu, Maje, S\u00e9zane, Anine Bing, Tata Harper, Charles Oudin, TAG Heuer, Faber-Castell, Mus\u00e9e Rodin, Le Ritz Paris, Le Bristol Paris, Barri\u00e8re les Neiges, Mo\u00ebt Hennessy, H\u00f4tel de Crillon, Bong\u00e9nie, and Fortnum &amp; Mason, as well as Apple TV, Paramount+, Voodoo, et de clients priv\u00e9s d\u2019exception, de la royaut\u00e9 et des chefs d\u2019\u00c9tat \u00e0 des familles prestigieuses<\/strong>, sur des projets con\u00e7us pour des contextes des plus exclusifs.<\/p>\n<p>[\/vc_column_text][vc_empty_space][\/vc_column][\/vc_row][vc_row][vc_column width=\u00a0\u00bb1\/4\u2033][vc_single_image image=\u00a0\u00bb13539\u2033 img_size=\u00a0\u00bb1800\u00d72000\u2033 css=\u00a0\u00bb\u00a0\u00bb][\/vc_column][vc_column width=\u00a0\u00bb1\/4\u2033][vc_empty_space height=\u00a0\u00bb25px\u00a0\u00bb][vc_empty_space height=\u00a0\u00bb25px\u00a0\u00bb][vc_empty_space height=\u00a0\u00bb25px\u00a0\u00bb][vc_column_text css=\u00a0\u00bb\u00a0\u00bb]<\/p>\n<h5 style=\"text-align: center;\">VAN CLEEF &amp; ARPLES<\/h5>\n<p>[\/vc_column_text][vc_column_text css=\u00a0\u00bb\u00a0\u00bb]<\/p>\n<p style=\"text-align: justify;\">Accompagnement compl\u00e8te dans la refonte de la c\u00e9r\u00e9monie d\u2019emballage cadeau, de la r\u00e9flexion strat\u00e9gique \u00e0 la transmission du geste. Une approche sur-mesure visant \u00e0 sublimer l\u2019exp\u00e9rience signature de la Maison.<\/p>\n<p>[\/vc_column_text][\/vc_column][vc_column width=\u00a0\u00bb1\/4\u2033][vc_single_image image=\u00a0\u00bb13540\u2033 img_size=\u00a0\u00bb1800 x 2000\u2033 css=\u00a0\u00bb\u00a0\u00bb][\/vc_column][vc_column width=\u00a0\u00bb1\/4\u2033][vc_empty_space height=\u00a0\u00bb25px\u00a0\u00bb][vc_empty_space height=\u00a0\u00bb25px\u00a0\u00bb][vc_empty_space height=\u00a0\u00bb25px\u00a0\u00bb][vc_column_text css=\u00a0\u00bb\u00a0\u00bb]<\/p>\n<h5 style=\"text-align: center;\">LOUIS VUITTON<\/h5>\n<p>[\/vc_column_text][vc_column_text css=\u00a0\u00bb\u00a0\u00bb]<\/p>\n<p style=\"text-align: justify;\">Cr\u00e9ation sur-mesure de n\u0153uds exclusifs pour orner les bo\u00eetes de la Maison lors d\u2019\u00e9v\u00e9nements priv\u00e9s sur invitation. Conception, production et d\u00e9monstrations live incarnant l\u2019excellence du geste.<\/p>\n<p>[\/vc_column_text][\/vc_column][\/vc_row][vc_row][vc_column width=\u00a0\u00bb1\/4\u2033][vc_empty_space height=\u00a0\u00bb25px\u00a0\u00bb][vc_empty_space height=\u00a0\u00bb25px\u00a0\u00bb][vc_empty_space height=\u00a0\u00bb25px\u00a0\u00bb][vc_column_text css=\u00a0\u00bb\u00a0\u00bb]<\/p>\n<h5 style=\"text-align: center;\">TTIFFANY &amp; CO.<\/h5>\n<p>[\/vc_column_text][vc_column_text css=\u00a0\u00bb\u00a0\u00bb]<\/p>\n<p style=\"text-align: justify;\">Conception et animation d\u2019exp\u00e9riences lors de nombreux moments forts et \u00e9v\u00e9nements exclusifs.<\/p>\n<p>[\/vc_column_text][\/vc_column][vc_column width=\u00a0\u00bb1\/4\u2033][vc_single_image image=\u00a0\u00bb13541\u2033 img_size=\u00a0\u00bb1800\u00d72000\u2033 css=\u00a0\u00bb\u00a0\u00bb][\/vc_column][vc_column width=\u00a0\u00bb1\/4\u2033][vc_empty_space height=\u00a0\u00bb25px\u00a0\u00bb][vc_empty_space height=\u00a0\u00bb25px\u00a0\u00bb][vc_empty_space height=\u00a0\u00bb25px\u00a0\u00bb][vc_column_text css=\u00a0\u00bb\u00a0\u00bb]<\/p>\n<h5 style=\"text-align: center;\">FERRAGAMO<\/h5>\n<p>[\/vc_column_text][vc_column_text css=\u00a0\u00bb\u00a0\u00bb]<\/p>\n<p style=\"text-align: justify;\" data-start=\"367\" data-end=\"518\">Activation en boutique mettant en lumi\u00e8re un savoir-faire artisanal hautement qualifi\u00e9. Notre pr\u00e9sence experte, affirmant la ma\u00eetrise du geste et l\u2019excellence d\u2019ex\u00e9cution.<\/p>\n<p>[\/vc_column_text][\/vc_column][vc_column width=\u00a0\u00bb1\/4\u2033][vc_single_image image=\u00a0\u00bb13542\u2033 img_size=\u00a0\u00bb1800\u00d72000\u2033 css=\u00a0\u00bb\u00a0\u00bb][\/vc_column][\/vc_row][vc_row][vc_column width=\u00a0\u00bb1\/4\u2033][vc_single_image image=\u00a0\u00bb13543\u2033 img_size=\u00a0\u00bb1800\u00d72000\u2033 css=\u00a0\u00bb\u00a0\u00bb][\/vc_column][vc_column width=\u00a0\u00bb1\/4\u2033][vc_empty_space height=\u00a0\u00bb25px\u00a0\u00bb][vc_empty_space height=\u00a0\u00bb25px\u00a0\u00bb][vc_empty_space height=\u00a0\u00bb25px\u00a0\u00bb][vc_column_text css=\u00a0\u00bb\u00a0\u00bb]<\/p>\n<h5 style=\"text-align: center;\">PRADA<\/h5>\n<p>[\/vc_column_text][vc_column_text css=\u00a0\u00bb\u00a0\u00bb]<\/p>\n<p style=\"text-align: justify;\">D\u00e9ploiement de techniques d\u2019emballage d\u2019une extr\u00eame pr\u00e9cision, incluant un pliage complexe et exigeant ma\u00eetris\u00e9 exclusivement par Impression Originale. Une d\u00e9monstration de technicit\u00e9 rare au service de l\u2019excellence.<\/p>\n<p>[\/vc_column_text][\/vc_column][vc_column width=\u00a0\u00bb1\/4\u2033][vc_single_image image=\u00a0\u00bb13544\u2033 img_size=\u00a0\u00bb1800 x 2000\u2033 css=\u00a0\u00bb\u00a0\u00bb][\/vc_column][vc_column width=\u00a0\u00bb1\/4\u2033][vc_empty_space height=\u00a0\u00bb25px\u00a0\u00bb][vc_empty_space height=\u00a0\u00bb25px\u00a0\u00bb][vc_empty_space height=\u00a0\u00bb25px\u00a0\u00bb][vc_column_text css=\u00a0\u00bb\u00a0\u00bb]<\/p>\n<h5 style=\"text-align: center;\">SHISHEIDO<\/h5>\n<p>[\/vc_column_text][vc_column_text css=\u00a0\u00bb\u00a0\u00bb]<\/p>\n<p style=\"text-align: justify;\">Conception et r\u00e9alisation d\u2019exp\u00e9riences d\u2019emballage sur-mesure d\u00e9di\u00e9es aux collaborateurs et aux cadeaux d\u2019entreprise, int\u00e9grant des attentions pr\u00e9cieuses telles que le cachet de cire.<\/p>\n<p>[\/vc_column_text][\/vc_column][\/vc_row][vc_row][vc_column width=\u00a0\u00bb1\/4\u2033][vc_empty_space height=\u00a0\u00bb25px\u00a0\u00bb][vc_empty_space height=\u00a0\u00bb25px\u00a0\u00bb][vc_empty_space height=\u00a0\u00bb25px\u00a0\u00bb][vc_column_text css=\u00a0\u00bb\u00a0\u00bb]<\/p>\n<h5 style=\"text-align: center;\">ANINE BING<\/h5>\n<p>[\/vc_column_text][vc_column_text css=\u00a0\u00bb\u00a0\u00bb]<\/p>\n<p style=\"text-align: justify;\">Activation en boutique d\u00e9di\u00e9e aux clients VIP s\u00e9lectionn\u00e9s, offrant une exp\u00e9rience d\u2019emballage personnalis\u00e9e et exclusive.<\/p>\n<p>[\/vc_column_text][\/vc_column][vc_column width=\u00a0\u00bb1\/4\u2033][vc_single_image image=\u00a0\u00bb13545\u2033 img_size=\u00a0\u00bb1800\u00d72000\u2033 css=\u00a0\u00bb\u00a0\u00bb][\/vc_column][vc_column width=\u00a0\u00bb1\/4\u2033][vc_empty_space height=\u00a0\u00bb25px\u00a0\u00bb][vc_empty_space height=\u00a0\u00bb25px\u00a0\u00bb][vc_empty_space height=\u00a0\u00bb25px\u00a0\u00bb][vc_column_text css=\u00a0\u00bb\u00a0\u00bb]<\/p>\n<h5 style=\"text-align: center;\">TATA HARPER<\/h5>\n<p>[\/vc_column_text][vc_column_text css=\u00a0\u00bb\u00a0\u00bb]<\/p>\n<p style=\"text-align: justify;\">Cr\u00e9ation d\u2019un d\u00e9cor monumental en boutique, pens\u00e9 comme une sc\u00e9nographie immersive, prolong\u00e9e par un service d\u2019emballage int\u00e9gr\u00e9 \u00e0 l\u2019exp\u00e9rience client.<\/p>\n<p>[\/vc_column_text][\/vc_column][vc_column width=\u00a0\u00bb1\/4\u2033][vc_single_image image=\u00a0\u00bb13546\u2033 img_size=\u00a0\u00bb1800\u00d72000\u2033 css=\u00a0\u00bb\u00a0\u00bb][\/vc_column][\/vc_row][vc_row][vc_column width=\u00a0\u00bb1\/4\u2033][vc_single_image image=\u00a0\u00bb13547\u2033 img_size=\u00a0\u00bb1800\u00d72000\u2033 css=\u00a0\u00bb\u00a0\u00bb][\/vc_column][vc_column width=\u00a0\u00bb1\/4\u2033][vc_empty_space height=\u00a0\u00bb25px\u00a0\u00bb][vc_empty_space height=\u00a0\u00bb25px\u00a0\u00bb][vc_empty_space height=\u00a0\u00bb25px\u00a0\u00bb][vc_column_text css=\u00a0\u00bb\u00a0\u00bb]<\/p>\n<h5 style=\"text-align: center;\">CHARLES OUDIN<\/h5>\n<p>[\/vc_column_text][vc_column_text css=\u00a0\u00bb\u00a0\u00bb]<\/p>\n<p style=\"text-align: justify;\">R\u00e9flexion et d\u00e9veloppement d\u2019une nouvelle ligne de packaging et de correspondance, en coh\u00e9rence avec l\u2019h\u00e9ritage et les codes patrimoniaux de la Maison.<\/p>\n<p>[\/vc_column_text][\/vc_column][vc_column width=\u00a0\u00bb1\/4\u2033][vc_single_image image=\u00a0\u00bb13548\u2033 img_size=\u00a0\u00bb1800\u00d72000\u2033 css=\u00a0\u00bb\u00a0\u00bb][\/vc_column][vc_column width=\u00a0\u00bb1\/4\u2033][vc_empty_space height=\u00a0\u00bb25px\u00a0\u00bb][vc_empty_space height=\u00a0\u00bb25px\u00a0\u00bb][vc_empty_space height=\u00a0\u00bb25px\u00a0\u00bb][vc_column_text css=\u00a0\u00bb\u00a0\u00bb]<\/p>\n<h5 style=\"text-align: center;\">TAG HEUER<\/h5>\n<p>[\/vc_column_text][vc_column_text css=\u00a0\u00bb\u00a0\u00bb]<\/p>\n<p style=\"text-align: justify;\">Partenariat de longue date autour de la personnalisation d\u2019\u00e9crins horlogers, enrichi d\u2019activations en boutique et d\u2019interventions lors d\u2019\u00e9v\u00e9nements d\u2019exception dans des lieux prestigieux et confidentiels.<\/p>\n<p>[\/vc_column_text][\/vc_column][\/vc_row][vc_row][vc_column width=\u00a0\u00bb1\/4\u2033][vc_empty_space height=\u00a0\u00bb25px\u00a0\u00bb][vc_empty_space height=\u00a0\u00bb25px\u00a0\u00bb][vc_empty_space height=\u00a0\u00bb25px\u00a0\u00bb][vc_column_text css=\u00a0\u00bb\u00a0\u00bb]<\/p>\n<h5 style=\"text-align: center;\">FABER-CASTELL<\/h5>\n<p>[\/vc_column_text][vc_column_text css=\u00a0\u00bb\u00a0\u00bb]<\/p>\n<p style=\"text-align: justify;\">Collaboration autour de la personnalisation par embossage et marquage \u00e0 chaud, associ\u00e9e \u00e0 un service d\u2019emballage personnalis\u00e9, fid\u00e8le \u00e0 l\u2019h\u00e9ritage de la Maison.<\/p>\n<p>[\/vc_column_text][\/vc_column][vc_column width=\u00a0\u00bb1\/4\u2033][vc_single_image image=\u00a0\u00bb13549\u2033 img_size=\u00a0\u00bb1800\u00d72000\u2033 css=\u00a0\u00bb\u00a0\u00bb][\/vc_column][vc_column width=\u00a0\u00bb1\/4\u2033][vc_empty_space height=\u00a0\u00bb25px\u00a0\u00bb][vc_empty_space height=\u00a0\u00bb25px\u00a0\u00bb][vc_empty_space height=\u00a0\u00bb25px\u00a0\u00bb][vc_column_text css=\u00a0\u00bb\u00a0\u00bb]<\/p>\n<h5 style=\"text-align: center;\">MUS\u00c9E RODIN<\/h5>\n<p>[\/vc_column_text][vc_column_text css=\u00a0\u00bb\u00a0\u00bb]<\/p>\n<p style=\"text-align: justify;\">D\u00e9veloppement d\u2019une pochette sur-mesure dessin\u00e9e par l\u2019un de nos artistes, actuellement commercialis\u00e9e au sein du Mus\u00e9e Rodin \u00e0 Paris, dans le cadre d\u2019un partenariat p\u00e9renne.<\/p>\n<p>[\/vc_column_text][\/vc_column][vc_column width=\u00a0\u00bb1\/4\u2033][vc_single_image image=\u00a0\u00bb13550\u2033 img_size=\u00a0\u00bb1800\u00d72000\u2033 css=\u00a0\u00bb\u00a0\u00bb][\/vc_column][\/vc_row][vc_row][vc_column width=\u00a0\u00bb1\/4\u2033][vc_single_image image=\u00a0\u00bb13551\u2033 img_size=\u00a0\u00bb1800\u00d72000\u2033 css=\u00a0\u00bb\u00a0\u00bb][\/vc_column][vc_column width=\u00a0\u00bb1\/4\u2033][vc_empty_space height=\u00a0\u00bb20px\u00a0\u00bb][vc_column_text css=\u00a0\u00bb\u00a0\u00bb]<\/p>\n<h5 style=\"text-align: center;\">LE RITZ PARIS<\/h5>\n<p>[\/vc_column_text][vc_column_text css=\u00a0\u00bb\u00a0\u00bb]<\/p>\n<p style=\"text-align: justify;\">Partenariat de longue date couvrant des formations haut niveau, la cr\u00e9ation de lignes de packaging de No\u00ebl illustr\u00e9es sur-mesure, des d\u00e9cors in situ, des animations sur place ainsi que des finitions d\u2019exception (cachet de cire, embossage \u00e0 chaud). Une collaboration embl\u00e9matique r\u00e9v\u00e9lant l\u2019\u00e9tendue et l\u2019exigence de nos savoir-faire.<\/p>\n<p>[\/vc_column_text][\/vc_column][vc_column width=\u00a0\u00bb1\/4\u2033][vc_single_image image=\u00a0\u00bb13552\u2033 img_size=\u00a0\u00bb1800\u00d72000\u2033 css=\u00a0\u00bb\u00a0\u00bb][\/vc_column][vc_column width=\u00a0\u00bb1\/4\u2033][vc_empty_space height=\u00a0\u00bb25px\u00a0\u00bb][vc_empty_space height=\u00a0\u00bb25px\u00a0\u00bb][vc_empty_space height=\u00a0\u00bb25px\u00a0\u00bb][vc_column_text css=\u00a0\u00bb\u00a0\u00bb]<\/p>\n<h5 style=\"text-align: center;\">LE BRISTOL PARIS<\/h5>\n<p>[\/vc_column_text][vc_column_text css=\u00a0\u00bb\u00a0\u00bb]<\/p>\n<p style=\"text-align: justify;\">D\u00e9finition et mise en place d\u2019une exp\u00e9rience signature autour de l\u2019art de recevoir pour un \u00e9v\u00e9nement d\u2019une rare exclusivit\u00e9, pens\u00e9 dans ses moindres d\u00e9tails et destin\u00e9 \u00e0 un cercle particuli\u00e8rement restreint.<\/p>\n<p>[\/vc_column_text][\/vc_column][\/vc_row][vc_row][vc_column width=\u00a0\u00bb1\/4\u2033][vc_empty_space height=\u00a0\u00bb25px\u00a0\u00bb][vc_empty_space height=\u00a0\u00bb25px\u00a0\u00bb][vc_empty_space height=\u00a0\u00bb25px\u00a0\u00bb][vc_column_text css=\u00a0\u00bb\u00a0\u00bb]<\/p>\n<h5 style=\"text-align: center;\">BARRI\u00c8RE LES NEIGES<\/h5>\n<p>[\/vc_column_text][vc_column_text css=\u00a0\u00bb\u00a0\u00bb]<\/p>\n<p style=\"text-align: justify;\">Design et d\u00e9ploiement d\u2019une identit\u00e9 compl\u00e8te, packaging, correspondance et conseil strat\u00e9gique, assurant une coh\u00e9rence absolue et une qualit\u00e9 ma\u00eetris\u00e9e jusqu\u2019\u00e0 l\u2019exp\u00e9rience finale du client.<\/p>\n<p>[\/vc_column_text][\/vc_column][vc_column width=\u00a0\u00bb1\/4\u2033][vc_single_image image=\u00a0\u00bb13553\u2033 img_size=\u00a0\u00bb1800\u00d72000\u2033 css=\u00a0\u00bb\u00a0\u00bb][\/vc_column][vc_column width=\u00a0\u00bb1\/4\u2033][vc_empty_space height=\u00a0\u00bb25px\u00a0\u00bb][vc_empty_space height=\u00a0\u00bb25px\u00a0\u00bb][vc_empty_space height=\u00a0\u00bb25px\u00a0\u00bb][vc_column_text css=\u00a0\u00bb\u00a0\u00bb]<\/p>\n<h5 style=\"text-align: center;\">MO\u00cbT HENNESSY<\/h5>\n<p>[\/vc_column_text][vc_column_text css=\u00a0\u00bb\u00a0\u00bb]<\/p>\n<p style=\"text-align: justify;\">Accompagnement des cadeaux institutionnels et \u00e0 destination des \u00e9quipes de la Maison, int\u00e9grant des finitions pr\u00e9cieuses et une ex\u00e9cution irr\u00e9prochable.<\/p>\n<p>[\/vc_column_text][\/vc_column][vc_column width=\u00a0\u00bb1\/4\u2033][vc_single_image image=\u00a0\u00bb13554\u2033 img_size=\u00a0\u00bb1800\u00d72000\u2033 css=\u00a0\u00bb\u00a0\u00bb][\/vc_column][\/vc_row][vc_row][vc_column][vc_empty_space][vc_empty_space][\/vc_column][vc_column][vc_column_text css=\u00a0\u00bb\u00a0\u00bb]<\/p>\n<h5 style=\"text-align: center;\">Chaque collaboration vous invite \u00e0 d\u00e9couvrir <a href=\"https:\/\/www.impressionoriginale.com\/fr\/services-sur-mesure\/\">nos services sur mesure<\/a>.<\/h5>\n<p>[\/vc_column_text][\/vc_column][\/vc_row]<\/p>\n\n\n<\/div>","protected":false},"excerpt":{"rendered":"<p>[vc_row][vc_column][vc_column_text css=\u00a0\u00bb\u00a0\u00bb] NOS R\u00c9F\u00c9RENCES [\/vc_column_text][vc_column_text css=\u00a0\u00bb\u00a0\u00bb] Un langage commun de confiance, de geste et d\u2019excellence. \u00c0 travers le conseil &amp; la formation, l\u2019\u00e9v\u00e9nementiel et la conciergerie cadeaux. [\/vc_column_text][vc_column_text css=\u00a0\u00bb\u00a0\u00bb]Au fil des ann\u00e9es, collaborer avec de grandes maisons a \u00e9lev\u00e9 notre exigence et stimul\u00e9 notre cr\u00e9ativit\u00e9 ; des partenariats fond\u00e9s sur des standards partag\u00e9s, qui nous [&hellip;]<\/p>\n","protected":false},"author":492,"featured_media":0,"parent":0,"menu_order":0,"comment_status":"closed","ping_status":"closed","template":"","meta":{"footnotes":""},"class_list":["post-13356","page","type-page","status-publish","hentry"],"yoast_head":"<!-- This site is optimized with the Yoast SEO plugin v27.3 - https:\/\/yoast.com\/product\/yoast-seo-wordpress\/ -->\n<title>NOS R\u00c9F\u00c9RENCES - Impression Originale<\/title>\n<meta name=\"robots\" content=\"index, follow, max-snippet:-1, max-image-preview:large, max-video-preview:-1\" \/>\n<link rel=\"canonical\" href=\"https:\/\/www.impressionoriginale.com\/fr\/nos-references-2\/\" \/>\n<meta property=\"og:locale\" content=\"fr_FR\" \/>\n<meta property=\"og:type\" content=\"article\" \/>\n<meta property=\"og:title\" content=\"NOS R\u00c9F\u00c9RENCES - Impression Originale\" \/>\n<meta property=\"og:description\" content=\"[vc_row][vc_column][vc_column_text css=\u00a0\u00bb\u00a0\u00bb] NOS R\u00c9F\u00c9RENCES [\/vc_column_text][vc_column_text css=\u00a0\u00bb\u00a0\u00bb] Un langage commun de confiance, de geste et d\u2019excellence. \u00c0 travers le conseil &amp; la formation, l\u2019\u00e9v\u00e9nementiel et la conciergerie cadeaux. [\/vc_column_text][vc_column_text css=\u00a0\u00bb\u00a0\u00bb]Au fil des ann\u00e9es, collaborer avec de grandes maisons a \u00e9lev\u00e9 notre exigence et stimul\u00e9 notre cr\u00e9ativit\u00e9 ; des partenariats fond\u00e9s sur des standards partag\u00e9s, qui nous [&hellip;]\" \/>\n<meta property=\"og:url\" content=\"https:\/\/www.impressionoriginale.com\/fr\/nos-references-2\/\" \/>\n<meta property=\"og:site_name\" content=\"Impression Originale\" \/>\n<meta property=\"article:modified_time\" content=\"2026-03-17T08:12:20+00:00\" \/>\n<meta name=\"twitter:card\" content=\"summary_large_image\" \/>\n<meta name=\"twitter:label1\" content=\"Dur\u00e9e de lecture estim\u00e9e\" \/>\n\t<meta name=\"twitter:data1\" content=\"8 minutes\" \/>\n<script type=\"application\/ld+json\" class=\"yoast-schema-graph\">{\"@context\":\"https:\\\/\\\/schema.org\",\"@graph\":[{\"@type\":\"WebPage\",\"@id\":\"https:\\\/\\\/www.impressionoriginale.com\\\/fr\\\/nos-references-2\\\/\",\"url\":\"https:\\\/\\\/www.impressionoriginale.com\\\/fr\\\/nos-references-2\\\/\",\"name\":\"NOS R\u00c9F\u00c9RENCES - Impression Originale\",\"isPartOf\":{\"@id\":\"https:\\\/\\\/www.impressionoriginale.com\\\/fr\\\/#website\"},\"datePublished\":\"2026-02-06T11:42:33+00:00\",\"dateModified\":\"2026-03-17T08:12:20+00:00\",\"breadcrumb\":{\"@id\":\"https:\\\/\\\/www.impressionoriginale.com\\\/fr\\\/nos-references-2\\\/#breadcrumb\"},\"inLanguage\":\"fr-FR\",\"potentialAction\":[{\"@type\":\"ReadAction\",\"target\":[\"https:\\\/\\\/www.impressionoriginale.com\\\/fr\\\/nos-references-2\\\/\"]}]},{\"@type\":\"BreadcrumbList\",\"@id\":\"https:\\\/\\\/www.impressionoriginale.com\\\/fr\\\/nos-references-2\\\/#breadcrumb\",\"itemListElement\":[{\"@type\":\"ListItem\",\"position\":1,\"name\":\"Home\",\"item\":\"https:\\\/\\\/www.impressionoriginale.com\\\/fr\\\/\"},{\"@type\":\"ListItem\",\"position\":2,\"name\":\"NOS R\u00c9F\u00c9RENCES\"}]},{\"@type\":\"WebSite\",\"@id\":\"https:\\\/\\\/www.impressionoriginale.com\\\/fr\\\/#website\",\"url\":\"https:\\\/\\\/www.impressionoriginale.com\\\/fr\\\/\",\"name\":\"Impression Originale\",\"description\":\"The art of gifting has a new name. The online store for all your wrapping cravings.\",\"publisher\":{\"@id\":\"https:\\\/\\\/www.impressionoriginale.com\\\/fr\\\/#organization\"},\"potentialAction\":[{\"@type\":\"SearchAction\",\"target\":{\"@type\":\"EntryPoint\",\"urlTemplate\":\"https:\\\/\\\/www.impressionoriginale.com\\\/fr\\\/?s={search_term_string}\"},\"query-input\":{\"@type\":\"PropertyValueSpecification\",\"valueRequired\":true,\"valueName\":\"search_term_string\"}}],\"inLanguage\":\"fr-FR\"},{\"@type\":\"Organization\",\"@id\":\"https:\\\/\\\/www.impressionoriginale.com\\\/fr\\\/#organization\",\"name\":\"Impression Originale\",\"url\":\"https:\\\/\\\/www.impressionoriginale.com\\\/fr\\\/\",\"logo\":{\"@type\":\"ImageObject\",\"inLanguage\":\"fr-FR\",\"@id\":\"https:\\\/\\\/www.impressionoriginale.com\\\/fr\\\/#\\\/schema\\\/logo\\\/image\\\/\",\"url\":\"https:\\\/\\\/www.impressionoriginale.com\\\/wp-content\\\/uploads\\\/2021\\\/08\\\/LOGO-2020-BLACK.png\",\"contentUrl\":\"https:\\\/\\\/www.impressionoriginale.com\\\/wp-content\\\/uploads\\\/2021\\\/08\\\/LOGO-2020-BLACK.png\",\"width\":567,\"height\":567,\"caption\":\"Impression Originale\"},\"image\":{\"@id\":\"https:\\\/\\\/www.impressionoriginale.com\\\/fr\\\/#\\\/schema\\\/logo\\\/image\\\/\"}}]}<\/script>\n<!-- \/ Yoast SEO plugin. -->","yoast_head_json":{"title":"NOS R\u00c9F\u00c9RENCES - Impression Originale","robots":{"index":"index","follow":"follow","max-snippet":"max-snippet:-1","max-image-preview":"max-image-preview:large","max-video-preview":"max-video-preview:-1"},"canonical":"https:\/\/www.impressionoriginale.com\/fr\/nos-references-2\/","og_locale":"fr_FR","og_type":"article","og_title":"NOS R\u00c9F\u00c9RENCES - Impression Originale","og_description":"[vc_row][vc_column][vc_column_text css=\u00a0\u00bb\u00a0\u00bb] NOS R\u00c9F\u00c9RENCES [\/vc_column_text][vc_column_text css=\u00a0\u00bb\u00a0\u00bb] Un langage commun de confiance, de geste et d\u2019excellence. \u00c0 travers le conseil &amp; la formation, l\u2019\u00e9v\u00e9nementiel et la conciergerie cadeaux. [\/vc_column_text][vc_column_text css=\u00a0\u00bb\u00a0\u00bb]Au fil des ann\u00e9es, collaborer avec de grandes maisons a \u00e9lev\u00e9 notre exigence et stimul\u00e9 notre cr\u00e9ativit\u00e9 ; des partenariats fond\u00e9s sur des standards partag\u00e9s, qui nous [&hellip;]","og_url":"https:\/\/www.impressionoriginale.com\/fr\/nos-references-2\/","og_site_name":"Impression Originale","article_modified_time":"2026-03-17T08:12:20+00:00","twitter_card":"summary_large_image","twitter_misc":{"Dur\u00e9e de lecture estim\u00e9e":"8 minutes"},"schema":{"@context":"https:\/\/schema.org","@graph":[{"@type":"WebPage","@id":"https:\/\/www.impressionoriginale.com\/fr\/nos-references-2\/","url":"https:\/\/www.impressionoriginale.com\/fr\/nos-references-2\/","name":"NOS R\u00c9F\u00c9RENCES - Impression Originale","isPartOf":{"@id":"https:\/\/www.impressionoriginale.com\/fr\/#website"},"datePublished":"2026-02-06T11:42:33+00:00","dateModified":"2026-03-17T08:12:20+00:00","breadcrumb":{"@id":"https:\/\/www.impressionoriginale.com\/fr\/nos-references-2\/#breadcrumb"},"inLanguage":"fr-FR","potentialAction":[{"@type":"ReadAction","target":["https:\/\/www.impressionoriginale.com\/fr\/nos-references-2\/"]}]},{"@type":"BreadcrumbList","@id":"https:\/\/www.impressionoriginale.com\/fr\/nos-references-2\/#breadcrumb","itemListElement":[{"@type":"ListItem","position":1,"name":"Home","item":"https:\/\/www.impressionoriginale.com\/fr\/"},{"@type":"ListItem","position":2,"name":"NOS R\u00c9F\u00c9RENCES"}]},{"@type":"WebSite","@id":"https:\/\/www.impressionoriginale.com\/fr\/#website","url":"https:\/\/www.impressionoriginale.com\/fr\/","name":"Impression Originale","description":"The art of gifting has a new name. The online store for all your wrapping cravings.","publisher":{"@id":"https:\/\/www.impressionoriginale.com\/fr\/#organization"},"potentialAction":[{"@type":"SearchAction","target":{"@type":"EntryPoint","urlTemplate":"https:\/\/www.impressionoriginale.com\/fr\/?s={search_term_string}"},"query-input":{"@type":"PropertyValueSpecification","valueRequired":true,"valueName":"search_term_string"}}],"inLanguage":"fr-FR"},{"@type":"Organization","@id":"https:\/\/www.impressionoriginale.com\/fr\/#organization","name":"Impression Originale","url":"https:\/\/www.impressionoriginale.com\/fr\/","logo":{"@type":"ImageObject","inLanguage":"fr-FR","@id":"https:\/\/www.impressionoriginale.com\/fr\/#\/schema\/logo\/image\/","url":"https:\/\/www.impressionoriginale.com\/wp-content\/uploads\/2021\/08\/LOGO-2020-BLACK.png","contentUrl":"https:\/\/www.impressionoriginale.com\/wp-content\/uploads\/2021\/08\/LOGO-2020-BLACK.png","width":567,"height":567,"caption":"Impression Originale"},"image":{"@id":"https:\/\/www.impressionoriginale.com\/fr\/#\/schema\/logo\/image\/"}}]}},"_links":{"self":[{"href":"https:\/\/www.impressionoriginale.com\/fr\/wp-json\/wp\/v2\/pages\/13356","targetHints":{"allow":["GET"]}}],"collection":[{"href":"https:\/\/www.impressionoriginale.com\/fr\/wp-json\/wp\/v2\/pages"}],"about":[{"href":"https:\/\/www.impressionoriginale.com\/fr\/wp-json\/wp\/v2\/types\/page"}],"author":[{"embeddable":true,"href":"https:\/\/www.impressionoriginale.com\/fr\/wp-json\/wp\/v2\/users\/492"}],"replies":[{"embeddable":true,"href":"https:\/\/www.impressionoriginale.com\/fr\/wp-json\/wp\/v2\/comments?post=13356"}],"version-history":[{"count":0,"href":"https:\/\/www.impressionoriginale.com\/fr\/wp-json\/wp\/v2\/pages\/13356\/revisions"}],"wp:attachment":[{"href":"https:\/\/www.impressionoriginale.com\/fr\/wp-json\/wp\/v2\/media?parent=13356"}],"curies":[{"name":"wp","href":"https:\/\/api.w.org\/{rel}","templated":true}]}}