{"id":3628,"date":"2016-12-13T12:32:20","date_gmt":"2016-12-13T12:32:20","guid":{"rendered":"http:\/\/impressionorig.wpengine.com\/fr\/diary\/"},"modified":"2022-03-14T18:20:28","modified_gmt":"2022-03-14T18:20:28","slug":"journal","status":"publish","type":"page","link":"https:\/\/www.impressionoriginale.com\/fr\/journal\/","title":{"rendered":"JOURNAL"},"content":{"rendered":"<div class=\"wpb-content-wrapper\"><p>[vc_row][vc_column][vc_column_text]<\/p>\n<h4>Des histoires en mots et en images<\/h4>\n<p style=\"text-align: right;\"><strong>U n e\u00a0 \u00a0p e n s \u00e9 e\u00a0 \u00a0p o u r\u00a0 \u00a0u n\u00a0 \u00a0m o t .\u00a0<\/strong><\/p>\n<p style=\"text-align: justify;\">Notre \u00e9quipe vous pr\u00e9pare des articles en allant \u00e0 la rencontre de nos talentueux artistes, vous d\u00e9voile les coulisses de nos photoshootings et vous montre l\u2019envers du d\u00e9cor de collaborations magiques avec des artisans r\u00e9v\u00e9lant leurs secrets avec des DIY simplissimes. Suivez le guide\u2026<\/p>\n<p>[\/vc_column_text][vc_basic_grid post_type=\u00a0\u00bbpost\u00a0\u00bb max_items=\u00a0\u00bb10\u2033 item=\u00a0\u00bb10337\u2033 grid_id=\u00a0\u00bbvc_gid:1647282017341-7fc3c237-1306-9\u2033][\/vc_column][\/vc_row]<\/p>\n\n\n<\/div>","protected":false},"excerpt":{"rendered":"<p>[vc_row][vc_column][vc_column_text] Des histoires en mots et en images U n e\u00a0 \u00a0p e n s \u00e9 e\u00a0 \u00a0p o u r\u00a0 \u00a0u n\u00a0 \u00a0m o t .\u00a0 Notre \u00e9quipe vous pr\u00e9pare des articles en allant \u00e0 la rencontre de nos talentueux artistes, vous d\u00e9voile les coulisses de nos photoshootings et vous montre l\u2019envers du d\u00e9cor [&hellip;]<\/p>\n","protected":false},"author":3,"featured_media":0,"parent":0,"menu_order":0,"comment_status":"closed","ping_status":"closed","template":"","meta":{"footnotes":""},"class_list":["post-3628","page","type-page","status-publish","hentry"],"yoast_head":"<!-- This site is optimized with the Yoast SEO plugin v27.3 - https:\/\/yoast.com\/product\/yoast-seo-wordpress\/ -->\n<title>JOURNAL - Impression Originale<\/title>\n<meta name=\"description\" content=\"Impression Originale propose dans son journal un contenu original : entretiens avec les artistes de nos collections ou les coulisses de nos collaborations.\" \/>\n<meta name=\"robots\" content=\"index, follow, max-snippet:-1, max-image-preview:large, max-video-preview:-1\" \/>\n<link rel=\"canonical\" href=\"https:\/\/www.impressionoriginale.com\/fr\/journal\/\" \/>\n<meta property=\"og:locale\" content=\"fr_FR\" \/>\n<meta property=\"og:type\" content=\"article\" \/>\n<meta property=\"og:title\" content=\"JOURNAL - Impression Originale\" \/>\n<meta property=\"og:description\" content=\"Impression Originale propose dans son journal un contenu original : entretiens avec les artistes de nos collections ou les coulisses de nos collaborations.\" \/>\n<meta property=\"og:url\" content=\"https:\/\/www.impressionoriginale.com\/fr\/journal\/\" \/>\n<meta property=\"og:site_name\" content=\"Impression Originale\" \/>\n<meta property=\"article:modified_time\" content=\"2022-03-14T18:20:28+00:00\" \/>\n<meta name=\"twitter:card\" content=\"summary_large_image\" \/>\n<meta name=\"twitter:label1\" content=\"Dur\u00e9e de lecture estim\u00e9e\" \/>\n\t<meta name=\"twitter:data1\" content=\"1 minute\" \/>\n<script type=\"application\/ld+json\" class=\"yoast-schema-graph\">{\"@context\":\"https:\\\/\\\/schema.org\",\"@graph\":[{\"@type\":\"WebPage\",\"@id\":\"https:\\\/\\\/www.impressionoriginale.com\\\/fr\\\/journal\\\/\",\"url\":\"https:\\\/\\\/www.impressionoriginale.com\\\/fr\\\/journal\\\/\",\"name\":\"JOURNAL - Impression Originale\",\"isPartOf\":{\"@id\":\"https:\\\/\\\/www.impressionoriginale.com\\\/fr\\\/#website\"},\"datePublished\":\"2016-12-13T12:32:20+00:00\",\"dateModified\":\"2022-03-14T18:20:28+00:00\",\"description\":\"Impression Originale propose dans son journal un contenu original : entretiens avec les artistes de nos collections ou les coulisses de nos collaborations.\",\"breadcrumb\":{\"@id\":\"https:\\\/\\\/www.impressionoriginale.com\\\/fr\\\/journal\\\/#breadcrumb\"},\"inLanguage\":\"fr-FR\",\"potentialAction\":[{\"@type\":\"ReadAction\",\"target\":[\"https:\\\/\\\/www.impressionoriginale.com\\\/fr\\\/journal\\\/\"]}]},{\"@type\":\"BreadcrumbList\",\"@id\":\"https:\\\/\\\/www.impressionoriginale.com\\\/fr\\\/journal\\\/#breadcrumb\",\"itemListElement\":[{\"@type\":\"ListItem\",\"position\":1,\"name\":\"Home\",\"item\":\"https:\\\/\\\/www.impressionoriginale.com\\\/fr\\\/\"},{\"@type\":\"ListItem\",\"position\":2,\"name\":\"JOURNAL\"}]},{\"@type\":\"WebSite\",\"@id\":\"https:\\\/\\\/www.impressionoriginale.com\\\/fr\\\/#website\",\"url\":\"https:\\\/\\\/www.impressionoriginale.com\\\/fr\\\/\",\"name\":\"Impression Originale\",\"description\":\"The art of gifting has a new name. The online store for all your wrapping cravings.\",\"publisher\":{\"@id\":\"https:\\\/\\\/www.impressionoriginale.com\\\/fr\\\/#organization\"},\"potentialAction\":[{\"@type\":\"SearchAction\",\"target\":{\"@type\":\"EntryPoint\",\"urlTemplate\":\"https:\\\/\\\/www.impressionoriginale.com\\\/fr\\\/?s={search_term_string}\"},\"query-input\":{\"@type\":\"PropertyValueSpecification\",\"valueRequired\":true,\"valueName\":\"search_term_string\"}}],\"inLanguage\":\"fr-FR\"},{\"@type\":\"Organization\",\"@id\":\"https:\\\/\\\/www.impressionoriginale.com\\\/fr\\\/#organization\",\"name\":\"Impression Originale\",\"url\":\"https:\\\/\\\/www.impressionoriginale.com\\\/fr\\\/\",\"logo\":{\"@type\":\"ImageObject\",\"inLanguage\":\"fr-FR\",\"@id\":\"https:\\\/\\\/www.impressionoriginale.com\\\/fr\\\/#\\\/schema\\\/logo\\\/image\\\/\",\"url\":\"https:\\\/\\\/www.impressionoriginale.com\\\/wp-content\\\/uploads\\\/2021\\\/08\\\/LOGO-2020-BLACK.png\",\"contentUrl\":\"https:\\\/\\\/www.impressionoriginale.com\\\/wp-content\\\/uploads\\\/2021\\\/08\\\/LOGO-2020-BLACK.png\",\"width\":567,\"height\":567,\"caption\":\"Impression Originale\"},\"image\":{\"@id\":\"https:\\\/\\\/www.impressionoriginale.com\\\/fr\\\/#\\\/schema\\\/logo\\\/image\\\/\"}}]}<\/script>\n<!-- \/ Yoast SEO plugin. -->","yoast_head_json":{"title":"JOURNAL - Impression Originale","description":"Impression Originale propose dans son journal un contenu original : entretiens avec les artistes de nos collections ou les coulisses de nos collaborations.","robots":{"index":"index","follow":"follow","max-snippet":"max-snippet:-1","max-image-preview":"max-image-preview:large","max-video-preview":"max-video-preview:-1"},"canonical":"https:\/\/www.impressionoriginale.com\/fr\/journal\/","og_locale":"fr_FR","og_type":"article","og_title":"JOURNAL - Impression Originale","og_description":"Impression Originale propose dans son journal un contenu original : entretiens avec les artistes de nos collections ou les coulisses de nos collaborations.","og_url":"https:\/\/www.impressionoriginale.com\/fr\/journal\/","og_site_name":"Impression Originale","article_modified_time":"2022-03-14T18:20:28+00:00","twitter_card":"summary_large_image","twitter_misc":{"Dur\u00e9e de lecture estim\u00e9e":"1 minute"},"schema":{"@context":"https:\/\/schema.org","@graph":[{"@type":"WebPage","@id":"https:\/\/www.impressionoriginale.com\/fr\/journal\/","url":"https:\/\/www.impressionoriginale.com\/fr\/journal\/","name":"JOURNAL - Impression Originale","isPartOf":{"@id":"https:\/\/www.impressionoriginale.com\/fr\/#website"},"datePublished":"2016-12-13T12:32:20+00:00","dateModified":"2022-03-14T18:20:28+00:00","description":"Impression Originale propose dans son journal un contenu original : entretiens avec les artistes de nos collections ou les coulisses de nos collaborations.","breadcrumb":{"@id":"https:\/\/www.impressionoriginale.com\/fr\/journal\/#breadcrumb"},"inLanguage":"fr-FR","potentialAction":[{"@type":"ReadAction","target":["https:\/\/www.impressionoriginale.com\/fr\/journal\/"]}]},{"@type":"BreadcrumbList","@id":"https:\/\/www.impressionoriginale.com\/fr\/journal\/#breadcrumb","itemListElement":[{"@type":"ListItem","position":1,"name":"Home","item":"https:\/\/www.impressionoriginale.com\/fr\/"},{"@type":"ListItem","position":2,"name":"JOURNAL"}]},{"@type":"WebSite","@id":"https:\/\/www.impressionoriginale.com\/fr\/#website","url":"https:\/\/www.impressionoriginale.com\/fr\/","name":"Impression Originale","description":"The art of gifting has a new name. The online store for all your wrapping cravings.","publisher":{"@id":"https:\/\/www.impressionoriginale.com\/fr\/#organization"},"potentialAction":[{"@type":"SearchAction","target":{"@type":"EntryPoint","urlTemplate":"https:\/\/www.impressionoriginale.com\/fr\/?s={search_term_string}"},"query-input":{"@type":"PropertyValueSpecification","valueRequired":true,"valueName":"search_term_string"}}],"inLanguage":"fr-FR"},{"@type":"Organization","@id":"https:\/\/www.impressionoriginale.com\/fr\/#organization","name":"Impression Originale","url":"https:\/\/www.impressionoriginale.com\/fr\/","logo":{"@type":"ImageObject","inLanguage":"fr-FR","@id":"https:\/\/www.impressionoriginale.com\/fr\/#\/schema\/logo\/image\/","url":"https:\/\/www.impressionoriginale.com\/wp-content\/uploads\/2021\/08\/LOGO-2020-BLACK.png","contentUrl":"https:\/\/www.impressionoriginale.com\/wp-content\/uploads\/2021\/08\/LOGO-2020-BLACK.png","width":567,"height":567,"caption":"Impression Originale"},"image":{"@id":"https:\/\/www.impressionoriginale.com\/fr\/#\/schema\/logo\/image\/"}}]}},"_links":{"self":[{"href":"https:\/\/www.impressionoriginale.com\/fr\/wp-json\/wp\/v2\/pages\/3628","targetHints":{"allow":["GET"]}}],"collection":[{"href":"https:\/\/www.impressionoriginale.com\/fr\/wp-json\/wp\/v2\/pages"}],"about":[{"href":"https:\/\/www.impressionoriginale.com\/fr\/wp-json\/wp\/v2\/types\/page"}],"author":[{"embeddable":true,"href":"https:\/\/www.impressionoriginale.com\/fr\/wp-json\/wp\/v2\/users\/3"}],"replies":[{"embeddable":true,"href":"https:\/\/www.impressionoriginale.com\/fr\/wp-json\/wp\/v2\/comments?post=3628"}],"version-history":[{"count":0,"href":"https:\/\/www.impressionoriginale.com\/fr\/wp-json\/wp\/v2\/pages\/3628\/revisions"}],"wp:attachment":[{"href":"https:\/\/www.impressionoriginale.com\/fr\/wp-json\/wp\/v2\/media?parent=3628"}],"curies":[{"name":"wp","href":"https:\/\/api.w.org\/{rel}","templated":true}]}}