{"id":8904,"date":"2020-06-16T21:17:20","date_gmt":"2020-06-16T21:17:20","guid":{"rendered":"https:\/\/impressionorig.wpengine.com\/savoir-faire\/"},"modified":"2020-06-19T09:50:48","modified_gmt":"2020-06-19T09:50:48","slug":"savoir-faire","status":"publish","type":"page","link":"https:\/\/www.impressionoriginale.com\/fr\/savoir-faire\/","title":{"rendered":"SAVOIR-FAIRE"},"content":{"rendered":"<div class=\"wpb-content-wrapper\"><p>[vc_row][vc_column]<h4>Comment r\u00e9ussir le cadeau parfait<\/h4>[vc_separator el_width=\u00a0\u00bb30\u2033][vc_column_text]<\/p>\n<p style=\"text-align: right;\"><strong>B i e n v e n u e\u00a0 \u00a0d a n s\u00a0 l e\u00a0 \u00a0m o n d e\u00a0 \u00a0e x t r a o r d i n a i r e\u00a0 \u00a0d \u2018 <\/strong><strong>I m p r e s s i o n\u00a0 \u00a0O r i g i n a l e .<\/strong><\/p>\n<p style=\"text-align: justify;\">Nous croyons au partage de notre savoir-faire et nos techniques de pliage et de nouage. Retrouvez nos <strong>vid\u00e9os tutoriels faciles<\/strong>, nos <strong>photos d\u2019inspiration<\/strong> et notre <strong>journal<\/strong> avec des entretiens d\u2019artistes en coulisses. Il existe mille fa\u00e7ons de r\u00e9ussir un paquet cadeau\u2026 mais il y a quelque chose qui fait toute la diff\u00e9rence : prenez votre temps et fa\u00eetes-le avec amour.<\/p>\n<p>[\/vc_column_text][\/vc_column][\/vc_row][vc_row][vc_column width=\u00a0\u00bb1\/3\u2033][vc_single_image image=\u00a0\u00bb8781\u2033 img_size=\u00a0\u00bb500\u00d7700\u2033 alignment=\u00a0\u00bbcenter\u00a0\u00bb onclick=\u00a0\u00bbcustom_link\u00a0\u00bb img_link_target=\u00a0\u00bb_blank\u00a0\u00bb css_animation=\u00a0\u00bbtop-to-bottom\u00a0\u00bb link=\u00a0\u00bbhttps:\/\/www.impressionoriginale.com\/fr\/savoir-faire\/inspirations\/\u00a0\u00bb][vc_column_text css=\u00a0\u00bb.vc_custom_1592560146620{margin-top: -20px !important;}\u00a0\u00bb]<\/p>\n<h3 style=\"text-align: center;\"><a href=\"https:\/\/www.impressionoriginale.com\/fr\/savoir-faire\/inspirations\/\" target=\"_blank\" rel=\"noopener noreferrer\">Trouvez l\u2019inspiration<\/a><\/h3>\n<p style=\"text-align: center;\">D\u00e9couvrez la <a href=\"https:\/\/www.impressionoriginale.com\/fr\/inspirations\/\" target=\"_blank\" rel=\"noopener noreferrer\">s\u00e9lection de photos<\/a> de nos plus beaux cadeaux et laissez vous inspirer. \u00a0Du parfait cadeau avec des rubans somptueux, aux d\u00e9coupages de papier en dentelle.<\/p>\n<p>[\/vc_column_text][\/vc_column][vc_column width=\u00a0\u00bb1\/3\u2033][vc_single_image image=\u00a0\u00bb8697\u2033 img_size=\u00a0\u00bb500\u00d7700\u2033 alignment=\u00a0\u00bbcenter\u00a0\u00bb style=\u00a0\u00bbvc_box_rounded\u00a0\u00bb onclick=\u00a0\u00bbcustom_link\u00a0\u00bb img_link_target=\u00a0\u00bb_blank\u00a0\u00bb css_animation=\u00a0\u00bbtop-to-bottom\u00a0\u00bb link=\u00a0\u00bbhttps:\/\/www.impressionoriginale.com\/fr\/savoir-faire\/tutoriels\/\u00a0\u00bb][vc_column_text css=\u00a0\u00bb.vc_custom_1592560105754{margin-top: -20px !important;}\u00a0\u00bb]<\/p>\n<h3 style=\"text-align: center;\"><a href=\"https:\/\/www.impressionoriginale.com\/fr\/savoir-faire\/tutoriels\/\" target=\"_blank\" rel=\"noopener noreferrer\">Tutoriel<\/a><\/h3>\n<p style=\"text-align: center;\">Suivez les tutoriels video en temps r\u00e9el sur notre <a href=\"https:\/\/www.impressionoriginale.com\/fr\/savoir-faire\/tutoriels\/\" target=\"_blank\" rel=\"noopener noreferrer\">cha\u00eene youtube<\/a> pour apprendre \u00e0 r\u00e9aliser le parfait paquet cadeau, le noeud id\u00e9al et encore d\u2019autres secrets de nos experts.<\/p>\n<p>[\/vc_column_text][\/vc_column][vc_column width=\u00a0\u00bb1\/3\u2033][vc_single_image image=\u00a0\u00bb7065\u2033 img_size=\u00a0\u00bb500\u00d7700\u2033 alignment=\u00a0\u00bbcenter\u00a0\u00bb onclick=\u00a0\u00bbcustom_link\u00a0\u00bb img_link_target=\u00a0\u00bb_blank\u00a0\u00bb css_animation=\u00a0\u00bbtop-to-bottom\u00a0\u00bb link=\u00a0\u00bbhttps:\/\/www.impressionoriginale.com\/fr\/journal\/\u00a0\u00bb][vc_column_text css=\u00a0\u00bb.vc_custom_1592560173517{margin-top: -20px !important;}\u00a0\u00bb]<\/p>\n<h3 style=\"text-align: center;\"><a href=\"https:\/\/www.impressionoriginale.com\/fr\/journal\/\" target=\"_blank\" rel=\"noopener noreferrer\">Journal<\/a><\/h3>\n<p style=\"text-align: center;\">Notre <a href=\"https:\/\/www.impressionoriginale.com\/fr\/journal\/\" target=\"_blank\" rel=\"noopener noreferrer\">journal<\/a> vous parle de nos belles rencontres : des entretiens avec des artistes talentueux et des secrets de fabrication DIY pour reproduire par vous-m\u00eame des projets cr\u00e9atifs.<\/p>\n<p>[\/vc_column_text][\/vc_column][\/vc_row][vc_row][vc_column][\/vc_column][\/vc_row]<\/p>\n\n\n<\/div>","protected":false},"excerpt":{"rendered":"<p>[vc_row][vc_column][vc_separator el_width=\u00a0\u00bb30\u2033][vc_column_text] B i e n v e n u e\u00a0 \u00a0d a n s\u00a0 l e\u00a0 \u00a0m o n d e\u00a0 \u00a0e x t r a o r d i n a i r e\u00a0 \u00a0d \u2018 I m p r e s s i o n\u00a0 \u00a0O r i g i n a [&hellip;]<\/p>\n","protected":false},"author":3,"featured_media":0,"parent":0,"menu_order":0,"comment_status":"closed","ping_status":"closed","template":"","meta":{"footnotes":""},"class_list":["post-8904","page","type-page","status-publish","hentry"],"yoast_head":"<!-- This site is optimized with the Yoast SEO plugin v27.5 - https:\/\/yoast.com\/product\/yoast-seo-wordpress\/ -->\n<title>SAVOIR-FAIRE - Impression Originale<\/title>\n<meta name=\"description\" content=\"Apprenez \u00e0 r\u00e9aliser le paquet cadeau parfait avec Impression Originale. Laissez-vous inspirer par des id\u00e9es de cadeaux extraordinaires, en suivant nos vid\u00e9os et tutoriels. Bienvenue !\" \/>\n<meta name=\"robots\" content=\"index, follow, max-snippet:-1, max-image-preview:large, max-video-preview:-1\" \/>\n<link rel=\"canonical\" href=\"https:\/\/www.impressionoriginale.com\/fr\/savoir-faire\/\" \/>\n<meta property=\"og:locale\" content=\"fr_FR\" \/>\n<meta property=\"og:type\" content=\"article\" \/>\n<meta property=\"og:title\" content=\"SAVOIR-FAIRE - Impression Originale\" \/>\n<meta property=\"og:description\" content=\"Apprenez \u00e0 r\u00e9aliser le paquet cadeau parfait avec Impression Originale. Laissez-vous inspirer par des id\u00e9es de cadeaux extraordinaires, en suivant nos vid\u00e9os et tutoriels. Bienvenue !\" \/>\n<meta property=\"og:url\" content=\"https:\/\/www.impressionoriginale.com\/fr\/savoir-faire\/\" \/>\n<meta property=\"og:site_name\" content=\"Impression Originale\" \/>\n<meta property=\"article:modified_time\" content=\"2020-06-19T09:50:48+00:00\" \/>\n<meta name=\"twitter:card\" content=\"summary_large_image\" \/>\n<meta name=\"twitter:label1\" content=\"Dur\u00e9e de lecture estim\u00e9e\" \/>\n\t<meta name=\"twitter:data1\" content=\"2 minutes\" \/>\n<script type=\"application\/ld+json\" class=\"yoast-schema-graph\">{\"@context\":\"https:\\\/\\\/schema.org\",\"@graph\":[{\"@type\":\"WebPage\",\"@id\":\"https:\\\/\\\/www.impressionoriginale.com\\\/fr\\\/savoir-faire\\\/\",\"url\":\"https:\\\/\\\/www.impressionoriginale.com\\\/fr\\\/savoir-faire\\\/\",\"name\":\"SAVOIR-FAIRE - Impression Originale\",\"isPartOf\":{\"@id\":\"https:\\\/\\\/www.impressionoriginale.com\\\/fr\\\/#website\"},\"datePublished\":\"2020-06-16T21:17:20+00:00\",\"dateModified\":\"2020-06-19T09:50:48+00:00\",\"description\":\"Apprenez \u00e0 r\u00e9aliser le paquet cadeau parfait avec Impression Originale. Laissez-vous inspirer par des id\u00e9es de cadeaux extraordinaires, en suivant nos vid\u00e9os et tutoriels. Bienvenue !\",\"breadcrumb\":{\"@id\":\"https:\\\/\\\/www.impressionoriginale.com\\\/fr\\\/savoir-faire\\\/#breadcrumb\"},\"inLanguage\":\"fr-FR\",\"potentialAction\":[{\"@type\":\"ReadAction\",\"target\":[\"https:\\\/\\\/www.impressionoriginale.com\\\/fr\\\/savoir-faire\\\/\"]}]},{\"@type\":\"BreadcrumbList\",\"@id\":\"https:\\\/\\\/www.impressionoriginale.com\\\/fr\\\/savoir-faire\\\/#breadcrumb\",\"itemListElement\":[{\"@type\":\"ListItem\",\"position\":1,\"name\":\"Home\",\"item\":\"https:\\\/\\\/www.impressionoriginale.com\\\/fr\\\/\"},{\"@type\":\"ListItem\",\"position\":2,\"name\":\"SAVOIR-FAIRE\"}]},{\"@type\":\"WebSite\",\"@id\":\"https:\\\/\\\/www.impressionoriginale.com\\\/fr\\\/#website\",\"url\":\"https:\\\/\\\/www.impressionoriginale.com\\\/fr\\\/\",\"name\":\"Impression Originale\",\"description\":\"The art of gifting has a new name. The online store for all your wrapping cravings.\",\"publisher\":{\"@id\":\"https:\\\/\\\/www.impressionoriginale.com\\\/fr\\\/#organization\"},\"potentialAction\":[{\"@type\":\"SearchAction\",\"target\":{\"@type\":\"EntryPoint\",\"urlTemplate\":\"https:\\\/\\\/www.impressionoriginale.com\\\/fr\\\/?s={search_term_string}\"},\"query-input\":{\"@type\":\"PropertyValueSpecification\",\"valueRequired\":true,\"valueName\":\"search_term_string\"}}],\"inLanguage\":\"fr-FR\"},{\"@type\":\"Organization\",\"@id\":\"https:\\\/\\\/www.impressionoriginale.com\\\/fr\\\/#organization\",\"name\":\"Impression Originale\",\"url\":\"https:\\\/\\\/www.impressionoriginale.com\\\/fr\\\/\",\"logo\":{\"@type\":\"ImageObject\",\"inLanguage\":\"fr-FR\",\"@id\":\"https:\\\/\\\/www.impressionoriginale.com\\\/fr\\\/#\\\/schema\\\/logo\\\/image\\\/\",\"url\":\"https:\\\/\\\/www.impressionoriginale.com\\\/wp-content\\\/uploads\\\/2021\\\/08\\\/LOGO-2020-BLACK.png\",\"contentUrl\":\"https:\\\/\\\/www.impressionoriginale.com\\\/wp-content\\\/uploads\\\/2021\\\/08\\\/LOGO-2020-BLACK.png\",\"width\":567,\"height\":567,\"caption\":\"Impression Originale\"},\"image\":{\"@id\":\"https:\\\/\\\/www.impressionoriginale.com\\\/fr\\\/#\\\/schema\\\/logo\\\/image\\\/\"}}]}<\/script>\n<!-- \/ Yoast SEO plugin. -->","yoast_head_json":{"title":"SAVOIR-FAIRE - Impression Originale","description":"Apprenez \u00e0 r\u00e9aliser le paquet cadeau parfait avec Impression Originale. Laissez-vous inspirer par des id\u00e9es de cadeaux extraordinaires, en suivant nos vid\u00e9os et tutoriels. Bienvenue !","robots":{"index":"index","follow":"follow","max-snippet":"max-snippet:-1","max-image-preview":"max-image-preview:large","max-video-preview":"max-video-preview:-1"},"canonical":"https:\/\/www.impressionoriginale.com\/fr\/savoir-faire\/","og_locale":"fr_FR","og_type":"article","og_title":"SAVOIR-FAIRE - Impression Originale","og_description":"Apprenez \u00e0 r\u00e9aliser le paquet cadeau parfait avec Impression Originale. Laissez-vous inspirer par des id\u00e9es de cadeaux extraordinaires, en suivant nos vid\u00e9os et tutoriels. Bienvenue !","og_url":"https:\/\/www.impressionoriginale.com\/fr\/savoir-faire\/","og_site_name":"Impression Originale","article_modified_time":"2020-06-19T09:50:48+00:00","twitter_card":"summary_large_image","twitter_misc":{"Dur\u00e9e de lecture estim\u00e9e":"2 minutes"},"schema":{"@context":"https:\/\/schema.org","@graph":[{"@type":"WebPage","@id":"https:\/\/www.impressionoriginale.com\/fr\/savoir-faire\/","url":"https:\/\/www.impressionoriginale.com\/fr\/savoir-faire\/","name":"SAVOIR-FAIRE - Impression Originale","isPartOf":{"@id":"https:\/\/www.impressionoriginale.com\/fr\/#website"},"datePublished":"2020-06-16T21:17:20+00:00","dateModified":"2020-06-19T09:50:48+00:00","description":"Apprenez \u00e0 r\u00e9aliser le paquet cadeau parfait avec Impression Originale. Laissez-vous inspirer par des id\u00e9es de cadeaux extraordinaires, en suivant nos vid\u00e9os et tutoriels. Bienvenue !","breadcrumb":{"@id":"https:\/\/www.impressionoriginale.com\/fr\/savoir-faire\/#breadcrumb"},"inLanguage":"fr-FR","potentialAction":[{"@type":"ReadAction","target":["https:\/\/www.impressionoriginale.com\/fr\/savoir-faire\/"]}]},{"@type":"BreadcrumbList","@id":"https:\/\/www.impressionoriginale.com\/fr\/savoir-faire\/#breadcrumb","itemListElement":[{"@type":"ListItem","position":1,"name":"Home","item":"https:\/\/www.impressionoriginale.com\/fr\/"},{"@type":"ListItem","position":2,"name":"SAVOIR-FAIRE"}]},{"@type":"WebSite","@id":"https:\/\/www.impressionoriginale.com\/fr\/#website","url":"https:\/\/www.impressionoriginale.com\/fr\/","name":"Impression Originale","description":"The art of gifting has a new name. The online store for all your wrapping cravings.","publisher":{"@id":"https:\/\/www.impressionoriginale.com\/fr\/#organization"},"potentialAction":[{"@type":"SearchAction","target":{"@type":"EntryPoint","urlTemplate":"https:\/\/www.impressionoriginale.com\/fr\/?s={search_term_string}"},"query-input":{"@type":"PropertyValueSpecification","valueRequired":true,"valueName":"search_term_string"}}],"inLanguage":"fr-FR"},{"@type":"Organization","@id":"https:\/\/www.impressionoriginale.com\/fr\/#organization","name":"Impression Originale","url":"https:\/\/www.impressionoriginale.com\/fr\/","logo":{"@type":"ImageObject","inLanguage":"fr-FR","@id":"https:\/\/www.impressionoriginale.com\/fr\/#\/schema\/logo\/image\/","url":"https:\/\/www.impressionoriginale.com\/wp-content\/uploads\/2021\/08\/LOGO-2020-BLACK.png","contentUrl":"https:\/\/www.impressionoriginale.com\/wp-content\/uploads\/2021\/08\/LOGO-2020-BLACK.png","width":567,"height":567,"caption":"Impression Originale"},"image":{"@id":"https:\/\/www.impressionoriginale.com\/fr\/#\/schema\/logo\/image\/"}}]}},"_links":{"self":[{"href":"https:\/\/www.impressionoriginale.com\/fr\/wp-json\/wp\/v2\/pages\/8904","targetHints":{"allow":["GET"]}}],"collection":[{"href":"https:\/\/www.impressionoriginale.com\/fr\/wp-json\/wp\/v2\/pages"}],"about":[{"href":"https:\/\/www.impressionoriginale.com\/fr\/wp-json\/wp\/v2\/types\/page"}],"author":[{"embeddable":true,"href":"https:\/\/www.impressionoriginale.com\/fr\/wp-json\/wp\/v2\/users\/3"}],"replies":[{"embeddable":true,"href":"https:\/\/www.impressionoriginale.com\/fr\/wp-json\/wp\/v2\/comments?post=8904"}],"version-history":[{"count":0,"href":"https:\/\/www.impressionoriginale.com\/fr\/wp-json\/wp\/v2\/pages\/8904\/revisions"}],"wp:attachment":[{"href":"https:\/\/www.impressionoriginale.com\/fr\/wp-json\/wp\/v2\/media?parent=8904"}],"curies":[{"name":"wp","href":"https:\/\/api.w.org\/{rel}","templated":true}]}}