{"id":10042,"date":"2021-11-17T10:35:42","date_gmt":"2021-11-17T10:35:42","guid":{"rendered":"https:\/\/impressionor.wpengine.com\/e-shop\/loracle-de-dodone-pochette-cadeau-m\/"},"modified":"2025-12-20T12:36:51","modified_gmt":"2025-12-20T12:36:51","slug":"loracle-de-dodone-pochette-cadeau-m","status":"publish","type":"product","link":"https:\/\/www.impressionoriginale.com\/fr\/produit\/loracle-de-dodone-pochette-cadeau-m\/","title":{"rendered":"L&rsquo;Oracle de Dodone Pochette Cadeau (M)"},"content":{"rendered":"<p style=\"padding-left: 30px;\"><strong>WEIGHT<\/strong>\u00a0 \u00a0 \u00a0 \u00a0 \u00a0 \u00a0 \u00a0 \u00a0 \u00a0 \u00a0200 g \/m<sup>2<\/sup><\/p>\n<p style=\"padding-left: 30px;\"><strong>DIMENSIONS<\/strong> \u00a0 \u00a0 \u00a0 \u00a025,5\u00d719,5x8cm (medium size bag)<\/p>\n<p style=\"padding-left: 30px;\"><strong>PAPER<\/strong> \u00a0 \u00a0 \u00a0 \u00a0 \u00a0 \u00a0 \u00a0 \u00a0 \u00a0 \u00a0 \u00a0 FSC certified<\/p>\n<p style=\"padding-left: 30px;\"><strong>INK<\/strong> \u00a0 \u00a0 \u00a0 \u00a0 \u00a0 \u00a0 \u00a0 \u00a0 \u00a0 \u00a0 \u00a0 \u00a0 \u00a0 \u00a0 Offset quadri full color, UV drying process, Double-sided<\/p>\n<p style=\"padding-left: 30px;\"><strong>ORIGIN<\/strong>\u00a0 \u00a0 \u00a0 \u00a0 \u00a0 \u00a0 \u00a0 \u00a0 \u00a0 \u00a0 \u00a0From Angers, France<\/p>\n<p>\u00a0<\/p>\n<p>Lovingly designed from all over the world and packaged by hand by our little fairies in the medieval city of Angers, France.<\/p>\n<p>Our IMPRESSION ORIGINALE gift bag are perfect for a quick, always perfect wrap. Be inspired and create your own unique gift, that\u2019s the way it should be!<\/p>\n<p><em>\u00ab\u00a0Love what you do, spread the love\u2026\u00a0\u00bb\u00a0<\/em><\/p>\n\n\n","protected":false},"excerpt":{"rendered":"<p><strong>BNF<\/strong><\/p>\n<h5><em>L&rsquo;Oracle de Dodone <\/em>Pochette Cadeau<\/h5>\n<p>Taille M [25,5 (hauteur) x 19,5 (largeur) x 8 (soufflet) cm ]<\/p>\n<p>Au pied de la basilique murmure l\u2019arbre sacr\u00e9. Les feuilles antiques fr\u00e9missent dans un souffle divin. Pr\u00e9sage d\u2019avenir pour qui sait \u00e9couter. Sauv\u00e9es des m\u00e9moires mill\u00e9naires, les pr\u00eatresses r\u00e9v\u00e8lent l\u2019Oracle de Zeus et de Dion\u00e9, d\u00e9esse du ch\u00eane. Dodone, cit\u00e9 emport\u00e9e par les braises du couchant, renait de ses cendres pour nous parler d\u2019avenir.<\/p>\n<p style=\"text-align: justify;\">Ce mod\u00e8le est disponible \u00e9galement en <a href=\"https:\/\/www.impressionoriginale.com\/fr\/produit\/loracle-de-dodone-papier-cadeau\/\" target=\"_blank\" rel=\"noopener\"><strong>papier cadeau<\/strong><\/a> et est id\u00e9al avec un <a href=\"https:\/\/www.impressionoriginale.com\/fr\/produit\/noeud-velours-vert-sapin-n228-l\/\" target=\"_blank\" rel=\"noopener\"><strong>noeud pr\u00eat-\u00e0-poser<\/strong><\/a>.<\/p>\n<p>D\u00e9tails techniques :<\/p>\n<ul>\n<li>25,5&#215;19,5cm (8cm soufflet)<\/li>\n<li>200 g\/m\u00b2<\/li>\n<li>Imprim\u00e9 recto-verso<\/li>\n<\/ul>\n<p style=\"text-align: center;\"><em>Note : Les pochettes cadeaux sont envoy\u00e9es \u00e0 plat, avec une bande de calque protectrice. A l&rsquo;int\u00e9rieur du rabat un petit point de colle double face vous permet de fermer la pochette.<\/em><\/p>\n","protected":false},"featured_media":10020,"template":"","meta":[],"product_brand":[],"product_cat":[863,618],"product_tag":[88,814,815],"class_list":{"0":"post-10042","1":"product","2":"type-product","3":"status-publish","4":"has-post-thumbnail","6":"product_cat-pochette-cadeau","7":"product_cat-pochette-boite","8":"product_tag-impression-originale-fr-2","9":"product_tag-pochette-cadeau-fr","10":"product_tag-taille-m-fr","12":"first","13":"instock","14":"taxable","15":"shipping-taxable","16":"purchasable","17":"product-type-simple"},"bundled_by":["10226","11321"],"bundle_stock_status":"instock","bundle_stock_quantity":23,"bundle_virtual":false,"bundle_layout":"","bundle_add_to_cart_form_location":"","bundle_editable_in_cart":false,"bundle_sold_individually_context":"","bundle_item_grouping":"","bundle_min_size":"","bundle_max_size":"","bundle_price":[],"bundled_items":[],"bundle_sell_ids":[],"yoast_head":"<!-- This site is optimized with the Yoast SEO plugin v27.3 - https:\/\/yoast.com\/product\/yoast-seo-wordpress\/ -->\n<title>L&#039;Oracle de Dodone Pochette Cadeau (M) I Emballage cadeau de luxe par Impression Originale<\/title>\n<meta name=\"description\" content=\"Cette pochette cadeau &quot;L&#039;Oracle de Dodone&quot; est une reproduction exclusive des archives de la BNF par Impression Originale. Imprim\u00e9 sur du papier responsable et certifi\u00e9. Fabrication fran\u00e7aise.\" \/>\n<meta name=\"robots\" content=\"index, follow, max-snippet:-1, max-image-preview:large, max-video-preview:-1\" \/>\n<link rel=\"canonical\" href=\"https:\/\/www.impressionoriginale.com\/fr\/produit\/loracle-de-dodone-pochette-cadeau-m\/\" \/>\n<meta property=\"og:locale\" content=\"fr_FR\" \/>\n<meta property=\"og:type\" content=\"article\" \/>\n<meta property=\"og:title\" content=\"L&#039;Oracle de Dodone Pochette Cadeau (M) I Emballage cadeau de luxe par Impression Originale\" \/>\n<meta property=\"og:description\" content=\"Cette pochette cadeau &quot;L&#039;Oracle de Dodone&quot; est une reproduction exclusive des archives de la BNF par Impression Originale. Imprim\u00e9 sur du papier responsable et certifi\u00e9. Fabrication fran\u00e7aise.\" \/>\n<meta property=\"og:url\" content=\"https:\/\/www.impressionoriginale.com\/fr\/produit\/loracle-de-dodone-pochette-cadeau-m\/\" \/>\n<meta property=\"og:site_name\" content=\"Impression Originale\" \/>\n<meta property=\"article:modified_time\" content=\"2025-12-20T12:36:51+00:00\" \/>\n<meta property=\"og:image\" content=\"https:\/\/www.impressionoriginale.com\/wp-content\/uploads\/2021\/11\/IOR-POCM054BNFS1_bis_Oracle_Dodone_Gift_Bag_IMPRESSION_ORIGINALE.jpg\" \/>\n\t<meta property=\"og:image:width\" content=\"1335\" \/>\n\t<meta property=\"og:image:height\" content=\"2000\" \/>\n\t<meta property=\"og:image:type\" content=\"image\/jpeg\" \/>\n<meta name=\"twitter:card\" content=\"summary_large_image\" \/>\n<script type=\"application\/ld+json\" class=\"yoast-schema-graph\">{\"@context\":\"https:\\\/\\\/schema.org\",\"@graph\":[{\"@type\":\"WebPage\",\"@id\":\"https:\\\/\\\/www.impressionoriginale.com\\\/fr\\\/produit\\\/loracle-de-dodone-pochette-cadeau-m\\\/\",\"url\":\"https:\\\/\\\/www.impressionoriginale.com\\\/fr\\\/produit\\\/loracle-de-dodone-pochette-cadeau-m\\\/\",\"name\":\"L'Oracle de Dodone Pochette Cadeau (M) I Emballage cadeau de luxe par Impression Originale\",\"isPartOf\":{\"@id\":\"https:\\\/\\\/www.impressionoriginale.com\\\/fr\\\/#website\"},\"primaryImageOfPage\":{\"@id\":\"https:\\\/\\\/www.impressionoriginale.com\\\/fr\\\/produit\\\/loracle-de-dodone-pochette-cadeau-m\\\/#primaryimage\"},\"image\":{\"@id\":\"https:\\\/\\\/www.impressionoriginale.com\\\/fr\\\/produit\\\/loracle-de-dodone-pochette-cadeau-m\\\/#primaryimage\"},\"thumbnailUrl\":\"https:\\\/\\\/www.impressionoriginale.com\\\/wp-content\\\/uploads\\\/2021\\\/11\\\/IOR-POCM054BNFS1_bis_Oracle_Dodone_Gift_Bag_IMPRESSION_ORIGINALE.jpg\",\"datePublished\":\"2021-11-17T10:35:42+00:00\",\"dateModified\":\"2025-12-20T12:36:51+00:00\",\"description\":\"Cette pochette cadeau \\\"L'Oracle de Dodone\\\" est une reproduction exclusive des archives de la BNF par Impression Originale. Imprim\u00e9 sur du papier responsable et certifi\u00e9. Fabrication fran\u00e7aise.\",\"breadcrumb\":{\"@id\":\"https:\\\/\\\/www.impressionoriginale.com\\\/fr\\\/produit\\\/loracle-de-dodone-pochette-cadeau-m\\\/#breadcrumb\"},\"inLanguage\":\"fr-FR\",\"potentialAction\":[{\"@type\":\"ReadAction\",\"target\":[\"https:\\\/\\\/www.impressionoriginale.com\\\/fr\\\/produit\\\/loracle-de-dodone-pochette-cadeau-m\\\/\"]}]},{\"@type\":\"ImageObject\",\"inLanguage\":\"fr-FR\",\"@id\":\"https:\\\/\\\/www.impressionoriginale.com\\\/fr\\\/produit\\\/loracle-de-dodone-pochette-cadeau-m\\\/#primaryimage\",\"url\":\"https:\\\/\\\/www.impressionoriginale.com\\\/wp-content\\\/uploads\\\/2021\\\/11\\\/IOR-POCM054BNFS1_bis_Oracle_Dodone_Gift_Bag_IMPRESSION_ORIGINALE.jpg\",\"contentUrl\":\"https:\\\/\\\/www.impressionoriginale.com\\\/wp-content\\\/uploads\\\/2021\\\/11\\\/IOR-POCM054BNFS1_bis_Oracle_Dodone_Gift_Bag_IMPRESSION_ORIGINALE.jpg\",\"width\":1335,\"height\":2000,\"caption\":\"IOR-POCM054BNFS1 Oracle Dodone Gift Bag IMPRESSION_ORIGINALE\"},{\"@type\":\"BreadcrumbList\",\"@id\":\"https:\\\/\\\/www.impressionoriginale.com\\\/fr\\\/produit\\\/loracle-de-dodone-pochette-cadeau-m\\\/#breadcrumb\",\"itemListElement\":[{\"@type\":\"ListItem\",\"position\":1,\"name\":\"Home\",\"item\":\"https:\\\/\\\/www.impressionoriginale.com\\\/fr\\\/\"},{\"@type\":\"ListItem\",\"position\":2,\"name\":\"Boutique\",\"item\":\"https:\\\/\\\/www.impressionoriginale.com\\\/fr\\\/boutique\\\/\"},{\"@type\":\"ListItem\",\"position\":3,\"name\":\"L&#8217;Oracle de Dodone Pochette Cadeau (M)\"}]},{\"@type\":\"WebSite\",\"@id\":\"https:\\\/\\\/www.impressionoriginale.com\\\/fr\\\/#website\",\"url\":\"https:\\\/\\\/www.impressionoriginale.com\\\/fr\\\/\",\"name\":\"Impression Originale\",\"description\":\"The art of gifting has a new name. The online store for all your wrapping cravings.\",\"publisher\":{\"@id\":\"https:\\\/\\\/www.impressionoriginale.com\\\/fr\\\/#organization\"},\"potentialAction\":[{\"@type\":\"SearchAction\",\"target\":{\"@type\":\"EntryPoint\",\"urlTemplate\":\"https:\\\/\\\/www.impressionoriginale.com\\\/fr\\\/?s={search_term_string}\"},\"query-input\":{\"@type\":\"PropertyValueSpecification\",\"valueRequired\":true,\"valueName\":\"search_term_string\"}}],\"inLanguage\":\"fr-FR\"},{\"@type\":\"Organization\",\"@id\":\"https:\\\/\\\/www.impressionoriginale.com\\\/fr\\\/#organization\",\"name\":\"Impression Originale\",\"url\":\"https:\\\/\\\/www.impressionoriginale.com\\\/fr\\\/\",\"logo\":{\"@type\":\"ImageObject\",\"inLanguage\":\"fr-FR\",\"@id\":\"https:\\\/\\\/www.impressionoriginale.com\\\/fr\\\/#\\\/schema\\\/logo\\\/image\\\/\",\"url\":\"https:\\\/\\\/www.impressionoriginale.com\\\/wp-content\\\/uploads\\\/2021\\\/08\\\/LOGO-2020-BLACK.png\",\"contentUrl\":\"https:\\\/\\\/www.impressionoriginale.com\\\/wp-content\\\/uploads\\\/2021\\\/08\\\/LOGO-2020-BLACK.png\",\"width\":567,\"height\":567,\"caption\":\"Impression Originale\"},\"image\":{\"@id\":\"https:\\\/\\\/www.impressionoriginale.com\\\/fr\\\/#\\\/schema\\\/logo\\\/image\\\/\"}}]}<\/script>\n<!-- \/ Yoast SEO plugin. -->","yoast_head_json":{"title":"L'Oracle de Dodone Pochette Cadeau (M) I Emballage cadeau de luxe par Impression Originale","description":"Cette pochette cadeau \"L'Oracle de Dodone\" est une reproduction exclusive des archives de la BNF par Impression Originale. Imprim\u00e9 sur du papier responsable et certifi\u00e9. Fabrication fran\u00e7aise.","robots":{"index":"index","follow":"follow","max-snippet":"max-snippet:-1","max-image-preview":"max-image-preview:large","max-video-preview":"max-video-preview:-1"},"canonical":"https:\/\/www.impressionoriginale.com\/fr\/produit\/loracle-de-dodone-pochette-cadeau-m\/","og_locale":"fr_FR","og_type":"article","og_title":"L'Oracle de Dodone Pochette Cadeau (M) I Emballage cadeau de luxe par Impression Originale","og_description":"Cette pochette cadeau \"L'Oracle de Dodone\" est une reproduction exclusive des archives de la BNF par Impression Originale. Imprim\u00e9 sur du papier responsable et certifi\u00e9. Fabrication fran\u00e7aise.","og_url":"https:\/\/www.impressionoriginale.com\/fr\/produit\/loracle-de-dodone-pochette-cadeau-m\/","og_site_name":"Impression Originale","article_modified_time":"2025-12-20T12:36:51+00:00","og_image":[{"width":1335,"height":2000,"url":"https:\/\/www.impressionoriginale.com\/wp-content\/uploads\/2021\/11\/IOR-POCM054BNFS1_bis_Oracle_Dodone_Gift_Bag_IMPRESSION_ORIGINALE.jpg","type":"image\/jpeg"}],"twitter_card":"summary_large_image","schema":{"@context":"https:\/\/schema.org","@graph":[{"@type":"WebPage","@id":"https:\/\/www.impressionoriginale.com\/fr\/produit\/loracle-de-dodone-pochette-cadeau-m\/","url":"https:\/\/www.impressionoriginale.com\/fr\/produit\/loracle-de-dodone-pochette-cadeau-m\/","name":"L'Oracle de Dodone Pochette Cadeau (M) I Emballage cadeau de luxe par Impression Originale","isPartOf":{"@id":"https:\/\/www.impressionoriginale.com\/fr\/#website"},"primaryImageOfPage":{"@id":"https:\/\/www.impressionoriginale.com\/fr\/produit\/loracle-de-dodone-pochette-cadeau-m\/#primaryimage"},"image":{"@id":"https:\/\/www.impressionoriginale.com\/fr\/produit\/loracle-de-dodone-pochette-cadeau-m\/#primaryimage"},"thumbnailUrl":"https:\/\/www.impressionoriginale.com\/wp-content\/uploads\/2021\/11\/IOR-POCM054BNFS1_bis_Oracle_Dodone_Gift_Bag_IMPRESSION_ORIGINALE.jpg","datePublished":"2021-11-17T10:35:42+00:00","dateModified":"2025-12-20T12:36:51+00:00","description":"Cette pochette cadeau \"L'Oracle de Dodone\" est une reproduction exclusive des archives de la BNF par Impression Originale. Imprim\u00e9 sur du papier responsable et certifi\u00e9. Fabrication fran\u00e7aise.","breadcrumb":{"@id":"https:\/\/www.impressionoriginale.com\/fr\/produit\/loracle-de-dodone-pochette-cadeau-m\/#breadcrumb"},"inLanguage":"fr-FR","potentialAction":[{"@type":"ReadAction","target":["https:\/\/www.impressionoriginale.com\/fr\/produit\/loracle-de-dodone-pochette-cadeau-m\/"]}]},{"@type":"ImageObject","inLanguage":"fr-FR","@id":"https:\/\/www.impressionoriginale.com\/fr\/produit\/loracle-de-dodone-pochette-cadeau-m\/#primaryimage","url":"https:\/\/www.impressionoriginale.com\/wp-content\/uploads\/2021\/11\/IOR-POCM054BNFS1_bis_Oracle_Dodone_Gift_Bag_IMPRESSION_ORIGINALE.jpg","contentUrl":"https:\/\/www.impressionoriginale.com\/wp-content\/uploads\/2021\/11\/IOR-POCM054BNFS1_bis_Oracle_Dodone_Gift_Bag_IMPRESSION_ORIGINALE.jpg","width":1335,"height":2000,"caption":"IOR-POCM054BNFS1 Oracle Dodone Gift Bag IMPRESSION_ORIGINALE"},{"@type":"BreadcrumbList","@id":"https:\/\/www.impressionoriginale.com\/fr\/produit\/loracle-de-dodone-pochette-cadeau-m\/#breadcrumb","itemListElement":[{"@type":"ListItem","position":1,"name":"Home","item":"https:\/\/www.impressionoriginale.com\/fr\/"},{"@type":"ListItem","position":2,"name":"Boutique","item":"https:\/\/www.impressionoriginale.com\/fr\/boutique\/"},{"@type":"ListItem","position":3,"name":"L&#8217;Oracle de Dodone Pochette Cadeau (M)"}]},{"@type":"WebSite","@id":"https:\/\/www.impressionoriginale.com\/fr\/#website","url":"https:\/\/www.impressionoriginale.com\/fr\/","name":"Impression Originale","description":"The art of gifting has a new name. The online store for all your wrapping cravings.","publisher":{"@id":"https:\/\/www.impressionoriginale.com\/fr\/#organization"},"potentialAction":[{"@type":"SearchAction","target":{"@type":"EntryPoint","urlTemplate":"https:\/\/www.impressionoriginale.com\/fr\/?s={search_term_string}"},"query-input":{"@type":"PropertyValueSpecification","valueRequired":true,"valueName":"search_term_string"}}],"inLanguage":"fr-FR"},{"@type":"Organization","@id":"https:\/\/www.impressionoriginale.com\/fr\/#organization","name":"Impression Originale","url":"https:\/\/www.impressionoriginale.com\/fr\/","logo":{"@type":"ImageObject","inLanguage":"fr-FR","@id":"https:\/\/www.impressionoriginale.com\/fr\/#\/schema\/logo\/image\/","url":"https:\/\/www.impressionoriginale.com\/wp-content\/uploads\/2021\/08\/LOGO-2020-BLACK.png","contentUrl":"https:\/\/www.impressionoriginale.com\/wp-content\/uploads\/2021\/08\/LOGO-2020-BLACK.png","width":567,"height":567,"caption":"Impression Originale"},"image":{"@id":"https:\/\/www.impressionoriginale.com\/fr\/#\/schema\/logo\/image\/"}}]}},"_links":{"self":[{"href":"https:\/\/www.impressionoriginale.com\/fr\/wp-json\/wp\/v2\/product\/10042","targetHints":{"allow":["GET"]}}],"collection":[{"href":"https:\/\/www.impressionoriginale.com\/fr\/wp-json\/wp\/v2\/product"}],"about":[{"href":"https:\/\/www.impressionoriginale.com\/fr\/wp-json\/wp\/v2\/types\/product"}],"wp:featuredmedia":[{"embeddable":true,"href":"https:\/\/www.impressionoriginale.com\/fr\/wp-json\/wp\/v2\/media\/10020"}],"wp:attachment":[{"href":"https:\/\/www.impressionoriginale.com\/fr\/wp-json\/wp\/v2\/media?parent=10042"}],"wp:term":[{"taxonomy":"product_brand","embeddable":true,"href":"https:\/\/www.impressionoriginale.com\/fr\/wp-json\/wp\/v2\/product_brand?post=10042"},{"taxonomy":"product_cat","embeddable":true,"href":"https:\/\/www.impressionoriginale.com\/fr\/wp-json\/wp\/v2\/product_cat?post=10042"},{"taxonomy":"product_tag","embeddable":true,"href":"https:\/\/www.impressionoriginale.com\/fr\/wp-json\/wp\/v2\/product_tag?post=10042"}],"curies":[{"name":"wp","href":"https:\/\/api.w.org\/{rel}","templated":true}]}}