{"id":10136,"date":"2021-11-28T18:45:34","date_gmt":"2021-11-28T18:45:34","guid":{"rendered":"https:\/\/impressionor.wpengine.com\/e-shop\/loracle-de-dodone-papier-cadeau\/"},"modified":"2026-02-19T16:51:13","modified_gmt":"2026-02-19T16:51:13","slug":"loracle-de-dodone-papier-cadeau","status":"publish","type":"product","link":"https:\/\/www.impressionoriginale.com\/fr\/produit\/loracle-de-dodone-papier-cadeau\/","title":{"rendered":"L&rsquo;Oracle de Dodone Papier Cadeau"},"content":{"rendered":"<blockquote>\n<p style=\"padding-left: 30px;\"><strong>GRAMMAGE<\/strong> 100 g \/m<sup>2<\/sup><\/p>\n<p style=\"padding-left: 30px;\"><strong>DIMENSIONS<\/strong> 70x100cm (feuille cadeau XL, rouleau)<\/p>\n<p style=\"padding-left: 30px;\"><strong>PAPIER<\/strong> 100% recycl\u00e9<\/p>\n<p style=\"padding-left: 30px;\"><strong>ENCRE<\/strong> Offset pleine couleur, s\u00e9chage UV, recto-verso<\/p>\n<p style=\"padding-left: 30px;\"><strong>PANTONE<\/strong> Argent m\u00e9tallis\u00e9<\/p>\n<p style=\"padding-left: 30px;\"><strong>ORIGINE<\/strong> Angers, France<\/p>\n<p>\u00a0<\/p>\n<p>Dessin\u00e9s par nos artistes du monde entier et mis sous pli \u00e0 la main par nos petites f\u00e9es \u00e0 Angers, France.<\/p>\n<p>Nos papiers cadeaux et rubans vont sublimer vos cadeaux \u00e0 la perfection et peuvent aussi s\u2019offrir \u00e0 toutes vos autres utilisations cr\u00e9atives, comme la reliure ou les projets artistiques. Laissez nos papiers vous inspirer, et laissez parler votre cr\u00e9ativit\u00e9\u2026<\/p>\n<p><em>\u00ab\u00a0Faites de beaux cadeaux et faites des heureux !\u00a0\u00bb <\/em><\/p><\/blockquote>\n\n\n","protected":false},"excerpt":{"rendered":"<p style=\"text-align: justify;\"><b>Reproduction exclusive BNF<\/b><\/p>\n<h5><em>L&rsquo;Oracle de Dodone<\/em> papier cadeau<\/h5>\n<p style=\"text-align: justify;\">Au pied de la basilique murmure l\u2019arbre sacr\u00e9. Les feuilles antiques fr\u00e9missent dans un souffle divin. Pr\u00e9sage d\u2019avenir pour qui sait \u00e9couter. Sauv\u00e9es des m\u00e9moires mill\u00e9naires, les pr\u00eatresses r\u00e9v\u00e8lent l\u2019Oracle de Zeus et de Dion\u00e9, d\u00e9esse du ch\u00eane. Dodone, cit\u00e9 emport\u00e9e par les braises du couchant, renait de ses cendres pour nous parler d\u2019avenir.<\/p>\n<p style=\"text-align: justify;\">D\u00e9couvrez l&rsquo;accord noeud recommand\u00e9 : le <a href=\"https:\/\/www.impressionoriginale.com\/fr\/produit\/noeud-velours-vert-sapin-n228-l\/\" target=\"_blank\" rel=\"noopener\"><strong>noeud velours vert sapin n\u00b0228<\/strong><\/a> pour une touche royale. Ce design existe \u00e9galement en <a href=\"https:\/\/www.impressionoriginale.com\/fr\/produit\/look-loracle-de-dodone\/\" target=\"_blank\" rel=\"noopener\"><strong>pochette cadeau<\/strong><\/a> (taille M).<\/p>\n<p>D\u00e9tails techniques :<\/p>\n<ul style=\"list-style-type: disc;\">\n<li>70x100cm<\/li>\n<li>100 g\/m\u00b2<\/li>\n<li>Imprim\u00e9 recto-verso<\/li>\n<\/ul>\n<p style=\"text-align: center;\"><em>Note : Tous nos papiers cadeaux sont envoy\u00e9s roul\u00e9s soigneusement dans un tube.<\/em><\/p>\n","protected":false},"featured_media":10097,"template":"","meta":[],"product_brand":[],"product_cat":[912,62,82],"product_tag":[88],"class_list":{"0":"post-10136","1":"product","2":"type-product","3":"status-publish","4":"has-post-thumbnail","6":"product_cat-luxe","7":"product_cat-papier-cadeau","8":"product_cat-jardin-secret-fr","9":"product_tag-impression-originale-fr-2","11":"first","12":"instock","13":"taxable","14":"shipping-taxable","15":"purchasable","16":"product-type-simple"},"bundled_by":["11302","11321","11308","11310","12026","12029"],"bundle_stock_status":"instock","bundle_stock_quantity":61,"bundle_virtual":false,"bundle_layout":"","bundle_add_to_cart_form_location":"","bundle_editable_in_cart":false,"bundle_sold_individually_context":"","bundle_item_grouping":"","bundle_min_size":"","bundle_max_size":"","bundle_price":[],"bundled_items":[],"bundle_sell_ids":[],"yoast_head":"<!-- This site is optimized with the Yoast SEO plugin v27.5 - https:\/\/yoast.com\/product\/yoast-seo-wordpress\/ -->\n<title>L&#039;Oracle de Dodone Papier Cadeau - Impression Originale<\/title>\n<meta name=\"description\" content=\"Ce papier cadeau est une reproduction exclusive de la BNF par Impression Originale sur du papier 100% recycl\u00e9, made in France.\" \/>\n<meta name=\"robots\" content=\"index, follow, max-snippet:-1, max-image-preview:large, max-video-preview:-1\" \/>\n<link rel=\"canonical\" href=\"https:\/\/www.impressionoriginale.com\/fr\/produit\/loracle-de-dodone-papier-cadeau\/\" \/>\n<meta property=\"og:locale\" content=\"fr_FR\" \/>\n<meta property=\"og:type\" content=\"article\" \/>\n<meta property=\"og:title\" content=\"L&#039;Oracle de Dodone Papier Cadeau - Impression Originale\" \/>\n<meta property=\"og:description\" content=\"Ce papier cadeau est une reproduction exclusive de la BNF par Impression Originale sur du papier 100% recycl\u00e9, made in France.\" \/>\n<meta property=\"og:url\" content=\"https:\/\/www.impressionoriginale.com\/fr\/produit\/loracle-de-dodone-papier-cadeau\/\" \/>\n<meta property=\"og:site_name\" content=\"Impression Originale\" \/>\n<meta property=\"article:modified_time\" content=\"2026-02-19T16:51:13+00:00\" \/>\n<meta property=\"og:image\" content=\"https:\/\/www.impressionoriginale.com\/wp-content\/uploads\/2021\/11\/IOR-054BNFS1C2021_Oracle_Dodone_Gift_Wrap_IMPRESSION.ORIGINALE.jpg\" \/>\n\t<meta property=\"og:image:width\" content=\"1500\" \/>\n\t<meta property=\"og:image:height\" content=\"2000\" \/>\n\t<meta property=\"og:image:type\" content=\"image\/jpeg\" \/>\n<meta name=\"twitter:card\" content=\"summary_large_image\" \/>\n<script type=\"application\/ld+json\" class=\"yoast-schema-graph\">{\"@context\":\"https:\\\/\\\/schema.org\",\"@graph\":[{\"@type\":\"WebPage\",\"@id\":\"https:\\\/\\\/www.impressionoriginale.com\\\/fr\\\/produit\\\/loracle-de-dodone-papier-cadeau\\\/\",\"url\":\"https:\\\/\\\/www.impressionoriginale.com\\\/fr\\\/produit\\\/loracle-de-dodone-papier-cadeau\\\/\",\"name\":\"L'Oracle de Dodone Papier Cadeau - Impression Originale\",\"isPartOf\":{\"@id\":\"https:\\\/\\\/www.impressionoriginale.com\\\/fr\\\/#website\"},\"primaryImageOfPage\":{\"@id\":\"https:\\\/\\\/www.impressionoriginale.com\\\/fr\\\/produit\\\/loracle-de-dodone-papier-cadeau\\\/#primaryimage\"},\"image\":{\"@id\":\"https:\\\/\\\/www.impressionoriginale.com\\\/fr\\\/produit\\\/loracle-de-dodone-papier-cadeau\\\/#primaryimage\"},\"thumbnailUrl\":\"https:\\\/\\\/www.impressionoriginale.com\\\/wp-content\\\/uploads\\\/2021\\\/11\\\/IOR-054BNFS1C2021_Oracle_Dodone_Gift_Wrap_IMPRESSION.ORIGINALE.jpg\",\"datePublished\":\"2021-11-28T18:45:34+00:00\",\"dateModified\":\"2026-02-19T16:51:13+00:00\",\"description\":\"Ce papier cadeau est une reproduction exclusive de la BNF par Impression Originale sur du papier 100% recycl\u00e9, made in France.\",\"breadcrumb\":{\"@id\":\"https:\\\/\\\/www.impressionoriginale.com\\\/fr\\\/produit\\\/loracle-de-dodone-papier-cadeau\\\/#breadcrumb\"},\"inLanguage\":\"fr-FR\",\"potentialAction\":[{\"@type\":\"ReadAction\",\"target\":[\"https:\\\/\\\/www.impressionoriginale.com\\\/fr\\\/produit\\\/loracle-de-dodone-papier-cadeau\\\/\"]}]},{\"@type\":\"ImageObject\",\"inLanguage\":\"fr-FR\",\"@id\":\"https:\\\/\\\/www.impressionoriginale.com\\\/fr\\\/produit\\\/loracle-de-dodone-papier-cadeau\\\/#primaryimage\",\"url\":\"https:\\\/\\\/www.impressionoriginale.com\\\/wp-content\\\/uploads\\\/2021\\\/11\\\/IOR-054BNFS1C2021_Oracle_Dodone_Gift_Wrap_IMPRESSION.ORIGINALE.jpg\",\"contentUrl\":\"https:\\\/\\\/www.impressionoriginale.com\\\/wp-content\\\/uploads\\\/2021\\\/11\\\/IOR-054BNFS1C2021_Oracle_Dodone_Gift_Wrap_IMPRESSION.ORIGINALE.jpg\",\"width\":1500,\"height\":2000},{\"@type\":\"BreadcrumbList\",\"@id\":\"https:\\\/\\\/www.impressionoriginale.com\\\/fr\\\/produit\\\/loracle-de-dodone-papier-cadeau\\\/#breadcrumb\",\"itemListElement\":[{\"@type\":\"ListItem\",\"position\":1,\"name\":\"Home\",\"item\":\"https:\\\/\\\/www.impressionoriginale.com\\\/fr\\\/\"},{\"@type\":\"ListItem\",\"position\":2,\"name\":\"Boutique\",\"item\":\"https:\\\/\\\/www.impressionoriginale.com\\\/fr\\\/boutique\\\/\"},{\"@type\":\"ListItem\",\"position\":3,\"name\":\"L&#8217;Oracle de Dodone Papier Cadeau\"}]},{\"@type\":\"WebSite\",\"@id\":\"https:\\\/\\\/www.impressionoriginale.com\\\/fr\\\/#website\",\"url\":\"https:\\\/\\\/www.impressionoriginale.com\\\/fr\\\/\",\"name\":\"Impression Originale\",\"description\":\"The art of gifting has a new name. The online store for all your wrapping cravings.\",\"publisher\":{\"@id\":\"https:\\\/\\\/www.impressionoriginale.com\\\/fr\\\/#organization\"},\"potentialAction\":[{\"@type\":\"SearchAction\",\"target\":{\"@type\":\"EntryPoint\",\"urlTemplate\":\"https:\\\/\\\/www.impressionoriginale.com\\\/fr\\\/?s={search_term_string}\"},\"query-input\":{\"@type\":\"PropertyValueSpecification\",\"valueRequired\":true,\"valueName\":\"search_term_string\"}}],\"inLanguage\":\"fr-FR\"},{\"@type\":\"Organization\",\"@id\":\"https:\\\/\\\/www.impressionoriginale.com\\\/fr\\\/#organization\",\"name\":\"Impression Originale\",\"url\":\"https:\\\/\\\/www.impressionoriginale.com\\\/fr\\\/\",\"logo\":{\"@type\":\"ImageObject\",\"inLanguage\":\"fr-FR\",\"@id\":\"https:\\\/\\\/www.impressionoriginale.com\\\/fr\\\/#\\\/schema\\\/logo\\\/image\\\/\",\"url\":\"https:\\\/\\\/www.impressionoriginale.com\\\/wp-content\\\/uploads\\\/2021\\\/08\\\/LOGO-2020-BLACK.png\",\"contentUrl\":\"https:\\\/\\\/www.impressionoriginale.com\\\/wp-content\\\/uploads\\\/2021\\\/08\\\/LOGO-2020-BLACK.png\",\"width\":567,\"height\":567,\"caption\":\"Impression Originale\"},\"image\":{\"@id\":\"https:\\\/\\\/www.impressionoriginale.com\\\/fr\\\/#\\\/schema\\\/logo\\\/image\\\/\"}}]}<\/script>\n<!-- \/ Yoast SEO plugin. -->","yoast_head_json":{"title":"L'Oracle de Dodone Papier Cadeau - Impression Originale","description":"Ce papier cadeau est une reproduction exclusive de la BNF par Impression Originale sur du papier 100% recycl\u00e9, made in France.","robots":{"index":"index","follow":"follow","max-snippet":"max-snippet:-1","max-image-preview":"max-image-preview:large","max-video-preview":"max-video-preview:-1"},"canonical":"https:\/\/www.impressionoriginale.com\/fr\/produit\/loracle-de-dodone-papier-cadeau\/","og_locale":"fr_FR","og_type":"article","og_title":"L'Oracle de Dodone Papier Cadeau - Impression Originale","og_description":"Ce papier cadeau est une reproduction exclusive de la BNF par Impression Originale sur du papier 100% recycl\u00e9, made in France.","og_url":"https:\/\/www.impressionoriginale.com\/fr\/produit\/loracle-de-dodone-papier-cadeau\/","og_site_name":"Impression Originale","article_modified_time":"2026-02-19T16:51:13+00:00","og_image":[{"width":1500,"height":2000,"url":"https:\/\/www.impressionoriginale.com\/wp-content\/uploads\/2021\/11\/IOR-054BNFS1C2021_Oracle_Dodone_Gift_Wrap_IMPRESSION.ORIGINALE.jpg","type":"image\/jpeg"}],"twitter_card":"summary_large_image","schema":{"@context":"https:\/\/schema.org","@graph":[{"@type":"WebPage","@id":"https:\/\/www.impressionoriginale.com\/fr\/produit\/loracle-de-dodone-papier-cadeau\/","url":"https:\/\/www.impressionoriginale.com\/fr\/produit\/loracle-de-dodone-papier-cadeau\/","name":"L'Oracle de Dodone Papier Cadeau - Impression Originale","isPartOf":{"@id":"https:\/\/www.impressionoriginale.com\/fr\/#website"},"primaryImageOfPage":{"@id":"https:\/\/www.impressionoriginale.com\/fr\/produit\/loracle-de-dodone-papier-cadeau\/#primaryimage"},"image":{"@id":"https:\/\/www.impressionoriginale.com\/fr\/produit\/loracle-de-dodone-papier-cadeau\/#primaryimage"},"thumbnailUrl":"https:\/\/www.impressionoriginale.com\/wp-content\/uploads\/2021\/11\/IOR-054BNFS1C2021_Oracle_Dodone_Gift_Wrap_IMPRESSION.ORIGINALE.jpg","datePublished":"2021-11-28T18:45:34+00:00","dateModified":"2026-02-19T16:51:13+00:00","description":"Ce papier cadeau est une reproduction exclusive de la BNF par Impression Originale sur du papier 100% recycl\u00e9, made in France.","breadcrumb":{"@id":"https:\/\/www.impressionoriginale.com\/fr\/produit\/loracle-de-dodone-papier-cadeau\/#breadcrumb"},"inLanguage":"fr-FR","potentialAction":[{"@type":"ReadAction","target":["https:\/\/www.impressionoriginale.com\/fr\/produit\/loracle-de-dodone-papier-cadeau\/"]}]},{"@type":"ImageObject","inLanguage":"fr-FR","@id":"https:\/\/www.impressionoriginale.com\/fr\/produit\/loracle-de-dodone-papier-cadeau\/#primaryimage","url":"https:\/\/www.impressionoriginale.com\/wp-content\/uploads\/2021\/11\/IOR-054BNFS1C2021_Oracle_Dodone_Gift_Wrap_IMPRESSION.ORIGINALE.jpg","contentUrl":"https:\/\/www.impressionoriginale.com\/wp-content\/uploads\/2021\/11\/IOR-054BNFS1C2021_Oracle_Dodone_Gift_Wrap_IMPRESSION.ORIGINALE.jpg","width":1500,"height":2000},{"@type":"BreadcrumbList","@id":"https:\/\/www.impressionoriginale.com\/fr\/produit\/loracle-de-dodone-papier-cadeau\/#breadcrumb","itemListElement":[{"@type":"ListItem","position":1,"name":"Home","item":"https:\/\/www.impressionoriginale.com\/fr\/"},{"@type":"ListItem","position":2,"name":"Boutique","item":"https:\/\/www.impressionoriginale.com\/fr\/boutique\/"},{"@type":"ListItem","position":3,"name":"L&#8217;Oracle de Dodone Papier Cadeau"}]},{"@type":"WebSite","@id":"https:\/\/www.impressionoriginale.com\/fr\/#website","url":"https:\/\/www.impressionoriginale.com\/fr\/","name":"Impression Originale","description":"The art of gifting has a new name. The online store for all your wrapping cravings.","publisher":{"@id":"https:\/\/www.impressionoriginale.com\/fr\/#organization"},"potentialAction":[{"@type":"SearchAction","target":{"@type":"EntryPoint","urlTemplate":"https:\/\/www.impressionoriginale.com\/fr\/?s={search_term_string}"},"query-input":{"@type":"PropertyValueSpecification","valueRequired":true,"valueName":"search_term_string"}}],"inLanguage":"fr-FR"},{"@type":"Organization","@id":"https:\/\/www.impressionoriginale.com\/fr\/#organization","name":"Impression Originale","url":"https:\/\/www.impressionoriginale.com\/fr\/","logo":{"@type":"ImageObject","inLanguage":"fr-FR","@id":"https:\/\/www.impressionoriginale.com\/fr\/#\/schema\/logo\/image\/","url":"https:\/\/www.impressionoriginale.com\/wp-content\/uploads\/2021\/08\/LOGO-2020-BLACK.png","contentUrl":"https:\/\/www.impressionoriginale.com\/wp-content\/uploads\/2021\/08\/LOGO-2020-BLACK.png","width":567,"height":567,"caption":"Impression Originale"},"image":{"@id":"https:\/\/www.impressionoriginale.com\/fr\/#\/schema\/logo\/image\/"}}]}},"_links":{"self":[{"href":"https:\/\/www.impressionoriginale.com\/fr\/wp-json\/wp\/v2\/product\/10136","targetHints":{"allow":["GET"]}}],"collection":[{"href":"https:\/\/www.impressionoriginale.com\/fr\/wp-json\/wp\/v2\/product"}],"about":[{"href":"https:\/\/www.impressionoriginale.com\/fr\/wp-json\/wp\/v2\/types\/product"}],"wp:featuredmedia":[{"embeddable":true,"href":"https:\/\/www.impressionoriginale.com\/fr\/wp-json\/wp\/v2\/media\/10097"}],"wp:attachment":[{"href":"https:\/\/www.impressionoriginale.com\/fr\/wp-json\/wp\/v2\/media?parent=10136"}],"wp:term":[{"taxonomy":"product_brand","embeddable":true,"href":"https:\/\/www.impressionoriginale.com\/fr\/wp-json\/wp\/v2\/product_brand?post=10136"},{"taxonomy":"product_cat","embeddable":true,"href":"https:\/\/www.impressionoriginale.com\/fr\/wp-json\/wp\/v2\/product_cat?post=10136"},{"taxonomy":"product_tag","embeddable":true,"href":"https:\/\/www.impressionoriginale.com\/fr\/wp-json\/wp\/v2\/product_tag?post=10136"}],"curies":[{"name":"wp","href":"https:\/\/api.w.org\/{rel}","templated":true}]}}