{"id":10195,"date":"2021-11-29T10:57:32","date_gmt":"2021-11-29T10:57:32","guid":{"rendered":"https:\/\/impressionor.wpengine.com\/?post_type=product&#038;p=10195"},"modified":"2024-12-02T09:18:16","modified_gmt":"2024-12-02T09:18:16","slug":"noeud-velours-vert-amande-n436-l","status":"publish","type":"product","link":"https:\/\/www.impressionoriginale.com\/fr\/produit\/noeud-velours-vert-amande-n436-l\/","title":{"rendered":"N\u0153ud velours vert amande n\u00b0436 (L)"},"content":{"rendered":"","protected":false},"excerpt":{"rendered":"<p><span style=\"color: #000000;\"><strong>Largeur<\/strong> \u00a0 \u00a0 \u00a0 \u00a05 cm<\/span><br \/>\n<span style=\"color: #000000;\"><strong>Longueur<\/strong> \u00a0 \u00a0 12 cm<\/span><br \/>\n<span style=\"color: #000000;\"><strong>Id\u00e9al<\/strong>\u00a0 \u00a0 \u00a0 \u00a0 \u00a0 \u00a0 \u00a0 moyen format<\/span><\/p>\n<p>&nbsp;<\/p>\n<p style=\"text-align: justify;\">Ce grand n\u0153ud velours smoking, pr\u00eat-\u00e0-poser, viendra sublimer vos plus beaux cadeaux. Il vous suffit de le coller sur votre paquet pour un effet couture, toujours parfait.<\/p>\n<p style=\"text-align: justify;\">Nous vous recommandons ce n\u0153ud pr\u00eat-\u00e0-poser avec l&rsquo;une de nos <a href=\"https:\/\/www.impressionoriginale.com\/fr\/pochette-boite\/pochette-cadeau\/\" target=\"_blank\" rel=\"noopener\"><strong>pochettes cadeaux<\/strong><\/a>.<\/p>\n","protected":false},"featured_media":10193,"template":"","meta":[],"product_brand":[],"product_cat":[528,535],"product_tag":[88,1000,783,1146,1002,1147],"class_list":{"0":"post-10195","1":"product","2":"type-product","3":"status-publish","4":"has-post-thumbnail","6":"product_cat-noeud","7":"product_cat-taille-l","8":"product_tag-impression-originale-fr-2","9":"product_tag-made-in-france-fr","10":"product_tag-noeud-fr-2","11":"product_tag-ready-to-bow-fr","12":"product_tag-taille-l-fr","13":"product_tag-velvet-fr","15":"first","16":"instock","17":"taxable","18":"shipping-taxable","19":"purchasable","20":"product-type-simple"},"bundled_by":["11991","11984"],"bundle_stock_status":"instock","bundle_stock_quantity":2,"bundle_virtual":false,"bundle_layout":"","bundle_add_to_cart_form_location":"","bundle_editable_in_cart":false,"bundle_sold_individually_context":"","bundle_item_grouping":"","bundle_min_size":"","bundle_max_size":"","bundle_price":[],"bundled_items":[],"bundle_sell_ids":[],"yoast_head":"<!-- This site is optimized with the Yoast SEO plugin v27.3 - https:\/\/yoast.com\/product\/yoast-seo-wordpress\/ -->\n<title>N\u0153ud velours vert amande n\u00b0436 (L) - Impression Originale<\/title>\n<meta name=\"description\" content=\"Ce grand n\u0153ud velours smoking vert amande viendra sublimer vos plus beaux cadeaux. Pr\u00eat \u00e0 poser. Fait main par Impression Originale. Made in France.\" \/>\n<meta name=\"robots\" content=\"index, follow, max-snippet:-1, max-image-preview:large, max-video-preview:-1\" \/>\n<link rel=\"canonical\" href=\"https:\/\/www.impressionoriginale.com\/fr\/produit\/noeud-velours-vert-amande-n436-l\/\" \/>\n<meta property=\"og:locale\" content=\"fr_FR\" \/>\n<meta property=\"og:type\" content=\"article\" \/>\n<meta property=\"og:title\" content=\"N\u0153ud velours vert amande n\u00b0436 (L) - Impression Originale\" \/>\n<meta property=\"og:description\" content=\"Ce grand n\u0153ud velours smoking vert amande viendra sublimer vos plus beaux cadeaux. Pr\u00eat \u00e0 poser. Fait main par Impression Originale. Made in France.\" \/>\n<meta property=\"og:url\" content=\"https:\/\/www.impressionoriginale.com\/fr\/produit\/noeud-velours-vert-amande-n436-l\/\" \/>\n<meta property=\"og:site_name\" content=\"Impression Originale\" \/>\n<meta property=\"article:modified_time\" content=\"2024-12-02T09:18:16+00:00\" \/>\n<meta property=\"og:image\" content=\"https:\/\/www.impressionoriginale.com\/wp-content\/uploads\/2021\/11\/NVEL436AMA50_Almond-Green-Velvet-Tuxedo-Bow-n\u00b0436_IMPRESSION_ORIGINALE.jpg\" \/>\n\t<meta property=\"og:image:width\" content=\"1335\" \/>\n\t<meta property=\"og:image:height\" content=\"2000\" \/>\n\t<meta property=\"og:image:type\" content=\"image\/jpeg\" \/>\n<meta name=\"twitter:card\" content=\"summary_large_image\" \/>\n<meta name=\"twitter:label1\" content=\"Dur\u00e9e de lecture estim\u00e9e\" \/>\n\t<meta name=\"twitter:data1\" content=\"1 minute\" \/>\n<script type=\"application\/ld+json\" class=\"yoast-schema-graph\">{\"@context\":\"https:\\\/\\\/schema.org\",\"@graph\":[{\"@type\":\"WebPage\",\"@id\":\"https:\\\/\\\/www.impressionoriginale.com\\\/fr\\\/produit\\\/noeud-velours-vert-amande-n436-l\\\/\",\"url\":\"https:\\\/\\\/www.impressionoriginale.com\\\/fr\\\/produit\\\/noeud-velours-vert-amande-n436-l\\\/\",\"name\":\"N\u0153ud velours vert amande n\u00b0436 (L) - Impression Originale\",\"isPartOf\":{\"@id\":\"https:\\\/\\\/www.impressionoriginale.com\\\/fr\\\/#website\"},\"primaryImageOfPage\":{\"@id\":\"https:\\\/\\\/www.impressionoriginale.com\\\/fr\\\/produit\\\/noeud-velours-vert-amande-n436-l\\\/#primaryimage\"},\"image\":{\"@id\":\"https:\\\/\\\/www.impressionoriginale.com\\\/fr\\\/produit\\\/noeud-velours-vert-amande-n436-l\\\/#primaryimage\"},\"thumbnailUrl\":\"https:\\\/\\\/www.impressionoriginale.com\\\/wp-content\\\/uploads\\\/2021\\\/11\\\/NVEL436AMA50_Almond-Green-Velvet-Tuxedo-Bow-n\u00b0436_IMPRESSION_ORIGINALE.jpg\",\"datePublished\":\"2021-11-29T10:57:32+00:00\",\"dateModified\":\"2024-12-02T09:18:16+00:00\",\"description\":\"Ce grand n\u0153ud velours smoking vert amande viendra sublimer vos plus beaux cadeaux. Pr\u00eat \u00e0 poser. Fait main par Impression Originale. Made in France.\",\"breadcrumb\":{\"@id\":\"https:\\\/\\\/www.impressionoriginale.com\\\/fr\\\/produit\\\/noeud-velours-vert-amande-n436-l\\\/#breadcrumb\"},\"inLanguage\":\"fr-FR\",\"potentialAction\":[{\"@type\":\"ReadAction\",\"target\":[\"https:\\\/\\\/www.impressionoriginale.com\\\/fr\\\/produit\\\/noeud-velours-vert-amande-n436-l\\\/\"]}]},{\"@type\":\"ImageObject\",\"inLanguage\":\"fr-FR\",\"@id\":\"https:\\\/\\\/www.impressionoriginale.com\\\/fr\\\/produit\\\/noeud-velours-vert-amande-n436-l\\\/#primaryimage\",\"url\":\"https:\\\/\\\/www.impressionoriginale.com\\\/wp-content\\\/uploads\\\/2021\\\/11\\\/NVEL436AMA50_Almond-Green-Velvet-Tuxedo-Bow-n\u00b0436_IMPRESSION_ORIGINALE.jpg\",\"contentUrl\":\"https:\\\/\\\/www.impressionoriginale.com\\\/wp-content\\\/uploads\\\/2021\\\/11\\\/NVEL436AMA50_Almond-Green-Velvet-Tuxedo-Bow-n\u00b0436_IMPRESSION_ORIGINALE.jpg\",\"width\":1335,\"height\":2000,\"caption\":\"NVEL436AMA50 Almond green velvet gift bow\"},{\"@type\":\"BreadcrumbList\",\"@id\":\"https:\\\/\\\/www.impressionoriginale.com\\\/fr\\\/produit\\\/noeud-velours-vert-amande-n436-l\\\/#breadcrumb\",\"itemListElement\":[{\"@type\":\"ListItem\",\"position\":1,\"name\":\"Home\",\"item\":\"https:\\\/\\\/www.impressionoriginale.com\\\/fr\\\/\"},{\"@type\":\"ListItem\",\"position\":2,\"name\":\"Boutique\",\"item\":\"https:\\\/\\\/www.impressionoriginale.com\\\/fr\\\/boutique\\\/\"},{\"@type\":\"ListItem\",\"position\":3,\"name\":\"N\u0153ud velours vert amande n\u00b0436 (L)\"}]},{\"@type\":\"WebSite\",\"@id\":\"https:\\\/\\\/www.impressionoriginale.com\\\/fr\\\/#website\",\"url\":\"https:\\\/\\\/www.impressionoriginale.com\\\/fr\\\/\",\"name\":\"Impression Originale\",\"description\":\"The art of gifting has a new name. The online store for all your wrapping cravings.\",\"publisher\":{\"@id\":\"https:\\\/\\\/www.impressionoriginale.com\\\/fr\\\/#organization\"},\"potentialAction\":[{\"@type\":\"SearchAction\",\"target\":{\"@type\":\"EntryPoint\",\"urlTemplate\":\"https:\\\/\\\/www.impressionoriginale.com\\\/fr\\\/?s={search_term_string}\"},\"query-input\":{\"@type\":\"PropertyValueSpecification\",\"valueRequired\":true,\"valueName\":\"search_term_string\"}}],\"inLanguage\":\"fr-FR\"},{\"@type\":\"Organization\",\"@id\":\"https:\\\/\\\/www.impressionoriginale.com\\\/fr\\\/#organization\",\"name\":\"Impression Originale\",\"url\":\"https:\\\/\\\/www.impressionoriginale.com\\\/fr\\\/\",\"logo\":{\"@type\":\"ImageObject\",\"inLanguage\":\"fr-FR\",\"@id\":\"https:\\\/\\\/www.impressionoriginale.com\\\/fr\\\/#\\\/schema\\\/logo\\\/image\\\/\",\"url\":\"https:\\\/\\\/www.impressionoriginale.com\\\/wp-content\\\/uploads\\\/2021\\\/08\\\/LOGO-2020-BLACK.png\",\"contentUrl\":\"https:\\\/\\\/www.impressionoriginale.com\\\/wp-content\\\/uploads\\\/2021\\\/08\\\/LOGO-2020-BLACK.png\",\"width\":567,\"height\":567,\"caption\":\"Impression Originale\"},\"image\":{\"@id\":\"https:\\\/\\\/www.impressionoriginale.com\\\/fr\\\/#\\\/schema\\\/logo\\\/image\\\/\"}}]}<\/script>\n<!-- \/ Yoast SEO plugin. -->","yoast_head_json":{"title":"N\u0153ud velours vert amande n\u00b0436 (L) - Impression Originale","description":"Ce grand n\u0153ud velours smoking vert amande viendra sublimer vos plus beaux cadeaux. Pr\u00eat \u00e0 poser. Fait main par Impression Originale. Made in France.","robots":{"index":"index","follow":"follow","max-snippet":"max-snippet:-1","max-image-preview":"max-image-preview:large","max-video-preview":"max-video-preview:-1"},"canonical":"https:\/\/www.impressionoriginale.com\/fr\/produit\/noeud-velours-vert-amande-n436-l\/","og_locale":"fr_FR","og_type":"article","og_title":"N\u0153ud velours vert amande n\u00b0436 (L) - Impression Originale","og_description":"Ce grand n\u0153ud velours smoking vert amande viendra sublimer vos plus beaux cadeaux. Pr\u00eat \u00e0 poser. Fait main par Impression Originale. Made in France.","og_url":"https:\/\/www.impressionoriginale.com\/fr\/produit\/noeud-velours-vert-amande-n436-l\/","og_site_name":"Impression Originale","article_modified_time":"2024-12-02T09:18:16+00:00","og_image":[{"width":1335,"height":2000,"url":"https:\/\/www.impressionoriginale.com\/wp-content\/uploads\/2021\/11\/NVEL436AMA50_Almond-Green-Velvet-Tuxedo-Bow-n\u00b0436_IMPRESSION_ORIGINALE.jpg","type":"image\/jpeg"}],"twitter_card":"summary_large_image","twitter_misc":{"Dur\u00e9e de lecture estim\u00e9e":"1 minute"},"schema":{"@context":"https:\/\/schema.org","@graph":[{"@type":"WebPage","@id":"https:\/\/www.impressionoriginale.com\/fr\/produit\/noeud-velours-vert-amande-n436-l\/","url":"https:\/\/www.impressionoriginale.com\/fr\/produit\/noeud-velours-vert-amande-n436-l\/","name":"N\u0153ud velours vert amande n\u00b0436 (L) - Impression Originale","isPartOf":{"@id":"https:\/\/www.impressionoriginale.com\/fr\/#website"},"primaryImageOfPage":{"@id":"https:\/\/www.impressionoriginale.com\/fr\/produit\/noeud-velours-vert-amande-n436-l\/#primaryimage"},"image":{"@id":"https:\/\/www.impressionoriginale.com\/fr\/produit\/noeud-velours-vert-amande-n436-l\/#primaryimage"},"thumbnailUrl":"https:\/\/www.impressionoriginale.com\/wp-content\/uploads\/2021\/11\/NVEL436AMA50_Almond-Green-Velvet-Tuxedo-Bow-n\u00b0436_IMPRESSION_ORIGINALE.jpg","datePublished":"2021-11-29T10:57:32+00:00","dateModified":"2024-12-02T09:18:16+00:00","description":"Ce grand n\u0153ud velours smoking vert amande viendra sublimer vos plus beaux cadeaux. Pr\u00eat \u00e0 poser. Fait main par Impression Originale. Made in France.","breadcrumb":{"@id":"https:\/\/www.impressionoriginale.com\/fr\/produit\/noeud-velours-vert-amande-n436-l\/#breadcrumb"},"inLanguage":"fr-FR","potentialAction":[{"@type":"ReadAction","target":["https:\/\/www.impressionoriginale.com\/fr\/produit\/noeud-velours-vert-amande-n436-l\/"]}]},{"@type":"ImageObject","inLanguage":"fr-FR","@id":"https:\/\/www.impressionoriginale.com\/fr\/produit\/noeud-velours-vert-amande-n436-l\/#primaryimage","url":"https:\/\/www.impressionoriginale.com\/wp-content\/uploads\/2021\/11\/NVEL436AMA50_Almond-Green-Velvet-Tuxedo-Bow-n\u00b0436_IMPRESSION_ORIGINALE.jpg","contentUrl":"https:\/\/www.impressionoriginale.com\/wp-content\/uploads\/2021\/11\/NVEL436AMA50_Almond-Green-Velvet-Tuxedo-Bow-n\u00b0436_IMPRESSION_ORIGINALE.jpg","width":1335,"height":2000,"caption":"NVEL436AMA50 Almond green velvet gift bow"},{"@type":"BreadcrumbList","@id":"https:\/\/www.impressionoriginale.com\/fr\/produit\/noeud-velours-vert-amande-n436-l\/#breadcrumb","itemListElement":[{"@type":"ListItem","position":1,"name":"Home","item":"https:\/\/www.impressionoriginale.com\/fr\/"},{"@type":"ListItem","position":2,"name":"Boutique","item":"https:\/\/www.impressionoriginale.com\/fr\/boutique\/"},{"@type":"ListItem","position":3,"name":"N\u0153ud velours vert amande n\u00b0436 (L)"}]},{"@type":"WebSite","@id":"https:\/\/www.impressionoriginale.com\/fr\/#website","url":"https:\/\/www.impressionoriginale.com\/fr\/","name":"Impression Originale","description":"The art of gifting has a new name. The online store for all your wrapping cravings.","publisher":{"@id":"https:\/\/www.impressionoriginale.com\/fr\/#organization"},"potentialAction":[{"@type":"SearchAction","target":{"@type":"EntryPoint","urlTemplate":"https:\/\/www.impressionoriginale.com\/fr\/?s={search_term_string}"},"query-input":{"@type":"PropertyValueSpecification","valueRequired":true,"valueName":"search_term_string"}}],"inLanguage":"fr-FR"},{"@type":"Organization","@id":"https:\/\/www.impressionoriginale.com\/fr\/#organization","name":"Impression Originale","url":"https:\/\/www.impressionoriginale.com\/fr\/","logo":{"@type":"ImageObject","inLanguage":"fr-FR","@id":"https:\/\/www.impressionoriginale.com\/fr\/#\/schema\/logo\/image\/","url":"https:\/\/www.impressionoriginale.com\/wp-content\/uploads\/2021\/08\/LOGO-2020-BLACK.png","contentUrl":"https:\/\/www.impressionoriginale.com\/wp-content\/uploads\/2021\/08\/LOGO-2020-BLACK.png","width":567,"height":567,"caption":"Impression Originale"},"image":{"@id":"https:\/\/www.impressionoriginale.com\/fr\/#\/schema\/logo\/image\/"}}]}},"_links":{"self":[{"href":"https:\/\/www.impressionoriginale.com\/fr\/wp-json\/wp\/v2\/product\/10195","targetHints":{"allow":["GET"]}}],"collection":[{"href":"https:\/\/www.impressionoriginale.com\/fr\/wp-json\/wp\/v2\/product"}],"about":[{"href":"https:\/\/www.impressionoriginale.com\/fr\/wp-json\/wp\/v2\/types\/product"}],"wp:featuredmedia":[{"embeddable":true,"href":"https:\/\/www.impressionoriginale.com\/fr\/wp-json\/wp\/v2\/media\/10193"}],"wp:attachment":[{"href":"https:\/\/www.impressionoriginale.com\/fr\/wp-json\/wp\/v2\/media?parent=10195"}],"wp:term":[{"taxonomy":"product_brand","embeddable":true,"href":"https:\/\/www.impressionoriginale.com\/fr\/wp-json\/wp\/v2\/product_brand?post=10195"},{"taxonomy":"product_cat","embeddable":true,"href":"https:\/\/www.impressionoriginale.com\/fr\/wp-json\/wp\/v2\/product_cat?post=10195"},{"taxonomy":"product_tag","embeddable":true,"href":"https:\/\/www.impressionoriginale.com\/fr\/wp-json\/wp\/v2\/product_tag?post=10195"}],"curies":[{"name":"wp","href":"https:\/\/api.w.org\/{rel}","templated":true}]}}