{"id":10206,"date":"2021-11-29T13:02:06","date_gmt":"2021-11-29T13:02:07","guid":{"rendered":"https:\/\/impressionor.wpengine.com\/?post_type=product&#038;p=10206"},"modified":"2024-05-20T11:09:34","modified_gmt":"2024-05-20T11:09:34","slug":"noeud-satin-aile-bleu-klein-n320-l","status":"publish","type":"product","link":"https:\/\/www.impressionoriginale.com\/fr\/produit\/noeud-satin-aile-bleu-klein-n320-l\/","title":{"rendered":"N\u0153ud satin ail\u00e9 bleu klein n\u00b0320 (L)"},"content":{"rendered":"<div class=\"wpb-content-wrapper\"><p>[vc_row][vc_column width=\u00a0\u00bb2\/3\u2033][vc_column_text]<\/p>\n<p style=\"text-align: justify;\">S\u00e9lectionn\u00e9 avec attention, chaque noeud\u00a0est associ\u00e9 \u00e0 un ou plusieurs papiers. Tous nos noeuds\u00a0pr\u00eat-\u00e0-poser sont confectionn\u00e9s \u00e0 la main \u00e0 Angers en France.<\/p>\n<p style=\"text-align: justify;\">Chaque n\u0153ud est emball\u00e9 dans du papier de soie et il peut \u00eatre coll\u00e9 sur votre cadeau gr\u00e2ce \u00e0 la gommette double face fournie, seul ou avec le ruban associ\u00e9. Soyez cr\u00e9atif(ve), inspir\u00e9(e) et fa\u00eetes des heureux !<\/p>\n<p style=\"text-align: right;\"><em>\u00ab Aimer ce que vous fa\u00eetes, et fa\u00eetes-le bien \u00bb<\/em><\/p>\n<p>[\/vc_column_text][\/vc_column][vc_column width=\u00a0\u00bb1\/3\u2033][vc_column_text]<\/p>\n<table>\n<tbody>\n<tr>\n<td width=\"87\"><strong>POIDS<\/strong><\/td>\n<td width=\"147\">15 g<\/td>\n<\/tr>\n<tr>\n<td width=\"87\"><strong>DIMENSIONS\u00a0<\/strong><\/td>\n<td width=\"147\">10\u00d712 cm<\/td>\n<\/tr>\n<tr>\n<td width=\"87\"><strong>MATIERE<\/strong><\/td>\n<td width=\"147\">Satin<\/td>\n<\/tr>\n<tr>\n<td width=\"87\"><strong>COULEUR \u00a0 \u00a0 \u00a0\u00a0<\/strong><\/td>\n<td width=\"147\">Bleu Klein<\/td>\n<\/tr>\n<tr>\n<td width=\"87\"><strong>ORIGINE \u00a0 \u00a0 \u00a0 \u00a0\u00a0<\/strong><\/td>\n<td width=\"147\">France<\/td>\n<\/tr>\n<\/tbody>\n<\/table>\n<p>[\/vc_column_text][\/vc_column][\/vc_row][vc_row][vc_column][vc_column_text]<\/p>\n<table width=\"604\">\n<tbody>\n<tr>\n<td colspan=\"2\" width=\"378\"><strong>COULEUR<\/strong>\n<p><strong style=\"font-style: inherit;\">Noeud satin ail\u00e9 pr\u00eat-\u00e0-poser<\/strong><\/p><\/td>\n<td width=\"227\"><strong>TAILLE<\/strong>\n<p>(mm)<\/p><\/td>\n<\/tr>\n<tr>\n<td style=\"font-style: inherit; font-weight: inherit;\" width=\"151\"><a href=\"https:\/\/www.impressionoriginale.com\/fr\/produit\/noeud-satin-bleu-canard-n269-l\/\">Bleu canard<\/a><\/td>\n<td style=\"font-style: inherit; font-weight: inherit;\" width=\"226\"><a href=\"https:\/\/www.impressionoriginale.com\/fr\/produit\/noeud-satin-aile-rose-opera-n330-l\/\">Rose op\u00e9ra<\/a><\/td>\n<td width=\"227\">L<\/td>\n<\/tr>\n<tr>\n<td style=\"font-style: inherit; font-weight: inherit;\" width=\"151\"><a href=\"https:\/\/www.impressionoriginale.com\/fr\/produit\/noeud-satin-bleu-marine-n225-l\/\">Bleu marine<\/a><\/td>\n<td width=\"226\"><a href=\"https:\/\/www.impressionoriginale.com\/fr\/produit\/noeud-satin-aile-rouge-n324-l\/\">Rouge<\/a><\/td>\n<td width=\"227\">L<\/td>\n<\/tr>\n<tr>\n<td style=\"font-style: inherit; font-weight: inherit;\" width=\"151\"><a href=\"https:\/\/www.impressionoriginale.com\/fr\/produit\/noeud-satin-aile-bleu-klein-n320-l\/\">Bleu Klein<\/a><\/td>\n<td style=\"font-style: inherit; font-weight: inherit;\" width=\"226\"><a href=\"https:\/\/www.impressionoriginale.com\/fr\/produit\/noeud-satin-aile-emeraude-n307-l\/\">Vert \u00c9meraude<\/a><\/td>\n<td width=\"227\">L<\/td>\n<\/tr>\n<tr>\n<td style=\"font-style: inherit; font-weight: inherit;\" width=\"151\"><a href=\"https:\/\/www.impressionoriginale.com\/fr\/produit\/noeud-satin-aile-bordeaux-n264-l\/\">Bordeaux<\/a><\/td>\n<td style=\"font-style: inherit; font-weight: inherit;\" width=\"226\"><a href=\"https:\/\/www.impressionoriginale.com\/fr\/produit\/noeud-satin-vert-deau-n273-l\/\">Vert d\u2019eau<\/a><\/td>\n<td width=\"227\">L<\/td>\n<\/tr>\n<tr>\n<td style=\"font-style: inherit; font-weight: inherit;\" width=\"151\"><a href=\"https:\/\/www.impressionoriginale.com\/fr\/produit\/noeud-satin-aile-mordore-n304-l\/\">Mordor\u00e9<\/a><\/td>\n<td style=\"font-style: inherit; font-weight: inherit;\" width=\"226\"><a href=\"https:\/\/www.impressionoriginale.com\/fr\/produit\/noeud-satin-aile-vert-sapin-n306-l\/\">Vert sapin<\/a><\/td>\n<td width=\"227\">L<\/td>\n<\/tr>\n<\/tbody>\n<\/table>\n<p>[\/vc_column_text][\/vc_column][\/vc_row]<\/p>\n\n\n<\/div>","protected":false},"excerpt":{"rendered":"<p><span style=\"color: #000000;\"><strong>Largeur<\/strong> \u00a0 \u00a0 \u00a0 \u00a0 10 cm<\/span><br \/>\n<span style=\"color: #000000;\"><strong>Longueur<\/strong> \u00a0 \u00a0 12 cm<\/span><br \/>\n<span style=\"color: #000000;\"><strong>Id\u00e9al<\/strong>\u00a0 \u00a0 \u00a0 \u00a0 \u00a0 \u00a0 \u00a0 moyen, grand format<\/span><\/p>\n<p>&nbsp;<\/p>\n<p style=\"text-align: justify;\">Ce grand n\u0153ud satin bleu Klein ail\u00e9, pr\u00eat-\u00e0-poser, viendra sublimer vos plus beaux cadeaux. Il vous suffit de le coller sur votre paquet pour un effet couture, toujours parfait.<\/p>\n<p style=\"text-align: justify;\">Nous vous recommandons ce n\u0153ud pr\u00eat-\u00e0-poser avec nos <a href=\"https:\/\/www.impressionoriginale.com\/fr\/pochette-boite\/pochette-cadeau\/\" target=\"_blank\" rel=\"noopener\"><strong>pochettes cadeaux.<\/strong><\/a><\/p>\n","protected":false},"featured_media":10187,"template":"","meta":[],"product_brand":[],"product_cat":[528,535],"product_tag":[88,1000,783,986,1002],"class_list":{"0":"post-10206","1":"product","2":"type-product","3":"status-publish","4":"has-post-thumbnail","6":"product_cat-noeud","7":"product_cat-taille-l","8":"product_tag-impression-originale-fr-2","9":"product_tag-made-in-france-fr","10":"product_tag-noeud-fr-2","11":"product_tag-noeud-aile","12":"product_tag-taille-l-fr","14":"first","15":"instock","16":"taxable","17":"shipping-taxable","18":"purchasable","19":"product-type-simple"},"bundled_by":["11262","11270","11319"],"bundle_stock_status":"instock","bundle_stock_quantity":21,"bundle_virtual":false,"bundle_layout":"","bundle_add_to_cart_form_location":"","bundle_editable_in_cart":false,"bundle_sold_individually_context":"","bundle_item_grouping":"","bundle_min_size":"","bundle_max_size":"","bundle_price":[],"bundled_items":[],"bundle_sell_ids":[],"yoast_head":"<!-- This site is optimized with the Yoast SEO plugin v27.3 - https:\/\/yoast.com\/product\/yoast-seo-wordpress\/ -->\n<title>N\u0153ud satin ail\u00e9 bleu klein n\u00b0320 (L) - Impression Originale<\/title>\n<meta name=\"description\" content=\"Large noeud en bleu Klein sapin en forme ail\u00e9e vient se poser sur vos plus jolis cadeaux pour un r\u00e9sultat toujours parfait. Fait main, Impression Originale.\" \/>\n<meta name=\"robots\" content=\"index, follow, max-snippet:-1, max-image-preview:large, max-video-preview:-1\" \/>\n<link rel=\"canonical\" href=\"https:\/\/www.impressionoriginale.com\/fr\/produit\/noeud-satin-aile-bleu-klein-n320-l\/\" \/>\n<meta property=\"og:locale\" content=\"fr_FR\" \/>\n<meta property=\"og:type\" content=\"article\" \/>\n<meta property=\"og:title\" content=\"N\u0153ud satin ail\u00e9 bleu klein n\u00b0320 (L) - Impression Originale\" \/>\n<meta property=\"og:description\" content=\"Large noeud en bleu Klein sapin en forme ail\u00e9e vient se poser sur vos plus jolis cadeaux pour un r\u00e9sultat toujours parfait. Fait main, Impression Originale.\" \/>\n<meta property=\"og:url\" content=\"https:\/\/www.impressionoriginale.com\/fr\/produit\/noeud-satin-aile-bleu-klein-n320-l\/\" \/>\n<meta property=\"og:site_name\" content=\"Impression Originale\" \/>\n<meta property=\"article:modified_time\" content=\"2024-05-20T11:09:34+00:00\" \/>\n<meta property=\"og:image\" content=\"https:\/\/www.impressionoriginale.com\/wp-content\/uploads\/2021\/11\/NSAA320KLE50_Klein-Blue-Satin-Winged-Bow-n\u00b0320_IMPRESSION_ORIGINALE.jpg\" \/>\n\t<meta property=\"og:image:width\" content=\"1335\" \/>\n\t<meta property=\"og:image:height\" content=\"2000\" \/>\n\t<meta property=\"og:image:type\" content=\"image\/jpeg\" \/>\n<meta name=\"twitter:card\" content=\"summary_large_image\" \/>\n<meta name=\"twitter:label1\" content=\"Dur\u00e9e de lecture estim\u00e9e\" \/>\n\t<meta name=\"twitter:data1\" content=\"1 minute\" \/>\n<script type=\"application\/ld+json\" class=\"yoast-schema-graph\">{\"@context\":\"https:\\\/\\\/schema.org\",\"@graph\":[{\"@type\":\"WebPage\",\"@id\":\"https:\\\/\\\/www.impressionoriginale.com\\\/fr\\\/produit\\\/noeud-satin-aile-bleu-klein-n320-l\\\/\",\"url\":\"https:\\\/\\\/www.impressionoriginale.com\\\/fr\\\/produit\\\/noeud-satin-aile-bleu-klein-n320-l\\\/\",\"name\":\"N\u0153ud satin ail\u00e9 bleu klein n\u00b0320 (L) - Impression Originale\",\"isPartOf\":{\"@id\":\"https:\\\/\\\/www.impressionoriginale.com\\\/fr\\\/#website\"},\"primaryImageOfPage\":{\"@id\":\"https:\\\/\\\/www.impressionoriginale.com\\\/fr\\\/produit\\\/noeud-satin-aile-bleu-klein-n320-l\\\/#primaryimage\"},\"image\":{\"@id\":\"https:\\\/\\\/www.impressionoriginale.com\\\/fr\\\/produit\\\/noeud-satin-aile-bleu-klein-n320-l\\\/#primaryimage\"},\"thumbnailUrl\":\"https:\\\/\\\/www.impressionoriginale.com\\\/wp-content\\\/uploads\\\/2021\\\/11\\\/NSAA320KLE50_Klein-Blue-Satin-Winged-Bow-n\u00b0320_IMPRESSION_ORIGINALE.jpg\",\"datePublished\":\"2021-11-29T13:02:07+00:00\",\"dateModified\":\"2024-05-20T11:09:34+00:00\",\"description\":\"Large noeud en bleu Klein sapin en forme ail\u00e9e vient se poser sur vos plus jolis cadeaux pour un r\u00e9sultat toujours parfait. Fait main, Impression Originale.\",\"breadcrumb\":{\"@id\":\"https:\\\/\\\/www.impressionoriginale.com\\\/fr\\\/produit\\\/noeud-satin-aile-bleu-klein-n320-l\\\/#breadcrumb\"},\"inLanguage\":\"fr-FR\",\"potentialAction\":[{\"@type\":\"ReadAction\",\"target\":[\"https:\\\/\\\/www.impressionoriginale.com\\\/fr\\\/produit\\\/noeud-satin-aile-bleu-klein-n320-l\\\/\"]}]},{\"@type\":\"ImageObject\",\"inLanguage\":\"fr-FR\",\"@id\":\"https:\\\/\\\/www.impressionoriginale.com\\\/fr\\\/produit\\\/noeud-satin-aile-bleu-klein-n320-l\\\/#primaryimage\",\"url\":\"https:\\\/\\\/www.impressionoriginale.com\\\/wp-content\\\/uploads\\\/2021\\\/11\\\/NSAA320KLE50_Klein-Blue-Satin-Winged-Bow-n\u00b0320_IMPRESSION_ORIGINALE.jpg\",\"contentUrl\":\"https:\\\/\\\/www.impressionoriginale.com\\\/wp-content\\\/uploads\\\/2021\\\/11\\\/NSAA320KLE50_Klein-Blue-Satin-Winged-Bow-n\u00b0320_IMPRESSION_ORIGINALE.jpg\",\"width\":1335,\"height\":2000},{\"@type\":\"BreadcrumbList\",\"@id\":\"https:\\\/\\\/www.impressionoriginale.com\\\/fr\\\/produit\\\/noeud-satin-aile-bleu-klein-n320-l\\\/#breadcrumb\",\"itemListElement\":[{\"@type\":\"ListItem\",\"position\":1,\"name\":\"Home\",\"item\":\"https:\\\/\\\/www.impressionoriginale.com\\\/fr\\\/\"},{\"@type\":\"ListItem\",\"position\":2,\"name\":\"Boutique\",\"item\":\"https:\\\/\\\/www.impressionoriginale.com\\\/fr\\\/boutique\\\/\"},{\"@type\":\"ListItem\",\"position\":3,\"name\":\"N\u0153ud satin ail\u00e9 bleu klein n\u00b0320 (L)\"}]},{\"@type\":\"WebSite\",\"@id\":\"https:\\\/\\\/www.impressionoriginale.com\\\/fr\\\/#website\",\"url\":\"https:\\\/\\\/www.impressionoriginale.com\\\/fr\\\/\",\"name\":\"Impression Originale\",\"description\":\"The art of gifting has a new name. The online store for all your wrapping cravings.\",\"publisher\":{\"@id\":\"https:\\\/\\\/www.impressionoriginale.com\\\/fr\\\/#organization\"},\"potentialAction\":[{\"@type\":\"SearchAction\",\"target\":{\"@type\":\"EntryPoint\",\"urlTemplate\":\"https:\\\/\\\/www.impressionoriginale.com\\\/fr\\\/?s={search_term_string}\"},\"query-input\":{\"@type\":\"PropertyValueSpecification\",\"valueRequired\":true,\"valueName\":\"search_term_string\"}}],\"inLanguage\":\"fr-FR\"},{\"@type\":\"Organization\",\"@id\":\"https:\\\/\\\/www.impressionoriginale.com\\\/fr\\\/#organization\",\"name\":\"Impression Originale\",\"url\":\"https:\\\/\\\/www.impressionoriginale.com\\\/fr\\\/\",\"logo\":{\"@type\":\"ImageObject\",\"inLanguage\":\"fr-FR\",\"@id\":\"https:\\\/\\\/www.impressionoriginale.com\\\/fr\\\/#\\\/schema\\\/logo\\\/image\\\/\",\"url\":\"https:\\\/\\\/www.impressionoriginale.com\\\/wp-content\\\/uploads\\\/2021\\\/08\\\/LOGO-2020-BLACK.png\",\"contentUrl\":\"https:\\\/\\\/www.impressionoriginale.com\\\/wp-content\\\/uploads\\\/2021\\\/08\\\/LOGO-2020-BLACK.png\",\"width\":567,\"height\":567,\"caption\":\"Impression Originale\"},\"image\":{\"@id\":\"https:\\\/\\\/www.impressionoriginale.com\\\/fr\\\/#\\\/schema\\\/logo\\\/image\\\/\"}}]}<\/script>\n<!-- \/ Yoast SEO plugin. -->","yoast_head_json":{"title":"N\u0153ud satin ail\u00e9 bleu klein n\u00b0320 (L) - Impression Originale","description":"Large noeud en bleu Klein sapin en forme ail\u00e9e vient se poser sur vos plus jolis cadeaux pour un r\u00e9sultat toujours parfait. Fait main, Impression Originale.","robots":{"index":"index","follow":"follow","max-snippet":"max-snippet:-1","max-image-preview":"max-image-preview:large","max-video-preview":"max-video-preview:-1"},"canonical":"https:\/\/www.impressionoriginale.com\/fr\/produit\/noeud-satin-aile-bleu-klein-n320-l\/","og_locale":"fr_FR","og_type":"article","og_title":"N\u0153ud satin ail\u00e9 bleu klein n\u00b0320 (L) - Impression Originale","og_description":"Large noeud en bleu Klein sapin en forme ail\u00e9e vient se poser sur vos plus jolis cadeaux pour un r\u00e9sultat toujours parfait. Fait main, Impression Originale.","og_url":"https:\/\/www.impressionoriginale.com\/fr\/produit\/noeud-satin-aile-bleu-klein-n320-l\/","og_site_name":"Impression Originale","article_modified_time":"2024-05-20T11:09:34+00:00","og_image":[{"width":1335,"height":2000,"url":"https:\/\/www.impressionoriginale.com\/wp-content\/uploads\/2021\/11\/NSAA320KLE50_Klein-Blue-Satin-Winged-Bow-n\u00b0320_IMPRESSION_ORIGINALE.jpg","type":"image\/jpeg"}],"twitter_card":"summary_large_image","twitter_misc":{"Dur\u00e9e de lecture estim\u00e9e":"1 minute"},"schema":{"@context":"https:\/\/schema.org","@graph":[{"@type":"WebPage","@id":"https:\/\/www.impressionoriginale.com\/fr\/produit\/noeud-satin-aile-bleu-klein-n320-l\/","url":"https:\/\/www.impressionoriginale.com\/fr\/produit\/noeud-satin-aile-bleu-klein-n320-l\/","name":"N\u0153ud satin ail\u00e9 bleu klein n\u00b0320 (L) - Impression Originale","isPartOf":{"@id":"https:\/\/www.impressionoriginale.com\/fr\/#website"},"primaryImageOfPage":{"@id":"https:\/\/www.impressionoriginale.com\/fr\/produit\/noeud-satin-aile-bleu-klein-n320-l\/#primaryimage"},"image":{"@id":"https:\/\/www.impressionoriginale.com\/fr\/produit\/noeud-satin-aile-bleu-klein-n320-l\/#primaryimage"},"thumbnailUrl":"https:\/\/www.impressionoriginale.com\/wp-content\/uploads\/2021\/11\/NSAA320KLE50_Klein-Blue-Satin-Winged-Bow-n\u00b0320_IMPRESSION_ORIGINALE.jpg","datePublished":"2021-11-29T13:02:07+00:00","dateModified":"2024-05-20T11:09:34+00:00","description":"Large noeud en bleu Klein sapin en forme ail\u00e9e vient se poser sur vos plus jolis cadeaux pour un r\u00e9sultat toujours parfait. Fait main, Impression Originale.","breadcrumb":{"@id":"https:\/\/www.impressionoriginale.com\/fr\/produit\/noeud-satin-aile-bleu-klein-n320-l\/#breadcrumb"},"inLanguage":"fr-FR","potentialAction":[{"@type":"ReadAction","target":["https:\/\/www.impressionoriginale.com\/fr\/produit\/noeud-satin-aile-bleu-klein-n320-l\/"]}]},{"@type":"ImageObject","inLanguage":"fr-FR","@id":"https:\/\/www.impressionoriginale.com\/fr\/produit\/noeud-satin-aile-bleu-klein-n320-l\/#primaryimage","url":"https:\/\/www.impressionoriginale.com\/wp-content\/uploads\/2021\/11\/NSAA320KLE50_Klein-Blue-Satin-Winged-Bow-n\u00b0320_IMPRESSION_ORIGINALE.jpg","contentUrl":"https:\/\/www.impressionoriginale.com\/wp-content\/uploads\/2021\/11\/NSAA320KLE50_Klein-Blue-Satin-Winged-Bow-n\u00b0320_IMPRESSION_ORIGINALE.jpg","width":1335,"height":2000},{"@type":"BreadcrumbList","@id":"https:\/\/www.impressionoriginale.com\/fr\/produit\/noeud-satin-aile-bleu-klein-n320-l\/#breadcrumb","itemListElement":[{"@type":"ListItem","position":1,"name":"Home","item":"https:\/\/www.impressionoriginale.com\/fr\/"},{"@type":"ListItem","position":2,"name":"Boutique","item":"https:\/\/www.impressionoriginale.com\/fr\/boutique\/"},{"@type":"ListItem","position":3,"name":"N\u0153ud satin ail\u00e9 bleu klein n\u00b0320 (L)"}]},{"@type":"WebSite","@id":"https:\/\/www.impressionoriginale.com\/fr\/#website","url":"https:\/\/www.impressionoriginale.com\/fr\/","name":"Impression Originale","description":"The art of gifting has a new name. The online store for all your wrapping cravings.","publisher":{"@id":"https:\/\/www.impressionoriginale.com\/fr\/#organization"},"potentialAction":[{"@type":"SearchAction","target":{"@type":"EntryPoint","urlTemplate":"https:\/\/www.impressionoriginale.com\/fr\/?s={search_term_string}"},"query-input":{"@type":"PropertyValueSpecification","valueRequired":true,"valueName":"search_term_string"}}],"inLanguage":"fr-FR"},{"@type":"Organization","@id":"https:\/\/www.impressionoriginale.com\/fr\/#organization","name":"Impression Originale","url":"https:\/\/www.impressionoriginale.com\/fr\/","logo":{"@type":"ImageObject","inLanguage":"fr-FR","@id":"https:\/\/www.impressionoriginale.com\/fr\/#\/schema\/logo\/image\/","url":"https:\/\/www.impressionoriginale.com\/wp-content\/uploads\/2021\/08\/LOGO-2020-BLACK.png","contentUrl":"https:\/\/www.impressionoriginale.com\/wp-content\/uploads\/2021\/08\/LOGO-2020-BLACK.png","width":567,"height":567,"caption":"Impression Originale"},"image":{"@id":"https:\/\/www.impressionoriginale.com\/fr\/#\/schema\/logo\/image\/"}}]}},"_links":{"self":[{"href":"https:\/\/www.impressionoriginale.com\/fr\/wp-json\/wp\/v2\/product\/10206","targetHints":{"allow":["GET"]}}],"collection":[{"href":"https:\/\/www.impressionoriginale.com\/fr\/wp-json\/wp\/v2\/product"}],"about":[{"href":"https:\/\/www.impressionoriginale.com\/fr\/wp-json\/wp\/v2\/types\/product"}],"wp:featuredmedia":[{"embeddable":true,"href":"https:\/\/www.impressionoriginale.com\/fr\/wp-json\/wp\/v2\/media\/10187"}],"wp:attachment":[{"href":"https:\/\/www.impressionoriginale.com\/fr\/wp-json\/wp\/v2\/media?parent=10206"}],"wp:term":[{"taxonomy":"product_brand","embeddable":true,"href":"https:\/\/www.impressionoriginale.com\/fr\/wp-json\/wp\/v2\/product_brand?post=10206"},{"taxonomy":"product_cat","embeddable":true,"href":"https:\/\/www.impressionoriginale.com\/fr\/wp-json\/wp\/v2\/product_cat?post=10206"},{"taxonomy":"product_tag","embeddable":true,"href":"https:\/\/www.impressionoriginale.com\/fr\/wp-json\/wp\/v2\/product_tag?post=10206"}],"curies":[{"name":"wp","href":"https:\/\/api.w.org\/{rel}","templated":true}]}}