{"id":10232,"date":"2021-11-30T14:41:46","date_gmt":"2021-11-30T15:44:50","guid":{"rendered":"https:\/\/impressionor.wpengine.com\/e-shop\/look-beaute-glacees\/"},"modified":"2021-12-09T09:09:35","modified_gmt":"2021-12-09T09:09:35","slug":"look-beautes-glacees","status":"publish","type":"product","link":"https:\/\/www.impressionoriginale.com\/fr\/produit\/look-beautes-glacees\/","title":{"rendered":"Look Beaut\u00e9s Glac\u00e9es"},"content":{"rendered":"<div class=\"wpb-content-wrapper\"><p>[vc_row][vc_column][vc_column_text]<\/p>\n<blockquote>\n<p style=\"padding-left: 30px;\"><strong>GRAMMAGE<\/strong> 200 g \/m<sup>2<\/sup><\/p>\n<p style=\"padding-left: 30px;\"><strong>DIMENSIONS<\/strong> 25,5\u00d719,5x8cm (taille M)<\/p>\n<p style=\"padding-left: 30px;\"><strong>PAPIER<\/strong> FSC certifi\u00e9<\/p>\n<p style=\"padding-left: 30px;\"><strong>ENCRE<\/strong> Offset pleine couleur, s\u00e9chage UV, recto-verso<\/p>\n<p style=\"padding-left: 30px;\"><strong>ORIGINE<\/strong> Angers, France<\/p>\n<p>\u00a0<\/p>\n<p>Nos pochettes cadeaux orn\u00e9es de noeuds et de rubans vont sublimer vos cadeaux \u00e0 la perfection. Elles sont pr\u00eates \u00e0 l\u2019emploi. Laissez nos motifs vous inspirer, et laissez parler votre cr\u00e9ativit\u00e9\u2026<\/p>\n<p><em>\u00ab\u00a0Faites de beaux cadeaux et faites des heureux !\u00a0\u00bb <\/em><\/p><\/blockquote>\n<p>[\/vc_column_text][\/vc_column][\/vc_row]<\/p>\n\n\n<\/div>","protected":false},"excerpt":{"rendered":"<p><strong>Agn\u00e8s Denat<\/strong><\/p>\n<h5><em>Beaut\u00e9s Glac\u00e9es<\/em> Pochette Cadeau + Noeud<\/h5>\n<p>Les reines des neiges. Beaut\u00e9s glac\u00e9es. Les Edelweiss, accroch\u00e9es aux rochers pentus, n\u2019attendent que les intr\u00e9pides pour se d\u00e9voiler. Agn\u00e8s, de ses doigts de f\u00e9e, a donn\u00e9 vie \u00e0 des lignes exquises sur un fond sonore de chants russes folkloriques. Un bouquet de fleurs comme une invitation qui promet de longues promenades en traineaux et des \u00e9glises en bois perdues sous la neige.<\/p>\n<p style=\"text-align: justify;\">Ce mod\u00e8le est disponible \u00e9galement en <strong>papier cadeau<\/strong>. Id\u00e9al avec les rubans et noeuds de l&rsquo;<strong>ensemble Beaut\u00e9 Glac\u00e9es<\/strong>.<\/p>\n<p style=\"text-align: center;\"><em>Note : Les pochettes cadeaux sont envoy\u00e9es \u00e0 plat.<\/em><\/p>\n","protected":false},"featured_media":10016,"template":"","meta":[],"product_brand":[],"product_cat":[1086,329],"product_tag":[88,815],"class_list":{"0":"post-10232","1":"product","2":"type-product","3":"status-publish","4":"has-post-thumbnail","6":"product_cat-pochette-cadeau-noeud","7":"product_cat-ensembles","8":"product_tag-impression-originale-fr-2","9":"product_tag-taille-m-fr","11":"first","12":"instock","13":"taxable","14":"shipping-taxable","15":"purchasable","16":"product-type-bundle"},"bundled_by":[],"bundle_stock_status":"instock","bundle_stock_quantity":3,"bundle_virtual":false,"bundle_layout":"default","bundle_add_to_cart_form_location":"default","bundle_editable_in_cart":true,"bundle_sold_individually_context":"product","bundle_item_grouping":"parent","bundle_min_size":"","bundle_max_size":"","bundle_price":{"price":{"min":{"incl_tax":"19.5","excl_tax":"16.25"},"max":{"incl_tax":"","excl_tax":""}},"regular_price":{"min":{"incl_tax":"19.5","excl_tax":"16.25"},"max":{"incl_tax":"","excl_tax":""}}},"bundled_items":[{"bundled_item_id":1463,"product_id":10043,"menu_order":0,"quantity_min":1,"quantity_max":"","quantity_default":1,"priced_individually":true,"shipped_individually":false,"override_title":true,"title":"","override_description":true,"description":"","optional":false,"hide_thumbnail":false,"discount":"","override_variations":false,"allowed_variations":[""],"override_default_variation_attributes":false,"default_variation_attributes":[],"single_product_visibility":"visible","cart_visibility":"visible","order_visibility":"visible","single_product_price_visibility":"visible","cart_price_visibility":"visible","order_price_visibility":"visible","stock_status":"in_stock"},{"bundled_item_id":1464,"product_id":7808,"menu_order":1,"quantity_min":1,"quantity_max":"","quantity_default":1,"priced_individually":true,"shipped_individually":false,"override_title":false,"title":"Noeud satin ail\u00e9 rouge n\u00b0324 (L)","override_description":true,"description":"","optional":false,"hide_thumbnail":false,"discount":"","override_variations":false,"allowed_variations":[""],"override_default_variation_attributes":false,"default_variation_attributes":[],"single_product_visibility":"visible","cart_visibility":"visible","order_visibility":"visible","single_product_price_visibility":"visible","cart_price_visibility":"visible","order_price_visibility":"visible","stock_status":"in_stock"}],"bundle_sell_ids":[],"yoast_head":"<!-- This site is optimized with the Yoast SEO plugin v27.3 - https:\/\/yoast.com\/product\/yoast-seo-wordpress\/ -->\n<title>Look Beaut\u00e9s Glac\u00e9es I Emballage cadeau de luxe par Impression Originale<\/title>\n<meta name=\"description\" content=\"This paper gift bag &quot;Northern Beauties&quot; is perfectly paired with a red satin bow for a smart effect. Imprim\u00e9e sur du papier responsable vis-\u00e0-vis de l&#039;environnement. Fabrication fran\u00e7aise.\" \/>\n<meta name=\"robots\" content=\"index, follow, max-snippet:-1, max-image-preview:large, max-video-preview:-1\" \/>\n<link rel=\"canonical\" href=\"https:\/\/www.impressionoriginale.com\/fr\/produit\/look-beautes-glacees\/\" \/>\n<meta property=\"og:locale\" content=\"fr_FR\" \/>\n<meta property=\"og:type\" content=\"article\" \/>\n<meta property=\"og:title\" content=\"Look Beaut\u00e9s Glac\u00e9es I Emballage cadeau de luxe par Impression Originale\" \/>\n<meta property=\"og:description\" content=\"This paper gift bag &quot;Northern Beauties&quot; is perfectly paired with a red satin bow for a smart effect. Imprim\u00e9e sur du papier responsable vis-\u00e0-vis de l&#039;environnement. Fabrication fran\u00e7aise.\" \/>\n<meta property=\"og:url\" content=\"https:\/\/www.impressionoriginale.com\/fr\/produit\/look-beautes-glacees\/\" \/>\n<meta property=\"og:site_name\" content=\"Impression Originale\" \/>\n<meta property=\"article:modified_time\" content=\"2021-12-09T09:09:35+00:00\" \/>\n<meta property=\"og:image\" content=\"https:\/\/www.impressionoriginale.com\/wp-content\/uploads\/2021\/11\/IOR-POCM053ADES1_bis_Northern_Beauties_Gift_Bag_IMPRESSION_ORIGINALE.jpg\" \/>\n\t<meta property=\"og:image:width\" content=\"1335\" \/>\n\t<meta property=\"og:image:height\" content=\"2000\" \/>\n\t<meta property=\"og:image:type\" content=\"image\/jpeg\" \/>\n<meta name=\"twitter:card\" content=\"summary_large_image\" \/>\n<script type=\"application\/ld+json\" class=\"yoast-schema-graph\">{\"@context\":\"https:\\\/\\\/schema.org\",\"@graph\":[{\"@type\":\"WebPage\",\"@id\":\"https:\\\/\\\/www.impressionoriginale.com\\\/fr\\\/produit\\\/look-beautes-glacees\\\/\",\"url\":\"https:\\\/\\\/www.impressionoriginale.com\\\/fr\\\/produit\\\/look-beautes-glacees\\\/\",\"name\":\"Look Beaut\u00e9s Glac\u00e9es I Emballage cadeau de luxe par Impression Originale\",\"isPartOf\":{\"@id\":\"https:\\\/\\\/www.impressionoriginale.com\\\/fr\\\/#website\"},\"primaryImageOfPage\":{\"@id\":\"https:\\\/\\\/www.impressionoriginale.com\\\/fr\\\/produit\\\/look-beautes-glacees\\\/#primaryimage\"},\"image\":{\"@id\":\"https:\\\/\\\/www.impressionoriginale.com\\\/fr\\\/produit\\\/look-beautes-glacees\\\/#primaryimage\"},\"thumbnailUrl\":\"https:\\\/\\\/www.impressionoriginale.com\\\/wp-content\\\/uploads\\\/2021\\\/11\\\/IOR-POCM053ADES1_bis_Northern_Beauties_Gift_Bag_IMPRESSION_ORIGINALE.jpg\",\"datePublished\":\"2021-11-30T15:44:50+00:00\",\"dateModified\":\"2021-12-09T09:09:35+00:00\",\"description\":\"This paper gift bag \\\"Northern Beauties\\\" is perfectly paired with a red satin bow for a smart effect. Imprim\u00e9e sur du papier responsable vis-\u00e0-vis de l'environnement. Fabrication fran\u00e7aise.\",\"breadcrumb\":{\"@id\":\"https:\\\/\\\/www.impressionoriginale.com\\\/fr\\\/produit\\\/look-beautes-glacees\\\/#breadcrumb\"},\"inLanguage\":\"fr-FR\",\"potentialAction\":[{\"@type\":\"ReadAction\",\"target\":[\"https:\\\/\\\/www.impressionoriginale.com\\\/fr\\\/produit\\\/look-beautes-glacees\\\/\"]}]},{\"@type\":\"ImageObject\",\"inLanguage\":\"fr-FR\",\"@id\":\"https:\\\/\\\/www.impressionoriginale.com\\\/fr\\\/produit\\\/look-beautes-glacees\\\/#primaryimage\",\"url\":\"https:\\\/\\\/www.impressionoriginale.com\\\/wp-content\\\/uploads\\\/2021\\\/11\\\/IOR-POCM053ADES1_bis_Northern_Beauties_Gift_Bag_IMPRESSION_ORIGINALE.jpg\",\"contentUrl\":\"https:\\\/\\\/www.impressionoriginale.com\\\/wp-content\\\/uploads\\\/2021\\\/11\\\/IOR-POCM053ADES1_bis_Northern_Beauties_Gift_Bag_IMPRESSION_ORIGINALE.jpg\",\"width\":1335,\"height\":2000,\"caption\":\"Red Flowers Northern Beauties Gift Bag with Red Satin Bow IMPRESSION ORIGINALE\"},{\"@type\":\"BreadcrumbList\",\"@id\":\"https:\\\/\\\/www.impressionoriginale.com\\\/fr\\\/produit\\\/look-beautes-glacees\\\/#breadcrumb\",\"itemListElement\":[{\"@type\":\"ListItem\",\"position\":1,\"name\":\"Home\",\"item\":\"https:\\\/\\\/www.impressionoriginale.com\\\/fr\\\/\"},{\"@type\":\"ListItem\",\"position\":2,\"name\":\"Boutique\",\"item\":\"https:\\\/\\\/www.impressionoriginale.com\\\/fr\\\/boutique\\\/\"},{\"@type\":\"ListItem\",\"position\":3,\"name\":\"Look Beaut\u00e9s Glac\u00e9es\"}]},{\"@type\":\"WebSite\",\"@id\":\"https:\\\/\\\/www.impressionoriginale.com\\\/fr\\\/#website\",\"url\":\"https:\\\/\\\/www.impressionoriginale.com\\\/fr\\\/\",\"name\":\"Impression Originale\",\"description\":\"The art of gifting has a new name. The online store for all your wrapping cravings.\",\"publisher\":{\"@id\":\"https:\\\/\\\/www.impressionoriginale.com\\\/fr\\\/#organization\"},\"potentialAction\":[{\"@type\":\"SearchAction\",\"target\":{\"@type\":\"EntryPoint\",\"urlTemplate\":\"https:\\\/\\\/www.impressionoriginale.com\\\/fr\\\/?s={search_term_string}\"},\"query-input\":{\"@type\":\"PropertyValueSpecification\",\"valueRequired\":true,\"valueName\":\"search_term_string\"}}],\"inLanguage\":\"fr-FR\"},{\"@type\":\"Organization\",\"@id\":\"https:\\\/\\\/www.impressionoriginale.com\\\/fr\\\/#organization\",\"name\":\"Impression Originale\",\"url\":\"https:\\\/\\\/www.impressionoriginale.com\\\/fr\\\/\",\"logo\":{\"@type\":\"ImageObject\",\"inLanguage\":\"fr-FR\",\"@id\":\"https:\\\/\\\/www.impressionoriginale.com\\\/fr\\\/#\\\/schema\\\/logo\\\/image\\\/\",\"url\":\"https:\\\/\\\/www.impressionoriginale.com\\\/wp-content\\\/uploads\\\/2021\\\/08\\\/LOGO-2020-BLACK.png\",\"contentUrl\":\"https:\\\/\\\/www.impressionoriginale.com\\\/wp-content\\\/uploads\\\/2021\\\/08\\\/LOGO-2020-BLACK.png\",\"width\":567,\"height\":567,\"caption\":\"Impression Originale\"},\"image\":{\"@id\":\"https:\\\/\\\/www.impressionoriginale.com\\\/fr\\\/#\\\/schema\\\/logo\\\/image\\\/\"}}]}<\/script>\n<!-- \/ Yoast SEO plugin. -->","yoast_head_json":{"title":"Look Beaut\u00e9s Glac\u00e9es I Emballage cadeau de luxe par Impression Originale","description":"This paper gift bag \"Northern Beauties\" is perfectly paired with a red satin bow for a smart effect. Imprim\u00e9e sur du papier responsable vis-\u00e0-vis de l'environnement. Fabrication fran\u00e7aise.","robots":{"index":"index","follow":"follow","max-snippet":"max-snippet:-1","max-image-preview":"max-image-preview:large","max-video-preview":"max-video-preview:-1"},"canonical":"https:\/\/www.impressionoriginale.com\/fr\/produit\/look-beautes-glacees\/","og_locale":"fr_FR","og_type":"article","og_title":"Look Beaut\u00e9s Glac\u00e9es I Emballage cadeau de luxe par Impression Originale","og_description":"This paper gift bag \"Northern Beauties\" is perfectly paired with a red satin bow for a smart effect. Imprim\u00e9e sur du papier responsable vis-\u00e0-vis de l'environnement. Fabrication fran\u00e7aise.","og_url":"https:\/\/www.impressionoriginale.com\/fr\/produit\/look-beautes-glacees\/","og_site_name":"Impression Originale","article_modified_time":"2021-12-09T09:09:35+00:00","og_image":[{"width":1335,"height":2000,"url":"https:\/\/www.impressionoriginale.com\/wp-content\/uploads\/2021\/11\/IOR-POCM053ADES1_bis_Northern_Beauties_Gift_Bag_IMPRESSION_ORIGINALE.jpg","type":"image\/jpeg"}],"twitter_card":"summary_large_image","schema":{"@context":"https:\/\/schema.org","@graph":[{"@type":"WebPage","@id":"https:\/\/www.impressionoriginale.com\/fr\/produit\/look-beautes-glacees\/","url":"https:\/\/www.impressionoriginale.com\/fr\/produit\/look-beautes-glacees\/","name":"Look Beaut\u00e9s Glac\u00e9es I Emballage cadeau de luxe par Impression Originale","isPartOf":{"@id":"https:\/\/www.impressionoriginale.com\/fr\/#website"},"primaryImageOfPage":{"@id":"https:\/\/www.impressionoriginale.com\/fr\/produit\/look-beautes-glacees\/#primaryimage"},"image":{"@id":"https:\/\/www.impressionoriginale.com\/fr\/produit\/look-beautes-glacees\/#primaryimage"},"thumbnailUrl":"https:\/\/www.impressionoriginale.com\/wp-content\/uploads\/2021\/11\/IOR-POCM053ADES1_bis_Northern_Beauties_Gift_Bag_IMPRESSION_ORIGINALE.jpg","datePublished":"2021-11-30T15:44:50+00:00","dateModified":"2021-12-09T09:09:35+00:00","description":"This paper gift bag \"Northern Beauties\" is perfectly paired with a red satin bow for a smart effect. Imprim\u00e9e sur du papier responsable vis-\u00e0-vis de l'environnement. Fabrication fran\u00e7aise.","breadcrumb":{"@id":"https:\/\/www.impressionoriginale.com\/fr\/produit\/look-beautes-glacees\/#breadcrumb"},"inLanguage":"fr-FR","potentialAction":[{"@type":"ReadAction","target":["https:\/\/www.impressionoriginale.com\/fr\/produit\/look-beautes-glacees\/"]}]},{"@type":"ImageObject","inLanguage":"fr-FR","@id":"https:\/\/www.impressionoriginale.com\/fr\/produit\/look-beautes-glacees\/#primaryimage","url":"https:\/\/www.impressionoriginale.com\/wp-content\/uploads\/2021\/11\/IOR-POCM053ADES1_bis_Northern_Beauties_Gift_Bag_IMPRESSION_ORIGINALE.jpg","contentUrl":"https:\/\/www.impressionoriginale.com\/wp-content\/uploads\/2021\/11\/IOR-POCM053ADES1_bis_Northern_Beauties_Gift_Bag_IMPRESSION_ORIGINALE.jpg","width":1335,"height":2000,"caption":"Red Flowers Northern Beauties Gift Bag with Red Satin Bow IMPRESSION ORIGINALE"},{"@type":"BreadcrumbList","@id":"https:\/\/www.impressionoriginale.com\/fr\/produit\/look-beautes-glacees\/#breadcrumb","itemListElement":[{"@type":"ListItem","position":1,"name":"Home","item":"https:\/\/www.impressionoriginale.com\/fr\/"},{"@type":"ListItem","position":2,"name":"Boutique","item":"https:\/\/www.impressionoriginale.com\/fr\/boutique\/"},{"@type":"ListItem","position":3,"name":"Look Beaut\u00e9s Glac\u00e9es"}]},{"@type":"WebSite","@id":"https:\/\/www.impressionoriginale.com\/fr\/#website","url":"https:\/\/www.impressionoriginale.com\/fr\/","name":"Impression Originale","description":"The art of gifting has a new name. The online store for all your wrapping cravings.","publisher":{"@id":"https:\/\/www.impressionoriginale.com\/fr\/#organization"},"potentialAction":[{"@type":"SearchAction","target":{"@type":"EntryPoint","urlTemplate":"https:\/\/www.impressionoriginale.com\/fr\/?s={search_term_string}"},"query-input":{"@type":"PropertyValueSpecification","valueRequired":true,"valueName":"search_term_string"}}],"inLanguage":"fr-FR"},{"@type":"Organization","@id":"https:\/\/www.impressionoriginale.com\/fr\/#organization","name":"Impression Originale","url":"https:\/\/www.impressionoriginale.com\/fr\/","logo":{"@type":"ImageObject","inLanguage":"fr-FR","@id":"https:\/\/www.impressionoriginale.com\/fr\/#\/schema\/logo\/image\/","url":"https:\/\/www.impressionoriginale.com\/wp-content\/uploads\/2021\/08\/LOGO-2020-BLACK.png","contentUrl":"https:\/\/www.impressionoriginale.com\/wp-content\/uploads\/2021\/08\/LOGO-2020-BLACK.png","width":567,"height":567,"caption":"Impression Originale"},"image":{"@id":"https:\/\/www.impressionoriginale.com\/fr\/#\/schema\/logo\/image\/"}}]}},"_links":{"self":[{"href":"https:\/\/www.impressionoriginale.com\/fr\/wp-json\/wp\/v2\/product\/10232","targetHints":{"allow":["GET"]}}],"collection":[{"href":"https:\/\/www.impressionoriginale.com\/fr\/wp-json\/wp\/v2\/product"}],"about":[{"href":"https:\/\/www.impressionoriginale.com\/fr\/wp-json\/wp\/v2\/types\/product"}],"wp:featuredmedia":[{"embeddable":true,"href":"https:\/\/www.impressionoriginale.com\/fr\/wp-json\/wp\/v2\/media\/10016"}],"wp:attachment":[{"href":"https:\/\/www.impressionoriginale.com\/fr\/wp-json\/wp\/v2\/media?parent=10232"}],"wp:term":[{"taxonomy":"product_brand","embeddable":true,"href":"https:\/\/www.impressionoriginale.com\/fr\/wp-json\/wp\/v2\/product_brand?post=10232"},{"taxonomy":"product_cat","embeddable":true,"href":"https:\/\/www.impressionoriginale.com\/fr\/wp-json\/wp\/v2\/product_cat?post=10232"},{"taxonomy":"product_tag","embeddable":true,"href":"https:\/\/www.impressionoriginale.com\/fr\/wp-json\/wp\/v2\/product_tag?post=10232"}],"curies":[{"name":"wp","href":"https:\/\/api.w.org\/{rel}","templated":true}]}}