{"id":10442,"date":"2022-06-20T11:39:45","date_gmt":"2022-06-20T11:39:46","guid":{"rendered":"https:\/\/impressionor.wpengine.com\/?post_type=product&#038;p=10442"},"modified":"2023-05-24T17:59:57","modified_gmt":"2023-05-24T17:59:57","slug":"ciseaux-65-noir","status":"publish","type":"product","link":"https:\/\/www.impressionoriginale.com\/fr\/produit\/ciseaux-65-noir\/","title":{"rendered":"Ciseaux 6&rsquo;5 Noir"},"content":{"rendered":"<table style=\"border-collapse: collapse; width: 100%;\">\n<tbody>\n<tr>\n<td style=\"width: 17.4267%;\"><strong>MATERIEL<\/strong><\/td>\n<td style=\"width: 82.5733%;\">Acier japonais, finition teflon<\/td>\n<\/tr>\n<tr>\n<td style=\"width: 17.4267%;\"><strong>DIMENSIONS<\/strong><\/td>\n<td style=\"width: 82.5733%;\">16,5 cm<\/td>\n<\/tr>\n<tr>\n<td style=\"width: 17.4267%;\"><strong>ORIGINE<\/strong><\/td>\n<td style=\"width: 82.5733%;\">Taiwan<\/td>\n<\/tr>\n<\/tbody>\n<\/table>\n<p>Ciseaux aux lames coupantes et poign\u00e9es ergonomiques avec un design affirm\u00e9. Id\u00e9al pour d\u00e9couper des longueurs de papier d\u2019un seul geste, ce design de ciseaux est adapt\u00e9 pour la d\u00e9coupe du papier cadeau et la d\u00e9coupe de rubans et la fabrication de noeuds. Cette taille est parfaite pour les enfants ou des petites mains d\u2019adultes. Les finitions sont en teflon pour pr\u00e9venir la colle d\u2019adh\u00e9rer.<\/p>\n<p>Le teflon finit par s\u2019estomper en patine avec le temps.<\/p>\n<p>Le design de ces ciseaux rivalise avec son ergonomie et sa qualit\u00e9.<\/p>\n<p>\u00ab\u00a0<em>Les meilleurs outils font les meilleurs travaux.\u00a0\u00bb<\/em><\/p>\n\n\n","protected":false},"excerpt":{"rendered":"<p><strong>Ciseaux 6&rsquo;5 &#8211; Noir<\/strong><\/p>\n<h5><i>Tools to Liveby<\/i><\/h5>\n<p>Ciseaux affut\u00e9s et robustes. Lames tranchantes avec un design affirm\u00e9. Id\u00e9al pour d\u00e9couper des longueurs de papier d&rsquo;un seul geste, ce design de ciseaux est adapt\u00e9 pour la d\u00e9coupe du papier cadeau et la d\u00e9coupe de rubans et la fabrication de noeuds. Cette taille est parfaite pour les enfants ou des petites mains d&rsquo;adultes. Les finitions sont en teflon pour pr\u00e9venir la colle d&rsquo;adh\u00e9rer.<\/p>\n<p>&nbsp;<\/p>\n<p>D\u00e9tails techniques :<\/p>\n<ul style=\"list-style-type: disc;\">\n<li>16,5 cm<\/li>\n<li>Acier japonais<\/li>\n<li>Finitions en Teflon<\/li>\n<li>Disponible en coloris <a href=\"https:\/\/www.impressionoriginale.com\/fr\/produit\/ciseaux-65-or\/\" target=\"_blank\" rel=\"noopener\">dor\u00e9<\/a><\/li>\n<\/ul>\n<p><em>Note : Les ciseaux sont envoy\u00e9s dans leur pochette de protection en papier.<\/em><\/p>\n","protected":false},"featured_media":10387,"template":"","meta":[],"product_brand":[],"product_cat":[1078],"product_tag":[],"class_list":{"0":"post-10442","1":"product","2":"type-product","3":"status-publish","4":"has-post-thumbnail","6":"product_cat-ciseaux-fr","8":"first","9":"outofstock","10":"taxable","11":"shipping-taxable","12":"purchasable","13":"product-type-simple"},"bundled_by":[],"bundle_stock_status":"outofstock","bundle_stock_quantity":0,"bundle_virtual":false,"bundle_layout":"","bundle_add_to_cart_form_location":"","bundle_editable_in_cart":false,"bundle_sold_individually_context":"","bundle_item_grouping":"","bundle_min_size":"","bundle_max_size":"","bundle_price":[],"bundled_items":[],"bundle_sell_ids":[],"yoast_head":"<!-- This site is optimized with the Yoast SEO plugin v27.5 - https:\/\/yoast.com\/product\/yoast-seo-wordpress\/ -->\n<title>Ciseaux 6&#039;5 Noir - Impression Originale<\/title>\n<meta name=\"description\" content=\"Ciseaux 6&#039;5 avec des lames coupantes et poign\u00e9es ergonomiques qui convient parfaitement \u00e0 la d\u00e9coupe de papier cadeau et pour la production de noeuds. S\u00e9lectionn\u00e9 et distribu\u00e9 par Impression Originale en France.\" \/>\n<meta name=\"robots\" content=\"index, follow, max-snippet:-1, max-image-preview:large, max-video-preview:-1\" \/>\n<link rel=\"canonical\" href=\"https:\/\/www.impressionoriginale.com\/fr\/produit\/ciseaux-65-noir\/\" \/>\n<meta property=\"og:locale\" content=\"fr_FR\" \/>\n<meta property=\"og:type\" content=\"article\" \/>\n<meta property=\"og:title\" content=\"Ciseaux 6&#039;5 Noir - Impression Originale\" \/>\n<meta property=\"og:description\" content=\"Ciseaux 6&#039;5 avec des lames coupantes et poign\u00e9es ergonomiques qui convient parfaitement \u00e0 la d\u00e9coupe de papier cadeau et pour la production de noeuds. S\u00e9lectionn\u00e9 et distribu\u00e9 par Impression Originale en France.\" \/>\n<meta property=\"og:url\" content=\"https:\/\/www.impressionoriginale.com\/fr\/produit\/ciseaux-65-noir\/\" \/>\n<meta property=\"og:site_name\" content=\"Impression Originale\" \/>\n<meta property=\"article:modified_time\" content=\"2023-05-24T17:59:57+00:00\" \/>\n<meta property=\"og:image\" content=\"https:\/\/www.impressionoriginale.com\/wp-content\/uploads\/2022\/06\/Ciseaux_65_black_insitu3.jpeg\" \/>\n\t<meta property=\"og:image:width\" content=\"1600\" \/>\n\t<meta property=\"og:image:height\" content=\"1056\" \/>\n\t<meta property=\"og:image:type\" content=\"image\/jpeg\" \/>\n<meta name=\"twitter:card\" content=\"summary_large_image\" \/>\n<meta name=\"twitter:label1\" content=\"Dur\u00e9e de lecture estim\u00e9e\" \/>\n\t<meta name=\"twitter:data1\" content=\"1 minute\" \/>\n<script type=\"application\/ld+json\" class=\"yoast-schema-graph\">{\"@context\":\"https:\\\/\\\/schema.org\",\"@graph\":[{\"@type\":\"WebPage\",\"@id\":\"https:\\\/\\\/www.impressionoriginale.com\\\/fr\\\/produit\\\/ciseaux-65-noir\\\/\",\"url\":\"https:\\\/\\\/www.impressionoriginale.com\\\/fr\\\/produit\\\/ciseaux-65-noir\\\/\",\"name\":\"Ciseaux 6'5 Noir - Impression Originale\",\"isPartOf\":{\"@id\":\"https:\\\/\\\/www.impressionoriginale.com\\\/fr\\\/#website\"},\"primaryImageOfPage\":{\"@id\":\"https:\\\/\\\/www.impressionoriginale.com\\\/fr\\\/produit\\\/ciseaux-65-noir\\\/#primaryimage\"},\"image\":{\"@id\":\"https:\\\/\\\/www.impressionoriginale.com\\\/fr\\\/produit\\\/ciseaux-65-noir\\\/#primaryimage\"},\"thumbnailUrl\":\"https:\\\/\\\/www.impressionoriginale.com\\\/wp-content\\\/uploads\\\/2022\\\/06\\\/Ciseaux_65_black_insitu3.jpeg\",\"datePublished\":\"2022-06-20T11:39:46+00:00\",\"dateModified\":\"2023-05-24T17:59:57+00:00\",\"description\":\"Ciseaux 6'5 avec des lames coupantes et poign\u00e9es ergonomiques qui convient parfaitement \u00e0 la d\u00e9coupe de papier cadeau et pour la production de noeuds. S\u00e9lectionn\u00e9 et distribu\u00e9 par Impression Originale en France.\",\"breadcrumb\":{\"@id\":\"https:\\\/\\\/www.impressionoriginale.com\\\/fr\\\/produit\\\/ciseaux-65-noir\\\/#breadcrumb\"},\"inLanguage\":\"fr-FR\",\"potentialAction\":[{\"@type\":\"ReadAction\",\"target\":[\"https:\\\/\\\/www.impressionoriginale.com\\\/fr\\\/produit\\\/ciseaux-65-noir\\\/\"]}]},{\"@type\":\"ImageObject\",\"inLanguage\":\"fr-FR\",\"@id\":\"https:\\\/\\\/www.impressionoriginale.com\\\/fr\\\/produit\\\/ciseaux-65-noir\\\/#primaryimage\",\"url\":\"https:\\\/\\\/www.impressionoriginale.com\\\/wp-content\\\/uploads\\\/2022\\\/06\\\/Ciseaux_65_black_insitu3.jpeg\",\"contentUrl\":\"https:\\\/\\\/www.impressionoriginale.com\\\/wp-content\\\/uploads\\\/2022\\\/06\\\/Ciseaux_65_black_insitu3.jpeg\",\"width\":1600,\"height\":1056,\"caption\":\"Ciseaux 6'5 noir sur carnet distribu\u00e9s par Impression Originale\"},{\"@type\":\"BreadcrumbList\",\"@id\":\"https:\\\/\\\/www.impressionoriginale.com\\\/fr\\\/produit\\\/ciseaux-65-noir\\\/#breadcrumb\",\"itemListElement\":[{\"@type\":\"ListItem\",\"position\":1,\"name\":\"Home\",\"item\":\"https:\\\/\\\/www.impressionoriginale.com\\\/fr\\\/\"},{\"@type\":\"ListItem\",\"position\":2,\"name\":\"Boutique\",\"item\":\"https:\\\/\\\/www.impressionoriginale.com\\\/fr\\\/boutique\\\/\"},{\"@type\":\"ListItem\",\"position\":3,\"name\":\"Ciseaux 6&#8217;5 Noir\"}]},{\"@type\":\"WebSite\",\"@id\":\"https:\\\/\\\/www.impressionoriginale.com\\\/fr\\\/#website\",\"url\":\"https:\\\/\\\/www.impressionoriginale.com\\\/fr\\\/\",\"name\":\"Impression Originale\",\"description\":\"The art of gifting has a new name. The online store for all your wrapping cravings.\",\"publisher\":{\"@id\":\"https:\\\/\\\/www.impressionoriginale.com\\\/fr\\\/#organization\"},\"potentialAction\":[{\"@type\":\"SearchAction\",\"target\":{\"@type\":\"EntryPoint\",\"urlTemplate\":\"https:\\\/\\\/www.impressionoriginale.com\\\/fr\\\/?s={search_term_string}\"},\"query-input\":{\"@type\":\"PropertyValueSpecification\",\"valueRequired\":true,\"valueName\":\"search_term_string\"}}],\"inLanguage\":\"fr-FR\"},{\"@type\":\"Organization\",\"@id\":\"https:\\\/\\\/www.impressionoriginale.com\\\/fr\\\/#organization\",\"name\":\"Impression Originale\",\"url\":\"https:\\\/\\\/www.impressionoriginale.com\\\/fr\\\/\",\"logo\":{\"@type\":\"ImageObject\",\"inLanguage\":\"fr-FR\",\"@id\":\"https:\\\/\\\/www.impressionoriginale.com\\\/fr\\\/#\\\/schema\\\/logo\\\/image\\\/\",\"url\":\"https:\\\/\\\/www.impressionoriginale.com\\\/wp-content\\\/uploads\\\/2021\\\/08\\\/LOGO-2020-BLACK.png\",\"contentUrl\":\"https:\\\/\\\/www.impressionoriginale.com\\\/wp-content\\\/uploads\\\/2021\\\/08\\\/LOGO-2020-BLACK.png\",\"width\":567,\"height\":567,\"caption\":\"Impression Originale\"},\"image\":{\"@id\":\"https:\\\/\\\/www.impressionoriginale.com\\\/fr\\\/#\\\/schema\\\/logo\\\/image\\\/\"}}]}<\/script>\n<!-- \/ Yoast SEO plugin. -->","yoast_head_json":{"title":"Ciseaux 6'5 Noir - Impression Originale","description":"Ciseaux 6'5 avec des lames coupantes et poign\u00e9es ergonomiques qui convient parfaitement \u00e0 la d\u00e9coupe de papier cadeau et pour la production de noeuds. S\u00e9lectionn\u00e9 et distribu\u00e9 par Impression Originale en France.","robots":{"index":"index","follow":"follow","max-snippet":"max-snippet:-1","max-image-preview":"max-image-preview:large","max-video-preview":"max-video-preview:-1"},"canonical":"https:\/\/www.impressionoriginale.com\/fr\/produit\/ciseaux-65-noir\/","og_locale":"fr_FR","og_type":"article","og_title":"Ciseaux 6'5 Noir - Impression Originale","og_description":"Ciseaux 6'5 avec des lames coupantes et poign\u00e9es ergonomiques qui convient parfaitement \u00e0 la d\u00e9coupe de papier cadeau et pour la production de noeuds. S\u00e9lectionn\u00e9 et distribu\u00e9 par Impression Originale en France.","og_url":"https:\/\/www.impressionoriginale.com\/fr\/produit\/ciseaux-65-noir\/","og_site_name":"Impression Originale","article_modified_time":"2023-05-24T17:59:57+00:00","og_image":[{"width":1600,"height":1056,"url":"https:\/\/www.impressionoriginale.com\/wp-content\/uploads\/2022\/06\/Ciseaux_65_black_insitu3.jpeg","type":"image\/jpeg"}],"twitter_card":"summary_large_image","twitter_misc":{"Dur\u00e9e de lecture estim\u00e9e":"1 minute"},"schema":{"@context":"https:\/\/schema.org","@graph":[{"@type":"WebPage","@id":"https:\/\/www.impressionoriginale.com\/fr\/produit\/ciseaux-65-noir\/","url":"https:\/\/www.impressionoriginale.com\/fr\/produit\/ciseaux-65-noir\/","name":"Ciseaux 6'5 Noir - Impression Originale","isPartOf":{"@id":"https:\/\/www.impressionoriginale.com\/fr\/#website"},"primaryImageOfPage":{"@id":"https:\/\/www.impressionoriginale.com\/fr\/produit\/ciseaux-65-noir\/#primaryimage"},"image":{"@id":"https:\/\/www.impressionoriginale.com\/fr\/produit\/ciseaux-65-noir\/#primaryimage"},"thumbnailUrl":"https:\/\/www.impressionoriginale.com\/wp-content\/uploads\/2022\/06\/Ciseaux_65_black_insitu3.jpeg","datePublished":"2022-06-20T11:39:46+00:00","dateModified":"2023-05-24T17:59:57+00:00","description":"Ciseaux 6'5 avec des lames coupantes et poign\u00e9es ergonomiques qui convient parfaitement \u00e0 la d\u00e9coupe de papier cadeau et pour la production de noeuds. S\u00e9lectionn\u00e9 et distribu\u00e9 par Impression Originale en France.","breadcrumb":{"@id":"https:\/\/www.impressionoriginale.com\/fr\/produit\/ciseaux-65-noir\/#breadcrumb"},"inLanguage":"fr-FR","potentialAction":[{"@type":"ReadAction","target":["https:\/\/www.impressionoriginale.com\/fr\/produit\/ciseaux-65-noir\/"]}]},{"@type":"ImageObject","inLanguage":"fr-FR","@id":"https:\/\/www.impressionoriginale.com\/fr\/produit\/ciseaux-65-noir\/#primaryimage","url":"https:\/\/www.impressionoriginale.com\/wp-content\/uploads\/2022\/06\/Ciseaux_65_black_insitu3.jpeg","contentUrl":"https:\/\/www.impressionoriginale.com\/wp-content\/uploads\/2022\/06\/Ciseaux_65_black_insitu3.jpeg","width":1600,"height":1056,"caption":"Ciseaux 6'5 noir sur carnet distribu\u00e9s par Impression Originale"},{"@type":"BreadcrumbList","@id":"https:\/\/www.impressionoriginale.com\/fr\/produit\/ciseaux-65-noir\/#breadcrumb","itemListElement":[{"@type":"ListItem","position":1,"name":"Home","item":"https:\/\/www.impressionoriginale.com\/fr\/"},{"@type":"ListItem","position":2,"name":"Boutique","item":"https:\/\/www.impressionoriginale.com\/fr\/boutique\/"},{"@type":"ListItem","position":3,"name":"Ciseaux 6&#8217;5 Noir"}]},{"@type":"WebSite","@id":"https:\/\/www.impressionoriginale.com\/fr\/#website","url":"https:\/\/www.impressionoriginale.com\/fr\/","name":"Impression Originale","description":"The art of gifting has a new name. The online store for all your wrapping cravings.","publisher":{"@id":"https:\/\/www.impressionoriginale.com\/fr\/#organization"},"potentialAction":[{"@type":"SearchAction","target":{"@type":"EntryPoint","urlTemplate":"https:\/\/www.impressionoriginale.com\/fr\/?s={search_term_string}"},"query-input":{"@type":"PropertyValueSpecification","valueRequired":true,"valueName":"search_term_string"}}],"inLanguage":"fr-FR"},{"@type":"Organization","@id":"https:\/\/www.impressionoriginale.com\/fr\/#organization","name":"Impression Originale","url":"https:\/\/www.impressionoriginale.com\/fr\/","logo":{"@type":"ImageObject","inLanguage":"fr-FR","@id":"https:\/\/www.impressionoriginale.com\/fr\/#\/schema\/logo\/image\/","url":"https:\/\/www.impressionoriginale.com\/wp-content\/uploads\/2021\/08\/LOGO-2020-BLACK.png","contentUrl":"https:\/\/www.impressionoriginale.com\/wp-content\/uploads\/2021\/08\/LOGO-2020-BLACK.png","width":567,"height":567,"caption":"Impression Originale"},"image":{"@id":"https:\/\/www.impressionoriginale.com\/fr\/#\/schema\/logo\/image\/"}}]}},"_links":{"self":[{"href":"https:\/\/www.impressionoriginale.com\/fr\/wp-json\/wp\/v2\/product\/10442","targetHints":{"allow":["GET"]}}],"collection":[{"href":"https:\/\/www.impressionoriginale.com\/fr\/wp-json\/wp\/v2\/product"}],"about":[{"href":"https:\/\/www.impressionoriginale.com\/fr\/wp-json\/wp\/v2\/types\/product"}],"wp:featuredmedia":[{"embeddable":true,"href":"https:\/\/www.impressionoriginale.com\/fr\/wp-json\/wp\/v2\/media\/10387"}],"wp:attachment":[{"href":"https:\/\/www.impressionoriginale.com\/fr\/wp-json\/wp\/v2\/media?parent=10442"}],"wp:term":[{"taxonomy":"product_brand","embeddable":true,"href":"https:\/\/www.impressionoriginale.com\/fr\/wp-json\/wp\/v2\/product_brand?post=10442"},{"taxonomy":"product_cat","embeddable":true,"href":"https:\/\/www.impressionoriginale.com\/fr\/wp-json\/wp\/v2\/product_cat?post=10442"},{"taxonomy":"product_tag","embeddable":true,"href":"https:\/\/www.impressionoriginale.com\/fr\/wp-json\/wp\/v2\/product_tag?post=10442"}],"curies":[{"name":"wp","href":"https:\/\/api.w.org\/{rel}","templated":true}]}}