{"id":10663,"date":"2022-09-22T18:32:46","date_gmt":"2022-09-22T18:32:46","guid":{"rendered":"https:\/\/impressionor.wpengine.com\/?post_type=product&#038;p=10663"},"modified":"2023-07-26T15:30:28","modified_gmt":"2023-07-26T15:30:28","slug":"etiquettes-cadeaux-violet-aquarelle","status":"publish","type":"product","link":"https:\/\/www.impressionoriginale.com\/fr\/produit\/etiquettes-cadeaux-violet-aquarelle\/","title":{"rendered":"Etiquettes Cadeaux &#8211; Violet aquarelle"},"content":{"rendered":"<table style=\"border-collapse: collapse; width: 100%;\">\n<tbody>\n<tr>\n<td style=\"width: 17.4267%;\"><strong>MATERIEL<\/strong><\/td>\n<td style=\"width: 82.5733%;\">Papier recycl\u00e9 270g<\/td>\n<\/tr>\n<tr>\n<td style=\"width: 17.4267%;\"><strong>COULEUR<\/strong><\/td>\n<td style=\"width: 82.5733%;\">Violet \u2013 aquarelle<\/td>\n<\/tr>\n<tr>\n<td style=\"width: 17.4267%;\"><strong>DIMENSIONS<\/strong><\/td>\n<td style=\"width: 82.5733%;\">5\u00d712 cm<\/td>\n<\/tr>\n<tr>\n<td style=\"width: 17.4267%;\"><strong>GRAMMAGE<\/strong><\/td>\n<td style=\"width: 82.5733%;\">270g<\/td>\n<\/tr>\n<tr>\n<td style=\"width: 17.4267%;\"><strong>ORIGINE<\/strong><\/td>\n<td style=\"width: 82.5733%;\">France<\/td>\n<\/tr>\n<\/tbody>\n<\/table>\n<p>Nous avons design\u00e9 des \u00e9tiquettes cadeaux qui s\u2019associent \u00e0 merveille avec les couleurs de nos rubans et de nos motifs de papiers cadeaux. Vous pouvez personnaliser votre \u00e9tiquette cadeau avec un nom calligraphi\u00e9 ou un joli croquis. Laissez votre imagination vous guider.<\/p>\n<p>Les \u00e9tiquettes sont d\u00e9coup\u00e9es dans un papier \u00e9pais qui ajoute au look prestigieux de votre cadeau.<\/p>\n<p>\u00ab\u00a0<em>Le diable se cache dans les d\u00e9tails<\/em>\u00ab\u00a0.<\/p>\n\n\n","protected":false},"excerpt":{"rendered":"<p><strong>Violet aquarelle &#8211; x6 <\/strong><\/p>\n<p>Six larges \u00e9tiquettes cadeaux imprim\u00e9es avec un effet \u00ab\u00a0acquarelle\u00a0\u00bb dans lesquelles vous viendrez glisser un ruban dans la fente pour un r\u00e9sultat parfait. Le petit d\u00e9tail qui ajoute de l&rsquo;\u00e2me \u00e0 votre cadeau. L&rsquo;\u00e9tiquette cadeau peut \u00eatre personnalis\u00e9e avec une \u00e9criture manuscrite calligraphi\u00e9e ou un petit dessin. Personnalisez-la.<\/p>\n<p>D\u00e9tails techniques :<\/p>\n<ul style=\"list-style-type: disc;\">\n<li>x6 \u00e9tiquettes cadeaux<\/li>\n<li>5&#215;12 cm<\/li>\n<li>Papier 100% recycl\u00e9<\/li>\n<li>Fente en circonflexe pour glisser le ruban<\/li>\n<\/ul>\n<p><em>Note : Les \u00e9tiquettes cadeaux sont envoy\u00e9es en sachet par 6 unit\u00e9s.<\/em><\/p>\n","protected":false},"featured_media":10852,"template":"","meta":[],"product_brand":[],"product_cat":[1077],"product_tag":[],"class_list":{"0":"post-10663","1":"product","2":"type-product","3":"status-publish","4":"has-post-thumbnail","6":"product_cat-etiquettes-cadeaux","8":"first","9":"instock","10":"taxable","11":"shipping-taxable","12":"purchasable","13":"product-type-simple"},"bundled_by":["11986"],"bundle_stock_status":"instock","bundle_stock_quantity":null,"bundle_virtual":false,"bundle_layout":"","bundle_add_to_cart_form_location":"","bundle_editable_in_cart":false,"bundle_sold_individually_context":"","bundle_item_grouping":"","bundle_min_size":"","bundle_max_size":"","bundle_price":[],"bundled_items":[],"bundle_sell_ids":[],"yoast_head":"<!-- This site is optimized with the Yoast SEO plugin v27.5 - https:\/\/yoast.com\/product\/yoast-seo-wordpress\/ -->\n<title>Grands Etiquettes Cadeaux - Violet aquarelle - Impression Originale<\/title>\n<meta name=\"description\" content=\"Les grandes \u00e9tiquettes cadeaux violettes aquarelle sont id\u00e9ales pour venir personnaliser vos cadeaux extraordinaires. A personnaliser. Design\u00e9 par Impression Originale en France.\" \/>\n<meta name=\"robots\" content=\"index, follow, max-snippet:-1, max-image-preview:large, max-video-preview:-1\" \/>\n<link rel=\"canonical\" href=\"https:\/\/www.impressionoriginale.com\/fr\/produit\/etiquettes-cadeaux-violet-aquarelle\/\" \/>\n<meta property=\"og:locale\" content=\"fr_FR\" \/>\n<meta property=\"og:type\" content=\"article\" \/>\n<meta property=\"og:title\" content=\"Grands Etiquettes Cadeaux - Violet aquarelle - Impression Originale\" \/>\n<meta property=\"og:description\" content=\"Les grandes \u00e9tiquettes cadeaux violettes aquarelle sont id\u00e9ales pour venir personnaliser vos cadeaux extraordinaires. A personnaliser. Design\u00e9 par Impression Originale en France.\" \/>\n<meta property=\"og:url\" content=\"https:\/\/www.impressionoriginale.com\/fr\/produit\/etiquettes-cadeaux-violet-aquarelle\/\" \/>\n<meta property=\"og:site_name\" content=\"Impression Originale\" \/>\n<meta property=\"article:modified_time\" content=\"2023-07-26T15:30:28+00:00\" \/>\n<meta property=\"og:image\" content=\"https:\/\/www.impressionoriginale.com\/wp-content\/uploads\/2023\/07\/IOR-ETCA270VIO512_AQ-_Gift_Tag_IMPRESSION.ORIGINALE.jpg\" \/>\n\t<meta property=\"og:image:width\" content=\"1000\" \/>\n\t<meta property=\"og:image:height\" content=\"1333\" \/>\n\t<meta property=\"og:image:type\" content=\"image\/jpeg\" \/>\n<meta name=\"twitter:card\" content=\"summary_large_image\" \/>\n<script type=\"application\/ld+json\" class=\"yoast-schema-graph\">{\"@context\":\"https:\\\/\\\/schema.org\",\"@graph\":[{\"@type\":\"WebPage\",\"@id\":\"https:\\\/\\\/www.impressionoriginale.com\\\/fr\\\/produit\\\/etiquettes-cadeaux-violet-aquarelle\\\/\",\"url\":\"https:\\\/\\\/www.impressionoriginale.com\\\/fr\\\/produit\\\/etiquettes-cadeaux-violet-aquarelle\\\/\",\"name\":\"Grands Etiquettes Cadeaux - Violet aquarelle - Impression Originale\",\"isPartOf\":{\"@id\":\"https:\\\/\\\/www.impressionoriginale.com\\\/fr\\\/#website\"},\"primaryImageOfPage\":{\"@id\":\"https:\\\/\\\/www.impressionoriginale.com\\\/fr\\\/produit\\\/etiquettes-cadeaux-violet-aquarelle\\\/#primaryimage\"},\"image\":{\"@id\":\"https:\\\/\\\/www.impressionoriginale.com\\\/fr\\\/produit\\\/etiquettes-cadeaux-violet-aquarelle\\\/#primaryimage\"},\"thumbnailUrl\":\"https:\\\/\\\/www.impressionoriginale.com\\\/wp-content\\\/uploads\\\/2023\\\/07\\\/IOR-ETCA270VIO512_AQ-_Gift_Tag_IMPRESSION.ORIGINALE.jpg\",\"datePublished\":\"2022-09-22T18:32:46+00:00\",\"dateModified\":\"2023-07-26T15:30:28+00:00\",\"description\":\"Les grandes \u00e9tiquettes cadeaux violettes aquarelle sont id\u00e9ales pour venir personnaliser vos cadeaux extraordinaires. A personnaliser. Design\u00e9 par Impression Originale en France.\",\"breadcrumb\":{\"@id\":\"https:\\\/\\\/www.impressionoriginale.com\\\/fr\\\/produit\\\/etiquettes-cadeaux-violet-aquarelle\\\/#breadcrumb\"},\"inLanguage\":\"fr-FR\",\"potentialAction\":[{\"@type\":\"ReadAction\",\"target\":[\"https:\\\/\\\/www.impressionoriginale.com\\\/fr\\\/produit\\\/etiquettes-cadeaux-violet-aquarelle\\\/\"]}]},{\"@type\":\"ImageObject\",\"inLanguage\":\"fr-FR\",\"@id\":\"https:\\\/\\\/www.impressionoriginale.com\\\/fr\\\/produit\\\/etiquettes-cadeaux-violet-aquarelle\\\/#primaryimage\",\"url\":\"https:\\\/\\\/www.impressionoriginale.com\\\/wp-content\\\/uploads\\\/2023\\\/07\\\/IOR-ETCA270VIO512_AQ-_Gift_Tag_IMPRESSION.ORIGINALE.jpg\",\"contentUrl\":\"https:\\\/\\\/www.impressionoriginale.com\\\/wp-content\\\/uploads\\\/2023\\\/07\\\/IOR-ETCA270VIO512_AQ-_Gift_Tag_IMPRESSION.ORIGINALE.jpg\",\"width\":1000,\"height\":1333,\"caption\":\"Purple Gift Tag Impression Originale with ribbon\"},{\"@type\":\"BreadcrumbList\",\"@id\":\"https:\\\/\\\/www.impressionoriginale.com\\\/fr\\\/produit\\\/etiquettes-cadeaux-violet-aquarelle\\\/#breadcrumb\",\"itemListElement\":[{\"@type\":\"ListItem\",\"position\":1,\"name\":\"Home\",\"item\":\"https:\\\/\\\/www.impressionoriginale.com\\\/fr\\\/\"},{\"@type\":\"ListItem\",\"position\":2,\"name\":\"Boutique\",\"item\":\"https:\\\/\\\/www.impressionoriginale.com\\\/fr\\\/boutique\\\/\"},{\"@type\":\"ListItem\",\"position\":3,\"name\":\"Etiquettes Cadeaux &#8211; Violet aquarelle\"}]},{\"@type\":\"WebSite\",\"@id\":\"https:\\\/\\\/www.impressionoriginale.com\\\/fr\\\/#website\",\"url\":\"https:\\\/\\\/www.impressionoriginale.com\\\/fr\\\/\",\"name\":\"Impression Originale\",\"description\":\"The art of gifting has a new name. The online store for all your wrapping cravings.\",\"publisher\":{\"@id\":\"https:\\\/\\\/www.impressionoriginale.com\\\/fr\\\/#organization\"},\"potentialAction\":[{\"@type\":\"SearchAction\",\"target\":{\"@type\":\"EntryPoint\",\"urlTemplate\":\"https:\\\/\\\/www.impressionoriginale.com\\\/fr\\\/?s={search_term_string}\"},\"query-input\":{\"@type\":\"PropertyValueSpecification\",\"valueRequired\":true,\"valueName\":\"search_term_string\"}}],\"inLanguage\":\"fr-FR\"},{\"@type\":\"Organization\",\"@id\":\"https:\\\/\\\/www.impressionoriginale.com\\\/fr\\\/#organization\",\"name\":\"Impression Originale\",\"url\":\"https:\\\/\\\/www.impressionoriginale.com\\\/fr\\\/\",\"logo\":{\"@type\":\"ImageObject\",\"inLanguage\":\"fr-FR\",\"@id\":\"https:\\\/\\\/www.impressionoriginale.com\\\/fr\\\/#\\\/schema\\\/logo\\\/image\\\/\",\"url\":\"https:\\\/\\\/www.impressionoriginale.com\\\/wp-content\\\/uploads\\\/2021\\\/08\\\/LOGO-2020-BLACK.png\",\"contentUrl\":\"https:\\\/\\\/www.impressionoriginale.com\\\/wp-content\\\/uploads\\\/2021\\\/08\\\/LOGO-2020-BLACK.png\",\"width\":567,\"height\":567,\"caption\":\"Impression Originale\"},\"image\":{\"@id\":\"https:\\\/\\\/www.impressionoriginale.com\\\/fr\\\/#\\\/schema\\\/logo\\\/image\\\/\"}}]}<\/script>\n<!-- \/ Yoast SEO plugin. -->","yoast_head_json":{"title":"Grands Etiquettes Cadeaux - Violet aquarelle - Impression Originale","description":"Les grandes \u00e9tiquettes cadeaux violettes aquarelle sont id\u00e9ales pour venir personnaliser vos cadeaux extraordinaires. A personnaliser. Design\u00e9 par Impression Originale en France.","robots":{"index":"index","follow":"follow","max-snippet":"max-snippet:-1","max-image-preview":"max-image-preview:large","max-video-preview":"max-video-preview:-1"},"canonical":"https:\/\/www.impressionoriginale.com\/fr\/produit\/etiquettes-cadeaux-violet-aquarelle\/","og_locale":"fr_FR","og_type":"article","og_title":"Grands Etiquettes Cadeaux - Violet aquarelle - Impression Originale","og_description":"Les grandes \u00e9tiquettes cadeaux violettes aquarelle sont id\u00e9ales pour venir personnaliser vos cadeaux extraordinaires. A personnaliser. Design\u00e9 par Impression Originale en France.","og_url":"https:\/\/www.impressionoriginale.com\/fr\/produit\/etiquettes-cadeaux-violet-aquarelle\/","og_site_name":"Impression Originale","article_modified_time":"2023-07-26T15:30:28+00:00","og_image":[{"width":1000,"height":1333,"url":"https:\/\/www.impressionoriginale.com\/wp-content\/uploads\/2023\/07\/IOR-ETCA270VIO512_AQ-_Gift_Tag_IMPRESSION.ORIGINALE.jpg","type":"image\/jpeg"}],"twitter_card":"summary_large_image","schema":{"@context":"https:\/\/schema.org","@graph":[{"@type":"WebPage","@id":"https:\/\/www.impressionoriginale.com\/fr\/produit\/etiquettes-cadeaux-violet-aquarelle\/","url":"https:\/\/www.impressionoriginale.com\/fr\/produit\/etiquettes-cadeaux-violet-aquarelle\/","name":"Grands Etiquettes Cadeaux - Violet aquarelle - Impression Originale","isPartOf":{"@id":"https:\/\/www.impressionoriginale.com\/fr\/#website"},"primaryImageOfPage":{"@id":"https:\/\/www.impressionoriginale.com\/fr\/produit\/etiquettes-cadeaux-violet-aquarelle\/#primaryimage"},"image":{"@id":"https:\/\/www.impressionoriginale.com\/fr\/produit\/etiquettes-cadeaux-violet-aquarelle\/#primaryimage"},"thumbnailUrl":"https:\/\/www.impressionoriginale.com\/wp-content\/uploads\/2023\/07\/IOR-ETCA270VIO512_AQ-_Gift_Tag_IMPRESSION.ORIGINALE.jpg","datePublished":"2022-09-22T18:32:46+00:00","dateModified":"2023-07-26T15:30:28+00:00","description":"Les grandes \u00e9tiquettes cadeaux violettes aquarelle sont id\u00e9ales pour venir personnaliser vos cadeaux extraordinaires. A personnaliser. Design\u00e9 par Impression Originale en France.","breadcrumb":{"@id":"https:\/\/www.impressionoriginale.com\/fr\/produit\/etiquettes-cadeaux-violet-aquarelle\/#breadcrumb"},"inLanguage":"fr-FR","potentialAction":[{"@type":"ReadAction","target":["https:\/\/www.impressionoriginale.com\/fr\/produit\/etiquettes-cadeaux-violet-aquarelle\/"]}]},{"@type":"ImageObject","inLanguage":"fr-FR","@id":"https:\/\/www.impressionoriginale.com\/fr\/produit\/etiquettes-cadeaux-violet-aquarelle\/#primaryimage","url":"https:\/\/www.impressionoriginale.com\/wp-content\/uploads\/2023\/07\/IOR-ETCA270VIO512_AQ-_Gift_Tag_IMPRESSION.ORIGINALE.jpg","contentUrl":"https:\/\/www.impressionoriginale.com\/wp-content\/uploads\/2023\/07\/IOR-ETCA270VIO512_AQ-_Gift_Tag_IMPRESSION.ORIGINALE.jpg","width":1000,"height":1333,"caption":"Purple Gift Tag Impression Originale with ribbon"},{"@type":"BreadcrumbList","@id":"https:\/\/www.impressionoriginale.com\/fr\/produit\/etiquettes-cadeaux-violet-aquarelle\/#breadcrumb","itemListElement":[{"@type":"ListItem","position":1,"name":"Home","item":"https:\/\/www.impressionoriginale.com\/fr\/"},{"@type":"ListItem","position":2,"name":"Boutique","item":"https:\/\/www.impressionoriginale.com\/fr\/boutique\/"},{"@type":"ListItem","position":3,"name":"Etiquettes Cadeaux &#8211; Violet aquarelle"}]},{"@type":"WebSite","@id":"https:\/\/www.impressionoriginale.com\/fr\/#website","url":"https:\/\/www.impressionoriginale.com\/fr\/","name":"Impression Originale","description":"The art of gifting has a new name. The online store for all your wrapping cravings.","publisher":{"@id":"https:\/\/www.impressionoriginale.com\/fr\/#organization"},"potentialAction":[{"@type":"SearchAction","target":{"@type":"EntryPoint","urlTemplate":"https:\/\/www.impressionoriginale.com\/fr\/?s={search_term_string}"},"query-input":{"@type":"PropertyValueSpecification","valueRequired":true,"valueName":"search_term_string"}}],"inLanguage":"fr-FR"},{"@type":"Organization","@id":"https:\/\/www.impressionoriginale.com\/fr\/#organization","name":"Impression Originale","url":"https:\/\/www.impressionoriginale.com\/fr\/","logo":{"@type":"ImageObject","inLanguage":"fr-FR","@id":"https:\/\/www.impressionoriginale.com\/fr\/#\/schema\/logo\/image\/","url":"https:\/\/www.impressionoriginale.com\/wp-content\/uploads\/2021\/08\/LOGO-2020-BLACK.png","contentUrl":"https:\/\/www.impressionoriginale.com\/wp-content\/uploads\/2021\/08\/LOGO-2020-BLACK.png","width":567,"height":567,"caption":"Impression Originale"},"image":{"@id":"https:\/\/www.impressionoriginale.com\/fr\/#\/schema\/logo\/image\/"}}]}},"_links":{"self":[{"href":"https:\/\/www.impressionoriginale.com\/fr\/wp-json\/wp\/v2\/product\/10663","targetHints":{"allow":["GET"]}}],"collection":[{"href":"https:\/\/www.impressionoriginale.com\/fr\/wp-json\/wp\/v2\/product"}],"about":[{"href":"https:\/\/www.impressionoriginale.com\/fr\/wp-json\/wp\/v2\/types\/product"}],"wp:featuredmedia":[{"embeddable":true,"href":"https:\/\/www.impressionoriginale.com\/fr\/wp-json\/wp\/v2\/media\/10852"}],"wp:attachment":[{"href":"https:\/\/www.impressionoriginale.com\/fr\/wp-json\/wp\/v2\/media?parent=10663"}],"wp:term":[{"taxonomy":"product_brand","embeddable":true,"href":"https:\/\/www.impressionoriginale.com\/fr\/wp-json\/wp\/v2\/product_brand?post=10663"},{"taxonomy":"product_cat","embeddable":true,"href":"https:\/\/www.impressionoriginale.com\/fr\/wp-json\/wp\/v2\/product_cat?post=10663"},{"taxonomy":"product_tag","embeddable":true,"href":"https:\/\/www.impressionoriginale.com\/fr\/wp-json\/wp\/v2\/product_tag?post=10663"}],"curies":[{"name":"wp","href":"https:\/\/api.w.org\/{rel}","templated":true}]}}