{"id":10668,"date":"2022-09-24T08:34:45","date_gmt":"2022-09-24T08:34:45","guid":{"rendered":"https:\/\/impressionor.wpengine.com\/?post_type=product&#038;p=10668"},"modified":"2026-01-24T18:46:43","modified_gmt":"2026-01-24T18:46:43","slug":"la-vie-sous-le-1er-empire-pochette-cadeau-m","status":"publish","type":"product","link":"https:\/\/www.impressionoriginale.com\/fr\/produit\/la-vie-sous-le-1er-empire-pochette-cadeau-m\/","title":{"rendered":"La vie sous le 1er Empire Pochette Cadeau (M)"},"content":{"rendered":"<p style=\"padding-left: 30px;\"><strong>GRAMMAGE<\/strong> 200 g \/m<sup>2<\/sup><\/p>\n<p style=\"padding-left: 30px;\"><strong>DIMENSIONS<\/strong> 25,5\u00d719,5x8cm (taille M)<\/p>\n<p style=\"padding-left: 30px;\"><strong>PAPIER<\/strong> FSC certifi\u00e9<\/p>\n<p style=\"padding-left: 30px;\"><strong>ENCRE<\/strong> Offset pleine couleur, s\u00e9chage UV, recto-verso<\/p>\n<p style=\"padding-left: 30px;\"><strong>ORIGINE<\/strong> Angers, France<\/p>\n<p>\u00a0<\/p>\n<p>Nos pochettes cadeaux et rubans vont sublimer vos cadeaux \u00e0 la perfection et peuvent. Elles sont pr\u00eates \u00e0 l\u2019emploi. Laissez nos papiers vous inspirer, et laissez parler votre cr\u00e9ativit\u00e9\u2026<\/p>\n<p><em>\u00ab\u00a0Faites de beaux cadeaux et faites des heureux !\u00a0\u00bb <\/em><\/p>\n\n\n","protected":false},"excerpt":{"rendered":"<p><strong>BNF<\/strong><\/p>\n<h5><em>La vie sous le 1er Empire<\/em> Pochette Cadeau<\/h5>\n<p>Taille M [25,5 (hauteur) x 19,5 (largeur) x 8 (soufflet) cm ]<\/p>\n<p>\u00ab <em>L\u2019aigle imp\u00e9rial vole de clocher en clocher jusqu\u2019aux tours de Notre-Dame<\/em> \u00bb. Ainsi r\u00e8gne le \u00ab roi du peuple \u00bb, o\u00f9 la vie ne manque pas d\u2019espi\u00e8glerie. Napol\u00e9on exprime sa puissance entre un boulanger et son petit chien attel\u00e9, un corps \u00e0 corps \u00e0 Aboukir, une girafe et un rhinoc\u00e9ros rapport\u00e9s de ses conqu\u00eates africaines ou un mandarin assis en tailleur sur un baldaquin de fortune. Dans un savant m\u00e9lange de moquerie, de crainte et d\u2019adoration, cette gravure de 1828 nous donne un aper\u00e7u de la vie sous le 1er Empire.<\/p>\n<p style=\"text-align: justify;\">Disponible \u00e9galement en <a href=\"https:\/\/www.impressionoriginale.com\/fr\/produit\/la-vie-sous-le-1er-empire-papier-cadeau\/\" target=\"_blank\" rel=\"noopener\"><strong>papier cadeau<\/strong><\/a> et avec ses <strong><a href=\"https:\/\/www.impressionoriginale.com\/fr\/produit\/noeud-velours-bleu-cobalt-n422-l\/\" target=\"_blank\" rel=\"noopener\">rubans et noeuds associ\u00e9s<\/a>.<\/strong><\/p>\n<p>D\u00e9tails techniques :<\/p>\n<ul>\n<li>25,5&#215;19,5cm (8cm soufflet)<\/li>\n<li>200 g\/m\u00b2<\/li>\n<li>Imprim\u00e9 recto-verso<\/li>\n<\/ul>\n<p style=\"text-align: center;\"><em>Note : Les pochettes cadeaux sont envoy\u00e9es \u00e0 plat, avec une bande de calque protectrice. A l&rsquo;int\u00e9rieur du rabat un petit point de colle double face vous permet de fermer la pochette.<\/em><\/p>\n","protected":false},"featured_media":10935,"template":"","meta":[],"product_brand":[],"product_cat":[863,618],"product_tag":[88,814,815],"class_list":{"0":"post-10668","1":"product","2":"type-product","3":"status-publish","4":"has-post-thumbnail","6":"product_cat-pochette-cadeau","7":"product_cat-pochette-boite","8":"product_tag-impression-originale-fr-2","9":"product_tag-pochette-cadeau-fr","10":"product_tag-taille-m-fr","12":"first","13":"instock","14":"taxable","15":"shipping-taxable","16":"purchasable","17":"product-type-simple"},"bundled_by":["11323"],"bundle_stock_status":"instock","bundle_stock_quantity":1093,"bundle_virtual":false,"bundle_layout":"","bundle_add_to_cart_form_location":"","bundle_editable_in_cart":false,"bundle_sold_individually_context":"","bundle_item_grouping":"","bundle_min_size":"","bundle_max_size":"","bundle_price":[],"bundled_items":[],"bundle_sell_ids":[],"yoast_head":"<!-- This site is optimized with the Yoast SEO plugin v27.5 - https:\/\/yoast.com\/product\/yoast-seo-wordpress\/ -->\n<title>La vie sous le 1er Empire Pochette Cadeau (M) I Emballage cadeau de luxe par Impression Originale<\/title>\n<meta name=\"description\" content=\"Cette pochette cadeau M &quot;La vie sous le 1er Empire&quot; est une reproduction BNF exclusive par Impression Originale. Imprim\u00e9 sur du papier responsable et certifi\u00e9. Fabrication fran\u00e7aise.\" \/>\n<meta name=\"robots\" content=\"index, follow, max-snippet:-1, max-image-preview:large, max-video-preview:-1\" \/>\n<link rel=\"canonical\" href=\"https:\/\/www.impressionoriginale.com\/fr\/produit\/la-vie-sous-le-1er-empire-pochette-cadeau-m\/\" \/>\n<meta property=\"og:locale\" content=\"fr_FR\" \/>\n<meta property=\"og:type\" content=\"article\" \/>\n<meta property=\"og:title\" content=\"La vie sous le 1er Empire Pochette Cadeau (M) I Emballage cadeau de luxe par Impression Originale\" \/>\n<meta property=\"og:description\" content=\"Cette pochette cadeau M &quot;La vie sous le 1er Empire&quot; est une reproduction BNF exclusive par Impression Originale. Imprim\u00e9 sur du papier responsable et certifi\u00e9. Fabrication fran\u00e7aise.\" \/>\n<meta property=\"og:url\" content=\"https:\/\/www.impressionoriginale.com\/fr\/produit\/la-vie-sous-le-1er-empire-pochette-cadeau-m\/\" \/>\n<meta property=\"og:site_name\" content=\"Impression Originale\" \/>\n<meta property=\"article:modified_time\" content=\"2026-01-24T18:46:43+00:00\" \/>\n<meta property=\"og:image\" content=\"https:\/\/www.impressionoriginale.com\/wp-content\/uploads\/2023\/07\/IOR-POCM056BNFS1_La_vie_sous_le_1er_Empire_Bag_IMPRESSION_ORIGINALE.jpg\" \/>\n\t<meta property=\"og:image:width\" content=\"1500\" \/>\n\t<meta property=\"og:image:height\" content=\"2000\" \/>\n\t<meta property=\"og:image:type\" content=\"image\/jpeg\" \/>\n<meta name=\"twitter:card\" content=\"summary_large_image\" \/>\n<script type=\"application\/ld+json\" class=\"yoast-schema-graph\">{\"@context\":\"https:\\\/\\\/schema.org\",\"@graph\":[{\"@type\":\"WebPage\",\"@id\":\"https:\\\/\\\/www.impressionoriginale.com\\\/fr\\\/produit\\\/la-vie-sous-le-1er-empire-pochette-cadeau-m\\\/\",\"url\":\"https:\\\/\\\/www.impressionoriginale.com\\\/fr\\\/produit\\\/la-vie-sous-le-1er-empire-pochette-cadeau-m\\\/\",\"name\":\"La vie sous le 1er Empire Pochette Cadeau (M) I Emballage cadeau de luxe par Impression Originale\",\"isPartOf\":{\"@id\":\"https:\\\/\\\/www.impressionoriginale.com\\\/fr\\\/#website\"},\"primaryImageOfPage\":{\"@id\":\"https:\\\/\\\/www.impressionoriginale.com\\\/fr\\\/produit\\\/la-vie-sous-le-1er-empire-pochette-cadeau-m\\\/#primaryimage\"},\"image\":{\"@id\":\"https:\\\/\\\/www.impressionoriginale.com\\\/fr\\\/produit\\\/la-vie-sous-le-1er-empire-pochette-cadeau-m\\\/#primaryimage\"},\"thumbnailUrl\":\"https:\\\/\\\/www.impressionoriginale.com\\\/wp-content\\\/uploads\\\/2023\\\/07\\\/IOR-POCM056BNFS1_La_vie_sous_le_1er_Empire_Bag_IMPRESSION_ORIGINALE.jpg\",\"datePublished\":\"2022-09-24T08:34:45+00:00\",\"dateModified\":\"2026-01-24T18:46:43+00:00\",\"description\":\"Cette pochette cadeau M \\\"La vie sous le 1er Empire\\\" est une reproduction BNF exclusive par Impression Originale. Imprim\u00e9 sur du papier responsable et certifi\u00e9. Fabrication fran\u00e7aise.\",\"breadcrumb\":{\"@id\":\"https:\\\/\\\/www.impressionoriginale.com\\\/fr\\\/produit\\\/la-vie-sous-le-1er-empire-pochette-cadeau-m\\\/#breadcrumb\"},\"inLanguage\":\"fr-FR\",\"potentialAction\":[{\"@type\":\"ReadAction\",\"target\":[\"https:\\\/\\\/www.impressionoriginale.com\\\/fr\\\/produit\\\/la-vie-sous-le-1er-empire-pochette-cadeau-m\\\/\"]}]},{\"@type\":\"ImageObject\",\"inLanguage\":\"fr-FR\",\"@id\":\"https:\\\/\\\/www.impressionoriginale.com\\\/fr\\\/produit\\\/la-vie-sous-le-1er-empire-pochette-cadeau-m\\\/#primaryimage\",\"url\":\"https:\\\/\\\/www.impressionoriginale.com\\\/wp-content\\\/uploads\\\/2023\\\/07\\\/IOR-POCM056BNFS1_La_vie_sous_le_1er_Empire_Bag_IMPRESSION_ORIGINALE.jpg\",\"contentUrl\":\"https:\\\/\\\/www.impressionoriginale.com\\\/wp-content\\\/uploads\\\/2023\\\/07\\\/IOR-POCM056BNFS1_La_vie_sous_le_1er_Empire_Bag_IMPRESSION_ORIGINALE.jpg\",\"width\":1500,\"height\":2000},{\"@type\":\"BreadcrumbList\",\"@id\":\"https:\\\/\\\/www.impressionoriginale.com\\\/fr\\\/produit\\\/la-vie-sous-le-1er-empire-pochette-cadeau-m\\\/#breadcrumb\",\"itemListElement\":[{\"@type\":\"ListItem\",\"position\":1,\"name\":\"Home\",\"item\":\"https:\\\/\\\/www.impressionoriginale.com\\\/fr\\\/\"},{\"@type\":\"ListItem\",\"position\":2,\"name\":\"Boutique\",\"item\":\"https:\\\/\\\/www.impressionoriginale.com\\\/fr\\\/boutique\\\/\"},{\"@type\":\"ListItem\",\"position\":3,\"name\":\"La vie sous le 1er Empire Pochette Cadeau (M)\"}]},{\"@type\":\"WebSite\",\"@id\":\"https:\\\/\\\/www.impressionoriginale.com\\\/fr\\\/#website\",\"url\":\"https:\\\/\\\/www.impressionoriginale.com\\\/fr\\\/\",\"name\":\"Impression Originale\",\"description\":\"The art of gifting has a new name. The online store for all your wrapping cravings.\",\"publisher\":{\"@id\":\"https:\\\/\\\/www.impressionoriginale.com\\\/fr\\\/#organization\"},\"potentialAction\":[{\"@type\":\"SearchAction\",\"target\":{\"@type\":\"EntryPoint\",\"urlTemplate\":\"https:\\\/\\\/www.impressionoriginale.com\\\/fr\\\/?s={search_term_string}\"},\"query-input\":{\"@type\":\"PropertyValueSpecification\",\"valueRequired\":true,\"valueName\":\"search_term_string\"}}],\"inLanguage\":\"fr-FR\"},{\"@type\":\"Organization\",\"@id\":\"https:\\\/\\\/www.impressionoriginale.com\\\/fr\\\/#organization\",\"name\":\"Impression Originale\",\"url\":\"https:\\\/\\\/www.impressionoriginale.com\\\/fr\\\/\",\"logo\":{\"@type\":\"ImageObject\",\"inLanguage\":\"fr-FR\",\"@id\":\"https:\\\/\\\/www.impressionoriginale.com\\\/fr\\\/#\\\/schema\\\/logo\\\/image\\\/\",\"url\":\"https:\\\/\\\/www.impressionoriginale.com\\\/wp-content\\\/uploads\\\/2021\\\/08\\\/LOGO-2020-BLACK.png\",\"contentUrl\":\"https:\\\/\\\/www.impressionoriginale.com\\\/wp-content\\\/uploads\\\/2021\\\/08\\\/LOGO-2020-BLACK.png\",\"width\":567,\"height\":567,\"caption\":\"Impression Originale\"},\"image\":{\"@id\":\"https:\\\/\\\/www.impressionoriginale.com\\\/fr\\\/#\\\/schema\\\/logo\\\/image\\\/\"}}]}<\/script>\n<!-- \/ Yoast SEO plugin. -->","yoast_head_json":{"title":"La vie sous le 1er Empire Pochette Cadeau (M) I Emballage cadeau de luxe par Impression Originale","description":"Cette pochette cadeau M \"La vie sous le 1er Empire\" est une reproduction BNF exclusive par Impression Originale. Imprim\u00e9 sur du papier responsable et certifi\u00e9. Fabrication fran\u00e7aise.","robots":{"index":"index","follow":"follow","max-snippet":"max-snippet:-1","max-image-preview":"max-image-preview:large","max-video-preview":"max-video-preview:-1"},"canonical":"https:\/\/www.impressionoriginale.com\/fr\/produit\/la-vie-sous-le-1er-empire-pochette-cadeau-m\/","og_locale":"fr_FR","og_type":"article","og_title":"La vie sous le 1er Empire Pochette Cadeau (M) I Emballage cadeau de luxe par Impression Originale","og_description":"Cette pochette cadeau M \"La vie sous le 1er Empire\" est une reproduction BNF exclusive par Impression Originale. Imprim\u00e9 sur du papier responsable et certifi\u00e9. Fabrication fran\u00e7aise.","og_url":"https:\/\/www.impressionoriginale.com\/fr\/produit\/la-vie-sous-le-1er-empire-pochette-cadeau-m\/","og_site_name":"Impression Originale","article_modified_time":"2026-01-24T18:46:43+00:00","og_image":[{"width":1500,"height":2000,"url":"https:\/\/www.impressionoriginale.com\/wp-content\/uploads\/2023\/07\/IOR-POCM056BNFS1_La_vie_sous_le_1er_Empire_Bag_IMPRESSION_ORIGINALE.jpg","type":"image\/jpeg"}],"twitter_card":"summary_large_image","schema":{"@context":"https:\/\/schema.org","@graph":[{"@type":"WebPage","@id":"https:\/\/www.impressionoriginale.com\/fr\/produit\/la-vie-sous-le-1er-empire-pochette-cadeau-m\/","url":"https:\/\/www.impressionoriginale.com\/fr\/produit\/la-vie-sous-le-1er-empire-pochette-cadeau-m\/","name":"La vie sous le 1er Empire Pochette Cadeau (M) I Emballage cadeau de luxe par Impression Originale","isPartOf":{"@id":"https:\/\/www.impressionoriginale.com\/fr\/#website"},"primaryImageOfPage":{"@id":"https:\/\/www.impressionoriginale.com\/fr\/produit\/la-vie-sous-le-1er-empire-pochette-cadeau-m\/#primaryimage"},"image":{"@id":"https:\/\/www.impressionoriginale.com\/fr\/produit\/la-vie-sous-le-1er-empire-pochette-cadeau-m\/#primaryimage"},"thumbnailUrl":"https:\/\/www.impressionoriginale.com\/wp-content\/uploads\/2023\/07\/IOR-POCM056BNFS1_La_vie_sous_le_1er_Empire_Bag_IMPRESSION_ORIGINALE.jpg","datePublished":"2022-09-24T08:34:45+00:00","dateModified":"2026-01-24T18:46:43+00:00","description":"Cette pochette cadeau M \"La vie sous le 1er Empire\" est une reproduction BNF exclusive par Impression Originale. Imprim\u00e9 sur du papier responsable et certifi\u00e9. Fabrication fran\u00e7aise.","breadcrumb":{"@id":"https:\/\/www.impressionoriginale.com\/fr\/produit\/la-vie-sous-le-1er-empire-pochette-cadeau-m\/#breadcrumb"},"inLanguage":"fr-FR","potentialAction":[{"@type":"ReadAction","target":["https:\/\/www.impressionoriginale.com\/fr\/produit\/la-vie-sous-le-1er-empire-pochette-cadeau-m\/"]}]},{"@type":"ImageObject","inLanguage":"fr-FR","@id":"https:\/\/www.impressionoriginale.com\/fr\/produit\/la-vie-sous-le-1er-empire-pochette-cadeau-m\/#primaryimage","url":"https:\/\/www.impressionoriginale.com\/wp-content\/uploads\/2023\/07\/IOR-POCM056BNFS1_La_vie_sous_le_1er_Empire_Bag_IMPRESSION_ORIGINALE.jpg","contentUrl":"https:\/\/www.impressionoriginale.com\/wp-content\/uploads\/2023\/07\/IOR-POCM056BNFS1_La_vie_sous_le_1er_Empire_Bag_IMPRESSION_ORIGINALE.jpg","width":1500,"height":2000},{"@type":"BreadcrumbList","@id":"https:\/\/www.impressionoriginale.com\/fr\/produit\/la-vie-sous-le-1er-empire-pochette-cadeau-m\/#breadcrumb","itemListElement":[{"@type":"ListItem","position":1,"name":"Home","item":"https:\/\/www.impressionoriginale.com\/fr\/"},{"@type":"ListItem","position":2,"name":"Boutique","item":"https:\/\/www.impressionoriginale.com\/fr\/boutique\/"},{"@type":"ListItem","position":3,"name":"La vie sous le 1er Empire Pochette Cadeau (M)"}]},{"@type":"WebSite","@id":"https:\/\/www.impressionoriginale.com\/fr\/#website","url":"https:\/\/www.impressionoriginale.com\/fr\/","name":"Impression Originale","description":"The art of gifting has a new name. The online store for all your wrapping cravings.","publisher":{"@id":"https:\/\/www.impressionoriginale.com\/fr\/#organization"},"potentialAction":[{"@type":"SearchAction","target":{"@type":"EntryPoint","urlTemplate":"https:\/\/www.impressionoriginale.com\/fr\/?s={search_term_string}"},"query-input":{"@type":"PropertyValueSpecification","valueRequired":true,"valueName":"search_term_string"}}],"inLanguage":"fr-FR"},{"@type":"Organization","@id":"https:\/\/www.impressionoriginale.com\/fr\/#organization","name":"Impression Originale","url":"https:\/\/www.impressionoriginale.com\/fr\/","logo":{"@type":"ImageObject","inLanguage":"fr-FR","@id":"https:\/\/www.impressionoriginale.com\/fr\/#\/schema\/logo\/image\/","url":"https:\/\/www.impressionoriginale.com\/wp-content\/uploads\/2021\/08\/LOGO-2020-BLACK.png","contentUrl":"https:\/\/www.impressionoriginale.com\/wp-content\/uploads\/2021\/08\/LOGO-2020-BLACK.png","width":567,"height":567,"caption":"Impression Originale"},"image":{"@id":"https:\/\/www.impressionoriginale.com\/fr\/#\/schema\/logo\/image\/"}}]}},"_links":{"self":[{"href":"https:\/\/www.impressionoriginale.com\/fr\/wp-json\/wp\/v2\/product\/10668","targetHints":{"allow":["GET"]}}],"collection":[{"href":"https:\/\/www.impressionoriginale.com\/fr\/wp-json\/wp\/v2\/product"}],"about":[{"href":"https:\/\/www.impressionoriginale.com\/fr\/wp-json\/wp\/v2\/types\/product"}],"wp:featuredmedia":[{"embeddable":true,"href":"https:\/\/www.impressionoriginale.com\/fr\/wp-json\/wp\/v2\/media\/10935"}],"wp:attachment":[{"href":"https:\/\/www.impressionoriginale.com\/fr\/wp-json\/wp\/v2\/media?parent=10668"}],"wp:term":[{"taxonomy":"product_brand","embeddable":true,"href":"https:\/\/www.impressionoriginale.com\/fr\/wp-json\/wp\/v2\/product_brand?post=10668"},{"taxonomy":"product_cat","embeddable":true,"href":"https:\/\/www.impressionoriginale.com\/fr\/wp-json\/wp\/v2\/product_cat?post=10668"},{"taxonomy":"product_tag","embeddable":true,"href":"https:\/\/www.impressionoriginale.com\/fr\/wp-json\/wp\/v2\/product_tag?post=10668"}],"curies":[{"name":"wp","href":"https:\/\/api.w.org\/{rel}","templated":true}]}}