{"id":10672,"date":"2023-12-19T14:50:56","date_gmt":"2023-12-19T14:50:56","guid":{"rendered":"https:\/\/impressionor.wpengine.com\/?post_type=product&#038;p=10672"},"modified":"2025-12-04T11:08:51","modified_gmt":"2025-12-04T11:08:51","slug":"24-decembre-pochette-cadeau-m","status":"publish","type":"product","link":"https:\/\/www.impressionoriginale.com\/fr\/produit\/24-decembre-pochette-cadeau-m\/","title":{"rendered":"24 d\u00e9cembre Pochette Cadeau (M)"},"content":{"rendered":"<p style=\"padding-left: 30px;\"><strong>GRAMMAGE<\/strong> 200 g \/m<sup>2<\/sup><\/p>\n<p style=\"padding-left: 30px;\"><strong>DIMENSIONS<\/strong> 25,5\u00d719,5x8cm (taille M)<\/p>\n<p style=\"padding-left: 30px;\"><strong>PAPIER<\/strong> FSC certifi\u00e9<\/p>\n<p style=\"padding-left: 30px;\"><strong>ENCRE<\/strong> Pantone \u00a9, s\u00e9chage UV, recto-verso, pelliculage peau de p\u00eache<\/p>\n<p style=\"padding-left: 30px;\"><strong>ORIGINE<\/strong> Angers, France<\/p>\n<p>\u00a0<\/p>\n<p>Nos pochettes cadeaux et rubans vont sublimer vos cadeaux \u00e0 la perfection et peuvent. Elles sont pr\u00eates \u00e0 l\u2019emploi. Laissez nos papiers vous inspirer, et laissez parler votre cr\u00e9ativit\u00e9\u2026<\/p>\n<p><em>\u00ab\u00a0Faites de beaux cadeaux et faites des heureux !\u00a0\u00bb <\/em><\/p>\n\n\n","protected":false},"excerpt":{"rendered":"<p><strong>Genevi\u00e8ve Depr\u00e9s<\/strong><\/p>\n<h5>Pochette Cadeau <em>24 d\u00e9cembre<\/em><\/h5>\n<p>Taille M [25,5 (hauteur) x 19,5 (largeur) x 8 (soufflet) cm ]<\/p>\n<p>Au coeur des vastes pleines glac\u00e9es balay\u00e9es par le vent du nord se prom\u00e8nent Montmarte le renne aux bois fous et Fanny le li\u00e8vre aux yeux noisette. Ils forment un conciliabule \u00e0 l\u2019approche de No\u00ebl pour organiser une grande f\u00eate comme chez les humains. C\u2019est alors que surgit un gros monsieur barbu tout habill\u00e9 en rouge qui leur apporte des tonnes de cadeaux. Stupeur sur la banquise, c\u2019est l\u2019heure d\u2019aller chercher tous leurs amis pour pr\u00e9parer la plus grande f\u00eate que le Nord n\u2019ait jamais connu.<\/p>\n<p style=\"text-align: justify;\">Disponible \u00e9galement en petite <a href=\"https:\/\/www.impressionoriginale.com\/fr\/produit\/24-decembre-pochette-cadeau-s\/\" target=\"_blank\" rel=\"noopener\"><strong>pochette cadeau <\/strong><\/a>(taille S) et avec le <a href=\"https:\/\/www.impressionoriginale.com\/fr\/produit\/noeud-satin-aile-rouge-n324-l\/\" target=\"_blank\" rel=\"noopener\"><strong>noeud ail\u00e9 rouge satin n\u00b0324<\/strong><\/a>.<\/p>\n<p style=\"text-align: center;\"><em>Note : Les pochettes cadeaux sont envoy\u00e9es \u00e0 plat.<\/em><\/p>\n","protected":false},"featured_media":10943,"template":"","meta":[],"product_brand":[],"product_cat":[911,863,618],"product_tag":[88,814,815],"class_list":{"0":"post-10672","1":"product","2":"type-product","3":"status-publish","4":"has-post-thumbnail","6":"product_cat-noel","7":"product_cat-pochette-cadeau","8":"product_cat-pochette-boite","9":"product_tag-impression-originale-fr-2","10":"product_tag-pochette-cadeau-fr","11":"product_tag-taille-m-fr","13":"first","14":"instock","15":"taxable","16":"shipping-taxable","17":"purchasable","18":"product-type-simple"},"bundled_by":["13165"],"bundle_stock_status":"instock","bundle_stock_quantity":50,"bundle_virtual":false,"bundle_layout":"","bundle_add_to_cart_form_location":"","bundle_editable_in_cart":false,"bundle_sold_individually_context":"","bundle_item_grouping":"","bundle_min_size":"","bundle_max_size":"","bundle_price":[],"bundled_items":[],"bundle_sell_ids":[],"yoast_head":"<!-- This site is optimized with the Yoast SEO plugin v27.3 - https:\/\/yoast.com\/product\/yoast-seo-wordpress\/ -->\n<title>24 d\u00e9cembre Pochette Cadeau (M) I Emballage cadeau de luxe par Impression Originale<\/title>\n<meta name=\"description\" content=\"Cette pochette cadeau No\u00ebl &quot;24 d\u00e9cembre&quot; design\u00e9e par Genevi\u00e8ve Depr\u00e9s pour Impression Originale est imprim\u00e9e sur du papier 100% recycl\u00e9. Fabrication fran\u00e7aise.\" \/>\n<meta name=\"robots\" content=\"index, follow, max-snippet:-1, max-image-preview:large, max-video-preview:-1\" \/>\n<link rel=\"canonical\" href=\"https:\/\/www.impressionoriginale.com\/fr\/produit\/24-decembre-pochette-cadeau-m\/\" \/>\n<meta property=\"og:locale\" content=\"fr_FR\" \/>\n<meta property=\"og:type\" content=\"article\" \/>\n<meta property=\"og:title\" content=\"24 d\u00e9cembre Pochette Cadeau (M) I Emballage cadeau de luxe par Impression Originale\" \/>\n<meta property=\"og:description\" content=\"Cette pochette cadeau No\u00ebl &quot;24 d\u00e9cembre&quot; design\u00e9e par Genevi\u00e8ve Depr\u00e9s pour Impression Originale est imprim\u00e9e sur du papier 100% recycl\u00e9. Fabrication fran\u00e7aise.\" \/>\n<meta property=\"og:url\" content=\"https:\/\/www.impressionoriginale.com\/fr\/produit\/24-decembre-pochette-cadeau-m\/\" \/>\n<meta property=\"og:site_name\" content=\"Impression Originale\" \/>\n<meta property=\"article:modified_time\" content=\"2025-12-04T11:08:51+00:00\" \/>\n<meta property=\"og:image\" content=\"https:\/\/www.impressionoriginale.com\/wp-content\/uploads\/2023\/07\/IOR-POCM061GDES1_24_Decembre_Bow_Bag_IMPRESSION_ORIGINALE.jpg\" \/>\n\t<meta property=\"og:image:width\" content=\"1396\" \/>\n\t<meta property=\"og:image:height\" content=\"1861\" \/>\n\t<meta property=\"og:image:type\" content=\"image\/jpeg\" \/>\n<meta name=\"twitter:card\" content=\"summary_large_image\" \/>\n<script type=\"application\/ld+json\" class=\"yoast-schema-graph\">{\"@context\":\"https:\\\/\\\/schema.org\",\"@graph\":[{\"@type\":\"WebPage\",\"@id\":\"https:\\\/\\\/www.impressionoriginale.com\\\/fr\\\/produit\\\/24-decembre-pochette-cadeau-m\\\/\",\"url\":\"https:\\\/\\\/www.impressionoriginale.com\\\/fr\\\/produit\\\/24-decembre-pochette-cadeau-m\\\/\",\"name\":\"24 d\u00e9cembre Pochette Cadeau (M) I Emballage cadeau de luxe par Impression Originale\",\"isPartOf\":{\"@id\":\"https:\\\/\\\/www.impressionoriginale.com\\\/fr\\\/#website\"},\"primaryImageOfPage\":{\"@id\":\"https:\\\/\\\/www.impressionoriginale.com\\\/fr\\\/produit\\\/24-decembre-pochette-cadeau-m\\\/#primaryimage\"},\"image\":{\"@id\":\"https:\\\/\\\/www.impressionoriginale.com\\\/fr\\\/produit\\\/24-decembre-pochette-cadeau-m\\\/#primaryimage\"},\"thumbnailUrl\":\"https:\\\/\\\/www.impressionoriginale.com\\\/wp-content\\\/uploads\\\/2023\\\/07\\\/IOR-POCM061GDES1_24_Decembre_Bow_Bag_IMPRESSION_ORIGINALE.jpg\",\"datePublished\":\"2023-12-19T14:50:56+00:00\",\"dateModified\":\"2025-12-04T11:08:51+00:00\",\"description\":\"Cette pochette cadeau No\u00ebl \\\"24 d\u00e9cembre\\\" design\u00e9e par Genevi\u00e8ve Depr\u00e9s pour Impression Originale est imprim\u00e9e sur du papier 100% recycl\u00e9. Fabrication fran\u00e7aise.\",\"breadcrumb\":{\"@id\":\"https:\\\/\\\/www.impressionoriginale.com\\\/fr\\\/produit\\\/24-decembre-pochette-cadeau-m\\\/#breadcrumb\"},\"inLanguage\":\"fr-FR\",\"potentialAction\":[{\"@type\":\"ReadAction\",\"target\":[\"https:\\\/\\\/www.impressionoriginale.com\\\/fr\\\/produit\\\/24-decembre-pochette-cadeau-m\\\/\"]}]},{\"@type\":\"ImageObject\",\"inLanguage\":\"fr-FR\",\"@id\":\"https:\\\/\\\/www.impressionoriginale.com\\\/fr\\\/produit\\\/24-decembre-pochette-cadeau-m\\\/#primaryimage\",\"url\":\"https:\\\/\\\/www.impressionoriginale.com\\\/wp-content\\\/uploads\\\/2023\\\/07\\\/IOR-POCM061GDES1_24_Decembre_Bow_Bag_IMPRESSION_ORIGINALE.jpg\",\"contentUrl\":\"https:\\\/\\\/www.impressionoriginale.com\\\/wp-content\\\/uploads\\\/2023\\\/07\\\/IOR-POCM061GDES1_24_Decembre_Bow_Bag_IMPRESSION_ORIGINALE.jpg\",\"width\":1396,\"height\":1861},{\"@type\":\"BreadcrumbList\",\"@id\":\"https:\\\/\\\/www.impressionoriginale.com\\\/fr\\\/produit\\\/24-decembre-pochette-cadeau-m\\\/#breadcrumb\",\"itemListElement\":[{\"@type\":\"ListItem\",\"position\":1,\"name\":\"Home\",\"item\":\"https:\\\/\\\/www.impressionoriginale.com\\\/fr\\\/\"},{\"@type\":\"ListItem\",\"position\":2,\"name\":\"Boutique\",\"item\":\"https:\\\/\\\/www.impressionoriginale.com\\\/fr\\\/boutique\\\/\"},{\"@type\":\"ListItem\",\"position\":3,\"name\":\"24 d\u00e9cembre Pochette Cadeau (M)\"}]},{\"@type\":\"WebSite\",\"@id\":\"https:\\\/\\\/www.impressionoriginale.com\\\/fr\\\/#website\",\"url\":\"https:\\\/\\\/www.impressionoriginale.com\\\/fr\\\/\",\"name\":\"Impression Originale\",\"description\":\"The art of gifting has a new name. The online store for all your wrapping cravings.\",\"publisher\":{\"@id\":\"https:\\\/\\\/www.impressionoriginale.com\\\/fr\\\/#organization\"},\"potentialAction\":[{\"@type\":\"SearchAction\",\"target\":{\"@type\":\"EntryPoint\",\"urlTemplate\":\"https:\\\/\\\/www.impressionoriginale.com\\\/fr\\\/?s={search_term_string}\"},\"query-input\":{\"@type\":\"PropertyValueSpecification\",\"valueRequired\":true,\"valueName\":\"search_term_string\"}}],\"inLanguage\":\"fr-FR\"},{\"@type\":\"Organization\",\"@id\":\"https:\\\/\\\/www.impressionoriginale.com\\\/fr\\\/#organization\",\"name\":\"Impression Originale\",\"url\":\"https:\\\/\\\/www.impressionoriginale.com\\\/fr\\\/\",\"logo\":{\"@type\":\"ImageObject\",\"inLanguage\":\"fr-FR\",\"@id\":\"https:\\\/\\\/www.impressionoriginale.com\\\/fr\\\/#\\\/schema\\\/logo\\\/image\\\/\",\"url\":\"https:\\\/\\\/www.impressionoriginale.com\\\/wp-content\\\/uploads\\\/2021\\\/08\\\/LOGO-2020-BLACK.png\",\"contentUrl\":\"https:\\\/\\\/www.impressionoriginale.com\\\/wp-content\\\/uploads\\\/2021\\\/08\\\/LOGO-2020-BLACK.png\",\"width\":567,\"height\":567,\"caption\":\"Impression Originale\"},\"image\":{\"@id\":\"https:\\\/\\\/www.impressionoriginale.com\\\/fr\\\/#\\\/schema\\\/logo\\\/image\\\/\"}}]}<\/script>\n<!-- \/ Yoast SEO plugin. -->","yoast_head_json":{"title":"24 d\u00e9cembre Pochette Cadeau (M) I Emballage cadeau de luxe par Impression Originale","description":"Cette pochette cadeau No\u00ebl \"24 d\u00e9cembre\" design\u00e9e par Genevi\u00e8ve Depr\u00e9s pour Impression Originale est imprim\u00e9e sur du papier 100% recycl\u00e9. Fabrication fran\u00e7aise.","robots":{"index":"index","follow":"follow","max-snippet":"max-snippet:-1","max-image-preview":"max-image-preview:large","max-video-preview":"max-video-preview:-1"},"canonical":"https:\/\/www.impressionoriginale.com\/fr\/produit\/24-decembre-pochette-cadeau-m\/","og_locale":"fr_FR","og_type":"article","og_title":"24 d\u00e9cembre Pochette Cadeau (M) I Emballage cadeau de luxe par Impression Originale","og_description":"Cette pochette cadeau No\u00ebl \"24 d\u00e9cembre\" design\u00e9e par Genevi\u00e8ve Depr\u00e9s pour Impression Originale est imprim\u00e9e sur du papier 100% recycl\u00e9. Fabrication fran\u00e7aise.","og_url":"https:\/\/www.impressionoriginale.com\/fr\/produit\/24-decembre-pochette-cadeau-m\/","og_site_name":"Impression Originale","article_modified_time":"2025-12-04T11:08:51+00:00","og_image":[{"width":1396,"height":1861,"url":"https:\/\/www.impressionoriginale.com\/wp-content\/uploads\/2023\/07\/IOR-POCM061GDES1_24_Decembre_Bow_Bag_IMPRESSION_ORIGINALE.jpg","type":"image\/jpeg"}],"twitter_card":"summary_large_image","schema":{"@context":"https:\/\/schema.org","@graph":[{"@type":"WebPage","@id":"https:\/\/www.impressionoriginale.com\/fr\/produit\/24-decembre-pochette-cadeau-m\/","url":"https:\/\/www.impressionoriginale.com\/fr\/produit\/24-decembre-pochette-cadeau-m\/","name":"24 d\u00e9cembre Pochette Cadeau (M) I Emballage cadeau de luxe par Impression Originale","isPartOf":{"@id":"https:\/\/www.impressionoriginale.com\/fr\/#website"},"primaryImageOfPage":{"@id":"https:\/\/www.impressionoriginale.com\/fr\/produit\/24-decembre-pochette-cadeau-m\/#primaryimage"},"image":{"@id":"https:\/\/www.impressionoriginale.com\/fr\/produit\/24-decembre-pochette-cadeau-m\/#primaryimage"},"thumbnailUrl":"https:\/\/www.impressionoriginale.com\/wp-content\/uploads\/2023\/07\/IOR-POCM061GDES1_24_Decembre_Bow_Bag_IMPRESSION_ORIGINALE.jpg","datePublished":"2023-12-19T14:50:56+00:00","dateModified":"2025-12-04T11:08:51+00:00","description":"Cette pochette cadeau No\u00ebl \"24 d\u00e9cembre\" design\u00e9e par Genevi\u00e8ve Depr\u00e9s pour Impression Originale est imprim\u00e9e sur du papier 100% recycl\u00e9. Fabrication fran\u00e7aise.","breadcrumb":{"@id":"https:\/\/www.impressionoriginale.com\/fr\/produit\/24-decembre-pochette-cadeau-m\/#breadcrumb"},"inLanguage":"fr-FR","potentialAction":[{"@type":"ReadAction","target":["https:\/\/www.impressionoriginale.com\/fr\/produit\/24-decembre-pochette-cadeau-m\/"]}]},{"@type":"ImageObject","inLanguage":"fr-FR","@id":"https:\/\/www.impressionoriginale.com\/fr\/produit\/24-decembre-pochette-cadeau-m\/#primaryimage","url":"https:\/\/www.impressionoriginale.com\/wp-content\/uploads\/2023\/07\/IOR-POCM061GDES1_24_Decembre_Bow_Bag_IMPRESSION_ORIGINALE.jpg","contentUrl":"https:\/\/www.impressionoriginale.com\/wp-content\/uploads\/2023\/07\/IOR-POCM061GDES1_24_Decembre_Bow_Bag_IMPRESSION_ORIGINALE.jpg","width":1396,"height":1861},{"@type":"BreadcrumbList","@id":"https:\/\/www.impressionoriginale.com\/fr\/produit\/24-decembre-pochette-cadeau-m\/#breadcrumb","itemListElement":[{"@type":"ListItem","position":1,"name":"Home","item":"https:\/\/www.impressionoriginale.com\/fr\/"},{"@type":"ListItem","position":2,"name":"Boutique","item":"https:\/\/www.impressionoriginale.com\/fr\/boutique\/"},{"@type":"ListItem","position":3,"name":"24 d\u00e9cembre Pochette Cadeau (M)"}]},{"@type":"WebSite","@id":"https:\/\/www.impressionoriginale.com\/fr\/#website","url":"https:\/\/www.impressionoriginale.com\/fr\/","name":"Impression Originale","description":"The art of gifting has a new name. The online store for all your wrapping cravings.","publisher":{"@id":"https:\/\/www.impressionoriginale.com\/fr\/#organization"},"potentialAction":[{"@type":"SearchAction","target":{"@type":"EntryPoint","urlTemplate":"https:\/\/www.impressionoriginale.com\/fr\/?s={search_term_string}"},"query-input":{"@type":"PropertyValueSpecification","valueRequired":true,"valueName":"search_term_string"}}],"inLanguage":"fr-FR"},{"@type":"Organization","@id":"https:\/\/www.impressionoriginale.com\/fr\/#organization","name":"Impression Originale","url":"https:\/\/www.impressionoriginale.com\/fr\/","logo":{"@type":"ImageObject","inLanguage":"fr-FR","@id":"https:\/\/www.impressionoriginale.com\/fr\/#\/schema\/logo\/image\/","url":"https:\/\/www.impressionoriginale.com\/wp-content\/uploads\/2021\/08\/LOGO-2020-BLACK.png","contentUrl":"https:\/\/www.impressionoriginale.com\/wp-content\/uploads\/2021\/08\/LOGO-2020-BLACK.png","width":567,"height":567,"caption":"Impression Originale"},"image":{"@id":"https:\/\/www.impressionoriginale.com\/fr\/#\/schema\/logo\/image\/"}}]}},"_links":{"self":[{"href":"https:\/\/www.impressionoriginale.com\/fr\/wp-json\/wp\/v2\/product\/10672","targetHints":{"allow":["GET"]}}],"collection":[{"href":"https:\/\/www.impressionoriginale.com\/fr\/wp-json\/wp\/v2\/product"}],"about":[{"href":"https:\/\/www.impressionoriginale.com\/fr\/wp-json\/wp\/v2\/types\/product"}],"wp:featuredmedia":[{"embeddable":true,"href":"https:\/\/www.impressionoriginale.com\/fr\/wp-json\/wp\/v2\/media\/10943"}],"wp:attachment":[{"href":"https:\/\/www.impressionoriginale.com\/fr\/wp-json\/wp\/v2\/media?parent=10672"}],"wp:term":[{"taxonomy":"product_brand","embeddable":true,"href":"https:\/\/www.impressionoriginale.com\/fr\/wp-json\/wp\/v2\/product_brand?post=10672"},{"taxonomy":"product_cat","embeddable":true,"href":"https:\/\/www.impressionoriginale.com\/fr\/wp-json\/wp\/v2\/product_cat?post=10672"},{"taxonomy":"product_tag","embeddable":true,"href":"https:\/\/www.impressionoriginale.com\/fr\/wp-json\/wp\/v2\/product_tag?post=10672"}],"curies":[{"name":"wp","href":"https:\/\/api.w.org\/{rel}","templated":true}]}}