{"id":10676,"date":"2022-09-28T15:21:52","date_gmt":"2022-09-28T15:21:52","guid":{"rendered":"https:\/\/impressionor.wpengine.com\/?post_type=product&#038;p=10676"},"modified":"2026-04-14T17:49:04","modified_gmt":"2026-04-14T17:49:04","slug":"coquillages-nacres-or-papier-cadeau","status":"publish","type":"product","link":"https:\/\/www.impressionoriginale.com\/fr\/produit\/coquillages-nacres-or-papier-cadeau\/","title":{"rendered":"Coquillages nacr\u00e9s &#8211; or &#8211; Papier Cadeau"},"content":{"rendered":"<blockquote>\n<p style=\"padding-left: 30px;\"><strong>GRAMMAGE<\/strong> 100 g \/m<sup>2<\/sup><\/p>\n<p style=\"padding-left: 30px;\"><strong>DIMENSIONS<\/strong> 70x100cm (feuille cadeau XL, rouleau)<\/p>\n<p style=\"padding-left: 30px;\"><strong>PAPIER<\/strong> Cyclus \u2013 100% recycl\u00e9<\/p>\n<p style=\"padding-left: 30px;\"><strong>ENCRE<\/strong> Offset pleine couleur, s\u00e9chage UV, recto-verso<\/p>\n<p style=\"padding-left: 30px;\"><strong>PANTONE<\/strong> Or<\/p>\n<p style=\"padding-left: 30px;\"><strong>ORIGINE<\/strong> Angers, France<\/p>\n<p>\u00a0<\/p>\n<p>Dessin\u00e9s par nos artistes du monde entier et mis sous pli \u00e0 la main par nos petites f\u00e9es \u00e0 Angers, France. Nos papiers cadeaux et rubans vont sublimer vos cadeaux \u00e0 la perfection et peuvent aussi s\u2019offrir \u00e0 toutes vos autres utilisations cr\u00e9atives, comme la reliure ou les projets artistiques. Laissez nos papiers vous inspirer, et laissez parler votre cr\u00e9ativit\u00e9\u2026<\/p>\n<p><em>\u00ab\u00a0Faites de beaux cadeaux et faites des heureux !\u00a0\u00bb <\/em><\/p><\/blockquote>\n\n\n","protected":false},"excerpt":{"rendered":"<p style=\"text-align: justify;\"><strong>Claire Colin<\/strong><\/p>\n<h5><em>Coquillages nacr\u00e9s &#8211; or &#8211; <\/em>papier cadeau<\/h5>\n<p style=\"text-align: justify;\">Atours d\u2019une princesse des oc\u00e9ans, joyaux de la mer, les coquillages nacr\u00e9s de Claire oscillent sous la surface de l\u2019eau et \u00e9tincellent \u00e0 la lumi\u00e8re du jour. Ce motif de papier cadeau est infus\u00e9 des Arts D\u00e9coratifs intemporels qui c\u00e9l\u00e8brent avec \u00e9l\u00e9gance nos plus beaux cadeaux.<\/p>\n<p style=\"text-align: justify;\">Retrouvez dans le m\u00eame design or la <a href=\"https:\/\/www.impressionoriginale.com\/fr\/produit\/coquillages-nacres-or-pochette-cadeau-m\/\" target=\"_blank\" rel=\"noopener\"><strong>pochette cadeau (taille M)<\/strong><\/a>. En version bleu-nuit la <a href=\"https:\/\/www.impressionoriginale.com\/fr\/produit\/look-coquillages-nacres\/\" target=\"_blank\" rel=\"noopener\"><strong>pochette cadeau (taille M)<\/strong><\/a>. Dans un coloris bordeaux et or l&rsquo;<a href=\"https:\/\/www.impressionoriginale.com\/fr\/produit\/ensemble-coquillages-nacres\/\" target=\"_blank\" rel=\"noopener\"><strong>ensemble Coquillages nacr\u00e9s<\/strong><\/a> se pare de beaux rubans et noeuds.<\/p>\n<p>D\u00e9tails techniques :<\/p>\n<ul style=\"list-style-type: disc;\">\n<li>70x100cm<\/li>\n<li>100 g\/m\u00b2<\/li>\n<li>Imprim\u00e9 recto-verso<\/li>\n<\/ul>\n<p style=\"text-align: center;\"><em>Note : Tous nos papiers cadeaux sont envoy\u00e9s roul\u00e9s soigneusement dans un tube.<\/em><\/p>\n","protected":false},"featured_media":10775,"template":"","meta":[],"product_brand":[],"product_cat":[912,914,911,62,399,101],"product_tag":[826,88,81,1095],"class_list":{"0":"post-10676","1":"product","2":"type-product","3":"status-publish","4":"has-post-thumbnail","6":"product_cat-luxe","7":"product_cat-mariage","8":"product_cat-noel","9":"product_cat-papier-cadeau","10":"product_cat-capsule-noel","11":"product_cat-ceremonies-fr","12":"product_tag-claire-colin-fr-2","13":"product_tag-impression-originale-fr-2","14":"product_tag-papier-cadeau-fr","15":"product_tag-papiers-cadeaux","17":"first","18":"instock","19":"taxable","20":"shipping-taxable","21":"purchasable","22":"product-type-simple"},"bundled_by":["11268","11308","11336","11372","11358","12024","12031","13144"],"bundle_stock_status":"instock","bundle_stock_quantity":19,"bundle_virtual":false,"bundle_layout":"","bundle_add_to_cart_form_location":"","bundle_editable_in_cart":false,"bundle_sold_individually_context":"","bundle_item_grouping":"","bundle_min_size":"","bundle_max_size":"","bundle_price":[],"bundled_items":[],"bundle_sell_ids":[],"yoast_head":"<!-- This site is optimized with the Yoast SEO plugin v27.5 - https:\/\/yoast.com\/product\/yoast-seo-wordpress\/ -->\n<title>Coquillages nacr\u00e9s - or - Papier Cadeau - Impression Originale<\/title>\n<meta name=\"description\" content=\"Ce papier cadeau luxe imprim\u00e9 en or pantone est design\u00e9 par l&#039;illustratice Claire Colin pour Impression Originale est en papier 100% recycl\u00e9, made in France.\" \/>\n<meta name=\"robots\" content=\"index, follow, max-snippet:-1, max-image-preview:large, max-video-preview:-1\" \/>\n<link rel=\"canonical\" href=\"https:\/\/www.impressionoriginale.com\/fr\/produit\/coquillages-nacres-or-papier-cadeau\/\" \/>\n<meta property=\"og:locale\" content=\"fr_FR\" \/>\n<meta property=\"og:type\" content=\"article\" \/>\n<meta property=\"og:title\" content=\"Coquillages nacr\u00e9s - or - Papier Cadeau - Impression Originale\" \/>\n<meta property=\"og:description\" content=\"Ce papier cadeau luxe imprim\u00e9 en or pantone est design\u00e9 par l&#039;illustratice Claire Colin pour Impression Originale est en papier 100% recycl\u00e9, made in France.\" \/>\n<meta property=\"og:url\" content=\"https:\/\/www.impressionoriginale.com\/fr\/produit\/coquillages-nacres-or-papier-cadeau\/\" \/>\n<meta property=\"og:site_name\" content=\"Impression Originale\" \/>\n<meta property=\"article:modified_time\" content=\"2026-04-14T17:49:04+00:00\" \/>\n<meta property=\"og:image\" content=\"https:\/\/www.impressionoriginale.com\/wp-content\/uploads\/2023\/05\/IOR-0047CCOS3C2022_Pearly_Shells_gift_wrap_IMPRESSION.ORIGINALE028.jpg.jpg\" \/>\n\t<meta property=\"og:image:width\" content=\"1000\" \/>\n\t<meta property=\"og:image:height\" content=\"1498\" \/>\n\t<meta property=\"og:image:type\" content=\"image\/jpeg\" \/>\n<meta name=\"twitter:card\" content=\"summary_large_image\" \/>\n<script type=\"application\/ld+json\" class=\"yoast-schema-graph\">{\"@context\":\"https:\\\/\\\/schema.org\",\"@graph\":[{\"@type\":\"WebPage\",\"@id\":\"https:\\\/\\\/www.impressionoriginale.com\\\/fr\\\/produit\\\/coquillages-nacres-or-papier-cadeau\\\/\",\"url\":\"https:\\\/\\\/www.impressionoriginale.com\\\/fr\\\/produit\\\/coquillages-nacres-or-papier-cadeau\\\/\",\"name\":\"Coquillages nacr\u00e9s - or - Papier Cadeau - Impression Originale\",\"isPartOf\":{\"@id\":\"https:\\\/\\\/www.impressionoriginale.com\\\/fr\\\/#website\"},\"primaryImageOfPage\":{\"@id\":\"https:\\\/\\\/www.impressionoriginale.com\\\/fr\\\/produit\\\/coquillages-nacres-or-papier-cadeau\\\/#primaryimage\"},\"image\":{\"@id\":\"https:\\\/\\\/www.impressionoriginale.com\\\/fr\\\/produit\\\/coquillages-nacres-or-papier-cadeau\\\/#primaryimage\"},\"thumbnailUrl\":\"https:\\\/\\\/www.impressionoriginale.com\\\/wp-content\\\/uploads\\\/2023\\\/05\\\/IOR-0047CCOS3C2022_Pearly_Shells_gift_wrap_IMPRESSION.ORIGINALE028.jpg.jpg\",\"datePublished\":\"2022-09-28T15:21:52+00:00\",\"dateModified\":\"2026-04-14T17:49:04+00:00\",\"description\":\"Ce papier cadeau luxe imprim\u00e9 en or pantone est design\u00e9 par l'illustratice Claire Colin pour Impression Originale est en papier 100% recycl\u00e9, made in France.\",\"breadcrumb\":{\"@id\":\"https:\\\/\\\/www.impressionoriginale.com\\\/fr\\\/produit\\\/coquillages-nacres-or-papier-cadeau\\\/#breadcrumb\"},\"inLanguage\":\"fr-FR\",\"potentialAction\":[{\"@type\":\"ReadAction\",\"target\":[\"https:\\\/\\\/www.impressionoriginale.com\\\/fr\\\/produit\\\/coquillages-nacres-or-papier-cadeau\\\/\"]}]},{\"@type\":\"ImageObject\",\"inLanguage\":\"fr-FR\",\"@id\":\"https:\\\/\\\/www.impressionoriginale.com\\\/fr\\\/produit\\\/coquillages-nacres-or-papier-cadeau\\\/#primaryimage\",\"url\":\"https:\\\/\\\/www.impressionoriginale.com\\\/wp-content\\\/uploads\\\/2023\\\/05\\\/IOR-0047CCOS3C2022_Pearly_Shells_gift_wrap_IMPRESSION.ORIGINALE028.jpg.jpg\",\"contentUrl\":\"https:\\\/\\\/www.impressionoriginale.com\\\/wp-content\\\/uploads\\\/2023\\\/05\\\/IOR-0047CCOS3C2022_Pearly_Shells_gift_wrap_IMPRESSION.ORIGINALE028.jpg.jpg\",\"width\":1000,\"height\":1498,\"caption\":\"Pearly Shells gift wrap Impresion Originale\"},{\"@type\":\"BreadcrumbList\",\"@id\":\"https:\\\/\\\/www.impressionoriginale.com\\\/fr\\\/produit\\\/coquillages-nacres-or-papier-cadeau\\\/#breadcrumb\",\"itemListElement\":[{\"@type\":\"ListItem\",\"position\":1,\"name\":\"Home\",\"item\":\"https:\\\/\\\/www.impressionoriginale.com\\\/fr\\\/\"},{\"@type\":\"ListItem\",\"position\":2,\"name\":\"Boutique\",\"item\":\"https:\\\/\\\/www.impressionoriginale.com\\\/fr\\\/boutique\\\/\"},{\"@type\":\"ListItem\",\"position\":3,\"name\":\"Coquillages nacr\u00e9s &#8211; or &#8211; Papier Cadeau\"}]},{\"@type\":\"WebSite\",\"@id\":\"https:\\\/\\\/www.impressionoriginale.com\\\/fr\\\/#website\",\"url\":\"https:\\\/\\\/www.impressionoriginale.com\\\/fr\\\/\",\"name\":\"Impression Originale\",\"description\":\"The art of gifting has a new name. The online store for all your wrapping cravings.\",\"publisher\":{\"@id\":\"https:\\\/\\\/www.impressionoriginale.com\\\/fr\\\/#organization\"},\"potentialAction\":[{\"@type\":\"SearchAction\",\"target\":{\"@type\":\"EntryPoint\",\"urlTemplate\":\"https:\\\/\\\/www.impressionoriginale.com\\\/fr\\\/?s={search_term_string}\"},\"query-input\":{\"@type\":\"PropertyValueSpecification\",\"valueRequired\":true,\"valueName\":\"search_term_string\"}}],\"inLanguage\":\"fr-FR\"},{\"@type\":\"Organization\",\"@id\":\"https:\\\/\\\/www.impressionoriginale.com\\\/fr\\\/#organization\",\"name\":\"Impression Originale\",\"url\":\"https:\\\/\\\/www.impressionoriginale.com\\\/fr\\\/\",\"logo\":{\"@type\":\"ImageObject\",\"inLanguage\":\"fr-FR\",\"@id\":\"https:\\\/\\\/www.impressionoriginale.com\\\/fr\\\/#\\\/schema\\\/logo\\\/image\\\/\",\"url\":\"https:\\\/\\\/www.impressionoriginale.com\\\/wp-content\\\/uploads\\\/2021\\\/08\\\/LOGO-2020-BLACK.png\",\"contentUrl\":\"https:\\\/\\\/www.impressionoriginale.com\\\/wp-content\\\/uploads\\\/2021\\\/08\\\/LOGO-2020-BLACK.png\",\"width\":567,\"height\":567,\"caption\":\"Impression Originale\"},\"image\":{\"@id\":\"https:\\\/\\\/www.impressionoriginale.com\\\/fr\\\/#\\\/schema\\\/logo\\\/image\\\/\"}}]}<\/script>\n<!-- \/ Yoast SEO plugin. -->","yoast_head_json":{"title":"Coquillages nacr\u00e9s - or - Papier Cadeau - Impression Originale","description":"Ce papier cadeau luxe imprim\u00e9 en or pantone est design\u00e9 par l'illustratice Claire Colin pour Impression Originale est en papier 100% recycl\u00e9, made in France.","robots":{"index":"index","follow":"follow","max-snippet":"max-snippet:-1","max-image-preview":"max-image-preview:large","max-video-preview":"max-video-preview:-1"},"canonical":"https:\/\/www.impressionoriginale.com\/fr\/produit\/coquillages-nacres-or-papier-cadeau\/","og_locale":"fr_FR","og_type":"article","og_title":"Coquillages nacr\u00e9s - or - Papier Cadeau - Impression Originale","og_description":"Ce papier cadeau luxe imprim\u00e9 en or pantone est design\u00e9 par l'illustratice Claire Colin pour Impression Originale est en papier 100% recycl\u00e9, made in France.","og_url":"https:\/\/www.impressionoriginale.com\/fr\/produit\/coquillages-nacres-or-papier-cadeau\/","og_site_name":"Impression Originale","article_modified_time":"2026-04-14T17:49:04+00:00","og_image":[{"width":1000,"height":1498,"url":"https:\/\/www.impressionoriginale.com\/wp-content\/uploads\/2023\/05\/IOR-0047CCOS3C2022_Pearly_Shells_gift_wrap_IMPRESSION.ORIGINALE028.jpg.jpg","type":"image\/jpeg"}],"twitter_card":"summary_large_image","schema":{"@context":"https:\/\/schema.org","@graph":[{"@type":"WebPage","@id":"https:\/\/www.impressionoriginale.com\/fr\/produit\/coquillages-nacres-or-papier-cadeau\/","url":"https:\/\/www.impressionoriginale.com\/fr\/produit\/coquillages-nacres-or-papier-cadeau\/","name":"Coquillages nacr\u00e9s - or - Papier Cadeau - Impression Originale","isPartOf":{"@id":"https:\/\/www.impressionoriginale.com\/fr\/#website"},"primaryImageOfPage":{"@id":"https:\/\/www.impressionoriginale.com\/fr\/produit\/coquillages-nacres-or-papier-cadeau\/#primaryimage"},"image":{"@id":"https:\/\/www.impressionoriginale.com\/fr\/produit\/coquillages-nacres-or-papier-cadeau\/#primaryimage"},"thumbnailUrl":"https:\/\/www.impressionoriginale.com\/wp-content\/uploads\/2023\/05\/IOR-0047CCOS3C2022_Pearly_Shells_gift_wrap_IMPRESSION.ORIGINALE028.jpg.jpg","datePublished":"2022-09-28T15:21:52+00:00","dateModified":"2026-04-14T17:49:04+00:00","description":"Ce papier cadeau luxe imprim\u00e9 en or pantone est design\u00e9 par l'illustratice Claire Colin pour Impression Originale est en papier 100% recycl\u00e9, made in France.","breadcrumb":{"@id":"https:\/\/www.impressionoriginale.com\/fr\/produit\/coquillages-nacres-or-papier-cadeau\/#breadcrumb"},"inLanguage":"fr-FR","potentialAction":[{"@type":"ReadAction","target":["https:\/\/www.impressionoriginale.com\/fr\/produit\/coquillages-nacres-or-papier-cadeau\/"]}]},{"@type":"ImageObject","inLanguage":"fr-FR","@id":"https:\/\/www.impressionoriginale.com\/fr\/produit\/coquillages-nacres-or-papier-cadeau\/#primaryimage","url":"https:\/\/www.impressionoriginale.com\/wp-content\/uploads\/2023\/05\/IOR-0047CCOS3C2022_Pearly_Shells_gift_wrap_IMPRESSION.ORIGINALE028.jpg.jpg","contentUrl":"https:\/\/www.impressionoriginale.com\/wp-content\/uploads\/2023\/05\/IOR-0047CCOS3C2022_Pearly_Shells_gift_wrap_IMPRESSION.ORIGINALE028.jpg.jpg","width":1000,"height":1498,"caption":"Pearly Shells gift wrap Impresion Originale"},{"@type":"BreadcrumbList","@id":"https:\/\/www.impressionoriginale.com\/fr\/produit\/coquillages-nacres-or-papier-cadeau\/#breadcrumb","itemListElement":[{"@type":"ListItem","position":1,"name":"Home","item":"https:\/\/www.impressionoriginale.com\/fr\/"},{"@type":"ListItem","position":2,"name":"Boutique","item":"https:\/\/www.impressionoriginale.com\/fr\/boutique\/"},{"@type":"ListItem","position":3,"name":"Coquillages nacr\u00e9s &#8211; or &#8211; Papier Cadeau"}]},{"@type":"WebSite","@id":"https:\/\/www.impressionoriginale.com\/fr\/#website","url":"https:\/\/www.impressionoriginale.com\/fr\/","name":"Impression Originale","description":"The art of gifting has a new name. The online store for all your wrapping cravings.","publisher":{"@id":"https:\/\/www.impressionoriginale.com\/fr\/#organization"},"potentialAction":[{"@type":"SearchAction","target":{"@type":"EntryPoint","urlTemplate":"https:\/\/www.impressionoriginale.com\/fr\/?s={search_term_string}"},"query-input":{"@type":"PropertyValueSpecification","valueRequired":true,"valueName":"search_term_string"}}],"inLanguage":"fr-FR"},{"@type":"Organization","@id":"https:\/\/www.impressionoriginale.com\/fr\/#organization","name":"Impression Originale","url":"https:\/\/www.impressionoriginale.com\/fr\/","logo":{"@type":"ImageObject","inLanguage":"fr-FR","@id":"https:\/\/www.impressionoriginale.com\/fr\/#\/schema\/logo\/image\/","url":"https:\/\/www.impressionoriginale.com\/wp-content\/uploads\/2021\/08\/LOGO-2020-BLACK.png","contentUrl":"https:\/\/www.impressionoriginale.com\/wp-content\/uploads\/2021\/08\/LOGO-2020-BLACK.png","width":567,"height":567,"caption":"Impression Originale"},"image":{"@id":"https:\/\/www.impressionoriginale.com\/fr\/#\/schema\/logo\/image\/"}}]}},"_links":{"self":[{"href":"https:\/\/www.impressionoriginale.com\/fr\/wp-json\/wp\/v2\/product\/10676","targetHints":{"allow":["GET"]}}],"collection":[{"href":"https:\/\/www.impressionoriginale.com\/fr\/wp-json\/wp\/v2\/product"}],"about":[{"href":"https:\/\/www.impressionoriginale.com\/fr\/wp-json\/wp\/v2\/types\/product"}],"wp:featuredmedia":[{"embeddable":true,"href":"https:\/\/www.impressionoriginale.com\/fr\/wp-json\/wp\/v2\/media\/10775"}],"wp:attachment":[{"href":"https:\/\/www.impressionoriginale.com\/fr\/wp-json\/wp\/v2\/media?parent=10676"}],"wp:term":[{"taxonomy":"product_brand","embeddable":true,"href":"https:\/\/www.impressionoriginale.com\/fr\/wp-json\/wp\/v2\/product_brand?post=10676"},{"taxonomy":"product_cat","embeddable":true,"href":"https:\/\/www.impressionoriginale.com\/fr\/wp-json\/wp\/v2\/product_cat?post=10676"},{"taxonomy":"product_tag","embeddable":true,"href":"https:\/\/www.impressionoriginale.com\/fr\/wp-json\/wp\/v2\/product_tag?post=10676"}],"curies":[{"name":"wp","href":"https:\/\/api.w.org\/{rel}","templated":true}]}}