{"id":10984,"date":"2023-07-27T07:49:34","date_gmt":"2023-07-27T07:49:35","guid":{"rendered":"https:\/\/www.impressionoriginale.com\/?post_type=product&#038;p=10984"},"modified":"2024-12-18T15:29:31","modified_gmt":"2024-12-18T15:29:31","slug":"derriere-le-tableau-pochette-cadeau-s","status":"publish","type":"product","link":"https:\/\/www.impressionoriginale.com\/fr\/produit\/derriere-le-tableau-pochette-cadeau-s\/","title":{"rendered":"Derri\u00e8re le tableau pochette cadeau (S)"},"content":{"rendered":"<p style=\"padding-left: 30px;\"><strong>GRAMMAGE<\/strong> 200 g \/m<sup>2<\/sup><\/p>\n<p style=\"padding-left: 30px;\"><strong>DIMENSIONS<\/strong> 12,5x9cm (petite pochette cadeau, \u00e0 plat)<\/p>\n<p style=\"padding-left: 30px;\"><strong>PAPIER<\/strong> FSC certifi\u00e9<\/p>\n<p style=\"padding-left: 30px;\"><strong>ENCRE<\/strong> Offset pleine couleur, s\u00e9chage UV, recto-verso<\/p>\n<p style=\"padding-left: 30px;\"><strong>ORIGINE<\/strong> Angers, France<\/p>\n<p>\u00a0<\/p>\n<p>Dessin\u00e9s par nos artistes du monde entier et mis sous pli \u00e0 la main par nos petites f\u00e9es \u00e0 Angers, France. Nos papiers cadeaux et rubans vont sublimer vos cadeaux \u00e0 la perfection et peuvent aussi s\u2019offrir \u00e0 toutes vos autres utilisations cr\u00e9atives, comme la reliure ou les projets artistiques. Laissez nos papiers vous inspirer, et laissez parler votre cr\u00e9ativit\u00e9\u2026<\/p>\n<p><em>\u00ab\u00a0Faites de beaux cadeaux et faites des heureux !\u00a0\u00bb <\/em><\/p>\n\n\n","protected":false},"excerpt":{"rendered":"<p><strong>Margaret Jeane<\/strong><\/p>\n<h5><em>Derri\u00e8re le tableau <\/em>Pochette Cadeau<\/h5>\n<p>Taille S [12,5 (L) x 9 (l) x 3,6 \u2117 cm]<\/p>\n<p style=\"text-align: justify;\">Sur le mur surann\u00e9 d\u2019un petit boudoir, la marque d\u2019un ancien tableau se dessine. Les couleurs originelles ont gard\u00e9 leur \u00e9clat \u00e0 l\u2019abris du temps qui passe. D\u00e9licates an\u00e9mones et branches d\u2019eucalyptus peintes par Margaret en bouquets g\u00e9n\u00e9reux nous transporte vers les int\u00e9rieurs des peintres Nabis.<\/p>\n<p style=\"text-align: justify;\">Disponible \u00e9galement en <a href=\"https:\/\/www.impressionoriginale.com\/fr\/produit\/look-derriere-le-tableau\/\" target=\"_blank\" rel=\"noopener\"><strong>pochette cadeau <\/strong><\/a>(taille M) et en <a href=\"https:\/\/www.impressionoriginale.com\/e-shop\/behind-the-frame-wrap\/\" target=\"_blank\" rel=\"noopener noreferrer\"><strong>papier cadeau<\/strong><\/a> . D\u00e9couvrez nos recommandations pour les rubans et les noeuds qui subliment ce motif avec <a href=\"https:\/\/www.impressionoriginale.com\/e-shop\/look-behind-the-frame\/\" target=\"_blank\" rel=\"noopener noreferrer\"><strong>l&rsquo;ensemble Derri\u00e8re le tableau<\/strong><\/a>.<\/p>\n<p>D\u00e9tails techniques :<\/p>\n<ul style=\"list-style-type: disc;\">\n<li>9&#215;12,5cm (3,6cm soufflet)<\/li>\n<li>200 g\/m\u00b2<\/li>\n<li>Imprim\u00e9 recto-verso<\/li>\n<\/ul>\n<p style=\"text-align: center;\"><em>Note : Les pochettes cadeaux sont envoy\u00e9es \u00e0 plat, avec une bande de calque protectrice. A l&rsquo;int\u00e9rieur du rabat un petit point de colle double face vous permet de fermer la pochette. <\/em><\/p>\n","protected":false},"featured_media":10910,"template":"","meta":[],"product_brand":[],"product_cat":[863,618],"product_tag":[88,816,814,759],"class_list":{"0":"post-10984","1":"product","2":"type-product","3":"status-publish","4":"has-post-thumbnail","6":"product_cat-pochette-cadeau","7":"product_cat-pochette-boite","8":"product_tag-impression-originale-fr-2","9":"product_tag-margaret-jeane-fr","10":"product_tag-pochette-cadeau-fr","11":"product_tag-taille-s-fr","13":"first","14":"instock","15":"taxable","16":"shipping-taxable","17":"purchasable","18":"product-type-simple"},"bundled_by":["11314"],"bundle_stock_status":"instock","bundle_stock_quantity":396,"bundle_virtual":false,"bundle_layout":"","bundle_add_to_cart_form_location":"","bundle_editable_in_cart":false,"bundle_sold_individually_context":"","bundle_item_grouping":"","bundle_min_size":"","bundle_max_size":"","bundle_price":[],"bundled_items":[],"bundle_sell_ids":[],"yoast_head":"<!-- This site is optimized with the Yoast SEO plugin v27.5 - https:\/\/yoast.com\/product\/yoast-seo-wordpress\/ -->\n<title>Derri\u00e8re le tableau pochette cadeau (S) I Emballage cadeau de luxe par Impression Originale<\/title>\n<meta name=\"description\" content=\"Cette petite pochette cadeau moutarde fleurie &quot;Derri\u00e8re le tableau&quot; par la designer Margaret Jeane pour Impression Originale est 100% recycl\u00e9e. Fabrication fran\u00e7aise.\" \/>\n<meta name=\"robots\" content=\"index, follow, max-snippet:-1, max-image-preview:large, max-video-preview:-1\" \/>\n<link rel=\"canonical\" href=\"https:\/\/www.impressionoriginale.com\/fr\/produit\/derriere-le-tableau-pochette-cadeau-s\/\" \/>\n<meta property=\"og:locale\" content=\"fr_FR\" \/>\n<meta property=\"og:type\" content=\"article\" \/>\n<meta property=\"og:title\" content=\"Derri\u00e8re le tableau pochette cadeau (S) I Emballage cadeau de luxe par Impression Originale\" \/>\n<meta property=\"og:description\" content=\"Cette petite pochette cadeau moutarde fleurie &quot;Derri\u00e8re le tableau&quot; par la designer Margaret Jeane pour Impression Originale est 100% recycl\u00e9e. Fabrication fran\u00e7aise.\" \/>\n<meta property=\"og:url\" content=\"https:\/\/www.impressionoriginale.com\/fr\/produit\/derriere-le-tableau-pochette-cadeau-s\/\" \/>\n<meta property=\"og:site_name\" content=\"Impression Originale\" \/>\n<meta property=\"article:modified_time\" content=\"2024-12-18T15:29:31+00:00\" \/>\n<meta property=\"og:image\" content=\"https:\/\/www.impressionoriginale.com\/wp-content\/uploads\/2023\/07\/IOR-POCS045MJES1_bis_Derriere_le_tableau_Bag_IMPRESSION_ORIGINALE.jpg\" \/>\n\t<meta property=\"og:image:width\" content=\"1335\" \/>\n\t<meta property=\"og:image:height\" content=\"2000\" \/>\n\t<meta property=\"og:image:type\" content=\"image\/jpeg\" \/>\n<meta name=\"twitter:card\" content=\"summary_large_image\" \/>\n<script type=\"application\/ld+json\" class=\"yoast-schema-graph\">{\"@context\":\"https:\\\/\\\/schema.org\",\"@graph\":[{\"@type\":\"WebPage\",\"@id\":\"https:\\\/\\\/www.impressionoriginale.com\\\/fr\\\/produit\\\/derriere-le-tableau-pochette-cadeau-s\\\/\",\"url\":\"https:\\\/\\\/www.impressionoriginale.com\\\/fr\\\/produit\\\/derriere-le-tableau-pochette-cadeau-s\\\/\",\"name\":\"Derri\u00e8re le tableau pochette cadeau (S) I Emballage cadeau de luxe par Impression Originale\",\"isPartOf\":{\"@id\":\"https:\\\/\\\/www.impressionoriginale.com\\\/fr\\\/#website\"},\"primaryImageOfPage\":{\"@id\":\"https:\\\/\\\/www.impressionoriginale.com\\\/fr\\\/produit\\\/derriere-le-tableau-pochette-cadeau-s\\\/#primaryimage\"},\"image\":{\"@id\":\"https:\\\/\\\/www.impressionoriginale.com\\\/fr\\\/produit\\\/derriere-le-tableau-pochette-cadeau-s\\\/#primaryimage\"},\"thumbnailUrl\":\"https:\\\/\\\/www.impressionoriginale.com\\\/wp-content\\\/uploads\\\/2023\\\/07\\\/IOR-POCS045MJES1_bis_Derriere_le_tableau_Bag_IMPRESSION_ORIGINALE.jpg\",\"datePublished\":\"2023-07-27T07:49:35+00:00\",\"dateModified\":\"2024-12-18T15:29:31+00:00\",\"description\":\"Cette petite pochette cadeau moutarde fleurie \\\"Derri\u00e8re le tableau\\\" par la designer Margaret Jeane pour Impression Originale est 100% recycl\u00e9e. Fabrication fran\u00e7aise.\",\"breadcrumb\":{\"@id\":\"https:\\\/\\\/www.impressionoriginale.com\\\/fr\\\/produit\\\/derriere-le-tableau-pochette-cadeau-s\\\/#breadcrumb\"},\"inLanguage\":\"fr-FR\",\"potentialAction\":[{\"@type\":\"ReadAction\",\"target\":[\"https:\\\/\\\/www.impressionoriginale.com\\\/fr\\\/produit\\\/derriere-le-tableau-pochette-cadeau-s\\\/\"]}]},{\"@type\":\"ImageObject\",\"inLanguage\":\"fr-FR\",\"@id\":\"https:\\\/\\\/www.impressionoriginale.com\\\/fr\\\/produit\\\/derriere-le-tableau-pochette-cadeau-s\\\/#primaryimage\",\"url\":\"https:\\\/\\\/www.impressionoriginale.com\\\/wp-content\\\/uploads\\\/2023\\\/07\\\/IOR-POCS045MJES1_bis_Derriere_le_tableau_Bag_IMPRESSION_ORIGINALE.jpg\",\"contentUrl\":\"https:\\\/\\\/www.impressionoriginale.com\\\/wp-content\\\/uploads\\\/2023\\\/07\\\/IOR-POCS045MJES1_bis_Derriere_le_tableau_Bag_IMPRESSION_ORIGINALE.jpg\",\"width\":1335,\"height\":2000},{\"@type\":\"BreadcrumbList\",\"@id\":\"https:\\\/\\\/www.impressionoriginale.com\\\/fr\\\/produit\\\/derriere-le-tableau-pochette-cadeau-s\\\/#breadcrumb\",\"itemListElement\":[{\"@type\":\"ListItem\",\"position\":1,\"name\":\"Home\",\"item\":\"https:\\\/\\\/www.impressionoriginale.com\\\/fr\\\/\"},{\"@type\":\"ListItem\",\"position\":2,\"name\":\"Boutique\",\"item\":\"https:\\\/\\\/www.impressionoriginale.com\\\/fr\\\/boutique\\\/\"},{\"@type\":\"ListItem\",\"position\":3,\"name\":\"Derri\u00e8re le tableau pochette cadeau (S)\"}]},{\"@type\":\"WebSite\",\"@id\":\"https:\\\/\\\/www.impressionoriginale.com\\\/fr\\\/#website\",\"url\":\"https:\\\/\\\/www.impressionoriginale.com\\\/fr\\\/\",\"name\":\"Impression Originale\",\"description\":\"The art of gifting has a new name. The online store for all your wrapping cravings.\",\"publisher\":{\"@id\":\"https:\\\/\\\/www.impressionoriginale.com\\\/fr\\\/#organization\"},\"potentialAction\":[{\"@type\":\"SearchAction\",\"target\":{\"@type\":\"EntryPoint\",\"urlTemplate\":\"https:\\\/\\\/www.impressionoriginale.com\\\/fr\\\/?s={search_term_string}\"},\"query-input\":{\"@type\":\"PropertyValueSpecification\",\"valueRequired\":true,\"valueName\":\"search_term_string\"}}],\"inLanguage\":\"fr-FR\"},{\"@type\":\"Organization\",\"@id\":\"https:\\\/\\\/www.impressionoriginale.com\\\/fr\\\/#organization\",\"name\":\"Impression Originale\",\"url\":\"https:\\\/\\\/www.impressionoriginale.com\\\/fr\\\/\",\"logo\":{\"@type\":\"ImageObject\",\"inLanguage\":\"fr-FR\",\"@id\":\"https:\\\/\\\/www.impressionoriginale.com\\\/fr\\\/#\\\/schema\\\/logo\\\/image\\\/\",\"url\":\"https:\\\/\\\/www.impressionoriginale.com\\\/wp-content\\\/uploads\\\/2021\\\/08\\\/LOGO-2020-BLACK.png\",\"contentUrl\":\"https:\\\/\\\/www.impressionoriginale.com\\\/wp-content\\\/uploads\\\/2021\\\/08\\\/LOGO-2020-BLACK.png\",\"width\":567,\"height\":567,\"caption\":\"Impression Originale\"},\"image\":{\"@id\":\"https:\\\/\\\/www.impressionoriginale.com\\\/fr\\\/#\\\/schema\\\/logo\\\/image\\\/\"}}]}<\/script>\n<!-- \/ Yoast SEO plugin. -->","yoast_head_json":{"title":"Derri\u00e8re le tableau pochette cadeau (S) I Emballage cadeau de luxe par Impression Originale","description":"Cette petite pochette cadeau moutarde fleurie \"Derri\u00e8re le tableau\" par la designer Margaret Jeane pour Impression Originale est 100% recycl\u00e9e. Fabrication fran\u00e7aise.","robots":{"index":"index","follow":"follow","max-snippet":"max-snippet:-1","max-image-preview":"max-image-preview:large","max-video-preview":"max-video-preview:-1"},"canonical":"https:\/\/www.impressionoriginale.com\/fr\/produit\/derriere-le-tableau-pochette-cadeau-s\/","og_locale":"fr_FR","og_type":"article","og_title":"Derri\u00e8re le tableau pochette cadeau (S) I Emballage cadeau de luxe par Impression Originale","og_description":"Cette petite pochette cadeau moutarde fleurie \"Derri\u00e8re le tableau\" par la designer Margaret Jeane pour Impression Originale est 100% recycl\u00e9e. Fabrication fran\u00e7aise.","og_url":"https:\/\/www.impressionoriginale.com\/fr\/produit\/derriere-le-tableau-pochette-cadeau-s\/","og_site_name":"Impression Originale","article_modified_time":"2024-12-18T15:29:31+00:00","og_image":[{"width":1335,"height":2000,"url":"https:\/\/www.impressionoriginale.com\/wp-content\/uploads\/2023\/07\/IOR-POCS045MJES1_bis_Derriere_le_tableau_Bag_IMPRESSION_ORIGINALE.jpg","type":"image\/jpeg"}],"twitter_card":"summary_large_image","schema":{"@context":"https:\/\/schema.org","@graph":[{"@type":"WebPage","@id":"https:\/\/www.impressionoriginale.com\/fr\/produit\/derriere-le-tableau-pochette-cadeau-s\/","url":"https:\/\/www.impressionoriginale.com\/fr\/produit\/derriere-le-tableau-pochette-cadeau-s\/","name":"Derri\u00e8re le tableau pochette cadeau (S) I Emballage cadeau de luxe par Impression Originale","isPartOf":{"@id":"https:\/\/www.impressionoriginale.com\/fr\/#website"},"primaryImageOfPage":{"@id":"https:\/\/www.impressionoriginale.com\/fr\/produit\/derriere-le-tableau-pochette-cadeau-s\/#primaryimage"},"image":{"@id":"https:\/\/www.impressionoriginale.com\/fr\/produit\/derriere-le-tableau-pochette-cadeau-s\/#primaryimage"},"thumbnailUrl":"https:\/\/www.impressionoriginale.com\/wp-content\/uploads\/2023\/07\/IOR-POCS045MJES1_bis_Derriere_le_tableau_Bag_IMPRESSION_ORIGINALE.jpg","datePublished":"2023-07-27T07:49:35+00:00","dateModified":"2024-12-18T15:29:31+00:00","description":"Cette petite pochette cadeau moutarde fleurie \"Derri\u00e8re le tableau\" par la designer Margaret Jeane pour Impression Originale est 100% recycl\u00e9e. Fabrication fran\u00e7aise.","breadcrumb":{"@id":"https:\/\/www.impressionoriginale.com\/fr\/produit\/derriere-le-tableau-pochette-cadeau-s\/#breadcrumb"},"inLanguage":"fr-FR","potentialAction":[{"@type":"ReadAction","target":["https:\/\/www.impressionoriginale.com\/fr\/produit\/derriere-le-tableau-pochette-cadeau-s\/"]}]},{"@type":"ImageObject","inLanguage":"fr-FR","@id":"https:\/\/www.impressionoriginale.com\/fr\/produit\/derriere-le-tableau-pochette-cadeau-s\/#primaryimage","url":"https:\/\/www.impressionoriginale.com\/wp-content\/uploads\/2023\/07\/IOR-POCS045MJES1_bis_Derriere_le_tableau_Bag_IMPRESSION_ORIGINALE.jpg","contentUrl":"https:\/\/www.impressionoriginale.com\/wp-content\/uploads\/2023\/07\/IOR-POCS045MJES1_bis_Derriere_le_tableau_Bag_IMPRESSION_ORIGINALE.jpg","width":1335,"height":2000},{"@type":"BreadcrumbList","@id":"https:\/\/www.impressionoriginale.com\/fr\/produit\/derriere-le-tableau-pochette-cadeau-s\/#breadcrumb","itemListElement":[{"@type":"ListItem","position":1,"name":"Home","item":"https:\/\/www.impressionoriginale.com\/fr\/"},{"@type":"ListItem","position":2,"name":"Boutique","item":"https:\/\/www.impressionoriginale.com\/fr\/boutique\/"},{"@type":"ListItem","position":3,"name":"Derri\u00e8re le tableau pochette cadeau (S)"}]},{"@type":"WebSite","@id":"https:\/\/www.impressionoriginale.com\/fr\/#website","url":"https:\/\/www.impressionoriginale.com\/fr\/","name":"Impression Originale","description":"The art of gifting has a new name. The online store for all your wrapping cravings.","publisher":{"@id":"https:\/\/www.impressionoriginale.com\/fr\/#organization"},"potentialAction":[{"@type":"SearchAction","target":{"@type":"EntryPoint","urlTemplate":"https:\/\/www.impressionoriginale.com\/fr\/?s={search_term_string}"},"query-input":{"@type":"PropertyValueSpecification","valueRequired":true,"valueName":"search_term_string"}}],"inLanguage":"fr-FR"},{"@type":"Organization","@id":"https:\/\/www.impressionoriginale.com\/fr\/#organization","name":"Impression Originale","url":"https:\/\/www.impressionoriginale.com\/fr\/","logo":{"@type":"ImageObject","inLanguage":"fr-FR","@id":"https:\/\/www.impressionoriginale.com\/fr\/#\/schema\/logo\/image\/","url":"https:\/\/www.impressionoriginale.com\/wp-content\/uploads\/2021\/08\/LOGO-2020-BLACK.png","contentUrl":"https:\/\/www.impressionoriginale.com\/wp-content\/uploads\/2021\/08\/LOGO-2020-BLACK.png","width":567,"height":567,"caption":"Impression Originale"},"image":{"@id":"https:\/\/www.impressionoriginale.com\/fr\/#\/schema\/logo\/image\/"}}]}},"_links":{"self":[{"href":"https:\/\/www.impressionoriginale.com\/fr\/wp-json\/wp\/v2\/product\/10984","targetHints":{"allow":["GET"]}}],"collection":[{"href":"https:\/\/www.impressionoriginale.com\/fr\/wp-json\/wp\/v2\/product"}],"about":[{"href":"https:\/\/www.impressionoriginale.com\/fr\/wp-json\/wp\/v2\/types\/product"}],"wp:featuredmedia":[{"embeddable":true,"href":"https:\/\/www.impressionoriginale.com\/fr\/wp-json\/wp\/v2\/media\/10910"}],"wp:attachment":[{"href":"https:\/\/www.impressionoriginale.com\/fr\/wp-json\/wp\/v2\/media?parent=10984"}],"wp:term":[{"taxonomy":"product_brand","embeddable":true,"href":"https:\/\/www.impressionoriginale.com\/fr\/wp-json\/wp\/v2\/product_brand?post=10984"},{"taxonomy":"product_cat","embeddable":true,"href":"https:\/\/www.impressionoriginale.com\/fr\/wp-json\/wp\/v2\/product_cat?post=10984"},{"taxonomy":"product_tag","embeddable":true,"href":"https:\/\/www.impressionoriginale.com\/fr\/wp-json\/wp\/v2\/product_tag?post=10984"}],"curies":[{"name":"wp","href":"https:\/\/api.w.org\/{rel}","templated":true}]}}