{"id":10988,"date":"2023-07-27T08:34:45","date_gmt":"2023-07-27T08:34:45","guid":{"rendered":"https:\/\/www.impressionoriginale.com\/?post_type=product&#038;p=10988"},"modified":"2025-12-05T19:57:09","modified_gmt":"2025-12-05T19:57:09","slug":"la-femme-au-tablier-pochette-cadeau-s","status":"publish","type":"product","link":"https:\/\/www.impressionoriginale.com\/fr\/produit\/la-femme-au-tablier-pochette-cadeau-s\/","title":{"rendered":"La femme au tablier pochette cadeau (S)"},"content":{"rendered":"<blockquote>\n<p style=\"padding-left: 30px;\"><strong>GRAMMAGE<\/strong> 200 g \/m<sup>2<\/sup><\/p>\n<p style=\"padding-left: 30px;\"><strong>DIMENSIONS<\/strong> 12,5x9cm (petite pochette cadeau, \u00e0 plat)<\/p>\n<p style=\"padding-left: 30px;\"><strong>PAPIER<\/strong> 100% recycl\u00e9<\/p>\n<p style=\"padding-left: 30px;\"><strong>ENCRE<\/strong> Offset pleine couleur, s\u00e9chage UV, recto-verso<\/p>\n<p style=\"padding-left: 30px;\"><strong>PANTONE<\/strong> \u2013 non<\/p>\n<p style=\"padding-left: 30px;\"><strong>ORIGINE<\/strong> Angers, France<\/p>\n<p>\u00a0<\/p>\n<p>Dessin\u00e9s par nos artistes du monde entier et mis sous pli \u00e0 la main par nos petites f\u00e9es \u00e0 Angers, France. Nos papiers cadeaux et rubans vont sublimer vos cadeaux \u00e0 la perfection et peuvent aussi s\u2019offrir \u00e0 toutes vos autres utilisations cr\u00e9atives, comme la reliure ou les projets artistiques. Laissez nos papiers vous inspirer, et laissez parler votre cr\u00e9ativit\u00e9\u2026<\/p>\n<p><em>\u00ab\u00a0Faites de beaux cadeaux et faites des heureux !\u00a0\u00bb <\/em><\/p><\/blockquote>\n\n\n","protected":false},"excerpt":{"rendered":"<p style=\"text-align: justify;\"><b>Reproduction exclusive BNF<\/b><\/p>\n<h5><em>La femme au tablier<\/em> Pochette Cadeau<\/h5>\n<p>Taille S [12,5 (L) x 9 (l) x 3,6 \u2117 cm]<\/p>\n<p style=\"text-align: justify;\">Une femme au tablier s\u2019approche les bras charg\u00e9s d\u2019une pile d\u2019assiettes, toutes plus belles les unes que les autres. Elle dresse la table comme on ex\u00e9cute un ballet, le geste parfait, la gr\u00e2ce qui suspend le temps, l\u2019air de ne pas y penser. Ses cheveux, attach\u00e9s dans un chignon l\u00e2che, renvoient l\u2019\u00e9clat de la lumi\u00e8re. Quand son regard se pose sur vous, c\u2019est trop tard. Vous \u00eates d\u00e9j\u00e0 fou d\u2019elle.<\/p>\n<p style=\"text-align: justify;\">Disponible \u00e9galement en <a href=\"https:\/\/www.impressionoriginale.com\/fr\/produit\/la-femme-au-tablier-papier-cadeau\/\" target=\"_blank\" rel=\"noopener\"><b>papier cadeau<\/b><\/a>\u00a0\u00ab\u00a0la femme au tablier\u00a0\u00bb.<\/p>\n<p>D\u00e9tails techniques :<\/p>\n<ul style=\"list-style-type: disc;\">\n<li>9&#215;12,5cm (3,6cm soufflet)<\/li>\n<li>200 g\/m\u00b2<\/li>\n<li>Imprim\u00e9 recto-verso<\/li>\n<\/ul>\n<p style=\"text-align: center;\"><em>Note : Les pochettes cadeaux sont envoy\u00e9es \u00e0 plat, avec une bande de calque protectrice. A l&rsquo;int\u00e9rieur du rabat un petit point de colle double face vous permet de fermer la pochette. <\/em><\/p>\n","protected":false},"featured_media":10896,"template":"","meta":[],"product_brand":[],"product_cat":[912,863,618],"product_tag":[88,814,759],"class_list":{"0":"post-10988","1":"product","2":"type-product","3":"status-publish","4":"has-post-thumbnail","6":"product_cat-luxe","7":"product_cat-pochette-cadeau","8":"product_cat-pochette-boite","9":"product_tag-impression-originale-fr-2","10":"product_tag-pochette-cadeau-fr","11":"product_tag-taille-s-fr","13":"first","14":"instock","15":"taxable","16":"shipping-taxable","17":"purchasable","18":"product-type-simple"},"bundled_by":["11331"],"bundle_stock_status":"instock","bundle_stock_quantity":266,"bundle_virtual":false,"bundle_layout":"","bundle_add_to_cart_form_location":"","bundle_editable_in_cart":false,"bundle_sold_individually_context":"","bundle_item_grouping":"","bundle_min_size":"","bundle_max_size":"","bundle_price":[],"bundled_items":[],"bundle_sell_ids":[],"yoast_head":"<!-- This site is optimized with the Yoast SEO plugin v27.3 - https:\/\/yoast.com\/product\/yoast-seo-wordpress\/ -->\n<title>La femme au tablier pochette cadeau (S) - Impression Originale<\/title>\n<meta name=\"description\" content=\"Cette pochette cadeau en reproduction exclusive de la BNF &quot;La femme au tablier&quot; par Impression Originale est 100% recycl\u00e9e. Fabrication fran\u00e7aise.\" \/>\n<meta name=\"robots\" content=\"index, follow, max-snippet:-1, max-image-preview:large, max-video-preview:-1\" \/>\n<link rel=\"canonical\" href=\"https:\/\/www.impressionoriginale.com\/fr\/produit\/la-femme-au-tablier-pochette-cadeau-s\/\" \/>\n<meta property=\"og:locale\" content=\"fr_FR\" \/>\n<meta property=\"og:type\" content=\"article\" \/>\n<meta property=\"og:title\" content=\"La femme au tablier pochette cadeau (S) - Impression Originale\" \/>\n<meta property=\"og:description\" content=\"Cette pochette cadeau en reproduction exclusive de la BNF &quot;La femme au tablier&quot; par Impression Originale est 100% recycl\u00e9e. Fabrication fran\u00e7aise.\" \/>\n<meta property=\"og:url\" content=\"https:\/\/www.impressionoriginale.com\/fr\/produit\/la-femme-au-tablier-pochette-cadeau-s\/\" \/>\n<meta property=\"og:site_name\" content=\"Impression Originale\" \/>\n<meta property=\"article:modified_time\" content=\"2025-12-05T19:57:09+00:00\" \/>\n<meta property=\"og:image\" content=\"https:\/\/www.impressionoriginale.com\/wp-content\/uploads\/2023\/07\/IOR-POCS060BNFS1_La_femme_au_tablier_bis_Bag_IMPRESSION_ORIGINALE.jpg\" \/>\n\t<meta property=\"og:image:width\" content=\"1335\" \/>\n\t<meta property=\"og:image:height\" content=\"2000\" \/>\n\t<meta property=\"og:image:type\" content=\"image\/jpeg\" \/>\n<meta name=\"twitter:card\" content=\"summary_large_image\" \/>\n<script type=\"application\/ld+json\" class=\"yoast-schema-graph\">{\"@context\":\"https:\\\/\\\/schema.org\",\"@graph\":[{\"@type\":\"WebPage\",\"@id\":\"https:\\\/\\\/www.impressionoriginale.com\\\/fr\\\/produit\\\/la-femme-au-tablier-pochette-cadeau-s\\\/\",\"url\":\"https:\\\/\\\/www.impressionoriginale.com\\\/fr\\\/produit\\\/la-femme-au-tablier-pochette-cadeau-s\\\/\",\"name\":\"La femme au tablier pochette cadeau (S) - Impression Originale\",\"isPartOf\":{\"@id\":\"https:\\\/\\\/www.impressionoriginale.com\\\/fr\\\/#website\"},\"primaryImageOfPage\":{\"@id\":\"https:\\\/\\\/www.impressionoriginale.com\\\/fr\\\/produit\\\/la-femme-au-tablier-pochette-cadeau-s\\\/#primaryimage\"},\"image\":{\"@id\":\"https:\\\/\\\/www.impressionoriginale.com\\\/fr\\\/produit\\\/la-femme-au-tablier-pochette-cadeau-s\\\/#primaryimage\"},\"thumbnailUrl\":\"https:\\\/\\\/www.impressionoriginale.com\\\/wp-content\\\/uploads\\\/2023\\\/07\\\/IOR-POCS060BNFS1_La_femme_au_tablier_bis_Bag_IMPRESSION_ORIGINALE.jpg\",\"datePublished\":\"2023-07-27T08:34:45+00:00\",\"dateModified\":\"2025-12-05T19:57:09+00:00\",\"description\":\"Cette pochette cadeau en reproduction exclusive de la BNF \\\"La femme au tablier\\\" par Impression Originale est 100% recycl\u00e9e. Fabrication fran\u00e7aise.\",\"breadcrumb\":{\"@id\":\"https:\\\/\\\/www.impressionoriginale.com\\\/fr\\\/produit\\\/la-femme-au-tablier-pochette-cadeau-s\\\/#breadcrumb\"},\"inLanguage\":\"fr-FR\",\"potentialAction\":[{\"@type\":\"ReadAction\",\"target\":[\"https:\\\/\\\/www.impressionoriginale.com\\\/fr\\\/produit\\\/la-femme-au-tablier-pochette-cadeau-s\\\/\"]}]},{\"@type\":\"ImageObject\",\"inLanguage\":\"fr-FR\",\"@id\":\"https:\\\/\\\/www.impressionoriginale.com\\\/fr\\\/produit\\\/la-femme-au-tablier-pochette-cadeau-s\\\/#primaryimage\",\"url\":\"https:\\\/\\\/www.impressionoriginale.com\\\/wp-content\\\/uploads\\\/2023\\\/07\\\/IOR-POCS060BNFS1_La_femme_au_tablier_bis_Bag_IMPRESSION_ORIGINALE.jpg\",\"contentUrl\":\"https:\\\/\\\/www.impressionoriginale.com\\\/wp-content\\\/uploads\\\/2023\\\/07\\\/IOR-POCS060BNFS1_La_femme_au_tablier_bis_Bag_IMPRESSION_ORIGINALE.jpg\",\"width\":1335,\"height\":2000},{\"@type\":\"BreadcrumbList\",\"@id\":\"https:\\\/\\\/www.impressionoriginale.com\\\/fr\\\/produit\\\/la-femme-au-tablier-pochette-cadeau-s\\\/#breadcrumb\",\"itemListElement\":[{\"@type\":\"ListItem\",\"position\":1,\"name\":\"Home\",\"item\":\"https:\\\/\\\/www.impressionoriginale.com\\\/fr\\\/\"},{\"@type\":\"ListItem\",\"position\":2,\"name\":\"Boutique\",\"item\":\"https:\\\/\\\/www.impressionoriginale.com\\\/fr\\\/boutique\\\/\"},{\"@type\":\"ListItem\",\"position\":3,\"name\":\"La femme au tablier pochette cadeau (S)\"}]},{\"@type\":\"WebSite\",\"@id\":\"https:\\\/\\\/www.impressionoriginale.com\\\/fr\\\/#website\",\"url\":\"https:\\\/\\\/www.impressionoriginale.com\\\/fr\\\/\",\"name\":\"Impression Originale\",\"description\":\"The art of gifting has a new name. The online store for all your wrapping cravings.\",\"publisher\":{\"@id\":\"https:\\\/\\\/www.impressionoriginale.com\\\/fr\\\/#organization\"},\"potentialAction\":[{\"@type\":\"SearchAction\",\"target\":{\"@type\":\"EntryPoint\",\"urlTemplate\":\"https:\\\/\\\/www.impressionoriginale.com\\\/fr\\\/?s={search_term_string}\"},\"query-input\":{\"@type\":\"PropertyValueSpecification\",\"valueRequired\":true,\"valueName\":\"search_term_string\"}}],\"inLanguage\":\"fr-FR\"},{\"@type\":\"Organization\",\"@id\":\"https:\\\/\\\/www.impressionoriginale.com\\\/fr\\\/#organization\",\"name\":\"Impression Originale\",\"url\":\"https:\\\/\\\/www.impressionoriginale.com\\\/fr\\\/\",\"logo\":{\"@type\":\"ImageObject\",\"inLanguage\":\"fr-FR\",\"@id\":\"https:\\\/\\\/www.impressionoriginale.com\\\/fr\\\/#\\\/schema\\\/logo\\\/image\\\/\",\"url\":\"https:\\\/\\\/www.impressionoriginale.com\\\/wp-content\\\/uploads\\\/2021\\\/08\\\/LOGO-2020-BLACK.png\",\"contentUrl\":\"https:\\\/\\\/www.impressionoriginale.com\\\/wp-content\\\/uploads\\\/2021\\\/08\\\/LOGO-2020-BLACK.png\",\"width\":567,\"height\":567,\"caption\":\"Impression Originale\"},\"image\":{\"@id\":\"https:\\\/\\\/www.impressionoriginale.com\\\/fr\\\/#\\\/schema\\\/logo\\\/image\\\/\"}}]}<\/script>\n<!-- \/ Yoast SEO plugin. -->","yoast_head_json":{"title":"La femme au tablier pochette cadeau (S) - Impression Originale","description":"Cette pochette cadeau en reproduction exclusive de la BNF \"La femme au tablier\" par Impression Originale est 100% recycl\u00e9e. Fabrication fran\u00e7aise.","robots":{"index":"index","follow":"follow","max-snippet":"max-snippet:-1","max-image-preview":"max-image-preview:large","max-video-preview":"max-video-preview:-1"},"canonical":"https:\/\/www.impressionoriginale.com\/fr\/produit\/la-femme-au-tablier-pochette-cadeau-s\/","og_locale":"fr_FR","og_type":"article","og_title":"La femme au tablier pochette cadeau (S) - Impression Originale","og_description":"Cette pochette cadeau en reproduction exclusive de la BNF \"La femme au tablier\" par Impression Originale est 100% recycl\u00e9e. Fabrication fran\u00e7aise.","og_url":"https:\/\/www.impressionoriginale.com\/fr\/produit\/la-femme-au-tablier-pochette-cadeau-s\/","og_site_name":"Impression Originale","article_modified_time":"2025-12-05T19:57:09+00:00","og_image":[{"width":1335,"height":2000,"url":"https:\/\/www.impressionoriginale.com\/wp-content\/uploads\/2023\/07\/IOR-POCS060BNFS1_La_femme_au_tablier_bis_Bag_IMPRESSION_ORIGINALE.jpg","type":"image\/jpeg"}],"twitter_card":"summary_large_image","schema":{"@context":"https:\/\/schema.org","@graph":[{"@type":"WebPage","@id":"https:\/\/www.impressionoriginale.com\/fr\/produit\/la-femme-au-tablier-pochette-cadeau-s\/","url":"https:\/\/www.impressionoriginale.com\/fr\/produit\/la-femme-au-tablier-pochette-cadeau-s\/","name":"La femme au tablier pochette cadeau (S) - Impression Originale","isPartOf":{"@id":"https:\/\/www.impressionoriginale.com\/fr\/#website"},"primaryImageOfPage":{"@id":"https:\/\/www.impressionoriginale.com\/fr\/produit\/la-femme-au-tablier-pochette-cadeau-s\/#primaryimage"},"image":{"@id":"https:\/\/www.impressionoriginale.com\/fr\/produit\/la-femme-au-tablier-pochette-cadeau-s\/#primaryimage"},"thumbnailUrl":"https:\/\/www.impressionoriginale.com\/wp-content\/uploads\/2023\/07\/IOR-POCS060BNFS1_La_femme_au_tablier_bis_Bag_IMPRESSION_ORIGINALE.jpg","datePublished":"2023-07-27T08:34:45+00:00","dateModified":"2025-12-05T19:57:09+00:00","description":"Cette pochette cadeau en reproduction exclusive de la BNF \"La femme au tablier\" par Impression Originale est 100% recycl\u00e9e. Fabrication fran\u00e7aise.","breadcrumb":{"@id":"https:\/\/www.impressionoriginale.com\/fr\/produit\/la-femme-au-tablier-pochette-cadeau-s\/#breadcrumb"},"inLanguage":"fr-FR","potentialAction":[{"@type":"ReadAction","target":["https:\/\/www.impressionoriginale.com\/fr\/produit\/la-femme-au-tablier-pochette-cadeau-s\/"]}]},{"@type":"ImageObject","inLanguage":"fr-FR","@id":"https:\/\/www.impressionoriginale.com\/fr\/produit\/la-femme-au-tablier-pochette-cadeau-s\/#primaryimage","url":"https:\/\/www.impressionoriginale.com\/wp-content\/uploads\/2023\/07\/IOR-POCS060BNFS1_La_femme_au_tablier_bis_Bag_IMPRESSION_ORIGINALE.jpg","contentUrl":"https:\/\/www.impressionoriginale.com\/wp-content\/uploads\/2023\/07\/IOR-POCS060BNFS1_La_femme_au_tablier_bis_Bag_IMPRESSION_ORIGINALE.jpg","width":1335,"height":2000},{"@type":"BreadcrumbList","@id":"https:\/\/www.impressionoriginale.com\/fr\/produit\/la-femme-au-tablier-pochette-cadeau-s\/#breadcrumb","itemListElement":[{"@type":"ListItem","position":1,"name":"Home","item":"https:\/\/www.impressionoriginale.com\/fr\/"},{"@type":"ListItem","position":2,"name":"Boutique","item":"https:\/\/www.impressionoriginale.com\/fr\/boutique\/"},{"@type":"ListItem","position":3,"name":"La femme au tablier pochette cadeau (S)"}]},{"@type":"WebSite","@id":"https:\/\/www.impressionoriginale.com\/fr\/#website","url":"https:\/\/www.impressionoriginale.com\/fr\/","name":"Impression Originale","description":"The art of gifting has a new name. The online store for all your wrapping cravings.","publisher":{"@id":"https:\/\/www.impressionoriginale.com\/fr\/#organization"},"potentialAction":[{"@type":"SearchAction","target":{"@type":"EntryPoint","urlTemplate":"https:\/\/www.impressionoriginale.com\/fr\/?s={search_term_string}"},"query-input":{"@type":"PropertyValueSpecification","valueRequired":true,"valueName":"search_term_string"}}],"inLanguage":"fr-FR"},{"@type":"Organization","@id":"https:\/\/www.impressionoriginale.com\/fr\/#organization","name":"Impression Originale","url":"https:\/\/www.impressionoriginale.com\/fr\/","logo":{"@type":"ImageObject","inLanguage":"fr-FR","@id":"https:\/\/www.impressionoriginale.com\/fr\/#\/schema\/logo\/image\/","url":"https:\/\/www.impressionoriginale.com\/wp-content\/uploads\/2021\/08\/LOGO-2020-BLACK.png","contentUrl":"https:\/\/www.impressionoriginale.com\/wp-content\/uploads\/2021\/08\/LOGO-2020-BLACK.png","width":567,"height":567,"caption":"Impression Originale"},"image":{"@id":"https:\/\/www.impressionoriginale.com\/fr\/#\/schema\/logo\/image\/"}}]}},"_links":{"self":[{"href":"https:\/\/www.impressionoriginale.com\/fr\/wp-json\/wp\/v2\/product\/10988","targetHints":{"allow":["GET"]}}],"collection":[{"href":"https:\/\/www.impressionoriginale.com\/fr\/wp-json\/wp\/v2\/product"}],"about":[{"href":"https:\/\/www.impressionoriginale.com\/fr\/wp-json\/wp\/v2\/types\/product"}],"wp:featuredmedia":[{"embeddable":true,"href":"https:\/\/www.impressionoriginale.com\/fr\/wp-json\/wp\/v2\/media\/10896"}],"wp:attachment":[{"href":"https:\/\/www.impressionoriginale.com\/fr\/wp-json\/wp\/v2\/media?parent=10988"}],"wp:term":[{"taxonomy":"product_brand","embeddable":true,"href":"https:\/\/www.impressionoriginale.com\/fr\/wp-json\/wp\/v2\/product_brand?post=10988"},{"taxonomy":"product_cat","embeddable":true,"href":"https:\/\/www.impressionoriginale.com\/fr\/wp-json\/wp\/v2\/product_cat?post=10988"},{"taxonomy":"product_tag","embeddable":true,"href":"https:\/\/www.impressionoriginale.com\/fr\/wp-json\/wp\/v2\/product_tag?post=10988"}],"curies":[{"name":"wp","href":"https:\/\/api.w.org\/{rel}","templated":true}]}}