{"id":11018,"date":"2023-07-28T13:57:37","date_gmt":"2023-07-28T13:57:37","guid":{"rendered":"https:\/\/www.impressionoriginale.com\/?post_type=product&#038;p=11018"},"modified":"2026-01-10T11:53:24","modified_gmt":"2026-01-10T11:53:24","slug":"plongee-en-eaux-profondes-bleu-nuit-papier-cadeau","status":"publish","type":"product","link":"https:\/\/www.impressionoriginale.com\/fr\/produit\/plongee-en-eaux-profondes-bleu-nuit-papier-cadeau\/","title":{"rendered":"Plong\u00e9e en eaux profondes &#8211; bleu nuit &#8211; Papier Cadeau"},"content":{"rendered":"<blockquote>\n<p style=\"padding-left: 30px;\"><strong>GRAMMAGE<\/strong> 100 g \/m<sup>2<\/sup><\/p>\n<p style=\"padding-left: 30px;\"><strong>DIMENSIONS<\/strong> 70x100cm (feuille cadeau XL, rouleau)<\/p>\n<p style=\"padding-left: 30px;\"><strong>PAPIER<\/strong> Cyclus \u2013 100% recycl\u00e9<\/p>\n<p style=\"padding-left: 30px;\"><strong>ENCRE<\/strong> Offset pleine couleur, s\u00e9chage UV, recto-verso<\/p>\n<p style=\"padding-left: 30px;\"><strong>PANTONE<\/strong> Aucun<\/p>\n<p style=\"padding-left: 30px;\"><strong>ORIGINE<\/strong> Angers, France<\/p>\n<p>\u00a0<\/p>\n<p>Dessin\u00e9s par nos artistes du monde entier et mis sous pli \u00e0 la main par nos petites f\u00e9es \u00e0 Angers, France.<\/p>\n<p>Nos papiers cadeaux et rubans vont sublimer vos cadeaux \u00e0 la perfection et peuvent aussi s\u2019offrir \u00e0 toutes vos autres utilisations cr\u00e9atives, comme la reliure ou les projets artistiques. Laissez nos papiers vous inspirer, et laissez parler votre cr\u00e9ativit\u00e9\u2026<\/p>\n<p><em>\u00ab\u00a0Faites de beaux cadeaux et faites des heureux !\u00a0\u00bb <\/em><\/p><\/blockquote>\n\n\n","protected":false},"excerpt":{"rendered":"<p style=\"text-align: justify;\"><strong>Aurore de la Morinerie<\/strong><\/p>\n<h5><em>Plong\u00e9e en eaux profondes &#8211; bleu nuit &#8211;<\/em> Papier Cadeau<\/h5>\n<p>Le silence de la mer. Immense. Infini. Le sable blanc, les ondulations de l\u2019eau. Quelques m\u00e8tres plus bas, les coraux semblent immobiles, pourtant c\u2019est un \u00e9cosyst\u00e8me entier qui s\u2019y affaire : petits poissons, algues ondulantes, et poulpe craintif. La vie de la mer puissante et bigarr\u00e9e, berce dans un seul mouvement les coraux que la lumi\u00e8re du soleil r\u00e9chauffe. Aurore exprime toute l\u2019intensit\u00e9 de leurs couleurs, avec une justesse exquise, entre les heures du jour et de la nuit.<\/p>\n<p style=\"text-align: justify;\">Disponible dans le m\u00eame design dans une variation <a href=\"https:\/\/www.impressionoriginale.com\/fr\/produit\/plongee-en-eaux-profondes-corail-papier-cadeau\/\" target=\"_blank\" rel=\"noopener\"><strong>corail<\/strong><\/a> et en <strong><a href=\"https:\/\/www.impressionoriginale.com\/fr\/produit\/plongee-en-eaux-profondes-or-rose-papier-cadeau\/\" target=\"_blank\" rel=\"noopener\">or rose<\/a>.<\/strong><\/p>\n<p>D\u00e9tails techniques :<\/p>\n<ul style=\"list-style-type: disc;\">\n<li>70x100cm<\/li>\n<li>100 g\/m\u00b2<\/li>\n<li>Imprim\u00e9 recto-verso<\/li>\n<\/ul>\n<p style=\"text-align: center;\"><em>Note : Tous nos papiers cadeaux sont envoy\u00e9s roul\u00e9s soigneusement dans un tube.<\/em><\/p>\n","protected":false},"featured_media":10826,"template":"","meta":[],"product_brand":[],"product_cat":[910,912,108],"product_tag":[1117,88,81,1095],"class_list":{"0":"post-11018","1":"product","2":"type-product","3":"status-publish","4":"has-post-thumbnail","6":"product_cat-anniversaire","7":"product_cat-luxe","8":"product_cat-un-je-ne-sais-quoi-fr","9":"product_tag-aurore-de-la-morinerie-fr","10":"product_tag-impression-originale-fr-2","11":"product_tag-papier-cadeau-fr","12":"product_tag-papiers-cadeaux","14":"first","15":"instock","16":"taxable","17":"shipping-taxable","18":"purchasable","19":"product-type-simple"},"bundled_by":["11264","11306","11374","11386","12024"],"bundle_stock_status":"instock","bundle_stock_quantity":522,"bundle_virtual":false,"bundle_layout":"","bundle_add_to_cart_form_location":"","bundle_editable_in_cart":false,"bundle_sold_individually_context":"","bundle_item_grouping":"","bundle_min_size":"","bundle_max_size":"","bundle_price":[],"bundled_items":[],"bundle_sell_ids":[],"yoast_head":"<!-- This site is optimized with the Yoast SEO plugin v27.3 - https:\/\/yoast.com\/product\/yoast-seo-wordpress\/ -->\n<title>Plong\u00e9e en eaux profondes - bleu nuit - Papier Cadeau - Impression Originale<\/title>\n<meta name=\"description\" content=\"Ce papier cadeau luxe bleu nuit &quot;Plong\u00e9e en eaux profondes&quot; par Aurore de la Morinerie pour Impression Originale est imprim\u00e9 sur du papier 100% recycl\u00e9. Fabrication fran\u00e7aise.\" \/>\n<meta name=\"robots\" content=\"index, follow, max-snippet:-1, max-image-preview:large, max-video-preview:-1\" \/>\n<link rel=\"canonical\" href=\"https:\/\/www.impressionoriginale.com\/fr\/produit\/plongee-en-eaux-profondes-bleu-nuit-papier-cadeau\/\" \/>\n<meta property=\"og:locale\" content=\"fr_FR\" \/>\n<meta property=\"og:type\" content=\"article\" \/>\n<meta property=\"og:title\" content=\"Plong\u00e9e en eaux profondes - bleu nuit - Papier Cadeau - Impression Originale\" \/>\n<meta property=\"og:description\" content=\"Ce papier cadeau luxe bleu nuit &quot;Plong\u00e9e en eaux profondes&quot; par Aurore de la Morinerie pour Impression Originale est imprim\u00e9 sur du papier 100% recycl\u00e9. Fabrication fran\u00e7aise.\" \/>\n<meta property=\"og:url\" content=\"https:\/\/www.impressionoriginale.com\/fr\/produit\/plongee-en-eaux-profondes-bleu-nuit-papier-cadeau\/\" \/>\n<meta property=\"og:site_name\" content=\"Impression Originale\" \/>\n<meta property=\"article:modified_time\" content=\"2026-01-10T11:53:24+00:00\" \/>\n<meta property=\"og:image\" content=\"https:\/\/www.impressionoriginale.com\/wp-content\/uploads\/2023\/07\/IOR-053ADES1C2021_Northern_Beauties_gift_wrap_IMPRESSION.ORIGINALE031.jpg\" \/>\n\t<meta property=\"og:image:width\" content=\"1000\" \/>\n\t<meta property=\"og:image:height\" content=\"1498\" \/>\n\t<meta property=\"og:image:type\" content=\"image\/jpeg\" \/>\n<meta name=\"twitter:card\" content=\"summary_large_image\" \/>\n<script type=\"application\/ld+json\" class=\"yoast-schema-graph\">{\"@context\":\"https:\\\/\\\/schema.org\",\"@graph\":[{\"@type\":\"WebPage\",\"@id\":\"https:\\\/\\\/www.impressionoriginale.com\\\/fr\\\/produit\\\/plongee-en-eaux-profondes-bleu-nuit-papier-cadeau\\\/\",\"url\":\"https:\\\/\\\/www.impressionoriginale.com\\\/fr\\\/produit\\\/plongee-en-eaux-profondes-bleu-nuit-papier-cadeau\\\/\",\"name\":\"Plong\u00e9e en eaux profondes - bleu nuit - Papier Cadeau - Impression Originale\",\"isPartOf\":{\"@id\":\"https:\\\/\\\/www.impressionoriginale.com\\\/fr\\\/#website\"},\"primaryImageOfPage\":{\"@id\":\"https:\\\/\\\/www.impressionoriginale.com\\\/fr\\\/produit\\\/plongee-en-eaux-profondes-bleu-nuit-papier-cadeau\\\/#primaryimage\"},\"image\":{\"@id\":\"https:\\\/\\\/www.impressionoriginale.com\\\/fr\\\/produit\\\/plongee-en-eaux-profondes-bleu-nuit-papier-cadeau\\\/#primaryimage\"},\"thumbnailUrl\":\"https:\\\/\\\/www.impressionoriginale.com\\\/wp-content\\\/uploads\\\/2023\\\/07\\\/IOR-053ADES1C2021_Northern_Beauties_gift_wrap_IMPRESSION.ORIGINALE031.jpg\",\"datePublished\":\"2023-07-28T13:57:37+00:00\",\"dateModified\":\"2026-01-10T11:53:24+00:00\",\"description\":\"Ce papier cadeau luxe bleu nuit \\\"Plong\u00e9e en eaux profondes\\\" par Aurore de la Morinerie pour Impression Originale est imprim\u00e9 sur du papier 100% recycl\u00e9. Fabrication fran\u00e7aise.\",\"breadcrumb\":{\"@id\":\"https:\\\/\\\/www.impressionoriginale.com\\\/fr\\\/produit\\\/plongee-en-eaux-profondes-bleu-nuit-papier-cadeau\\\/#breadcrumb\"},\"inLanguage\":\"fr-FR\",\"potentialAction\":[{\"@type\":\"ReadAction\",\"target\":[\"https:\\\/\\\/www.impressionoriginale.com\\\/fr\\\/produit\\\/plongee-en-eaux-profondes-bleu-nuit-papier-cadeau\\\/\"]}]},{\"@type\":\"ImageObject\",\"inLanguage\":\"fr-FR\",\"@id\":\"https:\\\/\\\/www.impressionoriginale.com\\\/fr\\\/produit\\\/plongee-en-eaux-profondes-bleu-nuit-papier-cadeau\\\/#primaryimage\",\"url\":\"https:\\\/\\\/www.impressionoriginale.com\\\/wp-content\\\/uploads\\\/2023\\\/07\\\/IOR-053ADES1C2021_Northern_Beauties_gift_wrap_IMPRESSION.ORIGINALE031.jpg\",\"contentUrl\":\"https:\\\/\\\/www.impressionoriginale.com\\\/wp-content\\\/uploads\\\/2023\\\/07\\\/IOR-053ADES1C2021_Northern_Beauties_gift_wrap_IMPRESSION.ORIGINALE031.jpg\",\"width\":1000,\"height\":1498},{\"@type\":\"BreadcrumbList\",\"@id\":\"https:\\\/\\\/www.impressionoriginale.com\\\/fr\\\/produit\\\/plongee-en-eaux-profondes-bleu-nuit-papier-cadeau\\\/#breadcrumb\",\"itemListElement\":[{\"@type\":\"ListItem\",\"position\":1,\"name\":\"Home\",\"item\":\"https:\\\/\\\/www.impressionoriginale.com\\\/fr\\\/\"},{\"@type\":\"ListItem\",\"position\":2,\"name\":\"Boutique\",\"item\":\"https:\\\/\\\/www.impressionoriginale.com\\\/fr\\\/boutique\\\/\"},{\"@type\":\"ListItem\",\"position\":3,\"name\":\"Plong\u00e9e en eaux profondes &#8211; bleu nuit &#8211; Papier Cadeau\"}]},{\"@type\":\"WebSite\",\"@id\":\"https:\\\/\\\/www.impressionoriginale.com\\\/fr\\\/#website\",\"url\":\"https:\\\/\\\/www.impressionoriginale.com\\\/fr\\\/\",\"name\":\"Impression Originale\",\"description\":\"The art of gifting has a new name. The online store for all your wrapping cravings.\",\"publisher\":{\"@id\":\"https:\\\/\\\/www.impressionoriginale.com\\\/fr\\\/#organization\"},\"potentialAction\":[{\"@type\":\"SearchAction\",\"target\":{\"@type\":\"EntryPoint\",\"urlTemplate\":\"https:\\\/\\\/www.impressionoriginale.com\\\/fr\\\/?s={search_term_string}\"},\"query-input\":{\"@type\":\"PropertyValueSpecification\",\"valueRequired\":true,\"valueName\":\"search_term_string\"}}],\"inLanguage\":\"fr-FR\"},{\"@type\":\"Organization\",\"@id\":\"https:\\\/\\\/www.impressionoriginale.com\\\/fr\\\/#organization\",\"name\":\"Impression Originale\",\"url\":\"https:\\\/\\\/www.impressionoriginale.com\\\/fr\\\/\",\"logo\":{\"@type\":\"ImageObject\",\"inLanguage\":\"fr-FR\",\"@id\":\"https:\\\/\\\/www.impressionoriginale.com\\\/fr\\\/#\\\/schema\\\/logo\\\/image\\\/\",\"url\":\"https:\\\/\\\/www.impressionoriginale.com\\\/wp-content\\\/uploads\\\/2021\\\/08\\\/LOGO-2020-BLACK.png\",\"contentUrl\":\"https:\\\/\\\/www.impressionoriginale.com\\\/wp-content\\\/uploads\\\/2021\\\/08\\\/LOGO-2020-BLACK.png\",\"width\":567,\"height\":567,\"caption\":\"Impression Originale\"},\"image\":{\"@id\":\"https:\\\/\\\/www.impressionoriginale.com\\\/fr\\\/#\\\/schema\\\/logo\\\/image\\\/\"}}]}<\/script>\n<!-- \/ Yoast SEO plugin. -->","yoast_head_json":{"title":"Plong\u00e9e en eaux profondes - bleu nuit - Papier Cadeau - Impression Originale","description":"Ce papier cadeau luxe bleu nuit \"Plong\u00e9e en eaux profondes\" par Aurore de la Morinerie pour Impression Originale est imprim\u00e9 sur du papier 100% recycl\u00e9. Fabrication fran\u00e7aise.","robots":{"index":"index","follow":"follow","max-snippet":"max-snippet:-1","max-image-preview":"max-image-preview:large","max-video-preview":"max-video-preview:-1"},"canonical":"https:\/\/www.impressionoriginale.com\/fr\/produit\/plongee-en-eaux-profondes-bleu-nuit-papier-cadeau\/","og_locale":"fr_FR","og_type":"article","og_title":"Plong\u00e9e en eaux profondes - bleu nuit - Papier Cadeau - Impression Originale","og_description":"Ce papier cadeau luxe bleu nuit \"Plong\u00e9e en eaux profondes\" par Aurore de la Morinerie pour Impression Originale est imprim\u00e9 sur du papier 100% recycl\u00e9. Fabrication fran\u00e7aise.","og_url":"https:\/\/www.impressionoriginale.com\/fr\/produit\/plongee-en-eaux-profondes-bleu-nuit-papier-cadeau\/","og_site_name":"Impression Originale","article_modified_time":"2026-01-10T11:53:24+00:00","og_image":[{"width":1000,"height":1498,"url":"https:\/\/www.impressionoriginale.com\/wp-content\/uploads\/2023\/07\/IOR-053ADES1C2021_Northern_Beauties_gift_wrap_IMPRESSION.ORIGINALE031.jpg","type":"image\/jpeg"}],"twitter_card":"summary_large_image","schema":{"@context":"https:\/\/schema.org","@graph":[{"@type":"WebPage","@id":"https:\/\/www.impressionoriginale.com\/fr\/produit\/plongee-en-eaux-profondes-bleu-nuit-papier-cadeau\/","url":"https:\/\/www.impressionoriginale.com\/fr\/produit\/plongee-en-eaux-profondes-bleu-nuit-papier-cadeau\/","name":"Plong\u00e9e en eaux profondes - bleu nuit - Papier Cadeau - Impression Originale","isPartOf":{"@id":"https:\/\/www.impressionoriginale.com\/fr\/#website"},"primaryImageOfPage":{"@id":"https:\/\/www.impressionoriginale.com\/fr\/produit\/plongee-en-eaux-profondes-bleu-nuit-papier-cadeau\/#primaryimage"},"image":{"@id":"https:\/\/www.impressionoriginale.com\/fr\/produit\/plongee-en-eaux-profondes-bleu-nuit-papier-cadeau\/#primaryimage"},"thumbnailUrl":"https:\/\/www.impressionoriginale.com\/wp-content\/uploads\/2023\/07\/IOR-053ADES1C2021_Northern_Beauties_gift_wrap_IMPRESSION.ORIGINALE031.jpg","datePublished":"2023-07-28T13:57:37+00:00","dateModified":"2026-01-10T11:53:24+00:00","description":"Ce papier cadeau luxe bleu nuit \"Plong\u00e9e en eaux profondes\" par Aurore de la Morinerie pour Impression Originale est imprim\u00e9 sur du papier 100% recycl\u00e9. Fabrication fran\u00e7aise.","breadcrumb":{"@id":"https:\/\/www.impressionoriginale.com\/fr\/produit\/plongee-en-eaux-profondes-bleu-nuit-papier-cadeau\/#breadcrumb"},"inLanguage":"fr-FR","potentialAction":[{"@type":"ReadAction","target":["https:\/\/www.impressionoriginale.com\/fr\/produit\/plongee-en-eaux-profondes-bleu-nuit-papier-cadeau\/"]}]},{"@type":"ImageObject","inLanguage":"fr-FR","@id":"https:\/\/www.impressionoriginale.com\/fr\/produit\/plongee-en-eaux-profondes-bleu-nuit-papier-cadeau\/#primaryimage","url":"https:\/\/www.impressionoriginale.com\/wp-content\/uploads\/2023\/07\/IOR-053ADES1C2021_Northern_Beauties_gift_wrap_IMPRESSION.ORIGINALE031.jpg","contentUrl":"https:\/\/www.impressionoriginale.com\/wp-content\/uploads\/2023\/07\/IOR-053ADES1C2021_Northern_Beauties_gift_wrap_IMPRESSION.ORIGINALE031.jpg","width":1000,"height":1498},{"@type":"BreadcrumbList","@id":"https:\/\/www.impressionoriginale.com\/fr\/produit\/plongee-en-eaux-profondes-bleu-nuit-papier-cadeau\/#breadcrumb","itemListElement":[{"@type":"ListItem","position":1,"name":"Home","item":"https:\/\/www.impressionoriginale.com\/fr\/"},{"@type":"ListItem","position":2,"name":"Boutique","item":"https:\/\/www.impressionoriginale.com\/fr\/boutique\/"},{"@type":"ListItem","position":3,"name":"Plong\u00e9e en eaux profondes &#8211; bleu nuit &#8211; Papier Cadeau"}]},{"@type":"WebSite","@id":"https:\/\/www.impressionoriginale.com\/fr\/#website","url":"https:\/\/www.impressionoriginale.com\/fr\/","name":"Impression Originale","description":"The art of gifting has a new name. The online store for all your wrapping cravings.","publisher":{"@id":"https:\/\/www.impressionoriginale.com\/fr\/#organization"},"potentialAction":[{"@type":"SearchAction","target":{"@type":"EntryPoint","urlTemplate":"https:\/\/www.impressionoriginale.com\/fr\/?s={search_term_string}"},"query-input":{"@type":"PropertyValueSpecification","valueRequired":true,"valueName":"search_term_string"}}],"inLanguage":"fr-FR"},{"@type":"Organization","@id":"https:\/\/www.impressionoriginale.com\/fr\/#organization","name":"Impression Originale","url":"https:\/\/www.impressionoriginale.com\/fr\/","logo":{"@type":"ImageObject","inLanguage":"fr-FR","@id":"https:\/\/www.impressionoriginale.com\/fr\/#\/schema\/logo\/image\/","url":"https:\/\/www.impressionoriginale.com\/wp-content\/uploads\/2021\/08\/LOGO-2020-BLACK.png","contentUrl":"https:\/\/www.impressionoriginale.com\/wp-content\/uploads\/2021\/08\/LOGO-2020-BLACK.png","width":567,"height":567,"caption":"Impression Originale"},"image":{"@id":"https:\/\/www.impressionoriginale.com\/fr\/#\/schema\/logo\/image\/"}}]}},"_links":{"self":[{"href":"https:\/\/www.impressionoriginale.com\/fr\/wp-json\/wp\/v2\/product\/11018","targetHints":{"allow":["GET"]}}],"collection":[{"href":"https:\/\/www.impressionoriginale.com\/fr\/wp-json\/wp\/v2\/product"}],"about":[{"href":"https:\/\/www.impressionoriginale.com\/fr\/wp-json\/wp\/v2\/types\/product"}],"wp:featuredmedia":[{"embeddable":true,"href":"https:\/\/www.impressionoriginale.com\/fr\/wp-json\/wp\/v2\/media\/10826"}],"wp:attachment":[{"href":"https:\/\/www.impressionoriginale.com\/fr\/wp-json\/wp\/v2\/media?parent=11018"}],"wp:term":[{"taxonomy":"product_brand","embeddable":true,"href":"https:\/\/www.impressionoriginale.com\/fr\/wp-json\/wp\/v2\/product_brand?post=11018"},{"taxonomy":"product_cat","embeddable":true,"href":"https:\/\/www.impressionoriginale.com\/fr\/wp-json\/wp\/v2\/product_cat?post=11018"},{"taxonomy":"product_tag","embeddable":true,"href":"https:\/\/www.impressionoriginale.com\/fr\/wp-json\/wp\/v2\/product_tag?post=11018"}],"curies":[{"name":"wp","href":"https:\/\/api.w.org\/{rel}","templated":true}]}}