{"id":11024,"date":"2023-10-26T14:39:11","date_gmt":"2023-10-26T14:39:11","guid":{"rendered":"https:\/\/www.impressionoriginale.com\/?post_type=product&#038;p=11024"},"modified":"2025-12-16T09:26:04","modified_gmt":"2025-12-16T09:26:04","slug":"encre-papier-cadeau","status":"publish","type":"product","link":"https:\/\/www.impressionoriginale.com\/fr\/produit\/encre-papier-cadeau\/","title":{"rendered":"Encre Papier Cadeau"},"content":{"rendered":"<p style=\"padding-left: 30px;\"><strong>GRAMMAGE<\/strong> 115 g \/m<sup>2<\/sup><\/p>\n<p style=\"padding-left: 30px;\"><strong>DIMENSIONS<\/strong> 70x100cm (feuille cadeau XL, rouleau)<\/p>\n<p style=\"padding-left: 30px;\"><strong>PAPIER<\/strong> Cyclus \u2013 100% recycl\u00e9<\/p>\n<p style=\"padding-left: 30px;\"><strong>ENCRE<\/strong> Offset pleine couleur, s\u00e9chage UV, recto-verso<\/p>\n<p style=\"padding-left: 30px;\"><strong>ORIGINE<\/strong> Angers, France<\/p>\n<p>\u00a0<\/p>\n<p>Dessin\u00e9s par nos artistes du monde entier et mis sous pli \u00e0 la main par nos petites f\u00e9es \u00e0 Angers, France.<\/p>\n<p>Nos papiers cadeaux et rubans vont sublimer vos cadeaux \u00e0 la perfection et peuvent aussi s\u2019offrir \u00e0 toutes vos autres utilisations cr\u00e9atives, comme la reliure ou les projets artistiques. Laissez nos papiers vous inspirer, et laissez parler votre cr\u00e9ativit\u00e9\u2026<\/p>\n<p><em>\u00ab\u00a0Faites de beaux cadeaux et faites des heureux !\u00a0\u00bb <\/em><\/p>\n\n\n","protected":false},"excerpt":{"rendered":"<p><strong>Fr\u00e9d\u00e9ric Bonnin<\/strong><\/p>\n<h5><em>Encre<\/em> Papier Cadeau<\/h5>\n<p>Dans un \u00e9lan artistique, pouss\u00e9 par une urgence cr\u00e9ative Minakani associe, compose au gr\u00e9 du mouvement. Affranchi de la pens\u00e9e. Les t\u00e2ches d\u2019encres s\u2019\u00e9talent et viennent se superposer comme des corps enlac\u00e9s. Les gouttes miroitent d\u2019un \u00e9clat transparent qui invitent \u00e0 une plong\u00e9e onirique. Dans la digne lign\u00e9e des artistes CoBrA qui s&rsquo;\u00e9mancipaient de tous courants artistiques, Minakani a laiss\u00e9 parler sa r\u00eaverie abstraite et lyrique pour habiller de couleurs un cadeau tout en douceur.<\/p>\n<p>Disponible dans le m\u00eame motif en <strong><a href=\"https:\/\/www.impressionoriginale.com\/fr\/produit\/encre-pochette-cadeau-m\/\" target=\"_blank\" rel=\"noopener\">Pochette Cadeau \u00ab\u00a0Encre\u00a0\u00bb (taille M)<\/a>.<\/strong><\/p>\n<p>D\u00e9tails techniques :<\/p>\n<ul>\n<li>70x100cm<\/li>\n<li>115 g\/m\u00b2<\/li>\n<li>Imprim\u00e9 recto-verso<\/li>\n<\/ul>\n<p style=\"text-align: center;\"><em>Note : Tous nos papiers cadeaux sont envoy\u00e9s roul\u00e9s soigneusement dans un tube.<\/em><\/p>\n","protected":false},"featured_media":11149,"template":"","meta":[],"product_brand":[],"product_cat":[910,108,352],"product_tag":[361,88,366,81,1095],"class_list":{"0":"post-11024","1":"product","2":"type-product","3":"status-publish","4":"has-post-thumbnail","6":"product_cat-anniversaire","7":"product_cat-un-je-ne-sais-quoi-fr","8":"product_cat-urbain","9":"product_tag-frederic-bonnin-fr-2","10":"product_tag-impression-originale-fr-2","11":"product_tag-minakani-fr-2","12":"product_tag-papier-cadeau-fr","13":"product_tag-papiers-cadeaux","15":"first","16":"instock","17":"taxable","18":"shipping-taxable","19":"purchasable","20":"product-type-simple"},"bundled_by":["11319","11386"],"bundle_stock_status":"instock","bundle_stock_quantity":723,"bundle_virtual":false,"bundle_layout":"","bundle_add_to_cart_form_location":"","bundle_editable_in_cart":false,"bundle_sold_individually_context":"","bundle_item_grouping":"","bundle_min_size":"","bundle_max_size":"","bundle_price":[],"bundled_items":[],"bundle_sell_ids":[],"yoast_head":"<!-- This site is optimized with the Yoast SEO plugin v27.3 - https:\/\/yoast.com\/product\/yoast-seo-wordpress\/ -->\n<title>Encre Papier Cadeau - Impression Originale<\/title>\n<meta name=\"description\" content=\"Ce papier cadeau arty &quot;Encre&quot; par le designer Minakani pour Impression Originale est imprim\u00e9 en France sur du papier 100% recycl\u00e9 de qualit\u00e9.\" \/>\n<meta name=\"robots\" content=\"index, follow, max-snippet:-1, max-image-preview:large, max-video-preview:-1\" \/>\n<link rel=\"canonical\" href=\"https:\/\/www.impressionoriginale.com\/fr\/produit\/encre-papier-cadeau\/\" \/>\n<meta property=\"og:locale\" content=\"fr_FR\" \/>\n<meta property=\"og:type\" content=\"article\" \/>\n<meta property=\"og:title\" content=\"Encre Papier Cadeau - Impression Originale\" \/>\n<meta property=\"og:description\" content=\"Ce papier cadeau arty &quot;Encre&quot; par le designer Minakani pour Impression Originale est imprim\u00e9 en France sur du papier 100% recycl\u00e9 de qualit\u00e9.\" \/>\n<meta property=\"og:url\" content=\"https:\/\/www.impressionoriginale.com\/fr\/produit\/encre-papier-cadeau\/\" \/>\n<meta property=\"og:site_name\" content=\"Impression Originale\" \/>\n<meta property=\"article:modified_time\" content=\"2025-12-16T09:26:04+00:00\" \/>\n<meta property=\"og:image\" content=\"https:\/\/www.impressionoriginale.com\/wp-content\/uploads\/2023\/10\/IOR-0065FBOS1C2023_Ink_Gift-Wrap_IMPRESSIONORIGINALE.jpg\" \/>\n\t<meta property=\"og:image:width\" content=\"1500\" \/>\n\t<meta property=\"og:image:height\" content=\"2000\" \/>\n\t<meta property=\"og:image:type\" content=\"image\/jpeg\" \/>\n<meta name=\"twitter:card\" content=\"summary_large_image\" \/>\n<script type=\"application\/ld+json\" class=\"yoast-schema-graph\">{\"@context\":\"https:\\\/\\\/schema.org\",\"@graph\":[{\"@type\":\"WebPage\",\"@id\":\"https:\\\/\\\/www.impressionoriginale.com\\\/fr\\\/produit\\\/encre-papier-cadeau\\\/\",\"url\":\"https:\\\/\\\/www.impressionoriginale.com\\\/fr\\\/produit\\\/encre-papier-cadeau\\\/\",\"name\":\"Encre Papier Cadeau - Impression Originale\",\"isPartOf\":{\"@id\":\"https:\\\/\\\/www.impressionoriginale.com\\\/fr\\\/#website\"},\"primaryImageOfPage\":{\"@id\":\"https:\\\/\\\/www.impressionoriginale.com\\\/fr\\\/produit\\\/encre-papier-cadeau\\\/#primaryimage\"},\"image\":{\"@id\":\"https:\\\/\\\/www.impressionoriginale.com\\\/fr\\\/produit\\\/encre-papier-cadeau\\\/#primaryimage\"},\"thumbnailUrl\":\"https:\\\/\\\/www.impressionoriginale.com\\\/wp-content\\\/uploads\\\/2023\\\/10\\\/IOR-0065FBOS1C2023_Ink_Gift-Wrap_IMPRESSIONORIGINALE.jpg\",\"datePublished\":\"2023-10-26T14:39:11+00:00\",\"dateModified\":\"2025-12-16T09:26:04+00:00\",\"description\":\"Ce papier cadeau arty \\\"Encre\\\" par le designer Minakani pour Impression Originale est imprim\u00e9 en France sur du papier 100% recycl\u00e9 de qualit\u00e9.\",\"breadcrumb\":{\"@id\":\"https:\\\/\\\/www.impressionoriginale.com\\\/fr\\\/produit\\\/encre-papier-cadeau\\\/#breadcrumb\"},\"inLanguage\":\"fr-FR\",\"potentialAction\":[{\"@type\":\"ReadAction\",\"target\":[\"https:\\\/\\\/www.impressionoriginale.com\\\/fr\\\/produit\\\/encre-papier-cadeau\\\/\"]}]},{\"@type\":\"ImageObject\",\"inLanguage\":\"fr-FR\",\"@id\":\"https:\\\/\\\/www.impressionoriginale.com\\\/fr\\\/produit\\\/encre-papier-cadeau\\\/#primaryimage\",\"url\":\"https:\\\/\\\/www.impressionoriginale.com\\\/wp-content\\\/uploads\\\/2023\\\/10\\\/IOR-0065FBOS1C2023_Ink_Gift-Wrap_IMPRESSIONORIGINALE.jpg\",\"contentUrl\":\"https:\\\/\\\/www.impressionoriginale.com\\\/wp-content\\\/uploads\\\/2023\\\/10\\\/IOR-0065FBOS1C2023_Ink_Gift-Wrap_IMPRESSIONORIGINALE.jpg\",\"width\":1500,\"height\":2000,\"caption\":\"IOR 0065FBOS1C2023 Ink Gift Wrap IMPRESSION ORIGINALE\"},{\"@type\":\"BreadcrumbList\",\"@id\":\"https:\\\/\\\/www.impressionoriginale.com\\\/fr\\\/produit\\\/encre-papier-cadeau\\\/#breadcrumb\",\"itemListElement\":[{\"@type\":\"ListItem\",\"position\":1,\"name\":\"Home\",\"item\":\"https:\\\/\\\/www.impressionoriginale.com\\\/fr\\\/\"},{\"@type\":\"ListItem\",\"position\":2,\"name\":\"Boutique\",\"item\":\"https:\\\/\\\/www.impressionoriginale.com\\\/fr\\\/boutique\\\/\"},{\"@type\":\"ListItem\",\"position\":3,\"name\":\"Encre Papier Cadeau\"}]},{\"@type\":\"WebSite\",\"@id\":\"https:\\\/\\\/www.impressionoriginale.com\\\/fr\\\/#website\",\"url\":\"https:\\\/\\\/www.impressionoriginale.com\\\/fr\\\/\",\"name\":\"Impression Originale\",\"description\":\"The art of gifting has a new name. The online store for all your wrapping cravings.\",\"publisher\":{\"@id\":\"https:\\\/\\\/www.impressionoriginale.com\\\/fr\\\/#organization\"},\"potentialAction\":[{\"@type\":\"SearchAction\",\"target\":{\"@type\":\"EntryPoint\",\"urlTemplate\":\"https:\\\/\\\/www.impressionoriginale.com\\\/fr\\\/?s={search_term_string}\"},\"query-input\":{\"@type\":\"PropertyValueSpecification\",\"valueRequired\":true,\"valueName\":\"search_term_string\"}}],\"inLanguage\":\"fr-FR\"},{\"@type\":\"Organization\",\"@id\":\"https:\\\/\\\/www.impressionoriginale.com\\\/fr\\\/#organization\",\"name\":\"Impression Originale\",\"url\":\"https:\\\/\\\/www.impressionoriginale.com\\\/fr\\\/\",\"logo\":{\"@type\":\"ImageObject\",\"inLanguage\":\"fr-FR\",\"@id\":\"https:\\\/\\\/www.impressionoriginale.com\\\/fr\\\/#\\\/schema\\\/logo\\\/image\\\/\",\"url\":\"https:\\\/\\\/www.impressionoriginale.com\\\/wp-content\\\/uploads\\\/2021\\\/08\\\/LOGO-2020-BLACK.png\",\"contentUrl\":\"https:\\\/\\\/www.impressionoriginale.com\\\/wp-content\\\/uploads\\\/2021\\\/08\\\/LOGO-2020-BLACK.png\",\"width\":567,\"height\":567,\"caption\":\"Impression Originale\"},\"image\":{\"@id\":\"https:\\\/\\\/www.impressionoriginale.com\\\/fr\\\/#\\\/schema\\\/logo\\\/image\\\/\"}}]}<\/script>\n<!-- \/ Yoast SEO plugin. -->","yoast_head_json":{"title":"Encre Papier Cadeau - Impression Originale","description":"Ce papier cadeau arty \"Encre\" par le designer Minakani pour Impression Originale est imprim\u00e9 en France sur du papier 100% recycl\u00e9 de qualit\u00e9.","robots":{"index":"index","follow":"follow","max-snippet":"max-snippet:-1","max-image-preview":"max-image-preview:large","max-video-preview":"max-video-preview:-1"},"canonical":"https:\/\/www.impressionoriginale.com\/fr\/produit\/encre-papier-cadeau\/","og_locale":"fr_FR","og_type":"article","og_title":"Encre Papier Cadeau - Impression Originale","og_description":"Ce papier cadeau arty \"Encre\" par le designer Minakani pour Impression Originale est imprim\u00e9 en France sur du papier 100% recycl\u00e9 de qualit\u00e9.","og_url":"https:\/\/www.impressionoriginale.com\/fr\/produit\/encre-papier-cadeau\/","og_site_name":"Impression Originale","article_modified_time":"2025-12-16T09:26:04+00:00","og_image":[{"width":1500,"height":2000,"url":"https:\/\/www.impressionoriginale.com\/wp-content\/uploads\/2023\/10\/IOR-0065FBOS1C2023_Ink_Gift-Wrap_IMPRESSIONORIGINALE.jpg","type":"image\/jpeg"}],"twitter_card":"summary_large_image","schema":{"@context":"https:\/\/schema.org","@graph":[{"@type":"WebPage","@id":"https:\/\/www.impressionoriginale.com\/fr\/produit\/encre-papier-cadeau\/","url":"https:\/\/www.impressionoriginale.com\/fr\/produit\/encre-papier-cadeau\/","name":"Encre Papier Cadeau - Impression Originale","isPartOf":{"@id":"https:\/\/www.impressionoriginale.com\/fr\/#website"},"primaryImageOfPage":{"@id":"https:\/\/www.impressionoriginale.com\/fr\/produit\/encre-papier-cadeau\/#primaryimage"},"image":{"@id":"https:\/\/www.impressionoriginale.com\/fr\/produit\/encre-papier-cadeau\/#primaryimage"},"thumbnailUrl":"https:\/\/www.impressionoriginale.com\/wp-content\/uploads\/2023\/10\/IOR-0065FBOS1C2023_Ink_Gift-Wrap_IMPRESSIONORIGINALE.jpg","datePublished":"2023-10-26T14:39:11+00:00","dateModified":"2025-12-16T09:26:04+00:00","description":"Ce papier cadeau arty \"Encre\" par le designer Minakani pour Impression Originale est imprim\u00e9 en France sur du papier 100% recycl\u00e9 de qualit\u00e9.","breadcrumb":{"@id":"https:\/\/www.impressionoriginale.com\/fr\/produit\/encre-papier-cadeau\/#breadcrumb"},"inLanguage":"fr-FR","potentialAction":[{"@type":"ReadAction","target":["https:\/\/www.impressionoriginale.com\/fr\/produit\/encre-papier-cadeau\/"]}]},{"@type":"ImageObject","inLanguage":"fr-FR","@id":"https:\/\/www.impressionoriginale.com\/fr\/produit\/encre-papier-cadeau\/#primaryimage","url":"https:\/\/www.impressionoriginale.com\/wp-content\/uploads\/2023\/10\/IOR-0065FBOS1C2023_Ink_Gift-Wrap_IMPRESSIONORIGINALE.jpg","contentUrl":"https:\/\/www.impressionoriginale.com\/wp-content\/uploads\/2023\/10\/IOR-0065FBOS1C2023_Ink_Gift-Wrap_IMPRESSIONORIGINALE.jpg","width":1500,"height":2000,"caption":"IOR 0065FBOS1C2023 Ink Gift Wrap IMPRESSION ORIGINALE"},{"@type":"BreadcrumbList","@id":"https:\/\/www.impressionoriginale.com\/fr\/produit\/encre-papier-cadeau\/#breadcrumb","itemListElement":[{"@type":"ListItem","position":1,"name":"Home","item":"https:\/\/www.impressionoriginale.com\/fr\/"},{"@type":"ListItem","position":2,"name":"Boutique","item":"https:\/\/www.impressionoriginale.com\/fr\/boutique\/"},{"@type":"ListItem","position":3,"name":"Encre Papier Cadeau"}]},{"@type":"WebSite","@id":"https:\/\/www.impressionoriginale.com\/fr\/#website","url":"https:\/\/www.impressionoriginale.com\/fr\/","name":"Impression Originale","description":"The art of gifting has a new name. The online store for all your wrapping cravings.","publisher":{"@id":"https:\/\/www.impressionoriginale.com\/fr\/#organization"},"potentialAction":[{"@type":"SearchAction","target":{"@type":"EntryPoint","urlTemplate":"https:\/\/www.impressionoriginale.com\/fr\/?s={search_term_string}"},"query-input":{"@type":"PropertyValueSpecification","valueRequired":true,"valueName":"search_term_string"}}],"inLanguage":"fr-FR"},{"@type":"Organization","@id":"https:\/\/www.impressionoriginale.com\/fr\/#organization","name":"Impression Originale","url":"https:\/\/www.impressionoriginale.com\/fr\/","logo":{"@type":"ImageObject","inLanguage":"fr-FR","@id":"https:\/\/www.impressionoriginale.com\/fr\/#\/schema\/logo\/image\/","url":"https:\/\/www.impressionoriginale.com\/wp-content\/uploads\/2021\/08\/LOGO-2020-BLACK.png","contentUrl":"https:\/\/www.impressionoriginale.com\/wp-content\/uploads\/2021\/08\/LOGO-2020-BLACK.png","width":567,"height":567,"caption":"Impression Originale"},"image":{"@id":"https:\/\/www.impressionoriginale.com\/fr\/#\/schema\/logo\/image\/"}}]}},"_links":{"self":[{"href":"https:\/\/www.impressionoriginale.com\/fr\/wp-json\/wp\/v2\/product\/11024","targetHints":{"allow":["GET"]}}],"collection":[{"href":"https:\/\/www.impressionoriginale.com\/fr\/wp-json\/wp\/v2\/product"}],"about":[{"href":"https:\/\/www.impressionoriginale.com\/fr\/wp-json\/wp\/v2\/types\/product"}],"wp:featuredmedia":[{"embeddable":true,"href":"https:\/\/www.impressionoriginale.com\/fr\/wp-json\/wp\/v2\/media\/11149"}],"wp:attachment":[{"href":"https:\/\/www.impressionoriginale.com\/fr\/wp-json\/wp\/v2\/media?parent=11024"}],"wp:term":[{"taxonomy":"product_brand","embeddable":true,"href":"https:\/\/www.impressionoriginale.com\/fr\/wp-json\/wp\/v2\/product_brand?post=11024"},{"taxonomy":"product_cat","embeddable":true,"href":"https:\/\/www.impressionoriginale.com\/fr\/wp-json\/wp\/v2\/product_cat?post=11024"},{"taxonomy":"product_tag","embeddable":true,"href":"https:\/\/www.impressionoriginale.com\/fr\/wp-json\/wp\/v2\/product_tag?post=11024"}],"curies":[{"name":"wp","href":"https:\/\/api.w.org\/{rel}","templated":true}]}}