{"id":11058,"date":"2023-12-19T14:55:34","date_gmt":"2023-12-19T14:55:34","guid":{"rendered":"https:\/\/www.impressionoriginale.com\/?post_type=product&#038;p=11058"},"modified":"2023-09-01T09:02:33","modified_gmt":"2023-09-01T09:02:33","slug":"etiquettes-autocollantes-couronnes-de-noel-papillons","status":"publish","type":"product","link":"https:\/\/www.impressionoriginale.com\/fr\/produit\/etiquettes-autocollantes-couronnes-de-noel-papillons\/","title":{"rendered":"Etiquettes autocollantes Couronnes de No\u00ebl &#8211; Papillons"},"content":{"rendered":"<table style=\"border-collapse: collapse; width: 100%;\">\n<tbody>\n<tr>\n<td style=\"width: 17.4267%;\"><strong>MATERIEL<\/strong><\/td>\n<td style=\"width: 82.5733%;\">Papier Coton 200g \/ autocollant<\/td>\n<\/tr>\n<tr>\n<td style=\"width: 17.4267%;\"><strong>COULEUR<\/strong><\/td>\n<td style=\"width: 82.5733%;\">Support papier cr\u00e8me<\/td>\n<\/tr>\n<tr>\n<td style=\"width: 17.4267%;\"><strong>DIMENSIONS<\/strong><\/td>\n<td style=\"width: 82.5733%;\">5\u00d712 cm<\/td>\n<\/tr>\n<tr>\n<td style=\"width: 17.4267%;\"><strong>GRAMMAGE<\/strong><\/td>\n<td style=\"width: 82.5733%;\">200g<\/td>\n<\/tr>\n<tr>\n<td style=\"width: 17.4267%;\"><strong>ORIGINE<\/strong><\/td>\n<td style=\"width: 82.5733%;\">France<\/td>\n<\/tr>\n<\/tbody>\n<\/table>\n<p>Nous avons design\u00e9 des \u00e9tiquettes cadeaux qui s\u2019associent \u00e0 merveille avec les couleurs de nos rubans et de nos motifs de papiers cadeaux. Vous pouvez personnaliser votre \u00e9tiquette cadeau avec un nom calligraphi\u00e9 ou un joli croquis. Laissez votre imagination vous guider.<\/p>\n<p>Les \u00e9tiquettes sont d\u00e9coup\u00e9es dans un papier \u00e9pais qui ajoute au look prestigieux de votre cadeau.<\/p>\n<p>\u00ab\u00a0<em>Le diable se cache dans les d\u00e9tails<\/em>\u00ab\u00a0.<\/p>\n\n\n","protected":false},"excerpt":{"rendered":"<p><strong>Etiquettes autocollantes Couronnes de No\u00ebl &#8211; Papillons<\/strong><\/p>\n<p><strong>Kit x6 <\/strong><\/p>\n<p>Six \u00e9tiquettes cadeaux autocollantes illustr\u00e9es sur une base de papier d&rsquo;art cr\u00e8me. Le petit d\u00e9tail qui ajoute de l&rsquo;\u00e2me \u00e0 votre cadeau. Les \u00e9tiquettes cadeaux autocollantes peut \u00eatre personnalis\u00e9e avec une calligraphie ou un petit dessin. Rendez-les uniques. Personnalisez-la.<\/p>\n<p>Disponibles dans le m\u00eame motif avec une <a href=\"https:\/\/www.impressionoriginale.com\/fr\/produit\/etiquettes-autocollantes-couronnes-de-noel-chouette\/\" target=\"_blank\" rel=\"noopener\"><strong>chouette<\/strong><\/a> et une <a href=\"https:\/\/www.impressionoriginale.com\/fr\/produit\/etiquettes-autocollantes-couronnes-de-noel-mesange\/\" target=\"_blank\" rel=\"noopener\"><strong>m\u00e9sange<\/strong><\/a>.<\/p>\n<p>D\u00e9tails techniques :<\/p>\n<ul style=\"list-style-type: disc;\">\n<li>x6 \u00e9tiquettes cadeaux (3 papillons, 3 couronnes de No\u00ebl)<\/li>\n<li>5&#215;12 cm<\/li>\n<li>Papier d&rsquo;art coton<\/li>\n<\/ul>\n<p style=\"text-align: center;\"><em>Note : Les \u00e9tiquettes cadeaux sont envoy\u00e9es en sachet par 6 unit\u00e9s.<\/em><\/p>\n","protected":false},"featured_media":10840,"template":"","meta":[],"product_brand":[],"product_cat":[1077,911],"product_tag":[1132,1115,88],"class_list":{"0":"post-11058","1":"product","2":"type-product","3":"status-publish","4":"has-post-thumbnail","6":"product_cat-etiquettes-cadeaux","7":"product_cat-noel","8":"product_tag-etiquette-cadeau","9":"product_tag-gillian-bowen-johnston","10":"product_tag-impression-originale-fr-2","12":"first","13":"instock","14":"taxable","15":"shipping-taxable","16":"purchasable","17":"product-type-simple"},"bundled_by":["11349"],"bundle_stock_status":"instock","bundle_stock_quantity":null,"bundle_virtual":false,"bundle_layout":"","bundle_add_to_cart_form_location":"","bundle_editable_in_cart":false,"bundle_sold_individually_context":"","bundle_item_grouping":"","bundle_min_size":"","bundle_max_size":"","bundle_price":[],"bundled_items":[],"bundle_sell_ids":[],"yoast_head":"<!-- This site is optimized with the Yoast SEO plugin v27.5 - https:\/\/yoast.com\/product\/yoast-seo-wordpress\/ -->\n<title>Grands Etiquettes autocollantes Couronnes de No\u00ebl - Papillons - Impression Originale<\/title>\n<meta name=\"description\" content=\"Les \u00e9tiquettes cadeaux No\u00ebl autocollantes grand format papillons \u00e0 personnaliser sont id\u00e9ales pour des cadeaux extraordinaires. Elles permettent d&#039;identifier les cadeaux. A personnaliser. Design\u00e9 par Impression Originale en France.\" \/>\n<meta name=\"robots\" content=\"index, follow, max-snippet:-1, max-image-preview:large, max-video-preview:-1\" \/>\n<link rel=\"canonical\" href=\"https:\/\/www.impressionoriginale.com\/fr\/produit\/etiquettes-autocollantes-couronnes-de-noel-papillons\/\" \/>\n<meta property=\"og:locale\" content=\"fr_FR\" \/>\n<meta property=\"og:type\" content=\"article\" \/>\n<meta property=\"og:title\" content=\"Grands Etiquettes autocollantes Couronnes de No\u00ebl - Papillons - Impression Originale\" \/>\n<meta property=\"og:description\" content=\"Les \u00e9tiquettes cadeaux No\u00ebl autocollantes grand format papillons \u00e0 personnaliser sont id\u00e9ales pour des cadeaux extraordinaires. Elles permettent d&#039;identifier les cadeaux. A personnaliser. Design\u00e9 par Impression Originale en France.\" \/>\n<meta property=\"og:url\" content=\"https:\/\/www.impressionoriginale.com\/fr\/produit\/etiquettes-autocollantes-couronnes-de-noel-papillons\/\" \/>\n<meta property=\"og:site_name\" content=\"Impression Originale\" \/>\n<meta property=\"og:image\" content=\"https:\/\/www.impressionoriginale.com\/wp-content\/uploads\/2023\/07\/IOR-STCA201GBO512_Butterfly_Stickers_details_IMPRESSION.ORIGINALE.jpg\" \/>\n\t<meta property=\"og:image:width\" content=\"1000\" \/>\n\t<meta property=\"og:image:height\" content=\"1333\" \/>\n\t<meta property=\"og:image:type\" content=\"image\/jpeg\" \/>\n<meta name=\"twitter:card\" content=\"summary_large_image\" \/>\n<script type=\"application\/ld+json\" class=\"yoast-schema-graph\">{\"@context\":\"https:\\\/\\\/schema.org\",\"@graph\":[{\"@type\":\"WebPage\",\"@id\":\"https:\\\/\\\/www.impressionoriginale.com\\\/fr\\\/produit\\\/etiquettes-autocollantes-couronnes-de-noel-papillons\\\/\",\"url\":\"https:\\\/\\\/www.impressionoriginale.com\\\/fr\\\/produit\\\/etiquettes-autocollantes-couronnes-de-noel-papillons\\\/\",\"name\":\"Grands Etiquettes autocollantes Couronnes de No\u00ebl - Papillons - Impression Originale\",\"isPartOf\":{\"@id\":\"https:\\\/\\\/www.impressionoriginale.com\\\/fr\\\/#website\"},\"primaryImageOfPage\":{\"@id\":\"https:\\\/\\\/www.impressionoriginale.com\\\/fr\\\/produit\\\/etiquettes-autocollantes-couronnes-de-noel-papillons\\\/#primaryimage\"},\"image\":{\"@id\":\"https:\\\/\\\/www.impressionoriginale.com\\\/fr\\\/produit\\\/etiquettes-autocollantes-couronnes-de-noel-papillons\\\/#primaryimage\"},\"thumbnailUrl\":\"https:\\\/\\\/www.impressionoriginale.com\\\/wp-content\\\/uploads\\\/2023\\\/07\\\/IOR-STCA201GBO512_Butterfly_Stickers_details_IMPRESSION.ORIGINALE.jpg\",\"datePublished\":\"2023-12-19T14:55:34+00:00\",\"description\":\"Les \u00e9tiquettes cadeaux No\u00ebl autocollantes grand format papillons \u00e0 personnaliser sont id\u00e9ales pour des cadeaux extraordinaires. Elles permettent d'identifier les cadeaux. A personnaliser. Design\u00e9 par Impression Originale en France.\",\"breadcrumb\":{\"@id\":\"https:\\\/\\\/www.impressionoriginale.com\\\/fr\\\/produit\\\/etiquettes-autocollantes-couronnes-de-noel-papillons\\\/#breadcrumb\"},\"inLanguage\":\"fr-FR\",\"potentialAction\":[{\"@type\":\"ReadAction\",\"target\":[\"https:\\\/\\\/www.impressionoriginale.com\\\/fr\\\/produit\\\/etiquettes-autocollantes-couronnes-de-noel-papillons\\\/\"]}]},{\"@type\":\"ImageObject\",\"inLanguage\":\"fr-FR\",\"@id\":\"https:\\\/\\\/www.impressionoriginale.com\\\/fr\\\/produit\\\/etiquettes-autocollantes-couronnes-de-noel-papillons\\\/#primaryimage\",\"url\":\"https:\\\/\\\/www.impressionoriginale.com\\\/wp-content\\\/uploads\\\/2023\\\/07\\\/IOR-STCA201GBO512_Butterfly_Stickers_details_IMPRESSION.ORIGINALE.jpg\",\"contentUrl\":\"https:\\\/\\\/www.impressionoriginale.com\\\/wp-content\\\/uploads\\\/2023\\\/07\\\/IOR-STCA201GBO512_Butterfly_Stickers_details_IMPRESSION.ORIGINALE.jpg\",\"width\":1000,\"height\":1333},{\"@type\":\"BreadcrumbList\",\"@id\":\"https:\\\/\\\/www.impressionoriginale.com\\\/fr\\\/produit\\\/etiquettes-autocollantes-couronnes-de-noel-papillons\\\/#breadcrumb\",\"itemListElement\":[{\"@type\":\"ListItem\",\"position\":1,\"name\":\"Home\",\"item\":\"https:\\\/\\\/www.impressionoriginale.com\\\/fr\\\/\"},{\"@type\":\"ListItem\",\"position\":2,\"name\":\"Boutique\",\"item\":\"https:\\\/\\\/www.impressionoriginale.com\\\/fr\\\/boutique\\\/\"},{\"@type\":\"ListItem\",\"position\":3,\"name\":\"Etiquettes autocollantes Couronnes de No\u00ebl &#8211; Papillons\"}]},{\"@type\":\"WebSite\",\"@id\":\"https:\\\/\\\/www.impressionoriginale.com\\\/fr\\\/#website\",\"url\":\"https:\\\/\\\/www.impressionoriginale.com\\\/fr\\\/\",\"name\":\"Impression Originale\",\"description\":\"The art of gifting has a new name. The online store for all your wrapping cravings.\",\"publisher\":{\"@id\":\"https:\\\/\\\/www.impressionoriginale.com\\\/fr\\\/#organization\"},\"potentialAction\":[{\"@type\":\"SearchAction\",\"target\":{\"@type\":\"EntryPoint\",\"urlTemplate\":\"https:\\\/\\\/www.impressionoriginale.com\\\/fr\\\/?s={search_term_string}\"},\"query-input\":{\"@type\":\"PropertyValueSpecification\",\"valueRequired\":true,\"valueName\":\"search_term_string\"}}],\"inLanguage\":\"fr-FR\"},{\"@type\":\"Organization\",\"@id\":\"https:\\\/\\\/www.impressionoriginale.com\\\/fr\\\/#organization\",\"name\":\"Impression Originale\",\"url\":\"https:\\\/\\\/www.impressionoriginale.com\\\/fr\\\/\",\"logo\":{\"@type\":\"ImageObject\",\"inLanguage\":\"fr-FR\",\"@id\":\"https:\\\/\\\/www.impressionoriginale.com\\\/fr\\\/#\\\/schema\\\/logo\\\/image\\\/\",\"url\":\"https:\\\/\\\/www.impressionoriginale.com\\\/wp-content\\\/uploads\\\/2021\\\/08\\\/LOGO-2020-BLACK.png\",\"contentUrl\":\"https:\\\/\\\/www.impressionoriginale.com\\\/wp-content\\\/uploads\\\/2021\\\/08\\\/LOGO-2020-BLACK.png\",\"width\":567,\"height\":567,\"caption\":\"Impression Originale\"},\"image\":{\"@id\":\"https:\\\/\\\/www.impressionoriginale.com\\\/fr\\\/#\\\/schema\\\/logo\\\/image\\\/\"}}]}<\/script>\n<!-- \/ Yoast SEO plugin. -->","yoast_head_json":{"title":"Grands Etiquettes autocollantes Couronnes de No\u00ebl - Papillons - Impression Originale","description":"Les \u00e9tiquettes cadeaux No\u00ebl autocollantes grand format papillons \u00e0 personnaliser sont id\u00e9ales pour des cadeaux extraordinaires. Elles permettent d'identifier les cadeaux. A personnaliser. Design\u00e9 par Impression Originale en France.","robots":{"index":"index","follow":"follow","max-snippet":"max-snippet:-1","max-image-preview":"max-image-preview:large","max-video-preview":"max-video-preview:-1"},"canonical":"https:\/\/www.impressionoriginale.com\/fr\/produit\/etiquettes-autocollantes-couronnes-de-noel-papillons\/","og_locale":"fr_FR","og_type":"article","og_title":"Grands Etiquettes autocollantes Couronnes de No\u00ebl - Papillons - Impression Originale","og_description":"Les \u00e9tiquettes cadeaux No\u00ebl autocollantes grand format papillons \u00e0 personnaliser sont id\u00e9ales pour des cadeaux extraordinaires. Elles permettent d'identifier les cadeaux. A personnaliser. Design\u00e9 par Impression Originale en France.","og_url":"https:\/\/www.impressionoriginale.com\/fr\/produit\/etiquettes-autocollantes-couronnes-de-noel-papillons\/","og_site_name":"Impression Originale","og_image":[{"width":1000,"height":1333,"url":"https:\/\/www.impressionoriginale.com\/wp-content\/uploads\/2023\/07\/IOR-STCA201GBO512_Butterfly_Stickers_details_IMPRESSION.ORIGINALE.jpg","type":"image\/jpeg"}],"twitter_card":"summary_large_image","schema":{"@context":"https:\/\/schema.org","@graph":[{"@type":"WebPage","@id":"https:\/\/www.impressionoriginale.com\/fr\/produit\/etiquettes-autocollantes-couronnes-de-noel-papillons\/","url":"https:\/\/www.impressionoriginale.com\/fr\/produit\/etiquettes-autocollantes-couronnes-de-noel-papillons\/","name":"Grands Etiquettes autocollantes Couronnes de No\u00ebl - Papillons - Impression Originale","isPartOf":{"@id":"https:\/\/www.impressionoriginale.com\/fr\/#website"},"primaryImageOfPage":{"@id":"https:\/\/www.impressionoriginale.com\/fr\/produit\/etiquettes-autocollantes-couronnes-de-noel-papillons\/#primaryimage"},"image":{"@id":"https:\/\/www.impressionoriginale.com\/fr\/produit\/etiquettes-autocollantes-couronnes-de-noel-papillons\/#primaryimage"},"thumbnailUrl":"https:\/\/www.impressionoriginale.com\/wp-content\/uploads\/2023\/07\/IOR-STCA201GBO512_Butterfly_Stickers_details_IMPRESSION.ORIGINALE.jpg","datePublished":"2023-12-19T14:55:34+00:00","description":"Les \u00e9tiquettes cadeaux No\u00ebl autocollantes grand format papillons \u00e0 personnaliser sont id\u00e9ales pour des cadeaux extraordinaires. Elles permettent d'identifier les cadeaux. A personnaliser. Design\u00e9 par Impression Originale en France.","breadcrumb":{"@id":"https:\/\/www.impressionoriginale.com\/fr\/produit\/etiquettes-autocollantes-couronnes-de-noel-papillons\/#breadcrumb"},"inLanguage":"fr-FR","potentialAction":[{"@type":"ReadAction","target":["https:\/\/www.impressionoriginale.com\/fr\/produit\/etiquettes-autocollantes-couronnes-de-noel-papillons\/"]}]},{"@type":"ImageObject","inLanguage":"fr-FR","@id":"https:\/\/www.impressionoriginale.com\/fr\/produit\/etiquettes-autocollantes-couronnes-de-noel-papillons\/#primaryimage","url":"https:\/\/www.impressionoriginale.com\/wp-content\/uploads\/2023\/07\/IOR-STCA201GBO512_Butterfly_Stickers_details_IMPRESSION.ORIGINALE.jpg","contentUrl":"https:\/\/www.impressionoriginale.com\/wp-content\/uploads\/2023\/07\/IOR-STCA201GBO512_Butterfly_Stickers_details_IMPRESSION.ORIGINALE.jpg","width":1000,"height":1333},{"@type":"BreadcrumbList","@id":"https:\/\/www.impressionoriginale.com\/fr\/produit\/etiquettes-autocollantes-couronnes-de-noel-papillons\/#breadcrumb","itemListElement":[{"@type":"ListItem","position":1,"name":"Home","item":"https:\/\/www.impressionoriginale.com\/fr\/"},{"@type":"ListItem","position":2,"name":"Boutique","item":"https:\/\/www.impressionoriginale.com\/fr\/boutique\/"},{"@type":"ListItem","position":3,"name":"Etiquettes autocollantes Couronnes de No\u00ebl &#8211; Papillons"}]},{"@type":"WebSite","@id":"https:\/\/www.impressionoriginale.com\/fr\/#website","url":"https:\/\/www.impressionoriginale.com\/fr\/","name":"Impression Originale","description":"The art of gifting has a new name. The online store for all your wrapping cravings.","publisher":{"@id":"https:\/\/www.impressionoriginale.com\/fr\/#organization"},"potentialAction":[{"@type":"SearchAction","target":{"@type":"EntryPoint","urlTemplate":"https:\/\/www.impressionoriginale.com\/fr\/?s={search_term_string}"},"query-input":{"@type":"PropertyValueSpecification","valueRequired":true,"valueName":"search_term_string"}}],"inLanguage":"fr-FR"},{"@type":"Organization","@id":"https:\/\/www.impressionoriginale.com\/fr\/#organization","name":"Impression Originale","url":"https:\/\/www.impressionoriginale.com\/fr\/","logo":{"@type":"ImageObject","inLanguage":"fr-FR","@id":"https:\/\/www.impressionoriginale.com\/fr\/#\/schema\/logo\/image\/","url":"https:\/\/www.impressionoriginale.com\/wp-content\/uploads\/2021\/08\/LOGO-2020-BLACK.png","contentUrl":"https:\/\/www.impressionoriginale.com\/wp-content\/uploads\/2021\/08\/LOGO-2020-BLACK.png","width":567,"height":567,"caption":"Impression Originale"},"image":{"@id":"https:\/\/www.impressionoriginale.com\/fr\/#\/schema\/logo\/image\/"}}]}},"_links":{"self":[{"href":"https:\/\/www.impressionoriginale.com\/fr\/wp-json\/wp\/v2\/product\/11058","targetHints":{"allow":["GET"]}}],"collection":[{"href":"https:\/\/www.impressionoriginale.com\/fr\/wp-json\/wp\/v2\/product"}],"about":[{"href":"https:\/\/www.impressionoriginale.com\/fr\/wp-json\/wp\/v2\/types\/product"}],"wp:featuredmedia":[{"embeddable":true,"href":"https:\/\/www.impressionoriginale.com\/fr\/wp-json\/wp\/v2\/media\/10840"}],"wp:attachment":[{"href":"https:\/\/www.impressionoriginale.com\/fr\/wp-json\/wp\/v2\/media?parent=11058"}],"wp:term":[{"taxonomy":"product_brand","embeddable":true,"href":"https:\/\/www.impressionoriginale.com\/fr\/wp-json\/wp\/v2\/product_brand?post=11058"},{"taxonomy":"product_cat","embeddable":true,"href":"https:\/\/www.impressionoriginale.com\/fr\/wp-json\/wp\/v2\/product_cat?post=11058"},{"taxonomy":"product_tag","embeddable":true,"href":"https:\/\/www.impressionoriginale.com\/fr\/wp-json\/wp\/v2\/product_tag?post=11058"}],"curies":[{"name":"wp","href":"https:\/\/api.w.org\/{rel}","templated":true}]}}