{"id":11319,"date":"2023-11-19T14:58:52","date_gmt":"2023-11-19T14:58:52","guid":{"rendered":"https:\/\/www.impressionoriginale.com\/?post_type=product&#038;p=11319"},"modified":"2023-11-19T20:23:12","modified_gmt":"2023-11-19T20:23:12","slug":"par-design-encre","status":"publish","type":"product","link":"https:\/\/www.impressionoriginale.com\/fr\/produit\/par-design-encre\/","title":{"rendered":"Par Design Encre"},"content":{"rendered":"<blockquote>\n<p style=\"padding-left: 30px;\"><strong>PAPIER<\/strong> Cyclus \u2013 100% recycl\u00e9<\/p>\n<p style=\"padding-left: 30px;\"><strong>ENCRE<\/strong> PANTONE m\u00e9tallique, Offset quadri pleine couleur, s\u00e9chage UV, impression recto-verso<\/p>\n<p style=\"padding-left: 30px;\"><strong>ORIGINE<\/strong> Angers, France<\/p>\n<p>\u00a0<\/p>\n<p>Dessin\u00e9s par nos artistes du monde entier et mis sous pli \u00e0 la main par nos petites f\u00e9es \u00e0 Angers, France.<\/p>\n<p>Nos pochettes cadeaux IMPRESSION ORIGINALE sont id\u00e9ales pour un cadeau impeccable au look irr\u00e9prochable. Laissez nos papiers vous inspirer, et laissez parler votre cr\u00e9ativit\u00e9\u2026<\/p>\n<p><em>\u00ab\u00a0Faites de beaux cadeaux et faites des heureux !\u00a0\u00bb<\/em><\/p><\/blockquote>\n\n\n","protected":false},"excerpt":{"rendered":"<p><strong>Minakani<\/strong><\/p>\n<h5><em>Encre<\/em> Design<\/h5>\n<p style=\"text-align: justify;\">Dans un \u00e9lan artistique, pouss\u00e9 par une urgence cr\u00e9ative Minakani associe, compose au gr\u00e9 du mouvement. Affranchi de la pens\u00e9e. Les t\u00e2ches d\u2019encres s\u2019\u00e9talent et viennent se superposer comme des corps enlac\u00e9s. Les gouttes miroitent d\u2019un \u00e9clat transparent qui invitent \u00e0 une plong\u00e9e onirique. Dans la digne lign\u00e9e des artistes CoBrA qui s\u2019\u00e9mancipaient de tous courants artistiques, Minakani a laiss\u00e9 parler sa r\u00eaverie abstraite et lyrique pour habiller de couleurs un cadeau tout en douceur.<\/p>\n<p style=\"text-align: center;\"><em>Note : <\/em><\/p>\n<p style=\"text-align: center;\"><em>Nos pochettes cadeaux et nos bo\u00eetes sont envoy\u00e9es \u00e0 plat, sous calque. <\/em><\/p>\n<p style=\"text-align: center;\"><em>Tous nos papiers cadeaux sont envoy\u00e9s roul\u00e9s soigneusement dans un tube. <\/em><\/p>\n<p style=\"text-align: center;\"><em>Nos noeuds sont envoy\u00e9s dans une pochette de protection individuelle.<\/em><\/p>\n","protected":false},"featured_media":11157,"template":"","meta":[],"product_brand":[],"product_cat":[1085],"product_tag":[88,366,1137],"class_list":{"0":"post-11319","1":"product","2":"type-product","3":"status-publish","4":"has-post-thumbnail","6":"product_cat-par-design","7":"product_tag-impression-originale-fr-2","8":"product_tag-minakani-fr-2","9":"product_tag-par-design-fr","11":"first","12":"instock","13":"sold-individually","14":"taxable","15":"shipping-taxable","16":"purchasable","17":"product-type-bundle"},"bundled_by":[],"bundle_stock_status":"instock","bundle_stock_quantity":28,"bundle_virtual":false,"bundle_layout":"default","bundle_add_to_cart_form_location":"default","bundle_editable_in_cart":false,"bundle_sold_individually_context":"product","bundle_item_grouping":"parent","bundle_min_size":"","bundle_max_size":"","bundle_price":{"price":{"min":{"incl_tax":"0.00","excl_tax":"0.00"},"max":{"incl_tax":"","excl_tax":""}},"regular_price":{"min":{"incl_tax":"0.00","excl_tax":"0.00"},"max":{"incl_tax":"","excl_tax":""}}},"bundled_items":[{"bundled_item_id":1638,"product_id":10998,"menu_order":0,"quantity_min":1,"quantity_max":"","quantity_default":1,"priced_individually":true,"shipped_individually":false,"override_title":false,"title":"Encre Pochette Cadeau (M)","override_description":true,"description":"Taille M [25,5 (hauteur) x 19,5 (largeur) x 8 (soufflet) cm ]","optional":true,"hide_thumbnail":false,"discount":"","override_variations":false,"allowed_variations":[""],"override_default_variation_attributes":false,"default_variation_attributes":[],"single_product_visibility":"visible","cart_visibility":"visible","order_visibility":"visible","single_product_price_visibility":"visible","cart_price_visibility":"visible","order_price_visibility":"visible","stock_status":"in_stock"},{"bundled_item_id":1639,"product_id":11024,"menu_order":1,"quantity_min":1,"quantity_max":"","quantity_default":1,"priced_individually":true,"shipped_individually":false,"override_title":false,"title":"Encre Papier Cadeau","override_description":true,"description":"70x100cm (feuille XL, roul\u00e9e)","optional":true,"hide_thumbnail":false,"discount":"","override_variations":false,"allowed_variations":[""],"override_default_variation_attributes":false,"default_variation_attributes":[],"single_product_visibility":"visible","cart_visibility":"visible","order_visibility":"visible","single_product_price_visibility":"visible","cart_price_visibility":"visible","order_price_visibility":"visible","stock_status":"in_stock"},{"bundled_item_id":1640,"product_id":10206,"menu_order":2,"quantity_min":1,"quantity_max":"","quantity_default":1,"priced_individually":true,"shipped_individually":false,"override_title":false,"title":"N\u0153ud satin ail\u00e9 bleu klein n\u00b0320 (L)","override_description":true,"description":"Noeud Pr\u00eat-\u00e0-poser","optional":true,"hide_thumbnail":false,"discount":"","override_variations":false,"allowed_variations":[""],"override_default_variation_attributes":false,"default_variation_attributes":[],"single_product_visibility":"visible","cart_visibility":"visible","order_visibility":"visible","single_product_price_visibility":"visible","cart_price_visibility":"visible","order_price_visibility":"visible","stock_status":"in_stock"}],"bundle_sell_ids":[],"yoast_head":"<!-- This site is optimized with the Yoast SEO plugin v27.3 - https:\/\/yoast.com\/product\/yoast-seo-wordpress\/ -->\n<title>Par Design Encre I Emballage cadeau de luxe par Impression Originale<\/title>\n<meta name=\"description\" content=\"D\u00e9couvrez tous les produits d\u00e9clin\u00e9s du design original &quot;Encre&quot; de Minakani pour Impression Originale. Fabrication fran\u00e7aise. Impression Originale.\" \/>\n<meta name=\"robots\" content=\"index, follow, max-snippet:-1, max-image-preview:large, max-video-preview:-1\" \/>\n<link rel=\"canonical\" href=\"https:\/\/www.impressionoriginale.com\/fr\/produit\/par-design-encre\/\" \/>\n<meta property=\"og:locale\" content=\"fr_FR\" \/>\n<meta property=\"og:type\" content=\"article\" \/>\n<meta property=\"og:title\" content=\"Par Design Encre I Emballage cadeau de luxe par Impression Originale\" \/>\n<meta property=\"og:description\" content=\"D\u00e9couvrez tous les produits d\u00e9clin\u00e9s du design original &quot;Encre&quot; de Minakani pour Impression Originale. Fabrication fran\u00e7aise. Impression Originale.\" \/>\n<meta property=\"og:url\" content=\"https:\/\/www.impressionoriginale.com\/fr\/produit\/par-design-encre\/\" \/>\n<meta property=\"og:site_name\" content=\"Impression Originale\" \/>\n<meta property=\"article:modified_time\" content=\"2023-11-19T20:23:12+00:00\" \/>\n<meta property=\"og:image\" content=\"https:\/\/www.impressionoriginale.com\/wp-content\/uploads\/2023\/10\/IOR-0065FBOS1C2023_Ink_Gift-Wrap_cameleon_IMPRESSIONORIGINALE.jpg\" \/>\n\t<meta property=\"og:image:width\" content=\"1401\" \/>\n\t<meta property=\"og:image:height\" content=\"2000\" \/>\n\t<meta property=\"og:image:type\" content=\"image\/jpeg\" \/>\n<meta name=\"twitter:card\" content=\"summary_large_image\" \/>\n<script type=\"application\/ld+json\" class=\"yoast-schema-graph\">{\"@context\":\"https:\\\/\\\/schema.org\",\"@graph\":[{\"@type\":\"WebPage\",\"@id\":\"https:\\\/\\\/www.impressionoriginale.com\\\/fr\\\/produit\\\/par-design-encre\\\/\",\"url\":\"https:\\\/\\\/www.impressionoriginale.com\\\/fr\\\/produit\\\/par-design-encre\\\/\",\"name\":\"Par Design Encre I Emballage cadeau de luxe par Impression Originale\",\"isPartOf\":{\"@id\":\"https:\\\/\\\/www.impressionoriginale.com\\\/fr\\\/#website\"},\"primaryImageOfPage\":{\"@id\":\"https:\\\/\\\/www.impressionoriginale.com\\\/fr\\\/produit\\\/par-design-encre\\\/#primaryimage\"},\"image\":{\"@id\":\"https:\\\/\\\/www.impressionoriginale.com\\\/fr\\\/produit\\\/par-design-encre\\\/#primaryimage\"},\"thumbnailUrl\":\"https:\\\/\\\/www.impressionoriginale.com\\\/wp-content\\\/uploads\\\/2023\\\/10\\\/IOR-0065FBOS1C2023_Ink_Gift-Wrap_cameleon_IMPRESSIONORIGINALE.jpg\",\"datePublished\":\"2023-11-19T14:58:52+00:00\",\"dateModified\":\"2023-11-19T20:23:12+00:00\",\"description\":\"D\u00e9couvrez tous les produits d\u00e9clin\u00e9s du design original \\\"Encre\\\" de Minakani pour Impression Originale. Fabrication fran\u00e7aise. Impression Originale.\",\"breadcrumb\":{\"@id\":\"https:\\\/\\\/www.impressionoriginale.com\\\/fr\\\/produit\\\/par-design-encre\\\/#breadcrumb\"},\"inLanguage\":\"fr-FR\",\"potentialAction\":[{\"@type\":\"ReadAction\",\"target\":[\"https:\\\/\\\/www.impressionoriginale.com\\\/fr\\\/produit\\\/par-design-encre\\\/\"]}]},{\"@type\":\"ImageObject\",\"inLanguage\":\"fr-FR\",\"@id\":\"https:\\\/\\\/www.impressionoriginale.com\\\/fr\\\/produit\\\/par-design-encre\\\/#primaryimage\",\"url\":\"https:\\\/\\\/www.impressionoriginale.com\\\/wp-content\\\/uploads\\\/2023\\\/10\\\/IOR-0065FBOS1C2023_Ink_Gift-Wrap_cameleon_IMPRESSIONORIGINALE.jpg\",\"contentUrl\":\"https:\\\/\\\/www.impressionoriginale.com\\\/wp-content\\\/uploads\\\/2023\\\/10\\\/IOR-0065FBOS1C2023_Ink_Gift-Wrap_cameleon_IMPRESSIONORIGINALE.jpg\",\"width\":1401,\"height\":2000,\"caption\":\"IOR0065FBOS1C2023 Ink Gift Wrap Cameleon IMPRESSIONORIGINALE\"},{\"@type\":\"BreadcrumbList\",\"@id\":\"https:\\\/\\\/www.impressionoriginale.com\\\/fr\\\/produit\\\/par-design-encre\\\/#breadcrumb\",\"itemListElement\":[{\"@type\":\"ListItem\",\"position\":1,\"name\":\"Home\",\"item\":\"https:\\\/\\\/www.impressionoriginale.com\\\/fr\\\/\"},{\"@type\":\"ListItem\",\"position\":2,\"name\":\"Boutique\",\"item\":\"https:\\\/\\\/www.impressionoriginale.com\\\/fr\\\/boutique\\\/\"},{\"@type\":\"ListItem\",\"position\":3,\"name\":\"Par Design Encre\"}]},{\"@type\":\"WebSite\",\"@id\":\"https:\\\/\\\/www.impressionoriginale.com\\\/fr\\\/#website\",\"url\":\"https:\\\/\\\/www.impressionoriginale.com\\\/fr\\\/\",\"name\":\"Impression Originale\",\"description\":\"The art of gifting has a new name. The online store for all your wrapping cravings.\",\"publisher\":{\"@id\":\"https:\\\/\\\/www.impressionoriginale.com\\\/fr\\\/#organization\"},\"potentialAction\":[{\"@type\":\"SearchAction\",\"target\":{\"@type\":\"EntryPoint\",\"urlTemplate\":\"https:\\\/\\\/www.impressionoriginale.com\\\/fr\\\/?s={search_term_string}\"},\"query-input\":{\"@type\":\"PropertyValueSpecification\",\"valueRequired\":true,\"valueName\":\"search_term_string\"}}],\"inLanguage\":\"fr-FR\"},{\"@type\":\"Organization\",\"@id\":\"https:\\\/\\\/www.impressionoriginale.com\\\/fr\\\/#organization\",\"name\":\"Impression Originale\",\"url\":\"https:\\\/\\\/www.impressionoriginale.com\\\/fr\\\/\",\"logo\":{\"@type\":\"ImageObject\",\"inLanguage\":\"fr-FR\",\"@id\":\"https:\\\/\\\/www.impressionoriginale.com\\\/fr\\\/#\\\/schema\\\/logo\\\/image\\\/\",\"url\":\"https:\\\/\\\/www.impressionoriginale.com\\\/wp-content\\\/uploads\\\/2021\\\/08\\\/LOGO-2020-BLACK.png\",\"contentUrl\":\"https:\\\/\\\/www.impressionoriginale.com\\\/wp-content\\\/uploads\\\/2021\\\/08\\\/LOGO-2020-BLACK.png\",\"width\":567,\"height\":567,\"caption\":\"Impression Originale\"},\"image\":{\"@id\":\"https:\\\/\\\/www.impressionoriginale.com\\\/fr\\\/#\\\/schema\\\/logo\\\/image\\\/\"}}]}<\/script>\n<!-- \/ Yoast SEO plugin. -->","yoast_head_json":{"title":"Par Design Encre I Emballage cadeau de luxe par Impression Originale","description":"D\u00e9couvrez tous les produits d\u00e9clin\u00e9s du design original \"Encre\" de Minakani pour Impression Originale. Fabrication fran\u00e7aise. Impression Originale.","robots":{"index":"index","follow":"follow","max-snippet":"max-snippet:-1","max-image-preview":"max-image-preview:large","max-video-preview":"max-video-preview:-1"},"canonical":"https:\/\/www.impressionoriginale.com\/fr\/produit\/par-design-encre\/","og_locale":"fr_FR","og_type":"article","og_title":"Par Design Encre I Emballage cadeau de luxe par Impression Originale","og_description":"D\u00e9couvrez tous les produits d\u00e9clin\u00e9s du design original \"Encre\" de Minakani pour Impression Originale. Fabrication fran\u00e7aise. Impression Originale.","og_url":"https:\/\/www.impressionoriginale.com\/fr\/produit\/par-design-encre\/","og_site_name":"Impression Originale","article_modified_time":"2023-11-19T20:23:12+00:00","og_image":[{"width":1401,"height":2000,"url":"https:\/\/www.impressionoriginale.com\/wp-content\/uploads\/2023\/10\/IOR-0065FBOS1C2023_Ink_Gift-Wrap_cameleon_IMPRESSIONORIGINALE.jpg","type":"image\/jpeg"}],"twitter_card":"summary_large_image","schema":{"@context":"https:\/\/schema.org","@graph":[{"@type":"WebPage","@id":"https:\/\/www.impressionoriginale.com\/fr\/produit\/par-design-encre\/","url":"https:\/\/www.impressionoriginale.com\/fr\/produit\/par-design-encre\/","name":"Par Design Encre I Emballage cadeau de luxe par Impression Originale","isPartOf":{"@id":"https:\/\/www.impressionoriginale.com\/fr\/#website"},"primaryImageOfPage":{"@id":"https:\/\/www.impressionoriginale.com\/fr\/produit\/par-design-encre\/#primaryimage"},"image":{"@id":"https:\/\/www.impressionoriginale.com\/fr\/produit\/par-design-encre\/#primaryimage"},"thumbnailUrl":"https:\/\/www.impressionoriginale.com\/wp-content\/uploads\/2023\/10\/IOR-0065FBOS1C2023_Ink_Gift-Wrap_cameleon_IMPRESSIONORIGINALE.jpg","datePublished":"2023-11-19T14:58:52+00:00","dateModified":"2023-11-19T20:23:12+00:00","description":"D\u00e9couvrez tous les produits d\u00e9clin\u00e9s du design original \"Encre\" de Minakani pour Impression Originale. Fabrication fran\u00e7aise. Impression Originale.","breadcrumb":{"@id":"https:\/\/www.impressionoriginale.com\/fr\/produit\/par-design-encre\/#breadcrumb"},"inLanguage":"fr-FR","potentialAction":[{"@type":"ReadAction","target":["https:\/\/www.impressionoriginale.com\/fr\/produit\/par-design-encre\/"]}]},{"@type":"ImageObject","inLanguage":"fr-FR","@id":"https:\/\/www.impressionoriginale.com\/fr\/produit\/par-design-encre\/#primaryimage","url":"https:\/\/www.impressionoriginale.com\/wp-content\/uploads\/2023\/10\/IOR-0065FBOS1C2023_Ink_Gift-Wrap_cameleon_IMPRESSIONORIGINALE.jpg","contentUrl":"https:\/\/www.impressionoriginale.com\/wp-content\/uploads\/2023\/10\/IOR-0065FBOS1C2023_Ink_Gift-Wrap_cameleon_IMPRESSIONORIGINALE.jpg","width":1401,"height":2000,"caption":"IOR0065FBOS1C2023 Ink Gift Wrap Cameleon IMPRESSIONORIGINALE"},{"@type":"BreadcrumbList","@id":"https:\/\/www.impressionoriginale.com\/fr\/produit\/par-design-encre\/#breadcrumb","itemListElement":[{"@type":"ListItem","position":1,"name":"Home","item":"https:\/\/www.impressionoriginale.com\/fr\/"},{"@type":"ListItem","position":2,"name":"Boutique","item":"https:\/\/www.impressionoriginale.com\/fr\/boutique\/"},{"@type":"ListItem","position":3,"name":"Par Design Encre"}]},{"@type":"WebSite","@id":"https:\/\/www.impressionoriginale.com\/fr\/#website","url":"https:\/\/www.impressionoriginale.com\/fr\/","name":"Impression Originale","description":"The art of gifting has a new name. The online store for all your wrapping cravings.","publisher":{"@id":"https:\/\/www.impressionoriginale.com\/fr\/#organization"},"potentialAction":[{"@type":"SearchAction","target":{"@type":"EntryPoint","urlTemplate":"https:\/\/www.impressionoriginale.com\/fr\/?s={search_term_string}"},"query-input":{"@type":"PropertyValueSpecification","valueRequired":true,"valueName":"search_term_string"}}],"inLanguage":"fr-FR"},{"@type":"Organization","@id":"https:\/\/www.impressionoriginale.com\/fr\/#organization","name":"Impression Originale","url":"https:\/\/www.impressionoriginale.com\/fr\/","logo":{"@type":"ImageObject","inLanguage":"fr-FR","@id":"https:\/\/www.impressionoriginale.com\/fr\/#\/schema\/logo\/image\/","url":"https:\/\/www.impressionoriginale.com\/wp-content\/uploads\/2021\/08\/LOGO-2020-BLACK.png","contentUrl":"https:\/\/www.impressionoriginale.com\/wp-content\/uploads\/2021\/08\/LOGO-2020-BLACK.png","width":567,"height":567,"caption":"Impression Originale"},"image":{"@id":"https:\/\/www.impressionoriginale.com\/fr\/#\/schema\/logo\/image\/"}}]}},"_links":{"self":[{"href":"https:\/\/www.impressionoriginale.com\/fr\/wp-json\/wp\/v2\/product\/11319","targetHints":{"allow":["GET"]}}],"collection":[{"href":"https:\/\/www.impressionoriginale.com\/fr\/wp-json\/wp\/v2\/product"}],"about":[{"href":"https:\/\/www.impressionoriginale.com\/fr\/wp-json\/wp\/v2\/types\/product"}],"wp:featuredmedia":[{"embeddable":true,"href":"https:\/\/www.impressionoriginale.com\/fr\/wp-json\/wp\/v2\/media\/11157"}],"wp:attachment":[{"href":"https:\/\/www.impressionoriginale.com\/fr\/wp-json\/wp\/v2\/media?parent=11319"}],"wp:term":[{"taxonomy":"product_brand","embeddable":true,"href":"https:\/\/www.impressionoriginale.com\/fr\/wp-json\/wp\/v2\/product_brand?post=11319"},{"taxonomy":"product_cat","embeddable":true,"href":"https:\/\/www.impressionoriginale.com\/fr\/wp-json\/wp\/v2\/product_cat?post=11319"},{"taxonomy":"product_tag","embeddable":true,"href":"https:\/\/www.impressionoriginale.com\/fr\/wp-json\/wp\/v2\/product_tag?post=11319"}],"curies":[{"name":"wp","href":"https:\/\/api.w.org\/{rel}","templated":true}]}}