{"id":11331,"date":"2023-11-19T18:43:27","date_gmt":"2023-11-19T18:43:28","guid":{"rendered":"https:\/\/www.impressionoriginale.com\/?post_type=product&#038;p=11331"},"modified":"2023-11-19T20:19:17","modified_gmt":"2023-11-19T20:19:17","slug":"par-design-la-femme-au-tablier","status":"publish","type":"product","link":"https:\/\/www.impressionoriginale.com\/fr\/produit\/par-design-la-femme-au-tablier\/","title":{"rendered":"Par Design La Femme au tablier"},"content":{"rendered":"<p style=\"padding-left: 30px;\"><strong>PAPIER<\/strong> Cyclus \u2013 100% recycl\u00e9<\/p>\n<p style=\"padding-left: 30px;\"><strong>ENCRE<\/strong> PANTONE m\u00e9tallique, Offset quadri pleine couleur, s\u00e9chage UV, impression recto-verso<\/p>\n<p style=\"padding-left: 30px;\"><strong>ORIGINE<\/strong> Angers, France<\/p>\n<p>\u00a0<\/p>\n<p>Dessin\u00e9s par nos artistes du monde entier et mis sous pli \u00e0 la main par nos petites f\u00e9es \u00e0 Angers, France. Nos papiers cadeaux et rubans vont sublimer vos cadeaux \u00e0 la perfection et peuvent aussi s\u2019offrir \u00e0 toutes vos autres utilisations cr\u00e9atives, comme la reliure ou les projets artistiques. Laissez nos papiers vous inspirer, et laissez parler votre cr\u00e9ativit\u00e9\u2026<\/p>\n<p><em>\u00ab\u00a0Faites de beaux cadeaux et faites des heureux !\u00a0\u00bb <\/em><\/p>\n\n\n","protected":false},"excerpt":{"rendered":"<p><strong>BNF<\/strong><\/p>\n<h5><em>La Femme au tablier<\/em> Design<\/h5>\n<p style=\"text-align: justify;\">Une femme au tablier s\u2019approche les bras charg\u00e9s d\u2019une pile d\u2019assiettes, toutes plus belles les unes que les autres. Elle dresse la table comme on ex\u00e9cute un ballet, le geste parfait, la gr\u00e2ce qui suspend le temps, l\u2019air de ne pas y penser. Ses cheveux, attach\u00e9s dans un chignon l\u00e2che, renvoient l\u2019\u00e9clat de la lumi\u00e8re. Quand son regard se pose sur vous, c\u2019est trop tard. Vous \u00eates d\u00e9j\u00e0 fou d\u2019elle.<\/p>\n<p style=\"text-align: center;\"><em>Note : <\/em><\/p>\n<p style=\"text-align: center;\"><em>Nos pochettes cadeaux et nos bo\u00eetes sont envoy\u00e9es \u00e0 plat, sous calque. <\/em><\/p>\n<p style=\"text-align: center;\"><em>Tous nos papiers cadeaux sont envoy\u00e9s roul\u00e9s soigneusement dans un tube. <\/em><\/p>\n<p style=\"text-align: center;\"><em>Nos noeuds sont envoy\u00e9s dans une pochette de protection individuelle.<\/em><\/p>\n","protected":false},"featured_media":10822,"template":"","meta":[],"product_brand":[],"product_cat":[1085],"product_tag":[1114,88,1137],"class_list":{"0":"post-11331","1":"product","2":"type-product","3":"status-publish","4":"has-post-thumbnail","6":"product_cat-par-design","7":"product_tag-bnf","8":"product_tag-impression-originale-fr-2","9":"product_tag-par-design-fr","11":"first","12":"instock","13":"sold-individually","14":"taxable","15":"shipping-taxable","16":"purchasable","17":"product-type-bundle"},"bundled_by":[],"bundle_stock_status":"instock","bundle_stock_quantity":28,"bundle_virtual":false,"bundle_layout":"default","bundle_add_to_cart_form_location":"default","bundle_editable_in_cart":false,"bundle_sold_individually_context":"product","bundle_item_grouping":"parent","bundle_min_size":"","bundle_max_size":"","bundle_price":{"price":{"min":{"incl_tax":"0.00","excl_tax":"0.00"},"max":{"incl_tax":"","excl_tax":""}},"regular_price":{"min":{"incl_tax":"0.00","excl_tax":"0.00"},"max":{"incl_tax":"","excl_tax":""}}},"bundled_items":[{"bundled_item_id":1786,"product_id":10674,"menu_order":0,"quantity_min":1,"quantity_max":"","quantity_default":1,"priced_individually":true,"shipped_individually":false,"override_title":false,"title":"La femme au tablier Papier Cadeau","override_description":true,"description":"70x100cm (feuille XL, roul\u00e9e)","optional":true,"hide_thumbnail":false,"discount":"","override_variations":false,"allowed_variations":[""],"override_default_variation_attributes":false,"default_variation_attributes":[],"single_product_visibility":"visible","cart_visibility":"visible","order_visibility":"visible","single_product_price_visibility":"visible","cart_price_visibility":"visible","order_price_visibility":"visible","stock_status":"in_stock"},{"bundled_item_id":1787,"product_id":10988,"menu_order":1,"quantity_min":1,"quantity_max":"","quantity_default":1,"priced_individually":true,"shipped_individually":false,"override_title":false,"title":"La femme au tablier pochette cadeau (S)","override_description":true,"description":"Taille S [12,5 (L) x 9 (l) x 3,6 \u2117 cm]","optional":true,"hide_thumbnail":false,"discount":"","override_variations":false,"allowed_variations":[""],"override_default_variation_attributes":false,"default_variation_attributes":[],"single_product_visibility":"visible","cart_visibility":"visible","order_visibility":"visible","single_product_price_visibility":"visible","cart_price_visibility":"visible","order_price_visibility":"visible","stock_status":"in_stock"}],"bundle_sell_ids":[],"yoast_head":"<!-- This site is optimized with the Yoast SEO plugin v27.5 - https:\/\/yoast.com\/product\/yoast-seo-wordpress\/ -->\n<title>Par Design La Femme au tablier I Emballage cadeau de luxe par Impression Originale<\/title>\n<meta name=\"description\" content=\"D\u00e9couvrez tous les produits d\u00e9clin\u00e9s du design original &quot;la Femme au tablier&quot; de la BNF en reproduction exclusive pour Impression Originale. Reproduction exclusive. Fabrication fran\u00e7aise. Impression Originale\" \/>\n<meta name=\"robots\" content=\"index, follow, max-snippet:-1, max-image-preview:large, max-video-preview:-1\" \/>\n<link rel=\"canonical\" href=\"https:\/\/www.impressionoriginale.com\/fr\/produit\/par-design-la-femme-au-tablier\/\" \/>\n<meta property=\"og:locale\" content=\"fr_FR\" \/>\n<meta property=\"og:type\" content=\"article\" \/>\n<meta property=\"og:title\" content=\"Par Design La Femme au tablier I Emballage cadeau de luxe par Impression Originale\" \/>\n<meta property=\"og:description\" content=\"D\u00e9couvrez tous les produits d\u00e9clin\u00e9s du design original &quot;la Femme au tablier&quot; de la BNF en reproduction exclusive pour Impression Originale. Reproduction exclusive. Fabrication fran\u00e7aise. Impression Originale\" \/>\n<meta property=\"og:url\" content=\"https:\/\/www.impressionoriginale.com\/fr\/produit\/par-design-la-femme-au-tablier\/\" \/>\n<meta property=\"og:site_name\" content=\"Impression Originale\" \/>\n<meta property=\"article:modified_time\" content=\"2023-11-19T20:19:17+00:00\" \/>\n<meta property=\"og:image\" content=\"https:\/\/www.impressionoriginale.com\/wp-content\/uploads\/2023\/07\/IOR-0060BNFS1C2022_THE_Woman_with_the_apron_gift_wrap_cameleon_IMPRESSION.ORIGINALE029.jpg\" \/>\n\t<meta property=\"og:image:width\" content=\"1000\" \/>\n\t<meta property=\"og:image:height\" content=\"1500\" \/>\n\t<meta property=\"og:image:type\" content=\"image\/jpeg\" \/>\n<meta name=\"twitter:card\" content=\"summary_large_image\" \/>\n<script type=\"application\/ld+json\" class=\"yoast-schema-graph\">{\"@context\":\"https:\\\/\\\/schema.org\",\"@graph\":[{\"@type\":\"WebPage\",\"@id\":\"https:\\\/\\\/www.impressionoriginale.com\\\/fr\\\/produit\\\/par-design-la-femme-au-tablier\\\/\",\"url\":\"https:\\\/\\\/www.impressionoriginale.com\\\/fr\\\/produit\\\/par-design-la-femme-au-tablier\\\/\",\"name\":\"Par Design La Femme au tablier I Emballage cadeau de luxe par Impression Originale\",\"isPartOf\":{\"@id\":\"https:\\\/\\\/www.impressionoriginale.com\\\/fr\\\/#website\"},\"primaryImageOfPage\":{\"@id\":\"https:\\\/\\\/www.impressionoriginale.com\\\/fr\\\/produit\\\/par-design-la-femme-au-tablier\\\/#primaryimage\"},\"image\":{\"@id\":\"https:\\\/\\\/www.impressionoriginale.com\\\/fr\\\/produit\\\/par-design-la-femme-au-tablier\\\/#primaryimage\"},\"thumbnailUrl\":\"https:\\\/\\\/www.impressionoriginale.com\\\/wp-content\\\/uploads\\\/2023\\\/07\\\/IOR-0060BNFS1C2022_THE_Woman_with_the_apron_gift_wrap_cameleon_IMPRESSION.ORIGINALE029.jpg\",\"datePublished\":\"2023-11-19T18:43:28+00:00\",\"dateModified\":\"2023-11-19T20:19:17+00:00\",\"description\":\"D\u00e9couvrez tous les produits d\u00e9clin\u00e9s du design original \\\"la Femme au tablier\\\" de la BNF en reproduction exclusive pour Impression Originale. Reproduction exclusive. Fabrication fran\u00e7aise. Impression Originale\",\"breadcrumb\":{\"@id\":\"https:\\\/\\\/www.impressionoriginale.com\\\/fr\\\/produit\\\/par-design-la-femme-au-tablier\\\/#breadcrumb\"},\"inLanguage\":\"fr-FR\",\"potentialAction\":[{\"@type\":\"ReadAction\",\"target\":[\"https:\\\/\\\/www.impressionoriginale.com\\\/fr\\\/produit\\\/par-design-la-femme-au-tablier\\\/\"]}]},{\"@type\":\"ImageObject\",\"inLanguage\":\"fr-FR\",\"@id\":\"https:\\\/\\\/www.impressionoriginale.com\\\/fr\\\/produit\\\/par-design-la-femme-au-tablier\\\/#primaryimage\",\"url\":\"https:\\\/\\\/www.impressionoriginale.com\\\/wp-content\\\/uploads\\\/2023\\\/07\\\/IOR-0060BNFS1C2022_THE_Woman_with_the_apron_gift_wrap_cameleon_IMPRESSION.ORIGINALE029.jpg\",\"contentUrl\":\"https:\\\/\\\/www.impressionoriginale.com\\\/wp-content\\\/uploads\\\/2023\\\/07\\\/IOR-0060BNFS1C2022_THE_Woman_with_the_apron_gift_wrap_cameleon_IMPRESSION.ORIGINALE029.jpg\",\"width\":1000,\"height\":1500},{\"@type\":\"BreadcrumbList\",\"@id\":\"https:\\\/\\\/www.impressionoriginale.com\\\/fr\\\/produit\\\/par-design-la-femme-au-tablier\\\/#breadcrumb\",\"itemListElement\":[{\"@type\":\"ListItem\",\"position\":1,\"name\":\"Home\",\"item\":\"https:\\\/\\\/www.impressionoriginale.com\\\/fr\\\/\"},{\"@type\":\"ListItem\",\"position\":2,\"name\":\"Boutique\",\"item\":\"https:\\\/\\\/www.impressionoriginale.com\\\/fr\\\/boutique\\\/\"},{\"@type\":\"ListItem\",\"position\":3,\"name\":\"Par Design La Femme au tablier\"}]},{\"@type\":\"WebSite\",\"@id\":\"https:\\\/\\\/www.impressionoriginale.com\\\/fr\\\/#website\",\"url\":\"https:\\\/\\\/www.impressionoriginale.com\\\/fr\\\/\",\"name\":\"Impression Originale\",\"description\":\"The art of gifting has a new name. The online store for all your wrapping cravings.\",\"publisher\":{\"@id\":\"https:\\\/\\\/www.impressionoriginale.com\\\/fr\\\/#organization\"},\"potentialAction\":[{\"@type\":\"SearchAction\",\"target\":{\"@type\":\"EntryPoint\",\"urlTemplate\":\"https:\\\/\\\/www.impressionoriginale.com\\\/fr\\\/?s={search_term_string}\"},\"query-input\":{\"@type\":\"PropertyValueSpecification\",\"valueRequired\":true,\"valueName\":\"search_term_string\"}}],\"inLanguage\":\"fr-FR\"},{\"@type\":\"Organization\",\"@id\":\"https:\\\/\\\/www.impressionoriginale.com\\\/fr\\\/#organization\",\"name\":\"Impression Originale\",\"url\":\"https:\\\/\\\/www.impressionoriginale.com\\\/fr\\\/\",\"logo\":{\"@type\":\"ImageObject\",\"inLanguage\":\"fr-FR\",\"@id\":\"https:\\\/\\\/www.impressionoriginale.com\\\/fr\\\/#\\\/schema\\\/logo\\\/image\\\/\",\"url\":\"https:\\\/\\\/www.impressionoriginale.com\\\/wp-content\\\/uploads\\\/2021\\\/08\\\/LOGO-2020-BLACK.png\",\"contentUrl\":\"https:\\\/\\\/www.impressionoriginale.com\\\/wp-content\\\/uploads\\\/2021\\\/08\\\/LOGO-2020-BLACK.png\",\"width\":567,\"height\":567,\"caption\":\"Impression Originale\"},\"image\":{\"@id\":\"https:\\\/\\\/www.impressionoriginale.com\\\/fr\\\/#\\\/schema\\\/logo\\\/image\\\/\"}}]}<\/script>\n<!-- \/ Yoast SEO plugin. -->","yoast_head_json":{"title":"Par Design La Femme au tablier I Emballage cadeau de luxe par Impression Originale","description":"D\u00e9couvrez tous les produits d\u00e9clin\u00e9s du design original \"la Femme au tablier\" de la BNF en reproduction exclusive pour Impression Originale. Reproduction exclusive. Fabrication fran\u00e7aise. Impression Originale","robots":{"index":"index","follow":"follow","max-snippet":"max-snippet:-1","max-image-preview":"max-image-preview:large","max-video-preview":"max-video-preview:-1"},"canonical":"https:\/\/www.impressionoriginale.com\/fr\/produit\/par-design-la-femme-au-tablier\/","og_locale":"fr_FR","og_type":"article","og_title":"Par Design La Femme au tablier I Emballage cadeau de luxe par Impression Originale","og_description":"D\u00e9couvrez tous les produits d\u00e9clin\u00e9s du design original \"la Femme au tablier\" de la BNF en reproduction exclusive pour Impression Originale. Reproduction exclusive. Fabrication fran\u00e7aise. Impression Originale","og_url":"https:\/\/www.impressionoriginale.com\/fr\/produit\/par-design-la-femme-au-tablier\/","og_site_name":"Impression Originale","article_modified_time":"2023-11-19T20:19:17+00:00","og_image":[{"width":1000,"height":1500,"url":"https:\/\/www.impressionoriginale.com\/wp-content\/uploads\/2023\/07\/IOR-0060BNFS1C2022_THE_Woman_with_the_apron_gift_wrap_cameleon_IMPRESSION.ORIGINALE029.jpg","type":"image\/jpeg"}],"twitter_card":"summary_large_image","schema":{"@context":"https:\/\/schema.org","@graph":[{"@type":"WebPage","@id":"https:\/\/www.impressionoriginale.com\/fr\/produit\/par-design-la-femme-au-tablier\/","url":"https:\/\/www.impressionoriginale.com\/fr\/produit\/par-design-la-femme-au-tablier\/","name":"Par Design La Femme au tablier I Emballage cadeau de luxe par Impression Originale","isPartOf":{"@id":"https:\/\/www.impressionoriginale.com\/fr\/#website"},"primaryImageOfPage":{"@id":"https:\/\/www.impressionoriginale.com\/fr\/produit\/par-design-la-femme-au-tablier\/#primaryimage"},"image":{"@id":"https:\/\/www.impressionoriginale.com\/fr\/produit\/par-design-la-femme-au-tablier\/#primaryimage"},"thumbnailUrl":"https:\/\/www.impressionoriginale.com\/wp-content\/uploads\/2023\/07\/IOR-0060BNFS1C2022_THE_Woman_with_the_apron_gift_wrap_cameleon_IMPRESSION.ORIGINALE029.jpg","datePublished":"2023-11-19T18:43:28+00:00","dateModified":"2023-11-19T20:19:17+00:00","description":"D\u00e9couvrez tous les produits d\u00e9clin\u00e9s du design original \"la Femme au tablier\" de la BNF en reproduction exclusive pour Impression Originale. Reproduction exclusive. Fabrication fran\u00e7aise. Impression Originale","breadcrumb":{"@id":"https:\/\/www.impressionoriginale.com\/fr\/produit\/par-design-la-femme-au-tablier\/#breadcrumb"},"inLanguage":"fr-FR","potentialAction":[{"@type":"ReadAction","target":["https:\/\/www.impressionoriginale.com\/fr\/produit\/par-design-la-femme-au-tablier\/"]}]},{"@type":"ImageObject","inLanguage":"fr-FR","@id":"https:\/\/www.impressionoriginale.com\/fr\/produit\/par-design-la-femme-au-tablier\/#primaryimage","url":"https:\/\/www.impressionoriginale.com\/wp-content\/uploads\/2023\/07\/IOR-0060BNFS1C2022_THE_Woman_with_the_apron_gift_wrap_cameleon_IMPRESSION.ORIGINALE029.jpg","contentUrl":"https:\/\/www.impressionoriginale.com\/wp-content\/uploads\/2023\/07\/IOR-0060BNFS1C2022_THE_Woman_with_the_apron_gift_wrap_cameleon_IMPRESSION.ORIGINALE029.jpg","width":1000,"height":1500},{"@type":"BreadcrumbList","@id":"https:\/\/www.impressionoriginale.com\/fr\/produit\/par-design-la-femme-au-tablier\/#breadcrumb","itemListElement":[{"@type":"ListItem","position":1,"name":"Home","item":"https:\/\/www.impressionoriginale.com\/fr\/"},{"@type":"ListItem","position":2,"name":"Boutique","item":"https:\/\/www.impressionoriginale.com\/fr\/boutique\/"},{"@type":"ListItem","position":3,"name":"Par Design La Femme au tablier"}]},{"@type":"WebSite","@id":"https:\/\/www.impressionoriginale.com\/fr\/#website","url":"https:\/\/www.impressionoriginale.com\/fr\/","name":"Impression Originale","description":"The art of gifting has a new name. The online store for all your wrapping cravings.","publisher":{"@id":"https:\/\/www.impressionoriginale.com\/fr\/#organization"},"potentialAction":[{"@type":"SearchAction","target":{"@type":"EntryPoint","urlTemplate":"https:\/\/www.impressionoriginale.com\/fr\/?s={search_term_string}"},"query-input":{"@type":"PropertyValueSpecification","valueRequired":true,"valueName":"search_term_string"}}],"inLanguage":"fr-FR"},{"@type":"Organization","@id":"https:\/\/www.impressionoriginale.com\/fr\/#organization","name":"Impression Originale","url":"https:\/\/www.impressionoriginale.com\/fr\/","logo":{"@type":"ImageObject","inLanguage":"fr-FR","@id":"https:\/\/www.impressionoriginale.com\/fr\/#\/schema\/logo\/image\/","url":"https:\/\/www.impressionoriginale.com\/wp-content\/uploads\/2021\/08\/LOGO-2020-BLACK.png","contentUrl":"https:\/\/www.impressionoriginale.com\/wp-content\/uploads\/2021\/08\/LOGO-2020-BLACK.png","width":567,"height":567,"caption":"Impression Originale"},"image":{"@id":"https:\/\/www.impressionoriginale.com\/fr\/#\/schema\/logo\/image\/"}}]}},"_links":{"self":[{"href":"https:\/\/www.impressionoriginale.com\/fr\/wp-json\/wp\/v2\/product\/11331","targetHints":{"allow":["GET"]}}],"collection":[{"href":"https:\/\/www.impressionoriginale.com\/fr\/wp-json\/wp\/v2\/product"}],"about":[{"href":"https:\/\/www.impressionoriginale.com\/fr\/wp-json\/wp\/v2\/types\/product"}],"wp:featuredmedia":[{"embeddable":true,"href":"https:\/\/www.impressionoriginale.com\/fr\/wp-json\/wp\/v2\/media\/10822"}],"wp:attachment":[{"href":"https:\/\/www.impressionoriginale.com\/fr\/wp-json\/wp\/v2\/media?parent=11331"}],"wp:term":[{"taxonomy":"product_brand","embeddable":true,"href":"https:\/\/www.impressionoriginale.com\/fr\/wp-json\/wp\/v2\/product_brand?post=11331"},{"taxonomy":"product_cat","embeddable":true,"href":"https:\/\/www.impressionoriginale.com\/fr\/wp-json\/wp\/v2\/product_cat?post=11331"},{"taxonomy":"product_tag","embeddable":true,"href":"https:\/\/www.impressionoriginale.com\/fr\/wp-json\/wp\/v2\/product_tag?post=11331"}],"curies":[{"name":"wp","href":"https:\/\/api.w.org\/{rel}","templated":true}]}}