{"id":11536,"date":"2024-06-06T06:46:52","date_gmt":"2024-06-06T06:46:53","guid":{"rendered":"https:\/\/www.impressionoriginale.com\/?post_type=product&#038;p=11536"},"modified":"2024-06-06T09:35:40","modified_gmt":"2024-06-06T09:35:40","slug":"pochette-cadeau-cuir-or-s","status":"publish","type":"product","link":"https:\/\/www.impressionoriginale.com\/fr\/produit\/pochette-cadeau-cuir-or-s\/","title":{"rendered":"Pochette Cadeau Cuir Or (S)"},"content":{"rendered":"<p style=\"padding-left: 30px;\"><strong>POIDS\u00a0 \u00a0 \u00a0 \u00a0 \u00a0 \u00a0 \u00a0 \u00a0 \u00a0 \u00a0 \u00a0 \u00a0 \u00a0<\/strong>300 g<\/p>\n<p style=\"padding-left: 30px;\"><strong>DIMENSIONS<\/strong>\u00a0 \u00a0 \u00a0 \u00a0 \u00a0 12x9x5cm (taille S)<\/p>\n<p style=\"padding-left: 30px;\"><strong>CUIR<\/strong>\u00a0 \u00a0 \u00a0 \u00a0 \u00a0 \u00a0 \u00a0 \u00a0 \u00a0 \u00a0 \u00a0 \u00a0 \u00a0 \u00a0 \u00a0Origine Italie, cuir v\u00e9ritable<\/p>\n<p style=\"padding-left: 30px;\"><strong>COULEUR<\/strong> \u00a0 \u00a0 \u00a0 \u00a0 \u00a0 \u00a0 \u00a0 \u00a0 \u00a0Or, int\u00e9rieur-ext\u00e9rieur<\/p>\n<p style=\"padding-left: 30px;\"><strong>ORIGINE<\/strong> \u00a0 \u00a0 \u00a0 \u00a0 \u00a0 \u00a0 \u00a0 \u00a0 \u00a0 \u00a0Paris, France<\/p>\n<p>\u00a0<\/p>\n<p>Nos pochettes cadeaux en cuir sont une exclusivit\u00e9 en partenariat avec L\u2019Ouvreuse. Elles ont \u00e9t\u00e9 design\u00e9es par Impression Originale et r\u00e9alis\u00e9es \u00e0 la main dans un atelier de confection parisien. Elles sont pr\u00eates \u00e0 l\u2019emploi, pour un effet hors du common. Laissez nous vous inspirer, et laissez parler votre cr\u00e9ativit\u00e9\u2026<\/p>\n<p><em>\u00ab\u00a0Faites de beaux cadeaux et faites des heureux !\u00a0\u00bb<\/em><\/p>\n\n\n","protected":false},"excerpt":{"rendered":"<p><strong>Impression Originale<\/strong><\/p>\n<h5>Pochette Cadeau Cuir &#8211; Or<\/h5>\n<p>Taille S [12 (hauteur) x 9 (largeur) x 5 (soufflet) cm ]<\/p>\n<p>N\u00e9e de la rencontre avec l&rsquo;Ouvreuse, une marque parisienne sp\u00e9cialis\u00e9e dans la maroquinerie pointue, l&rsquo;id\u00e9e d&rsquo;une mini pochette cadeau en cuir s&rsquo;est impos\u00e9e. Le cuir est s\u00e9lectionn\u00e9 et teint\u00e9 en Italie. La confection des pochettes est r\u00e9alis\u00e9e \u00e0 la main dans un atelier parisien sp\u00e9cialis\u00e9, valorisant ainsi notre savoir-faire fran\u00e7ais. Une fois offerte, la petite pochette cadeau en cuir peut se transformer de multiples fa\u00e7ons : une petite pochette de rangement pour le maquillage ou un petit sac pour des soir\u00e9es festives. Quoiqu&rsquo;il en soit, cette pochette cadeau saura surprendre et prot\u00e9ger vos plus beaux cadeaux pr\u00e9cieux.<\/p>\n<p>Disponible dans 2 autres coloris : <a href=\"https:\/\/www.impressionoriginale.com\/fr\/produit\/pochette-cadeau-cuir-bleu-s\/\" target=\"_blank\" rel=\"noopener\"><strong>bleu<\/strong><\/a> et <a href=\"https:\/\/www.impressionoriginale.com\/fr\/produit\/pochette-cadeau-cuir-bleu-glacier-s\/\" target=\"_blank\" rel=\"noopener\"><strong>bleu glacier<\/strong><\/a>.<\/p>\n<p>D\u00e9tails techniques :<\/p>\n<ul style=\"list-style-type: disc;\">\n<li>12 x 9 (5cm soufflet)<\/li>\n<li>300 g<\/li>\n<li>Doubl\u00e9 cuir int\u00e9rieur, ext\u00e9rieur<\/li>\n<li>Fait main<\/li>\n<\/ul>\n<p style=\"text-align: center;\"><em>Note : La pochette cadeau en cuir est envoy\u00e9e dans un pochon protecteur.<\/em><\/p>\n","protected":false},"featured_media":11560,"template":"","meta":[],"product_brand":[],"product_cat":[863,618],"product_tag":[88,366,814,815],"class_list":{"0":"post-11536","1":"product","2":"type-product","3":"status-publish","4":"has-post-thumbnail","6":"product_cat-pochette-cadeau","7":"product_cat-pochette-boite","8":"product_tag-impression-originale-fr-2","9":"product_tag-minakani-fr-2","10":"product_tag-pochette-cadeau-fr","11":"product_tag-taille-m-fr","13":"first","14":"instock","15":"taxable","16":"shipping-taxable","17":"purchasable","18":"product-type-simple"},"bundled_by":[],"bundle_stock_status":"instock","bundle_stock_quantity":22,"bundle_virtual":false,"bundle_layout":"","bundle_add_to_cart_form_location":"","bundle_editable_in_cart":false,"bundle_sold_individually_context":"","bundle_item_grouping":"","bundle_min_size":"","bundle_max_size":"","bundle_price":[],"bundled_items":[],"bundle_sell_ids":[],"yoast_head":"<!-- This site is optimized with the Yoast SEO plugin v27.3 - https:\/\/yoast.com\/product\/yoast-seo-wordpress\/ -->\n<title>Pochette Cadeau Cuir Or (S) I Emballage cadeau de luxe par Impression Originale<\/title>\n<meta name=\"description\" content=\"Cette pochette cadeau en cuir en finition or par Impression Originale en collaboration avec l&#039;Ouvreuse est cousue \u00e0 la main. Fabrication fran\u00e7aise.\" \/>\n<meta name=\"robots\" content=\"index, follow, max-snippet:-1, max-image-preview:large, max-video-preview:-1\" \/>\n<link rel=\"canonical\" href=\"https:\/\/www.impressionoriginale.com\/fr\/produit\/pochette-cadeau-cuir-or-s\/\" \/>\n<meta property=\"og:locale\" content=\"fr_FR\" \/>\n<meta property=\"og:type\" content=\"article\" \/>\n<meta property=\"og:title\" content=\"Pochette Cadeau Cuir Or (S) I Emballage cadeau de luxe par Impression Originale\" \/>\n<meta property=\"og:description\" content=\"Cette pochette cadeau en cuir en finition or par Impression Originale en collaboration avec l&#039;Ouvreuse est cousue \u00e0 la main. Fabrication fran\u00e7aise.\" \/>\n<meta property=\"og:url\" content=\"https:\/\/www.impressionoriginale.com\/fr\/produit\/pochette-cadeau-cuir-or-s\/\" \/>\n<meta property=\"og:site_name\" content=\"Impression Originale\" \/>\n<meta property=\"article:modified_time\" content=\"2024-06-06T09:35:40+00:00\" \/>\n<meta property=\"og:image\" content=\"https:\/\/www.impressionoriginale.com\/wp-content\/uploads\/2024\/06\/IOR-POCC9125DOR_Gold_Leather_Bag_IMPRESSIONORIGINALE.jpg\" \/>\n\t<meta property=\"og:image:width\" content=\"1335\" \/>\n\t<meta property=\"og:image:height\" content=\"2000\" \/>\n\t<meta property=\"og:image:type\" content=\"image\/jpeg\" \/>\n<meta name=\"twitter:card\" content=\"summary_large_image\" \/>\n<script type=\"application\/ld+json\" class=\"yoast-schema-graph\">{\"@context\":\"https:\\\/\\\/schema.org\",\"@graph\":[{\"@type\":\"WebPage\",\"@id\":\"https:\\\/\\\/www.impressionoriginale.com\\\/fr\\\/produit\\\/pochette-cadeau-cuir-or-s\\\/\",\"url\":\"https:\\\/\\\/www.impressionoriginale.com\\\/fr\\\/produit\\\/pochette-cadeau-cuir-or-s\\\/\",\"name\":\"Pochette Cadeau Cuir Or (S) I Emballage cadeau de luxe par Impression Originale\",\"isPartOf\":{\"@id\":\"https:\\\/\\\/www.impressionoriginale.com\\\/fr\\\/#website\"},\"primaryImageOfPage\":{\"@id\":\"https:\\\/\\\/www.impressionoriginale.com\\\/fr\\\/produit\\\/pochette-cadeau-cuir-or-s\\\/#primaryimage\"},\"image\":{\"@id\":\"https:\\\/\\\/www.impressionoriginale.com\\\/fr\\\/produit\\\/pochette-cadeau-cuir-or-s\\\/#primaryimage\"},\"thumbnailUrl\":\"https:\\\/\\\/www.impressionoriginale.com\\\/wp-content\\\/uploads\\\/2024\\\/06\\\/IOR-POCC9125DOR_Gold_Leather_Bag_IMPRESSIONORIGINALE.jpg\",\"datePublished\":\"2024-06-06T06:46:53+00:00\",\"dateModified\":\"2024-06-06T09:35:40+00:00\",\"description\":\"Cette pochette cadeau en cuir en finition or par Impression Originale en collaboration avec l'Ouvreuse est cousue \u00e0 la main. Fabrication fran\u00e7aise.\",\"breadcrumb\":{\"@id\":\"https:\\\/\\\/www.impressionoriginale.com\\\/fr\\\/produit\\\/pochette-cadeau-cuir-or-s\\\/#breadcrumb\"},\"inLanguage\":\"fr-FR\",\"potentialAction\":[{\"@type\":\"ReadAction\",\"target\":[\"https:\\\/\\\/www.impressionoriginale.com\\\/fr\\\/produit\\\/pochette-cadeau-cuir-or-s\\\/\"]}]},{\"@type\":\"ImageObject\",\"inLanguage\":\"fr-FR\",\"@id\":\"https:\\\/\\\/www.impressionoriginale.com\\\/fr\\\/produit\\\/pochette-cadeau-cuir-or-s\\\/#primaryimage\",\"url\":\"https:\\\/\\\/www.impressionoriginale.com\\\/wp-content\\\/uploads\\\/2024\\\/06\\\/IOR-POCC9125DOR_Gold_Leather_Bag_IMPRESSIONORIGINALE.jpg\",\"contentUrl\":\"https:\\\/\\\/www.impressionoriginale.com\\\/wp-content\\\/uploads\\\/2024\\\/06\\\/IOR-POCC9125DOR_Gold_Leather_Bag_IMPRESSIONORIGINALE.jpg\",\"width\":1335,\"height\":2000},{\"@type\":\"BreadcrumbList\",\"@id\":\"https:\\\/\\\/www.impressionoriginale.com\\\/fr\\\/produit\\\/pochette-cadeau-cuir-or-s\\\/#breadcrumb\",\"itemListElement\":[{\"@type\":\"ListItem\",\"position\":1,\"name\":\"Home\",\"item\":\"https:\\\/\\\/www.impressionoriginale.com\\\/fr\\\/\"},{\"@type\":\"ListItem\",\"position\":2,\"name\":\"Boutique\",\"item\":\"https:\\\/\\\/www.impressionoriginale.com\\\/fr\\\/boutique\\\/\"},{\"@type\":\"ListItem\",\"position\":3,\"name\":\"Pochette Cadeau Cuir Or (S)\"}]},{\"@type\":\"WebSite\",\"@id\":\"https:\\\/\\\/www.impressionoriginale.com\\\/fr\\\/#website\",\"url\":\"https:\\\/\\\/www.impressionoriginale.com\\\/fr\\\/\",\"name\":\"Impression Originale\",\"description\":\"The art of gifting has a new name. The online store for all your wrapping cravings.\",\"publisher\":{\"@id\":\"https:\\\/\\\/www.impressionoriginale.com\\\/fr\\\/#organization\"},\"potentialAction\":[{\"@type\":\"SearchAction\",\"target\":{\"@type\":\"EntryPoint\",\"urlTemplate\":\"https:\\\/\\\/www.impressionoriginale.com\\\/fr\\\/?s={search_term_string}\"},\"query-input\":{\"@type\":\"PropertyValueSpecification\",\"valueRequired\":true,\"valueName\":\"search_term_string\"}}],\"inLanguage\":\"fr-FR\"},{\"@type\":\"Organization\",\"@id\":\"https:\\\/\\\/www.impressionoriginale.com\\\/fr\\\/#organization\",\"name\":\"Impression Originale\",\"url\":\"https:\\\/\\\/www.impressionoriginale.com\\\/fr\\\/\",\"logo\":{\"@type\":\"ImageObject\",\"inLanguage\":\"fr-FR\",\"@id\":\"https:\\\/\\\/www.impressionoriginale.com\\\/fr\\\/#\\\/schema\\\/logo\\\/image\\\/\",\"url\":\"https:\\\/\\\/www.impressionoriginale.com\\\/wp-content\\\/uploads\\\/2021\\\/08\\\/LOGO-2020-BLACK.png\",\"contentUrl\":\"https:\\\/\\\/www.impressionoriginale.com\\\/wp-content\\\/uploads\\\/2021\\\/08\\\/LOGO-2020-BLACK.png\",\"width\":567,\"height\":567,\"caption\":\"Impression Originale\"},\"image\":{\"@id\":\"https:\\\/\\\/www.impressionoriginale.com\\\/fr\\\/#\\\/schema\\\/logo\\\/image\\\/\"}}]}<\/script>\n<!-- \/ Yoast SEO plugin. -->","yoast_head_json":{"title":"Pochette Cadeau Cuir Or (S) I Emballage cadeau de luxe par Impression Originale","description":"Cette pochette cadeau en cuir en finition or par Impression Originale en collaboration avec l'Ouvreuse est cousue \u00e0 la main. Fabrication fran\u00e7aise.","robots":{"index":"index","follow":"follow","max-snippet":"max-snippet:-1","max-image-preview":"max-image-preview:large","max-video-preview":"max-video-preview:-1"},"canonical":"https:\/\/www.impressionoriginale.com\/fr\/produit\/pochette-cadeau-cuir-or-s\/","og_locale":"fr_FR","og_type":"article","og_title":"Pochette Cadeau Cuir Or (S) I Emballage cadeau de luxe par Impression Originale","og_description":"Cette pochette cadeau en cuir en finition or par Impression Originale en collaboration avec l'Ouvreuse est cousue \u00e0 la main. Fabrication fran\u00e7aise.","og_url":"https:\/\/www.impressionoriginale.com\/fr\/produit\/pochette-cadeau-cuir-or-s\/","og_site_name":"Impression Originale","article_modified_time":"2024-06-06T09:35:40+00:00","og_image":[{"width":1335,"height":2000,"url":"https:\/\/www.impressionoriginale.com\/wp-content\/uploads\/2024\/06\/IOR-POCC9125DOR_Gold_Leather_Bag_IMPRESSIONORIGINALE.jpg","type":"image\/jpeg"}],"twitter_card":"summary_large_image","schema":{"@context":"https:\/\/schema.org","@graph":[{"@type":"WebPage","@id":"https:\/\/www.impressionoriginale.com\/fr\/produit\/pochette-cadeau-cuir-or-s\/","url":"https:\/\/www.impressionoriginale.com\/fr\/produit\/pochette-cadeau-cuir-or-s\/","name":"Pochette Cadeau Cuir Or (S) I Emballage cadeau de luxe par Impression Originale","isPartOf":{"@id":"https:\/\/www.impressionoriginale.com\/fr\/#website"},"primaryImageOfPage":{"@id":"https:\/\/www.impressionoriginale.com\/fr\/produit\/pochette-cadeau-cuir-or-s\/#primaryimage"},"image":{"@id":"https:\/\/www.impressionoriginale.com\/fr\/produit\/pochette-cadeau-cuir-or-s\/#primaryimage"},"thumbnailUrl":"https:\/\/www.impressionoriginale.com\/wp-content\/uploads\/2024\/06\/IOR-POCC9125DOR_Gold_Leather_Bag_IMPRESSIONORIGINALE.jpg","datePublished":"2024-06-06T06:46:53+00:00","dateModified":"2024-06-06T09:35:40+00:00","description":"Cette pochette cadeau en cuir en finition or par Impression Originale en collaboration avec l'Ouvreuse est cousue \u00e0 la main. Fabrication fran\u00e7aise.","breadcrumb":{"@id":"https:\/\/www.impressionoriginale.com\/fr\/produit\/pochette-cadeau-cuir-or-s\/#breadcrumb"},"inLanguage":"fr-FR","potentialAction":[{"@type":"ReadAction","target":["https:\/\/www.impressionoriginale.com\/fr\/produit\/pochette-cadeau-cuir-or-s\/"]}]},{"@type":"ImageObject","inLanguage":"fr-FR","@id":"https:\/\/www.impressionoriginale.com\/fr\/produit\/pochette-cadeau-cuir-or-s\/#primaryimage","url":"https:\/\/www.impressionoriginale.com\/wp-content\/uploads\/2024\/06\/IOR-POCC9125DOR_Gold_Leather_Bag_IMPRESSIONORIGINALE.jpg","contentUrl":"https:\/\/www.impressionoriginale.com\/wp-content\/uploads\/2024\/06\/IOR-POCC9125DOR_Gold_Leather_Bag_IMPRESSIONORIGINALE.jpg","width":1335,"height":2000},{"@type":"BreadcrumbList","@id":"https:\/\/www.impressionoriginale.com\/fr\/produit\/pochette-cadeau-cuir-or-s\/#breadcrumb","itemListElement":[{"@type":"ListItem","position":1,"name":"Home","item":"https:\/\/www.impressionoriginale.com\/fr\/"},{"@type":"ListItem","position":2,"name":"Boutique","item":"https:\/\/www.impressionoriginale.com\/fr\/boutique\/"},{"@type":"ListItem","position":3,"name":"Pochette Cadeau Cuir Or (S)"}]},{"@type":"WebSite","@id":"https:\/\/www.impressionoriginale.com\/fr\/#website","url":"https:\/\/www.impressionoriginale.com\/fr\/","name":"Impression Originale","description":"The art of gifting has a new name. The online store for all your wrapping cravings.","publisher":{"@id":"https:\/\/www.impressionoriginale.com\/fr\/#organization"},"potentialAction":[{"@type":"SearchAction","target":{"@type":"EntryPoint","urlTemplate":"https:\/\/www.impressionoriginale.com\/fr\/?s={search_term_string}"},"query-input":{"@type":"PropertyValueSpecification","valueRequired":true,"valueName":"search_term_string"}}],"inLanguage":"fr-FR"},{"@type":"Organization","@id":"https:\/\/www.impressionoriginale.com\/fr\/#organization","name":"Impression Originale","url":"https:\/\/www.impressionoriginale.com\/fr\/","logo":{"@type":"ImageObject","inLanguage":"fr-FR","@id":"https:\/\/www.impressionoriginale.com\/fr\/#\/schema\/logo\/image\/","url":"https:\/\/www.impressionoriginale.com\/wp-content\/uploads\/2021\/08\/LOGO-2020-BLACK.png","contentUrl":"https:\/\/www.impressionoriginale.com\/wp-content\/uploads\/2021\/08\/LOGO-2020-BLACK.png","width":567,"height":567,"caption":"Impression Originale"},"image":{"@id":"https:\/\/www.impressionoriginale.com\/fr\/#\/schema\/logo\/image\/"}}]}},"_links":{"self":[{"href":"https:\/\/www.impressionoriginale.com\/fr\/wp-json\/wp\/v2\/product\/11536","targetHints":{"allow":["GET"]}}],"collection":[{"href":"https:\/\/www.impressionoriginale.com\/fr\/wp-json\/wp\/v2\/product"}],"about":[{"href":"https:\/\/www.impressionoriginale.com\/fr\/wp-json\/wp\/v2\/types\/product"}],"wp:featuredmedia":[{"embeddable":true,"href":"https:\/\/www.impressionoriginale.com\/fr\/wp-json\/wp\/v2\/media\/11560"}],"wp:attachment":[{"href":"https:\/\/www.impressionoriginale.com\/fr\/wp-json\/wp\/v2\/media?parent=11536"}],"wp:term":[{"taxonomy":"product_brand","embeddable":true,"href":"https:\/\/www.impressionoriginale.com\/fr\/wp-json\/wp\/v2\/product_brand?post=11536"},{"taxonomy":"product_cat","embeddable":true,"href":"https:\/\/www.impressionoriginale.com\/fr\/wp-json\/wp\/v2\/product_cat?post=11536"},{"taxonomy":"product_tag","embeddable":true,"href":"https:\/\/www.impressionoriginale.com\/fr\/wp-json\/wp\/v2\/product_tag?post=11536"}],"curies":[{"name":"wp","href":"https:\/\/api.w.org\/{rel}","templated":true}]}}