{"id":11739,"date":"2024-07-10T12:09:54","date_gmt":"2024-07-10T12:09:54","guid":{"rendered":"https:\/\/www.impressionoriginale.com\/?post_type=product&#038;p=11739"},"modified":"2025-12-18T09:44:40","modified_gmt":"2025-12-18T09:44:40","slug":"noeud-velours-lie-de-vin-n237","status":"publish","type":"product","link":"https:\/\/www.impressionoriginale.com\/fr\/produit\/noeud-velours-lie-de-vin-n237\/","title":{"rendered":"N\u0153ud velours lie de vin n\u00b0237"},"content":{"rendered":"<div class=\"wpb-content-wrapper\"><p>[vc_row][vc_column width=\u00a0\u00bb2\/3\u2033][vc_column_text]<br>\n<span style=\"font-size: 16px;\">S\u00e9lectionn\u00e9 avec attention, chaque noeud est associ\u00e9 \u00e0 un ou plusieurs papiers. Tous nos noeuds pr\u00eat-\u00e0-poser sont confectionn\u00e9s \u00e0 la main \u00e0 Angers en France.<\/span><\/p>\n<div class=\"eut-section\" data-section-type=\"fullwidth-background\" data-image-type=\"none\" data-full-height=\"no\">\n<div class=\"eut-row eut-bookmark\">\n<div class=\"eut-column wpb_column eut-column-2-3\">\n<div class=\"eut-element eut-text\">\n<p>Chaque n\u0153ud est emball\u00e9 dans du papier de soie et il peut \u00eatre coll\u00e9 sur votre cadeau gr\u00e2ce \u00e0 la gommette double face fournie, seul ou avec le ruban associ\u00e9. Soyez cr\u00e9atif(ve), inspir\u00e9(e) et fa\u00eetes des heureux !<\/p>\n<p style=\"text-align: right;\"><em>\u00ab Aimer ce que vous fa\u00eetes, et fa\u00eetes-le bien \u00bb<\/em><\/p>\n<\/div>\n<\/div>\n<\/div>\n<\/div>\n<p>[\/vc_column_text][\/vc_column][vc_column width=\u00a0\u00bb1\/3\u2033][vc_column_text css=\u00a0\u00bb\u00a0\u00bb]<\/p>\n<table>\n<tbody>\n<tr>\n<td width=\"87\"><strong>POIDS<\/strong><\/td>\n<td width=\"147\">30 g<\/td>\n<\/tr>\n<tr>\n<td width=\"87\"><strong>DIMENSIONS\u00a0<\/strong><\/td>\n<td width=\"147\">12\u00d75 cm<\/td>\n<\/tr>\n<tr>\n<td width=\"87\"><strong>MATIERE<\/strong><\/td>\n<td width=\"147\">Velours<\/td>\n<\/tr>\n<tr>\n<td width=\"87\"><strong>COULEUR \u00a0 \u00a0 \u00a0\u00a0<\/strong><\/td>\n<td width=\"147\">Lie de vin<\/td>\n<\/tr>\n<tr>\n<td width=\"87\"><strong>ORIGINE \u00a0 \u00a0 \u00a0 \u00a0\u00a0<\/strong><\/td>\n<td width=\"147\">France<\/td>\n<\/tr>\n<\/tbody>\n<\/table>\n<p>[\/vc_column_text][\/vc_column][\/vc_row][vc_row][vc_column][vc_column_text css=\u00a0\u00bb\u00a0\u00bb]<\/p>\n<table width=\"40%\">\n<tbody>\n<tr>\n<td width=\"62%\"><strong>COULEUR<\/strong>\n<p><strong>Noeud velours smoking pr\u00eat-\u00e0-poser<\/strong><\/p><\/td>\n<td width=\"35%\"><strong>TAILLE<\/strong>\n<p>(mm)<\/p><\/td>\n<\/tr>\n<tr>\n<td width=\"62%\"><a href=\"https:\/\/www.impressionoriginale.com\/fr\/produit\/noeud-velours-bleu-cobalt-n422-l\/\">Bleu cobalt<\/a><\/td>\n<td width=\"35%\">L<\/td>\n<\/tr>\n<tr>\n<td width=\"62%\"><a href=\"https:\/\/www.impressionoriginale.com\/fr\/produit\/noeud-velours-framboise-ecrasee-n250-l\/\">Framboise \u00e9cras\u00e9e<\/a><\/td>\n<td width=\"35%\">L<\/td>\n<\/tr>\n<tr>\n<td width=\"62%\"><a href=\"https:\/\/www.impressionoriginale.com\/fr\/produit\/noeud-velours-lapis-lazuli-n361\/\">Lapis-Lazuli<\/a><\/td>\n<td width=\"35%\">L<\/td>\n<\/tr>\n<tr>\n<td width=\"62%\"><a href=\"https:\/\/www.impressionoriginale.com\/fr\/produit\/noeud-velours-lavande-n302-l\/\">Lavande<\/a><\/td>\n<td width=\"35%\">L<\/td>\n<\/tr>\n<tr>\n<td width=\"62%\"><a href=\"https:\/\/www.impressionoriginale.com\/fr\/produit\/noeud-velours-lie-de-vin-n237\/\">Lie de vin<\/a><\/td>\n<td width=\"35%\">L<\/td>\n<\/tr>\n<tr>\n<td width=\"62%\"><a href=\"https:\/\/www.impressionoriginale.com\/fr\/produit\/noeud-velours-moutard-n287-l\/\">Moutarde<\/a><\/td>\n<td width=\"35%\">L<\/td>\n<\/tr>\n<tr>\n<td width=\"62%\"><a href=\"https:\/\/www.impressionoriginale.com\/fr\/produit\/noeud-velours-noir-n233-l\/\">Noir<\/a><\/td>\n<td width=\"35%\">L<\/td>\n<\/tr>\n<tr>\n<td width=\"62%\"><a href=\"https:\/\/www.impressionoriginale.com\/fr\/produit\/noeud-velours-rouge-imperial-n360-l\/\">Rouge imp\u00e9rial<\/a><\/td>\n<td width=\"35%\">L<\/td>\n<\/tr>\n<tr>\n<td width=\"62%\"><a href=\"https:\/\/www.impressionoriginale.com\/fr\/produit\/noeud-velours-vert-amande-n436-l\/\">Vert Amande<\/a><\/td>\n<td width=\"35%\">L<\/td>\n<\/tr>\n<tr>\n<td width=\"62%\"><a href=\"https:\/\/www.impressionoriginale.com\/fr\/produit\/noeud-velours-vert-sapin-n228-l\/\">Vert Sapin<\/a><\/td>\n<td width=\"35%\">L<\/td>\n<\/tr>\n<\/tbody>\n<\/table>\n<p>[\/vc_column_text][\/vc_column][\/vc_row]<\/p>\n\n\n<\/div>","protected":false},"excerpt":{"rendered":"<p><span style=\"color: #000000;\"><strong>Largeur<\/strong> \u00a0 \u00a0 \u00a0 \u00a05 cm<\/span><br \/>\n<span style=\"color: #000000;\"><strong>Longueur<\/strong> \u00a0 \u00a0 12 cm<\/span><br \/>\n<span style=\"color: #000000;\"><strong>Id\u00e9al<\/strong>\u00a0 \u00a0 \u00a0 \u00a0 \u00a0 \u00a0 \u00a0 moyen format<\/span><\/p>\n<p>&nbsp;<\/p>\n<p style=\"text-align: justify;\">Ce grand n\u0153ud velours smoking, pr\u00eat-\u00e0-poser, viendra sublimer vos plus beaux cadeaux. Il vous suffit de le coller sur votre paquet pour un effet couture, toujours parfait.<\/p>\n<p style=\"text-align: justify;\">Nous vous recommandons ce n\u0153ud pr\u00eat-\u00e0-poser avec l&rsquo;une de nos <a href=\"https:\/\/www.impressionoriginale.com\/fr\/pochette-boite\/pochette-cadeau\/\" target=\"_blank\" rel=\"noopener\"><strong>pochettes cadeaux<\/strong><\/a>.<\/p>\n","protected":false},"featured_media":11795,"template":"","meta":[],"product_brand":[],"product_cat":[528,535],"product_tag":[88,1000,783,1146,1002,1147],"class_list":{"0":"post-11739","1":"product","2":"type-product","3":"status-publish","4":"has-post-thumbnail","6":"product_cat-noeud","7":"product_cat-taille-l","8":"product_tag-impression-originale-fr-2","9":"product_tag-made-in-france-fr","10":"product_tag-noeud-fr-2","11":"product_tag-ready-to-bow-fr","12":"product_tag-taille-l-fr","13":"product_tag-velvet-fr","15":"first","16":"instock","17":"taxable","18":"shipping-taxable","19":"purchasable","20":"product-type-simple"},"bundled_by":["11262","12521"],"bundle_stock_status":"instock","bundle_stock_quantity":90,"bundle_virtual":false,"bundle_layout":"","bundle_add_to_cart_form_location":"","bundle_editable_in_cart":false,"bundle_sold_individually_context":"","bundle_item_grouping":"","bundle_min_size":"","bundle_max_size":"","bundle_price":[],"bundled_items":[],"bundle_sell_ids":[],"yoast_head":"<!-- This site is optimized with the Yoast SEO plugin v27.3 - https:\/\/yoast.com\/product\/yoast-seo-wordpress\/ -->\n<title>N\u0153ud velours lie de vin n\u00b0237 - Impression Originale<\/title>\n<meta name=\"description\" content=\"Ce grand n\u0153ud velours smoking lie de vin viendra sublimer vos plus beaux cadeaux. Pr\u00eat \u00e0 poser. Fait main par Impression Originale. Made in France.\" \/>\n<meta name=\"robots\" content=\"index, follow, max-snippet:-1, max-image-preview:large, max-video-preview:-1\" \/>\n<link rel=\"canonical\" href=\"https:\/\/www.impressionoriginale.com\/fr\/produit\/noeud-velours-lie-de-vin-n237\/\" \/>\n<meta property=\"og:locale\" content=\"fr_FR\" \/>\n<meta property=\"og:type\" content=\"article\" \/>\n<meta property=\"og:title\" content=\"N\u0153ud velours lie de vin n\u00b0237 - Impression Originale\" \/>\n<meta property=\"og:description\" content=\"Ce grand n\u0153ud velours smoking lie de vin viendra sublimer vos plus beaux cadeaux. Pr\u00eat \u00e0 poser. Fait main par Impression Originale. Made in France.\" \/>\n<meta property=\"og:url\" content=\"https:\/\/www.impressionoriginale.com\/fr\/produit\/noeud-velours-lie-de-vin-n237\/\" \/>\n<meta property=\"og:site_name\" content=\"Impression Originale\" \/>\n<meta property=\"article:modified_time\" content=\"2025-12-18T09:44:40+00:00\" \/>\n<meta property=\"og:image\" content=\"https:\/\/www.impressionoriginale.com\/wp-content\/uploads\/2024\/07\/IOR-NVEL237VIN50_Burgundy-Velvet-Tuxedo-Bow-n\u00b0237-L_IMPRESSIONORIGINALE-e1720683070711.jpg\" \/>\n\t<meta property=\"og:image:width\" content=\"2000\" \/>\n\t<meta property=\"og:image:height\" content=\"1335\" \/>\n\t<meta property=\"og:image:type\" content=\"image\/jpeg\" \/>\n<meta name=\"twitter:card\" content=\"summary_large_image\" \/>\n<meta name=\"twitter:label1\" content=\"Dur\u00e9e de lecture estim\u00e9e\" \/>\n\t<meta name=\"twitter:data1\" content=\"1 minute\" \/>\n<script type=\"application\/ld+json\" class=\"yoast-schema-graph\">{\"@context\":\"https:\\\/\\\/schema.org\",\"@graph\":[{\"@type\":\"WebPage\",\"@id\":\"https:\\\/\\\/www.impressionoriginale.com\\\/fr\\\/produit\\\/noeud-velours-lie-de-vin-n237\\\/\",\"url\":\"https:\\\/\\\/www.impressionoriginale.com\\\/fr\\\/produit\\\/noeud-velours-lie-de-vin-n237\\\/\",\"name\":\"N\u0153ud velours lie de vin n\u00b0237 - Impression Originale\",\"isPartOf\":{\"@id\":\"https:\\\/\\\/www.impressionoriginale.com\\\/fr\\\/#website\"},\"primaryImageOfPage\":{\"@id\":\"https:\\\/\\\/www.impressionoriginale.com\\\/fr\\\/produit\\\/noeud-velours-lie-de-vin-n237\\\/#primaryimage\"},\"image\":{\"@id\":\"https:\\\/\\\/www.impressionoriginale.com\\\/fr\\\/produit\\\/noeud-velours-lie-de-vin-n237\\\/#primaryimage\"},\"thumbnailUrl\":\"https:\\\/\\\/www.impressionoriginale.com\\\/wp-content\\\/uploads\\\/2024\\\/07\\\/IOR-NVEL237VIN50_Burgundy-Velvet-Tuxedo-Bow-n\u00b0237-L_IMPRESSIONORIGINALE-e1720683070711.jpg\",\"datePublished\":\"2024-07-10T12:09:54+00:00\",\"dateModified\":\"2025-12-18T09:44:40+00:00\",\"description\":\"Ce grand n\u0153ud velours smoking lie de vin viendra sublimer vos plus beaux cadeaux. Pr\u00eat \u00e0 poser. Fait main par Impression Originale. Made in France.\",\"breadcrumb\":{\"@id\":\"https:\\\/\\\/www.impressionoriginale.com\\\/fr\\\/produit\\\/noeud-velours-lie-de-vin-n237\\\/#breadcrumb\"},\"inLanguage\":\"fr-FR\",\"potentialAction\":[{\"@type\":\"ReadAction\",\"target\":[\"https:\\\/\\\/www.impressionoriginale.com\\\/fr\\\/produit\\\/noeud-velours-lie-de-vin-n237\\\/\"]}]},{\"@type\":\"ImageObject\",\"inLanguage\":\"fr-FR\",\"@id\":\"https:\\\/\\\/www.impressionoriginale.com\\\/fr\\\/produit\\\/noeud-velours-lie-de-vin-n237\\\/#primaryimage\",\"url\":\"https:\\\/\\\/www.impressionoriginale.com\\\/wp-content\\\/uploads\\\/2024\\\/07\\\/IOR-NVEL237VIN50_Burgundy-Velvet-Tuxedo-Bow-n\u00b0237-L_IMPRESSIONORIGINALE-e1720683070711.jpg\",\"contentUrl\":\"https:\\\/\\\/www.impressionoriginale.com\\\/wp-content\\\/uploads\\\/2024\\\/07\\\/IOR-NVEL237VIN50_Burgundy-Velvet-Tuxedo-Bow-n\u00b0237-L_IMPRESSIONORIGINALE-e1720683070711.jpg\",\"width\":2000,\"height\":1335},{\"@type\":\"BreadcrumbList\",\"@id\":\"https:\\\/\\\/www.impressionoriginale.com\\\/fr\\\/produit\\\/noeud-velours-lie-de-vin-n237\\\/#breadcrumb\",\"itemListElement\":[{\"@type\":\"ListItem\",\"position\":1,\"name\":\"Home\",\"item\":\"https:\\\/\\\/www.impressionoriginale.com\\\/fr\\\/\"},{\"@type\":\"ListItem\",\"position\":2,\"name\":\"Boutique\",\"item\":\"https:\\\/\\\/www.impressionoriginale.com\\\/fr\\\/boutique\\\/\"},{\"@type\":\"ListItem\",\"position\":3,\"name\":\"N\u0153ud velours lie de vin n\u00b0237\"}]},{\"@type\":\"WebSite\",\"@id\":\"https:\\\/\\\/www.impressionoriginale.com\\\/fr\\\/#website\",\"url\":\"https:\\\/\\\/www.impressionoriginale.com\\\/fr\\\/\",\"name\":\"Impression Originale\",\"description\":\"The art of gifting has a new name. The online store for all your wrapping cravings.\",\"publisher\":{\"@id\":\"https:\\\/\\\/www.impressionoriginale.com\\\/fr\\\/#organization\"},\"potentialAction\":[{\"@type\":\"SearchAction\",\"target\":{\"@type\":\"EntryPoint\",\"urlTemplate\":\"https:\\\/\\\/www.impressionoriginale.com\\\/fr\\\/?s={search_term_string}\"},\"query-input\":{\"@type\":\"PropertyValueSpecification\",\"valueRequired\":true,\"valueName\":\"search_term_string\"}}],\"inLanguage\":\"fr-FR\"},{\"@type\":\"Organization\",\"@id\":\"https:\\\/\\\/www.impressionoriginale.com\\\/fr\\\/#organization\",\"name\":\"Impression Originale\",\"url\":\"https:\\\/\\\/www.impressionoriginale.com\\\/fr\\\/\",\"logo\":{\"@type\":\"ImageObject\",\"inLanguage\":\"fr-FR\",\"@id\":\"https:\\\/\\\/www.impressionoriginale.com\\\/fr\\\/#\\\/schema\\\/logo\\\/image\\\/\",\"url\":\"https:\\\/\\\/www.impressionoriginale.com\\\/wp-content\\\/uploads\\\/2021\\\/08\\\/LOGO-2020-BLACK.png\",\"contentUrl\":\"https:\\\/\\\/www.impressionoriginale.com\\\/wp-content\\\/uploads\\\/2021\\\/08\\\/LOGO-2020-BLACK.png\",\"width\":567,\"height\":567,\"caption\":\"Impression Originale\"},\"image\":{\"@id\":\"https:\\\/\\\/www.impressionoriginale.com\\\/fr\\\/#\\\/schema\\\/logo\\\/image\\\/\"}}]}<\/script>\n<!-- \/ Yoast SEO plugin. -->","yoast_head_json":{"title":"N\u0153ud velours lie de vin n\u00b0237 - Impression Originale","description":"Ce grand n\u0153ud velours smoking lie de vin viendra sublimer vos plus beaux cadeaux. Pr\u00eat \u00e0 poser. Fait main par Impression Originale. Made in France.","robots":{"index":"index","follow":"follow","max-snippet":"max-snippet:-1","max-image-preview":"max-image-preview:large","max-video-preview":"max-video-preview:-1"},"canonical":"https:\/\/www.impressionoriginale.com\/fr\/produit\/noeud-velours-lie-de-vin-n237\/","og_locale":"fr_FR","og_type":"article","og_title":"N\u0153ud velours lie de vin n\u00b0237 - Impression Originale","og_description":"Ce grand n\u0153ud velours smoking lie de vin viendra sublimer vos plus beaux cadeaux. Pr\u00eat \u00e0 poser. Fait main par Impression Originale. Made in France.","og_url":"https:\/\/www.impressionoriginale.com\/fr\/produit\/noeud-velours-lie-de-vin-n237\/","og_site_name":"Impression Originale","article_modified_time":"2025-12-18T09:44:40+00:00","og_image":[{"width":2000,"height":1335,"url":"https:\/\/www.impressionoriginale.com\/wp-content\/uploads\/2024\/07\/IOR-NVEL237VIN50_Burgundy-Velvet-Tuxedo-Bow-n\u00b0237-L_IMPRESSIONORIGINALE-e1720683070711.jpg","type":"image\/jpeg"}],"twitter_card":"summary_large_image","twitter_misc":{"Dur\u00e9e de lecture estim\u00e9e":"1 minute"},"schema":{"@context":"https:\/\/schema.org","@graph":[{"@type":"WebPage","@id":"https:\/\/www.impressionoriginale.com\/fr\/produit\/noeud-velours-lie-de-vin-n237\/","url":"https:\/\/www.impressionoriginale.com\/fr\/produit\/noeud-velours-lie-de-vin-n237\/","name":"N\u0153ud velours lie de vin n\u00b0237 - Impression Originale","isPartOf":{"@id":"https:\/\/www.impressionoriginale.com\/fr\/#website"},"primaryImageOfPage":{"@id":"https:\/\/www.impressionoriginale.com\/fr\/produit\/noeud-velours-lie-de-vin-n237\/#primaryimage"},"image":{"@id":"https:\/\/www.impressionoriginale.com\/fr\/produit\/noeud-velours-lie-de-vin-n237\/#primaryimage"},"thumbnailUrl":"https:\/\/www.impressionoriginale.com\/wp-content\/uploads\/2024\/07\/IOR-NVEL237VIN50_Burgundy-Velvet-Tuxedo-Bow-n\u00b0237-L_IMPRESSIONORIGINALE-e1720683070711.jpg","datePublished":"2024-07-10T12:09:54+00:00","dateModified":"2025-12-18T09:44:40+00:00","description":"Ce grand n\u0153ud velours smoking lie de vin viendra sublimer vos plus beaux cadeaux. Pr\u00eat \u00e0 poser. Fait main par Impression Originale. Made in France.","breadcrumb":{"@id":"https:\/\/www.impressionoriginale.com\/fr\/produit\/noeud-velours-lie-de-vin-n237\/#breadcrumb"},"inLanguage":"fr-FR","potentialAction":[{"@type":"ReadAction","target":["https:\/\/www.impressionoriginale.com\/fr\/produit\/noeud-velours-lie-de-vin-n237\/"]}]},{"@type":"ImageObject","inLanguage":"fr-FR","@id":"https:\/\/www.impressionoriginale.com\/fr\/produit\/noeud-velours-lie-de-vin-n237\/#primaryimage","url":"https:\/\/www.impressionoriginale.com\/wp-content\/uploads\/2024\/07\/IOR-NVEL237VIN50_Burgundy-Velvet-Tuxedo-Bow-n\u00b0237-L_IMPRESSIONORIGINALE-e1720683070711.jpg","contentUrl":"https:\/\/www.impressionoriginale.com\/wp-content\/uploads\/2024\/07\/IOR-NVEL237VIN50_Burgundy-Velvet-Tuxedo-Bow-n\u00b0237-L_IMPRESSIONORIGINALE-e1720683070711.jpg","width":2000,"height":1335},{"@type":"BreadcrumbList","@id":"https:\/\/www.impressionoriginale.com\/fr\/produit\/noeud-velours-lie-de-vin-n237\/#breadcrumb","itemListElement":[{"@type":"ListItem","position":1,"name":"Home","item":"https:\/\/www.impressionoriginale.com\/fr\/"},{"@type":"ListItem","position":2,"name":"Boutique","item":"https:\/\/www.impressionoriginale.com\/fr\/boutique\/"},{"@type":"ListItem","position":3,"name":"N\u0153ud velours lie de vin n\u00b0237"}]},{"@type":"WebSite","@id":"https:\/\/www.impressionoriginale.com\/fr\/#website","url":"https:\/\/www.impressionoriginale.com\/fr\/","name":"Impression Originale","description":"The art of gifting has a new name. The online store for all your wrapping cravings.","publisher":{"@id":"https:\/\/www.impressionoriginale.com\/fr\/#organization"},"potentialAction":[{"@type":"SearchAction","target":{"@type":"EntryPoint","urlTemplate":"https:\/\/www.impressionoriginale.com\/fr\/?s={search_term_string}"},"query-input":{"@type":"PropertyValueSpecification","valueRequired":true,"valueName":"search_term_string"}}],"inLanguage":"fr-FR"},{"@type":"Organization","@id":"https:\/\/www.impressionoriginale.com\/fr\/#organization","name":"Impression Originale","url":"https:\/\/www.impressionoriginale.com\/fr\/","logo":{"@type":"ImageObject","inLanguage":"fr-FR","@id":"https:\/\/www.impressionoriginale.com\/fr\/#\/schema\/logo\/image\/","url":"https:\/\/www.impressionoriginale.com\/wp-content\/uploads\/2021\/08\/LOGO-2020-BLACK.png","contentUrl":"https:\/\/www.impressionoriginale.com\/wp-content\/uploads\/2021\/08\/LOGO-2020-BLACK.png","width":567,"height":567,"caption":"Impression Originale"},"image":{"@id":"https:\/\/www.impressionoriginale.com\/fr\/#\/schema\/logo\/image\/"}}]}},"_links":{"self":[{"href":"https:\/\/www.impressionoriginale.com\/fr\/wp-json\/wp\/v2\/product\/11739","targetHints":{"allow":["GET"]}}],"collection":[{"href":"https:\/\/www.impressionoriginale.com\/fr\/wp-json\/wp\/v2\/product"}],"about":[{"href":"https:\/\/www.impressionoriginale.com\/fr\/wp-json\/wp\/v2\/types\/product"}],"wp:featuredmedia":[{"embeddable":true,"href":"https:\/\/www.impressionoriginale.com\/fr\/wp-json\/wp\/v2\/media\/11795"}],"wp:attachment":[{"href":"https:\/\/www.impressionoriginale.com\/fr\/wp-json\/wp\/v2\/media?parent=11739"}],"wp:term":[{"taxonomy":"product_brand","embeddable":true,"href":"https:\/\/www.impressionoriginale.com\/fr\/wp-json\/wp\/v2\/product_brand?post=11739"},{"taxonomy":"product_cat","embeddable":true,"href":"https:\/\/www.impressionoriginale.com\/fr\/wp-json\/wp\/v2\/product_cat?post=11739"},{"taxonomy":"product_tag","embeddable":true,"href":"https:\/\/www.impressionoriginale.com\/fr\/wp-json\/wp\/v2\/product_tag?post=11739"}],"curies":[{"name":"wp","href":"https:\/\/api.w.org\/{rel}","templated":true}]}}