{"id":11753,"date":"2024-07-10T16:55:07","date_gmt":"2024-07-10T16:55:07","guid":{"rendered":"https:\/\/www.impressionoriginale.com\/?post_type=product&#038;p=11753"},"modified":"2025-09-04T06:40:43","modified_gmt":"2025-09-04T06:40:43","slug":"noeud-gros-grain-pirouette-vert-olive-n5-40mm","status":"publish","type":"product","link":"https:\/\/www.impressionoriginale.com\/fr\/produit\/noeud-gros-grain-pirouette-vert-olive-n5-40mm\/","title":{"rendered":"N\u0153ud Gros grain Pirouette vert olive n\u00b05  (40mm)"},"content":{"rendered":"<div class=\"wpb-content-wrapper\"><p>[vc_row][vc_column width=\u00a0\u00bb2\/3\u2033][vc_column_text]<\/p>\n<p style=\"text-align: justify;\">S\u00e9lectionn\u00e9 avec attention, chaque noeud\u00a0est associ\u00e9 \u00e0 un ou plusieurs papiers. Tous nos noeuds\u00a0pr\u00eat-\u00e0-poser sont confectionn\u00e9s \u00e0 la main \u00e0 Angers en France.<\/p>\n<p style=\"text-align: justify;\">Chaque n\u0153ud est emball\u00e9 dans du papier de soie et il peut \u00eatre coll\u00e9 ou scotch\u00e9 sur votre cadeau, seul ou avec le ruban associ\u00e9. Soyez cr\u00e9atif(ve), inspir\u00e9(e) et fa\u00eetes des heureux !<\/p>\n<p style=\"text-align: center;\"><em>\u00ab Aimer ce que vous fa\u00eetes, et fa\u00eetes-le bien \u00bb<\/em><\/p>\n<p>[\/vc_column_text][\/vc_column][vc_column width=\u00a0\u00bb1\/3\u2033][vc_column_text css=\u00a0\u00bb\u00a0\u00bb]<\/p>\n<table>\n<tbody>\n<tr>\n<td style=\"text-align: center;\" width=\"87\"><strong>LARGEUR<\/strong><\/td>\n<td style=\"text-align: center;\" width=\"147\">40 mm<\/td>\n<\/tr>\n<tr>\n<td style=\"text-align: center;\" width=\"87\"><strong>POIDS<\/strong><\/td>\n<td style=\"text-align: center;\" width=\"147\">15 g<\/td>\n<\/tr>\n<tr>\n<td style=\"text-align: center;\" width=\"87\"><strong>DIMENSIONS\u00a0<\/strong><\/td>\n<td style=\"text-align: center;\" width=\"147\">9 x 7 cm<\/td>\n<\/tr>\n<tr>\n<td style=\"text-align: center;\" width=\"87\"><strong>MATIERE<\/strong><\/td>\n<td style=\"text-align: center;\" width=\"147\">PES<\/td>\n<\/tr>\n<tr>\n<td style=\"text-align: center;\" width=\"87\"><strong>COULEUR \u00a0 \u00a0 \u00a0\u00a0<\/strong><\/td>\n<td style=\"text-align: center;\" width=\"147\">Vert olive<\/td>\n<\/tr>\n<tr>\n<td style=\"text-align: center;\" width=\"87\"><strong>ORIGINE \u00a0 \u00a0 \u00a0 \u00a0\u00a0<\/strong><\/td>\n<td style=\"text-align: center;\" width=\"147\">France<\/td>\n<\/tr>\n<\/tbody>\n<\/table>\n<p>[\/vc_column_text][\/vc_column][\/vc_row][vc_row][vc_column][vc_column_text css=\u00a0\u00bb\u00a0\u00bb]<\/p>\n<table style=\"font-weight: 400;\" width=\"90%\">\n<tbody>\n<tr>\n<td width=\"92%\"><strong>COULEUR<\/strong>\n<p><strong>Noeud\u00a0Gros grain Pirouette pr\u00eat-\u00e0-poser<\/strong><\/p><\/td>\n<td width=\"7%\"><strong>TAILLE<\/strong>\n<p>(40mm)<\/p><\/td>\n<\/tr>\n<tr>\n<td width=\"92%\"><a href=\"https:\/\/www.impressionoriginale.com\/fr\/produit\/noeud-gros-grain-pirouette-creme-n272-40mm\/\">Blanc cass\u00e9<\/a><\/td>\n<td width=\"7%\">M<\/td>\n<\/tr>\n<tr>\n<td width=\"92%\"><a href=\"https:\/\/www.impressionoriginale.com\/fr\/produit\/noeud-gros-grain-pirouette-bleu-glacier-n145-40mm\/\">Bleu acier<\/a><\/td>\n<td width=\"7%\">M<\/td>\n<\/tr>\n<tr>\n<td width=\"92%\"><a href=\"https:\/\/www.impressionoriginale.com\/fr\/produit\/noeud-gros-grain-pirouette-chocolat-n100-40mm\/\">Chocolat<\/a><\/td>\n<td width=\"7%\">M<\/td>\n<\/tr>\n<tr>\n<td width=\"92%\"><a href=\"https:\/\/www.impressionoriginale.com\/fr\/produit\/noeud-gros-grain-pirouette-mordore-n67-40mm\/\">Mordor\u00e9<\/a><\/td>\n<td width=\"7%\">M<\/td>\n<\/tr>\n<tr>\n<td width=\"92%\"><a href=\"https:\/\/www.impressionoriginale.com\/fr\/produit\/noeud-gros-grain-pirouette-peche-n158-40mm\/\">P\u00eache<\/a><\/td>\n<td width=\"7%\">M<\/td>\n<\/tr>\n<tr>\n<td width=\"92%\"><a href=\"https:\/\/www.impressionoriginale.com\/fr\/produit\/noeud-gros-grain-pirouette-rouge-opera-n15-40mm\/\">Rouge op\u00e9ra<\/a><\/td>\n<td width=\"7%\">M<\/td>\n<\/tr>\n<tr>\n<td width=\"92%\"><a href=\"https:\/\/www.impressionoriginale.com\/fr\/produit\/noeud-gros-grain-pirouette-vert-olive-n5-40mm\/\">Vert olive<\/a><\/td>\n<td width=\"7%\">M<\/td>\n<\/tr>\n<\/tbody>\n<\/table>\n<p>[\/vc_column_text][\/vc_column][\/vc_row]<\/p>\n\n\n<\/div>","protected":false},"excerpt":{"rendered":"<p><span style=\"color: #000000;\"><strong>Largeur<\/strong>\u00a0 \u00a0 \u00a0 \u00a0 \u00a0 7 cm<\/span><br \/>\n<span style=\"color: #000000;\"><strong>Longueur<\/strong>\u00a0 \u00a0 \u00a0 \u00a09 cm<\/span><br \/>\n<span style=\"color: #000000;\"><strong>Id\u00e9al<\/strong>\u00a0 \u00a0 \u00a0 \u00a0 \u00a0 \u00a0 \u00a0 \u00a0 petit et moyen format<\/span><\/p>\n<p>&nbsp;<\/p>\n<p style=\"text-align: justify;\">Ce n\u0153ud pirouette en gros grain \u00e0 doubles boucles, pr\u00eat-\u00e0-poser, viendra sublimer vos plus beaux cadeaux. Il vous suffit de le d\u00e9poser sur votre paquet pour un effet couture, toujours parfait.<\/p>\n<p style=\"text-align: justify;\">Nous vous recommandons ce n\u0153ud pr\u00eat-\u00e0-poser avec les papiers cadeaux recommand\u00e9s ci-dessous.<\/p>\n<p style=\"text-align: center;\"><em>Note : Tous nos noeuds cadeaux sont envoy\u00e9s dans une pochette de protection avec une pastille double-face.<\/em><\/p>\n","protected":false},"featured_media":11757,"template":"","meta":[],"product_brand":[],"product_cat":[528,536],"product_tag":[88,1000,783,815],"class_list":{"0":"post-11753","1":"product","2":"type-product","3":"status-publish","4":"has-post-thumbnail","6":"product_cat-noeud","7":"product_cat-taille-m","8":"product_tag-impression-originale-fr-2","9":"product_tag-made-in-france-fr","10":"product_tag-noeud-fr-2","11":"product_tag-taille-m-fr","13":"first","14":"instock","15":"taxable","16":"shipping-taxable","17":"purchasable","18":"product-type-simple"},"bundled_by":["3768"],"bundle_stock_status":"instock","bundle_stock_quantity":33,"bundle_virtual":false,"bundle_layout":"","bundle_add_to_cart_form_location":"","bundle_editable_in_cart":false,"bundle_sold_individually_context":"","bundle_item_grouping":"","bundle_min_size":"","bundle_max_size":"","bundle_price":[],"bundled_items":[],"bundle_sell_ids":[],"yoast_head":"<!-- This site is optimized with the Yoast SEO plugin v27.3 - https:\/\/yoast.com\/product\/yoast-seo-wordpress\/ -->\n<title>N\u0153ud Gros grain Pirouette vert olive n\u00b05 (40mm) - Impression Originale<\/title>\n<meta name=\"description\" content=\"Noeud pirouette gros grain couleur vert olive taille M \u00e0 double boucles vient se poser sur vos plus jolis cadeaux pour un r\u00e9sultat toujours parfait. Fait main, Impression Originale.\" \/>\n<meta name=\"robots\" content=\"index, follow, max-snippet:-1, max-image-preview:large, max-video-preview:-1\" \/>\n<link rel=\"canonical\" href=\"https:\/\/www.impressionoriginale.com\/fr\/produit\/noeud-gros-grain-pirouette-vert-olive-n5-40mm\/\" \/>\n<meta property=\"og:locale\" content=\"fr_FR\" \/>\n<meta property=\"og:type\" content=\"article\" \/>\n<meta property=\"og:title\" content=\"N\u0153ud Gros grain Pirouette vert olive n\u00b05 (40mm) - Impression Originale\" \/>\n<meta property=\"og:description\" content=\"Noeud pirouette gros grain couleur vert olive taille M \u00e0 double boucles vient se poser sur vos plus jolis cadeaux pour un r\u00e9sultat toujours parfait. Fait main, Impression Originale.\" \/>\n<meta property=\"og:url\" content=\"https:\/\/www.impressionoriginale.com\/fr\/produit\/noeud-gros-grain-pirouette-vert-olive-n5-40mm\/\" \/>\n<meta property=\"og:site_name\" content=\"Impression Originale\" \/>\n<meta property=\"article:modified_time\" content=\"2025-09-04T06:40:43+00:00\" \/>\n<meta property=\"og:image\" content=\"https:\/\/www.impressionoriginale.com\/wp-content\/uploads\/2024\/07\/IOR-NSWI005OLI40_Green-Olive-Gros-Grain-Swirl-Bow-n\u00b05-M_IMPRESSIONORIGINALE.jpg\" \/>\n\t<meta property=\"og:image:width\" content=\"1500\" \/>\n\t<meta property=\"og:image:height\" content=\"2000\" \/>\n\t<meta property=\"og:image:type\" content=\"image\/jpeg\" \/>\n<meta name=\"twitter:card\" content=\"summary_large_image\" \/>\n<meta name=\"twitter:label1\" content=\"Dur\u00e9e de lecture estim\u00e9e\" \/>\n\t<meta name=\"twitter:data1\" content=\"1 minute\" \/>\n<script type=\"application\/ld+json\" class=\"yoast-schema-graph\">{\"@context\":\"https:\\\/\\\/schema.org\",\"@graph\":[{\"@type\":\"WebPage\",\"@id\":\"https:\\\/\\\/www.impressionoriginale.com\\\/fr\\\/produit\\\/noeud-gros-grain-pirouette-vert-olive-n5-40mm\\\/\",\"url\":\"https:\\\/\\\/www.impressionoriginale.com\\\/fr\\\/produit\\\/noeud-gros-grain-pirouette-vert-olive-n5-40mm\\\/\",\"name\":\"N\u0153ud Gros grain Pirouette vert olive n\u00b05 (40mm) - Impression Originale\",\"isPartOf\":{\"@id\":\"https:\\\/\\\/www.impressionoriginale.com\\\/fr\\\/#website\"},\"primaryImageOfPage\":{\"@id\":\"https:\\\/\\\/www.impressionoriginale.com\\\/fr\\\/produit\\\/noeud-gros-grain-pirouette-vert-olive-n5-40mm\\\/#primaryimage\"},\"image\":{\"@id\":\"https:\\\/\\\/www.impressionoriginale.com\\\/fr\\\/produit\\\/noeud-gros-grain-pirouette-vert-olive-n5-40mm\\\/#primaryimage\"},\"thumbnailUrl\":\"https:\\\/\\\/www.impressionoriginale.com\\\/wp-content\\\/uploads\\\/2024\\\/07\\\/IOR-NSWI005OLI40_Green-Olive-Gros-Grain-Swirl-Bow-n\u00b05-M_IMPRESSIONORIGINALE.jpg\",\"datePublished\":\"2024-07-10T16:55:07+00:00\",\"dateModified\":\"2025-09-04T06:40:43+00:00\",\"description\":\"Noeud pirouette gros grain couleur vert olive taille M \u00e0 double boucles vient se poser sur vos plus jolis cadeaux pour un r\u00e9sultat toujours parfait. Fait main, Impression Originale.\",\"breadcrumb\":{\"@id\":\"https:\\\/\\\/www.impressionoriginale.com\\\/fr\\\/produit\\\/noeud-gros-grain-pirouette-vert-olive-n5-40mm\\\/#breadcrumb\"},\"inLanguage\":\"fr-FR\",\"potentialAction\":[{\"@type\":\"ReadAction\",\"target\":[\"https:\\\/\\\/www.impressionoriginale.com\\\/fr\\\/produit\\\/noeud-gros-grain-pirouette-vert-olive-n5-40mm\\\/\"]}]},{\"@type\":\"ImageObject\",\"inLanguage\":\"fr-FR\",\"@id\":\"https:\\\/\\\/www.impressionoriginale.com\\\/fr\\\/produit\\\/noeud-gros-grain-pirouette-vert-olive-n5-40mm\\\/#primaryimage\",\"url\":\"https:\\\/\\\/www.impressionoriginale.com\\\/wp-content\\\/uploads\\\/2024\\\/07\\\/IOR-NSWI005OLI40_Green-Olive-Gros-Grain-Swirl-Bow-n\u00b05-M_IMPRESSIONORIGINALE.jpg\",\"contentUrl\":\"https:\\\/\\\/www.impressionoriginale.com\\\/wp-content\\\/uploads\\\/2024\\\/07\\\/IOR-NSWI005OLI40_Green-Olive-Gros-Grain-Swirl-Bow-n\u00b05-M_IMPRESSIONORIGINALE.jpg\",\"width\":1500,\"height\":2000},{\"@type\":\"BreadcrumbList\",\"@id\":\"https:\\\/\\\/www.impressionoriginale.com\\\/fr\\\/produit\\\/noeud-gros-grain-pirouette-vert-olive-n5-40mm\\\/#breadcrumb\",\"itemListElement\":[{\"@type\":\"ListItem\",\"position\":1,\"name\":\"Home\",\"item\":\"https:\\\/\\\/www.impressionoriginale.com\\\/fr\\\/\"},{\"@type\":\"ListItem\",\"position\":2,\"name\":\"Boutique\",\"item\":\"https:\\\/\\\/www.impressionoriginale.com\\\/fr\\\/boutique\\\/\"},{\"@type\":\"ListItem\",\"position\":3,\"name\":\"N\u0153ud Gros grain Pirouette vert olive n\u00b05 (40mm)\"}]},{\"@type\":\"WebSite\",\"@id\":\"https:\\\/\\\/www.impressionoriginale.com\\\/fr\\\/#website\",\"url\":\"https:\\\/\\\/www.impressionoriginale.com\\\/fr\\\/\",\"name\":\"Impression Originale\",\"description\":\"The art of gifting has a new name. The online store for all your wrapping cravings.\",\"publisher\":{\"@id\":\"https:\\\/\\\/www.impressionoriginale.com\\\/fr\\\/#organization\"},\"potentialAction\":[{\"@type\":\"SearchAction\",\"target\":{\"@type\":\"EntryPoint\",\"urlTemplate\":\"https:\\\/\\\/www.impressionoriginale.com\\\/fr\\\/?s={search_term_string}\"},\"query-input\":{\"@type\":\"PropertyValueSpecification\",\"valueRequired\":true,\"valueName\":\"search_term_string\"}}],\"inLanguage\":\"fr-FR\"},{\"@type\":\"Organization\",\"@id\":\"https:\\\/\\\/www.impressionoriginale.com\\\/fr\\\/#organization\",\"name\":\"Impression Originale\",\"url\":\"https:\\\/\\\/www.impressionoriginale.com\\\/fr\\\/\",\"logo\":{\"@type\":\"ImageObject\",\"inLanguage\":\"fr-FR\",\"@id\":\"https:\\\/\\\/www.impressionoriginale.com\\\/fr\\\/#\\\/schema\\\/logo\\\/image\\\/\",\"url\":\"https:\\\/\\\/www.impressionoriginale.com\\\/wp-content\\\/uploads\\\/2021\\\/08\\\/LOGO-2020-BLACK.png\",\"contentUrl\":\"https:\\\/\\\/www.impressionoriginale.com\\\/wp-content\\\/uploads\\\/2021\\\/08\\\/LOGO-2020-BLACK.png\",\"width\":567,\"height\":567,\"caption\":\"Impression Originale\"},\"image\":{\"@id\":\"https:\\\/\\\/www.impressionoriginale.com\\\/fr\\\/#\\\/schema\\\/logo\\\/image\\\/\"}}]}<\/script>\n<!-- \/ Yoast SEO plugin. -->","yoast_head_json":{"title":"N\u0153ud Gros grain Pirouette vert olive n\u00b05 (40mm) - Impression Originale","description":"Noeud pirouette gros grain couleur vert olive taille M \u00e0 double boucles vient se poser sur vos plus jolis cadeaux pour un r\u00e9sultat toujours parfait. Fait main, Impression Originale.","robots":{"index":"index","follow":"follow","max-snippet":"max-snippet:-1","max-image-preview":"max-image-preview:large","max-video-preview":"max-video-preview:-1"},"canonical":"https:\/\/www.impressionoriginale.com\/fr\/produit\/noeud-gros-grain-pirouette-vert-olive-n5-40mm\/","og_locale":"fr_FR","og_type":"article","og_title":"N\u0153ud Gros grain Pirouette vert olive n\u00b05 (40mm) - Impression Originale","og_description":"Noeud pirouette gros grain couleur vert olive taille M \u00e0 double boucles vient se poser sur vos plus jolis cadeaux pour un r\u00e9sultat toujours parfait. Fait main, Impression Originale.","og_url":"https:\/\/www.impressionoriginale.com\/fr\/produit\/noeud-gros-grain-pirouette-vert-olive-n5-40mm\/","og_site_name":"Impression Originale","article_modified_time":"2025-09-04T06:40:43+00:00","og_image":[{"width":1500,"height":2000,"url":"https:\/\/www.impressionoriginale.com\/wp-content\/uploads\/2024\/07\/IOR-NSWI005OLI40_Green-Olive-Gros-Grain-Swirl-Bow-n\u00b05-M_IMPRESSIONORIGINALE.jpg","type":"image\/jpeg"}],"twitter_card":"summary_large_image","twitter_misc":{"Dur\u00e9e de lecture estim\u00e9e":"1 minute"},"schema":{"@context":"https:\/\/schema.org","@graph":[{"@type":"WebPage","@id":"https:\/\/www.impressionoriginale.com\/fr\/produit\/noeud-gros-grain-pirouette-vert-olive-n5-40mm\/","url":"https:\/\/www.impressionoriginale.com\/fr\/produit\/noeud-gros-grain-pirouette-vert-olive-n5-40mm\/","name":"N\u0153ud Gros grain Pirouette vert olive n\u00b05 (40mm) - Impression Originale","isPartOf":{"@id":"https:\/\/www.impressionoriginale.com\/fr\/#website"},"primaryImageOfPage":{"@id":"https:\/\/www.impressionoriginale.com\/fr\/produit\/noeud-gros-grain-pirouette-vert-olive-n5-40mm\/#primaryimage"},"image":{"@id":"https:\/\/www.impressionoriginale.com\/fr\/produit\/noeud-gros-grain-pirouette-vert-olive-n5-40mm\/#primaryimage"},"thumbnailUrl":"https:\/\/www.impressionoriginale.com\/wp-content\/uploads\/2024\/07\/IOR-NSWI005OLI40_Green-Olive-Gros-Grain-Swirl-Bow-n\u00b05-M_IMPRESSIONORIGINALE.jpg","datePublished":"2024-07-10T16:55:07+00:00","dateModified":"2025-09-04T06:40:43+00:00","description":"Noeud pirouette gros grain couleur vert olive taille M \u00e0 double boucles vient se poser sur vos plus jolis cadeaux pour un r\u00e9sultat toujours parfait. Fait main, Impression Originale.","breadcrumb":{"@id":"https:\/\/www.impressionoriginale.com\/fr\/produit\/noeud-gros-grain-pirouette-vert-olive-n5-40mm\/#breadcrumb"},"inLanguage":"fr-FR","potentialAction":[{"@type":"ReadAction","target":["https:\/\/www.impressionoriginale.com\/fr\/produit\/noeud-gros-grain-pirouette-vert-olive-n5-40mm\/"]}]},{"@type":"ImageObject","inLanguage":"fr-FR","@id":"https:\/\/www.impressionoriginale.com\/fr\/produit\/noeud-gros-grain-pirouette-vert-olive-n5-40mm\/#primaryimage","url":"https:\/\/www.impressionoriginale.com\/wp-content\/uploads\/2024\/07\/IOR-NSWI005OLI40_Green-Olive-Gros-Grain-Swirl-Bow-n\u00b05-M_IMPRESSIONORIGINALE.jpg","contentUrl":"https:\/\/www.impressionoriginale.com\/wp-content\/uploads\/2024\/07\/IOR-NSWI005OLI40_Green-Olive-Gros-Grain-Swirl-Bow-n\u00b05-M_IMPRESSIONORIGINALE.jpg","width":1500,"height":2000},{"@type":"BreadcrumbList","@id":"https:\/\/www.impressionoriginale.com\/fr\/produit\/noeud-gros-grain-pirouette-vert-olive-n5-40mm\/#breadcrumb","itemListElement":[{"@type":"ListItem","position":1,"name":"Home","item":"https:\/\/www.impressionoriginale.com\/fr\/"},{"@type":"ListItem","position":2,"name":"Boutique","item":"https:\/\/www.impressionoriginale.com\/fr\/boutique\/"},{"@type":"ListItem","position":3,"name":"N\u0153ud Gros grain Pirouette vert olive n\u00b05 (40mm)"}]},{"@type":"WebSite","@id":"https:\/\/www.impressionoriginale.com\/fr\/#website","url":"https:\/\/www.impressionoriginale.com\/fr\/","name":"Impression Originale","description":"The art of gifting has a new name. The online store for all your wrapping cravings.","publisher":{"@id":"https:\/\/www.impressionoriginale.com\/fr\/#organization"},"potentialAction":[{"@type":"SearchAction","target":{"@type":"EntryPoint","urlTemplate":"https:\/\/www.impressionoriginale.com\/fr\/?s={search_term_string}"},"query-input":{"@type":"PropertyValueSpecification","valueRequired":true,"valueName":"search_term_string"}}],"inLanguage":"fr-FR"},{"@type":"Organization","@id":"https:\/\/www.impressionoriginale.com\/fr\/#organization","name":"Impression Originale","url":"https:\/\/www.impressionoriginale.com\/fr\/","logo":{"@type":"ImageObject","inLanguage":"fr-FR","@id":"https:\/\/www.impressionoriginale.com\/fr\/#\/schema\/logo\/image\/","url":"https:\/\/www.impressionoriginale.com\/wp-content\/uploads\/2021\/08\/LOGO-2020-BLACK.png","contentUrl":"https:\/\/www.impressionoriginale.com\/wp-content\/uploads\/2021\/08\/LOGO-2020-BLACK.png","width":567,"height":567,"caption":"Impression Originale"},"image":{"@id":"https:\/\/www.impressionoriginale.com\/fr\/#\/schema\/logo\/image\/"}}]}},"_links":{"self":[{"href":"https:\/\/www.impressionoriginale.com\/fr\/wp-json\/wp\/v2\/product\/11753","targetHints":{"allow":["GET"]}}],"collection":[{"href":"https:\/\/www.impressionoriginale.com\/fr\/wp-json\/wp\/v2\/product"}],"about":[{"href":"https:\/\/www.impressionoriginale.com\/fr\/wp-json\/wp\/v2\/types\/product"}],"wp:featuredmedia":[{"embeddable":true,"href":"https:\/\/www.impressionoriginale.com\/fr\/wp-json\/wp\/v2\/media\/11757"}],"wp:attachment":[{"href":"https:\/\/www.impressionoriginale.com\/fr\/wp-json\/wp\/v2\/media?parent=11753"}],"wp:term":[{"taxonomy":"product_brand","embeddable":true,"href":"https:\/\/www.impressionoriginale.com\/fr\/wp-json\/wp\/v2\/product_brand?post=11753"},{"taxonomy":"product_cat","embeddable":true,"href":"https:\/\/www.impressionoriginale.com\/fr\/wp-json\/wp\/v2\/product_cat?post=11753"},{"taxonomy":"product_tag","embeddable":true,"href":"https:\/\/www.impressionoriginale.com\/fr\/wp-json\/wp\/v2\/product_tag?post=11753"}],"curies":[{"name":"wp","href":"https:\/\/api.w.org\/{rel}","templated":true}]}}