{"id":11810,"date":"2024-07-29T18:13:03","date_gmt":"2024-07-29T18:13:03","guid":{"rendered":"https:\/\/www.impressionoriginale.com\/?post_type=product&#038;p=11810"},"modified":"2024-12-03T22:11:18","modified_gmt":"2024-12-03T22:11:18","slug":"cartes-barbouillees-furoshiki","status":"publish","type":"product","link":"https:\/\/www.impressionoriginale.com\/fr\/produit\/cartes-barbouillees-furoshiki\/","title":{"rendered":"Cartes Barbouill\u00e9es Furoshiki"},"content":{"rendered":"<table style=\"font-weight: 400;\" width=\"611\">\n<tbody>\n<tr>\n<td style=\"text-align: left;\" width=\"185\"><strong>EPAISSEUR<\/strong><\/td>\n<td style=\"text-align: left;\" width=\"426\">90 g<\/td>\n<\/tr>\n<tr>\n<td style=\"text-align: left;\" width=\"185\"><strong>DIMENSIONS<\/strong><\/td>\n<td style=\"text-align: left;\" width=\"426\">48x48cm (taille moyenne, carr\u00e9 de tissu cadeau)\n<p>75x75cm (grande taille, carr\u00e9 de tissu cadeau)<\/p><\/td>\n<\/tr>\n<tr>\n<td style=\"text-align: left;\" width=\"185\"><strong>TISSU\u00a0\u00a0\u00a0\u00a0\u00a0\u00a0\u00a0\u00a0\u00a0\u00a0\u00a0\u00a0\u00a0\u00a0\u00a0\u00a0\u00a0\u00a0\u00a0\u00a0<\/strong><\/td>\n<td style=\"text-align: left;\" width=\"426\">Coton, satin\u00e9<\/td>\n<\/tr>\n<tr>\n<td style=\"text-align: left;\" width=\"185\"><strong>IMPRESSION\u00a0\u00a0\u00a0\u00a0\u00a0\u00a0\u00a0\u00a0\u00a0\u00a0\u00a0\u00a0\u00a0\u00a0\u00a0<\/strong><\/td>\n<td style=\"text-align: left;\" width=\"426\">1 face (tranversant)<\/td>\n<\/tr>\n<tr>\n<td style=\"text-align: left;\" width=\"185\"><strong>CERTIFICATION\u00a0\u00a0\u00a0\u00a0\u00a0\u00a0\u00a0\u00a0\u00a0\u00a0\u00a0\u00a0\u00a0\u00a0\u00a0\u00a0\u00a0\u00a0\u00a0\u00a0\u00a0\u00a0<\/strong><\/td>\n<td style=\"text-align: left;\" width=\"426\">OekoTex 100<\/td>\n<\/tr>\n<tr>\n<td style=\"text-align: left;\" width=\"185\"><strong>ORIGINE<\/strong><\/td>\n<td style=\"text-align: left;\" width=\"426\">Fabrication artisanale Angers, France<\/td>\n<\/tr>\n<\/tbody>\n<\/table>\n<p>Nos carr\u00e9 de tissu cadeau en coton satin\u00e9 viennent compl\u00e9ter notre gamme d\u2019emballage cadeau. Chaque carr\u00e9 est sign\u00e9 par l\u2019artiste pour Impression Originale. Les carr\u00e9s de tissu sont cousus \u00e0 la main dans un atelier de confection angevin en France.<\/p>\n<p>Ils sont pr\u00eats \u00e0 l\u2019emploi, pour un effet hors du common. Laissez nous vous inspirer, et laissez parler votre cr\u00e9ativit\u00e9\u2026<\/p>\n<p><em>\u00ab\u00a0Faites de beaux cadeaux et faites des heureux !\u00a0\u00bb<\/em><\/p>\n\n\n","protected":false},"excerpt":{"rendered":"<p><strong><b>Reproduction exclusive BNF<\/b><\/strong><\/p>\n<h5>Cartes Barbouill\u00e9es &#8211; Furoshiki<\/h5>\n<p>Taille M [48&#215;48 cm] et Taille L [75&#215;75 cm]<\/p>\n<p style=\"font-weight: 400;\">Les Cartes Barbouill\u00e9es sont issues d\u2019un jeu de cartes grav\u00e9es et color\u00e9es par Gottlieb Kissling au d\u00e9but du 19<sup>\u00e8me<\/sup> si\u00e8cle d&rsquo;apr\u00e8s des dessins originaux de Jan Rustem. La premi\u00e8re \u00e9dition du jeu de cartes a \u00e9t\u00e9 r\u00e9alis\u00e9e \u00e0 Vilnius en 1814. Impression Originale a retravaill\u00e9 ces cartes pour leur donner vie plus de 2 si\u00e8cles plus tard en s\u2019amusant des h\u00e9t\u00e9rodoxies de cette \u00e9poque r\u00e9volue. Un petit diable qui tire la langue se cache dans le jeu, saurez-vous le retrouver\u00a0? Ce papier cadeau est unique et charg\u00e9 d\u2019histoire. La qualit\u00e9 de ses gravures est une raret\u00e9 qui se pr\u00eatera \u00e0 la perfection pour un cadeau avec une forte port\u00e9e symbolique.<\/p>\n<p>D\u00e9couvrez notre savoir-faire pour r\u00e9aliser de magnifiques cadeaux avec votre carr\u00e9 de tissu avec <strong>nos tutoriels<\/strong>.<\/p>\n<p>Ce motif est disponible \u00e9galement en\u00a0<a href=\"https:\/\/www.impressionoriginale.com\/fr\/produit\/ensemble-cartes-barbouillees\/\" target=\"_blank\" rel=\"noopener\"><strong>papier cadeau<\/strong><\/a>.<\/p>\n<p>D\u00e9tails techniques :<\/p>\n<ul style=\"list-style-type: disc;\">\n<li>48 x 48 cm et 75 x 75 cm<\/li>\n<li>90 g<\/li>\n<li>Impression 1 face<\/li>\n<li>Fait main<\/li>\n<\/ul>\n<p style=\"text-align: center;\"><em>Note : Le furoshiki est envoy\u00e9 soigneusement\u00a0pli\u00e9 dans une bo\u00eete extra plate du m\u00eame design.<\/em><\/p>\n","protected":false},"featured_media":12336,"template":"","meta":[],"product_brand":[],"product_cat":[1151],"product_tag":[1153,88,815],"class_list":{"0":"post-11810","1":"product","2":"type-product","3":"status-publish","4":"has-post-thumbnail","6":"product_cat-carre-de-tissu-furoshiki","7":"product_tag-furoshiki-fr","8":"product_tag-impression-originale-fr-2","9":"product_tag-taille-m-fr","11":"first","12":"outofstock","13":"taxable","14":"shipping-taxable","15":"purchasable","16":"product-type-variable","17":"has-default-attributes"},"bundled_by":[],"bundle_stock_status":"outofstock","bundle_stock_quantity":0,"bundle_virtual":false,"bundle_layout":"","bundle_add_to_cart_form_location":"","bundle_editable_in_cart":false,"bundle_sold_individually_context":"","bundle_item_grouping":"","bundle_min_size":"","bundle_max_size":"","bundle_price":[],"bundled_items":[],"bundle_sell_ids":[],"yoast_head":"<!-- This site is optimized with the Yoast SEO plugin v27.5 - https:\/\/yoast.com\/product\/yoast-seo-wordpress\/ -->\n<title>Cartes Barbouill\u00e9es Furoshiki I Emballage cadeau de luxe par Impression Originale<\/title>\n<meta name=\"description\" content=\"Ce carr\u00e9 de tissu furoshiki Cartes Barbouill\u00e9es une reproduction exclusive de la BNF par Impression Originale est imprim\u00e9 et cousu \u00e0 la main. Made in Angers, France.\" \/>\n<meta name=\"robots\" content=\"index, follow, max-snippet:-1, max-image-preview:large, max-video-preview:-1\" \/>\n<link rel=\"canonical\" href=\"https:\/\/www.impressionoriginale.com\/fr\/produit\/cartes-barbouillees-furoshiki\/\" \/>\n<meta property=\"og:locale\" content=\"fr_FR\" \/>\n<meta property=\"og:type\" content=\"article\" \/>\n<meta property=\"og:title\" content=\"Cartes Barbouill\u00e9es Furoshiki I Emballage cadeau de luxe par Impression Originale\" \/>\n<meta property=\"og:description\" content=\"Ce carr\u00e9 de tissu furoshiki Cartes Barbouill\u00e9es une reproduction exclusive de la BNF par Impression Originale est imprim\u00e9 et cousu \u00e0 la main. Made in Angers, France.\" \/>\n<meta property=\"og:url\" content=\"https:\/\/www.impressionoriginale.com\/fr\/produit\/cartes-barbouillees-furoshiki\/\" \/>\n<meta property=\"og:site_name\" content=\"Impression Originale\" \/>\n<meta property=\"article:modified_time\" content=\"2024-12-03T22:11:18+00:00\" \/>\n<meta property=\"og:image\" content=\"https:\/\/www.impressionoriginale.com\/wp-content\/uploads\/2024\/12\/IOR-FURM069BNFS1_Furoshiki_Barbouillees_box_IMPRESSIONORIGINALE.jpg\" \/>\n\t<meta property=\"og:image:width\" content=\"1500\" \/>\n\t<meta property=\"og:image:height\" content=\"2000\" \/>\n\t<meta property=\"og:image:type\" content=\"image\/jpeg\" \/>\n<meta name=\"twitter:card\" content=\"summary_large_image\" \/>\n<meta name=\"twitter:label1\" content=\"Dur\u00e9e de lecture estim\u00e9e\" \/>\n\t<meta name=\"twitter:data1\" content=\"1 minute\" \/>\n<script type=\"application\/ld+json\" class=\"yoast-schema-graph\">{\"@context\":\"https:\\\/\\\/schema.org\",\"@graph\":[{\"@type\":\"WebPage\",\"@id\":\"https:\\\/\\\/www.impressionoriginale.com\\\/fr\\\/produit\\\/cartes-barbouillees-furoshiki\\\/\",\"url\":\"https:\\\/\\\/www.impressionoriginale.com\\\/fr\\\/produit\\\/cartes-barbouillees-furoshiki\\\/\",\"name\":\"Cartes Barbouill\u00e9es Furoshiki I Emballage cadeau de luxe par Impression Originale\",\"isPartOf\":{\"@id\":\"https:\\\/\\\/www.impressionoriginale.com\\\/fr\\\/#website\"},\"primaryImageOfPage\":{\"@id\":\"https:\\\/\\\/www.impressionoriginale.com\\\/fr\\\/produit\\\/cartes-barbouillees-furoshiki\\\/#primaryimage\"},\"image\":{\"@id\":\"https:\\\/\\\/www.impressionoriginale.com\\\/fr\\\/produit\\\/cartes-barbouillees-furoshiki\\\/#primaryimage\"},\"thumbnailUrl\":\"https:\\\/\\\/www.impressionoriginale.com\\\/wp-content\\\/uploads\\\/2024\\\/12\\\/IOR-FURM069BNFS1_Furoshiki_Barbouillees_box_IMPRESSIONORIGINALE.jpg\",\"datePublished\":\"2024-07-29T18:13:03+00:00\",\"dateModified\":\"2024-12-03T22:11:18+00:00\",\"description\":\"Ce carr\u00e9 de tissu furoshiki Cartes Barbouill\u00e9es une reproduction exclusive de la BNF par Impression Originale est imprim\u00e9 et cousu \u00e0 la main. Made in Angers, France.\",\"breadcrumb\":{\"@id\":\"https:\\\/\\\/www.impressionoriginale.com\\\/fr\\\/produit\\\/cartes-barbouillees-furoshiki\\\/#breadcrumb\"},\"inLanguage\":\"fr-FR\",\"potentialAction\":[{\"@type\":\"ReadAction\",\"target\":[\"https:\\\/\\\/www.impressionoriginale.com\\\/fr\\\/produit\\\/cartes-barbouillees-furoshiki\\\/\"]}]},{\"@type\":\"ImageObject\",\"inLanguage\":\"fr-FR\",\"@id\":\"https:\\\/\\\/www.impressionoriginale.com\\\/fr\\\/produit\\\/cartes-barbouillees-furoshiki\\\/#primaryimage\",\"url\":\"https:\\\/\\\/www.impressionoriginale.com\\\/wp-content\\\/uploads\\\/2024\\\/12\\\/IOR-FURM069BNFS1_Furoshiki_Barbouillees_box_IMPRESSIONORIGINALE.jpg\",\"contentUrl\":\"https:\\\/\\\/www.impressionoriginale.com\\\/wp-content\\\/uploads\\\/2024\\\/12\\\/IOR-FURM069BNFS1_Furoshiki_Barbouillees_box_IMPRESSIONORIGINALE.jpg\",\"width\":1500,\"height\":2000,\"caption\":\"Fabric wrap Furoshiki in the design Barbouill\u00e9es by IMPRESSION ORIGINALE with its box\"},{\"@type\":\"BreadcrumbList\",\"@id\":\"https:\\\/\\\/www.impressionoriginale.com\\\/fr\\\/produit\\\/cartes-barbouillees-furoshiki\\\/#breadcrumb\",\"itemListElement\":[{\"@type\":\"ListItem\",\"position\":1,\"name\":\"Home\",\"item\":\"https:\\\/\\\/www.impressionoriginale.com\\\/fr\\\/\"},{\"@type\":\"ListItem\",\"position\":2,\"name\":\"Boutique\",\"item\":\"https:\\\/\\\/www.impressionoriginale.com\\\/fr\\\/boutique\\\/\"},{\"@type\":\"ListItem\",\"position\":3,\"name\":\"Cartes Barbouill\u00e9es Furoshiki\"}]},{\"@type\":\"WebSite\",\"@id\":\"https:\\\/\\\/www.impressionoriginale.com\\\/fr\\\/#website\",\"url\":\"https:\\\/\\\/www.impressionoriginale.com\\\/fr\\\/\",\"name\":\"Impression Originale\",\"description\":\"The art of gifting has a new name. The online store for all your wrapping cravings.\",\"publisher\":{\"@id\":\"https:\\\/\\\/www.impressionoriginale.com\\\/fr\\\/#organization\"},\"potentialAction\":[{\"@type\":\"SearchAction\",\"target\":{\"@type\":\"EntryPoint\",\"urlTemplate\":\"https:\\\/\\\/www.impressionoriginale.com\\\/fr\\\/?s={search_term_string}\"},\"query-input\":{\"@type\":\"PropertyValueSpecification\",\"valueRequired\":true,\"valueName\":\"search_term_string\"}}],\"inLanguage\":\"fr-FR\"},{\"@type\":\"Organization\",\"@id\":\"https:\\\/\\\/www.impressionoriginale.com\\\/fr\\\/#organization\",\"name\":\"Impression Originale\",\"url\":\"https:\\\/\\\/www.impressionoriginale.com\\\/fr\\\/\",\"logo\":{\"@type\":\"ImageObject\",\"inLanguage\":\"fr-FR\",\"@id\":\"https:\\\/\\\/www.impressionoriginale.com\\\/fr\\\/#\\\/schema\\\/logo\\\/image\\\/\",\"url\":\"https:\\\/\\\/www.impressionoriginale.com\\\/wp-content\\\/uploads\\\/2021\\\/08\\\/LOGO-2020-BLACK.png\",\"contentUrl\":\"https:\\\/\\\/www.impressionoriginale.com\\\/wp-content\\\/uploads\\\/2021\\\/08\\\/LOGO-2020-BLACK.png\",\"width\":567,\"height\":567,\"caption\":\"Impression Originale\"},\"image\":{\"@id\":\"https:\\\/\\\/www.impressionoriginale.com\\\/fr\\\/#\\\/schema\\\/logo\\\/image\\\/\"}}]}<\/script>\n<!-- \/ Yoast SEO plugin. -->","yoast_head_json":{"title":"Cartes Barbouill\u00e9es Furoshiki I Emballage cadeau de luxe par Impression Originale","description":"Ce carr\u00e9 de tissu furoshiki Cartes Barbouill\u00e9es une reproduction exclusive de la BNF par Impression Originale est imprim\u00e9 et cousu \u00e0 la main. Made in Angers, France.","robots":{"index":"index","follow":"follow","max-snippet":"max-snippet:-1","max-image-preview":"max-image-preview:large","max-video-preview":"max-video-preview:-1"},"canonical":"https:\/\/www.impressionoriginale.com\/fr\/produit\/cartes-barbouillees-furoshiki\/","og_locale":"fr_FR","og_type":"article","og_title":"Cartes Barbouill\u00e9es Furoshiki I Emballage cadeau de luxe par Impression Originale","og_description":"Ce carr\u00e9 de tissu furoshiki Cartes Barbouill\u00e9es une reproduction exclusive de la BNF par Impression Originale est imprim\u00e9 et cousu \u00e0 la main. Made in Angers, France.","og_url":"https:\/\/www.impressionoriginale.com\/fr\/produit\/cartes-barbouillees-furoshiki\/","og_site_name":"Impression Originale","article_modified_time":"2024-12-03T22:11:18+00:00","og_image":[{"width":1500,"height":2000,"url":"https:\/\/www.impressionoriginale.com\/wp-content\/uploads\/2024\/12\/IOR-FURM069BNFS1_Furoshiki_Barbouillees_box_IMPRESSIONORIGINALE.jpg","type":"image\/jpeg"}],"twitter_card":"summary_large_image","twitter_misc":{"Dur\u00e9e de lecture estim\u00e9e":"1 minute"},"schema":{"@context":"https:\/\/schema.org","@graph":[{"@type":"WebPage","@id":"https:\/\/www.impressionoriginale.com\/fr\/produit\/cartes-barbouillees-furoshiki\/","url":"https:\/\/www.impressionoriginale.com\/fr\/produit\/cartes-barbouillees-furoshiki\/","name":"Cartes Barbouill\u00e9es Furoshiki I Emballage cadeau de luxe par Impression Originale","isPartOf":{"@id":"https:\/\/www.impressionoriginale.com\/fr\/#website"},"primaryImageOfPage":{"@id":"https:\/\/www.impressionoriginale.com\/fr\/produit\/cartes-barbouillees-furoshiki\/#primaryimage"},"image":{"@id":"https:\/\/www.impressionoriginale.com\/fr\/produit\/cartes-barbouillees-furoshiki\/#primaryimage"},"thumbnailUrl":"https:\/\/www.impressionoriginale.com\/wp-content\/uploads\/2024\/12\/IOR-FURM069BNFS1_Furoshiki_Barbouillees_box_IMPRESSIONORIGINALE.jpg","datePublished":"2024-07-29T18:13:03+00:00","dateModified":"2024-12-03T22:11:18+00:00","description":"Ce carr\u00e9 de tissu furoshiki Cartes Barbouill\u00e9es une reproduction exclusive de la BNF par Impression Originale est imprim\u00e9 et cousu \u00e0 la main. Made in Angers, France.","breadcrumb":{"@id":"https:\/\/www.impressionoriginale.com\/fr\/produit\/cartes-barbouillees-furoshiki\/#breadcrumb"},"inLanguage":"fr-FR","potentialAction":[{"@type":"ReadAction","target":["https:\/\/www.impressionoriginale.com\/fr\/produit\/cartes-barbouillees-furoshiki\/"]}]},{"@type":"ImageObject","inLanguage":"fr-FR","@id":"https:\/\/www.impressionoriginale.com\/fr\/produit\/cartes-barbouillees-furoshiki\/#primaryimage","url":"https:\/\/www.impressionoriginale.com\/wp-content\/uploads\/2024\/12\/IOR-FURM069BNFS1_Furoshiki_Barbouillees_box_IMPRESSIONORIGINALE.jpg","contentUrl":"https:\/\/www.impressionoriginale.com\/wp-content\/uploads\/2024\/12\/IOR-FURM069BNFS1_Furoshiki_Barbouillees_box_IMPRESSIONORIGINALE.jpg","width":1500,"height":2000,"caption":"Fabric wrap Furoshiki in the design Barbouill\u00e9es by IMPRESSION ORIGINALE with its box"},{"@type":"BreadcrumbList","@id":"https:\/\/www.impressionoriginale.com\/fr\/produit\/cartes-barbouillees-furoshiki\/#breadcrumb","itemListElement":[{"@type":"ListItem","position":1,"name":"Home","item":"https:\/\/www.impressionoriginale.com\/fr\/"},{"@type":"ListItem","position":2,"name":"Boutique","item":"https:\/\/www.impressionoriginale.com\/fr\/boutique\/"},{"@type":"ListItem","position":3,"name":"Cartes Barbouill\u00e9es Furoshiki"}]},{"@type":"WebSite","@id":"https:\/\/www.impressionoriginale.com\/fr\/#website","url":"https:\/\/www.impressionoriginale.com\/fr\/","name":"Impression Originale","description":"The art of gifting has a new name. The online store for all your wrapping cravings.","publisher":{"@id":"https:\/\/www.impressionoriginale.com\/fr\/#organization"},"potentialAction":[{"@type":"SearchAction","target":{"@type":"EntryPoint","urlTemplate":"https:\/\/www.impressionoriginale.com\/fr\/?s={search_term_string}"},"query-input":{"@type":"PropertyValueSpecification","valueRequired":true,"valueName":"search_term_string"}}],"inLanguage":"fr-FR"},{"@type":"Organization","@id":"https:\/\/www.impressionoriginale.com\/fr\/#organization","name":"Impression Originale","url":"https:\/\/www.impressionoriginale.com\/fr\/","logo":{"@type":"ImageObject","inLanguage":"fr-FR","@id":"https:\/\/www.impressionoriginale.com\/fr\/#\/schema\/logo\/image\/","url":"https:\/\/www.impressionoriginale.com\/wp-content\/uploads\/2021\/08\/LOGO-2020-BLACK.png","contentUrl":"https:\/\/www.impressionoriginale.com\/wp-content\/uploads\/2021\/08\/LOGO-2020-BLACK.png","width":567,"height":567,"caption":"Impression Originale"},"image":{"@id":"https:\/\/www.impressionoriginale.com\/fr\/#\/schema\/logo\/image\/"}}]}},"_links":{"self":[{"href":"https:\/\/www.impressionoriginale.com\/fr\/wp-json\/wp\/v2\/product\/11810","targetHints":{"allow":["GET"]}}],"collection":[{"href":"https:\/\/www.impressionoriginale.com\/fr\/wp-json\/wp\/v2\/product"}],"about":[{"href":"https:\/\/www.impressionoriginale.com\/fr\/wp-json\/wp\/v2\/types\/product"}],"wp:featuredmedia":[{"embeddable":true,"href":"https:\/\/www.impressionoriginale.com\/fr\/wp-json\/wp\/v2\/media\/12336"}],"wp:attachment":[{"href":"https:\/\/www.impressionoriginale.com\/fr\/wp-json\/wp\/v2\/media?parent=11810"}],"wp:term":[{"taxonomy":"product_brand","embeddable":true,"href":"https:\/\/www.impressionoriginale.com\/fr\/wp-json\/wp\/v2\/product_brand?post=11810"},{"taxonomy":"product_cat","embeddable":true,"href":"https:\/\/www.impressionoriginale.com\/fr\/wp-json\/wp\/v2\/product_cat?post=11810"},{"taxonomy":"product_tag","embeddable":true,"href":"https:\/\/www.impressionoriginale.com\/fr\/wp-json\/wp\/v2\/product_tag?post=11810"}],"curies":[{"name":"wp","href":"https:\/\/api.w.org\/{rel}","templated":true}]}}