{"id":11984,"date":"2024-09-12T12:01:09","date_gmt":"2024-09-12T12:01:10","guid":{"rendered":"https:\/\/www.impressionoriginale.com\/?post_type=product&#038;p=11984"},"modified":"2024-12-02T09:18:15","modified_gmt":"2024-12-02T09:18:15","slug":"ensemble-abecedaire","status":"publish","type":"product","link":"https:\/\/www.impressionoriginale.com\/fr\/produit\/ensemble-abecedaire\/","title":{"rendered":"Ensemble Ab\u00e9c\u00e9daire"},"content":{"rendered":"<blockquote>\n<p style=\"padding-left: 30px;\"><strong>GRAMMAGE<\/strong> 115 g \/m<sup>2<\/sup><\/p>\n<p style=\"padding-left: 30px;\"><strong>DIMENSIONS<\/strong> 70x100cm (feuille cadeau XL, rouleau)<\/p>\n<p style=\"padding-left: 30px;\"><strong>PAPIER<\/strong> 100% recycl\u00e9<\/p>\n<p style=\"padding-left: 30px;\"><strong>ENCRE<\/strong> Offset pleine couleur, s\u00e9chage UV, recto-verso<\/p>\n<p style=\"padding-left: 30px;\"><strong>PANTONE<\/strong> \u2013 non<\/p>\n<p style=\"padding-left: 30px;\"><strong>ORIGINE<\/strong> Angers, France<\/p>\n<p>\u00a0<\/p>\n<p>Dessin\u00e9s par nos artistes du monde entier et mis sous pli \u00e0 la main par nos petites f\u00e9es \u00e0 Angers, France.<\/p>\n<p>Nos papiers cadeaux et rubans vont sublimer vos cadeaux \u00e0 la perfection et peuvent aussi s\u2019offrir \u00e0 toutes vos autres utilisations cr\u00e9atives, comme la reliure ou les projets artistiques. Laissez nos papiers vous inspirer, et laissez parler votre cr\u00e9ativit\u00e9\u2026<\/p>\n<p><em>\u00ab\u00a0Faites de beaux cadeaux et faites des heureux !\u00a0\u00bb <\/em><\/p><\/blockquote>\n\n\n","protected":false},"excerpt":{"rendered":"<p style=\"text-align: justify;\"><b>Reproduction exclusive BNF<\/b><\/p>\n<h5><em>Ab\u00e9c\u00e9daire<\/em>\u00a0Papier Cadeau<\/h5>\n<p style=\"font-weight: 400;\">H\u00e9ritage mill\u00e9naire les ab\u00e9c\u00e9daires ont berc\u00e9s nos enfances. Chaque lettre a son mot de r\u00e9f\u00e9rence, des images et des couleurs. Des vestiges d\u2019ab\u00e9c\u00e9daire ont \u00e9t\u00e9 retrouv\u00e9s grav\u00e9s sur des vases \u00e9trusques au 9<sup>\u00e8me<\/sup>si\u00e8cle avant J\u00e9sus-Christ. Moli\u00e8re, Shakespeare, Jean de la Fontaine et Charlotte Bront\u00eb y font r\u00e9f\u00e9rence dans leurs ouvrages. L\u2019ab\u00e9c\u00e9daire est pour notre humanit\u00e9 le premier support d\u2019enseignement laiss\u00e9 aux enfants. Charlemagne s\u2019y serait m\u00eame adonn\u00e9 pour apprendre \u00e0 \u00e9crire durant ses insomnies. Cet ab\u00e9c\u00e9daire reprend vie apr\u00e8s sa premi\u00e8re \u00e9dition en 1890. Il est une reproduction d\u2019illustrations tir\u00e9es du \u00ab\u00a0<em>Grand Alphabet de G. Gaulard<\/em>\u00ab\u00a0, en partenariat avec la Biblioth\u00e8que Nationale de France. Il saura ravir les petits qui d\u00e9chiffreront les lettres et les grands qui se replongeront dans leur enfance pour des cadeaux toute en insouciance.<\/p>\n<p>D\u00e9tails techniques :<\/p>\n<ul style=\"list-style-type: disc;\">\n<li>70x100cm<\/li>\n<li>115 g\/m\u00b2<\/li>\n<li>Imprim\u00e9 recto-verso<\/li>\n<\/ul>\n<p><strong>Dans ce Kit<\/strong>: 1 PAPIER CADEAU + RUBAN (2.5m) ou NOEUD de votre choix.<\/p>\n<p style=\"text-align: center;\"><em>Note : Tous nos papiers cadeaux sont envoy\u00e9s roul\u00e9s soigneusement dans un tube.<\/em><\/p>\n","protected":false},"featured_media":11903,"template":"","meta":[],"product_brand":[],"product_cat":[910,329,909,1089],"product_tag":[88],"class_list":{"0":"post-11984","1":"product","2":"type-product","3":"status-publish","4":"has-post-thumbnail","6":"product_cat-anniversaire","7":"product_cat-ensembles","8":"product_cat-naissance","9":"product_cat-papier-cadeau-ruban","10":"product_tag-impression-originale-fr-2","12":"first","13":"instock","14":"taxable","15":"shipping-taxable","16":"purchasable","17":"product-type-bundle"},"bundled_by":[],"bundle_stock_status":"instock","bundle_stock_quantity":507,"bundle_virtual":false,"bundle_layout":"default","bundle_add_to_cart_form_location":"default","bundle_editable_in_cart":true,"bundle_sold_individually_context":"product","bundle_item_grouping":"parent","bundle_min_size":"","bundle_max_size":"","bundle_price":{"price":{"min":{"incl_tax":"14","excl_tax":"11.66"},"max":{"incl_tax":"","excl_tax":""}},"regular_price":{"min":{"incl_tax":"14","excl_tax":"11.66"},"max":{"incl_tax":"","excl_tax":""}}},"bundled_items":[{"bundled_item_id":2419,"product_id":11818,"menu_order":0,"quantity_min":1,"quantity_max":"","quantity_default":1,"priced_individually":true,"shipped_individually":false,"override_title":false,"title":"Ab\u00e9c\u00e9daire Papier Cadeau","override_description":true,"description":"","optional":false,"hide_thumbnail":false,"discount":"","override_variations":false,"allowed_variations":[""],"override_default_variation_attributes":false,"default_variation_attributes":[],"single_product_visibility":"visible","cart_visibility":"visible","order_visibility":"visible","single_product_price_visibility":"visible","cart_price_visibility":"visible","order_price_visibility":"visible","stock_status":"in_stock"},{"bundled_item_id":2420,"product_id":1267,"menu_order":1,"quantity_min":1,"quantity_max":"","quantity_default":1,"priced_individually":true,"shipped_individually":false,"override_title":false,"title":"Ruban Cordon ray\u00e9 rouge et blanc n\u00b0901 (4mm)","override_description":true,"description":"","optional":true,"hide_thumbnail":false,"discount":"","override_variations":false,"allowed_variations":[""],"override_default_variation_attributes":false,"default_variation_attributes":[],"single_product_visibility":"visible","cart_visibility":"visible","order_visibility":"visible","single_product_price_visibility":"visible","cart_price_visibility":"visible","order_price_visibility":"visible","stock_status":"in_stock"},{"bundled_item_id":2421,"product_id":10195,"menu_order":2,"quantity_min":1,"quantity_max":"","quantity_default":1,"priced_individually":true,"shipped_individually":false,"override_title":false,"title":"N\u0153ud velours vert amande n\u00b0436 (L)","override_description":true,"description":"","optional":true,"hide_thumbnail":false,"discount":"","override_variations":false,"allowed_variations":[""],"override_default_variation_attributes":false,"default_variation_attributes":[],"single_product_visibility":"visible","cart_visibility":"visible","order_visibility":"visible","single_product_price_visibility":"visible","cart_price_visibility":"visible","order_price_visibility":"visible","stock_status":"in_stock"},{"bundled_item_id":2422,"product_id":10210,"menu_order":3,"quantity_min":1,"quantity_max":"","quantity_default":1,"priced_individually":true,"shipped_individually":false,"override_title":false,"title":"N\u0153ud satin ail\u00e9 mordor\u00e9 n\u00b0304 (L)","override_description":true,"description":"","optional":true,"hide_thumbnail":false,"discount":"","override_variations":false,"allowed_variations":[""],"override_default_variation_attributes":false,"default_variation_attributes":[],"single_product_visibility":"visible","cart_visibility":"visible","order_visibility":"visible","single_product_price_visibility":"visible","cart_price_visibility":"visible","order_price_visibility":"visible","stock_status":"in_stock"},{"bundled_item_id":2423,"product_id":9629,"menu_order":4,"quantity_min":1,"quantity_max":"","quantity_default":1,"priced_individually":true,"shipped_individually":false,"override_title":false,"title":"Etiquettes Cadeaux &#8211; Rouge","override_description":true,"description":"","optional":true,"hide_thumbnail":false,"discount":"","override_variations":false,"allowed_variations":[""],"override_default_variation_attributes":false,"default_variation_attributes":[],"single_product_visibility":"visible","cart_visibility":"visible","order_visibility":"visible","single_product_price_visibility":"visible","cart_price_visibility":"visible","order_price_visibility":"visible","stock_status":"in_stock"}],"bundle_sell_ids":[],"yoast_head":"<!-- This site is optimized with the Yoast SEO plugin v27.5 - https:\/\/yoast.com\/product\/yoast-seo-wordpress\/ -->\n<title>Ensemble Ab\u00e9c\u00e9daire - Impression Originale<\/title>\n<meta name=\"description\" content=\"Ce papier cadeau &quot;Ab\u00e9c\u00e9daire&quot; est parfait avec ses associations de noeuds et rubans par Impression Originale sur du papier 100% recycl\u00e9 de qualit\u00e9, made in France.\" \/>\n<meta name=\"robots\" content=\"index, follow, max-snippet:-1, max-image-preview:large, max-video-preview:-1\" \/>\n<link rel=\"canonical\" href=\"https:\/\/www.impressionoriginale.com\/fr\/produit\/ensemble-abecedaire\/\" \/>\n<meta property=\"og:locale\" content=\"fr_FR\" \/>\n<meta property=\"og:type\" content=\"article\" \/>\n<meta property=\"og:title\" content=\"Ensemble Ab\u00e9c\u00e9daire - Impression Originale\" \/>\n<meta property=\"og:description\" content=\"Ce papier cadeau &quot;Ab\u00e9c\u00e9daire&quot; est parfait avec ses associations de noeuds et rubans par Impression Originale sur du papier 100% recycl\u00e9 de qualit\u00e9, made in France.\" \/>\n<meta property=\"og:url\" content=\"https:\/\/www.impressionoriginale.com\/fr\/produit\/ensemble-abecedaire\/\" \/>\n<meta property=\"og:site_name\" content=\"Impression Originale\" \/>\n<meta property=\"article:modified_time\" content=\"2024-12-02T09:18:15+00:00\" \/>\n<meta property=\"og:image\" content=\"https:\/\/www.impressionoriginale.com\/wp-content\/uploads\/2024\/09\/IOR-0068BNFS1C2024_ABC_History_bestpaired_all_IMPRESSION.ORIGINALE.jpg\" \/>\n\t<meta property=\"og:image:width\" content=\"1500\" \/>\n\t<meta property=\"og:image:height\" content=\"2000\" \/>\n\t<meta property=\"og:image:type\" content=\"image\/jpeg\" \/>\n<meta name=\"twitter:card\" content=\"summary_large_image\" \/>\n<script type=\"application\/ld+json\" class=\"yoast-schema-graph\">{\"@context\":\"https:\\\/\\\/schema.org\",\"@graph\":[{\"@type\":\"WebPage\",\"@id\":\"https:\\\/\\\/www.impressionoriginale.com\\\/fr\\\/produit\\\/ensemble-abecedaire\\\/\",\"url\":\"https:\\\/\\\/www.impressionoriginale.com\\\/fr\\\/produit\\\/ensemble-abecedaire\\\/\",\"name\":\"Ensemble Ab\u00e9c\u00e9daire - Impression Originale\",\"isPartOf\":{\"@id\":\"https:\\\/\\\/www.impressionoriginale.com\\\/fr\\\/#website\"},\"primaryImageOfPage\":{\"@id\":\"https:\\\/\\\/www.impressionoriginale.com\\\/fr\\\/produit\\\/ensemble-abecedaire\\\/#primaryimage\"},\"image\":{\"@id\":\"https:\\\/\\\/www.impressionoriginale.com\\\/fr\\\/produit\\\/ensemble-abecedaire\\\/#primaryimage\"},\"thumbnailUrl\":\"https:\\\/\\\/www.impressionoriginale.com\\\/wp-content\\\/uploads\\\/2024\\\/09\\\/IOR-0068BNFS1C2024_ABC_History_bestpaired_all_IMPRESSION.ORIGINALE.jpg\",\"datePublished\":\"2024-09-12T12:01:10+00:00\",\"dateModified\":\"2024-12-02T09:18:15+00:00\",\"description\":\"Ce papier cadeau \\\"Ab\u00e9c\u00e9daire\\\" est parfait avec ses associations de noeuds et rubans par Impression Originale sur du papier 100% recycl\u00e9 de qualit\u00e9, made in France.\",\"breadcrumb\":{\"@id\":\"https:\\\/\\\/www.impressionoriginale.com\\\/fr\\\/produit\\\/ensemble-abecedaire\\\/#breadcrumb\"},\"inLanguage\":\"fr-FR\",\"potentialAction\":[{\"@type\":\"ReadAction\",\"target\":[\"https:\\\/\\\/www.impressionoriginale.com\\\/fr\\\/produit\\\/ensemble-abecedaire\\\/\"]}]},{\"@type\":\"ImageObject\",\"inLanguage\":\"fr-FR\",\"@id\":\"https:\\\/\\\/www.impressionoriginale.com\\\/fr\\\/produit\\\/ensemble-abecedaire\\\/#primaryimage\",\"url\":\"https:\\\/\\\/www.impressionoriginale.com\\\/wp-content\\\/uploads\\\/2024\\\/09\\\/IOR-0068BNFS1C2024_ABC_History_bestpaired_all_IMPRESSION.ORIGINALE.jpg\",\"contentUrl\":\"https:\\\/\\\/www.impressionoriginale.com\\\/wp-content\\\/uploads\\\/2024\\\/09\\\/IOR-0068BNFS1C2024_ABC_History_bestpaired_all_IMPRESSION.ORIGINALE.jpg\",\"width\":1500,\"height\":2000,\"caption\":\"Historic paired with bow and cord by IMPRESSION ORIGINALE\"},{\"@type\":\"BreadcrumbList\",\"@id\":\"https:\\\/\\\/www.impressionoriginale.com\\\/fr\\\/produit\\\/ensemble-abecedaire\\\/#breadcrumb\",\"itemListElement\":[{\"@type\":\"ListItem\",\"position\":1,\"name\":\"Home\",\"item\":\"https:\\\/\\\/www.impressionoriginale.com\\\/fr\\\/\"},{\"@type\":\"ListItem\",\"position\":2,\"name\":\"Boutique\",\"item\":\"https:\\\/\\\/www.impressionoriginale.com\\\/fr\\\/boutique\\\/\"},{\"@type\":\"ListItem\",\"position\":3,\"name\":\"Ensemble Ab\u00e9c\u00e9daire\"}]},{\"@type\":\"WebSite\",\"@id\":\"https:\\\/\\\/www.impressionoriginale.com\\\/fr\\\/#website\",\"url\":\"https:\\\/\\\/www.impressionoriginale.com\\\/fr\\\/\",\"name\":\"Impression Originale\",\"description\":\"The art of gifting has a new name. The online store for all your wrapping cravings.\",\"publisher\":{\"@id\":\"https:\\\/\\\/www.impressionoriginale.com\\\/fr\\\/#organization\"},\"potentialAction\":[{\"@type\":\"SearchAction\",\"target\":{\"@type\":\"EntryPoint\",\"urlTemplate\":\"https:\\\/\\\/www.impressionoriginale.com\\\/fr\\\/?s={search_term_string}\"},\"query-input\":{\"@type\":\"PropertyValueSpecification\",\"valueRequired\":true,\"valueName\":\"search_term_string\"}}],\"inLanguage\":\"fr-FR\"},{\"@type\":\"Organization\",\"@id\":\"https:\\\/\\\/www.impressionoriginale.com\\\/fr\\\/#organization\",\"name\":\"Impression Originale\",\"url\":\"https:\\\/\\\/www.impressionoriginale.com\\\/fr\\\/\",\"logo\":{\"@type\":\"ImageObject\",\"inLanguage\":\"fr-FR\",\"@id\":\"https:\\\/\\\/www.impressionoriginale.com\\\/fr\\\/#\\\/schema\\\/logo\\\/image\\\/\",\"url\":\"https:\\\/\\\/www.impressionoriginale.com\\\/wp-content\\\/uploads\\\/2021\\\/08\\\/LOGO-2020-BLACK.png\",\"contentUrl\":\"https:\\\/\\\/www.impressionoriginale.com\\\/wp-content\\\/uploads\\\/2021\\\/08\\\/LOGO-2020-BLACK.png\",\"width\":567,\"height\":567,\"caption\":\"Impression Originale\"},\"image\":{\"@id\":\"https:\\\/\\\/www.impressionoriginale.com\\\/fr\\\/#\\\/schema\\\/logo\\\/image\\\/\"}}]}<\/script>\n<!-- \/ Yoast SEO plugin. -->","yoast_head_json":{"title":"Ensemble Ab\u00e9c\u00e9daire - Impression Originale","description":"Ce papier cadeau \"Ab\u00e9c\u00e9daire\" est parfait avec ses associations de noeuds et rubans par Impression Originale sur du papier 100% recycl\u00e9 de qualit\u00e9, made in France.","robots":{"index":"index","follow":"follow","max-snippet":"max-snippet:-1","max-image-preview":"max-image-preview:large","max-video-preview":"max-video-preview:-1"},"canonical":"https:\/\/www.impressionoriginale.com\/fr\/produit\/ensemble-abecedaire\/","og_locale":"fr_FR","og_type":"article","og_title":"Ensemble Ab\u00e9c\u00e9daire - Impression Originale","og_description":"Ce papier cadeau \"Ab\u00e9c\u00e9daire\" est parfait avec ses associations de noeuds et rubans par Impression Originale sur du papier 100% recycl\u00e9 de qualit\u00e9, made in France.","og_url":"https:\/\/www.impressionoriginale.com\/fr\/produit\/ensemble-abecedaire\/","og_site_name":"Impression Originale","article_modified_time":"2024-12-02T09:18:15+00:00","og_image":[{"width":1500,"height":2000,"url":"https:\/\/www.impressionoriginale.com\/wp-content\/uploads\/2024\/09\/IOR-0068BNFS1C2024_ABC_History_bestpaired_all_IMPRESSION.ORIGINALE.jpg","type":"image\/jpeg"}],"twitter_card":"summary_large_image","schema":{"@context":"https:\/\/schema.org","@graph":[{"@type":"WebPage","@id":"https:\/\/www.impressionoriginale.com\/fr\/produit\/ensemble-abecedaire\/","url":"https:\/\/www.impressionoriginale.com\/fr\/produit\/ensemble-abecedaire\/","name":"Ensemble Ab\u00e9c\u00e9daire - Impression Originale","isPartOf":{"@id":"https:\/\/www.impressionoriginale.com\/fr\/#website"},"primaryImageOfPage":{"@id":"https:\/\/www.impressionoriginale.com\/fr\/produit\/ensemble-abecedaire\/#primaryimage"},"image":{"@id":"https:\/\/www.impressionoriginale.com\/fr\/produit\/ensemble-abecedaire\/#primaryimage"},"thumbnailUrl":"https:\/\/www.impressionoriginale.com\/wp-content\/uploads\/2024\/09\/IOR-0068BNFS1C2024_ABC_History_bestpaired_all_IMPRESSION.ORIGINALE.jpg","datePublished":"2024-09-12T12:01:10+00:00","dateModified":"2024-12-02T09:18:15+00:00","description":"Ce papier cadeau \"Ab\u00e9c\u00e9daire\" est parfait avec ses associations de noeuds et rubans par Impression Originale sur du papier 100% recycl\u00e9 de qualit\u00e9, made in France.","breadcrumb":{"@id":"https:\/\/www.impressionoriginale.com\/fr\/produit\/ensemble-abecedaire\/#breadcrumb"},"inLanguage":"fr-FR","potentialAction":[{"@type":"ReadAction","target":["https:\/\/www.impressionoriginale.com\/fr\/produit\/ensemble-abecedaire\/"]}]},{"@type":"ImageObject","inLanguage":"fr-FR","@id":"https:\/\/www.impressionoriginale.com\/fr\/produit\/ensemble-abecedaire\/#primaryimage","url":"https:\/\/www.impressionoriginale.com\/wp-content\/uploads\/2024\/09\/IOR-0068BNFS1C2024_ABC_History_bestpaired_all_IMPRESSION.ORIGINALE.jpg","contentUrl":"https:\/\/www.impressionoriginale.com\/wp-content\/uploads\/2024\/09\/IOR-0068BNFS1C2024_ABC_History_bestpaired_all_IMPRESSION.ORIGINALE.jpg","width":1500,"height":2000,"caption":"Historic paired with bow and cord by IMPRESSION ORIGINALE"},{"@type":"BreadcrumbList","@id":"https:\/\/www.impressionoriginale.com\/fr\/produit\/ensemble-abecedaire\/#breadcrumb","itemListElement":[{"@type":"ListItem","position":1,"name":"Home","item":"https:\/\/www.impressionoriginale.com\/fr\/"},{"@type":"ListItem","position":2,"name":"Boutique","item":"https:\/\/www.impressionoriginale.com\/fr\/boutique\/"},{"@type":"ListItem","position":3,"name":"Ensemble Ab\u00e9c\u00e9daire"}]},{"@type":"WebSite","@id":"https:\/\/www.impressionoriginale.com\/fr\/#website","url":"https:\/\/www.impressionoriginale.com\/fr\/","name":"Impression Originale","description":"The art of gifting has a new name. The online store for all your wrapping cravings.","publisher":{"@id":"https:\/\/www.impressionoriginale.com\/fr\/#organization"},"potentialAction":[{"@type":"SearchAction","target":{"@type":"EntryPoint","urlTemplate":"https:\/\/www.impressionoriginale.com\/fr\/?s={search_term_string}"},"query-input":{"@type":"PropertyValueSpecification","valueRequired":true,"valueName":"search_term_string"}}],"inLanguage":"fr-FR"},{"@type":"Organization","@id":"https:\/\/www.impressionoriginale.com\/fr\/#organization","name":"Impression Originale","url":"https:\/\/www.impressionoriginale.com\/fr\/","logo":{"@type":"ImageObject","inLanguage":"fr-FR","@id":"https:\/\/www.impressionoriginale.com\/fr\/#\/schema\/logo\/image\/","url":"https:\/\/www.impressionoriginale.com\/wp-content\/uploads\/2021\/08\/LOGO-2020-BLACK.png","contentUrl":"https:\/\/www.impressionoriginale.com\/wp-content\/uploads\/2021\/08\/LOGO-2020-BLACK.png","width":567,"height":567,"caption":"Impression Originale"},"image":{"@id":"https:\/\/www.impressionoriginale.com\/fr\/#\/schema\/logo\/image\/"}}]}},"_links":{"self":[{"href":"https:\/\/www.impressionoriginale.com\/fr\/wp-json\/wp\/v2\/product\/11984","targetHints":{"allow":["GET"]}}],"collection":[{"href":"https:\/\/www.impressionoriginale.com\/fr\/wp-json\/wp\/v2\/product"}],"about":[{"href":"https:\/\/www.impressionoriginale.com\/fr\/wp-json\/wp\/v2\/types\/product"}],"wp:featuredmedia":[{"embeddable":true,"href":"https:\/\/www.impressionoriginale.com\/fr\/wp-json\/wp\/v2\/media\/11903"}],"wp:attachment":[{"href":"https:\/\/www.impressionoriginale.com\/fr\/wp-json\/wp\/v2\/media?parent=11984"}],"wp:term":[{"taxonomy":"product_brand","embeddable":true,"href":"https:\/\/www.impressionoriginale.com\/fr\/wp-json\/wp\/v2\/product_brand?post=11984"},{"taxonomy":"product_cat","embeddable":true,"href":"https:\/\/www.impressionoriginale.com\/fr\/wp-json\/wp\/v2\/product_cat?post=11984"},{"taxonomy":"product_tag","embeddable":true,"href":"https:\/\/www.impressionoriginale.com\/fr\/wp-json\/wp\/v2\/product_tag?post=11984"}],"curies":[{"name":"wp","href":"https:\/\/api.w.org\/{rel}","templated":true}]}}