{"id":12031,"date":"2024-09-22T17:13:12","date_gmt":"2024-09-22T17:13:13","guid":{"rendered":"https:\/\/www.impressionoriginale.com\/?post_type=product&#038;p=12031"},"modified":"2024-09-22T17:55:43","modified_gmt":"2024-09-22T17:55:43","slug":"coquillages-perles-papier-cadeau-x3","status":"publish","type":"product","link":"https:\/\/www.impressionoriginale.com\/fr\/produit\/coquillages-perles-papier-cadeau-x3\/","title":{"rendered":"Coquillages perl\u00e9s Papier Cadeau x3"},"content":{"rendered":"<p style=\"padding-left: 30px;\"><strong>GRAMMAGE<\/strong> 115 g \/m<sup>2<\/sup><\/p>\n<p style=\"padding-left: 30px;\"><strong>DIMENSIONS<\/strong> 70x100cm (feuille cadeau XL, rouleau)<\/p>\n<p style=\"padding-left: 30px;\"><strong>PAPIER<\/strong> Cyclus \u2013 100% recycl\u00e9<\/p>\n<p style=\"padding-left: 30px;\"><strong>ENCRE<\/strong> Impression offset CMJK, s\u00e9chage UV, bi-face (avec grille de d\u00e9coupe facile au verso)<\/p>\n<p style=\"padding-left: 30px;\"><strong>ORIGINE<\/strong> Angers, France<\/p>\n<p>\u00a0<\/p>\n<p>Nos papiers cadeaux et rubans vont sublimer vos cadeaux \u00e0 la perfection et peuvent aussi s\u2019offrir \u00e0 toutes vos autres utilisations cr\u00e9atives, comme la reliure ou les projets artistiques.<\/p>\n<p><em>\u00ab\u00a0Faites de beaux cadeaux et faites des heureux !\u00a0\u00bb <\/em><\/p>\n\n\n","protected":false},"excerpt":{"rendered":"<h5><strong>Coquillages perl\u00e9s &#8211; Papier Cadeau x3<\/strong><\/h5>\n<p style=\"font-weight: 400;\">D\u00e9couvrez notre trio de papiers cadeaux, tr\u00e9sors d\u2019\u00e9l\u00e9gance fine,<\/p>\n<p style=\"font-weight: 400;\">O\u00f9 les \u00ab\u00a0coquillages nacr\u00e9s\u00a0\u00bb, se parent d\u2019or et de rose qui \u00e0 la lumi\u00e8re s\u2019illuminent.<\/p>\n<p style=\"font-weight: 400;\">Associ\u00e9s \u00e0 \u00ab\u00a0Plong\u00e9e en Eaux Profondes\u00a0\u00bb d\u2019or rose \u00e9tincelant,<\/p>\n<p style=\"font-weight: 400;\">Vos pr\u00e9sents resplendiront sous un art \u00e9clatant.<\/p>\n<p><strong>Dans ce Kit<\/strong>: 3 PAPIERS CADEAUX<\/p>\n<ul style=\"list-style-type: disc;\">\n<li>3 x feuilles de papiers cadeaux<\/li>\n<li>70x100cm<\/li>\n<li>100-115 g\/m\u00b2<\/li>\n<li>Imprim\u00e9 recto-verso<\/li>\n<\/ul>\n<p style=\"text-align: center;\"><em>Note : Nos papiers cadeaux sont roul\u00e9s en feuille enti\u00e8re et envoy\u00e9es dans tube protecteur.<\/em><\/p>\n<p style=\"padding-left: 30px;\">\n","protected":false},"featured_media":11951,"template":"","meta":[],"product_brand":[],"product_cat":[910,1087],"product_tag":[1005,88,81,899,1095],"class_list":{"0":"post-12031","1":"product","2":"type-product","3":"status-publish","4":"has-post-thumbnail","6":"product_cat-anniversaire","7":"product_cat-kit-papiers-cadeaux","8":"product_tag-feuilles-x3","9":"product_tag-impression-originale-fr-2","10":"product_tag-papier-cadeau-fr","11":"product_tag-papier-recycle-fr","12":"product_tag-papiers-cadeaux","14":"first","15":"instock","16":"taxable","17":"shipping-taxable","18":"purchasable","19":"product-type-bundle"},"bundled_by":[],"bundle_stock_status":"instock","bundle_stock_quantity":19,"bundle_virtual":false,"bundle_layout":"default","bundle_add_to_cart_form_location":"default","bundle_editable_in_cart":true,"bundle_sold_individually_context":"product","bundle_item_grouping":"parent","bundle_min_size":"","bundle_max_size":"","bundle_price":{"price":{"min":{"incl_tax":"21","excl_tax":"17.49"},"max":{"incl_tax":"","excl_tax":""}},"regular_price":{"min":{"incl_tax":"21","excl_tax":"17.49"},"max":{"incl_tax":"","excl_tax":""}}},"bundled_items":[{"bundled_item_id":2583,"product_id":11812,"menu_order":0,"quantity_min":1,"quantity_max":"","quantity_default":1,"priced_individually":true,"shipped_individually":false,"override_title":false,"title":"Coquillages nacr\u00e9s &#8211; or rose &#8211; Papier Cadeau","override_description":true,"description":"","optional":false,"hide_thumbnail":false,"discount":"","override_variations":false,"allowed_variations":[""],"override_default_variation_attributes":false,"default_variation_attributes":[],"single_product_visibility":"visible","cart_visibility":"visible","order_visibility":"visible","single_product_price_visibility":"visible","cart_price_visibility":"visible","order_price_visibility":"visible","stock_status":"in_stock"},{"bundled_item_id":2584,"product_id":11020,"menu_order":1,"quantity_min":1,"quantity_max":"","quantity_default":1,"priced_individually":true,"shipped_individually":false,"override_title":false,"title":"Plong\u00e9e en eaux profondes &#8211; or rose &#8211; Papier Cadeau","override_description":true,"description":"","optional":false,"hide_thumbnail":false,"discount":"","override_variations":false,"allowed_variations":[""],"override_default_variation_attributes":false,"default_variation_attributes":[],"single_product_visibility":"visible","cart_visibility":"visible","order_visibility":"visible","single_product_price_visibility":"visible","cart_price_visibility":"visible","order_price_visibility":"visible","stock_status":"in_stock"},{"bundled_item_id":2585,"product_id":10676,"menu_order":2,"quantity_min":1,"quantity_max":"","quantity_default":1,"priced_individually":true,"shipped_individually":false,"override_title":false,"title":"Coquillages nacr\u00e9s &#8211; or &#8211; Papier Cadeau","override_description":true,"description":"","optional":false,"hide_thumbnail":false,"discount":"","override_variations":false,"allowed_variations":[""],"override_default_variation_attributes":false,"default_variation_attributes":[],"single_product_visibility":"visible","cart_visibility":"visible","order_visibility":"visible","single_product_price_visibility":"visible","cart_price_visibility":"visible","order_price_visibility":"visible","stock_status":"in_stock"}],"bundle_sell_ids":[],"yoast_head":"<!-- This site is optimized with the Yoast SEO plugin v27.3 - https:\/\/yoast.com\/product\/yoast-seo-wordpress\/ -->\n<title>Coquillages perl\u00e9s Papier Cadeau x3 - Impression Originale<\/title>\n<meta name=\"description\" content=\"Coquillages perl\u00e9s est une s\u00e9lection de 3 papiers cadeaux associ\u00e9s. Imprim\u00e9 sur du papier 100% recycl\u00e9. Made in France par Impression Originale.\" \/>\n<meta name=\"robots\" content=\"index, follow, max-snippet:-1, max-image-preview:large, max-video-preview:-1\" \/>\n<link rel=\"canonical\" href=\"https:\/\/www.impressionoriginale.com\/fr\/produit\/coquillages-perles-papier-cadeau-x3\/\" \/>\n<meta property=\"og:locale\" content=\"fr_FR\" \/>\n<meta property=\"og:type\" content=\"article\" \/>\n<meta property=\"og:title\" content=\"Coquillages perl\u00e9s Papier Cadeau x3 - Impression Originale\" \/>\n<meta property=\"og:description\" content=\"Coquillages perl\u00e9s est une s\u00e9lection de 3 papiers cadeaux associ\u00e9s. Imprim\u00e9 sur du papier 100% recycl\u00e9. Made in France par Impression Originale.\" \/>\n<meta property=\"og:url\" content=\"https:\/\/www.impressionoriginale.com\/fr\/produit\/coquillages-perles-papier-cadeau-x3\/\" \/>\n<meta property=\"og:site_name\" content=\"Impression Originale\" \/>\n<meta property=\"article:modified_time\" content=\"2024-09-22T17:55:43+00:00\" \/>\n<meta property=\"og:image\" content=\"https:\/\/www.impressionoriginale.com\/wp-content\/uploads\/2024\/09\/IOR-ASST051COQ_tube_IMPRESSION_ORIGINALE.jpg\" \/>\n\t<meta property=\"og:image:width\" content=\"1500\" \/>\n\t<meta property=\"og:image:height\" content=\"2000\" \/>\n\t<meta property=\"og:image:type\" content=\"image\/jpeg\" \/>\n<meta name=\"twitter:card\" content=\"summary_large_image\" \/>\n<script type=\"application\/ld+json\" class=\"yoast-schema-graph\">{\"@context\":\"https:\\\/\\\/schema.org\",\"@graph\":[{\"@type\":\"WebPage\",\"@id\":\"https:\\\/\\\/www.impressionoriginale.com\\\/fr\\\/produit\\\/coquillages-perles-papier-cadeau-x3\\\/\",\"url\":\"https:\\\/\\\/www.impressionoriginale.com\\\/fr\\\/produit\\\/coquillages-perles-papier-cadeau-x3\\\/\",\"name\":\"Coquillages perl\u00e9s Papier Cadeau x3 - Impression Originale\",\"isPartOf\":{\"@id\":\"https:\\\/\\\/www.impressionoriginale.com\\\/fr\\\/#website\"},\"primaryImageOfPage\":{\"@id\":\"https:\\\/\\\/www.impressionoriginale.com\\\/fr\\\/produit\\\/coquillages-perles-papier-cadeau-x3\\\/#primaryimage\"},\"image\":{\"@id\":\"https:\\\/\\\/www.impressionoriginale.com\\\/fr\\\/produit\\\/coquillages-perles-papier-cadeau-x3\\\/#primaryimage\"},\"thumbnailUrl\":\"https:\\\/\\\/www.impressionoriginale.com\\\/wp-content\\\/uploads\\\/2024\\\/09\\\/IOR-ASST051COQ_tube_IMPRESSION_ORIGINALE.jpg\",\"datePublished\":\"2024-09-22T17:13:13+00:00\",\"dateModified\":\"2024-09-22T17:55:43+00:00\",\"description\":\"Coquillages perl\u00e9s est une s\u00e9lection de 3 papiers cadeaux associ\u00e9s. Imprim\u00e9 sur du papier 100% recycl\u00e9. Made in France par Impression Originale.\",\"breadcrumb\":{\"@id\":\"https:\\\/\\\/www.impressionoriginale.com\\\/fr\\\/produit\\\/coquillages-perles-papier-cadeau-x3\\\/#breadcrumb\"},\"inLanguage\":\"fr-FR\",\"potentialAction\":[{\"@type\":\"ReadAction\",\"target\":[\"https:\\\/\\\/www.impressionoriginale.com\\\/fr\\\/produit\\\/coquillages-perles-papier-cadeau-x3\\\/\"]}]},{\"@type\":\"ImageObject\",\"inLanguage\":\"fr-FR\",\"@id\":\"https:\\\/\\\/www.impressionoriginale.com\\\/fr\\\/produit\\\/coquillages-perles-papier-cadeau-x3\\\/#primaryimage\",\"url\":\"https:\\\/\\\/www.impressionoriginale.com\\\/wp-content\\\/uploads\\\/2024\\\/09\\\/IOR-ASST051COQ_tube_IMPRESSION_ORIGINALE.jpg\",\"contentUrl\":\"https:\\\/\\\/www.impressionoriginale.com\\\/wp-content\\\/uploads\\\/2024\\\/09\\\/IOR-ASST051COQ_tube_IMPRESSION_ORIGINALE.jpg\",\"width\":1500,\"height\":2000,\"caption\":\"Shimmering Seashells IOR-ASST051COQ IMPRESSION ORIGINALE wrap x3\"},{\"@type\":\"BreadcrumbList\",\"@id\":\"https:\\\/\\\/www.impressionoriginale.com\\\/fr\\\/produit\\\/coquillages-perles-papier-cadeau-x3\\\/#breadcrumb\",\"itemListElement\":[{\"@type\":\"ListItem\",\"position\":1,\"name\":\"Home\",\"item\":\"https:\\\/\\\/www.impressionoriginale.com\\\/fr\\\/\"},{\"@type\":\"ListItem\",\"position\":2,\"name\":\"Boutique\",\"item\":\"https:\\\/\\\/www.impressionoriginale.com\\\/fr\\\/boutique\\\/\"},{\"@type\":\"ListItem\",\"position\":3,\"name\":\"Coquillages perl\u00e9s Papier Cadeau x3\"}]},{\"@type\":\"WebSite\",\"@id\":\"https:\\\/\\\/www.impressionoriginale.com\\\/fr\\\/#website\",\"url\":\"https:\\\/\\\/www.impressionoriginale.com\\\/fr\\\/\",\"name\":\"Impression Originale\",\"description\":\"The art of gifting has a new name. The online store for all your wrapping cravings.\",\"publisher\":{\"@id\":\"https:\\\/\\\/www.impressionoriginale.com\\\/fr\\\/#organization\"},\"potentialAction\":[{\"@type\":\"SearchAction\",\"target\":{\"@type\":\"EntryPoint\",\"urlTemplate\":\"https:\\\/\\\/www.impressionoriginale.com\\\/fr\\\/?s={search_term_string}\"},\"query-input\":{\"@type\":\"PropertyValueSpecification\",\"valueRequired\":true,\"valueName\":\"search_term_string\"}}],\"inLanguage\":\"fr-FR\"},{\"@type\":\"Organization\",\"@id\":\"https:\\\/\\\/www.impressionoriginale.com\\\/fr\\\/#organization\",\"name\":\"Impression Originale\",\"url\":\"https:\\\/\\\/www.impressionoriginale.com\\\/fr\\\/\",\"logo\":{\"@type\":\"ImageObject\",\"inLanguage\":\"fr-FR\",\"@id\":\"https:\\\/\\\/www.impressionoriginale.com\\\/fr\\\/#\\\/schema\\\/logo\\\/image\\\/\",\"url\":\"https:\\\/\\\/www.impressionoriginale.com\\\/wp-content\\\/uploads\\\/2021\\\/08\\\/LOGO-2020-BLACK.png\",\"contentUrl\":\"https:\\\/\\\/www.impressionoriginale.com\\\/wp-content\\\/uploads\\\/2021\\\/08\\\/LOGO-2020-BLACK.png\",\"width\":567,\"height\":567,\"caption\":\"Impression Originale\"},\"image\":{\"@id\":\"https:\\\/\\\/www.impressionoriginale.com\\\/fr\\\/#\\\/schema\\\/logo\\\/image\\\/\"}}]}<\/script>\n<!-- \/ Yoast SEO plugin. -->","yoast_head_json":{"title":"Coquillages perl\u00e9s Papier Cadeau x3 - Impression Originale","description":"Coquillages perl\u00e9s est une s\u00e9lection de 3 papiers cadeaux associ\u00e9s. Imprim\u00e9 sur du papier 100% recycl\u00e9. Made in France par Impression Originale.","robots":{"index":"index","follow":"follow","max-snippet":"max-snippet:-1","max-image-preview":"max-image-preview:large","max-video-preview":"max-video-preview:-1"},"canonical":"https:\/\/www.impressionoriginale.com\/fr\/produit\/coquillages-perles-papier-cadeau-x3\/","og_locale":"fr_FR","og_type":"article","og_title":"Coquillages perl\u00e9s Papier Cadeau x3 - Impression Originale","og_description":"Coquillages perl\u00e9s est une s\u00e9lection de 3 papiers cadeaux associ\u00e9s. Imprim\u00e9 sur du papier 100% recycl\u00e9. Made in France par Impression Originale.","og_url":"https:\/\/www.impressionoriginale.com\/fr\/produit\/coquillages-perles-papier-cadeau-x3\/","og_site_name":"Impression Originale","article_modified_time":"2024-09-22T17:55:43+00:00","og_image":[{"width":1500,"height":2000,"url":"https:\/\/www.impressionoriginale.com\/wp-content\/uploads\/2024\/09\/IOR-ASST051COQ_tube_IMPRESSION_ORIGINALE.jpg","type":"image\/jpeg"}],"twitter_card":"summary_large_image","schema":{"@context":"https:\/\/schema.org","@graph":[{"@type":"WebPage","@id":"https:\/\/www.impressionoriginale.com\/fr\/produit\/coquillages-perles-papier-cadeau-x3\/","url":"https:\/\/www.impressionoriginale.com\/fr\/produit\/coquillages-perles-papier-cadeau-x3\/","name":"Coquillages perl\u00e9s Papier Cadeau x3 - Impression Originale","isPartOf":{"@id":"https:\/\/www.impressionoriginale.com\/fr\/#website"},"primaryImageOfPage":{"@id":"https:\/\/www.impressionoriginale.com\/fr\/produit\/coquillages-perles-papier-cadeau-x3\/#primaryimage"},"image":{"@id":"https:\/\/www.impressionoriginale.com\/fr\/produit\/coquillages-perles-papier-cadeau-x3\/#primaryimage"},"thumbnailUrl":"https:\/\/www.impressionoriginale.com\/wp-content\/uploads\/2024\/09\/IOR-ASST051COQ_tube_IMPRESSION_ORIGINALE.jpg","datePublished":"2024-09-22T17:13:13+00:00","dateModified":"2024-09-22T17:55:43+00:00","description":"Coquillages perl\u00e9s est une s\u00e9lection de 3 papiers cadeaux associ\u00e9s. Imprim\u00e9 sur du papier 100% recycl\u00e9. Made in France par Impression Originale.","breadcrumb":{"@id":"https:\/\/www.impressionoriginale.com\/fr\/produit\/coquillages-perles-papier-cadeau-x3\/#breadcrumb"},"inLanguage":"fr-FR","potentialAction":[{"@type":"ReadAction","target":["https:\/\/www.impressionoriginale.com\/fr\/produit\/coquillages-perles-papier-cadeau-x3\/"]}]},{"@type":"ImageObject","inLanguage":"fr-FR","@id":"https:\/\/www.impressionoriginale.com\/fr\/produit\/coquillages-perles-papier-cadeau-x3\/#primaryimage","url":"https:\/\/www.impressionoriginale.com\/wp-content\/uploads\/2024\/09\/IOR-ASST051COQ_tube_IMPRESSION_ORIGINALE.jpg","contentUrl":"https:\/\/www.impressionoriginale.com\/wp-content\/uploads\/2024\/09\/IOR-ASST051COQ_tube_IMPRESSION_ORIGINALE.jpg","width":1500,"height":2000,"caption":"Shimmering Seashells IOR-ASST051COQ IMPRESSION ORIGINALE wrap x3"},{"@type":"BreadcrumbList","@id":"https:\/\/www.impressionoriginale.com\/fr\/produit\/coquillages-perles-papier-cadeau-x3\/#breadcrumb","itemListElement":[{"@type":"ListItem","position":1,"name":"Home","item":"https:\/\/www.impressionoriginale.com\/fr\/"},{"@type":"ListItem","position":2,"name":"Boutique","item":"https:\/\/www.impressionoriginale.com\/fr\/boutique\/"},{"@type":"ListItem","position":3,"name":"Coquillages perl\u00e9s Papier Cadeau x3"}]},{"@type":"WebSite","@id":"https:\/\/www.impressionoriginale.com\/fr\/#website","url":"https:\/\/www.impressionoriginale.com\/fr\/","name":"Impression Originale","description":"The art of gifting has a new name. The online store for all your wrapping cravings.","publisher":{"@id":"https:\/\/www.impressionoriginale.com\/fr\/#organization"},"potentialAction":[{"@type":"SearchAction","target":{"@type":"EntryPoint","urlTemplate":"https:\/\/www.impressionoriginale.com\/fr\/?s={search_term_string}"},"query-input":{"@type":"PropertyValueSpecification","valueRequired":true,"valueName":"search_term_string"}}],"inLanguage":"fr-FR"},{"@type":"Organization","@id":"https:\/\/www.impressionoriginale.com\/fr\/#organization","name":"Impression Originale","url":"https:\/\/www.impressionoriginale.com\/fr\/","logo":{"@type":"ImageObject","inLanguage":"fr-FR","@id":"https:\/\/www.impressionoriginale.com\/fr\/#\/schema\/logo\/image\/","url":"https:\/\/www.impressionoriginale.com\/wp-content\/uploads\/2021\/08\/LOGO-2020-BLACK.png","contentUrl":"https:\/\/www.impressionoriginale.com\/wp-content\/uploads\/2021\/08\/LOGO-2020-BLACK.png","width":567,"height":567,"caption":"Impression Originale"},"image":{"@id":"https:\/\/www.impressionoriginale.com\/fr\/#\/schema\/logo\/image\/"}}]}},"_links":{"self":[{"href":"https:\/\/www.impressionoriginale.com\/fr\/wp-json\/wp\/v2\/product\/12031","targetHints":{"allow":["GET"]}}],"collection":[{"href":"https:\/\/www.impressionoriginale.com\/fr\/wp-json\/wp\/v2\/product"}],"about":[{"href":"https:\/\/www.impressionoriginale.com\/fr\/wp-json\/wp\/v2\/types\/product"}],"wp:featuredmedia":[{"embeddable":true,"href":"https:\/\/www.impressionoriginale.com\/fr\/wp-json\/wp\/v2\/media\/11951"}],"wp:attachment":[{"href":"https:\/\/www.impressionoriginale.com\/fr\/wp-json\/wp\/v2\/media?parent=12031"}],"wp:term":[{"taxonomy":"product_brand","embeddable":true,"href":"https:\/\/www.impressionoriginale.com\/fr\/wp-json\/wp\/v2\/product_brand?post=12031"},{"taxonomy":"product_cat","embeddable":true,"href":"https:\/\/www.impressionoriginale.com\/fr\/wp-json\/wp\/v2\/product_cat?post=12031"},{"taxonomy":"product_tag","embeddable":true,"href":"https:\/\/www.impressionoriginale.com\/fr\/wp-json\/wp\/v2\/product_tag?post=12031"}],"curies":[{"name":"wp","href":"https:\/\/api.w.org\/{rel}","templated":true}]}}