{"id":12075,"date":"2024-10-06T09:57:34","date_gmt":"2024-10-06T09:57:34","guid":{"rendered":"https:\/\/www.impressionoriginale.com\/e-shop\/cachet-de-cire-i-28-nov-2024-i-10h30-12h30\/"},"modified":"2025-10-21T15:35:33","modified_gmt":"2025-10-21T15:35:33","slug":"cachet-de-cire-i-1h30-2","status":"publish","type":"product","link":"https:\/\/www.impressionoriginale.com\/fr\/produit\/cachet-de-cire-i-1h30-2\/","title":{"rendered":"Cachet de cire I 1h30"},"content":{"rendered":"<div class=\"wpb-content-wrapper\"><p>[vc_row][vc_column][vc_column_text css=\u00a0\u00bb\u00a0\u00bb]<\/p>\n<h3>Masterclass \u2013 Cachet de cire<\/h3>\n<table>\n<tbody>\n<tr>\n<td width=\"108\"><strong>Dur\u00e9e<\/strong><\/td>\n<td width=\"414\">1h30<\/td>\n<\/tr>\n<tr>\n<td width=\"108\"><strong>Date<\/strong><\/td>\n<td width=\"414\">15 novembre<\/td>\n<\/tr>\n<tr>\n<td width=\"108\"><strong>Heure<\/strong><\/td>\n<td width=\"414\">10h30 \u2013 12h<\/td>\n<\/tr>\n<tr>\n<td width=\"108\"><strong>Lieu<\/strong><\/td>\n<td width=\"414\">Samaritaine \u2013 5\u00e8me \u00e9tage du grand magasin (espace Voyage \u2013 restauration)<\/td>\n<\/tr>\n<tr>\n<td width=\"108\"><strong>Prix<\/strong><\/td>\n<td width=\"414\">35 EUR \/ personne<\/td>\n<\/tr>\n<\/tbody>\n<\/table>\n<p>[\/vc_column_text][\/vc_column][\/vc_row]<\/p>\n\n\n<\/div>","protected":false},"excerpt":{"rendered":"<h3><strong>1h30 \/ 35 EUR<\/strong><\/h3>\n<p><strong>Date :\u00a0<\/strong>15 novembre 2025<\/p>\n<p><strong>Horaires<\/strong>\u00a0: 10h30 \u2013 12h<\/p>\n<p><strong>Description<\/strong> : <span lang=\"FR\">Venez acqu\u00e9rir lors de cette masterclass les techniques de r\u00e9alisation de cachets de cire chaude traditionnelle. Notre experte vous formera sur plusieurs techniques peu connues pour r\u00e9aliser des cachets parfaits \u00e0 chaque fois, pour venir cacheter votre pap\u00e8terie ou r\u00e9aliser des \u00e9l\u00e9ments de d\u00e9cor. Niveau de cours adapt\u00e9 \u00e0 tous les niveaux. <\/span><\/p>\n<p><strong>Nombre de participants<\/strong> : maximum 15<\/p>\n<p><strong>Lieu <\/strong>: La Samaritaine, 9 rue de la Monnaie 75001 Paris &#8211; 5\u00e8me \u00e9tage (espace Voyage &#8211; restauration)<\/p>\n","protected":false},"featured_media":12995,"template":"","meta":[],"product_brand":[],"product_cat":[1162],"product_tag":[],"class_list":{"0":"post-12075","1":"product","2":"type-product","3":"status-publish","4":"has-post-thumbnail","6":"product_cat-masterclass-fr","8":"first","9":"outofstock","10":"virtual","11":"taxable","12":"purchasable","13":"product-type-simple"},"bundled_by":[],"bundle_stock_status":"outofstock","bundle_stock_quantity":0,"bundle_virtual":false,"bundle_layout":"","bundle_add_to_cart_form_location":"","bundle_editable_in_cart":false,"bundle_sold_individually_context":"","bundle_item_grouping":"","bundle_min_size":"","bundle_max_size":"","bundle_price":[],"bundled_items":[],"bundle_sell_ids":[],"yoast_head":"<!-- This site is optimized with the Yoast SEO plugin v27.3 - https:\/\/yoast.com\/product\/yoast-seo-wordpress\/ -->\n<title>Cachet de cire I 1h30 - Impression Originale<\/title>\n<meta name=\"description\" content=\"Masterclass pour apprendre les techniques cachet de cire tous niveaux d\u00e9livr\u00e9e par des experts du cadeau de chez Impression Originale \u00e0 la Samaritaine, Paris\" \/>\n<meta name=\"robots\" content=\"index, follow, max-snippet:-1, max-image-preview:large, max-video-preview:-1\" \/>\n<link rel=\"canonical\" href=\"https:\/\/www.impressionoriginale.com\/fr\/produit\/cachet-de-cire-i-1h30-2\/\" \/>\n<meta property=\"og:locale\" content=\"fr_FR\" \/>\n<meta property=\"og:type\" content=\"article\" \/>\n<meta property=\"og:title\" content=\"Cachet de cire I 1h30 - Impression Originale\" \/>\n<meta property=\"og:description\" content=\"Masterclass pour apprendre les techniques cachet de cire tous niveaux d\u00e9livr\u00e9e par des experts du cadeau de chez Impression Originale \u00e0 la Samaritaine, Paris\" \/>\n<meta property=\"og:url\" content=\"https:\/\/www.impressionoriginale.com\/fr\/produit\/cachet-de-cire-i-1h30-2\/\" \/>\n<meta property=\"og:site_name\" content=\"Impression Originale\" \/>\n<meta property=\"article:modified_time\" content=\"2025-10-21T15:35:33+00:00\" \/>\n<meta property=\"og:image\" content=\"https:\/\/www.impressionoriginale.com\/wp-content\/uploads\/2025\/10\/CachetCire_ImpressionOriginale_LD.jpg\" \/>\n\t<meta property=\"og:image:width\" content=\"1860\" \/>\n\t<meta property=\"og:image:height\" content=\"2475\" \/>\n\t<meta property=\"og:image:type\" content=\"image\/jpeg\" \/>\n<meta name=\"twitter:card\" content=\"summary_large_image\" \/>\n<script type=\"application\/ld+json\" class=\"yoast-schema-graph\">{\"@context\":\"https:\\\/\\\/schema.org\",\"@graph\":[{\"@type\":\"WebPage\",\"@id\":\"https:\\\/\\\/www.impressionoriginale.com\\\/fr\\\/produit\\\/cachet-de-cire-i-1h30-2\\\/\",\"url\":\"https:\\\/\\\/www.impressionoriginale.com\\\/fr\\\/produit\\\/cachet-de-cire-i-1h30-2\\\/\",\"name\":\"Cachet de cire I 1h30 - Impression Originale\",\"isPartOf\":{\"@id\":\"https:\\\/\\\/www.impressionoriginale.com\\\/fr\\\/#website\"},\"primaryImageOfPage\":{\"@id\":\"https:\\\/\\\/www.impressionoriginale.com\\\/fr\\\/produit\\\/cachet-de-cire-i-1h30-2\\\/#primaryimage\"},\"image\":{\"@id\":\"https:\\\/\\\/www.impressionoriginale.com\\\/fr\\\/produit\\\/cachet-de-cire-i-1h30-2\\\/#primaryimage\"},\"thumbnailUrl\":\"https:\\\/\\\/www.impressionoriginale.com\\\/wp-content\\\/uploads\\\/2025\\\/10\\\/CachetCire_ImpressionOriginale_LD.jpg\",\"datePublished\":\"2024-10-06T09:57:34+00:00\",\"dateModified\":\"2025-10-21T15:35:33+00:00\",\"description\":\"Masterclass pour apprendre les techniques cachet de cire tous niveaux d\u00e9livr\u00e9e par des experts du cadeau de chez Impression Originale \u00e0 la Samaritaine, Paris\",\"breadcrumb\":{\"@id\":\"https:\\\/\\\/www.impressionoriginale.com\\\/fr\\\/produit\\\/cachet-de-cire-i-1h30-2\\\/#breadcrumb\"},\"inLanguage\":\"fr-FR\",\"potentialAction\":[{\"@type\":\"ReadAction\",\"target\":[\"https:\\\/\\\/www.impressionoriginale.com\\\/fr\\\/produit\\\/cachet-de-cire-i-1h30-2\\\/\"]}]},{\"@type\":\"ImageObject\",\"inLanguage\":\"fr-FR\",\"@id\":\"https:\\\/\\\/www.impressionoriginale.com\\\/fr\\\/produit\\\/cachet-de-cire-i-1h30-2\\\/#primaryimage\",\"url\":\"https:\\\/\\\/www.impressionoriginale.com\\\/wp-content\\\/uploads\\\/2025\\\/10\\\/CachetCire_ImpressionOriginale_LD.jpg\",\"contentUrl\":\"https:\\\/\\\/www.impressionoriginale.com\\\/wp-content\\\/uploads\\\/2025\\\/10\\\/CachetCire_ImpressionOriginale_LD.jpg\",\"width\":1860,\"height\":2475},{\"@type\":\"BreadcrumbList\",\"@id\":\"https:\\\/\\\/www.impressionoriginale.com\\\/fr\\\/produit\\\/cachet-de-cire-i-1h30-2\\\/#breadcrumb\",\"itemListElement\":[{\"@type\":\"ListItem\",\"position\":1,\"name\":\"Home\",\"item\":\"https:\\\/\\\/www.impressionoriginale.com\\\/fr\\\/\"},{\"@type\":\"ListItem\",\"position\":2,\"name\":\"Boutique\",\"item\":\"https:\\\/\\\/www.impressionoriginale.com\\\/fr\\\/boutique\\\/\"},{\"@type\":\"ListItem\",\"position\":3,\"name\":\"Cachet de cire I 1h30\"}]},{\"@type\":\"WebSite\",\"@id\":\"https:\\\/\\\/www.impressionoriginale.com\\\/fr\\\/#website\",\"url\":\"https:\\\/\\\/www.impressionoriginale.com\\\/fr\\\/\",\"name\":\"Impression Originale\",\"description\":\"The art of gifting has a new name. The online store for all your wrapping cravings.\",\"publisher\":{\"@id\":\"https:\\\/\\\/www.impressionoriginale.com\\\/fr\\\/#organization\"},\"potentialAction\":[{\"@type\":\"SearchAction\",\"target\":{\"@type\":\"EntryPoint\",\"urlTemplate\":\"https:\\\/\\\/www.impressionoriginale.com\\\/fr\\\/?s={search_term_string}\"},\"query-input\":{\"@type\":\"PropertyValueSpecification\",\"valueRequired\":true,\"valueName\":\"search_term_string\"}}],\"inLanguage\":\"fr-FR\"},{\"@type\":\"Organization\",\"@id\":\"https:\\\/\\\/www.impressionoriginale.com\\\/fr\\\/#organization\",\"name\":\"Impression Originale\",\"url\":\"https:\\\/\\\/www.impressionoriginale.com\\\/fr\\\/\",\"logo\":{\"@type\":\"ImageObject\",\"inLanguage\":\"fr-FR\",\"@id\":\"https:\\\/\\\/www.impressionoriginale.com\\\/fr\\\/#\\\/schema\\\/logo\\\/image\\\/\",\"url\":\"https:\\\/\\\/www.impressionoriginale.com\\\/wp-content\\\/uploads\\\/2021\\\/08\\\/LOGO-2020-BLACK.png\",\"contentUrl\":\"https:\\\/\\\/www.impressionoriginale.com\\\/wp-content\\\/uploads\\\/2021\\\/08\\\/LOGO-2020-BLACK.png\",\"width\":567,\"height\":567,\"caption\":\"Impression Originale\"},\"image\":{\"@id\":\"https:\\\/\\\/www.impressionoriginale.com\\\/fr\\\/#\\\/schema\\\/logo\\\/image\\\/\"}}]}<\/script>\n<!-- \/ Yoast SEO plugin. -->","yoast_head_json":{"title":"Cachet de cire I 1h30 - Impression Originale","description":"Masterclass pour apprendre les techniques cachet de cire tous niveaux d\u00e9livr\u00e9e par des experts du cadeau de chez Impression Originale \u00e0 la Samaritaine, Paris","robots":{"index":"index","follow":"follow","max-snippet":"max-snippet:-1","max-image-preview":"max-image-preview:large","max-video-preview":"max-video-preview:-1"},"canonical":"https:\/\/www.impressionoriginale.com\/fr\/produit\/cachet-de-cire-i-1h30-2\/","og_locale":"fr_FR","og_type":"article","og_title":"Cachet de cire I 1h30 - Impression Originale","og_description":"Masterclass pour apprendre les techniques cachet de cire tous niveaux d\u00e9livr\u00e9e par des experts du cadeau de chez Impression Originale \u00e0 la Samaritaine, Paris","og_url":"https:\/\/www.impressionoriginale.com\/fr\/produit\/cachet-de-cire-i-1h30-2\/","og_site_name":"Impression Originale","article_modified_time":"2025-10-21T15:35:33+00:00","og_image":[{"width":1860,"height":2475,"url":"https:\/\/www.impressionoriginale.com\/wp-content\/uploads\/2025\/10\/CachetCire_ImpressionOriginale_LD.jpg","type":"image\/jpeg"}],"twitter_card":"summary_large_image","schema":{"@context":"https:\/\/schema.org","@graph":[{"@type":"WebPage","@id":"https:\/\/www.impressionoriginale.com\/fr\/produit\/cachet-de-cire-i-1h30-2\/","url":"https:\/\/www.impressionoriginale.com\/fr\/produit\/cachet-de-cire-i-1h30-2\/","name":"Cachet de cire I 1h30 - Impression Originale","isPartOf":{"@id":"https:\/\/www.impressionoriginale.com\/fr\/#website"},"primaryImageOfPage":{"@id":"https:\/\/www.impressionoriginale.com\/fr\/produit\/cachet-de-cire-i-1h30-2\/#primaryimage"},"image":{"@id":"https:\/\/www.impressionoriginale.com\/fr\/produit\/cachet-de-cire-i-1h30-2\/#primaryimage"},"thumbnailUrl":"https:\/\/www.impressionoriginale.com\/wp-content\/uploads\/2025\/10\/CachetCire_ImpressionOriginale_LD.jpg","datePublished":"2024-10-06T09:57:34+00:00","dateModified":"2025-10-21T15:35:33+00:00","description":"Masterclass pour apprendre les techniques cachet de cire tous niveaux d\u00e9livr\u00e9e par des experts du cadeau de chez Impression Originale \u00e0 la Samaritaine, Paris","breadcrumb":{"@id":"https:\/\/www.impressionoriginale.com\/fr\/produit\/cachet-de-cire-i-1h30-2\/#breadcrumb"},"inLanguage":"fr-FR","potentialAction":[{"@type":"ReadAction","target":["https:\/\/www.impressionoriginale.com\/fr\/produit\/cachet-de-cire-i-1h30-2\/"]}]},{"@type":"ImageObject","inLanguage":"fr-FR","@id":"https:\/\/www.impressionoriginale.com\/fr\/produit\/cachet-de-cire-i-1h30-2\/#primaryimage","url":"https:\/\/www.impressionoriginale.com\/wp-content\/uploads\/2025\/10\/CachetCire_ImpressionOriginale_LD.jpg","contentUrl":"https:\/\/www.impressionoriginale.com\/wp-content\/uploads\/2025\/10\/CachetCire_ImpressionOriginale_LD.jpg","width":1860,"height":2475},{"@type":"BreadcrumbList","@id":"https:\/\/www.impressionoriginale.com\/fr\/produit\/cachet-de-cire-i-1h30-2\/#breadcrumb","itemListElement":[{"@type":"ListItem","position":1,"name":"Home","item":"https:\/\/www.impressionoriginale.com\/fr\/"},{"@type":"ListItem","position":2,"name":"Boutique","item":"https:\/\/www.impressionoriginale.com\/fr\/boutique\/"},{"@type":"ListItem","position":3,"name":"Cachet de cire I 1h30"}]},{"@type":"WebSite","@id":"https:\/\/www.impressionoriginale.com\/fr\/#website","url":"https:\/\/www.impressionoriginale.com\/fr\/","name":"Impression Originale","description":"The art of gifting has a new name. The online store for all your wrapping cravings.","publisher":{"@id":"https:\/\/www.impressionoriginale.com\/fr\/#organization"},"potentialAction":[{"@type":"SearchAction","target":{"@type":"EntryPoint","urlTemplate":"https:\/\/www.impressionoriginale.com\/fr\/?s={search_term_string}"},"query-input":{"@type":"PropertyValueSpecification","valueRequired":true,"valueName":"search_term_string"}}],"inLanguage":"fr-FR"},{"@type":"Organization","@id":"https:\/\/www.impressionoriginale.com\/fr\/#organization","name":"Impression Originale","url":"https:\/\/www.impressionoriginale.com\/fr\/","logo":{"@type":"ImageObject","inLanguage":"fr-FR","@id":"https:\/\/www.impressionoriginale.com\/fr\/#\/schema\/logo\/image\/","url":"https:\/\/www.impressionoriginale.com\/wp-content\/uploads\/2021\/08\/LOGO-2020-BLACK.png","contentUrl":"https:\/\/www.impressionoriginale.com\/wp-content\/uploads\/2021\/08\/LOGO-2020-BLACK.png","width":567,"height":567,"caption":"Impression Originale"},"image":{"@id":"https:\/\/www.impressionoriginale.com\/fr\/#\/schema\/logo\/image\/"}}]}},"_links":{"self":[{"href":"https:\/\/www.impressionoriginale.com\/fr\/wp-json\/wp\/v2\/product\/12075","targetHints":{"allow":["GET"]}}],"collection":[{"href":"https:\/\/www.impressionoriginale.com\/fr\/wp-json\/wp\/v2\/product"}],"about":[{"href":"https:\/\/www.impressionoriginale.com\/fr\/wp-json\/wp\/v2\/types\/product"}],"wp:featuredmedia":[{"embeddable":true,"href":"https:\/\/www.impressionoriginale.com\/fr\/wp-json\/wp\/v2\/media\/12995"}],"wp:attachment":[{"href":"https:\/\/www.impressionoriginale.com\/fr\/wp-json\/wp\/v2\/media?parent=12075"}],"wp:term":[{"taxonomy":"product_brand","embeddable":true,"href":"https:\/\/www.impressionoriginale.com\/fr\/wp-json\/wp\/v2\/product_brand?post=12075"},{"taxonomy":"product_cat","embeddable":true,"href":"https:\/\/www.impressionoriginale.com\/fr\/wp-json\/wp\/v2\/product_cat?post=12075"},{"taxonomy":"product_tag","embeddable":true,"href":"https:\/\/www.impressionoriginale.com\/fr\/wp-json\/wp\/v2\/product_tag?post=12075"}],"curies":[{"name":"wp","href":"https:\/\/api.w.org\/{rel}","templated":true}]}}