{"id":12263,"date":"2024-11-11T18:01:06","date_gmt":"2024-11-11T18:01:06","guid":{"rendered":"https:\/\/www.impressionoriginale.com\/?post_type=product&#038;p=12263"},"modified":"2025-12-19T16:49:38","modified_gmt":"2025-12-19T16:49:38","slug":"menagerie-elephants-pochette-cadeau-s","status":"publish","type":"product","link":"https:\/\/www.impressionoriginale.com\/fr\/produit\/menagerie-elephants-pochette-cadeau-s\/","title":{"rendered":"M\u00e9nagerie &#8211; El\u00e9phants Pochette Cadeau (S)"},"content":{"rendered":"<p style=\"padding-left: 30px;\"><strong>GRAMMAGE<\/strong> 200 g \/m<sup>2<\/sup><\/p>\n<p style=\"padding-left: 30px;\"><strong>DIMENSIONS<\/strong> 12,5 x 9 x 3,6 cm (taille S)<\/p>\n<p style=\"padding-left: 30px;\"><strong>PAPIER<\/strong> FSC certifi\u00e9<\/p>\n<p style=\"padding-left: 30px;\"><strong>ENCRE<\/strong> S\u00e9chage UV, recto-verso, pelliculage peau de p\u00eache recto<\/p>\n<p style=\"padding-left: 30px;\"><strong>ORIGINE<\/strong> Angers, France<\/p>\n<p>\u00a0<\/p>\n<p>Nos pochettes cadeaux et rubans vont sublimer vos cadeaux \u00e0 la perfection et peuvent. Elles sont pr\u00eates \u00e0 l\u2019emploi. Laissez nos papiers vous inspirer, et laissez parler votre cr\u00e9ativit\u00e9\u2026<\/p>\n<p><em>\u00ab\u00a0Faites de beaux cadeaux et faites des heureux !\u00a0\u00bb <\/em><\/p>\n\n\n","protected":false},"excerpt":{"rendered":"<p><strong>BNF<\/strong><\/p>\n<h5>Pochette Cadeau <em>M\u00e9nagerie &#8211; El\u00e9phants<\/em><\/h5>\n<p>Taille S [12,5 (hauteur) x 9 (largeur) x 3,6 (soufflet) cm]<\/p>\n<p>Les feuilles des arbres se balancent soudain et on entend le craquement sec du bois. C\u2019est l\u2019heure du repas pour les pachydermes. Soucieux de leur environnement, ils laissent en jach\u00e8re les territoires o\u00f9 ils sont d\u00e9j\u00e0 pass\u00e9s pour laisser le temps aux arbres de repousser. Malgr\u00e9 leur taille majestueuse, ils se d\u00e9placent avec la discr\u00e9tion d\u2019une coccinelle. Ces gravures sont tir\u00e9es de \u00ab\u00a0<em>La M\u00e9nagerie du Mus\u00e9um national d&rsquo;histoire naturelle ou les Animaux Vivants de Lac\u00e9p\u00e8de et Cuvier<\/em>\u00a0\u00bb en partenariat avec la Biblioth\u00e8que nationale de France. Elles ont travers\u00e9 les \u00e9poques pour venir orner cette pochette cadeau. T\u00e9moignage d\u2019un autre temps o\u00f9 ces animaux n\u2019existaient qu\u2019en dessin pour la plupart des gens. Les animaux viennent prendre vie en volume pour offrir un cadeau follement sauvage.<\/p>\n<p style=\"text-align: justify;\">Disponible\u00a0avec d&rsquo;autres animaux dans la cat\u00e9gorie<a href=\"https:\/\/www.impressionoriginale.com\/fr\/produit\/par-design-la-menagerie\/\"><strong> Par Design La M\u00e9nagerie<\/strong><\/a>.<\/p>\n<p style=\"text-align: center;\"><em>Note : Les pochettes cadeaux sont envoy\u00e9es \u00e0 plat.<\/em><\/p>\n","protected":false},"featured_media":12189,"template":"","meta":[],"product_brand":[],"product_cat":[863,618],"product_tag":[88,814,759],"class_list":{"0":"post-12263","1":"product","2":"type-product","3":"status-publish","4":"has-post-thumbnail","6":"product_cat-pochette-cadeau","7":"product_cat-pochette-boite","8":"product_tag-impression-originale-fr-2","9":"product_tag-pochette-cadeau-fr","10":"product_tag-taille-s-fr","12":"first","13":"instock","14":"taxable","15":"shipping-taxable","16":"purchasable","17":"product-type-simple"},"bundled_by":["12521"],"bundle_stock_status":"instock","bundle_stock_quantity":486,"bundle_virtual":false,"bundle_layout":"","bundle_add_to_cart_form_location":"","bundle_editable_in_cart":false,"bundle_sold_individually_context":"","bundle_item_grouping":"","bundle_min_size":"","bundle_max_size":"","bundle_price":[],"bundled_items":[],"bundle_sell_ids":[],"yoast_head":"<!-- This site is optimized with the Yoast SEO plugin v27.3 - https:\/\/yoast.com\/product\/yoast-seo-wordpress\/ -->\n<title>M\u00e9nagerie - El\u00e9phants Pochette Cadeau (S) I Emballage cadeau de luxe par Impression Originale<\/title>\n<meta name=\"description\" content=\"Petite pochette cadeau &quot;M\u00e9nagerie - El\u00e9phants&quot; en reproduction exclusive de la BNF par Impression Originale est imprim\u00e9e sur du papier 100% recycl\u00e9. Fabrication fran\u00e7aise.\" \/>\n<meta name=\"robots\" content=\"index, follow, max-snippet:-1, max-image-preview:large, max-video-preview:-1\" \/>\n<link rel=\"canonical\" href=\"https:\/\/www.impressionoriginale.com\/fr\/produit\/menagerie-elephants-pochette-cadeau-s\/\" \/>\n<meta property=\"og:locale\" content=\"fr_FR\" \/>\n<meta property=\"og:type\" content=\"article\" \/>\n<meta property=\"og:title\" content=\"M\u00e9nagerie - El\u00e9phants Pochette Cadeau (S) I Emballage cadeau de luxe par Impression Originale\" \/>\n<meta property=\"og:description\" content=\"Petite pochette cadeau &quot;M\u00e9nagerie - El\u00e9phants&quot; en reproduction exclusive de la BNF par Impression Originale est imprim\u00e9e sur du papier 100% recycl\u00e9. Fabrication fran\u00e7aise.\" \/>\n<meta property=\"og:url\" content=\"https:\/\/www.impressionoriginale.com\/fr\/produit\/menagerie-elephants-pochette-cadeau-s\/\" \/>\n<meta property=\"og:site_name\" content=\"Impression Originale\" \/>\n<meta property=\"article:modified_time\" content=\"2025-12-19T16:49:38+00:00\" \/>\n<meta property=\"og:image\" content=\"https:\/\/www.impressionoriginale.com\/wp-content\/uploads\/2024\/11\/IOR-POCS071BNFS1_Menagerie-Elephants_IMPRESSION_ORIGINALE.jpg\" \/>\n\t<meta property=\"og:image:width\" content=\"1335\" \/>\n\t<meta property=\"og:image:height\" content=\"2000\" \/>\n\t<meta property=\"og:image:type\" content=\"image\/jpeg\" \/>\n<meta name=\"twitter:card\" content=\"summary_large_image\" \/>\n<script type=\"application\/ld+json\" class=\"yoast-schema-graph\">{\"@context\":\"https:\\\/\\\/schema.org\",\"@graph\":[{\"@type\":\"WebPage\",\"@id\":\"https:\\\/\\\/www.impressionoriginale.com\\\/fr\\\/produit\\\/menagerie-elephants-pochette-cadeau-s\\\/\",\"url\":\"https:\\\/\\\/www.impressionoriginale.com\\\/fr\\\/produit\\\/menagerie-elephants-pochette-cadeau-s\\\/\",\"name\":\"M\u00e9nagerie - El\u00e9phants Pochette Cadeau (S) I Emballage cadeau de luxe par Impression Originale\",\"isPartOf\":{\"@id\":\"https:\\\/\\\/www.impressionoriginale.com\\\/fr\\\/#website\"},\"primaryImageOfPage\":{\"@id\":\"https:\\\/\\\/www.impressionoriginale.com\\\/fr\\\/produit\\\/menagerie-elephants-pochette-cadeau-s\\\/#primaryimage\"},\"image\":{\"@id\":\"https:\\\/\\\/www.impressionoriginale.com\\\/fr\\\/produit\\\/menagerie-elephants-pochette-cadeau-s\\\/#primaryimage\"},\"thumbnailUrl\":\"https:\\\/\\\/www.impressionoriginale.com\\\/wp-content\\\/uploads\\\/2024\\\/11\\\/IOR-POCS071BNFS1_Menagerie-Elephants_IMPRESSION_ORIGINALE.jpg\",\"datePublished\":\"2024-11-11T18:01:06+00:00\",\"dateModified\":\"2025-12-19T16:49:38+00:00\",\"description\":\"Petite pochette cadeau \\\"M\u00e9nagerie - El\u00e9phants\\\" en reproduction exclusive de la BNF par Impression Originale est imprim\u00e9e sur du papier 100% recycl\u00e9. Fabrication fran\u00e7aise.\",\"breadcrumb\":{\"@id\":\"https:\\\/\\\/www.impressionoriginale.com\\\/fr\\\/produit\\\/menagerie-elephants-pochette-cadeau-s\\\/#breadcrumb\"},\"inLanguage\":\"fr-FR\",\"potentialAction\":[{\"@type\":\"ReadAction\",\"target\":[\"https:\\\/\\\/www.impressionoriginale.com\\\/fr\\\/produit\\\/menagerie-elephants-pochette-cadeau-s\\\/\"]}]},{\"@type\":\"ImageObject\",\"inLanguage\":\"fr-FR\",\"@id\":\"https:\\\/\\\/www.impressionoriginale.com\\\/fr\\\/produit\\\/menagerie-elephants-pochette-cadeau-s\\\/#primaryimage\",\"url\":\"https:\\\/\\\/www.impressionoriginale.com\\\/wp-content\\\/uploads\\\/2024\\\/11\\\/IOR-POCS071BNFS1_Menagerie-Elephants_IMPRESSION_ORIGINALE.jpg\",\"contentUrl\":\"https:\\\/\\\/www.impressionoriginale.com\\\/wp-content\\\/uploads\\\/2024\\\/11\\\/IOR-POCS071BNFS1_Menagerie-Elephants_IMPRESSION_ORIGINALE.jpg\",\"width\":1335,\"height\":2000},{\"@type\":\"BreadcrumbList\",\"@id\":\"https:\\\/\\\/www.impressionoriginale.com\\\/fr\\\/produit\\\/menagerie-elephants-pochette-cadeau-s\\\/#breadcrumb\",\"itemListElement\":[{\"@type\":\"ListItem\",\"position\":1,\"name\":\"Home\",\"item\":\"https:\\\/\\\/www.impressionoriginale.com\\\/fr\\\/\"},{\"@type\":\"ListItem\",\"position\":2,\"name\":\"Boutique\",\"item\":\"https:\\\/\\\/www.impressionoriginale.com\\\/fr\\\/boutique\\\/\"},{\"@type\":\"ListItem\",\"position\":3,\"name\":\"M\u00e9nagerie &#8211; El\u00e9phants Pochette Cadeau (S)\"}]},{\"@type\":\"WebSite\",\"@id\":\"https:\\\/\\\/www.impressionoriginale.com\\\/fr\\\/#website\",\"url\":\"https:\\\/\\\/www.impressionoriginale.com\\\/fr\\\/\",\"name\":\"Impression Originale\",\"description\":\"The art of gifting has a new name. The online store for all your wrapping cravings.\",\"publisher\":{\"@id\":\"https:\\\/\\\/www.impressionoriginale.com\\\/fr\\\/#organization\"},\"potentialAction\":[{\"@type\":\"SearchAction\",\"target\":{\"@type\":\"EntryPoint\",\"urlTemplate\":\"https:\\\/\\\/www.impressionoriginale.com\\\/fr\\\/?s={search_term_string}\"},\"query-input\":{\"@type\":\"PropertyValueSpecification\",\"valueRequired\":true,\"valueName\":\"search_term_string\"}}],\"inLanguage\":\"fr-FR\"},{\"@type\":\"Organization\",\"@id\":\"https:\\\/\\\/www.impressionoriginale.com\\\/fr\\\/#organization\",\"name\":\"Impression Originale\",\"url\":\"https:\\\/\\\/www.impressionoriginale.com\\\/fr\\\/\",\"logo\":{\"@type\":\"ImageObject\",\"inLanguage\":\"fr-FR\",\"@id\":\"https:\\\/\\\/www.impressionoriginale.com\\\/fr\\\/#\\\/schema\\\/logo\\\/image\\\/\",\"url\":\"https:\\\/\\\/www.impressionoriginale.com\\\/wp-content\\\/uploads\\\/2021\\\/08\\\/LOGO-2020-BLACK.png\",\"contentUrl\":\"https:\\\/\\\/www.impressionoriginale.com\\\/wp-content\\\/uploads\\\/2021\\\/08\\\/LOGO-2020-BLACK.png\",\"width\":567,\"height\":567,\"caption\":\"Impression Originale\"},\"image\":{\"@id\":\"https:\\\/\\\/www.impressionoriginale.com\\\/fr\\\/#\\\/schema\\\/logo\\\/image\\\/\"}}]}<\/script>\n<!-- \/ Yoast SEO plugin. -->","yoast_head_json":{"title":"M\u00e9nagerie - El\u00e9phants Pochette Cadeau (S) I Emballage cadeau de luxe par Impression Originale","description":"Petite pochette cadeau \"M\u00e9nagerie - El\u00e9phants\" en reproduction exclusive de la BNF par Impression Originale est imprim\u00e9e sur du papier 100% recycl\u00e9. Fabrication fran\u00e7aise.","robots":{"index":"index","follow":"follow","max-snippet":"max-snippet:-1","max-image-preview":"max-image-preview:large","max-video-preview":"max-video-preview:-1"},"canonical":"https:\/\/www.impressionoriginale.com\/fr\/produit\/menagerie-elephants-pochette-cadeau-s\/","og_locale":"fr_FR","og_type":"article","og_title":"M\u00e9nagerie - El\u00e9phants Pochette Cadeau (S) I Emballage cadeau de luxe par Impression Originale","og_description":"Petite pochette cadeau \"M\u00e9nagerie - El\u00e9phants\" en reproduction exclusive de la BNF par Impression Originale est imprim\u00e9e sur du papier 100% recycl\u00e9. Fabrication fran\u00e7aise.","og_url":"https:\/\/www.impressionoriginale.com\/fr\/produit\/menagerie-elephants-pochette-cadeau-s\/","og_site_name":"Impression Originale","article_modified_time":"2025-12-19T16:49:38+00:00","og_image":[{"width":1335,"height":2000,"url":"https:\/\/www.impressionoriginale.com\/wp-content\/uploads\/2024\/11\/IOR-POCS071BNFS1_Menagerie-Elephants_IMPRESSION_ORIGINALE.jpg","type":"image\/jpeg"}],"twitter_card":"summary_large_image","schema":{"@context":"https:\/\/schema.org","@graph":[{"@type":"WebPage","@id":"https:\/\/www.impressionoriginale.com\/fr\/produit\/menagerie-elephants-pochette-cadeau-s\/","url":"https:\/\/www.impressionoriginale.com\/fr\/produit\/menagerie-elephants-pochette-cadeau-s\/","name":"M\u00e9nagerie - El\u00e9phants Pochette Cadeau (S) I Emballage cadeau de luxe par Impression Originale","isPartOf":{"@id":"https:\/\/www.impressionoriginale.com\/fr\/#website"},"primaryImageOfPage":{"@id":"https:\/\/www.impressionoriginale.com\/fr\/produit\/menagerie-elephants-pochette-cadeau-s\/#primaryimage"},"image":{"@id":"https:\/\/www.impressionoriginale.com\/fr\/produit\/menagerie-elephants-pochette-cadeau-s\/#primaryimage"},"thumbnailUrl":"https:\/\/www.impressionoriginale.com\/wp-content\/uploads\/2024\/11\/IOR-POCS071BNFS1_Menagerie-Elephants_IMPRESSION_ORIGINALE.jpg","datePublished":"2024-11-11T18:01:06+00:00","dateModified":"2025-12-19T16:49:38+00:00","description":"Petite pochette cadeau \"M\u00e9nagerie - El\u00e9phants\" en reproduction exclusive de la BNF par Impression Originale est imprim\u00e9e sur du papier 100% recycl\u00e9. Fabrication fran\u00e7aise.","breadcrumb":{"@id":"https:\/\/www.impressionoriginale.com\/fr\/produit\/menagerie-elephants-pochette-cadeau-s\/#breadcrumb"},"inLanguage":"fr-FR","potentialAction":[{"@type":"ReadAction","target":["https:\/\/www.impressionoriginale.com\/fr\/produit\/menagerie-elephants-pochette-cadeau-s\/"]}]},{"@type":"ImageObject","inLanguage":"fr-FR","@id":"https:\/\/www.impressionoriginale.com\/fr\/produit\/menagerie-elephants-pochette-cadeau-s\/#primaryimage","url":"https:\/\/www.impressionoriginale.com\/wp-content\/uploads\/2024\/11\/IOR-POCS071BNFS1_Menagerie-Elephants_IMPRESSION_ORIGINALE.jpg","contentUrl":"https:\/\/www.impressionoriginale.com\/wp-content\/uploads\/2024\/11\/IOR-POCS071BNFS1_Menagerie-Elephants_IMPRESSION_ORIGINALE.jpg","width":1335,"height":2000},{"@type":"BreadcrumbList","@id":"https:\/\/www.impressionoriginale.com\/fr\/produit\/menagerie-elephants-pochette-cadeau-s\/#breadcrumb","itemListElement":[{"@type":"ListItem","position":1,"name":"Home","item":"https:\/\/www.impressionoriginale.com\/fr\/"},{"@type":"ListItem","position":2,"name":"Boutique","item":"https:\/\/www.impressionoriginale.com\/fr\/boutique\/"},{"@type":"ListItem","position":3,"name":"M\u00e9nagerie &#8211; El\u00e9phants Pochette Cadeau (S)"}]},{"@type":"WebSite","@id":"https:\/\/www.impressionoriginale.com\/fr\/#website","url":"https:\/\/www.impressionoriginale.com\/fr\/","name":"Impression Originale","description":"The art of gifting has a new name. The online store for all your wrapping cravings.","publisher":{"@id":"https:\/\/www.impressionoriginale.com\/fr\/#organization"},"potentialAction":[{"@type":"SearchAction","target":{"@type":"EntryPoint","urlTemplate":"https:\/\/www.impressionoriginale.com\/fr\/?s={search_term_string}"},"query-input":{"@type":"PropertyValueSpecification","valueRequired":true,"valueName":"search_term_string"}}],"inLanguage":"fr-FR"},{"@type":"Organization","@id":"https:\/\/www.impressionoriginale.com\/fr\/#organization","name":"Impression Originale","url":"https:\/\/www.impressionoriginale.com\/fr\/","logo":{"@type":"ImageObject","inLanguage":"fr-FR","@id":"https:\/\/www.impressionoriginale.com\/fr\/#\/schema\/logo\/image\/","url":"https:\/\/www.impressionoriginale.com\/wp-content\/uploads\/2021\/08\/LOGO-2020-BLACK.png","contentUrl":"https:\/\/www.impressionoriginale.com\/wp-content\/uploads\/2021\/08\/LOGO-2020-BLACK.png","width":567,"height":567,"caption":"Impression Originale"},"image":{"@id":"https:\/\/www.impressionoriginale.com\/fr\/#\/schema\/logo\/image\/"}}]}},"_links":{"self":[{"href":"https:\/\/www.impressionoriginale.com\/fr\/wp-json\/wp\/v2\/product\/12263","targetHints":{"allow":["GET"]}}],"collection":[{"href":"https:\/\/www.impressionoriginale.com\/fr\/wp-json\/wp\/v2\/product"}],"about":[{"href":"https:\/\/www.impressionoriginale.com\/fr\/wp-json\/wp\/v2\/types\/product"}],"wp:featuredmedia":[{"embeddable":true,"href":"https:\/\/www.impressionoriginale.com\/fr\/wp-json\/wp\/v2\/media\/12189"}],"wp:attachment":[{"href":"https:\/\/www.impressionoriginale.com\/fr\/wp-json\/wp\/v2\/media?parent=12263"}],"wp:term":[{"taxonomy":"product_brand","embeddable":true,"href":"https:\/\/www.impressionoriginale.com\/fr\/wp-json\/wp\/v2\/product_brand?post=12263"},{"taxonomy":"product_cat","embeddable":true,"href":"https:\/\/www.impressionoriginale.com\/fr\/wp-json\/wp\/v2\/product_cat?post=12263"},{"taxonomy":"product_tag","embeddable":true,"href":"https:\/\/www.impressionoriginale.com\/fr\/wp-json\/wp\/v2\/product_tag?post=12263"}],"curies":[{"name":"wp","href":"https:\/\/api.w.org\/{rel}","templated":true}]}}