{"id":12521,"date":"2025-01-20T18:48:55","date_gmt":"2025-01-20T18:48:57","guid":{"rendered":"https:\/\/www.impressionoriginale.com\/?post_type=product&#038;p=12521"},"modified":"2025-01-20T19:14:04","modified_gmt":"2025-01-20T19:14:04","slug":"par-design-la-menagerie","status":"publish","type":"product","link":"https:\/\/www.impressionoriginale.com\/fr\/produit\/par-design-la-menagerie\/","title":{"rendered":"Par Design La M\u00e9nagerie"},"content":{"rendered":"<p>\u00a0<\/p>\n<blockquote>\n<p style=\"padding-left: 30px;\"><strong>PAPIER<\/strong> PEFC \u2013 100% gestion responsable des for\u00eats<\/p>\n<p style=\"padding-left: 30px;\"><strong>ENCRE<\/strong> Offset quadri pleine couleur, s\u00e9chage UV, impression recto-verso<\/p>\n<p style=\"padding-left: 30px;\"><strong>ORIGINE<\/strong> Angers, France<\/p>\n<p>\u00a0<\/p>\n<p>Dessin\u00e9s par nos artistes du monde entier et mis sous pli \u00e0 la main par nos petites f\u00e9es \u00e0 Angers, France. Nos papiers cadeaux et rubans vont sublimer vos cadeaux \u00e0 la perfection et peuvent aussi s\u2019offrir \u00e0 toutes vos autres utilisations cr\u00e9atives, comme la reliure ou les projets artistiques. Laissez nos papiers vous inspirer, et laissez parler votre cr\u00e9ativit\u00e9\u2026<\/p>\n<p><em>\u00ab\u00a0Faites de beaux cadeaux et faites des heureux !\u00a0\u00bb<\/em><\/p><\/blockquote>\n\n\n","protected":false},"excerpt":{"rendered":"<p><strong>BNF<\/strong><\/p>\n<h5><em>La M\u00e9nagerie <\/em>Design<\/h5>\n<p style=\"text-align: justify;\">Le lion avance de son pas lent et majestueux qui ne craint rien ni personne. En bon roi, il domine la savane avec un flegme apparent qui appelle \u00e0 la vigilance. Un peu plus loin, les lionceaux jouent en faisant des roulades et partagent des coups de pattes maladroits et patauds sous le regard attentif de leur m\u00e8re. Ces gravures sont tir\u00e9es de \u00ab\u00a0<em>La M\u00e9nagerie du Mus\u00e9um national d\u2019histoire naturelle ou les Animaux Vivants de Lac\u00e9p\u00e8de et Cuvier<\/em>\u00a0\u00bb en partenariat avec la Biblioth\u00e8que nationale de France. Elles ont travers\u00e9 les \u00e9poques pour venir orner cette pochette cadeau. T\u00e9moignage d\u2019un autre temps o\u00f9 ces animaux n\u2019existaient qu\u2019en dessin pour la plupart des gens. Les animaux viennent prendre vie en volume pour offrir un cadeau follement sauvage.<\/p>\n<p style=\"text-align: center;\"><em>Note : <\/em><\/p>\n<p style=\"text-align: center;\"><em>Nos pochettes cadeaux et nos bo\u00eetes sont envoy\u00e9es \u00e0 plat, sous calque. <\/em><\/p>\n<p style=\"text-align: center;\"><em>Nos noeuds sont envoy\u00e9s dans une pochette de protection individuelle.<\/em><\/p>\n","protected":false},"featured_media":12492,"template":"","meta":[],"product_brand":[],"product_cat":[1085],"product_tag":[1114,88,1137],"class_list":{"0":"post-12521","1":"product","2":"type-product","3":"status-publish","4":"has-post-thumbnail","6":"product_cat-par-design","7":"product_tag-bnf","8":"product_tag-impression-originale-fr-2","9":"product_tag-par-design-fr","11":"first","12":"instock","13":"sold-individually","14":"taxable","15":"shipping-taxable","16":"purchasable","17":"product-type-bundle"},"bundled_by":[],"bundle_stock_status":"instock","bundle_stock_quantity":100,"bundle_virtual":false,"bundle_layout":"default","bundle_add_to_cart_form_location":"default","bundle_editable_in_cart":false,"bundle_sold_individually_context":"product","bundle_item_grouping":"parent","bundle_min_size":"","bundle_max_size":"","bundle_price":{"price":{"min":{"incl_tax":"0.00","excl_tax":"0.00"},"max":{"incl_tax":"","excl_tax":""}},"regular_price":{"min":{"incl_tax":"0.00","excl_tax":"0.00"},"max":{"incl_tax":"","excl_tax":""}}},"bundled_items":[{"bundled_item_id":2645,"product_id":12137,"menu_order":0,"quantity_min":1,"quantity_max":"","quantity_default":1,"priced_individually":true,"shipped_individually":false,"override_title":false,"title":"M\u00e9nagerie &#8211; Lions Pochette Cadeau (M)","override_description":true,"description":"","optional":true,"hide_thumbnail":false,"discount":"","override_variations":false,"allowed_variations":[""],"override_default_variation_attributes":false,"default_variation_attributes":[],"single_product_visibility":"visible","cart_visibility":"visible","order_visibility":"visible","single_product_price_visibility":"visible","cart_price_visibility":"visible","order_price_visibility":"visible","stock_status":"in_stock"},{"bundled_item_id":2646,"product_id":12261,"menu_order":1,"quantity_min":1,"quantity_max":"","quantity_default":1,"priced_individually":true,"shipped_individually":false,"override_title":false,"title":"M\u00e9nagerie &#8211; Lions Pochette Cadeau (S)","override_description":true,"description":"","optional":true,"hide_thumbnail":false,"discount":"","override_variations":false,"allowed_variations":[""],"override_default_variation_attributes":false,"default_variation_attributes":[],"single_product_visibility":"visible","cart_visibility":"visible","order_visibility":"visible","single_product_price_visibility":"visible","cart_price_visibility":"visible","order_price_visibility":"visible","stock_status":"in_stock"},{"bundled_item_id":2647,"product_id":12263,"menu_order":2,"quantity_min":1,"quantity_max":"","quantity_default":1,"priced_individually":true,"shipped_individually":false,"override_title":false,"title":"M\u00e9nagerie &#8211; El\u00e9phants Pochette Cadeau (S)","override_description":true,"description":"","optional":true,"hide_thumbnail":false,"discount":"","override_variations":false,"allowed_variations":[""],"override_default_variation_attributes":false,"default_variation_attributes":[],"single_product_visibility":"visible","cart_visibility":"visible","order_visibility":"visible","single_product_price_visibility":"visible","cart_price_visibility":"visible","order_price_visibility":"visible","stock_status":"in_stock"},{"bundled_item_id":2648,"product_id":12265,"menu_order":3,"quantity_min":1,"quantity_max":"","quantity_default":1,"priced_individually":true,"shipped_individually":false,"override_title":false,"title":"M\u00e9nagerie &#8211; L\u00e9opard Pochette Cadeau (S)","override_description":true,"description":"","optional":true,"hide_thumbnail":false,"discount":"","override_variations":false,"allowed_variations":[""],"override_default_variation_attributes":false,"default_variation_attributes":[],"single_product_visibility":"visible","cart_visibility":"visible","order_visibility":"visible","single_product_price_visibility":"visible","cart_price_visibility":"visible","order_price_visibility":"visible","stock_status":"in_stock"},{"bundled_item_id":2649,"product_id":11739,"menu_order":4,"quantity_min":1,"quantity_max":"","quantity_default":1,"priced_individually":true,"shipped_individually":false,"override_title":false,"title":"N\u0153ud velours lie de vin n\u00b0237","override_description":true,"description":"","optional":true,"hide_thumbnail":false,"discount":"","override_variations":false,"allowed_variations":[""],"override_default_variation_attributes":false,"default_variation_attributes":[],"single_product_visibility":"visible","cart_visibility":"visible","order_visibility":"visible","single_product_price_visibility":"visible","cart_price_visibility":"visible","order_price_visibility":"visible","stock_status":"in_stock"}],"bundle_sell_ids":[],"yoast_head":"<!-- This site is optimized with the Yoast SEO plugin v27.3 - https:\/\/yoast.com\/product\/yoast-seo-wordpress\/ -->\n<title>Par Design La M\u00e9nagerie I Emballage cadeau de luxe par Impression Originale<\/title>\n<meta name=\"description\" content=\"D\u00e9couvrez tous les produits d\u00e9clin\u00e9s des reproductions exclusives de la BNF &quot;La M\u00e9nagerie&quot; par Impression Originale. Fabrication fran\u00e7aise.\" \/>\n<meta name=\"robots\" content=\"index, follow, max-snippet:-1, max-image-preview:large, max-video-preview:-1\" \/>\n<link rel=\"canonical\" href=\"https:\/\/www.impressionoriginale.com\/fr\/produit\/par-design-la-menagerie\/\" \/>\n<meta property=\"og:locale\" content=\"fr_FR\" \/>\n<meta property=\"og:type\" content=\"article\" \/>\n<meta property=\"og:title\" content=\"Par Design La M\u00e9nagerie I Emballage cadeau de luxe par Impression Originale\" \/>\n<meta property=\"og:description\" content=\"D\u00e9couvrez tous les produits d\u00e9clin\u00e9s des reproductions exclusives de la BNF &quot;La M\u00e9nagerie&quot; par Impression Originale. Fabrication fran\u00e7aise.\" \/>\n<meta property=\"og:url\" content=\"https:\/\/www.impressionoriginale.com\/fr\/produit\/par-design-la-menagerie\/\" \/>\n<meta property=\"og:site_name\" content=\"Impression Originale\" \/>\n<meta property=\"article:modified_time\" content=\"2025-01-20T19:14:04+00:00\" \/>\n<meta property=\"og:image\" content=\"https:\/\/www.impressionoriginale.com\/wp-content\/uploads\/2025\/01\/HOME_ImpressionOriginale_giftbags.jpg\" \/>\n\t<meta property=\"og:image:width\" content=\"2000\" \/>\n\t<meta property=\"og:image:height\" content=\"1335\" \/>\n\t<meta property=\"og:image:type\" content=\"image\/jpeg\" \/>\n<meta name=\"twitter:card\" content=\"summary_large_image\" \/>\n<script type=\"application\/ld+json\" class=\"yoast-schema-graph\">{\"@context\":\"https:\\\/\\\/schema.org\",\"@graph\":[{\"@type\":\"WebPage\",\"@id\":\"https:\\\/\\\/www.impressionoriginale.com\\\/fr\\\/produit\\\/par-design-la-menagerie\\\/\",\"url\":\"https:\\\/\\\/www.impressionoriginale.com\\\/fr\\\/produit\\\/par-design-la-menagerie\\\/\",\"name\":\"Par Design La M\u00e9nagerie I Emballage cadeau de luxe par Impression Originale\",\"isPartOf\":{\"@id\":\"https:\\\/\\\/www.impressionoriginale.com\\\/fr\\\/#website\"},\"primaryImageOfPage\":{\"@id\":\"https:\\\/\\\/www.impressionoriginale.com\\\/fr\\\/produit\\\/par-design-la-menagerie\\\/#primaryimage\"},\"image\":{\"@id\":\"https:\\\/\\\/www.impressionoriginale.com\\\/fr\\\/produit\\\/par-design-la-menagerie\\\/#primaryimage\"},\"thumbnailUrl\":\"https:\\\/\\\/www.impressionoriginale.com\\\/wp-content\\\/uploads\\\/2025\\\/01\\\/HOME_ImpressionOriginale_giftbags.jpg\",\"datePublished\":\"2025-01-20T18:48:57+00:00\",\"dateModified\":\"2025-01-20T19:14:04+00:00\",\"description\":\"D\u00e9couvrez tous les produits d\u00e9clin\u00e9s des reproductions exclusives de la BNF \\\"La M\u00e9nagerie\\\" par Impression Originale. Fabrication fran\u00e7aise.\",\"breadcrumb\":{\"@id\":\"https:\\\/\\\/www.impressionoriginale.com\\\/fr\\\/produit\\\/par-design-la-menagerie\\\/#breadcrumb\"},\"inLanguage\":\"fr-FR\",\"potentialAction\":[{\"@type\":\"ReadAction\",\"target\":[\"https:\\\/\\\/www.impressionoriginale.com\\\/fr\\\/produit\\\/par-design-la-menagerie\\\/\"]}]},{\"@type\":\"ImageObject\",\"inLanguage\":\"fr-FR\",\"@id\":\"https:\\\/\\\/www.impressionoriginale.com\\\/fr\\\/produit\\\/par-design-la-menagerie\\\/#primaryimage\",\"url\":\"https:\\\/\\\/www.impressionoriginale.com\\\/wp-content\\\/uploads\\\/2025\\\/01\\\/HOME_ImpressionOriginale_giftbags.jpg\",\"contentUrl\":\"https:\\\/\\\/www.impressionoriginale.com\\\/wp-content\\\/uploads\\\/2025\\\/01\\\/HOME_ImpressionOriginale_giftbags.jpg\",\"width\":2000,\"height\":1335},{\"@type\":\"BreadcrumbList\",\"@id\":\"https:\\\/\\\/www.impressionoriginale.com\\\/fr\\\/produit\\\/par-design-la-menagerie\\\/#breadcrumb\",\"itemListElement\":[{\"@type\":\"ListItem\",\"position\":1,\"name\":\"Home\",\"item\":\"https:\\\/\\\/www.impressionoriginale.com\\\/fr\\\/\"},{\"@type\":\"ListItem\",\"position\":2,\"name\":\"Boutique\",\"item\":\"https:\\\/\\\/www.impressionoriginale.com\\\/fr\\\/boutique\\\/\"},{\"@type\":\"ListItem\",\"position\":3,\"name\":\"Par Design La M\u00e9nagerie\"}]},{\"@type\":\"WebSite\",\"@id\":\"https:\\\/\\\/www.impressionoriginale.com\\\/fr\\\/#website\",\"url\":\"https:\\\/\\\/www.impressionoriginale.com\\\/fr\\\/\",\"name\":\"Impression Originale\",\"description\":\"The art of gifting has a new name. The online store for all your wrapping cravings.\",\"publisher\":{\"@id\":\"https:\\\/\\\/www.impressionoriginale.com\\\/fr\\\/#organization\"},\"potentialAction\":[{\"@type\":\"SearchAction\",\"target\":{\"@type\":\"EntryPoint\",\"urlTemplate\":\"https:\\\/\\\/www.impressionoriginale.com\\\/fr\\\/?s={search_term_string}\"},\"query-input\":{\"@type\":\"PropertyValueSpecification\",\"valueRequired\":true,\"valueName\":\"search_term_string\"}}],\"inLanguage\":\"fr-FR\"},{\"@type\":\"Organization\",\"@id\":\"https:\\\/\\\/www.impressionoriginale.com\\\/fr\\\/#organization\",\"name\":\"Impression Originale\",\"url\":\"https:\\\/\\\/www.impressionoriginale.com\\\/fr\\\/\",\"logo\":{\"@type\":\"ImageObject\",\"inLanguage\":\"fr-FR\",\"@id\":\"https:\\\/\\\/www.impressionoriginale.com\\\/fr\\\/#\\\/schema\\\/logo\\\/image\\\/\",\"url\":\"https:\\\/\\\/www.impressionoriginale.com\\\/wp-content\\\/uploads\\\/2021\\\/08\\\/LOGO-2020-BLACK.png\",\"contentUrl\":\"https:\\\/\\\/www.impressionoriginale.com\\\/wp-content\\\/uploads\\\/2021\\\/08\\\/LOGO-2020-BLACK.png\",\"width\":567,\"height\":567,\"caption\":\"Impression Originale\"},\"image\":{\"@id\":\"https:\\\/\\\/www.impressionoriginale.com\\\/fr\\\/#\\\/schema\\\/logo\\\/image\\\/\"}}]}<\/script>\n<!-- \/ Yoast SEO plugin. -->","yoast_head_json":{"title":"Par Design La M\u00e9nagerie I Emballage cadeau de luxe par Impression Originale","description":"D\u00e9couvrez tous les produits d\u00e9clin\u00e9s des reproductions exclusives de la BNF \"La M\u00e9nagerie\" par Impression Originale. Fabrication fran\u00e7aise.","robots":{"index":"index","follow":"follow","max-snippet":"max-snippet:-1","max-image-preview":"max-image-preview:large","max-video-preview":"max-video-preview:-1"},"canonical":"https:\/\/www.impressionoriginale.com\/fr\/produit\/par-design-la-menagerie\/","og_locale":"fr_FR","og_type":"article","og_title":"Par Design La M\u00e9nagerie I Emballage cadeau de luxe par Impression Originale","og_description":"D\u00e9couvrez tous les produits d\u00e9clin\u00e9s des reproductions exclusives de la BNF \"La M\u00e9nagerie\" par Impression Originale. Fabrication fran\u00e7aise.","og_url":"https:\/\/www.impressionoriginale.com\/fr\/produit\/par-design-la-menagerie\/","og_site_name":"Impression Originale","article_modified_time":"2025-01-20T19:14:04+00:00","og_image":[{"width":2000,"height":1335,"url":"https:\/\/www.impressionoriginale.com\/wp-content\/uploads\/2025\/01\/HOME_ImpressionOriginale_giftbags.jpg","type":"image\/jpeg"}],"twitter_card":"summary_large_image","schema":{"@context":"https:\/\/schema.org","@graph":[{"@type":"WebPage","@id":"https:\/\/www.impressionoriginale.com\/fr\/produit\/par-design-la-menagerie\/","url":"https:\/\/www.impressionoriginale.com\/fr\/produit\/par-design-la-menagerie\/","name":"Par Design La M\u00e9nagerie I Emballage cadeau de luxe par Impression Originale","isPartOf":{"@id":"https:\/\/www.impressionoriginale.com\/fr\/#website"},"primaryImageOfPage":{"@id":"https:\/\/www.impressionoriginale.com\/fr\/produit\/par-design-la-menagerie\/#primaryimage"},"image":{"@id":"https:\/\/www.impressionoriginale.com\/fr\/produit\/par-design-la-menagerie\/#primaryimage"},"thumbnailUrl":"https:\/\/www.impressionoriginale.com\/wp-content\/uploads\/2025\/01\/HOME_ImpressionOriginale_giftbags.jpg","datePublished":"2025-01-20T18:48:57+00:00","dateModified":"2025-01-20T19:14:04+00:00","description":"D\u00e9couvrez tous les produits d\u00e9clin\u00e9s des reproductions exclusives de la BNF \"La M\u00e9nagerie\" par Impression Originale. Fabrication fran\u00e7aise.","breadcrumb":{"@id":"https:\/\/www.impressionoriginale.com\/fr\/produit\/par-design-la-menagerie\/#breadcrumb"},"inLanguage":"fr-FR","potentialAction":[{"@type":"ReadAction","target":["https:\/\/www.impressionoriginale.com\/fr\/produit\/par-design-la-menagerie\/"]}]},{"@type":"ImageObject","inLanguage":"fr-FR","@id":"https:\/\/www.impressionoriginale.com\/fr\/produit\/par-design-la-menagerie\/#primaryimage","url":"https:\/\/www.impressionoriginale.com\/wp-content\/uploads\/2025\/01\/HOME_ImpressionOriginale_giftbags.jpg","contentUrl":"https:\/\/www.impressionoriginale.com\/wp-content\/uploads\/2025\/01\/HOME_ImpressionOriginale_giftbags.jpg","width":2000,"height":1335},{"@type":"BreadcrumbList","@id":"https:\/\/www.impressionoriginale.com\/fr\/produit\/par-design-la-menagerie\/#breadcrumb","itemListElement":[{"@type":"ListItem","position":1,"name":"Home","item":"https:\/\/www.impressionoriginale.com\/fr\/"},{"@type":"ListItem","position":2,"name":"Boutique","item":"https:\/\/www.impressionoriginale.com\/fr\/boutique\/"},{"@type":"ListItem","position":3,"name":"Par Design La M\u00e9nagerie"}]},{"@type":"WebSite","@id":"https:\/\/www.impressionoriginale.com\/fr\/#website","url":"https:\/\/www.impressionoriginale.com\/fr\/","name":"Impression Originale","description":"The art of gifting has a new name. The online store for all your wrapping cravings.","publisher":{"@id":"https:\/\/www.impressionoriginale.com\/fr\/#organization"},"potentialAction":[{"@type":"SearchAction","target":{"@type":"EntryPoint","urlTemplate":"https:\/\/www.impressionoriginale.com\/fr\/?s={search_term_string}"},"query-input":{"@type":"PropertyValueSpecification","valueRequired":true,"valueName":"search_term_string"}}],"inLanguage":"fr-FR"},{"@type":"Organization","@id":"https:\/\/www.impressionoriginale.com\/fr\/#organization","name":"Impression Originale","url":"https:\/\/www.impressionoriginale.com\/fr\/","logo":{"@type":"ImageObject","inLanguage":"fr-FR","@id":"https:\/\/www.impressionoriginale.com\/fr\/#\/schema\/logo\/image\/","url":"https:\/\/www.impressionoriginale.com\/wp-content\/uploads\/2021\/08\/LOGO-2020-BLACK.png","contentUrl":"https:\/\/www.impressionoriginale.com\/wp-content\/uploads\/2021\/08\/LOGO-2020-BLACK.png","width":567,"height":567,"caption":"Impression Originale"},"image":{"@id":"https:\/\/www.impressionoriginale.com\/fr\/#\/schema\/logo\/image\/"}}]}},"_links":{"self":[{"href":"https:\/\/www.impressionoriginale.com\/fr\/wp-json\/wp\/v2\/product\/12521","targetHints":{"allow":["GET"]}}],"collection":[{"href":"https:\/\/www.impressionoriginale.com\/fr\/wp-json\/wp\/v2\/product"}],"about":[{"href":"https:\/\/www.impressionoriginale.com\/fr\/wp-json\/wp\/v2\/types\/product"}],"wp:featuredmedia":[{"embeddable":true,"href":"https:\/\/www.impressionoriginale.com\/fr\/wp-json\/wp\/v2\/media\/12492"}],"wp:attachment":[{"href":"https:\/\/www.impressionoriginale.com\/fr\/wp-json\/wp\/v2\/media?parent=12521"}],"wp:term":[{"taxonomy":"product_brand","embeddable":true,"href":"https:\/\/www.impressionoriginale.com\/fr\/wp-json\/wp\/v2\/product_brand?post=12521"},{"taxonomy":"product_cat","embeddable":true,"href":"https:\/\/www.impressionoriginale.com\/fr\/wp-json\/wp\/v2\/product_cat?post=12521"},{"taxonomy":"product_tag","embeddable":true,"href":"https:\/\/www.impressionoriginale.com\/fr\/wp-json\/wp\/v2\/product_tag?post=12521"}],"curies":[{"name":"wp","href":"https:\/\/api.w.org\/{rel}","templated":true}]}}