{"id":1267,"date":"2016-09-23T12:42:08","date_gmt":"2016-09-23T12:42:08","guid":{"rendered":"http:\/\/impressionorig.wpengine.com\/fr\/?post_type=product&#038;p=1267"},"modified":"2025-12-13T22:07:21","modified_gmt":"2025-12-13T22:07:21","slug":"ruban-cordon-raye-rouge-et-blanc-n-n901-4mm","status":"publish","type":"product","link":"https:\/\/www.impressionoriginale.com\/fr\/produit\/ruban-cordon-raye-rouge-et-blanc-n-n901-4mm\/","title":{"rendered":"Ruban Cordon ray\u00e9 rouge et blanc n\u00b0901 (4mm)"},"content":{"rendered":"<div class=\"wpb-content-wrapper\"><p>[vc_row][vc_column width=\u00a0\u00bb2\/3\u2033][vc_column_text]<\/p>\n<p style=\"text-align: justify;\">Nos rubans sont s\u00e9lectionn\u00e9s avec la plus grande attention pour \u00eatre en parfaite harmonie avec le papier cadeau recommand\u00e9 et sont mis\u00a0sous pli\u00a0\u00e0 la main par\u00a0nos\u00a0petites f\u00e9es \u00e0 Angers, France.\u00a0La longueur des rubans est standard \u00e0 2,5 m et convient \u00e0 un n\u0153ud crois\u00e9 sur un tr\u00e8s grand paquet.<\/p>\n<p style=\"text-align: justify;\">Nos papiers cadeaux et rubans\u00a0vont\u00a0sublimer vos cadeaux\u00a0\u00e0 la perfection\u00a0et peuvent aussi s\u2019offrir \u00e0 toutes vos autres utilisations cr\u00e9atives, comme la reliure ou les projets artistiques.\u00a0Laissez nos papiers vous\u00a0inspirer, et laissez parler votre cr\u00e9ativit\u00e9\u2026<\/p>\n<p><em>\u00a0 \u00a0 \u00a0 \u00a0 \u00a0 \u00a0 \u00a0 \u00a0 \u00a0 \u00a0 \u00a0 \u00a0 \u00a0 \u00a0 \u00a0 \u00a0 \u00a0 \u00a0 \u00a0 \u00a0 \u00a0 \u00a0 \u00a0 \u00a0 \u00a0 \u00a0 \u00a0 \u00a0 \u00a0 \u00a0 \u00a0 \u00a0 \u00a0\u00ab\u00a0Faites de beaux noeuds et faites des heureux !\u00a0\u00bb<\/em><\/p>\n<p>[\/vc_column_text][\/vc_column][vc_column width=\u00a0\u00bb1\/3\u2033][vc_column_text]<strong>POIDS\u00a0 \u00a0 \u00a0 \u00a0 \u00a0 \u00a0 \u00a0 \u00a0 8,8 g<\/strong><br>\n<strong>LONGUEUR \u00a0 \u00a0 \u00a0 2.5 m<\/strong><br>\n<strong>MATIERE \u00a0 \u00a0 \u00a0 \u00a0 \u00a0 \u00a0PES<\/strong><br>\n<strong>COULEUR\u00a0 \u00a0 \u00a0 \u00a0 \u00a0 blanc\/rouge<\/strong><br>\n<strong>ORIGINE \u00a0 \u00a0 \u00a0 \u00a0 \u00a0 \u00a0 France<\/strong>[\/vc_column_text][\/vc_column][\/vc_row][vc_row][vc_column][vc_toggle title=\u00a0\u00bbDisponible \u00e9galement \u2013 autres coloris :\u00a0\u00bb el_id=\u00a0\u00bb1474622161281-b1766cb3-d139\u2033]<\/p>\n<table>\n<tbody>\n<tr>\n<td width=\"140\"><strong>COLORIS<\/strong>\n<p><a href=\"https:\/\/www.impressionoriginale.com\/fr\/categorie-produit\/ruban-fr\/ficelle-fr\/\" target=\"_blank\" rel=\"noopener noreferrer\">Ruban Cordon<\/a><\/p><\/td>\n<td width=\"92\"><strong>LARGEUR <\/strong>(mm)<\/td>\n<\/tr>\n<tr>\n<td width=\"140\">rouge<\/td>\n<td width=\"92\">4<\/td>\n<\/tr>\n<tr>\n<td width=\"140\">navy<\/td>\n<td width=\"92\">4<\/td>\n<\/tr>\n<tr>\n<td width=\"140\">Rose fluo<\/td>\n<td width=\"92\">4<\/td>\n<\/tr>\n<tr>\n<td width=\"140\">jaune<\/td>\n<td width=\"92\">4<\/td>\n<\/tr>\n<tr>\n<td width=\"140\">vert<\/td>\n<td width=\"92\">4<\/td>\n<\/tr>\n<tr>\n<td width=\"140\">turquoise<\/td>\n<td width=\"92\">4<\/td>\n<\/tr>\n<\/tbody>\n<\/table>\n<p><strong>\u00a0<\/strong><br>\n[\/vc_toggle][\/vc_column][\/vc_row]<\/p>\n\n\n<\/div>","protected":false},"excerpt":{"rendered":"<p><span style=\"color: #000000;\"><strong>Largeur<\/strong>\u00a0 \u00a0 \u00a0 \u00a0 \u00a0 4 mm<\/span><br \/>\n<span style=\"color: #000000;\"><strong>Longueur<\/strong>\u00a0 \u00a0 \u00a0 \u00a02,5 m<\/span><br \/>\n<span style=\"color: #000000;\"><strong>Id\u00e9al<\/strong>\u00a0 \u00a0 \u00a0 \u00a0 \u00a0 \u00a0 \u00a0 \u00a0tout format<\/span><\/p>\n<p>&nbsp;<\/p>\n<p style=\"text-align: justify;\">Ce ruban en cordon ray\u00e9 rouge et blanc donne une touche affirm\u00e9e au paquet cadeau. Une association de plusieurs cordons donnera un rendu encore plus arty.<\/p>\n<p style=\"text-align: justify;\">Nous vous recommandons ce cordon avec le papier cadeau espi\u00e8gle de nos cours d&rsquo;\u00e9cole <a href=\"https:\/\/www.impressionoriginale.com\/fr\/produit\/ensemble-jeu-de-billes\/\" target=\"_blank\" rel=\"noopener noreferrer\"><strong>Jeu de Billes<\/strong><\/a>.<\/p>\n<p>Existe \u00e9galement en coloris Ruban en <a href=\"https:\/\/www.impressionoriginale.com\/fr\/produit\/ruban-cordon-raye-bleu-et-blanc-n900-4mm\/\" target=\"_blank\" rel=\"noopener noreferrer\"><strong>cordon ray\u00e9 bleu et blanc<\/strong><\/a>.<\/p>\n","protected":false},"featured_media":1467,"template":"","meta":[],"product_brand":[],"product_cat":[63,267,208],"product_tag":[196],"class_list":{"0":"post-1267","1":"product","2":"type-product","3":"status-publish","4":"has-post-thumbnail","6":"product_cat-ruban","7":"product_cat-rayure","8":"product_cat-ficelle","9":"product_tag-ruban","11":"first","12":"instock","13":"taxable","14":"shipping-taxable","15":"purchasable","16":"product-type-simple"},"bundled_by":["3796","11984"],"bundle_stock_status":"instock","bundle_stock_quantity":3,"bundle_virtual":false,"bundle_layout":"","bundle_add_to_cart_form_location":"","bundle_editable_in_cart":false,"bundle_sold_individually_context":"","bundle_item_grouping":"","bundle_min_size":"","bundle_max_size":"","bundle_price":[],"bundled_items":[],"bundle_sell_ids":[],"yoast_head":"<!-- This site is optimized with the Yoast SEO plugin v27.3 - https:\/\/yoast.com\/product\/yoast-seo-wordpress\/ -->\n<title>Ruban Cordon ray\u00e9 rouge et blanc n\u00b0901 (4mm) - Impression Originale<\/title>\n<meta name=\"description\" content=\"Ruban cordon ray\u00e9 rouge et blanc pour venir habiller vos beaux paquets cadeaux de tresses et des la\u00e7ages. Fabrication fran\u00e7aise par Impression Originale.\" \/>\n<meta name=\"robots\" content=\"index, follow, max-snippet:-1, max-image-preview:large, max-video-preview:-1\" \/>\n<link rel=\"canonical\" href=\"https:\/\/www.impressionoriginale.com\/fr\/produit\/ruban-cordon-raye-rouge-et-blanc-n-n901-4mm\/\" \/>\n<meta property=\"og:locale\" content=\"fr_FR\" \/>\n<meta property=\"og:type\" content=\"article\" \/>\n<meta property=\"og:title\" content=\"Ruban Cordon ray\u00e9 rouge et blanc n\u00b0901 (4mm) - Impression Originale\" \/>\n<meta property=\"og:description\" content=\"Ruban cordon ray\u00e9 rouge et blanc pour venir habiller vos beaux paquets cadeaux de tresses et des la\u00e7ages. Fabrication fran\u00e7aise par Impression Originale.\" \/>\n<meta property=\"og:url\" content=\"https:\/\/www.impressionoriginale.com\/fr\/produit\/ruban-cordon-raye-rouge-et-blanc-n-n901-4mm\/\" \/>\n<meta property=\"og:site_name\" content=\"Impression Originale\" \/>\n<meta property=\"article:modified_time\" content=\"2025-12-13T22:07:21+00:00\" \/>\n<meta property=\"og:image\" content=\"https:\/\/www.impressionoriginale.com\/wp-content\/uploads\/2016\/09\/IOR-RCOR901RGE04_ribbon_IMPRESSION_ORIGINALE.jpg\" \/>\n\t<meta property=\"og:image:width\" content=\"1211\" \/>\n\t<meta property=\"og:image:height\" content=\"1500\" \/>\n\t<meta property=\"og:image:type\" content=\"image\/jpeg\" \/>\n<meta name=\"twitter:card\" content=\"summary_large_image\" \/>\n<meta name=\"twitter:label1\" content=\"Dur\u00e9e de lecture estim\u00e9e\" \/>\n\t<meta name=\"twitter:data1\" content=\"1 minute\" \/>\n<script type=\"application\/ld+json\" class=\"yoast-schema-graph\">{\"@context\":\"https:\\\/\\\/schema.org\",\"@graph\":[{\"@type\":\"WebPage\",\"@id\":\"https:\\\/\\\/www.impressionoriginale.com\\\/fr\\\/produit\\\/ruban-cordon-raye-rouge-et-blanc-n-n901-4mm\\\/\",\"url\":\"https:\\\/\\\/www.impressionoriginale.com\\\/fr\\\/produit\\\/ruban-cordon-raye-rouge-et-blanc-n-n901-4mm\\\/\",\"name\":\"Ruban Cordon ray\u00e9 rouge et blanc n\u00b0901 (4mm) - Impression Originale\",\"isPartOf\":{\"@id\":\"https:\\\/\\\/www.impressionoriginale.com\\\/fr\\\/#website\"},\"primaryImageOfPage\":{\"@id\":\"https:\\\/\\\/www.impressionoriginale.com\\\/fr\\\/produit\\\/ruban-cordon-raye-rouge-et-blanc-n-n901-4mm\\\/#primaryimage\"},\"image\":{\"@id\":\"https:\\\/\\\/www.impressionoriginale.com\\\/fr\\\/produit\\\/ruban-cordon-raye-rouge-et-blanc-n-n901-4mm\\\/#primaryimage\"},\"thumbnailUrl\":\"https:\\\/\\\/www.impressionoriginale.com\\\/wp-content\\\/uploads\\\/2016\\\/09\\\/IOR-RCOR901RGE04_ribbon_IMPRESSION_ORIGINALE.jpg\",\"datePublished\":\"2016-09-23T12:42:08+00:00\",\"dateModified\":\"2025-12-13T22:07:21+00:00\",\"description\":\"Ruban cordon ray\u00e9 rouge et blanc pour venir habiller vos beaux paquets cadeaux de tresses et des la\u00e7ages. Fabrication fran\u00e7aise par Impression Originale.\",\"breadcrumb\":{\"@id\":\"https:\\\/\\\/www.impressionoriginale.com\\\/fr\\\/produit\\\/ruban-cordon-raye-rouge-et-blanc-n-n901-4mm\\\/#breadcrumb\"},\"inLanguage\":\"fr-FR\",\"potentialAction\":[{\"@type\":\"ReadAction\",\"target\":[\"https:\\\/\\\/www.impressionoriginale.com\\\/fr\\\/produit\\\/ruban-cordon-raye-rouge-et-blanc-n-n901-4mm\\\/\"]}]},{\"@type\":\"ImageObject\",\"inLanguage\":\"fr-FR\",\"@id\":\"https:\\\/\\\/www.impressionoriginale.com\\\/fr\\\/produit\\\/ruban-cordon-raye-rouge-et-blanc-n-n901-4mm\\\/#primaryimage\",\"url\":\"https:\\\/\\\/www.impressionoriginale.com\\\/wp-content\\\/uploads\\\/2016\\\/09\\\/IOR-RCOR901RGE04_ribbon_IMPRESSION_ORIGINALE.jpg\",\"contentUrl\":\"https:\\\/\\\/www.impressionoriginale.com\\\/wp-content\\\/uploads\\\/2016\\\/09\\\/IOR-RCOR901RGE04_ribbon_IMPRESSION_ORIGINALE.jpg\",\"width\":1211,\"height\":1500,\"caption\":\"ior-rcor901rge04\"},{\"@type\":\"BreadcrumbList\",\"@id\":\"https:\\\/\\\/www.impressionoriginale.com\\\/fr\\\/produit\\\/ruban-cordon-raye-rouge-et-blanc-n-n901-4mm\\\/#breadcrumb\",\"itemListElement\":[{\"@type\":\"ListItem\",\"position\":1,\"name\":\"Home\",\"item\":\"https:\\\/\\\/www.impressionoriginale.com\\\/fr\\\/\"},{\"@type\":\"ListItem\",\"position\":2,\"name\":\"Boutique\",\"item\":\"https:\\\/\\\/www.impressionoriginale.com\\\/fr\\\/boutique\\\/\"},{\"@type\":\"ListItem\",\"position\":3,\"name\":\"Ruban Cordon ray\u00e9 rouge et blanc n\u00b0901 (4mm)\"}]},{\"@type\":\"WebSite\",\"@id\":\"https:\\\/\\\/www.impressionoriginale.com\\\/fr\\\/#website\",\"url\":\"https:\\\/\\\/www.impressionoriginale.com\\\/fr\\\/\",\"name\":\"Impression Originale\",\"description\":\"The art of gifting has a new name. The online store for all your wrapping cravings.\",\"publisher\":{\"@id\":\"https:\\\/\\\/www.impressionoriginale.com\\\/fr\\\/#organization\"},\"potentialAction\":[{\"@type\":\"SearchAction\",\"target\":{\"@type\":\"EntryPoint\",\"urlTemplate\":\"https:\\\/\\\/www.impressionoriginale.com\\\/fr\\\/?s={search_term_string}\"},\"query-input\":{\"@type\":\"PropertyValueSpecification\",\"valueRequired\":true,\"valueName\":\"search_term_string\"}}],\"inLanguage\":\"fr-FR\"},{\"@type\":\"Organization\",\"@id\":\"https:\\\/\\\/www.impressionoriginale.com\\\/fr\\\/#organization\",\"name\":\"Impression Originale\",\"url\":\"https:\\\/\\\/www.impressionoriginale.com\\\/fr\\\/\",\"logo\":{\"@type\":\"ImageObject\",\"inLanguage\":\"fr-FR\",\"@id\":\"https:\\\/\\\/www.impressionoriginale.com\\\/fr\\\/#\\\/schema\\\/logo\\\/image\\\/\",\"url\":\"https:\\\/\\\/www.impressionoriginale.com\\\/wp-content\\\/uploads\\\/2021\\\/08\\\/LOGO-2020-BLACK.png\",\"contentUrl\":\"https:\\\/\\\/www.impressionoriginale.com\\\/wp-content\\\/uploads\\\/2021\\\/08\\\/LOGO-2020-BLACK.png\",\"width\":567,\"height\":567,\"caption\":\"Impression Originale\"},\"image\":{\"@id\":\"https:\\\/\\\/www.impressionoriginale.com\\\/fr\\\/#\\\/schema\\\/logo\\\/image\\\/\"}}]}<\/script>\n<!-- \/ Yoast SEO plugin. -->","yoast_head_json":{"title":"Ruban Cordon ray\u00e9 rouge et blanc n\u00b0901 (4mm) - Impression Originale","description":"Ruban cordon ray\u00e9 rouge et blanc pour venir habiller vos beaux paquets cadeaux de tresses et des la\u00e7ages. Fabrication fran\u00e7aise par Impression Originale.","robots":{"index":"index","follow":"follow","max-snippet":"max-snippet:-1","max-image-preview":"max-image-preview:large","max-video-preview":"max-video-preview:-1"},"canonical":"https:\/\/www.impressionoriginale.com\/fr\/produit\/ruban-cordon-raye-rouge-et-blanc-n-n901-4mm\/","og_locale":"fr_FR","og_type":"article","og_title":"Ruban Cordon ray\u00e9 rouge et blanc n\u00b0901 (4mm) - Impression Originale","og_description":"Ruban cordon ray\u00e9 rouge et blanc pour venir habiller vos beaux paquets cadeaux de tresses et des la\u00e7ages. Fabrication fran\u00e7aise par Impression Originale.","og_url":"https:\/\/www.impressionoriginale.com\/fr\/produit\/ruban-cordon-raye-rouge-et-blanc-n-n901-4mm\/","og_site_name":"Impression Originale","article_modified_time":"2025-12-13T22:07:21+00:00","og_image":[{"width":1211,"height":1500,"url":"https:\/\/www.impressionoriginale.com\/wp-content\/uploads\/2016\/09\/IOR-RCOR901RGE04_ribbon_IMPRESSION_ORIGINALE.jpg","type":"image\/jpeg"}],"twitter_card":"summary_large_image","twitter_misc":{"Dur\u00e9e de lecture estim\u00e9e":"1 minute"},"schema":{"@context":"https:\/\/schema.org","@graph":[{"@type":"WebPage","@id":"https:\/\/www.impressionoriginale.com\/fr\/produit\/ruban-cordon-raye-rouge-et-blanc-n-n901-4mm\/","url":"https:\/\/www.impressionoriginale.com\/fr\/produit\/ruban-cordon-raye-rouge-et-blanc-n-n901-4mm\/","name":"Ruban Cordon ray\u00e9 rouge et blanc n\u00b0901 (4mm) - Impression Originale","isPartOf":{"@id":"https:\/\/www.impressionoriginale.com\/fr\/#website"},"primaryImageOfPage":{"@id":"https:\/\/www.impressionoriginale.com\/fr\/produit\/ruban-cordon-raye-rouge-et-blanc-n-n901-4mm\/#primaryimage"},"image":{"@id":"https:\/\/www.impressionoriginale.com\/fr\/produit\/ruban-cordon-raye-rouge-et-blanc-n-n901-4mm\/#primaryimage"},"thumbnailUrl":"https:\/\/www.impressionoriginale.com\/wp-content\/uploads\/2016\/09\/IOR-RCOR901RGE04_ribbon_IMPRESSION_ORIGINALE.jpg","datePublished":"2016-09-23T12:42:08+00:00","dateModified":"2025-12-13T22:07:21+00:00","description":"Ruban cordon ray\u00e9 rouge et blanc pour venir habiller vos beaux paquets cadeaux de tresses et des la\u00e7ages. Fabrication fran\u00e7aise par Impression Originale.","breadcrumb":{"@id":"https:\/\/www.impressionoriginale.com\/fr\/produit\/ruban-cordon-raye-rouge-et-blanc-n-n901-4mm\/#breadcrumb"},"inLanguage":"fr-FR","potentialAction":[{"@type":"ReadAction","target":["https:\/\/www.impressionoriginale.com\/fr\/produit\/ruban-cordon-raye-rouge-et-blanc-n-n901-4mm\/"]}]},{"@type":"ImageObject","inLanguage":"fr-FR","@id":"https:\/\/www.impressionoriginale.com\/fr\/produit\/ruban-cordon-raye-rouge-et-blanc-n-n901-4mm\/#primaryimage","url":"https:\/\/www.impressionoriginale.com\/wp-content\/uploads\/2016\/09\/IOR-RCOR901RGE04_ribbon_IMPRESSION_ORIGINALE.jpg","contentUrl":"https:\/\/www.impressionoriginale.com\/wp-content\/uploads\/2016\/09\/IOR-RCOR901RGE04_ribbon_IMPRESSION_ORIGINALE.jpg","width":1211,"height":1500,"caption":"ior-rcor901rge04"},{"@type":"BreadcrumbList","@id":"https:\/\/www.impressionoriginale.com\/fr\/produit\/ruban-cordon-raye-rouge-et-blanc-n-n901-4mm\/#breadcrumb","itemListElement":[{"@type":"ListItem","position":1,"name":"Home","item":"https:\/\/www.impressionoriginale.com\/fr\/"},{"@type":"ListItem","position":2,"name":"Boutique","item":"https:\/\/www.impressionoriginale.com\/fr\/boutique\/"},{"@type":"ListItem","position":3,"name":"Ruban Cordon ray\u00e9 rouge et blanc n\u00b0901 (4mm)"}]},{"@type":"WebSite","@id":"https:\/\/www.impressionoriginale.com\/fr\/#website","url":"https:\/\/www.impressionoriginale.com\/fr\/","name":"Impression Originale","description":"The art of gifting has a new name. The online store for all your wrapping cravings.","publisher":{"@id":"https:\/\/www.impressionoriginale.com\/fr\/#organization"},"potentialAction":[{"@type":"SearchAction","target":{"@type":"EntryPoint","urlTemplate":"https:\/\/www.impressionoriginale.com\/fr\/?s={search_term_string}"},"query-input":{"@type":"PropertyValueSpecification","valueRequired":true,"valueName":"search_term_string"}}],"inLanguage":"fr-FR"},{"@type":"Organization","@id":"https:\/\/www.impressionoriginale.com\/fr\/#organization","name":"Impression Originale","url":"https:\/\/www.impressionoriginale.com\/fr\/","logo":{"@type":"ImageObject","inLanguage":"fr-FR","@id":"https:\/\/www.impressionoriginale.com\/fr\/#\/schema\/logo\/image\/","url":"https:\/\/www.impressionoriginale.com\/wp-content\/uploads\/2021\/08\/LOGO-2020-BLACK.png","contentUrl":"https:\/\/www.impressionoriginale.com\/wp-content\/uploads\/2021\/08\/LOGO-2020-BLACK.png","width":567,"height":567,"caption":"Impression Originale"},"image":{"@id":"https:\/\/www.impressionoriginale.com\/fr\/#\/schema\/logo\/image\/"}}]}},"_links":{"self":[{"href":"https:\/\/www.impressionoriginale.com\/fr\/wp-json\/wp\/v2\/product\/1267","targetHints":{"allow":["GET"]}}],"collection":[{"href":"https:\/\/www.impressionoriginale.com\/fr\/wp-json\/wp\/v2\/product"}],"about":[{"href":"https:\/\/www.impressionoriginale.com\/fr\/wp-json\/wp\/v2\/types\/product"}],"wp:featuredmedia":[{"embeddable":true,"href":"https:\/\/www.impressionoriginale.com\/fr\/wp-json\/wp\/v2\/media\/1467"}],"wp:attachment":[{"href":"https:\/\/www.impressionoriginale.com\/fr\/wp-json\/wp\/v2\/media?parent=1267"}],"wp:term":[{"taxonomy":"product_brand","embeddable":true,"href":"https:\/\/www.impressionoriginale.com\/fr\/wp-json\/wp\/v2\/product_brand?post=1267"},{"taxonomy":"product_cat","embeddable":true,"href":"https:\/\/www.impressionoriginale.com\/fr\/wp-json\/wp\/v2\/product_cat?post=1267"},{"taxonomy":"product_tag","embeddable":true,"href":"https:\/\/www.impressionoriginale.com\/fr\/wp-json\/wp\/v2\/product_tag?post=1267"}],"curies":[{"name":"wp","href":"https:\/\/api.w.org\/{rel}","templated":true}]}}