{"id":1312,"date":"2016-09-23T16:35:43","date_gmt":"2016-09-23T16:35:43","guid":{"rendered":"http:\/\/impressionorig.wpengine.com\/fr\/?post_type=product&#038;p=1312"},"modified":"2025-12-13T19:22:38","modified_gmt":"2025-12-13T19:22:38","slug":"ruban-tuxedo-noir-n233-20mm","status":"publish","type":"product","link":"https:\/\/www.impressionoriginale.com\/fr\/produit\/ruban-tuxedo-noir-n233-20mm\/","title":{"rendered":"Ruban Tuxedo Noir n\u00b0233 (20mm)"},"content":{"rendered":"<div class=\"wpb-content-wrapper\"><p>[vc_row][vc_column width=\u00a0\u00bb2\/3\u2033][vc_column_text]<\/p>\n<p style=\"text-align: justify;\">Nos rubans sont s\u00e9lectionn\u00e9s avec la plus grande attention pour \u00eatre en parfaite harmonie avec le papier cadeau recommand\u00e9 et sont mis\u00a0sous pli\u00a0\u00e0 la main par\u00a0nos\u00a0petites f\u00e9es \u00e0 Angers, France.\u00a0La longueur des rubans est standard \u00e0 2,5 m et convient \u00e0 un n\u0153ud crois\u00e9 sur un tr\u00e8s grand paquet.<\/p>\n<p style=\"text-align: justify;\">Nos papiers cadeaux et rubans\u00a0vont\u00a0sublimer vos cadeaux\u00a0\u00e0 la perfection\u00a0et peuvent aussi s\u2019offrir \u00e0 toutes vos autres utilisations cr\u00e9atives, comme la reliure ou les projets artistiques.\u00a0Laissez nos papiers vous\u00a0inspirer, et laissez parler votre cr\u00e9ativit\u00e9\u2026<\/p>\n<p><em>\u00a0 \u00a0 \u00a0 \u00a0 \u00a0 \u00a0 \u00a0 \u00a0 \u00a0 \u00a0 \u00a0 \u00a0 \u00a0 \u00a0 \u00a0 \u00a0 \u00a0 \u00a0 \u00a0 \u00a0 \u00a0 \u00a0 \u00a0 \u00a0 \u00a0 \u00a0 \u00a0 \u00a0 \u00a0 \u00a0 \u00a0 \u00a0 \u00a0\u00ab\u00a0Faites de beaux noeuds et faites des heureux !\u00a0\u00bb<\/em><\/p>\n<p>[\/vc_column_text][\/vc_column][vc_column width=\u00a0\u00bb1\/3\u2033][vc_column_text]<strong>POIDS\u00a0 \u00a0 \u00a0 \u00a0 \u00a0 \u00a0 \u00a0 \u00a0 14,8 g<\/strong><br>\n<strong>LONGUEUR \u00a0 \u00a0 \u00a0 2.5 m<\/strong><br>\n<strong>MATIERE \u00a0 \u00a0 \u00a0 \u00a0 \u00a0 \u00a0coton m\u00e9lang\u00e9<\/strong><br>\n<strong>COULEUR\u00a0 \u00a0 \u00a0 \u00a0 \u00a0 noir<\/strong><br>\n<strong>ORIGINE \u00a0 \u00a0 \u00a0 \u00a0 \u00a0 \u00a0 France<\/strong>[\/vc_column_text][\/vc_column][\/vc_row][vc_row][vc_column][vc_column_text]<\/p>\n<table>\n<tbody>\n<tr>\n<td width=\"140\"><strong>COLORIS<\/strong>\n<p><strong><a href=\"https:\/\/www.impressionoriginale.com\/fr\/ruban\/rayure\/\">Ruban Rayures<\/a><\/strong><\/p><\/td>\n<td width=\"92\"><strong>LARGEUR <\/strong>(mm)<\/td>\n<\/tr>\n<tr>\n<td width=\"140\"><a href=\"https:\/\/www.impressionoriginale.com\/fr\/produit\/ruban-tuxedo-blanc-creme-n245-20mm\/\" target=\"_blank\" rel=\"noopener noreferrer\">Blanc Cr\u00e8me<\/a><\/td>\n<td width=\"92\">20<\/td>\n<\/tr>\n<tr>\n<td width=\"140\"><a href=\"https:\/\/www.impressionoriginale.com\/fr\/produit\/ruban-tuxedo-bleu-canard-n269-20mm\/\" target=\"_blank\" rel=\"noopener noreferrer\">Bleu Canard<\/a><\/td>\n<td width=\"92\">20<\/td>\n<\/tr>\n<tr>\n<td width=\"140\"><a href=\"https:\/\/www.impressionoriginale.com\/fr\/produit\/ruban-tuxedo-noir-n233-20mm\/\" target=\"_blank\" rel=\"noopener noreferrer\">Noir<\/a><\/td>\n<td width=\"92\"><a href=\"https:\/\/www.impressionoriginale.com\/fr\/produit\/ruban-tuxedo-noir-n233-12mm\/\" target=\"_blank\" rel=\"noopener noreferrer\">12<\/a>, <a href=\"https:\/\/www.impressionoriginale.com\/fr\/produit\/ruban-tuxedo-noir-n233-20mm\/\" target=\"_blank\" rel=\"noopener noreferrer\">20<\/a><\/td>\n<\/tr>\n<\/tbody>\n<\/table>\n<p>[\/vc_column_text][\/vc_column][\/vc_row]<\/p>\n\n\n<\/div>","protected":false},"excerpt":{"rendered":"<p><span style=\"color: #000000;\"><strong>Largeur<\/strong>\u00a0 \u00a0 \u00a0 \u00a0 \u00a0 20 mm<\/span><br \/>\n<span style=\"color: #000000;\"><strong>Longueur<\/strong>\u00a0 \u00a0 \u00a0 \u00a02,5 m<\/span><br \/>\n<span style=\"color: #000000;\"><strong>Id\u00e9al<\/strong>\u00a0 \u00a0 \u00a0 \u00a0 \u00a0 \u00a0 \u00a0 \u00a0moyen format<\/span><\/p>\n<p>&nbsp;<\/p>\n<p style=\"text-align: justify;\">Ce ruban Tuxedo noir est une savante combinaison d\u2019un ruban gros grain avec une rayure centrale en satin. Ce ruban Tuxedo vient enlacer avec tact et assurance la composition globale. Un petit\u00a0n\u0153ud en aplat sied pleinement \u00e0 la structure \u00e9labor\u00e9e du ruban.<\/p>\n<p style=\"text-align: justify;\">Nous vous recommandons ce ruban tuxedo noir avec les papiers cadeaux g\u00e9om\u00e9trique <a href=\"https:\/\/www.impressionoriginale.com\/fr\/produit\/ensemble-marqueterie-marbree\/\" target=\"_blank\" rel=\"noopener noreferrer\"><strong>Marqueterie Marbr\u00e9e<\/strong><\/a>\u00a0et au bleu myrtille <a href=\"https:\/\/www.impressionoriginale.com\/fr\/produit\/ensemble-butin-de-promenade-2\/\" target=\"_blank\" rel=\"noopener noreferrer\"><strong>Butin de Promenade<\/strong><\/a>.<\/p>\n","protected":false},"featured_media":1485,"template":"","meta":[],"product_brand":[],"product_cat":[267,342,63],"product_tag":[196],"class_list":{"0":"post-1312","1":"product","2":"type-product","3":"status-publish","4":"has-post-thumbnail","6":"product_cat-rayure","7":"product_cat-tuxedo","8":"product_cat-ruban","9":"product_tag-ruban","11":"first","12":"instock","13":"taxable","14":"shipping-taxable","15":"purchasable","16":"product-type-simple"},"bundled_by":["3757","3758","3766","2815","11351","13147"],"bundle_stock_status":"instock","bundle_stock_quantity":6,"bundle_virtual":false,"bundle_layout":"","bundle_add_to_cart_form_location":"","bundle_editable_in_cart":false,"bundle_sold_individually_context":"","bundle_item_grouping":"","bundle_min_size":"","bundle_max_size":"","bundle_price":[],"bundled_items":[],"bundle_sell_ids":[],"yoast_head":"<!-- This site is optimized with the Yoast SEO plugin v27.3 - https:\/\/yoast.com\/product\/yoast-seo-wordpress\/ -->\n<title>Ruban Tuxedo Noir n\u00b0233 (20mm) - Impression Originale<\/title>\n<meta name=\"description\" content=\"Ruban cadeau noir. Ruban tuxedo (S) donne une finition raffin\u00e9e \u00e0 vos beaux paquets cadeaux. Fabrication fran\u00e7aise par Impression Originale.\" \/>\n<meta name=\"robots\" content=\"index, follow, max-snippet:-1, max-image-preview:large, max-video-preview:-1\" \/>\n<link rel=\"canonical\" href=\"https:\/\/www.impressionoriginale.com\/fr\/produit\/ruban-tuxedo-noir-n233-20mm\/\" \/>\n<meta property=\"og:locale\" content=\"fr_FR\" \/>\n<meta property=\"og:type\" content=\"article\" \/>\n<meta property=\"og:title\" content=\"Ruban Tuxedo Noir n\u00b0233 (20mm) - Impression Originale\" \/>\n<meta property=\"og:description\" content=\"Ruban cadeau noir. Ruban tuxedo (S) donne une finition raffin\u00e9e \u00e0 vos beaux paquets cadeaux. Fabrication fran\u00e7aise par Impression Originale.\" \/>\n<meta property=\"og:url\" content=\"https:\/\/www.impressionoriginale.com\/fr\/produit\/ruban-tuxedo-noir-n233-20mm\/\" \/>\n<meta property=\"og:site_name\" content=\"Impression Originale\" \/>\n<meta property=\"article:modified_time\" content=\"2025-12-13T19:22:38+00:00\" \/>\n<meta property=\"og:image\" content=\"https:\/\/www.impressionoriginale.com\/wp-content\/uploads\/2016\/09\/IOR-RSMA233NOI20_ribbon_IMPRESSION_ORIGINALE.jpg\" \/>\n\t<meta property=\"og:image:width\" content=\"1211\" \/>\n\t<meta property=\"og:image:height\" content=\"1500\" \/>\n\t<meta property=\"og:image:type\" content=\"image\/jpeg\" \/>\n<meta name=\"twitter:card\" content=\"summary_large_image\" \/>\n<meta name=\"twitter:label1\" content=\"Dur\u00e9e de lecture estim\u00e9e\" \/>\n\t<meta name=\"twitter:data1\" content=\"1 minute\" \/>\n<script type=\"application\/ld+json\" class=\"yoast-schema-graph\">{\"@context\":\"https:\\\/\\\/schema.org\",\"@graph\":[{\"@type\":\"WebPage\",\"@id\":\"https:\\\/\\\/www.impressionoriginale.com\\\/fr\\\/produit\\\/ruban-tuxedo-noir-n233-20mm\\\/\",\"url\":\"https:\\\/\\\/www.impressionoriginale.com\\\/fr\\\/produit\\\/ruban-tuxedo-noir-n233-20mm\\\/\",\"name\":\"Ruban Tuxedo Noir n\u00b0233 (20mm) - Impression Originale\",\"isPartOf\":{\"@id\":\"https:\\\/\\\/www.impressionoriginale.com\\\/fr\\\/#website\"},\"primaryImageOfPage\":{\"@id\":\"https:\\\/\\\/www.impressionoriginale.com\\\/fr\\\/produit\\\/ruban-tuxedo-noir-n233-20mm\\\/#primaryimage\"},\"image\":{\"@id\":\"https:\\\/\\\/www.impressionoriginale.com\\\/fr\\\/produit\\\/ruban-tuxedo-noir-n233-20mm\\\/#primaryimage\"},\"thumbnailUrl\":\"https:\\\/\\\/www.impressionoriginale.com\\\/wp-content\\\/uploads\\\/2016\\\/09\\\/IOR-RSMA233NOI20_ribbon_IMPRESSION_ORIGINALE.jpg\",\"datePublished\":\"2016-09-23T16:35:43+00:00\",\"dateModified\":\"2025-12-13T19:22:38+00:00\",\"description\":\"Ruban cadeau noir. Ruban tuxedo (S) donne une finition raffin\u00e9e \u00e0 vos beaux paquets cadeaux. Fabrication fran\u00e7aise par Impression Originale.\",\"breadcrumb\":{\"@id\":\"https:\\\/\\\/www.impressionoriginale.com\\\/fr\\\/produit\\\/ruban-tuxedo-noir-n233-20mm\\\/#breadcrumb\"},\"inLanguage\":\"fr-FR\",\"potentialAction\":[{\"@type\":\"ReadAction\",\"target\":[\"https:\\\/\\\/www.impressionoriginale.com\\\/fr\\\/produit\\\/ruban-tuxedo-noir-n233-20mm\\\/\"]}]},{\"@type\":\"ImageObject\",\"inLanguage\":\"fr-FR\",\"@id\":\"https:\\\/\\\/www.impressionoriginale.com\\\/fr\\\/produit\\\/ruban-tuxedo-noir-n233-20mm\\\/#primaryimage\",\"url\":\"https:\\\/\\\/www.impressionoriginale.com\\\/wp-content\\\/uploads\\\/2016\\\/09\\\/IOR-RSMA233NOI20_ribbon_IMPRESSION_ORIGINALE.jpg\",\"contentUrl\":\"https:\\\/\\\/www.impressionoriginale.com\\\/wp-content\\\/uploads\\\/2016\\\/09\\\/IOR-RSMA233NOI20_ribbon_IMPRESSION_ORIGINALE.jpg\",\"width\":1211,\"height\":1500,\"caption\":\"ior-rsma233noi2\"},{\"@type\":\"BreadcrumbList\",\"@id\":\"https:\\\/\\\/www.impressionoriginale.com\\\/fr\\\/produit\\\/ruban-tuxedo-noir-n233-20mm\\\/#breadcrumb\",\"itemListElement\":[{\"@type\":\"ListItem\",\"position\":1,\"name\":\"Home\",\"item\":\"https:\\\/\\\/www.impressionoriginale.com\\\/fr\\\/\"},{\"@type\":\"ListItem\",\"position\":2,\"name\":\"Boutique\",\"item\":\"https:\\\/\\\/www.impressionoriginale.com\\\/fr\\\/boutique\\\/\"},{\"@type\":\"ListItem\",\"position\":3,\"name\":\"Ruban Tuxedo Noir n\u00b0233 (20mm)\"}]},{\"@type\":\"WebSite\",\"@id\":\"https:\\\/\\\/www.impressionoriginale.com\\\/fr\\\/#website\",\"url\":\"https:\\\/\\\/www.impressionoriginale.com\\\/fr\\\/\",\"name\":\"Impression Originale\",\"description\":\"The art of gifting has a new name. The online store for all your wrapping cravings.\",\"publisher\":{\"@id\":\"https:\\\/\\\/www.impressionoriginale.com\\\/fr\\\/#organization\"},\"potentialAction\":[{\"@type\":\"SearchAction\",\"target\":{\"@type\":\"EntryPoint\",\"urlTemplate\":\"https:\\\/\\\/www.impressionoriginale.com\\\/fr\\\/?s={search_term_string}\"},\"query-input\":{\"@type\":\"PropertyValueSpecification\",\"valueRequired\":true,\"valueName\":\"search_term_string\"}}],\"inLanguage\":\"fr-FR\"},{\"@type\":\"Organization\",\"@id\":\"https:\\\/\\\/www.impressionoriginale.com\\\/fr\\\/#organization\",\"name\":\"Impression Originale\",\"url\":\"https:\\\/\\\/www.impressionoriginale.com\\\/fr\\\/\",\"logo\":{\"@type\":\"ImageObject\",\"inLanguage\":\"fr-FR\",\"@id\":\"https:\\\/\\\/www.impressionoriginale.com\\\/fr\\\/#\\\/schema\\\/logo\\\/image\\\/\",\"url\":\"https:\\\/\\\/www.impressionoriginale.com\\\/wp-content\\\/uploads\\\/2021\\\/08\\\/LOGO-2020-BLACK.png\",\"contentUrl\":\"https:\\\/\\\/www.impressionoriginale.com\\\/wp-content\\\/uploads\\\/2021\\\/08\\\/LOGO-2020-BLACK.png\",\"width\":567,\"height\":567,\"caption\":\"Impression Originale\"},\"image\":{\"@id\":\"https:\\\/\\\/www.impressionoriginale.com\\\/fr\\\/#\\\/schema\\\/logo\\\/image\\\/\"}}]}<\/script>\n<!-- \/ Yoast SEO plugin. -->","yoast_head_json":{"title":"Ruban Tuxedo Noir n\u00b0233 (20mm) - Impression Originale","description":"Ruban cadeau noir. Ruban tuxedo (S) donne une finition raffin\u00e9e \u00e0 vos beaux paquets cadeaux. Fabrication fran\u00e7aise par Impression Originale.","robots":{"index":"index","follow":"follow","max-snippet":"max-snippet:-1","max-image-preview":"max-image-preview:large","max-video-preview":"max-video-preview:-1"},"canonical":"https:\/\/www.impressionoriginale.com\/fr\/produit\/ruban-tuxedo-noir-n233-20mm\/","og_locale":"fr_FR","og_type":"article","og_title":"Ruban Tuxedo Noir n\u00b0233 (20mm) - Impression Originale","og_description":"Ruban cadeau noir. Ruban tuxedo (S) donne une finition raffin\u00e9e \u00e0 vos beaux paquets cadeaux. Fabrication fran\u00e7aise par Impression Originale.","og_url":"https:\/\/www.impressionoriginale.com\/fr\/produit\/ruban-tuxedo-noir-n233-20mm\/","og_site_name":"Impression Originale","article_modified_time":"2025-12-13T19:22:38+00:00","og_image":[{"width":1211,"height":1500,"url":"https:\/\/www.impressionoriginale.com\/wp-content\/uploads\/2016\/09\/IOR-RSMA233NOI20_ribbon_IMPRESSION_ORIGINALE.jpg","type":"image\/jpeg"}],"twitter_card":"summary_large_image","twitter_misc":{"Dur\u00e9e de lecture estim\u00e9e":"1 minute"},"schema":{"@context":"https:\/\/schema.org","@graph":[{"@type":"WebPage","@id":"https:\/\/www.impressionoriginale.com\/fr\/produit\/ruban-tuxedo-noir-n233-20mm\/","url":"https:\/\/www.impressionoriginale.com\/fr\/produit\/ruban-tuxedo-noir-n233-20mm\/","name":"Ruban Tuxedo Noir n\u00b0233 (20mm) - Impression Originale","isPartOf":{"@id":"https:\/\/www.impressionoriginale.com\/fr\/#website"},"primaryImageOfPage":{"@id":"https:\/\/www.impressionoriginale.com\/fr\/produit\/ruban-tuxedo-noir-n233-20mm\/#primaryimage"},"image":{"@id":"https:\/\/www.impressionoriginale.com\/fr\/produit\/ruban-tuxedo-noir-n233-20mm\/#primaryimage"},"thumbnailUrl":"https:\/\/www.impressionoriginale.com\/wp-content\/uploads\/2016\/09\/IOR-RSMA233NOI20_ribbon_IMPRESSION_ORIGINALE.jpg","datePublished":"2016-09-23T16:35:43+00:00","dateModified":"2025-12-13T19:22:38+00:00","description":"Ruban cadeau noir. Ruban tuxedo (S) donne une finition raffin\u00e9e \u00e0 vos beaux paquets cadeaux. Fabrication fran\u00e7aise par Impression Originale.","breadcrumb":{"@id":"https:\/\/www.impressionoriginale.com\/fr\/produit\/ruban-tuxedo-noir-n233-20mm\/#breadcrumb"},"inLanguage":"fr-FR","potentialAction":[{"@type":"ReadAction","target":["https:\/\/www.impressionoriginale.com\/fr\/produit\/ruban-tuxedo-noir-n233-20mm\/"]}]},{"@type":"ImageObject","inLanguage":"fr-FR","@id":"https:\/\/www.impressionoriginale.com\/fr\/produit\/ruban-tuxedo-noir-n233-20mm\/#primaryimage","url":"https:\/\/www.impressionoriginale.com\/wp-content\/uploads\/2016\/09\/IOR-RSMA233NOI20_ribbon_IMPRESSION_ORIGINALE.jpg","contentUrl":"https:\/\/www.impressionoriginale.com\/wp-content\/uploads\/2016\/09\/IOR-RSMA233NOI20_ribbon_IMPRESSION_ORIGINALE.jpg","width":1211,"height":1500,"caption":"ior-rsma233noi2"},{"@type":"BreadcrumbList","@id":"https:\/\/www.impressionoriginale.com\/fr\/produit\/ruban-tuxedo-noir-n233-20mm\/#breadcrumb","itemListElement":[{"@type":"ListItem","position":1,"name":"Home","item":"https:\/\/www.impressionoriginale.com\/fr\/"},{"@type":"ListItem","position":2,"name":"Boutique","item":"https:\/\/www.impressionoriginale.com\/fr\/boutique\/"},{"@type":"ListItem","position":3,"name":"Ruban Tuxedo Noir n\u00b0233 (20mm)"}]},{"@type":"WebSite","@id":"https:\/\/www.impressionoriginale.com\/fr\/#website","url":"https:\/\/www.impressionoriginale.com\/fr\/","name":"Impression Originale","description":"The art of gifting has a new name. The online store for all your wrapping cravings.","publisher":{"@id":"https:\/\/www.impressionoriginale.com\/fr\/#organization"},"potentialAction":[{"@type":"SearchAction","target":{"@type":"EntryPoint","urlTemplate":"https:\/\/www.impressionoriginale.com\/fr\/?s={search_term_string}"},"query-input":{"@type":"PropertyValueSpecification","valueRequired":true,"valueName":"search_term_string"}}],"inLanguage":"fr-FR"},{"@type":"Organization","@id":"https:\/\/www.impressionoriginale.com\/fr\/#organization","name":"Impression Originale","url":"https:\/\/www.impressionoriginale.com\/fr\/","logo":{"@type":"ImageObject","inLanguage":"fr-FR","@id":"https:\/\/www.impressionoriginale.com\/fr\/#\/schema\/logo\/image\/","url":"https:\/\/www.impressionoriginale.com\/wp-content\/uploads\/2021\/08\/LOGO-2020-BLACK.png","contentUrl":"https:\/\/www.impressionoriginale.com\/wp-content\/uploads\/2021\/08\/LOGO-2020-BLACK.png","width":567,"height":567,"caption":"Impression Originale"},"image":{"@id":"https:\/\/www.impressionoriginale.com\/fr\/#\/schema\/logo\/image\/"}}]}},"_links":{"self":[{"href":"https:\/\/www.impressionoriginale.com\/fr\/wp-json\/wp\/v2\/product\/1312","targetHints":{"allow":["GET"]}}],"collection":[{"href":"https:\/\/www.impressionoriginale.com\/fr\/wp-json\/wp\/v2\/product"}],"about":[{"href":"https:\/\/www.impressionoriginale.com\/fr\/wp-json\/wp\/v2\/types\/product"}],"wp:featuredmedia":[{"embeddable":true,"href":"https:\/\/www.impressionoriginale.com\/fr\/wp-json\/wp\/v2\/media\/1485"}],"wp:attachment":[{"href":"https:\/\/www.impressionoriginale.com\/fr\/wp-json\/wp\/v2\/media?parent=1312"}],"wp:term":[{"taxonomy":"product_brand","embeddable":true,"href":"https:\/\/www.impressionoriginale.com\/fr\/wp-json\/wp\/v2\/product_brand?post=1312"},{"taxonomy":"product_cat","embeddable":true,"href":"https:\/\/www.impressionoriginale.com\/fr\/wp-json\/wp\/v2\/product_cat?post=1312"},{"taxonomy":"product_tag","embeddable":true,"href":"https:\/\/www.impressionoriginale.com\/fr\/wp-json\/wp\/v2\/product_tag?post=1312"}],"curies":[{"name":"wp","href":"https:\/\/api.w.org\/{rel}","templated":true}]}}