{"id":13162,"date":"2025-12-02T13:42:57","date_gmt":"2025-12-02T13:42:57","guid":{"rendered":"https:\/\/www.impressionoriginale.com\/?post_type=product&#038;p=13162"},"modified":"2025-12-13T16:32:44","modified_gmt":"2025-12-13T16:32:44","slug":"look-24-decembre","status":"publish","type":"product","link":"https:\/\/www.impressionoriginale.com\/fr\/produit\/look-24-decembre\/","title":{"rendered":"Look \u00ab\u00a024 d\u00e9cembre\u00a0\u00bb"},"content":{"rendered":"<div class=\"wpb-content-wrapper\"><p>[vc_row][vc_column][vc_column_text css=\u00a0\u00bb\u00a0\u00bb]<\/p>\n<blockquote>\n<p style=\"padding-left: 30px;\"><strong>GRAMMAGE<\/strong>\u00a0 \u00a0 \u00a0 \u00a0 \u00a0200 g \/m<sup>2<\/sup><\/p>\n<p style=\"padding-left: 30px;\"><strong>DIMENSIONS<\/strong>\u00a0 \u00a0 \u00a0 \u00a012,5x9x3,6cm (taille S)<\/p>\n<p style=\"padding-left: 30px;\"><strong>PAPIER<\/strong>\u00a0 \u00a0 \u00a0 \u00a0 \u00a0 \u00a0 \u00a0 \u00a0 \u00a0 \u00a0 FSC certifi\u00e9<\/p>\n<p style=\"padding-left: 30px;\"><strong>ENCRE<\/strong>\u00a0 \u00a0 \u00a0 \u00a0 \u00a0 \u00a0 \u00a0 \u00a0 \u00a0 \u00a0 \u00a0Offset pleine couleur, s\u00e9chage UV, recto-verso<\/p>\n<p style=\"padding-left: 30px;\"><strong>ORIGINE<\/strong>\u00a0 \u00a0 \u00a0 \u00a0 \u00a0 \u00a0 \u00a0 \u00a0 \u00a0Angers, France<\/p>\n<p>\u00a0<\/p>\n<p>Nos pochettes cadeaux et rubans vont sublimer vos cadeaux \u00e0 la perfection et peuvent. Elles sont pr\u00eates \u00e0 l\u2019emploi. Laissez nos papiers vous inspirer, et laissez parler votre cr\u00e9ativit\u00e9\u2026<\/p>\n<p><em>\u00ab\u00a0Faites de beaux cadeaux et faites des heureux !\u00a0\u00bb <\/em><\/p><\/blockquote>\n<p>[\/vc_column_text][\/vc_column][\/vc_row]<\/p>\n\n\n<\/div>","protected":false},"excerpt":{"rendered":"<p><strong>Genevi\u00e8ve Depr\u00e9s<\/strong><\/p>\n<h5><em>24 d\u00e9cembre <\/em>Pochette cadeau S + Noeud<\/h5>\n<p>Au coeur des vastes pleines glac\u00e9es balay\u00e9es par le vent du nord se prom\u00e8nent Montmarte le renne aux bois fous et Fanny le li\u00e8vre aux yeux noisette. Ils forment un conciliabule \u00e0 l\u2019approche de No\u00ebl pour organiser une grande f\u00eate comme chez les humains. C\u2019est alors que surgit un gros monsieur barbu tout habill\u00e9 en rouge qui leur apporte des tonnes de cadeaux. Stupeur sur la banquise, c\u2019est l\u2019heure d\u2019aller chercher tous leurs amis pour pr\u00e9parer la plus grande f\u00eate que le Nord n\u2019ait jamais connue.<\/p>\n<p>Disponible avec le m\u00eame motif en\u00a0<a href=\"https:\/\/www.impressionoriginale.com\/fr\/produit\/24-decembre-pochette-cadeau-m\/\" target=\"_blank\" rel=\"noopener\"><strong>Pochette Cadeau<\/strong><\/a>\u00a0(taille M).<\/p>\n<p style=\"text-align: center;\"><em>Note : Les pochettes cadeaux sont envoy\u00e9es \u00e0 plat. Le petit noeud est prot\u00e9g\u00e9 dans une pochette individuelle.<\/em><\/p>\n","protected":false},"featured_media":13163,"template":"","meta":[],"product_brand":[],"product_cat":[329,1086],"product_tag":[1175,88,815],"class_list":{"0":"post-13162","1":"product","2":"type-product","3":"status-publish","4":"has-post-thumbnail","6":"product_cat-ensembles","7":"product_cat-pochette-cadeau-noeud","8":"product_tag-genevieve-depres","9":"product_tag-impression-originale-fr-2","10":"product_tag-taille-m-fr","12":"first","13":"instock","14":"taxable","15":"shipping-taxable","16":"purchasable","17":"product-type-bundle"},"bundled_by":[],"bundle_stock_status":"instock","bundle_stock_quantity":11,"bundle_virtual":false,"bundle_layout":"default","bundle_add_to_cart_form_location":"default","bundle_editable_in_cart":true,"bundle_sold_individually_context":"product","bundle_item_grouping":"parent","bundle_min_size":"","bundle_max_size":"","bundle_price":{"price":{"min":{"incl_tax":"0.00","excl_tax":"0.00"},"max":{"incl_tax":"","excl_tax":""}},"regular_price":{"min":{"incl_tax":"0.00","excl_tax":"0.00"},"max":{"incl_tax":"","excl_tax":""}}},"bundled_items":[{"bundled_item_id":2802,"product_id":10971,"menu_order":0,"quantity_min":1,"quantity_max":"","quantity_default":1,"priced_individually":true,"shipped_individually":false,"override_title":false,"title":"24 d\u00e9cembre Pochette Cadeau (S)","override_description":true,"description":"","optional":true,"hide_thumbnail":false,"discount":"","override_variations":false,"allowed_variations":[""],"override_default_variation_attributes":false,"default_variation_attributes":[],"single_product_visibility":"visible","cart_visibility":"visible","order_visibility":"visible","single_product_price_visibility":"visible","cart_price_visibility":"visible","order_price_visibility":"visible","stock_status":"in_stock"},{"bundled_item_id":2803,"product_id":11755,"menu_order":1,"quantity_min":1,"quantity_max":"","quantity_default":1,"priced_individually":true,"shipped_individually":false,"override_title":false,"title":"N\u0153ud Gros grain Pirouette blanc cass\u00e9 n\u00b0272 (40mm)","override_description":true,"description":"","optional":true,"hide_thumbnail":false,"discount":"","override_variations":false,"allowed_variations":[""],"override_default_variation_attributes":false,"default_variation_attributes":[],"single_product_visibility":"visible","cart_visibility":"visible","order_visibility":"visible","single_product_price_visibility":"visible","cart_price_visibility":"visible","order_price_visibility":"visible","stock_status":"in_stock"}],"bundle_sell_ids":[],"yoast_head":"<!-- This site is optimized with the Yoast SEO plugin v27.5 - https:\/\/yoast.com\/product\/yoast-seo-wordpress\/ -->\n<title>Look &quot;24 d\u00e9cembre&quot; I Emballage cadeau de luxe par Impression Originale<\/title>\n<meta name=\"description\" content=\"Cette pochette cadeau S &quot;24 d\u00e9cembre&quot; se coordonne \u00e0 la perfection avec un joli noeud blanc en gros grain pr\u00eat-\u00e0-poser. Fabrication fran\u00e7aise.\" \/>\n<meta name=\"robots\" content=\"index, follow, max-snippet:-1, max-image-preview:large, max-video-preview:-1\" \/>\n<link rel=\"canonical\" href=\"https:\/\/www.impressionoriginale.com\/fr\/produit\/look-24-decembre\/\" \/>\n<meta property=\"og:locale\" content=\"fr_FR\" \/>\n<meta property=\"og:type\" content=\"article\" \/>\n<meta property=\"og:title\" content=\"Look &quot;24 d\u00e9cembre&quot; I Emballage cadeau de luxe par Impression Originale\" \/>\n<meta property=\"og:description\" content=\"Cette pochette cadeau S &quot;24 d\u00e9cembre&quot; se coordonne \u00e0 la perfection avec un joli noeud blanc en gros grain pr\u00eat-\u00e0-poser. Fabrication fran\u00e7aise.\" \/>\n<meta property=\"og:url\" content=\"https:\/\/www.impressionoriginale.com\/fr\/produit\/look-24-decembre\/\" \/>\n<meta property=\"og:site_name\" content=\"Impression Originale\" \/>\n<meta property=\"article:modified_time\" content=\"2025-12-13T16:32:44+00:00\" \/>\n<meta property=\"og:image\" content=\"https:\/\/www.impressionoriginale.com\/wp-content\/uploads\/2025\/11\/Impression-Originale_SmallGiftBag_WhiteTwirlBow_24December.jpg\" \/>\n\t<meta property=\"og:image:width\" content=\"1554\" \/>\n\t<meta property=\"og:image:height\" content=\"2330\" \/>\n\t<meta property=\"og:image:type\" content=\"image\/jpeg\" \/>\n<meta name=\"twitter:card\" content=\"summary_large_image\" \/>\n<script type=\"application\/ld+json\" class=\"yoast-schema-graph\">{\"@context\":\"https:\\\/\\\/schema.org\",\"@graph\":[{\"@type\":\"WebPage\",\"@id\":\"https:\\\/\\\/www.impressionoriginale.com\\\/fr\\\/produit\\\/look-24-decembre\\\/\",\"url\":\"https:\\\/\\\/www.impressionoriginale.com\\\/fr\\\/produit\\\/look-24-decembre\\\/\",\"name\":\"Look \\\"24 d\u00e9cembre\\\" I Emballage cadeau de luxe par Impression Originale\",\"isPartOf\":{\"@id\":\"https:\\\/\\\/www.impressionoriginale.com\\\/fr\\\/#website\"},\"primaryImageOfPage\":{\"@id\":\"https:\\\/\\\/www.impressionoriginale.com\\\/fr\\\/produit\\\/look-24-decembre\\\/#primaryimage\"},\"image\":{\"@id\":\"https:\\\/\\\/www.impressionoriginale.com\\\/fr\\\/produit\\\/look-24-decembre\\\/#primaryimage\"},\"thumbnailUrl\":\"https:\\\/\\\/www.impressionoriginale.com\\\/wp-content\\\/uploads\\\/2025\\\/11\\\/Impression-Originale_SmallGiftBag_WhiteTwirlBow_24December.jpg\",\"datePublished\":\"2025-12-02T13:42:57+00:00\",\"dateModified\":\"2025-12-13T16:32:44+00:00\",\"description\":\"Cette pochette cadeau S \\\"24 d\u00e9cembre\\\" se coordonne \u00e0 la perfection avec un joli noeud blanc en gros grain pr\u00eat-\u00e0-poser. Fabrication fran\u00e7aise.\",\"breadcrumb\":{\"@id\":\"https:\\\/\\\/www.impressionoriginale.com\\\/fr\\\/produit\\\/look-24-decembre\\\/#breadcrumb\"},\"inLanguage\":\"fr-FR\",\"potentialAction\":[{\"@type\":\"ReadAction\",\"target\":[\"https:\\\/\\\/www.impressionoriginale.com\\\/fr\\\/produit\\\/look-24-decembre\\\/\"]}]},{\"@type\":\"ImageObject\",\"inLanguage\":\"fr-FR\",\"@id\":\"https:\\\/\\\/www.impressionoriginale.com\\\/fr\\\/produit\\\/look-24-decembre\\\/#primaryimage\",\"url\":\"https:\\\/\\\/www.impressionoriginale.com\\\/wp-content\\\/uploads\\\/2025\\\/11\\\/Impression-Originale_SmallGiftBag_WhiteTwirlBow_24December.jpg\",\"contentUrl\":\"https:\\\/\\\/www.impressionoriginale.com\\\/wp-content\\\/uploads\\\/2025\\\/11\\\/Impression-Originale_SmallGiftBag_WhiteTwirlBow_24December.jpg\",\"width\":1554,\"height\":2330},{\"@type\":\"BreadcrumbList\",\"@id\":\"https:\\\/\\\/www.impressionoriginale.com\\\/fr\\\/produit\\\/look-24-decembre\\\/#breadcrumb\",\"itemListElement\":[{\"@type\":\"ListItem\",\"position\":1,\"name\":\"Home\",\"item\":\"https:\\\/\\\/www.impressionoriginale.com\\\/fr\\\/\"},{\"@type\":\"ListItem\",\"position\":2,\"name\":\"Boutique\",\"item\":\"https:\\\/\\\/www.impressionoriginale.com\\\/fr\\\/boutique\\\/\"},{\"@type\":\"ListItem\",\"position\":3,\"name\":\"Look &#8220;24 d\u00e9cembre&#8221;\"}]},{\"@type\":\"WebSite\",\"@id\":\"https:\\\/\\\/www.impressionoriginale.com\\\/fr\\\/#website\",\"url\":\"https:\\\/\\\/www.impressionoriginale.com\\\/fr\\\/\",\"name\":\"Impression Originale\",\"description\":\"The art of gifting has a new name. The online store for all your wrapping cravings.\",\"publisher\":{\"@id\":\"https:\\\/\\\/www.impressionoriginale.com\\\/fr\\\/#organization\"},\"potentialAction\":[{\"@type\":\"SearchAction\",\"target\":{\"@type\":\"EntryPoint\",\"urlTemplate\":\"https:\\\/\\\/www.impressionoriginale.com\\\/fr\\\/?s={search_term_string}\"},\"query-input\":{\"@type\":\"PropertyValueSpecification\",\"valueRequired\":true,\"valueName\":\"search_term_string\"}}],\"inLanguage\":\"fr-FR\"},{\"@type\":\"Organization\",\"@id\":\"https:\\\/\\\/www.impressionoriginale.com\\\/fr\\\/#organization\",\"name\":\"Impression Originale\",\"url\":\"https:\\\/\\\/www.impressionoriginale.com\\\/fr\\\/\",\"logo\":{\"@type\":\"ImageObject\",\"inLanguage\":\"fr-FR\",\"@id\":\"https:\\\/\\\/www.impressionoriginale.com\\\/fr\\\/#\\\/schema\\\/logo\\\/image\\\/\",\"url\":\"https:\\\/\\\/www.impressionoriginale.com\\\/wp-content\\\/uploads\\\/2021\\\/08\\\/LOGO-2020-BLACK.png\",\"contentUrl\":\"https:\\\/\\\/www.impressionoriginale.com\\\/wp-content\\\/uploads\\\/2021\\\/08\\\/LOGO-2020-BLACK.png\",\"width\":567,\"height\":567,\"caption\":\"Impression Originale\"},\"image\":{\"@id\":\"https:\\\/\\\/www.impressionoriginale.com\\\/fr\\\/#\\\/schema\\\/logo\\\/image\\\/\"}}]}<\/script>\n<!-- \/ Yoast SEO plugin. -->","yoast_head_json":{"title":"Look \"24 d\u00e9cembre\" I Emballage cadeau de luxe par Impression Originale","description":"Cette pochette cadeau S \"24 d\u00e9cembre\" se coordonne \u00e0 la perfection avec un joli noeud blanc en gros grain pr\u00eat-\u00e0-poser. Fabrication fran\u00e7aise.","robots":{"index":"index","follow":"follow","max-snippet":"max-snippet:-1","max-image-preview":"max-image-preview:large","max-video-preview":"max-video-preview:-1"},"canonical":"https:\/\/www.impressionoriginale.com\/fr\/produit\/look-24-decembre\/","og_locale":"fr_FR","og_type":"article","og_title":"Look \"24 d\u00e9cembre\" I Emballage cadeau de luxe par Impression Originale","og_description":"Cette pochette cadeau S \"24 d\u00e9cembre\" se coordonne \u00e0 la perfection avec un joli noeud blanc en gros grain pr\u00eat-\u00e0-poser. Fabrication fran\u00e7aise.","og_url":"https:\/\/www.impressionoriginale.com\/fr\/produit\/look-24-decembre\/","og_site_name":"Impression Originale","article_modified_time":"2025-12-13T16:32:44+00:00","og_image":[{"width":1554,"height":2330,"url":"https:\/\/www.impressionoriginale.com\/wp-content\/uploads\/2025\/11\/Impression-Originale_SmallGiftBag_WhiteTwirlBow_24December.jpg","type":"image\/jpeg"}],"twitter_card":"summary_large_image","schema":{"@context":"https:\/\/schema.org","@graph":[{"@type":"WebPage","@id":"https:\/\/www.impressionoriginale.com\/fr\/produit\/look-24-decembre\/","url":"https:\/\/www.impressionoriginale.com\/fr\/produit\/look-24-decembre\/","name":"Look \"24 d\u00e9cembre\" I Emballage cadeau de luxe par Impression Originale","isPartOf":{"@id":"https:\/\/www.impressionoriginale.com\/fr\/#website"},"primaryImageOfPage":{"@id":"https:\/\/www.impressionoriginale.com\/fr\/produit\/look-24-decembre\/#primaryimage"},"image":{"@id":"https:\/\/www.impressionoriginale.com\/fr\/produit\/look-24-decembre\/#primaryimage"},"thumbnailUrl":"https:\/\/www.impressionoriginale.com\/wp-content\/uploads\/2025\/11\/Impression-Originale_SmallGiftBag_WhiteTwirlBow_24December.jpg","datePublished":"2025-12-02T13:42:57+00:00","dateModified":"2025-12-13T16:32:44+00:00","description":"Cette pochette cadeau S \"24 d\u00e9cembre\" se coordonne \u00e0 la perfection avec un joli noeud blanc en gros grain pr\u00eat-\u00e0-poser. Fabrication fran\u00e7aise.","breadcrumb":{"@id":"https:\/\/www.impressionoriginale.com\/fr\/produit\/look-24-decembre\/#breadcrumb"},"inLanguage":"fr-FR","potentialAction":[{"@type":"ReadAction","target":["https:\/\/www.impressionoriginale.com\/fr\/produit\/look-24-decembre\/"]}]},{"@type":"ImageObject","inLanguage":"fr-FR","@id":"https:\/\/www.impressionoriginale.com\/fr\/produit\/look-24-decembre\/#primaryimage","url":"https:\/\/www.impressionoriginale.com\/wp-content\/uploads\/2025\/11\/Impression-Originale_SmallGiftBag_WhiteTwirlBow_24December.jpg","contentUrl":"https:\/\/www.impressionoriginale.com\/wp-content\/uploads\/2025\/11\/Impression-Originale_SmallGiftBag_WhiteTwirlBow_24December.jpg","width":1554,"height":2330},{"@type":"BreadcrumbList","@id":"https:\/\/www.impressionoriginale.com\/fr\/produit\/look-24-decembre\/#breadcrumb","itemListElement":[{"@type":"ListItem","position":1,"name":"Home","item":"https:\/\/www.impressionoriginale.com\/fr\/"},{"@type":"ListItem","position":2,"name":"Boutique","item":"https:\/\/www.impressionoriginale.com\/fr\/boutique\/"},{"@type":"ListItem","position":3,"name":"Look &#8220;24 d\u00e9cembre&#8221;"}]},{"@type":"WebSite","@id":"https:\/\/www.impressionoriginale.com\/fr\/#website","url":"https:\/\/www.impressionoriginale.com\/fr\/","name":"Impression Originale","description":"The art of gifting has a new name. The online store for all your wrapping cravings.","publisher":{"@id":"https:\/\/www.impressionoriginale.com\/fr\/#organization"},"potentialAction":[{"@type":"SearchAction","target":{"@type":"EntryPoint","urlTemplate":"https:\/\/www.impressionoriginale.com\/fr\/?s={search_term_string}"},"query-input":{"@type":"PropertyValueSpecification","valueRequired":true,"valueName":"search_term_string"}}],"inLanguage":"fr-FR"},{"@type":"Organization","@id":"https:\/\/www.impressionoriginale.com\/fr\/#organization","name":"Impression Originale","url":"https:\/\/www.impressionoriginale.com\/fr\/","logo":{"@type":"ImageObject","inLanguage":"fr-FR","@id":"https:\/\/www.impressionoriginale.com\/fr\/#\/schema\/logo\/image\/","url":"https:\/\/www.impressionoriginale.com\/wp-content\/uploads\/2021\/08\/LOGO-2020-BLACK.png","contentUrl":"https:\/\/www.impressionoriginale.com\/wp-content\/uploads\/2021\/08\/LOGO-2020-BLACK.png","width":567,"height":567,"caption":"Impression Originale"},"image":{"@id":"https:\/\/www.impressionoriginale.com\/fr\/#\/schema\/logo\/image\/"}}]}},"_links":{"self":[{"href":"https:\/\/www.impressionoriginale.com\/fr\/wp-json\/wp\/v2\/product\/13162","targetHints":{"allow":["GET"]}}],"collection":[{"href":"https:\/\/www.impressionoriginale.com\/fr\/wp-json\/wp\/v2\/product"}],"about":[{"href":"https:\/\/www.impressionoriginale.com\/fr\/wp-json\/wp\/v2\/types\/product"}],"wp:featuredmedia":[{"embeddable":true,"href":"https:\/\/www.impressionoriginale.com\/fr\/wp-json\/wp\/v2\/media\/13163"}],"wp:attachment":[{"href":"https:\/\/www.impressionoriginale.com\/fr\/wp-json\/wp\/v2\/media?parent=13162"}],"wp:term":[{"taxonomy":"product_brand","embeddable":true,"href":"https:\/\/www.impressionoriginale.com\/fr\/wp-json\/wp\/v2\/product_brand?post=13162"},{"taxonomy":"product_cat","embeddable":true,"href":"https:\/\/www.impressionoriginale.com\/fr\/wp-json\/wp\/v2\/product_cat?post=13162"},{"taxonomy":"product_tag","embeddable":true,"href":"https:\/\/www.impressionoriginale.com\/fr\/wp-json\/wp\/v2\/product_tag?post=13162"}],"curies":[{"name":"wp","href":"https:\/\/api.w.org\/{rel}","templated":true}]}}