{"id":2818,"date":"2016-10-04T16:19:49","date_gmt":"2016-10-04T16:19:49","guid":{"rendered":"http:\/\/impressionorig.wpengine.com\/e-shop\/ensemble-petales-pop-art-rubans\/"},"modified":"2021-09-05T13:01:31","modified_gmt":"2021-09-05T13:01:31","slug":"ensemble-petales-pop-art","status":"publish","type":"product","link":"https:\/\/www.impressionoriginale.com\/fr\/produit\/ensemble-petales-pop-art\/","title":{"rendered":"Ensemble P\u00e9tales Pop Art"},"content":{"rendered":"<div class=\"wpb-content-wrapper\"><p>[vc_row][vc_column][vc_column_text]<\/p>\n<blockquote>\n<p style=\"padding-left: 30px;\"><strong>WEIGHT<\/strong> \u00a0\u00a0\u00a0\u00a0\u00a0\u00a0\u00a0\u00a0\u00a0\u00a0\u00a0\u00a0\u00a0\u00a0\u00a0\u00a0\u00a0 115 g \/m<sup>2<\/sup><\/p>\n<p style=\"padding-left: 30px;\"><strong>DIMENSIONS<\/strong>\u00a0 \u00a0 \u00a0 \u00a0 60x86cm (maxi large sheet, rolled)<\/p>\n<p style=\"padding-left: 30px;\"><strong>PAPER<\/strong>\u00a0 \u00a0 \u00a0 \u00a0 \u00a0 \u00a0 \u00a0 \u00a0 \u00a0 \u00a0 \u00a0 \u00a0Cyclus \u2013 100% recycled<\/p>\n<p style=\"padding-left: 30px;\"><strong>INK<\/strong>\u00a0 \u00a0 \u00a0 \u00a0 \u00a0 \u00a0 \u00a0 \u00a0 \u00a0 \u00a0 \u00a0 \u00a0 \u00a0 \u00a0 \u00a0Offset quadri full color, UV drying process, Double-sided<\/p>\n<p style=\"padding-left: 30px;\"><strong>ORIGIN<\/strong>\u00a0 \u00a0 \u00a0 \u00a0 \u00a0 \u00a0 \u00a0 \u00a0 \u00a0 \u00a0 \u00a0From Angers, France<\/p>\n<p>\u00a0<\/p>\n<p>Lovingly designed from all over the world and packaged by hand by our little fairies in Angers, France.<\/p>\n<p>Our IMPRESSION ORIGINALE wrapping papers and ribbons are perfect not only for wrapping but for drawer liners, and craft projects. Be inspired and creative, that\u2019s the way it should be!<\/p>\n<p><em>\u00ab\u00a0Love what you do, spread the love\u2026\u00a0\u00bb\u00a0<\/em><\/p><\/blockquote>\n<p>[\/vc_column_text][\/vc_column][\/vc_row]<\/p>\n\n\n<\/div>","protected":false},"excerpt":{"rendered":"<p><strong>Fr\u00e9d\u00e9ric\u00a0Bonnin<\/strong><\/p>\n<p><em>\u00ab\u00a0P\u00e9tales Pop Art\u00a0\u00bb\u00a0<\/em>papier cadeau<\/p>\n<p style=\"text-align: justify;\">Ce papier cadeau s\u2019inspire d\u2019une superposition de pois \u00e0 la Lichtenstein. Il nous plonge dans un monde entre r\u00eave et r\u00e9alit\u00e9, entre le punch d\u2019un wax africain et la douceur d\u2019un p\u00e9tale en vol. Il se d\u00e9gage une force qui vacille entre l\u2019exotisme et le graphisme.<\/p>\n<p><strong>Dans ce\u00a0KIT<\/strong>: 1 feuille XL + RUBANS de 2,5m de votre choix<\/p>\n<p style=\"text-align: center;\"><em>Note : Tous nos papiers cadeaux sont envoy\u00e9s roul\u00e9s soigneusement dans un tube.<\/em><\/p>\n","protected":false},"featured_media":1596,"template":"","meta":[],"product_brand":[],"product_cat":[913,910,329,438,337,1089],"product_tag":[361,88,366,81,1095],"class_list":{"0":"post-2818","1":"product","2":"type-product","3":"status-publish","4":"has-post-thumbnail","6":"product_cat-amour","7":"product_cat-anniversaire","8":"product_cat-ensembles","9":"product_cat-ensembles-amour","10":"product_cat-ensembles-pop","11":"product_cat-papier-cadeau-ruban","12":"product_tag-frederic-bonnin-fr-2","13":"product_tag-impression-originale-fr-2","14":"product_tag-minakani-fr-2","15":"product_tag-papier-cadeau-fr","16":"product_tag-papiers-cadeaux","18":"first","19":"instock","20":"taxable","21":"shipping-taxable","22":"purchasable","23":"product-type-bundle"},"bundled_by":[],"bundle_stock_status":"instock","bundle_stock_quantity":741,"bundle_virtual":false,"bundle_layout":"default","bundle_add_to_cart_form_location":"default","bundle_editable_in_cart":true,"bundle_sold_individually_context":"product","bundle_item_grouping":"parent","bundle_min_size":"","bundle_max_size":"","bundle_price":{"price":{"min":{"incl_tax":"5","excl_tax":"4.17"},"max":{"incl_tax":"","excl_tax":""}},"regular_price":{"min":{"incl_tax":"5","excl_tax":"4.17"},"max":{"incl_tax":"","excl_tax":""}}},"bundled_items":[{"bundled_item_id":95,"product_id":2801,"menu_order":0,"quantity_min":1,"quantity_max":"","quantity_default":1,"priced_individually":true,"shipped_individually":false,"override_title":true,"title":"P\u00e9tales Pop Art Papier Cadeau","override_description":true,"description":"60x86cm (115g)","optional":false,"hide_thumbnail":false,"discount":"","override_variations":false,"allowed_variations":[""],"override_default_variation_attributes":false,"default_variation_attributes":[],"single_product_visibility":"visible","cart_visibility":"visible","order_visibility":"visible","single_product_price_visibility":"visible","cart_price_visibility":"visible","order_price_visibility":"visible","stock_status":"in_stock"},{"bundled_item_id":96,"product_id":1338,"menu_order":1,"quantity_min":1,"quantity_max":"","quantity_default":1,"priced_individually":true,"shipped_individually":false,"override_title":true,"title":"Ruban Satin Vert d\u2019eau n\u00b0544 (XL)","override_description":true,"description":"2,5m (50mm)","optional":true,"hide_thumbnail":false,"discount":"","override_variations":false,"allowed_variations":[""],"override_default_variation_attributes":false,"default_variation_attributes":[],"single_product_visibility":"visible","cart_visibility":"visible","order_visibility":"visible","single_product_price_visibility":"visible","cart_price_visibility":"visible","order_price_visibility":"visible","stock_status":"in_stock"},{"bundled_item_id":1180,"product_id":1344,"menu_order":2,"quantity_min":1,"quantity_max":"","quantity_default":1,"priced_individually":true,"shipped_individually":false,"override_title":true,"title":"Ruban Satin Vert d\u2019eau n\u00b0544 (XS)","override_description":true,"description":"2,5m (6mm)","optional":true,"hide_thumbnail":false,"discount":"","override_variations":false,"allowed_variations":[""],"override_default_variation_attributes":false,"default_variation_attributes":[],"single_product_visibility":"visible","cart_visibility":"visible","order_visibility":"visible","single_product_price_visibility":"visible","cart_price_visibility":"visible","order_price_visibility":"visible","stock_status":"in_stock"}],"bundle_sell_ids":[],"yoast_head":"<!-- This site is optimized with the Yoast SEO plugin v27.5 - https:\/\/yoast.com\/product\/yoast-seo-wordpress\/ -->\n<title>Ensemble P\u00e9tales Pop Art - Impression Originale<\/title>\n<meta name=\"description\" content=\"Le papier cadeau &quot;P\u00e9tales Pop Art&quot; dessin\u00e9 par Minakani pour Impression Originale se marie \u00e0 la perfection avec un ruban satin vert d&#039;eau. 100% recycl\u00e9, made in Angers, France.\" \/>\n<meta name=\"robots\" content=\"index, follow, max-snippet:-1, max-image-preview:large, max-video-preview:-1\" \/>\n<link rel=\"canonical\" href=\"https:\/\/www.impressionoriginale.com\/fr\/produit\/ensemble-petales-pop-art\/\" \/>\n<meta property=\"og:locale\" content=\"fr_FR\" \/>\n<meta property=\"og:type\" content=\"article\" \/>\n<meta property=\"og:title\" content=\"Ensemble P\u00e9tales Pop Art - Impression Originale\" \/>\n<meta property=\"og:description\" content=\"Le papier cadeau &quot;P\u00e9tales Pop Art&quot; dessin\u00e9 par Minakani pour Impression Originale se marie \u00e0 la perfection avec un ruban satin vert d&#039;eau. 100% recycl\u00e9, made in Angers, France.\" \/>\n<meta property=\"og:url\" content=\"https:\/\/www.impressionoriginale.com\/fr\/produit\/ensemble-petales-pop-art\/\" \/>\n<meta property=\"og:site_name\" content=\"Impression Originale\" \/>\n<meta property=\"article:modified_time\" content=\"2021-09-05T13:01:31+00:00\" \/>\n<meta property=\"og:image\" content=\"https:\/\/www.impressionoriginale.com\/wp-content\/uploads\/2016\/09\/IOR-RSAT544VER50_paired_Pop_art_petal.jpg\" \/>\n\t<meta property=\"og:image:width\" content=\"1211\" \/>\n\t<meta property=\"og:image:height\" content=\"1500\" \/>\n\t<meta property=\"og:image:type\" content=\"image\/jpeg\" \/>\n<meta name=\"twitter:card\" content=\"summary_large_image\" \/>\n<script type=\"application\/ld+json\" class=\"yoast-schema-graph\">{\"@context\":\"https:\\\/\\\/schema.org\",\"@graph\":[{\"@type\":\"WebPage\",\"@id\":\"https:\\\/\\\/www.impressionoriginale.com\\\/fr\\\/produit\\\/ensemble-petales-pop-art\\\/\",\"url\":\"https:\\\/\\\/www.impressionoriginale.com\\\/fr\\\/produit\\\/ensemble-petales-pop-art\\\/\",\"name\":\"Ensemble P\u00e9tales Pop Art - Impression Originale\",\"isPartOf\":{\"@id\":\"https:\\\/\\\/www.impressionoriginale.com\\\/fr\\\/#website\"},\"primaryImageOfPage\":{\"@id\":\"https:\\\/\\\/www.impressionoriginale.com\\\/fr\\\/produit\\\/ensemble-petales-pop-art\\\/#primaryimage\"},\"image\":{\"@id\":\"https:\\\/\\\/www.impressionoriginale.com\\\/fr\\\/produit\\\/ensemble-petales-pop-art\\\/#primaryimage\"},\"thumbnailUrl\":\"https:\\\/\\\/www.impressionoriginale.com\\\/wp-content\\\/uploads\\\/2016\\\/09\\\/IOR-RSAT544VER50_paired_Pop_art_petal.jpg\",\"datePublished\":\"2016-10-04T16:19:49+00:00\",\"dateModified\":\"2021-09-05T13:01:31+00:00\",\"description\":\"Le papier cadeau \\\"P\u00e9tales Pop Art\\\" dessin\u00e9 par Minakani pour Impression Originale se marie \u00e0 la perfection avec un ruban satin vert d'eau. 100% recycl\u00e9, made in Angers, France.\",\"breadcrumb\":{\"@id\":\"https:\\\/\\\/www.impressionoriginale.com\\\/fr\\\/produit\\\/ensemble-petales-pop-art\\\/#breadcrumb\"},\"inLanguage\":\"fr-FR\",\"potentialAction\":[{\"@type\":\"ReadAction\",\"target\":[\"https:\\\/\\\/www.impressionoriginale.com\\\/fr\\\/produit\\\/ensemble-petales-pop-art\\\/\"]}]},{\"@type\":\"ImageObject\",\"inLanguage\":\"fr-FR\",\"@id\":\"https:\\\/\\\/www.impressionoriginale.com\\\/fr\\\/produit\\\/ensemble-petales-pop-art\\\/#primaryimage\",\"url\":\"https:\\\/\\\/www.impressionoriginale.com\\\/wp-content\\\/uploads\\\/2016\\\/09\\\/IOR-RSAT544VER50_paired_Pop_art_petal.jpg\",\"contentUrl\":\"https:\\\/\\\/www.impressionoriginale.com\\\/wp-content\\\/uploads\\\/2016\\\/09\\\/IOR-RSAT544VER50_paired_Pop_art_petal.jpg\",\"width\":1211,\"height\":1500,\"caption\":\"ior-rsat544ver50\"},{\"@type\":\"BreadcrumbList\",\"@id\":\"https:\\\/\\\/www.impressionoriginale.com\\\/fr\\\/produit\\\/ensemble-petales-pop-art\\\/#breadcrumb\",\"itemListElement\":[{\"@type\":\"ListItem\",\"position\":1,\"name\":\"Home\",\"item\":\"https:\\\/\\\/www.impressionoriginale.com\\\/fr\\\/\"},{\"@type\":\"ListItem\",\"position\":2,\"name\":\"Boutique\",\"item\":\"https:\\\/\\\/www.impressionoriginale.com\\\/fr\\\/boutique\\\/\"},{\"@type\":\"ListItem\",\"position\":3,\"name\":\"Ensemble P\u00e9tales Pop Art\"}]},{\"@type\":\"WebSite\",\"@id\":\"https:\\\/\\\/www.impressionoriginale.com\\\/fr\\\/#website\",\"url\":\"https:\\\/\\\/www.impressionoriginale.com\\\/fr\\\/\",\"name\":\"Impression Originale\",\"description\":\"The art of gifting has a new name. The online store for all your wrapping cravings.\",\"publisher\":{\"@id\":\"https:\\\/\\\/www.impressionoriginale.com\\\/fr\\\/#organization\"},\"potentialAction\":[{\"@type\":\"SearchAction\",\"target\":{\"@type\":\"EntryPoint\",\"urlTemplate\":\"https:\\\/\\\/www.impressionoriginale.com\\\/fr\\\/?s={search_term_string}\"},\"query-input\":{\"@type\":\"PropertyValueSpecification\",\"valueRequired\":true,\"valueName\":\"search_term_string\"}}],\"inLanguage\":\"fr-FR\"},{\"@type\":\"Organization\",\"@id\":\"https:\\\/\\\/www.impressionoriginale.com\\\/fr\\\/#organization\",\"name\":\"Impression Originale\",\"url\":\"https:\\\/\\\/www.impressionoriginale.com\\\/fr\\\/\",\"logo\":{\"@type\":\"ImageObject\",\"inLanguage\":\"fr-FR\",\"@id\":\"https:\\\/\\\/www.impressionoriginale.com\\\/fr\\\/#\\\/schema\\\/logo\\\/image\\\/\",\"url\":\"https:\\\/\\\/www.impressionoriginale.com\\\/wp-content\\\/uploads\\\/2021\\\/08\\\/LOGO-2020-BLACK.png\",\"contentUrl\":\"https:\\\/\\\/www.impressionoriginale.com\\\/wp-content\\\/uploads\\\/2021\\\/08\\\/LOGO-2020-BLACK.png\",\"width\":567,\"height\":567,\"caption\":\"Impression Originale\"},\"image\":{\"@id\":\"https:\\\/\\\/www.impressionoriginale.com\\\/fr\\\/#\\\/schema\\\/logo\\\/image\\\/\"}}]}<\/script>\n<!-- \/ Yoast SEO plugin. -->","yoast_head_json":{"title":"Ensemble P\u00e9tales Pop Art - Impression Originale","description":"Le papier cadeau \"P\u00e9tales Pop Art\" dessin\u00e9 par Minakani pour Impression Originale se marie \u00e0 la perfection avec un ruban satin vert d'eau. 100% recycl\u00e9, made in Angers, France.","robots":{"index":"index","follow":"follow","max-snippet":"max-snippet:-1","max-image-preview":"max-image-preview:large","max-video-preview":"max-video-preview:-1"},"canonical":"https:\/\/www.impressionoriginale.com\/fr\/produit\/ensemble-petales-pop-art\/","og_locale":"fr_FR","og_type":"article","og_title":"Ensemble P\u00e9tales Pop Art - Impression Originale","og_description":"Le papier cadeau \"P\u00e9tales Pop Art\" dessin\u00e9 par Minakani pour Impression Originale se marie \u00e0 la perfection avec un ruban satin vert d'eau. 100% recycl\u00e9, made in Angers, France.","og_url":"https:\/\/www.impressionoriginale.com\/fr\/produit\/ensemble-petales-pop-art\/","og_site_name":"Impression Originale","article_modified_time":"2021-09-05T13:01:31+00:00","og_image":[{"width":1211,"height":1500,"url":"https:\/\/www.impressionoriginale.com\/wp-content\/uploads\/2016\/09\/IOR-RSAT544VER50_paired_Pop_art_petal.jpg","type":"image\/jpeg"}],"twitter_card":"summary_large_image","schema":{"@context":"https:\/\/schema.org","@graph":[{"@type":"WebPage","@id":"https:\/\/www.impressionoriginale.com\/fr\/produit\/ensemble-petales-pop-art\/","url":"https:\/\/www.impressionoriginale.com\/fr\/produit\/ensemble-petales-pop-art\/","name":"Ensemble P\u00e9tales Pop Art - Impression Originale","isPartOf":{"@id":"https:\/\/www.impressionoriginale.com\/fr\/#website"},"primaryImageOfPage":{"@id":"https:\/\/www.impressionoriginale.com\/fr\/produit\/ensemble-petales-pop-art\/#primaryimage"},"image":{"@id":"https:\/\/www.impressionoriginale.com\/fr\/produit\/ensemble-petales-pop-art\/#primaryimage"},"thumbnailUrl":"https:\/\/www.impressionoriginale.com\/wp-content\/uploads\/2016\/09\/IOR-RSAT544VER50_paired_Pop_art_petal.jpg","datePublished":"2016-10-04T16:19:49+00:00","dateModified":"2021-09-05T13:01:31+00:00","description":"Le papier cadeau \"P\u00e9tales Pop Art\" dessin\u00e9 par Minakani pour Impression Originale se marie \u00e0 la perfection avec un ruban satin vert d'eau. 100% recycl\u00e9, made in Angers, France.","breadcrumb":{"@id":"https:\/\/www.impressionoriginale.com\/fr\/produit\/ensemble-petales-pop-art\/#breadcrumb"},"inLanguage":"fr-FR","potentialAction":[{"@type":"ReadAction","target":["https:\/\/www.impressionoriginale.com\/fr\/produit\/ensemble-petales-pop-art\/"]}]},{"@type":"ImageObject","inLanguage":"fr-FR","@id":"https:\/\/www.impressionoriginale.com\/fr\/produit\/ensemble-petales-pop-art\/#primaryimage","url":"https:\/\/www.impressionoriginale.com\/wp-content\/uploads\/2016\/09\/IOR-RSAT544VER50_paired_Pop_art_petal.jpg","contentUrl":"https:\/\/www.impressionoriginale.com\/wp-content\/uploads\/2016\/09\/IOR-RSAT544VER50_paired_Pop_art_petal.jpg","width":1211,"height":1500,"caption":"ior-rsat544ver50"},{"@type":"BreadcrumbList","@id":"https:\/\/www.impressionoriginale.com\/fr\/produit\/ensemble-petales-pop-art\/#breadcrumb","itemListElement":[{"@type":"ListItem","position":1,"name":"Home","item":"https:\/\/www.impressionoriginale.com\/fr\/"},{"@type":"ListItem","position":2,"name":"Boutique","item":"https:\/\/www.impressionoriginale.com\/fr\/boutique\/"},{"@type":"ListItem","position":3,"name":"Ensemble P\u00e9tales Pop Art"}]},{"@type":"WebSite","@id":"https:\/\/www.impressionoriginale.com\/fr\/#website","url":"https:\/\/www.impressionoriginale.com\/fr\/","name":"Impression Originale","description":"The art of gifting has a new name. The online store for all your wrapping cravings.","publisher":{"@id":"https:\/\/www.impressionoriginale.com\/fr\/#organization"},"potentialAction":[{"@type":"SearchAction","target":{"@type":"EntryPoint","urlTemplate":"https:\/\/www.impressionoriginale.com\/fr\/?s={search_term_string}"},"query-input":{"@type":"PropertyValueSpecification","valueRequired":true,"valueName":"search_term_string"}}],"inLanguage":"fr-FR"},{"@type":"Organization","@id":"https:\/\/www.impressionoriginale.com\/fr\/#organization","name":"Impression Originale","url":"https:\/\/www.impressionoriginale.com\/fr\/","logo":{"@type":"ImageObject","inLanguage":"fr-FR","@id":"https:\/\/www.impressionoriginale.com\/fr\/#\/schema\/logo\/image\/","url":"https:\/\/www.impressionoriginale.com\/wp-content\/uploads\/2021\/08\/LOGO-2020-BLACK.png","contentUrl":"https:\/\/www.impressionoriginale.com\/wp-content\/uploads\/2021\/08\/LOGO-2020-BLACK.png","width":567,"height":567,"caption":"Impression Originale"},"image":{"@id":"https:\/\/www.impressionoriginale.com\/fr\/#\/schema\/logo\/image\/"}}]}},"_links":{"self":[{"href":"https:\/\/www.impressionoriginale.com\/fr\/wp-json\/wp\/v2\/product\/2818","targetHints":{"allow":["GET"]}}],"collection":[{"href":"https:\/\/www.impressionoriginale.com\/fr\/wp-json\/wp\/v2\/product"}],"about":[{"href":"https:\/\/www.impressionoriginale.com\/fr\/wp-json\/wp\/v2\/types\/product"}],"wp:featuredmedia":[{"embeddable":true,"href":"https:\/\/www.impressionoriginale.com\/fr\/wp-json\/wp\/v2\/media\/1596"}],"wp:attachment":[{"href":"https:\/\/www.impressionoriginale.com\/fr\/wp-json\/wp\/v2\/media?parent=2818"}],"wp:term":[{"taxonomy":"product_brand","embeddable":true,"href":"https:\/\/www.impressionoriginale.com\/fr\/wp-json\/wp\/v2\/product_brand?post=2818"},{"taxonomy":"product_cat","embeddable":true,"href":"https:\/\/www.impressionoriginale.com\/fr\/wp-json\/wp\/v2\/product_cat?post=2818"},{"taxonomy":"product_tag","embeddable":true,"href":"https:\/\/www.impressionoriginale.com\/fr\/wp-json\/wp\/v2\/product_tag?post=2818"}],"curies":[{"name":"wp","href":"https:\/\/api.w.org\/{rel}","templated":true}]}}