{"id":4590,"date":"2017-06-08T11:04:01","date_gmt":"2017-06-08T11:04:01","guid":{"rendered":"http:\/\/impressionorig.wpengine.com\/fr\/produit\/le-sort-du-ginkobiloba-papier-cadeau\/"},"modified":"2026-04-14T17:49:04","modified_gmt":"2026-04-14T17:49:04","slug":"le-sort-du-ginkgo-biloba-papier-cadeau","status":"publish","type":"product","link":"https:\/\/www.impressionoriginale.com\/fr\/produit\/le-sort-du-ginkgo-biloba-papier-cadeau\/","title":{"rendered":"Le sort du Ginkgo biloba Papier Cadeau"},"content":{"rendered":"<p style=\"padding-left: 30px;\"><strong>POIDS<\/strong>\u00a0 \u00a0 \u00a0 \u00a0 \u00a0 \u00a0 \u00a0 \u00a0 \u00a0 \u00a0 \u00a0 \u00a0 115 g \/m<sup>2<\/sup><\/p>\n<p style=\"padding-left: 30px;\"><strong>DIMENSIONS<\/strong>\u00a0 \u00a0 \u00a0 \u00a0 70x100cm (tr\u00e8s grande feuille, roul\u00e9e)<\/p>\n<p style=\"padding-left: 30px;\"><strong>PAPIER<\/strong>\u00a0 \u00a0 \u00a0 \u00a0 \u00a0 \u00a0 \u00a0 \u00a0 \u00a0 \u00a0 \u00a0 Cyclus \u2013 100% recycl\u00e9<\/p>\n<p style=\"padding-left: 30px;\"><strong>ENCRE<\/strong>\u00a0 \u00a0 \u00a0 \u00a0 \u00a0 \u00a0 \u00a0 \u00a0 \u00a0 \u00a0 \u00a0 \u00a0PANTONE OR m\u00e9tallique, Offset quadri pleine couleur, s\u00e9chage UV, impression recto-verso<\/p>\n<p style=\"padding-left: 30px;\"><strong>ORIGINE<\/strong>\u00a0 \u00a0 \u00a0 \u00a0 \u00a0 \u00a0 \u00a0 \u00a0 \u00a0 \u00a0D\u2019 Angers, France<\/p>\n<p style=\"text-align: justify;\">Dessin\u00e9s par nos artistes du monde entier et mis\u00a0sous pli\u00a0\u00e0 la main par\u00a0nos\u00a0petites f\u00e9es \u00e0 Angers, France.<\/p>\n<p style=\"text-align: justify;\">Nos papiers cadeaux et rubans\u00a0vont\u00a0sublimer vos cadeaux\u00a0\u00e0 la perfection\u00a0et peuvent aussi s\u2019offrir \u00e0 toutes vos autres utilisations cr\u00e9atives, comme la reliure ou les projets artistiques.\u00a0Laissez nos papiers vous\u00a0inspirer, et laissez parler votre cr\u00e9ativit\u00e9\u2026<\/p>\n<p style=\"text-align: justify;\"><em>\u00ab\u00a0Faites de beaux cadeaux et faites des heureux !\u00a0\u00bb<\/em><\/p>\n\n\n","protected":false},"excerpt":{"rendered":"<p><strong>Ayako\u00a0Furness<\/strong><\/p>\n<p><em>\u00ab\u00a0Le sort du Ginkgo biloba\u00a0\u00bb<\/em>\u00a0papier cadeau<\/p>\n<p style=\"text-align: justify;\">Le plus vieil arbre du monde, le Ginkgo porte bonheur. Ses d\u00e9licates feuilles cachent en r\u00e9alit\u00e9 un v\u00e9g\u00e9tal quasiment indestructible. R\u00e9miniscence de ses herbiers d\u2019enfance au Japon, Ayako infuse cette d\u00e9licate composition de toute la force de ce pouvoir.<\/p>\n<p style=\"text-align: justify;\">Retrouvez l&rsquo;<a href=\"https:\/\/www.impressionoriginale.com\/fr\/produit\/ensemble-le-sort-du-ginkgo-biloba\/\" target=\"_blank\" rel=\"noopener noreferrer\"><strong>Ensemble le Sort du Ginkgo Biloba<\/strong><\/a> pour un look parfait et les<a href=\"https:\/\/www.impressionoriginale.com\/fr\/produit\/le-sort-du-gingko-biloba-pochette-cadeau-s\/\" target=\"_blank\" rel=\"noopener\"><strong>\u00a0pochette cadeau (S)<\/strong><\/a> et <a href=\"https:\/\/www.impressionoriginale.com\/fr\/produit\/le-sort-du-ginkgo-biloba-pochette-cadeau-m\/\"><strong>pochette cadeau (M)<\/strong><\/a> assorties.<\/p>\n<p>D\u00e9tails techniques :<\/p>\n<ul>\n<li>70x100cm\u00a0<em>(maxi feuille)<\/em><\/li>\n<li>115 g\/m\u00b2<\/li>\n<li>Imprim\u00e9 recto-verso<\/li>\n<\/ul>\n<p style=\"text-align: center;\"><em>Note : Tous nos papiers cadeaux sont envoy\u00e9s roul\u00e9s soigneusement dans un tube.<\/em><\/p>\n","protected":false},"featured_media":4505,"template":"","meta":[],"product_brand":[],"product_cat":[912,82,108],"product_tag":[353,88,81,1095],"class_list":{"0":"post-4590","1":"product","2":"type-product","3":"status-publish","4":"has-post-thumbnail","6":"product_cat-luxe","7":"product_cat-jardin-secret-fr","8":"product_cat-un-je-ne-sais-quoi-fr","9":"product_tag-ayako-furness-fr-2","10":"product_tag-impression-originale-fr-2","11":"product_tag-papier-cadeau-fr","12":"product_tag-papiers-cadeaux","14":"first","15":"instock","16":"taxable","17":"shipping-taxable","18":"purchasable","19":"product-type-simple"},"bundled_by":["5204","5219","5417","5419","5421","5425","8686","11308","11325","11374"],"bundle_stock_status":"instock","bundle_stock_quantity":357,"bundle_virtual":false,"bundle_layout":"","bundle_add_to_cart_form_location":"","bundle_editable_in_cart":false,"bundle_sold_individually_context":"","bundle_item_grouping":"","bundle_min_size":"","bundle_max_size":"","bundle_price":[],"bundled_items":[],"bundle_sell_ids":[],"yoast_head":"<!-- This site is optimized with the Yoast SEO plugin v27.3 - https:\/\/yoast.com\/product\/yoast-seo-wordpress\/ -->\n<title>Le sort du Ginkgo biloba Papier Cadeau - Impression Originale<\/title>\n<meta name=\"description\" content=\"Le papier cadeau Ginkgo &quot;le sort du ginkgo biloba&quot; dessin\u00e9 \u00e0 la main par Ayako Furness pour Impression Originale est \u00e9co-responsable et de fabrication fran\u00e7aise.\" \/>\n<meta name=\"robots\" content=\"index, follow, max-snippet:-1, max-image-preview:large, max-video-preview:-1\" \/>\n<link rel=\"canonical\" href=\"https:\/\/www.impressionoriginale.com\/fr\/produit\/le-sort-du-ginkgo-biloba-papier-cadeau\/\" \/>\n<meta property=\"og:locale\" content=\"fr_FR\" \/>\n<meta property=\"og:type\" content=\"article\" \/>\n<meta property=\"og:title\" content=\"Le sort du Ginkgo biloba Papier Cadeau - Impression Originale\" \/>\n<meta property=\"og:description\" content=\"Le papier cadeau Ginkgo &quot;le sort du ginkgo biloba&quot; dessin\u00e9 \u00e0 la main par Ayako Furness pour Impression Originale est \u00e9co-responsable et de fabrication fran\u00e7aise.\" \/>\n<meta property=\"og:url\" content=\"https:\/\/www.impressionoriginale.com\/fr\/produit\/le-sort-du-ginkgo-biloba-papier-cadeau\/\" \/>\n<meta property=\"og:site_name\" content=\"Impression Originale\" \/>\n<meta property=\"article:modified_time\" content=\"2026-04-14T17:49:04+00:00\" \/>\n<meta property=\"og:image\" content=\"https:\/\/www.impressionoriginale.com\/wp-content\/uploads\/2017\/06\/IOR-0033AFUS1C2017_The_Ginkos_Spell_wrap_IMPRESSION_ORIGINALE-1.jpg\" \/>\n\t<meta property=\"og:image:width\" content=\"1600\" \/>\n\t<meta property=\"og:image:height\" content=\"2000\" \/>\n\t<meta property=\"og:image:type\" content=\"image\/jpeg\" \/>\n<meta name=\"twitter:card\" content=\"summary_large_image\" \/>\n<meta name=\"twitter:label1\" content=\"Dur\u00e9e de lecture estim\u00e9e\" \/>\n\t<meta name=\"twitter:data1\" content=\"1 minute\" \/>\n<script type=\"application\/ld+json\" class=\"yoast-schema-graph\">{\"@context\":\"https:\\\/\\\/schema.org\",\"@graph\":[{\"@type\":\"WebPage\",\"@id\":\"https:\\\/\\\/www.impressionoriginale.com\\\/fr\\\/produit\\\/le-sort-du-ginkgo-biloba-papier-cadeau\\\/\",\"url\":\"https:\\\/\\\/www.impressionoriginale.com\\\/fr\\\/produit\\\/le-sort-du-ginkgo-biloba-papier-cadeau\\\/\",\"name\":\"Le sort du Ginkgo biloba Papier Cadeau - Impression Originale\",\"isPartOf\":{\"@id\":\"https:\\\/\\\/www.impressionoriginale.com\\\/fr\\\/#website\"},\"primaryImageOfPage\":{\"@id\":\"https:\\\/\\\/www.impressionoriginale.com\\\/fr\\\/produit\\\/le-sort-du-ginkgo-biloba-papier-cadeau\\\/#primaryimage\"},\"image\":{\"@id\":\"https:\\\/\\\/www.impressionoriginale.com\\\/fr\\\/produit\\\/le-sort-du-ginkgo-biloba-papier-cadeau\\\/#primaryimage\"},\"thumbnailUrl\":\"https:\\\/\\\/www.impressionoriginale.com\\\/wp-content\\\/uploads\\\/2017\\\/06\\\/IOR-0033AFUS1C2017_The_Ginkos_Spell_wrap_IMPRESSION_ORIGINALE-1.jpg\",\"datePublished\":\"2017-06-08T11:04:01+00:00\",\"dateModified\":\"2026-04-14T17:49:04+00:00\",\"description\":\"Le papier cadeau Ginkgo \\\"le sort du ginkgo biloba\\\" dessin\u00e9 \u00e0 la main par Ayako Furness pour Impression Originale est \u00e9co-responsable et de fabrication fran\u00e7aise.\",\"breadcrumb\":{\"@id\":\"https:\\\/\\\/www.impressionoriginale.com\\\/fr\\\/produit\\\/le-sort-du-ginkgo-biloba-papier-cadeau\\\/#breadcrumb\"},\"inLanguage\":\"fr-FR\",\"potentialAction\":[{\"@type\":\"ReadAction\",\"target\":[\"https:\\\/\\\/www.impressionoriginale.com\\\/fr\\\/produit\\\/le-sort-du-ginkgo-biloba-papier-cadeau\\\/\"]}]},{\"@type\":\"ImageObject\",\"inLanguage\":\"fr-FR\",\"@id\":\"https:\\\/\\\/www.impressionoriginale.com\\\/fr\\\/produit\\\/le-sort-du-ginkgo-biloba-papier-cadeau\\\/#primaryimage\",\"url\":\"https:\\\/\\\/www.impressionoriginale.com\\\/wp-content\\\/uploads\\\/2017\\\/06\\\/IOR-0033AFUS1C2017_The_Ginkos_Spell_wrap_IMPRESSION_ORIGINALE-1.jpg\",\"contentUrl\":\"https:\\\/\\\/www.impressionoriginale.com\\\/wp-content\\\/uploads\\\/2017\\\/06\\\/IOR-0033AFUS1C2017_The_Ginkos_Spell_wrap_IMPRESSION_ORIGINALE-1.jpg\",\"width\":1600,\"height\":2000,\"caption\":\"IOR-0033AFUS1C2017_The_Ginko's_Spell_wrap_IMPRESSION_ORIGINALE\"},{\"@type\":\"BreadcrumbList\",\"@id\":\"https:\\\/\\\/www.impressionoriginale.com\\\/fr\\\/produit\\\/le-sort-du-ginkgo-biloba-papier-cadeau\\\/#breadcrumb\",\"itemListElement\":[{\"@type\":\"ListItem\",\"position\":1,\"name\":\"Home\",\"item\":\"https:\\\/\\\/www.impressionoriginale.com\\\/fr\\\/\"},{\"@type\":\"ListItem\",\"position\":2,\"name\":\"Boutique\",\"item\":\"https:\\\/\\\/www.impressionoriginale.com\\\/fr\\\/boutique\\\/\"},{\"@type\":\"ListItem\",\"position\":3,\"name\":\"Le sort du Ginkgo biloba Papier Cadeau\"}]},{\"@type\":\"WebSite\",\"@id\":\"https:\\\/\\\/www.impressionoriginale.com\\\/fr\\\/#website\",\"url\":\"https:\\\/\\\/www.impressionoriginale.com\\\/fr\\\/\",\"name\":\"Impression Originale\",\"description\":\"The art of gifting has a new name. The online store for all your wrapping cravings.\",\"publisher\":{\"@id\":\"https:\\\/\\\/www.impressionoriginale.com\\\/fr\\\/#organization\"},\"potentialAction\":[{\"@type\":\"SearchAction\",\"target\":{\"@type\":\"EntryPoint\",\"urlTemplate\":\"https:\\\/\\\/www.impressionoriginale.com\\\/fr\\\/?s={search_term_string}\"},\"query-input\":{\"@type\":\"PropertyValueSpecification\",\"valueRequired\":true,\"valueName\":\"search_term_string\"}}],\"inLanguage\":\"fr-FR\"},{\"@type\":\"Organization\",\"@id\":\"https:\\\/\\\/www.impressionoriginale.com\\\/fr\\\/#organization\",\"name\":\"Impression Originale\",\"url\":\"https:\\\/\\\/www.impressionoriginale.com\\\/fr\\\/\",\"logo\":{\"@type\":\"ImageObject\",\"inLanguage\":\"fr-FR\",\"@id\":\"https:\\\/\\\/www.impressionoriginale.com\\\/fr\\\/#\\\/schema\\\/logo\\\/image\\\/\",\"url\":\"https:\\\/\\\/www.impressionoriginale.com\\\/wp-content\\\/uploads\\\/2021\\\/08\\\/LOGO-2020-BLACK.png\",\"contentUrl\":\"https:\\\/\\\/www.impressionoriginale.com\\\/wp-content\\\/uploads\\\/2021\\\/08\\\/LOGO-2020-BLACK.png\",\"width\":567,\"height\":567,\"caption\":\"Impression Originale\"},\"image\":{\"@id\":\"https:\\\/\\\/www.impressionoriginale.com\\\/fr\\\/#\\\/schema\\\/logo\\\/image\\\/\"}}]}<\/script>\n<!-- \/ Yoast SEO plugin. -->","yoast_head_json":{"title":"Le sort du Ginkgo biloba Papier Cadeau - Impression Originale","description":"Le papier cadeau Ginkgo \"le sort du ginkgo biloba\" dessin\u00e9 \u00e0 la main par Ayako Furness pour Impression Originale est \u00e9co-responsable et de fabrication fran\u00e7aise.","robots":{"index":"index","follow":"follow","max-snippet":"max-snippet:-1","max-image-preview":"max-image-preview:large","max-video-preview":"max-video-preview:-1"},"canonical":"https:\/\/www.impressionoriginale.com\/fr\/produit\/le-sort-du-ginkgo-biloba-papier-cadeau\/","og_locale":"fr_FR","og_type":"article","og_title":"Le sort du Ginkgo biloba Papier Cadeau - Impression Originale","og_description":"Le papier cadeau Ginkgo \"le sort du ginkgo biloba\" dessin\u00e9 \u00e0 la main par Ayako Furness pour Impression Originale est \u00e9co-responsable et de fabrication fran\u00e7aise.","og_url":"https:\/\/www.impressionoriginale.com\/fr\/produit\/le-sort-du-ginkgo-biloba-papier-cadeau\/","og_site_name":"Impression Originale","article_modified_time":"2026-04-14T17:49:04+00:00","og_image":[{"width":1600,"height":2000,"url":"https:\/\/www.impressionoriginale.com\/wp-content\/uploads\/2017\/06\/IOR-0033AFUS1C2017_The_Ginkos_Spell_wrap_IMPRESSION_ORIGINALE-1.jpg","type":"image\/jpeg"}],"twitter_card":"summary_large_image","twitter_misc":{"Dur\u00e9e de lecture estim\u00e9e":"1 minute"},"schema":{"@context":"https:\/\/schema.org","@graph":[{"@type":"WebPage","@id":"https:\/\/www.impressionoriginale.com\/fr\/produit\/le-sort-du-ginkgo-biloba-papier-cadeau\/","url":"https:\/\/www.impressionoriginale.com\/fr\/produit\/le-sort-du-ginkgo-biloba-papier-cadeau\/","name":"Le sort du Ginkgo biloba Papier Cadeau - Impression Originale","isPartOf":{"@id":"https:\/\/www.impressionoriginale.com\/fr\/#website"},"primaryImageOfPage":{"@id":"https:\/\/www.impressionoriginale.com\/fr\/produit\/le-sort-du-ginkgo-biloba-papier-cadeau\/#primaryimage"},"image":{"@id":"https:\/\/www.impressionoriginale.com\/fr\/produit\/le-sort-du-ginkgo-biloba-papier-cadeau\/#primaryimage"},"thumbnailUrl":"https:\/\/www.impressionoriginale.com\/wp-content\/uploads\/2017\/06\/IOR-0033AFUS1C2017_The_Ginkos_Spell_wrap_IMPRESSION_ORIGINALE-1.jpg","datePublished":"2017-06-08T11:04:01+00:00","dateModified":"2026-04-14T17:49:04+00:00","description":"Le papier cadeau Ginkgo \"le sort du ginkgo biloba\" dessin\u00e9 \u00e0 la main par Ayako Furness pour Impression Originale est \u00e9co-responsable et de fabrication fran\u00e7aise.","breadcrumb":{"@id":"https:\/\/www.impressionoriginale.com\/fr\/produit\/le-sort-du-ginkgo-biloba-papier-cadeau\/#breadcrumb"},"inLanguage":"fr-FR","potentialAction":[{"@type":"ReadAction","target":["https:\/\/www.impressionoriginale.com\/fr\/produit\/le-sort-du-ginkgo-biloba-papier-cadeau\/"]}]},{"@type":"ImageObject","inLanguage":"fr-FR","@id":"https:\/\/www.impressionoriginale.com\/fr\/produit\/le-sort-du-ginkgo-biloba-papier-cadeau\/#primaryimage","url":"https:\/\/www.impressionoriginale.com\/wp-content\/uploads\/2017\/06\/IOR-0033AFUS1C2017_The_Ginkos_Spell_wrap_IMPRESSION_ORIGINALE-1.jpg","contentUrl":"https:\/\/www.impressionoriginale.com\/wp-content\/uploads\/2017\/06\/IOR-0033AFUS1C2017_The_Ginkos_Spell_wrap_IMPRESSION_ORIGINALE-1.jpg","width":1600,"height":2000,"caption":"IOR-0033AFUS1C2017_The_Ginko's_Spell_wrap_IMPRESSION_ORIGINALE"},{"@type":"BreadcrumbList","@id":"https:\/\/www.impressionoriginale.com\/fr\/produit\/le-sort-du-ginkgo-biloba-papier-cadeau\/#breadcrumb","itemListElement":[{"@type":"ListItem","position":1,"name":"Home","item":"https:\/\/www.impressionoriginale.com\/fr\/"},{"@type":"ListItem","position":2,"name":"Boutique","item":"https:\/\/www.impressionoriginale.com\/fr\/boutique\/"},{"@type":"ListItem","position":3,"name":"Le sort du Ginkgo biloba Papier Cadeau"}]},{"@type":"WebSite","@id":"https:\/\/www.impressionoriginale.com\/fr\/#website","url":"https:\/\/www.impressionoriginale.com\/fr\/","name":"Impression Originale","description":"The art of gifting has a new name. The online store for all your wrapping cravings.","publisher":{"@id":"https:\/\/www.impressionoriginale.com\/fr\/#organization"},"potentialAction":[{"@type":"SearchAction","target":{"@type":"EntryPoint","urlTemplate":"https:\/\/www.impressionoriginale.com\/fr\/?s={search_term_string}"},"query-input":{"@type":"PropertyValueSpecification","valueRequired":true,"valueName":"search_term_string"}}],"inLanguage":"fr-FR"},{"@type":"Organization","@id":"https:\/\/www.impressionoriginale.com\/fr\/#organization","name":"Impression Originale","url":"https:\/\/www.impressionoriginale.com\/fr\/","logo":{"@type":"ImageObject","inLanguage":"fr-FR","@id":"https:\/\/www.impressionoriginale.com\/fr\/#\/schema\/logo\/image\/","url":"https:\/\/www.impressionoriginale.com\/wp-content\/uploads\/2021\/08\/LOGO-2020-BLACK.png","contentUrl":"https:\/\/www.impressionoriginale.com\/wp-content\/uploads\/2021\/08\/LOGO-2020-BLACK.png","width":567,"height":567,"caption":"Impression Originale"},"image":{"@id":"https:\/\/www.impressionoriginale.com\/fr\/#\/schema\/logo\/image\/"}}]}},"_links":{"self":[{"href":"https:\/\/www.impressionoriginale.com\/fr\/wp-json\/wp\/v2\/product\/4590","targetHints":{"allow":["GET"]}}],"collection":[{"href":"https:\/\/www.impressionoriginale.com\/fr\/wp-json\/wp\/v2\/product"}],"about":[{"href":"https:\/\/www.impressionoriginale.com\/fr\/wp-json\/wp\/v2\/types\/product"}],"wp:featuredmedia":[{"embeddable":true,"href":"https:\/\/www.impressionoriginale.com\/fr\/wp-json\/wp\/v2\/media\/4505"}],"wp:attachment":[{"href":"https:\/\/www.impressionoriginale.com\/fr\/wp-json\/wp\/v2\/media?parent=4590"}],"wp:term":[{"taxonomy":"product_brand","embeddable":true,"href":"https:\/\/www.impressionoriginale.com\/fr\/wp-json\/wp\/v2\/product_brand?post=4590"},{"taxonomy":"product_cat","embeddable":true,"href":"https:\/\/www.impressionoriginale.com\/fr\/wp-json\/wp\/v2\/product_cat?post=4590"},{"taxonomy":"product_tag","embeddable":true,"href":"https:\/\/www.impressionoriginale.com\/fr\/wp-json\/wp\/v2\/product_tag?post=4590"}],"curies":[{"name":"wp","href":"https:\/\/api.w.org\/{rel}","templated":true}]}}