{"id":4925,"date":"2017-07-10T17:00:24","date_gmt":"2017-07-10T17:00:24","guid":{"rendered":"http:\/\/impressionorig.wpengine.com\/fr\/produit\/ruban-satin-bleu-marine-n225-38mm-copy-copy-copy-copy-copy-copy-copy-copy-copy-2\/"},"modified":"2022-08-15T13:13:05","modified_gmt":"2022-08-15T13:13:05","slug":"noeud-satin-rose-fluo-n540-38mm","status":"publish","type":"product","link":"https:\/\/www.impressionoriginale.com\/fr\/produit\/noeud-satin-rose-fluo-n540-38mm\/","title":{"rendered":"Noeud satin rose fluo n\u00b0540 (38mm)"},"content":{"rendered":"<div class=\"wpb-content-wrapper\"><p>[vc_row][vc_column width=\u00a0\u00bb2\/3\u2033][vc_column_text]<\/p>\n<p style=\"text-align: justify;\">S\u00e9lectionn\u00e9 avec attention, chaque noeud\u00a0est associ\u00e9 \u00e0 un ou plusieurs papiers. Tous nos noeuds\u00a0pr\u00eat-\u00e0-poser sont confectionn\u00e9s \u00e0 la main \u00e0 Angers en France.<\/p>\n<p style=\"text-align: justify;\">Chaque n\u0153ud est emball\u00e9 dans du papier de soie pour le transport. Avec sa gommette double face, il vous suffit de le coller sur votre cadeau, seul ou avec le ruban associ\u00e9. Soyez cr\u00e9atif(ve), inspir\u00e9(e) et fa\u00eetes des heureux !<\/p>\n<p style=\"text-align: center;\"><em>\u00ab Aimer ce que vous fa\u00eetes, et fa\u00eetes-le bien \u00bb<\/em><\/p>\n<p>[\/vc_column_text][\/vc_column][vc_column width=\u00a0\u00bb1\/3\u2033][vc_column_text]<\/p>\n<table>\n<tbody>\n<tr>\n<td width=\"87\"><strong>LARGEUR<\/strong><\/td>\n<td width=\"147\">38 mm<\/td>\n<\/tr>\n<tr>\n<td width=\"87\"><strong>POIDS<\/strong><\/td>\n<td width=\"147\">10 g<\/td>\n<\/tr>\n<tr>\n<td width=\"87\"><strong>DIMENSIONS\u00a0<\/strong><\/td>\n<td width=\"147\">12\u00d74 cm<\/td>\n<\/tr>\n<tr>\n<td width=\"87\"><strong>MATIERE<\/strong><\/td>\n<td width=\"147\">coton mixte<\/td>\n<\/tr>\n<tr>\n<td width=\"87\"><strong>COULEUR \u00a0 \u00a0 \u00a0\u00a0<\/strong><\/td>\n<td width=\"147\">rose fluo<\/td>\n<\/tr>\n<tr>\n<td width=\"87\"><strong>ORIGINE \u00a0 \u00a0 \u00a0 \u00a0\u00a0<\/strong><\/td>\n<td width=\"147\">France<\/td>\n<\/tr>\n<\/tbody>\n<\/table>\n<p>[\/vc_column_text][\/vc_column][\/vc_row][vc_row][vc_column][vc_column_text]<\/p>\n<table width=\"444\">\n<tbody>\n<tr>\n<td width=\"312\"><strong>COLORIS<\/strong>\n<p><strong>N\u0153ud Satin pr\u00eat-\u00e0-poser<\/strong><\/p><\/td>\n<td width=\"132\"><strong>LARGEUR<\/strong>\n<p>(mm)<\/p><\/td>\n<\/tr>\n<tr>\n<td width=\"312\"><a href=\"https:\/\/www.impressionoriginale.com\/fr\/produit\/noeud-reflets-argent-n02-38mm\/\">Argent<\/a><\/td>\n<td width=\"132\">38<\/td>\n<\/tr>\n<tr>\n<td width=\"312\"><a href=\"https:\/\/www.impressionoriginale.com\/fr\/produit\/noeud-reflets-or-n01-38mm-copy\/\">Or<\/a><\/td>\n<td width=\"132\">38<\/td>\n<\/tr>\n<tr>\n<td width=\"312\"><a href=\"https:\/\/www.impressionoriginale.com\/fr\/produit\/noeud-satin-framboise-ecrasee-n300-38mm\/\">Framboise \u00c9cras\u00e9e<\/a><\/td>\n<td width=\"132\">38<\/td>\n<\/tr>\n<tr>\n<td width=\"312\"><a href=\"https:\/\/www.impressionoriginale.com\/fr\/produit\/noeud-violine-satin-n396-38mm\/\">Violine<\/a><\/td>\n<td width=\"132\">38<\/td>\n<\/tr>\n<tr>\n<td width=\"312\"><a href=\"https:\/\/www.impressionoriginale.com\/fr\/produit\/noeud-satin-rose-fluo-n540-25mm\/\">Rose Fluo<\/a><\/td>\n<td width=\"132\">25, 38<\/td>\n<\/tr>\n<tr>\n<td width=\"312\"><a href=\"https:\/\/www.impressionoriginale.com\/fr\/produit\/noeud-satin-fuchsia-n268-38mm\/\">Rose Fuchsia<\/a><\/td>\n<td width=\"132\">38<\/td>\n<\/tr>\n<tr>\n<td width=\"312\"><a href=\"https:\/\/www.impressionoriginale.com\/fr\/produit\/noeud-satin-bleu-marine-n225-38mm\/\">Bleu Marine<\/a><\/td>\n<td width=\"132\">38<\/td>\n<\/tr>\n<tr>\n<td width=\"312\"><a href=\"https:\/\/www.impressionoriginale.com\/fr\/produit\/noeud-satin-rouge-n324-38mm\/\">Rouge<\/a><\/td>\n<td width=\"132\">38<\/td>\n<\/tr>\n<tr>\n<td width=\"312\"><a href=\"https:\/\/www.impressionoriginale.com\/fr\/produit\/noeud-satin-vert-fonce-n306-38mm\/\">Vert fonc\u00e9<\/a><\/td>\n<td width=\"132\">38<\/td>\n<\/tr>\n<tr>\n<td width=\"312\"><a href=\"https:\/\/www.impressionoriginale.com\/fr\/produit\/noeud-satin-violet-lumineux-n231-25mm\/\">Violet Lumineux<\/a><\/td>\n<td width=\"132\">25<\/td>\n<\/tr>\n<\/tbody>\n<\/table>\n<p>[\/vc_column_text][\/vc_column][\/vc_row]<\/p>\n\n\n<\/div>","protected":false},"excerpt":{"rendered":"<p><span style=\"color: #000000;\"><strong>Largeur<\/strong>\u00a0 \u00a0 \u00a0 \u00a0 \u00a0 3,8 cm<\/span><br \/>\n<span style=\"color: #000000;\"><strong>Longueur<\/strong>\u00a0 \u00a0 \u00a0 \u00a012 cm<\/span><br \/>\n<span style=\"color: #000000;\"><strong>Id\u00e9al<\/strong>\u00a0 \u00a0 \u00a0 \u00a0 \u00a0 \u00a0 \u00a0 \u00a0 grand format<\/span><\/p>\n<p>&nbsp;<\/p>\n<p style=\"text-align: justify;\">Ce grand n\u0153ud plat \u00e0 doubles boucles, pr\u00eat-\u00e0-poser, viendra sublimer vos plus beaux cadeaux. Il vous suffit de le d\u00e9poser sur votre paquet pour un effet couture, toujours parfait.<\/p>\n<p style=\"text-align: justify;\">Nous vous recommandons ce n\u0153ud pr\u00eat-\u00e0-poser avec les papiers cadeaux <a href=\"https:\/\/www.impressionoriginale.com\/fr\/produit\/ensemble-butin-de-promenade-2\/\" target=\"_blank\" rel=\"noopener noreferrer\"><strong>Butin de Promenade<\/strong><\/a>, <a href=\"https:\/\/www.impressionoriginale.com\/fr\/produit\/ensemble-rodeo-de-toucan\/\" target=\"_blank\" rel=\"noopener noreferrer\"><strong>Rod\u00e9o de Toucan<\/strong><\/a> ou la pochette cadeau <a href=\"https:\/\/www.impressionoriginale.com\/fr\/produit\/venise-californienne-pochette-cadeau-m\/\" target=\"_blank\" rel=\"noopener noreferrer\"><strong>Venise Californienne<\/strong><\/a>.<\/p>\n<p>Retrouvez le <a href=\"https:\/\/www.impressionoriginale.com\/fr\/produit\/ruban-satin-rose-fluo-n540-38mm\/\" target=\"_blank\" rel=\"noopener noreferrer\"><strong>ruban satin n\u00b0540<\/strong><\/a> dans la m\u00eame largeur et le m\u00eame coloris rose fluo.<\/p>\n","protected":false},"featured_media":4908,"template":"","meta":[],"product_brand":[],"product_cat":[528,535],"product_tag":[88,1000,783,1002],"class_list":{"0":"post-4925","1":"product","2":"type-product","3":"status-publish","4":"has-post-thumbnail","6":"product_cat-noeud","7":"product_cat-taille-l","8":"product_tag-impression-originale-fr-2","9":"product_tag-made-in-france-fr","10":"product_tag-noeud-fr-2","11":"product_tag-taille-l-fr","13":"first","14":"instock","15":"taxable","16":"shipping-taxable","17":"purchasable","18":"product-type-simple"},"bundled_by":["5396","5398","5442","5460","5433","2810","3770"],"bundle_stock_status":"instock","bundle_stock_quantity":28,"bundle_virtual":false,"bundle_layout":"","bundle_add_to_cart_form_location":"","bundle_editable_in_cart":false,"bundle_sold_individually_context":"","bundle_item_grouping":"","bundle_min_size":"","bundle_max_size":"","bundle_price":[],"bundled_items":[],"bundle_sell_ids":[],"yoast_head":"<!-- This site is optimized with the Yoast SEO plugin v27.5 - https:\/\/yoast.com\/product\/yoast-seo-wordpress\/ -->\n<title>Noeud satin rose fluo n\u00b0540 (38mm) - Impression Originale<\/title>\n<meta name=\"description\" content=\"Noeud satin rose fluo taille L \u00e0 double boucles vient se poser sur vos plus jolis cadeaux pour un r\u00e9sultat toujours parfait. Fait main, Impression Originale.\" \/>\n<meta name=\"robots\" content=\"index, follow, max-snippet:-1, max-image-preview:large, max-video-preview:-1\" \/>\n<link rel=\"canonical\" href=\"https:\/\/www.impressionoriginale.com\/fr\/produit\/noeud-satin-rose-fluo-n540-38mm\/\" \/>\n<meta property=\"og:locale\" content=\"fr_FR\" \/>\n<meta property=\"og:type\" content=\"article\" \/>\n<meta property=\"og:title\" content=\"Noeud satin rose fluo n\u00b0540 (38mm) - Impression Originale\" \/>\n<meta property=\"og:description\" content=\"Noeud satin rose fluo taille L \u00e0 double boucles vient se poser sur vos plus jolis cadeaux pour un r\u00e9sultat toujours parfait. Fait main, Impression Originale.\" \/>\n<meta property=\"og:url\" content=\"https:\/\/www.impressionoriginale.com\/fr\/produit\/noeud-satin-rose-fluo-n540-38mm\/\" \/>\n<meta property=\"og:site_name\" content=\"Impression Originale\" \/>\n<meta property=\"article:modified_time\" content=\"2022-08-15T13:13:05+00:00\" \/>\n<meta property=\"og:image\" content=\"https:\/\/www.impressionoriginale.com\/wp-content\/uploads\/2017\/07\/IOR-NSAT540ROS38_bow1_IMPRESSION_ORIGINALE.jpg\" \/>\n\t<meta property=\"og:image:width\" content=\"2000\" \/>\n\t<meta property=\"og:image:height\" content=\"1500\" \/>\n\t<meta property=\"og:image:type\" content=\"image\/jpeg\" \/>\n<meta name=\"twitter:card\" content=\"summary_large_image\" \/>\n<meta name=\"twitter:label1\" content=\"Dur\u00e9e de lecture estim\u00e9e\" \/>\n\t<meta name=\"twitter:data1\" content=\"1 minute\" \/>\n<script type=\"application\/ld+json\" class=\"yoast-schema-graph\">{\"@context\":\"https:\\\/\\\/schema.org\",\"@graph\":[{\"@type\":\"WebPage\",\"@id\":\"https:\\\/\\\/www.impressionoriginale.com\\\/fr\\\/produit\\\/noeud-satin-rose-fluo-n540-38mm\\\/\",\"url\":\"https:\\\/\\\/www.impressionoriginale.com\\\/fr\\\/produit\\\/noeud-satin-rose-fluo-n540-38mm\\\/\",\"name\":\"Noeud satin rose fluo n\u00b0540 (38mm) - Impression Originale\",\"isPartOf\":{\"@id\":\"https:\\\/\\\/www.impressionoriginale.com\\\/fr\\\/#website\"},\"primaryImageOfPage\":{\"@id\":\"https:\\\/\\\/www.impressionoriginale.com\\\/fr\\\/produit\\\/noeud-satin-rose-fluo-n540-38mm\\\/#primaryimage\"},\"image\":{\"@id\":\"https:\\\/\\\/www.impressionoriginale.com\\\/fr\\\/produit\\\/noeud-satin-rose-fluo-n540-38mm\\\/#primaryimage\"},\"thumbnailUrl\":\"https:\\\/\\\/www.impressionoriginale.com\\\/wp-content\\\/uploads\\\/2017\\\/07\\\/IOR-NSAT540ROS38_bow1_IMPRESSION_ORIGINALE.jpg\",\"datePublished\":\"2017-07-10T17:00:24+00:00\",\"dateModified\":\"2022-08-15T13:13:05+00:00\",\"description\":\"Noeud satin rose fluo taille L \u00e0 double boucles vient se poser sur vos plus jolis cadeaux pour un r\u00e9sultat toujours parfait. Fait main, Impression Originale.\",\"breadcrumb\":{\"@id\":\"https:\\\/\\\/www.impressionoriginale.com\\\/fr\\\/produit\\\/noeud-satin-rose-fluo-n540-38mm\\\/#breadcrumb\"},\"inLanguage\":\"fr-FR\",\"potentialAction\":[{\"@type\":\"ReadAction\",\"target\":[\"https:\\\/\\\/www.impressionoriginale.com\\\/fr\\\/produit\\\/noeud-satin-rose-fluo-n540-38mm\\\/\"]}]},{\"@type\":\"ImageObject\",\"inLanguage\":\"fr-FR\",\"@id\":\"https:\\\/\\\/www.impressionoriginale.com\\\/fr\\\/produit\\\/noeud-satin-rose-fluo-n540-38mm\\\/#primaryimage\",\"url\":\"https:\\\/\\\/www.impressionoriginale.com\\\/wp-content\\\/uploads\\\/2017\\\/07\\\/IOR-NSAT540ROS38_bow1_IMPRESSION_ORIGINALE.jpg\",\"contentUrl\":\"https:\\\/\\\/www.impressionoriginale.com\\\/wp-content\\\/uploads\\\/2017\\\/07\\\/IOR-NSAT540ROS38_bow1_IMPRESSION_ORIGINALE.jpg\",\"width\":2000,\"height\":1500,\"caption\":\"IOR-NSAT540ROS38_bow1_IMPRESSION_ORIGINALE\"},{\"@type\":\"BreadcrumbList\",\"@id\":\"https:\\\/\\\/www.impressionoriginale.com\\\/fr\\\/produit\\\/noeud-satin-rose-fluo-n540-38mm\\\/#breadcrumb\",\"itemListElement\":[{\"@type\":\"ListItem\",\"position\":1,\"name\":\"Home\",\"item\":\"https:\\\/\\\/www.impressionoriginale.com\\\/fr\\\/\"},{\"@type\":\"ListItem\",\"position\":2,\"name\":\"Boutique\",\"item\":\"https:\\\/\\\/www.impressionoriginale.com\\\/fr\\\/boutique\\\/\"},{\"@type\":\"ListItem\",\"position\":3,\"name\":\"Noeud satin rose fluo n\u00b0540 (38mm)\"}]},{\"@type\":\"WebSite\",\"@id\":\"https:\\\/\\\/www.impressionoriginale.com\\\/fr\\\/#website\",\"url\":\"https:\\\/\\\/www.impressionoriginale.com\\\/fr\\\/\",\"name\":\"Impression Originale\",\"description\":\"The art of gifting has a new name. The online store for all your wrapping cravings.\",\"publisher\":{\"@id\":\"https:\\\/\\\/www.impressionoriginale.com\\\/fr\\\/#organization\"},\"potentialAction\":[{\"@type\":\"SearchAction\",\"target\":{\"@type\":\"EntryPoint\",\"urlTemplate\":\"https:\\\/\\\/www.impressionoriginale.com\\\/fr\\\/?s={search_term_string}\"},\"query-input\":{\"@type\":\"PropertyValueSpecification\",\"valueRequired\":true,\"valueName\":\"search_term_string\"}}],\"inLanguage\":\"fr-FR\"},{\"@type\":\"Organization\",\"@id\":\"https:\\\/\\\/www.impressionoriginale.com\\\/fr\\\/#organization\",\"name\":\"Impression Originale\",\"url\":\"https:\\\/\\\/www.impressionoriginale.com\\\/fr\\\/\",\"logo\":{\"@type\":\"ImageObject\",\"inLanguage\":\"fr-FR\",\"@id\":\"https:\\\/\\\/www.impressionoriginale.com\\\/fr\\\/#\\\/schema\\\/logo\\\/image\\\/\",\"url\":\"https:\\\/\\\/www.impressionoriginale.com\\\/wp-content\\\/uploads\\\/2021\\\/08\\\/LOGO-2020-BLACK.png\",\"contentUrl\":\"https:\\\/\\\/www.impressionoriginale.com\\\/wp-content\\\/uploads\\\/2021\\\/08\\\/LOGO-2020-BLACK.png\",\"width\":567,\"height\":567,\"caption\":\"Impression Originale\"},\"image\":{\"@id\":\"https:\\\/\\\/www.impressionoriginale.com\\\/fr\\\/#\\\/schema\\\/logo\\\/image\\\/\"}}]}<\/script>\n<!-- \/ Yoast SEO plugin. -->","yoast_head_json":{"title":"Noeud satin rose fluo n\u00b0540 (38mm) - Impression Originale","description":"Noeud satin rose fluo taille L \u00e0 double boucles vient se poser sur vos plus jolis cadeaux pour un r\u00e9sultat toujours parfait. Fait main, Impression Originale.","robots":{"index":"index","follow":"follow","max-snippet":"max-snippet:-1","max-image-preview":"max-image-preview:large","max-video-preview":"max-video-preview:-1"},"canonical":"https:\/\/www.impressionoriginale.com\/fr\/produit\/noeud-satin-rose-fluo-n540-38mm\/","og_locale":"fr_FR","og_type":"article","og_title":"Noeud satin rose fluo n\u00b0540 (38mm) - Impression Originale","og_description":"Noeud satin rose fluo taille L \u00e0 double boucles vient se poser sur vos plus jolis cadeaux pour un r\u00e9sultat toujours parfait. Fait main, Impression Originale.","og_url":"https:\/\/www.impressionoriginale.com\/fr\/produit\/noeud-satin-rose-fluo-n540-38mm\/","og_site_name":"Impression Originale","article_modified_time":"2022-08-15T13:13:05+00:00","og_image":[{"width":2000,"height":1500,"url":"https:\/\/www.impressionoriginale.com\/wp-content\/uploads\/2017\/07\/IOR-NSAT540ROS38_bow1_IMPRESSION_ORIGINALE.jpg","type":"image\/jpeg"}],"twitter_card":"summary_large_image","twitter_misc":{"Dur\u00e9e de lecture estim\u00e9e":"1 minute"},"schema":{"@context":"https:\/\/schema.org","@graph":[{"@type":"WebPage","@id":"https:\/\/www.impressionoriginale.com\/fr\/produit\/noeud-satin-rose-fluo-n540-38mm\/","url":"https:\/\/www.impressionoriginale.com\/fr\/produit\/noeud-satin-rose-fluo-n540-38mm\/","name":"Noeud satin rose fluo n\u00b0540 (38mm) - Impression Originale","isPartOf":{"@id":"https:\/\/www.impressionoriginale.com\/fr\/#website"},"primaryImageOfPage":{"@id":"https:\/\/www.impressionoriginale.com\/fr\/produit\/noeud-satin-rose-fluo-n540-38mm\/#primaryimage"},"image":{"@id":"https:\/\/www.impressionoriginale.com\/fr\/produit\/noeud-satin-rose-fluo-n540-38mm\/#primaryimage"},"thumbnailUrl":"https:\/\/www.impressionoriginale.com\/wp-content\/uploads\/2017\/07\/IOR-NSAT540ROS38_bow1_IMPRESSION_ORIGINALE.jpg","datePublished":"2017-07-10T17:00:24+00:00","dateModified":"2022-08-15T13:13:05+00:00","description":"Noeud satin rose fluo taille L \u00e0 double boucles vient se poser sur vos plus jolis cadeaux pour un r\u00e9sultat toujours parfait. Fait main, Impression Originale.","breadcrumb":{"@id":"https:\/\/www.impressionoriginale.com\/fr\/produit\/noeud-satin-rose-fluo-n540-38mm\/#breadcrumb"},"inLanguage":"fr-FR","potentialAction":[{"@type":"ReadAction","target":["https:\/\/www.impressionoriginale.com\/fr\/produit\/noeud-satin-rose-fluo-n540-38mm\/"]}]},{"@type":"ImageObject","inLanguage":"fr-FR","@id":"https:\/\/www.impressionoriginale.com\/fr\/produit\/noeud-satin-rose-fluo-n540-38mm\/#primaryimage","url":"https:\/\/www.impressionoriginale.com\/wp-content\/uploads\/2017\/07\/IOR-NSAT540ROS38_bow1_IMPRESSION_ORIGINALE.jpg","contentUrl":"https:\/\/www.impressionoriginale.com\/wp-content\/uploads\/2017\/07\/IOR-NSAT540ROS38_bow1_IMPRESSION_ORIGINALE.jpg","width":2000,"height":1500,"caption":"IOR-NSAT540ROS38_bow1_IMPRESSION_ORIGINALE"},{"@type":"BreadcrumbList","@id":"https:\/\/www.impressionoriginale.com\/fr\/produit\/noeud-satin-rose-fluo-n540-38mm\/#breadcrumb","itemListElement":[{"@type":"ListItem","position":1,"name":"Home","item":"https:\/\/www.impressionoriginale.com\/fr\/"},{"@type":"ListItem","position":2,"name":"Boutique","item":"https:\/\/www.impressionoriginale.com\/fr\/boutique\/"},{"@type":"ListItem","position":3,"name":"Noeud satin rose fluo n\u00b0540 (38mm)"}]},{"@type":"WebSite","@id":"https:\/\/www.impressionoriginale.com\/fr\/#website","url":"https:\/\/www.impressionoriginale.com\/fr\/","name":"Impression Originale","description":"The art of gifting has a new name. The online store for all your wrapping cravings.","publisher":{"@id":"https:\/\/www.impressionoriginale.com\/fr\/#organization"},"potentialAction":[{"@type":"SearchAction","target":{"@type":"EntryPoint","urlTemplate":"https:\/\/www.impressionoriginale.com\/fr\/?s={search_term_string}"},"query-input":{"@type":"PropertyValueSpecification","valueRequired":true,"valueName":"search_term_string"}}],"inLanguage":"fr-FR"},{"@type":"Organization","@id":"https:\/\/www.impressionoriginale.com\/fr\/#organization","name":"Impression Originale","url":"https:\/\/www.impressionoriginale.com\/fr\/","logo":{"@type":"ImageObject","inLanguage":"fr-FR","@id":"https:\/\/www.impressionoriginale.com\/fr\/#\/schema\/logo\/image\/","url":"https:\/\/www.impressionoriginale.com\/wp-content\/uploads\/2021\/08\/LOGO-2020-BLACK.png","contentUrl":"https:\/\/www.impressionoriginale.com\/wp-content\/uploads\/2021\/08\/LOGO-2020-BLACK.png","width":567,"height":567,"caption":"Impression Originale"},"image":{"@id":"https:\/\/www.impressionoriginale.com\/fr\/#\/schema\/logo\/image\/"}}]}},"_links":{"self":[{"href":"https:\/\/www.impressionoriginale.com\/fr\/wp-json\/wp\/v2\/product\/4925","targetHints":{"allow":["GET"]}}],"collection":[{"href":"https:\/\/www.impressionoriginale.com\/fr\/wp-json\/wp\/v2\/product"}],"about":[{"href":"https:\/\/www.impressionoriginale.com\/fr\/wp-json\/wp\/v2\/types\/product"}],"wp:featuredmedia":[{"embeddable":true,"href":"https:\/\/www.impressionoriginale.com\/fr\/wp-json\/wp\/v2\/media\/4908"}],"wp:attachment":[{"href":"https:\/\/www.impressionoriginale.com\/fr\/wp-json\/wp\/v2\/media?parent=4925"}],"wp:term":[{"taxonomy":"product_brand","embeddable":true,"href":"https:\/\/www.impressionoriginale.com\/fr\/wp-json\/wp\/v2\/product_brand?post=4925"},{"taxonomy":"product_cat","embeddable":true,"href":"https:\/\/www.impressionoriginale.com\/fr\/wp-json\/wp\/v2\/product_cat?post=4925"},{"taxonomy":"product_tag","embeddable":true,"href":"https:\/\/www.impressionoriginale.com\/fr\/wp-json\/wp\/v2\/product_tag?post=4925"}],"curies":[{"name":"wp","href":"https:\/\/api.w.org\/{rel}","templated":true}]}}