{"id":6040,"date":"2018-01-18T23:19:02","date_gmt":"2018-01-18T23:19:03","guid":{"rendered":"http:\/\/impressionorig.wpengine.com\/?post_type=product&#038;p=6040"},"modified":"2023-04-21T16:41:59","modified_gmt":"2023-04-21T16:41:59","slug":"sur-laile-des-oiseaux-pochette-cadeau-m","status":"publish","type":"product","link":"https:\/\/www.impressionoriginale.com\/fr\/produit\/sur-laile-des-oiseaux-pochette-cadeau-m\/","title":{"rendered":"Sur l&rsquo;aile des oiseaux Pochette Cadeau (M)"},"content":{"rendered":"<p style=\"padding-left: 30px;\"><strong>POIDS<\/strong>\u00a0 \u00a0 \u00a0 \u00a0 \u00a0 \u00a0 \u00a0 \u00a0 \u00a0 \u00a0 \u00a0 \u00a0 200 g \/m<sup>2<\/sup><\/p>\n<p style=\"padding-left: 30px;\"><strong>DIMENSIONS<\/strong>\u00a0 \u00a0 \u00a0 \u00a025,5\u00d719,5x8cm (taille moyenne)<\/p>\n<p style=\"padding-left: 30px;\"><strong>PAPIER<\/strong>\u00a0 \u00a0 \u00a0 \u00a0 \u00a0 \u00a0 \u00a0 \u00a0 \u00a0 \u00a0 \u00a0 Cyclus \u2013 100% recycl\u00e9<\/p>\n<p style=\"padding-left: 30px;\"><strong>ENCRE<\/strong>\u00a0 \u00a0 \u00a0 \u00a0 \u00a0 \u00a0 \u00a0 \u00a0 \u00a0 \u00a0 \u00a0 \u00a0PANTONE m\u00e9tallique, Offset quadri pleine couleur, s\u00e9chage UV, impression recto-verso<\/p>\n<p style=\"padding-left: 30px;\"><strong>ORIGINE<\/strong>\u00a0 \u00a0 \u00a0 \u00a0 \u00a0 \u00a0 \u00a0 \u00a0 \u00a0 \u00a0D\u2019 Angers, France<\/p>\n<p style=\"text-align: justify;\">Dessin\u00e9s par nos artistes du monde entier et mis\u00a0sous pli\u00a0\u00e0 la main par\u00a0nos\u00a0petites f\u00e9es \u00e0 Angers, France.<\/p>\n<p style=\"text-align: justify;\">Nos papiers cadeaux et rubans\u00a0vont\u00a0sublimer vos cadeaux\u00a0\u00e0 la perfection\u00a0et peuvent aussi s\u2019offrir \u00e0 toutes vos autres utilisations cr\u00e9atives, comme la reliure ou les projets artistiques.\u00a0Laissez nos papiers vous\u00a0inspirer, et laissez parler votre cr\u00e9ativit\u00e9\u2026<\/p>\n<p style=\"text-align: justify;\"><em>\u00ab\u00a0Faites de beaux cadeaux et faites des heureux !\u00a0\u00bb<\/em><\/p>\n\n\n","protected":false},"excerpt":{"rendered":"<p><strong>Ayako\u00a0Furness<\/strong><\/p>\n<h5><em>\u00ab\u00a0Sur l&rsquo;aile des oiseaux\u00a0\u00bb<\/em>\u00a0pochette cadeau<\/h5>\n<p>Taille M [25,5(hauteur) x 19,5 (largeur) x 8 (soufflet) cm]<\/p>\n<p style=\"text-align: justify;\">Quelques battements d\u2019ailes \u00e0 la beaut\u00e9 r\u00e9tro nous font toucher du doigt le \u201c<em>monde somptueux de formes et de couleurs<\/em>\u201d de l\u2019incroyable entomologiste Eug\u00e8ne S\u00e9guy. Cet homme surdou\u00e9 a r\u00e9volutionn\u00e9 la repr\u00e9sentation des insectes en s\u2019inspirant des courants Art D\u00e9co et Art Nouveau. Ayako s\u2019en est inspir\u00e9e pour nous faire partager un moment magique.<\/p>\n<p style=\"text-align: justify;\">Ce mod\u00e8le est disponible \u00e9galement en <a href=\"https:\/\/www.impressionoriginale.com\/fr\/produit\/sur-laile-des-oiseaux-papier-cadeau\/\" target=\"_blank\" rel=\"noopener noreferrer\"><strong>papier cadeau<\/strong> <\/a>et en <a href=\"https:\/\/www.impressionoriginale.com\/fr\/produit\/sur-laile-des-oiseaux-boite-cadeau-l\/\" target=\"_blank\" rel=\"noopener noreferrer\"><strong>bo\u00eete cadeau<\/strong><\/a>. Id\u00e9al avec un <a href=\"https:\/\/www.impressionoriginale.com\/fr\/categorie-produit\/noeud-fr\/\" target=\"_blank\" rel=\"noopener noreferrer\"><strong>noeud<\/strong><\/a> pr\u00eat-\u00e0-poser de votre choix.<\/p>\n","protected":false},"featured_media":6225,"template":"","meta":[],"product_brand":[],"product_cat":[863,618],"product_tag":[353,88,814,815],"class_list":{"0":"post-6040","1":"product","2":"type-product","3":"status-publish","4":"has-post-thumbnail","6":"product_cat-pochette-cadeau","7":"product_cat-pochette-boite","8":"product_tag-ayako-furness-fr-2","9":"product_tag-impression-originale-fr-2","10":"product_tag-pochette-cadeau-fr","11":"product_tag-taille-m-fr","13":"first","14":"outofstock","15":"taxable","16":"shipping-taxable","17":"purchasable","18":"product-type-simple"},"bundled_by":["9736","9725"],"bundle_stock_status":"outofstock","bundle_stock_quantity":0,"bundle_virtual":false,"bundle_layout":"","bundle_add_to_cart_form_location":"","bundle_editable_in_cart":false,"bundle_sold_individually_context":"","bundle_item_grouping":"","bundle_min_size":"","bundle_max_size":"","bundle_price":[],"bundled_items":[],"bundle_sell_ids":[],"yoast_head":"<!-- This site is optimized with the Yoast SEO plugin v27.3 - https:\/\/yoast.com\/product\/yoast-seo-wordpress\/ -->\n<title>Sur l&#039;aile des oiseaux Pochette Cadeau (M) - Impression Originale<\/title>\n<meta name=\"description\" content=\"La pochette cadeau oiseau &quot;sur l&#039;aile des oiseaux&quot; imprim\u00e9e sur du papier \u00e9co-responsable et de fabrication fran\u00e7aise. Fait main par Impression Originale.\" \/>\n<meta name=\"robots\" content=\"index, follow, max-snippet:-1, max-image-preview:large, max-video-preview:-1\" \/>\n<link rel=\"canonical\" href=\"https:\/\/www.impressionoriginale.com\/fr\/produit\/sur-laile-des-oiseaux-pochette-cadeau-m\/\" \/>\n<meta property=\"og:locale\" content=\"fr_FR\" \/>\n<meta property=\"og:type\" content=\"article\" \/>\n<meta property=\"og:title\" content=\"Sur l&#039;aile des oiseaux Pochette Cadeau (M) - Impression Originale\" \/>\n<meta property=\"og:description\" content=\"La pochette cadeau oiseau &quot;sur l&#039;aile des oiseaux&quot; imprim\u00e9e sur du papier \u00e9co-responsable et de fabrication fran\u00e7aise. Fait main par Impression Originale.\" \/>\n<meta property=\"og:url\" content=\"https:\/\/www.impressionoriginale.com\/fr\/produit\/sur-laile-des-oiseaux-pochette-cadeau-m\/\" \/>\n<meta property=\"og:site_name\" content=\"Impression Originale\" \/>\n<meta property=\"article:modified_time\" content=\"2023-04-21T16:41:59+00:00\" \/>\n<meta property=\"og:image\" content=\"https:\/\/www.impressionoriginale.com\/wp-content\/uploads\/2018\/01\/170617_001_photo-Benoit-Martin.jpg\" \/>\n\t<meta property=\"og:image:width\" content=\"1944\" \/>\n\t<meta property=\"og:image:height\" content=\"2000\" \/>\n\t<meta property=\"og:image:type\" content=\"image\/jpeg\" \/>\n<meta name=\"twitter:card\" content=\"summary_large_image\" \/>\n<script type=\"application\/ld+json\" class=\"yoast-schema-graph\">{\"@context\":\"https:\\\/\\\/schema.org\",\"@graph\":[{\"@type\":\"WebPage\",\"@id\":\"https:\\\/\\\/www.impressionoriginale.com\\\/fr\\\/produit\\\/sur-laile-des-oiseaux-pochette-cadeau-m\\\/\",\"url\":\"https:\\\/\\\/www.impressionoriginale.com\\\/fr\\\/produit\\\/sur-laile-des-oiseaux-pochette-cadeau-m\\\/\",\"name\":\"Sur l'aile des oiseaux Pochette Cadeau (M) - Impression Originale\",\"isPartOf\":{\"@id\":\"https:\\\/\\\/www.impressionoriginale.com\\\/fr\\\/#website\"},\"primaryImageOfPage\":{\"@id\":\"https:\\\/\\\/www.impressionoriginale.com\\\/fr\\\/produit\\\/sur-laile-des-oiseaux-pochette-cadeau-m\\\/#primaryimage\"},\"image\":{\"@id\":\"https:\\\/\\\/www.impressionoriginale.com\\\/fr\\\/produit\\\/sur-laile-des-oiseaux-pochette-cadeau-m\\\/#primaryimage\"},\"thumbnailUrl\":\"https:\\\/\\\/www.impressionoriginale.com\\\/wp-content\\\/uploads\\\/2018\\\/01\\\/170617_001_photo-Benoit-Martin.jpg\",\"datePublished\":\"2018-01-18T23:19:03+00:00\",\"dateModified\":\"2023-04-21T16:41:59+00:00\",\"description\":\"La pochette cadeau oiseau \\\"sur l'aile des oiseaux\\\" imprim\u00e9e sur du papier \u00e9co-responsable et de fabrication fran\u00e7aise. Fait main par Impression Originale.\",\"breadcrumb\":{\"@id\":\"https:\\\/\\\/www.impressionoriginale.com\\\/fr\\\/produit\\\/sur-laile-des-oiseaux-pochette-cadeau-m\\\/#breadcrumb\"},\"inLanguage\":\"fr-FR\",\"potentialAction\":[{\"@type\":\"ReadAction\",\"target\":[\"https:\\\/\\\/www.impressionoriginale.com\\\/fr\\\/produit\\\/sur-laile-des-oiseaux-pochette-cadeau-m\\\/\"]}]},{\"@type\":\"ImageObject\",\"inLanguage\":\"fr-FR\",\"@id\":\"https:\\\/\\\/www.impressionoriginale.com\\\/fr\\\/produit\\\/sur-laile-des-oiseaux-pochette-cadeau-m\\\/#primaryimage\",\"url\":\"https:\\\/\\\/www.impressionoriginale.com\\\/wp-content\\\/uploads\\\/2018\\\/01\\\/170617_001_photo-Benoit-Martin.jpg\",\"contentUrl\":\"https:\\\/\\\/www.impressionoriginale.com\\\/wp-content\\\/uploads\\\/2018\\\/01\\\/170617_001_photo-Benoit-Martin.jpg\",\"width\":1944,\"height\":2000,\"caption\":\"IOR-POCM024AFUS1_On_the_bird_wings2_giftbag_IMPRESSION_ORIGINALE\"},{\"@type\":\"BreadcrumbList\",\"@id\":\"https:\\\/\\\/www.impressionoriginale.com\\\/fr\\\/produit\\\/sur-laile-des-oiseaux-pochette-cadeau-m\\\/#breadcrumb\",\"itemListElement\":[{\"@type\":\"ListItem\",\"position\":1,\"name\":\"Home\",\"item\":\"https:\\\/\\\/www.impressionoriginale.com\\\/fr\\\/\"},{\"@type\":\"ListItem\",\"position\":2,\"name\":\"Boutique\",\"item\":\"https:\\\/\\\/www.impressionoriginale.com\\\/fr\\\/boutique\\\/\"},{\"@type\":\"ListItem\",\"position\":3,\"name\":\"Sur l&rsquo;aile des oiseaux Pochette Cadeau (M)\"}]},{\"@type\":\"WebSite\",\"@id\":\"https:\\\/\\\/www.impressionoriginale.com\\\/fr\\\/#website\",\"url\":\"https:\\\/\\\/www.impressionoriginale.com\\\/fr\\\/\",\"name\":\"Impression Originale\",\"description\":\"The art of gifting has a new name. The online store for all your wrapping cravings.\",\"publisher\":{\"@id\":\"https:\\\/\\\/www.impressionoriginale.com\\\/fr\\\/#organization\"},\"potentialAction\":[{\"@type\":\"SearchAction\",\"target\":{\"@type\":\"EntryPoint\",\"urlTemplate\":\"https:\\\/\\\/www.impressionoriginale.com\\\/fr\\\/?s={search_term_string}\"},\"query-input\":{\"@type\":\"PropertyValueSpecification\",\"valueRequired\":true,\"valueName\":\"search_term_string\"}}],\"inLanguage\":\"fr-FR\"},{\"@type\":\"Organization\",\"@id\":\"https:\\\/\\\/www.impressionoriginale.com\\\/fr\\\/#organization\",\"name\":\"Impression Originale\",\"url\":\"https:\\\/\\\/www.impressionoriginale.com\\\/fr\\\/\",\"logo\":{\"@type\":\"ImageObject\",\"inLanguage\":\"fr-FR\",\"@id\":\"https:\\\/\\\/www.impressionoriginale.com\\\/fr\\\/#\\\/schema\\\/logo\\\/image\\\/\",\"url\":\"https:\\\/\\\/www.impressionoriginale.com\\\/wp-content\\\/uploads\\\/2021\\\/08\\\/LOGO-2020-BLACK.png\",\"contentUrl\":\"https:\\\/\\\/www.impressionoriginale.com\\\/wp-content\\\/uploads\\\/2021\\\/08\\\/LOGO-2020-BLACK.png\",\"width\":567,\"height\":567,\"caption\":\"Impression Originale\"},\"image\":{\"@id\":\"https:\\\/\\\/www.impressionoriginale.com\\\/fr\\\/#\\\/schema\\\/logo\\\/image\\\/\"}}]}<\/script>\n<!-- \/ Yoast SEO plugin. -->","yoast_head_json":{"title":"Sur l'aile des oiseaux Pochette Cadeau (M) - Impression Originale","description":"La pochette cadeau oiseau \"sur l'aile des oiseaux\" imprim\u00e9e sur du papier \u00e9co-responsable et de fabrication fran\u00e7aise. Fait main par Impression Originale.","robots":{"index":"index","follow":"follow","max-snippet":"max-snippet:-1","max-image-preview":"max-image-preview:large","max-video-preview":"max-video-preview:-1"},"canonical":"https:\/\/www.impressionoriginale.com\/fr\/produit\/sur-laile-des-oiseaux-pochette-cadeau-m\/","og_locale":"fr_FR","og_type":"article","og_title":"Sur l'aile des oiseaux Pochette Cadeau (M) - Impression Originale","og_description":"La pochette cadeau oiseau \"sur l'aile des oiseaux\" imprim\u00e9e sur du papier \u00e9co-responsable et de fabrication fran\u00e7aise. Fait main par Impression Originale.","og_url":"https:\/\/www.impressionoriginale.com\/fr\/produit\/sur-laile-des-oiseaux-pochette-cadeau-m\/","og_site_name":"Impression Originale","article_modified_time":"2023-04-21T16:41:59+00:00","og_image":[{"width":1944,"height":2000,"url":"https:\/\/www.impressionoriginale.com\/wp-content\/uploads\/2018\/01\/170617_001_photo-Benoit-Martin.jpg","type":"image\/jpeg"}],"twitter_card":"summary_large_image","schema":{"@context":"https:\/\/schema.org","@graph":[{"@type":"WebPage","@id":"https:\/\/www.impressionoriginale.com\/fr\/produit\/sur-laile-des-oiseaux-pochette-cadeau-m\/","url":"https:\/\/www.impressionoriginale.com\/fr\/produit\/sur-laile-des-oiseaux-pochette-cadeau-m\/","name":"Sur l'aile des oiseaux Pochette Cadeau (M) - Impression Originale","isPartOf":{"@id":"https:\/\/www.impressionoriginale.com\/fr\/#website"},"primaryImageOfPage":{"@id":"https:\/\/www.impressionoriginale.com\/fr\/produit\/sur-laile-des-oiseaux-pochette-cadeau-m\/#primaryimage"},"image":{"@id":"https:\/\/www.impressionoriginale.com\/fr\/produit\/sur-laile-des-oiseaux-pochette-cadeau-m\/#primaryimage"},"thumbnailUrl":"https:\/\/www.impressionoriginale.com\/wp-content\/uploads\/2018\/01\/170617_001_photo-Benoit-Martin.jpg","datePublished":"2018-01-18T23:19:03+00:00","dateModified":"2023-04-21T16:41:59+00:00","description":"La pochette cadeau oiseau \"sur l'aile des oiseaux\" imprim\u00e9e sur du papier \u00e9co-responsable et de fabrication fran\u00e7aise. Fait main par Impression Originale.","breadcrumb":{"@id":"https:\/\/www.impressionoriginale.com\/fr\/produit\/sur-laile-des-oiseaux-pochette-cadeau-m\/#breadcrumb"},"inLanguage":"fr-FR","potentialAction":[{"@type":"ReadAction","target":["https:\/\/www.impressionoriginale.com\/fr\/produit\/sur-laile-des-oiseaux-pochette-cadeau-m\/"]}]},{"@type":"ImageObject","inLanguage":"fr-FR","@id":"https:\/\/www.impressionoriginale.com\/fr\/produit\/sur-laile-des-oiseaux-pochette-cadeau-m\/#primaryimage","url":"https:\/\/www.impressionoriginale.com\/wp-content\/uploads\/2018\/01\/170617_001_photo-Benoit-Martin.jpg","contentUrl":"https:\/\/www.impressionoriginale.com\/wp-content\/uploads\/2018\/01\/170617_001_photo-Benoit-Martin.jpg","width":1944,"height":2000,"caption":"IOR-POCM024AFUS1_On_the_bird_wings2_giftbag_IMPRESSION_ORIGINALE"},{"@type":"BreadcrumbList","@id":"https:\/\/www.impressionoriginale.com\/fr\/produit\/sur-laile-des-oiseaux-pochette-cadeau-m\/#breadcrumb","itemListElement":[{"@type":"ListItem","position":1,"name":"Home","item":"https:\/\/www.impressionoriginale.com\/fr\/"},{"@type":"ListItem","position":2,"name":"Boutique","item":"https:\/\/www.impressionoriginale.com\/fr\/boutique\/"},{"@type":"ListItem","position":3,"name":"Sur l&rsquo;aile des oiseaux Pochette Cadeau (M)"}]},{"@type":"WebSite","@id":"https:\/\/www.impressionoriginale.com\/fr\/#website","url":"https:\/\/www.impressionoriginale.com\/fr\/","name":"Impression Originale","description":"The art of gifting has a new name. The online store for all your wrapping cravings.","publisher":{"@id":"https:\/\/www.impressionoriginale.com\/fr\/#organization"},"potentialAction":[{"@type":"SearchAction","target":{"@type":"EntryPoint","urlTemplate":"https:\/\/www.impressionoriginale.com\/fr\/?s={search_term_string}"},"query-input":{"@type":"PropertyValueSpecification","valueRequired":true,"valueName":"search_term_string"}}],"inLanguage":"fr-FR"},{"@type":"Organization","@id":"https:\/\/www.impressionoriginale.com\/fr\/#organization","name":"Impression Originale","url":"https:\/\/www.impressionoriginale.com\/fr\/","logo":{"@type":"ImageObject","inLanguage":"fr-FR","@id":"https:\/\/www.impressionoriginale.com\/fr\/#\/schema\/logo\/image\/","url":"https:\/\/www.impressionoriginale.com\/wp-content\/uploads\/2021\/08\/LOGO-2020-BLACK.png","contentUrl":"https:\/\/www.impressionoriginale.com\/wp-content\/uploads\/2021\/08\/LOGO-2020-BLACK.png","width":567,"height":567,"caption":"Impression Originale"},"image":{"@id":"https:\/\/www.impressionoriginale.com\/fr\/#\/schema\/logo\/image\/"}}]}},"_links":{"self":[{"href":"https:\/\/www.impressionoriginale.com\/fr\/wp-json\/wp\/v2\/product\/6040","targetHints":{"allow":["GET"]}}],"collection":[{"href":"https:\/\/www.impressionoriginale.com\/fr\/wp-json\/wp\/v2\/product"}],"about":[{"href":"https:\/\/www.impressionoriginale.com\/fr\/wp-json\/wp\/v2\/types\/product"}],"wp:featuredmedia":[{"embeddable":true,"href":"https:\/\/www.impressionoriginale.com\/fr\/wp-json\/wp\/v2\/media\/6225"}],"wp:attachment":[{"href":"https:\/\/www.impressionoriginale.com\/fr\/wp-json\/wp\/v2\/media?parent=6040"}],"wp:term":[{"taxonomy":"product_brand","embeddable":true,"href":"https:\/\/www.impressionoriginale.com\/fr\/wp-json\/wp\/v2\/product_brand?post=6040"},{"taxonomy":"product_cat","embeddable":true,"href":"https:\/\/www.impressionoriginale.com\/fr\/wp-json\/wp\/v2\/product_cat?post=6040"},{"taxonomy":"product_tag","embeddable":true,"href":"https:\/\/www.impressionoriginale.com\/fr\/wp-json\/wp\/v2\/product_tag?post=6040"}],"curies":[{"name":"wp","href":"https:\/\/api.w.org\/{rel}","templated":true}]}}