{"id":6677,"date":"2018-07-06T08:32:58","date_gmt":"2018-07-06T08:32:58","guid":{"rendered":"http:\/\/impressionorig.wpengine.com\/?post_type=product&#038;p=6677"},"modified":"2025-12-27T21:14:32","modified_gmt":"2025-12-27T21:14:32","slug":"jardin-enchante-papier-cadeau","status":"publish","type":"product","link":"https:\/\/www.impressionoriginale.com\/fr\/produit\/jardin-enchante-papier-cadeau\/","title":{"rendered":"Jardin Enchant\u00e9 Papier Cadeau"},"content":{"rendered":"<p style=\"padding-left: 30px;\"><strong>POIDS<\/strong>\u00a0 \u00a0 \u00a0 \u00a0 \u00a0 \u00a0 \u00a0 \u00a0 \u00a0 \u00a0 \u00a0 \u00a0 100 g \/m<sup>2<\/sup><\/p>\n<p style=\"padding-left: 30px;\"><strong>DIMENSIONS<\/strong>\u00a0 \u00a0 \u00a0 \u00a0 60x86cm (tr\u00e8s grande\u00a0feuille, roul\u00e9e)<\/p>\n<p style=\"padding-left: 30px;\"><strong>PAPIER<\/strong>\u00a0 \u00a0 \u00a0 \u00a0 \u00a0 \u00a0 \u00a0 \u00a0 \u00a0 \u00a0 \u00a0 Cyclus \u2013 100% recycl\u00e9<\/p>\n<p style=\"padding-left: 30px;\"><strong>ENCRE<\/strong>\u00a0 \u00a0 \u00a0 \u00a0 \u00a0 \u00a0 \u00a0 \u00a0 \u00a0 \u00a0 \u00a0 \u00a0Patone or, Offset quadri pleine couleur, proc\u00e9d\u00e9 s\u00e9chage UV, impression recto-verso<\/p>\n<p style=\"padding-left: 30px;\"><strong>ORIGINE<\/strong>\u00a0 \u00a0 \u00a0 \u00a0 \u00a0 \u00a0 \u00a0 \u00a0 \u00a0 \u00a0D\u2019 Angers, France<\/p>\n<p style=\"text-align: justify;\">Dessin\u00e9s par nos artistes du monde entier et mis\u00a0sous pli\u00a0\u00e0 la main par\u00a0nos\u00a0petites f\u00e9es \u00e0 Angers, France.<\/p>\n<p style=\"text-align: justify;\">Nos papiers cadeaux et rubans\u00a0vont\u00a0sublimer vos cadeaux\u00a0\u00e0 la perfection\u00a0et peuvent aussi s\u2019offrir \u00e0 toutes vos autres utilisations cr\u00e9atives, comme la reliure ou les projets artistiques.\u00a0Laissez nos papiers vous\u00a0inspirer, et laissez parler votre cr\u00e9ativit\u00e9\u2026<\/p>\n<p style=\"text-align: justify;\"><em>\u00ab\u00a0Faites de beaux cadeaux et faites des heureux !\u00a0\u00bb<\/em><\/p>\n\n\n","protected":false},"excerpt":{"rendered":"<p style=\"text-align: justify;\"><strong>Emily Isabella<\/strong><\/p>\n<h5 style=\"text-align: justify;\"><em>\u00ab\u00a0Jardin Enchant\u00e9\u00a0\u00bb<\/em>\u00a0papier cadeau<\/h5>\n<p style=\"text-align: justify;\">Un oiseau se pose d\u00e9licatement sur une branche. Il vient de trouver un jardin enchant\u00e9. Le jardin o\u00f9 les fleurs jettent des sorts d\u2019amour et o\u00f9 les oiseaux portent des messages d\u2019espoir. Jardin oubli\u00e9 du temps de la Russie imp\u00e9riale, ses tr\u00e9sors nous convient \u00e0 une r\u00eaverie \u00e9th\u00e9r\u00e9e.<\/p>\n<p style=\"text-align: justify;\">Retrouvez l&rsquo;<a href=\"https:\/\/www.impressionoriginale.com\/fr\/produit\/ensemble-jardin-enchante\/\" target=\"_blank\" rel=\"noopener noreferrer\"><strong>Ensemble Jardin Enchant\u00e9<\/strong><\/a> pour un look parfait.<\/p>\n<p>Sp\u00e9cifications techniques :<\/p>\n<ul style=\"list-style-type: disc;\">\n<li>60x86cm<\/li>\n<li>100 g\/m\u00b2<\/li>\n<li>Imprim\u00e9 recto-verso<\/li>\n<\/ul>\n<p style=\"text-align: center;\"><em>Note : Tous nos papiers cadeaux sont envoy\u00e9s roul\u00e9s soigneusement dans un tube.<\/em><\/p>\n","protected":false},"featured_media":6523,"template":"","meta":[],"product_brand":[],"product_cat":[911,62,173,82],"product_tag":[823,88,81,1095],"class_list":{"0":"post-6677","1":"product","2":"type-product","3":"status-publish","4":"has-post-thumbnail","6":"product_cat-noel","7":"product_cat-papier-cadeau","8":"product_cat-instinct-animal-fr","9":"product_cat-jardin-secret-fr","10":"product_tag-emily-isabella-fr-2","11":"product_tag-impression-originale-fr-2","12":"product_tag-papier-cadeau-fr","13":"product_tag-papiers-cadeaux","15":"first","16":"instock","17":"taxable","18":"shipping-taxable","19":"purchasable","20":"product-type-simple"},"bundled_by":["6847","7199","7200"],"bundle_stock_status":"instock","bundle_stock_quantity":164,"bundle_virtual":false,"bundle_layout":"","bundle_add_to_cart_form_location":"","bundle_editable_in_cart":false,"bundle_sold_individually_context":"","bundle_item_grouping":"","bundle_min_size":"","bundle_max_size":"","bundle_price":[],"bundled_items":[],"bundle_sell_ids":[],"yoast_head":"<!-- This site is optimized with the Yoast SEO plugin v27.5 - https:\/\/yoast.com\/product\/yoast-seo-wordpress\/ -->\n<title>Jardin Enchant\u00e9 Papier Cadeau - Impression Originale<\/title>\n<meta name=\"description\" content=\"Le papier cadeau No\u00ebl rouge &quot;jardin enchant\u00e9&quot; dessin\u00e9 \u00e0 la main par Emily Isabella pour Impression Originale est \u00e9co-responsable et de fabrication fran\u00e7aise.\" \/>\n<meta name=\"robots\" content=\"index, follow, max-snippet:-1, max-image-preview:large, max-video-preview:-1\" \/>\n<link rel=\"canonical\" href=\"https:\/\/www.impressionoriginale.com\/fr\/produit\/jardin-enchante-papier-cadeau\/\" \/>\n<meta property=\"og:locale\" content=\"fr_FR\" \/>\n<meta property=\"og:type\" content=\"article\" \/>\n<meta property=\"og:title\" content=\"Jardin Enchant\u00e9 Papier Cadeau - Impression Originale\" \/>\n<meta property=\"og:description\" content=\"Le papier cadeau No\u00ebl rouge &quot;jardin enchant\u00e9&quot; dessin\u00e9 \u00e0 la main par Emily Isabella pour Impression Originale est \u00e9co-responsable et de fabrication fran\u00e7aise.\" \/>\n<meta property=\"og:url\" content=\"https:\/\/www.impressionoriginale.com\/fr\/produit\/jardin-enchante-papier-cadeau\/\" \/>\n<meta property=\"og:site_name\" content=\"Impression Originale\" \/>\n<meta property=\"article:modified_time\" content=\"2025-12-27T21:14:32+00:00\" \/>\n<meta property=\"og:image\" content=\"https:\/\/www.impressionoriginale.com\/wp-content\/uploads\/2018\/07\/IOR-0040EISS1C2018_Jardin_Enchante_wrap_IMPRESSION_ORIGINALE.jpg\" \/>\n\t<meta property=\"og:image:width\" content=\"1215\" \/>\n\t<meta property=\"og:image:height\" content=\"1518\" \/>\n\t<meta property=\"og:image:type\" content=\"image\/jpeg\" \/>\n<meta name=\"twitter:card\" content=\"summary_large_image\" \/>\n<meta name=\"twitter:label1\" content=\"Dur\u00e9e de lecture estim\u00e9e\" \/>\n\t<meta name=\"twitter:data1\" content=\"1 minute\" \/>\n<script type=\"application\/ld+json\" class=\"yoast-schema-graph\">{\"@context\":\"https:\\\/\\\/schema.org\",\"@graph\":[{\"@type\":\"WebPage\",\"@id\":\"https:\\\/\\\/www.impressionoriginale.com\\\/fr\\\/produit\\\/jardin-enchante-papier-cadeau\\\/\",\"url\":\"https:\\\/\\\/www.impressionoriginale.com\\\/fr\\\/produit\\\/jardin-enchante-papier-cadeau\\\/\",\"name\":\"Jardin Enchant\u00e9 Papier Cadeau - Impression Originale\",\"isPartOf\":{\"@id\":\"https:\\\/\\\/www.impressionoriginale.com\\\/fr\\\/#website\"},\"primaryImageOfPage\":{\"@id\":\"https:\\\/\\\/www.impressionoriginale.com\\\/fr\\\/produit\\\/jardin-enchante-papier-cadeau\\\/#primaryimage\"},\"image\":{\"@id\":\"https:\\\/\\\/www.impressionoriginale.com\\\/fr\\\/produit\\\/jardin-enchante-papier-cadeau\\\/#primaryimage\"},\"thumbnailUrl\":\"https:\\\/\\\/www.impressionoriginale.com\\\/wp-content\\\/uploads\\\/2018\\\/07\\\/IOR-0040EISS1C2018_Jardin_Enchante_wrap_IMPRESSION_ORIGINALE.jpg\",\"datePublished\":\"2018-07-06T08:32:58+00:00\",\"dateModified\":\"2025-12-27T21:14:32+00:00\",\"description\":\"Le papier cadeau No\u00ebl rouge \\\"jardin enchant\u00e9\\\" dessin\u00e9 \u00e0 la main par Emily Isabella pour Impression Originale est \u00e9co-responsable et de fabrication fran\u00e7aise.\",\"breadcrumb\":{\"@id\":\"https:\\\/\\\/www.impressionoriginale.com\\\/fr\\\/produit\\\/jardin-enchante-papier-cadeau\\\/#breadcrumb\"},\"inLanguage\":\"fr-FR\",\"potentialAction\":[{\"@type\":\"ReadAction\",\"target\":[\"https:\\\/\\\/www.impressionoriginale.com\\\/fr\\\/produit\\\/jardin-enchante-papier-cadeau\\\/\"]}]},{\"@type\":\"ImageObject\",\"inLanguage\":\"fr-FR\",\"@id\":\"https:\\\/\\\/www.impressionoriginale.com\\\/fr\\\/produit\\\/jardin-enchante-papier-cadeau\\\/#primaryimage\",\"url\":\"https:\\\/\\\/www.impressionoriginale.com\\\/wp-content\\\/uploads\\\/2018\\\/07\\\/IOR-0040EISS1C2018_Jardin_Enchante_wrap_IMPRESSION_ORIGINALE.jpg\",\"contentUrl\":\"https:\\\/\\\/www.impressionoriginale.com\\\/wp-content\\\/uploads\\\/2018\\\/07\\\/IOR-0040EISS1C2018_Jardin_Enchante_wrap_IMPRESSION_ORIGINALE.jpg\",\"width\":1215,\"height\":1518,\"caption\":\"Papier cadeau Jardin Enchant\u00e9 IMPRESSION_ORIGINALE\"},{\"@type\":\"BreadcrumbList\",\"@id\":\"https:\\\/\\\/www.impressionoriginale.com\\\/fr\\\/produit\\\/jardin-enchante-papier-cadeau\\\/#breadcrumb\",\"itemListElement\":[{\"@type\":\"ListItem\",\"position\":1,\"name\":\"Home\",\"item\":\"https:\\\/\\\/www.impressionoriginale.com\\\/fr\\\/\"},{\"@type\":\"ListItem\",\"position\":2,\"name\":\"Boutique\",\"item\":\"https:\\\/\\\/www.impressionoriginale.com\\\/fr\\\/boutique\\\/\"},{\"@type\":\"ListItem\",\"position\":3,\"name\":\"Jardin Enchant\u00e9 Papier Cadeau\"}]},{\"@type\":\"WebSite\",\"@id\":\"https:\\\/\\\/www.impressionoriginale.com\\\/fr\\\/#website\",\"url\":\"https:\\\/\\\/www.impressionoriginale.com\\\/fr\\\/\",\"name\":\"Impression Originale\",\"description\":\"The art of gifting has a new name. The online store for all your wrapping cravings.\",\"publisher\":{\"@id\":\"https:\\\/\\\/www.impressionoriginale.com\\\/fr\\\/#organization\"},\"potentialAction\":[{\"@type\":\"SearchAction\",\"target\":{\"@type\":\"EntryPoint\",\"urlTemplate\":\"https:\\\/\\\/www.impressionoriginale.com\\\/fr\\\/?s={search_term_string}\"},\"query-input\":{\"@type\":\"PropertyValueSpecification\",\"valueRequired\":true,\"valueName\":\"search_term_string\"}}],\"inLanguage\":\"fr-FR\"},{\"@type\":\"Organization\",\"@id\":\"https:\\\/\\\/www.impressionoriginale.com\\\/fr\\\/#organization\",\"name\":\"Impression Originale\",\"url\":\"https:\\\/\\\/www.impressionoriginale.com\\\/fr\\\/\",\"logo\":{\"@type\":\"ImageObject\",\"inLanguage\":\"fr-FR\",\"@id\":\"https:\\\/\\\/www.impressionoriginale.com\\\/fr\\\/#\\\/schema\\\/logo\\\/image\\\/\",\"url\":\"https:\\\/\\\/www.impressionoriginale.com\\\/wp-content\\\/uploads\\\/2021\\\/08\\\/LOGO-2020-BLACK.png\",\"contentUrl\":\"https:\\\/\\\/www.impressionoriginale.com\\\/wp-content\\\/uploads\\\/2021\\\/08\\\/LOGO-2020-BLACK.png\",\"width\":567,\"height\":567,\"caption\":\"Impression Originale\"},\"image\":{\"@id\":\"https:\\\/\\\/www.impressionoriginale.com\\\/fr\\\/#\\\/schema\\\/logo\\\/image\\\/\"}}]}<\/script>\n<!-- \/ Yoast SEO plugin. -->","yoast_head_json":{"title":"Jardin Enchant\u00e9 Papier Cadeau - Impression Originale","description":"Le papier cadeau No\u00ebl rouge \"jardin enchant\u00e9\" dessin\u00e9 \u00e0 la main par Emily Isabella pour Impression Originale est \u00e9co-responsable et de fabrication fran\u00e7aise.","robots":{"index":"index","follow":"follow","max-snippet":"max-snippet:-1","max-image-preview":"max-image-preview:large","max-video-preview":"max-video-preview:-1"},"canonical":"https:\/\/www.impressionoriginale.com\/fr\/produit\/jardin-enchante-papier-cadeau\/","og_locale":"fr_FR","og_type":"article","og_title":"Jardin Enchant\u00e9 Papier Cadeau - Impression Originale","og_description":"Le papier cadeau No\u00ebl rouge \"jardin enchant\u00e9\" dessin\u00e9 \u00e0 la main par Emily Isabella pour Impression Originale est \u00e9co-responsable et de fabrication fran\u00e7aise.","og_url":"https:\/\/www.impressionoriginale.com\/fr\/produit\/jardin-enchante-papier-cadeau\/","og_site_name":"Impression Originale","article_modified_time":"2025-12-27T21:14:32+00:00","og_image":[{"width":1215,"height":1518,"url":"https:\/\/www.impressionoriginale.com\/wp-content\/uploads\/2018\/07\/IOR-0040EISS1C2018_Jardin_Enchante_wrap_IMPRESSION_ORIGINALE.jpg","type":"image\/jpeg"}],"twitter_card":"summary_large_image","twitter_misc":{"Dur\u00e9e de lecture estim\u00e9e":"1 minute"},"schema":{"@context":"https:\/\/schema.org","@graph":[{"@type":"WebPage","@id":"https:\/\/www.impressionoriginale.com\/fr\/produit\/jardin-enchante-papier-cadeau\/","url":"https:\/\/www.impressionoriginale.com\/fr\/produit\/jardin-enchante-papier-cadeau\/","name":"Jardin Enchant\u00e9 Papier Cadeau - Impression Originale","isPartOf":{"@id":"https:\/\/www.impressionoriginale.com\/fr\/#website"},"primaryImageOfPage":{"@id":"https:\/\/www.impressionoriginale.com\/fr\/produit\/jardin-enchante-papier-cadeau\/#primaryimage"},"image":{"@id":"https:\/\/www.impressionoriginale.com\/fr\/produit\/jardin-enchante-papier-cadeau\/#primaryimage"},"thumbnailUrl":"https:\/\/www.impressionoriginale.com\/wp-content\/uploads\/2018\/07\/IOR-0040EISS1C2018_Jardin_Enchante_wrap_IMPRESSION_ORIGINALE.jpg","datePublished":"2018-07-06T08:32:58+00:00","dateModified":"2025-12-27T21:14:32+00:00","description":"Le papier cadeau No\u00ebl rouge \"jardin enchant\u00e9\" dessin\u00e9 \u00e0 la main par Emily Isabella pour Impression Originale est \u00e9co-responsable et de fabrication fran\u00e7aise.","breadcrumb":{"@id":"https:\/\/www.impressionoriginale.com\/fr\/produit\/jardin-enchante-papier-cadeau\/#breadcrumb"},"inLanguage":"fr-FR","potentialAction":[{"@type":"ReadAction","target":["https:\/\/www.impressionoriginale.com\/fr\/produit\/jardin-enchante-papier-cadeau\/"]}]},{"@type":"ImageObject","inLanguage":"fr-FR","@id":"https:\/\/www.impressionoriginale.com\/fr\/produit\/jardin-enchante-papier-cadeau\/#primaryimage","url":"https:\/\/www.impressionoriginale.com\/wp-content\/uploads\/2018\/07\/IOR-0040EISS1C2018_Jardin_Enchante_wrap_IMPRESSION_ORIGINALE.jpg","contentUrl":"https:\/\/www.impressionoriginale.com\/wp-content\/uploads\/2018\/07\/IOR-0040EISS1C2018_Jardin_Enchante_wrap_IMPRESSION_ORIGINALE.jpg","width":1215,"height":1518,"caption":"Papier cadeau Jardin Enchant\u00e9 IMPRESSION_ORIGINALE"},{"@type":"BreadcrumbList","@id":"https:\/\/www.impressionoriginale.com\/fr\/produit\/jardin-enchante-papier-cadeau\/#breadcrumb","itemListElement":[{"@type":"ListItem","position":1,"name":"Home","item":"https:\/\/www.impressionoriginale.com\/fr\/"},{"@type":"ListItem","position":2,"name":"Boutique","item":"https:\/\/www.impressionoriginale.com\/fr\/boutique\/"},{"@type":"ListItem","position":3,"name":"Jardin Enchant\u00e9 Papier Cadeau"}]},{"@type":"WebSite","@id":"https:\/\/www.impressionoriginale.com\/fr\/#website","url":"https:\/\/www.impressionoriginale.com\/fr\/","name":"Impression Originale","description":"The art of gifting has a new name. The online store for all your wrapping cravings.","publisher":{"@id":"https:\/\/www.impressionoriginale.com\/fr\/#organization"},"potentialAction":[{"@type":"SearchAction","target":{"@type":"EntryPoint","urlTemplate":"https:\/\/www.impressionoriginale.com\/fr\/?s={search_term_string}"},"query-input":{"@type":"PropertyValueSpecification","valueRequired":true,"valueName":"search_term_string"}}],"inLanguage":"fr-FR"},{"@type":"Organization","@id":"https:\/\/www.impressionoriginale.com\/fr\/#organization","name":"Impression Originale","url":"https:\/\/www.impressionoriginale.com\/fr\/","logo":{"@type":"ImageObject","inLanguage":"fr-FR","@id":"https:\/\/www.impressionoriginale.com\/fr\/#\/schema\/logo\/image\/","url":"https:\/\/www.impressionoriginale.com\/wp-content\/uploads\/2021\/08\/LOGO-2020-BLACK.png","contentUrl":"https:\/\/www.impressionoriginale.com\/wp-content\/uploads\/2021\/08\/LOGO-2020-BLACK.png","width":567,"height":567,"caption":"Impression Originale"},"image":{"@id":"https:\/\/www.impressionoriginale.com\/fr\/#\/schema\/logo\/image\/"}}]}},"_links":{"self":[{"href":"https:\/\/www.impressionoriginale.com\/fr\/wp-json\/wp\/v2\/product\/6677","targetHints":{"allow":["GET"]}}],"collection":[{"href":"https:\/\/www.impressionoriginale.com\/fr\/wp-json\/wp\/v2\/product"}],"about":[{"href":"https:\/\/www.impressionoriginale.com\/fr\/wp-json\/wp\/v2\/types\/product"}],"wp:featuredmedia":[{"embeddable":true,"href":"https:\/\/www.impressionoriginale.com\/fr\/wp-json\/wp\/v2\/media\/6523"}],"wp:attachment":[{"href":"https:\/\/www.impressionoriginale.com\/fr\/wp-json\/wp\/v2\/media?parent=6677"}],"wp:term":[{"taxonomy":"product_brand","embeddable":true,"href":"https:\/\/www.impressionoriginale.com\/fr\/wp-json\/wp\/v2\/product_brand?post=6677"},{"taxonomy":"product_cat","embeddable":true,"href":"https:\/\/www.impressionoriginale.com\/fr\/wp-json\/wp\/v2\/product_cat?post=6677"},{"taxonomy":"product_tag","embeddable":true,"href":"https:\/\/www.impressionoriginale.com\/fr\/wp-json\/wp\/v2\/product_tag?post=6677"}],"curies":[{"name":"wp","href":"https:\/\/api.w.org\/{rel}","templated":true}]}}