{"id":6691,"date":"2018-07-20T08:18:41","date_gmt":"2018-07-20T08:18:42","guid":{"rendered":"http:\/\/impressionorig.wpengine.com\/?post_type=product&#038;p=6691"},"modified":"2021-02-10T20:08:31","modified_gmt":"2021-02-10T20:08:31","slug":"venise-californienne-pochette-cadeau-m","status":"publish","type":"product","link":"https:\/\/www.impressionoriginale.com\/fr\/produit\/venise-californienne-pochette-cadeau-m\/","title":{"rendered":"Venise Californienne Pochette Cadeau (M)"},"content":{"rendered":"<p style=\"padding-left: 30px;\"><strong>POIDS<\/strong>\u00a0 \u00a0 \u00a0 \u00a0 \u00a0 \u00a0 \u00a0 \u00a0 \u00a0 \u00a0 \u00a0 \u00a0 200 g \/m<sup>2<\/sup><\/p>\n<p style=\"padding-left: 30px;\"><strong>DIMENSIONS<\/strong>\u00a0 \u00a0 \u00a0 \u00a025,5\u00d719,5x8cm (taille moyenne)<\/p>\n<p style=\"padding-left: 30px;\"><strong>PAPIER<\/strong>\u00a0 \u00a0 \u00a0 \u00a0 \u00a0 \u00a0 \u00a0 \u00a0 \u00a0 \u00a0 \u00a0 Cyclus \u2013 100% recycl\u00e9<\/p>\n<p style=\"padding-left: 30px;\"><strong>ENCRE<\/strong>\u00a0 \u00a0 \u00a0 \u00a0 \u00a0 \u00a0 \u00a0 \u00a0 \u00a0 \u00a0 \u00a0 \u00a0Offset quadri pleine couleur, s\u00e9chage UV, impression recto-verso<\/p>\n<p style=\"padding-left: 30px;\"><strong>ORIGINE<\/strong>\u00a0 \u00a0 \u00a0 \u00a0 \u00a0 \u00a0 \u00a0 \u00a0 \u00a0 \u00a0D\u2019 Angers, France<\/p>\n<p style=\"text-align: justify;\">Dessin\u00e9s par nos artistes du monde entier et mis\u00a0sous pli\u00a0\u00e0 la main par\u00a0nos\u00a0petites f\u00e9es \u00e0 Angers, France.<\/p>\n<p style=\"text-align: justify;\">Nos papiers cadeaux et rubans\u00a0vont\u00a0sublimer vos cadeaux\u00a0\u00e0 la perfection\u00a0et peuvent aussi s\u2019offrir \u00e0 toutes vos autres utilisations cr\u00e9atives, comme la reliure ou les projets artistiques.\u00a0Laissez nos papiers vous\u00a0inspirer, et laissez parler votre cr\u00e9ativit\u00e9\u2026<\/p>\n<p style=\"text-align: justify;\"><em>\u00ab\u00a0Faites de beaux cadeaux et faites des heureux !\u00a0\u00bb<\/em><\/p>\n\n\n","protected":false},"excerpt":{"rendered":"<p><strong>Isabel Serna<\/strong><\/p>\n<p><em>\u00ab\u00a0Venise Californienne\u00a0\u00bb<\/em>\u00a0pochette cadeau<\/p>\n<p>Taille M [25,5(hauteur) x 19,5 (largeur) x 8 (soufflet) cm ]<\/p>\n<p style=\"text-align: justify;\">Bienvenue \u00e0 Venise, la belle Californienne o\u00f9 Isabel\u00a0s\u2019est inspir\u00e9e de ses charmants canaux pour en exprimer l\u2019\u00e9nergie et la vitalit\u00e9. Capitale du street art, entre les fresques murales de Rip Cronk et celles de Jonas Never c\u2019est avec enchantement que nous glissons au fil de l\u2019eau.<\/p>\n<p style=\"text-align: justify;\"><span style=\"color: #000000;\">Ce mod\u00e8le est disponible \u00e9galement en <a href=\"https:\/\/www.impressionoriginale.com\/fr\/produit\/ensemble-venise-californienne\/\" target=\"_blank\" rel=\"noopener noreferrer\"><strong>papier cadeau<\/strong><\/a> et en <a href=\"https:\/\/www.impressionoriginale.com\/fr\/produit\/venise-californienne-pochette-cadeau-m\/\" target=\"_blank\" rel=\"noopener noreferrer\"><strong>bo\u00eete cadeau<\/strong><\/a><strong> (taille M)<\/strong>. Id\u00e9al avec un <a style=\"color: #000000;\" href=\"https:\/\/www.impressionoriginale.com\/fr\/categorie-produit\/noeud-fr\/\" target=\"_blank\" rel=\"noopener noreferrer\"><strong>noeud<\/strong><\/a> pr\u00eat-\u00e0-poser.<\/span><\/p>\n","protected":false},"featured_media":6697,"template":"","meta":[],"product_brand":[],"product_cat":[863,618],"product_tag":[88,983,814,815],"class_list":{"0":"post-6691","1":"product","2":"type-product","3":"status-publish","4":"has-post-thumbnail","6":"product_cat-pochette-cadeau","7":"product_cat-pochette-boite","8":"product_tag-impression-originale-fr-2","9":"product_tag-isabel-serna-fr","10":"product_tag-pochette-cadeau-fr","11":"product_tag-taille-m-fr","13":"first","14":"outofstock","15":"taxable","16":"shipping-taxable","17":"purchasable","18":"product-type-simple"},"bundled_by":[],"bundle_stock_status":"outofstock","bundle_stock_quantity":0,"bundle_virtual":false,"bundle_layout":"","bundle_add_to_cart_form_location":"","bundle_editable_in_cart":false,"bundle_sold_individually_context":"","bundle_item_grouping":"","bundle_min_size":"","bundle_max_size":"","bundle_price":[],"bundled_items":[],"bundle_sell_ids":[],"yoast_head":"<!-- This site is optimized with the Yoast SEO plugin v27.5 - https:\/\/yoast.com\/product\/yoast-seo-wordpress\/ -->\n<title>Venise Californienne Pochette Cadeau (M) - Impression Originale<\/title>\n<meta name=\"description\" content=\"La pochette cadeau design &quot;Venise Californienne &quot; imprim\u00e9e sur du papier \u00e9co-responsable et de fabrication fran\u00e7aise. Fait main par Impression Originale.\" \/>\n<meta name=\"robots\" content=\"index, follow, max-snippet:-1, max-image-preview:large, max-video-preview:-1\" \/>\n<link rel=\"canonical\" href=\"https:\/\/www.impressionoriginale.com\/fr\/produit\/venise-californienne-pochette-cadeau-m\/\" \/>\n<meta property=\"og:locale\" content=\"fr_FR\" \/>\n<meta property=\"og:type\" content=\"article\" \/>\n<meta property=\"og:title\" content=\"Venise Californienne Pochette Cadeau (M) - Impression Originale\" \/>\n<meta property=\"og:description\" content=\"La pochette cadeau design &quot;Venise Californienne &quot; imprim\u00e9e sur du papier \u00e9co-responsable et de fabrication fran\u00e7aise. Fait main par Impression Originale.\" \/>\n<meta property=\"og:url\" content=\"https:\/\/www.impressionoriginale.com\/fr\/produit\/venise-californienne-pochette-cadeau-m\/\" \/>\n<meta property=\"og:site_name\" content=\"Impression Originale\" \/>\n<meta property=\"article:modified_time\" content=\"2021-02-10T20:08:31+00:00\" \/>\n<meta property=\"og:image\" content=\"https:\/\/www.impressionoriginale.com\/wp-content\/uploads\/2018\/07\/IOR-POCM038BLAS1_bis_Venise_Californienne_Bag_IMPRESSION_ORIGINALE.jpg\" \/>\n\t<meta property=\"og:image:width\" content=\"1500\" \/>\n\t<meta property=\"og:image:height\" content=\"2000\" \/>\n\t<meta property=\"og:image:type\" content=\"image\/jpeg\" \/>\n<meta name=\"twitter:card\" content=\"summary_large_image\" \/>\n<script type=\"application\/ld+json\" class=\"yoast-schema-graph\">{\"@context\":\"https:\\\/\\\/schema.org\",\"@graph\":[{\"@type\":\"WebPage\",\"@id\":\"https:\\\/\\\/www.impressionoriginale.com\\\/fr\\\/produit\\\/venise-californienne-pochette-cadeau-m\\\/\",\"url\":\"https:\\\/\\\/www.impressionoriginale.com\\\/fr\\\/produit\\\/venise-californienne-pochette-cadeau-m\\\/\",\"name\":\"Venise Californienne Pochette Cadeau (M) - Impression Originale\",\"isPartOf\":{\"@id\":\"https:\\\/\\\/www.impressionoriginale.com\\\/fr\\\/#website\"},\"primaryImageOfPage\":{\"@id\":\"https:\\\/\\\/www.impressionoriginale.com\\\/fr\\\/produit\\\/venise-californienne-pochette-cadeau-m\\\/#primaryimage\"},\"image\":{\"@id\":\"https:\\\/\\\/www.impressionoriginale.com\\\/fr\\\/produit\\\/venise-californienne-pochette-cadeau-m\\\/#primaryimage\"},\"thumbnailUrl\":\"https:\\\/\\\/www.impressionoriginale.com\\\/wp-content\\\/uploads\\\/2018\\\/07\\\/IOR-POCM038BLAS1_bis_Venise_Californienne_Bag_IMPRESSION_ORIGINALE.jpg\",\"datePublished\":\"2018-07-20T08:18:42+00:00\",\"dateModified\":\"2021-02-10T20:08:31+00:00\",\"description\":\"La pochette cadeau design \\\"Venise Californienne \\\" imprim\u00e9e sur du papier \u00e9co-responsable et de fabrication fran\u00e7aise. Fait main par Impression Originale.\",\"breadcrumb\":{\"@id\":\"https:\\\/\\\/www.impressionoriginale.com\\\/fr\\\/produit\\\/venise-californienne-pochette-cadeau-m\\\/#breadcrumb\"},\"inLanguage\":\"fr-FR\",\"potentialAction\":[{\"@type\":\"ReadAction\",\"target\":[\"https:\\\/\\\/www.impressionoriginale.com\\\/fr\\\/produit\\\/venise-californienne-pochette-cadeau-m\\\/\"]}]},{\"@type\":\"ImageObject\",\"inLanguage\":\"fr-FR\",\"@id\":\"https:\\\/\\\/www.impressionoriginale.com\\\/fr\\\/produit\\\/venise-californienne-pochette-cadeau-m\\\/#primaryimage\",\"url\":\"https:\\\/\\\/www.impressionoriginale.com\\\/wp-content\\\/uploads\\\/2018\\\/07\\\/IOR-POCM038BLAS1_bis_Venise_Californienne_Bag_IMPRESSION_ORIGINALE.jpg\",\"contentUrl\":\"https:\\\/\\\/www.impressionoriginale.com\\\/wp-content\\\/uploads\\\/2018\\\/07\\\/IOR-POCM038BLAS1_bis_Venise_Californienne_Bag_IMPRESSION_ORIGINALE.jpg\",\"width\":1500,\"height\":2000,\"caption\":\"IOR-POCM038BLAS1_bis_Venise_Californienne_Bag_IMPRESSION_ORIGINALE\"},{\"@type\":\"BreadcrumbList\",\"@id\":\"https:\\\/\\\/www.impressionoriginale.com\\\/fr\\\/produit\\\/venise-californienne-pochette-cadeau-m\\\/#breadcrumb\",\"itemListElement\":[{\"@type\":\"ListItem\",\"position\":1,\"name\":\"Home\",\"item\":\"https:\\\/\\\/www.impressionoriginale.com\\\/fr\\\/\"},{\"@type\":\"ListItem\",\"position\":2,\"name\":\"Boutique\",\"item\":\"https:\\\/\\\/www.impressionoriginale.com\\\/fr\\\/boutique\\\/\"},{\"@type\":\"ListItem\",\"position\":3,\"name\":\"Venise Californienne Pochette Cadeau (M)\"}]},{\"@type\":\"WebSite\",\"@id\":\"https:\\\/\\\/www.impressionoriginale.com\\\/fr\\\/#website\",\"url\":\"https:\\\/\\\/www.impressionoriginale.com\\\/fr\\\/\",\"name\":\"Impression Originale\",\"description\":\"The art of gifting has a new name. The online store for all your wrapping cravings.\",\"publisher\":{\"@id\":\"https:\\\/\\\/www.impressionoriginale.com\\\/fr\\\/#organization\"},\"potentialAction\":[{\"@type\":\"SearchAction\",\"target\":{\"@type\":\"EntryPoint\",\"urlTemplate\":\"https:\\\/\\\/www.impressionoriginale.com\\\/fr\\\/?s={search_term_string}\"},\"query-input\":{\"@type\":\"PropertyValueSpecification\",\"valueRequired\":true,\"valueName\":\"search_term_string\"}}],\"inLanguage\":\"fr-FR\"},{\"@type\":\"Organization\",\"@id\":\"https:\\\/\\\/www.impressionoriginale.com\\\/fr\\\/#organization\",\"name\":\"Impression Originale\",\"url\":\"https:\\\/\\\/www.impressionoriginale.com\\\/fr\\\/\",\"logo\":{\"@type\":\"ImageObject\",\"inLanguage\":\"fr-FR\",\"@id\":\"https:\\\/\\\/www.impressionoriginale.com\\\/fr\\\/#\\\/schema\\\/logo\\\/image\\\/\",\"url\":\"https:\\\/\\\/www.impressionoriginale.com\\\/wp-content\\\/uploads\\\/2021\\\/08\\\/LOGO-2020-BLACK.png\",\"contentUrl\":\"https:\\\/\\\/www.impressionoriginale.com\\\/wp-content\\\/uploads\\\/2021\\\/08\\\/LOGO-2020-BLACK.png\",\"width\":567,\"height\":567,\"caption\":\"Impression Originale\"},\"image\":{\"@id\":\"https:\\\/\\\/www.impressionoriginale.com\\\/fr\\\/#\\\/schema\\\/logo\\\/image\\\/\"}}]}<\/script>\n<!-- \/ Yoast SEO plugin. -->","yoast_head_json":{"title":"Venise Californienne Pochette Cadeau (M) - Impression Originale","description":"La pochette cadeau design \"Venise Californienne \" imprim\u00e9e sur du papier \u00e9co-responsable et de fabrication fran\u00e7aise. Fait main par Impression Originale.","robots":{"index":"index","follow":"follow","max-snippet":"max-snippet:-1","max-image-preview":"max-image-preview:large","max-video-preview":"max-video-preview:-1"},"canonical":"https:\/\/www.impressionoriginale.com\/fr\/produit\/venise-californienne-pochette-cadeau-m\/","og_locale":"fr_FR","og_type":"article","og_title":"Venise Californienne Pochette Cadeau (M) - Impression Originale","og_description":"La pochette cadeau design \"Venise Californienne \" imprim\u00e9e sur du papier \u00e9co-responsable et de fabrication fran\u00e7aise. Fait main par Impression Originale.","og_url":"https:\/\/www.impressionoriginale.com\/fr\/produit\/venise-californienne-pochette-cadeau-m\/","og_site_name":"Impression Originale","article_modified_time":"2021-02-10T20:08:31+00:00","og_image":[{"width":1500,"height":2000,"url":"https:\/\/www.impressionoriginale.com\/wp-content\/uploads\/2018\/07\/IOR-POCM038BLAS1_bis_Venise_Californienne_Bag_IMPRESSION_ORIGINALE.jpg","type":"image\/jpeg"}],"twitter_card":"summary_large_image","schema":{"@context":"https:\/\/schema.org","@graph":[{"@type":"WebPage","@id":"https:\/\/www.impressionoriginale.com\/fr\/produit\/venise-californienne-pochette-cadeau-m\/","url":"https:\/\/www.impressionoriginale.com\/fr\/produit\/venise-californienne-pochette-cadeau-m\/","name":"Venise Californienne Pochette Cadeau (M) - Impression Originale","isPartOf":{"@id":"https:\/\/www.impressionoriginale.com\/fr\/#website"},"primaryImageOfPage":{"@id":"https:\/\/www.impressionoriginale.com\/fr\/produit\/venise-californienne-pochette-cadeau-m\/#primaryimage"},"image":{"@id":"https:\/\/www.impressionoriginale.com\/fr\/produit\/venise-californienne-pochette-cadeau-m\/#primaryimage"},"thumbnailUrl":"https:\/\/www.impressionoriginale.com\/wp-content\/uploads\/2018\/07\/IOR-POCM038BLAS1_bis_Venise_Californienne_Bag_IMPRESSION_ORIGINALE.jpg","datePublished":"2018-07-20T08:18:42+00:00","dateModified":"2021-02-10T20:08:31+00:00","description":"La pochette cadeau design \"Venise Californienne \" imprim\u00e9e sur du papier \u00e9co-responsable et de fabrication fran\u00e7aise. Fait main par Impression Originale.","breadcrumb":{"@id":"https:\/\/www.impressionoriginale.com\/fr\/produit\/venise-californienne-pochette-cadeau-m\/#breadcrumb"},"inLanguage":"fr-FR","potentialAction":[{"@type":"ReadAction","target":["https:\/\/www.impressionoriginale.com\/fr\/produit\/venise-californienne-pochette-cadeau-m\/"]}]},{"@type":"ImageObject","inLanguage":"fr-FR","@id":"https:\/\/www.impressionoriginale.com\/fr\/produit\/venise-californienne-pochette-cadeau-m\/#primaryimage","url":"https:\/\/www.impressionoriginale.com\/wp-content\/uploads\/2018\/07\/IOR-POCM038BLAS1_bis_Venise_Californienne_Bag_IMPRESSION_ORIGINALE.jpg","contentUrl":"https:\/\/www.impressionoriginale.com\/wp-content\/uploads\/2018\/07\/IOR-POCM038BLAS1_bis_Venise_Californienne_Bag_IMPRESSION_ORIGINALE.jpg","width":1500,"height":2000,"caption":"IOR-POCM038BLAS1_bis_Venise_Californienne_Bag_IMPRESSION_ORIGINALE"},{"@type":"BreadcrumbList","@id":"https:\/\/www.impressionoriginale.com\/fr\/produit\/venise-californienne-pochette-cadeau-m\/#breadcrumb","itemListElement":[{"@type":"ListItem","position":1,"name":"Home","item":"https:\/\/www.impressionoriginale.com\/fr\/"},{"@type":"ListItem","position":2,"name":"Boutique","item":"https:\/\/www.impressionoriginale.com\/fr\/boutique\/"},{"@type":"ListItem","position":3,"name":"Venise Californienne Pochette Cadeau (M)"}]},{"@type":"WebSite","@id":"https:\/\/www.impressionoriginale.com\/fr\/#website","url":"https:\/\/www.impressionoriginale.com\/fr\/","name":"Impression Originale","description":"The art of gifting has a new name. The online store for all your wrapping cravings.","publisher":{"@id":"https:\/\/www.impressionoriginale.com\/fr\/#organization"},"potentialAction":[{"@type":"SearchAction","target":{"@type":"EntryPoint","urlTemplate":"https:\/\/www.impressionoriginale.com\/fr\/?s={search_term_string}"},"query-input":{"@type":"PropertyValueSpecification","valueRequired":true,"valueName":"search_term_string"}}],"inLanguage":"fr-FR"},{"@type":"Organization","@id":"https:\/\/www.impressionoriginale.com\/fr\/#organization","name":"Impression Originale","url":"https:\/\/www.impressionoriginale.com\/fr\/","logo":{"@type":"ImageObject","inLanguage":"fr-FR","@id":"https:\/\/www.impressionoriginale.com\/fr\/#\/schema\/logo\/image\/","url":"https:\/\/www.impressionoriginale.com\/wp-content\/uploads\/2021\/08\/LOGO-2020-BLACK.png","contentUrl":"https:\/\/www.impressionoriginale.com\/wp-content\/uploads\/2021\/08\/LOGO-2020-BLACK.png","width":567,"height":567,"caption":"Impression Originale"},"image":{"@id":"https:\/\/www.impressionoriginale.com\/fr\/#\/schema\/logo\/image\/"}}]}},"_links":{"self":[{"href":"https:\/\/www.impressionoriginale.com\/fr\/wp-json\/wp\/v2\/product\/6691","targetHints":{"allow":["GET"]}}],"collection":[{"href":"https:\/\/www.impressionoriginale.com\/fr\/wp-json\/wp\/v2\/product"}],"about":[{"href":"https:\/\/www.impressionoriginale.com\/fr\/wp-json\/wp\/v2\/types\/product"}],"wp:featuredmedia":[{"embeddable":true,"href":"https:\/\/www.impressionoriginale.com\/fr\/wp-json\/wp\/v2\/media\/6697"}],"wp:attachment":[{"href":"https:\/\/www.impressionoriginale.com\/fr\/wp-json\/wp\/v2\/media?parent=6691"}],"wp:term":[{"taxonomy":"product_brand","embeddable":true,"href":"https:\/\/www.impressionoriginale.com\/fr\/wp-json\/wp\/v2\/product_brand?post=6691"},{"taxonomy":"product_cat","embeddable":true,"href":"https:\/\/www.impressionoriginale.com\/fr\/wp-json\/wp\/v2\/product_cat?post=6691"},{"taxonomy":"product_tag","embeddable":true,"href":"https:\/\/www.impressionoriginale.com\/fr\/wp-json\/wp\/v2\/product_tag?post=6691"}],"curies":[{"name":"wp","href":"https:\/\/api.w.org\/{rel}","templated":true}]}}