{"id":6804,"date":"2018-08-08T14:00:59","date_gmt":"2018-08-08T14:01:00","guid":{"rendered":"http:\/\/impressionorig.wpengine.com\/?post_type=product&#038;p=6804"},"modified":"2024-05-20T11:09:39","modified_gmt":"2024-05-20T11:09:39","slug":"sur-laile-des-oiseaux-boite-cadeau-l","status":"publish","type":"product","link":"https:\/\/www.impressionoriginale.com\/fr\/produit\/sur-laile-des-oiseaux-boite-cadeau-l\/","title":{"rendered":"Sur l&rsquo;aile des oiseaux Bo\u00eete Cadeau (L)"},"content":{"rendered":"<p style=\"padding-left: 30px;\"><strong>POIDS<\/strong>\u00a0 \u00a0 \u00a0 \u00a0 \u00a0 \u00a0 \u00a0 \u00a0 \u00a0 \u00a0 \u00a0 \u00a0 350 g \/m<sup>2<\/sup><\/p>\n<p style=\"padding-left: 30px;\"><strong>DIMENSIONS<\/strong>\u00a0 \u00a0 \u00a0 \u00a025 x 25 x 7 cm (taille L)<\/p>\n<p style=\"padding-left: 30px;\"><strong>PAPIER<\/strong>\u00a0 \u00a0 \u00a0 \u00a0 \u00a0 \u00a0 \u00a0 \u00a0 \u00a0 \u00a0 \u00a0 FSC \u2013 certifi\u00e9<\/p>\n<p style=\"padding-left: 30px;\"><strong>ENCRE<\/strong>\u00a0 \u00a0 \u00a0 \u00a0 \u00a0 \u00a0 \u00a0 \u00a0 \u00a0 \u00a0 \u00a0 \u00a0PANTONE m\u00e9tallique, Offset quadri pleine couleur, s\u00e9chage UV, impression recto-verso<\/p>\n<p style=\"padding-left: 30px;\"><strong>ORIGINE<\/strong>\u00a0 \u00a0 \u00a0 \u00a0 \u00a0 \u00a0 \u00a0 \u00a0 \u00a0 \u00a0Angers, France<\/p>\n<p style=\"text-align: justify;\">Dessin\u00e9s par nos artistes du monde entier et mis\u00a0sous pli\u00a0\u00e0 la main par\u00a0nos\u00a0petites f\u00e9es \u00e0 Angers, France.<\/p>\n<p style=\"text-align: justify;\">Nous vous proposons de sublimer vos cadeaux\u00a0\u00e0 la perfection\u00a0ou de vous lancer dans des utilisations cr\u00e9atives de nos produits ch\u00e9ris, comme la reliure ou les projets artistiques.\u00a0Laissez nos design vous\u00a0inspirer, et laissez parler votre cr\u00e9ativit\u00e9\u2026<\/p>\n<p style=\"text-align: justify;\"><em>\u00ab\u00a0Faites de beaux cadeaux et faites des heureux !\u00a0\u00bb<\/em><\/p>\n\n\n","protected":false},"excerpt":{"rendered":"<p><strong>Ayako\u00a0Furness<\/strong><\/p>\n<h5><em>\u00ab\u00a0Sur l&rsquo;aile des oiseaux\u00a0\u00bb<\/em>\u00a0bo\u00eete cadeau<\/h5>\n<p>Taille L [25 (L) x 25 (l) x 7 (h) cm]<\/p>\n<p style=\"text-align: justify;\">Quelques battements d\u2019ailes \u00e0 la beaut\u00e9 r\u00e9tro nous font toucher du doigt le \u201c<em>monde somptueux de formes et de couleurs<\/em>\u201d de l\u2019incroyable entomologiste Eug\u00e8ne S\u00e9guy. Cet homme surdou\u00e9 a r\u00e9volutionn\u00e9 la repr\u00e9sentation des insectes en s\u2019inspirant des courants Art D\u00e9co et Art Nouveau. Ayako s\u2019en est inspir\u00e9e pour nous faire partager un moment magique.<\/p>\n<p style=\"text-align: justify;\">Existe aussi dans ce mod\u00e8le en <a href=\"https:\/\/www.impressionoriginale.com\/fr\/produit\/ensemble-sur-laile-des-oiseaux\/\" target=\"_blank\" rel=\"noopener noreferrer\"><strong>papier cadeau<\/strong><\/a> et <a href=\"https:\/\/www.impressionoriginale.com\/fr\/produit\/sur-laile-des-oiseaux-pochette-cadeau-m\/\" target=\"_blank\" rel=\"noopener noreferrer\"><strong>pochette cadeau<\/strong><\/a>.<\/p>\n<p style=\"text-align: center;\"><em>Note : notre bo\u00eete cadeau est envoy\u00e9e \u00e0 plat. Le montage est simple en moins de 10 secondes. Et voil\u00e0 le r\u00e9sultat !<\/em><\/p>\n","protected":false},"featured_media":6633,"template":"","meta":[],"product_brand":[],"product_cat":[862,618],"product_tag":[353,998,88,979,1002],"class_list":{"0":"post-6804","1":"product","2":"type-product","3":"status-publish","4":"has-post-thumbnail","6":"product_cat-boite-cadeau","7":"product_cat-pochette-boite","8":"product_tag-ayako-furness-fr-2","9":"product_tag-boites-cadeaux","10":"product_tag-impression-originale-fr-2","11":"product_tag-luxe-fr-2","12":"product_tag-taille-l-fr","14":"first","15":"outofstock","16":"taxable","17":"shipping-taxable","18":"purchasable","19":"product-type-simple"},"bundled_by":["9736"],"bundle_stock_status":"outofstock","bundle_stock_quantity":0,"bundle_virtual":false,"bundle_layout":"","bundle_add_to_cart_form_location":"","bundle_editable_in_cart":false,"bundle_sold_individually_context":"","bundle_item_grouping":"","bundle_min_size":"","bundle_max_size":"","bundle_price":[],"bundled_items":[],"bundle_sell_ids":[],"yoast_head":"<!-- This site is optimized with the Yoast SEO plugin v27.3 - https:\/\/yoast.com\/product\/yoast-seo-wordpress\/ -->\n<title>Sur l&#039;aile des oiseaux Bo\u00eete Cadeau (L) - Impression Originale<\/title>\n<meta name=\"description\" content=\"Grande Bo\u00eete cadeau luxe &quot;Sur l&#039;aile des oiseaux&quot;. Papier \u00e9co-responsable. Fabrication fran\u00e7aise \u00e0 monter soi-m\u00eame. Fait main par Impression Originale.\" \/>\n<meta name=\"robots\" content=\"index, follow, max-snippet:-1, max-image-preview:large, max-video-preview:-1\" \/>\n<link rel=\"canonical\" href=\"https:\/\/www.impressionoriginale.com\/fr\/produit\/sur-laile-des-oiseaux-boite-cadeau-l\/\" \/>\n<meta property=\"og:locale\" content=\"fr_FR\" \/>\n<meta property=\"og:type\" content=\"article\" \/>\n<meta property=\"og:title\" content=\"Sur l&#039;aile des oiseaux Bo\u00eete Cadeau (L) - Impression Originale\" \/>\n<meta property=\"og:description\" content=\"Grande Bo\u00eete cadeau luxe &quot;Sur l&#039;aile des oiseaux&quot;. Papier \u00e9co-responsable. Fabrication fran\u00e7aise \u00e0 monter soi-m\u00eame. Fait main par Impression Originale.\" \/>\n<meta property=\"og:url\" content=\"https:\/\/www.impressionoriginale.com\/fr\/produit\/sur-laile-des-oiseaux-boite-cadeau-l\/\" \/>\n<meta property=\"og:site_name\" content=\"Impression Originale\" \/>\n<meta property=\"article:modified_time\" content=\"2024-05-20T11:09:39+00:00\" \/>\n<meta property=\"og:image\" content=\"https:\/\/www.impressionoriginale.com\/wp-content\/uploads\/2018\/07\/IOR-BOIL024AFUS1_Sur_laile_des_oiseaux_box_IMPRESSION_ORIGINALE.jpg\" \/>\n\t<meta property=\"og:image:width\" content=\"1333\" \/>\n\t<meta property=\"og:image:height\" content=\"2000\" \/>\n\t<meta property=\"og:image:type\" content=\"image\/jpeg\" \/>\n<meta name=\"twitter:card\" content=\"summary_large_image\" \/>\n<script type=\"application\/ld+json\" class=\"yoast-schema-graph\">{\"@context\":\"https:\\\/\\\/schema.org\",\"@graph\":[{\"@type\":\"WebPage\",\"@id\":\"https:\\\/\\\/www.impressionoriginale.com\\\/fr\\\/produit\\\/sur-laile-des-oiseaux-boite-cadeau-l\\\/\",\"url\":\"https:\\\/\\\/www.impressionoriginale.com\\\/fr\\\/produit\\\/sur-laile-des-oiseaux-boite-cadeau-l\\\/\",\"name\":\"Sur l'aile des oiseaux Bo\u00eete Cadeau (L) - Impression Originale\",\"isPartOf\":{\"@id\":\"https:\\\/\\\/www.impressionoriginale.com\\\/fr\\\/#website\"},\"primaryImageOfPage\":{\"@id\":\"https:\\\/\\\/www.impressionoriginale.com\\\/fr\\\/produit\\\/sur-laile-des-oiseaux-boite-cadeau-l\\\/#primaryimage\"},\"image\":{\"@id\":\"https:\\\/\\\/www.impressionoriginale.com\\\/fr\\\/produit\\\/sur-laile-des-oiseaux-boite-cadeau-l\\\/#primaryimage\"},\"thumbnailUrl\":\"https:\\\/\\\/www.impressionoriginale.com\\\/wp-content\\\/uploads\\\/2018\\\/07\\\/IOR-BOIL024AFUS1_Sur_laile_des_oiseaux_box_IMPRESSION_ORIGINALE.jpg\",\"datePublished\":\"2018-08-08T14:01:00+00:00\",\"dateModified\":\"2024-05-20T11:09:39+00:00\",\"description\":\"Grande Bo\u00eete cadeau luxe \\\"Sur l'aile des oiseaux\\\". Papier \u00e9co-responsable. Fabrication fran\u00e7aise \u00e0 monter soi-m\u00eame. Fait main par Impression Originale.\",\"breadcrumb\":{\"@id\":\"https:\\\/\\\/www.impressionoriginale.com\\\/fr\\\/produit\\\/sur-laile-des-oiseaux-boite-cadeau-l\\\/#breadcrumb\"},\"inLanguage\":\"fr-FR\",\"potentialAction\":[{\"@type\":\"ReadAction\",\"target\":[\"https:\\\/\\\/www.impressionoriginale.com\\\/fr\\\/produit\\\/sur-laile-des-oiseaux-boite-cadeau-l\\\/\"]}]},{\"@type\":\"ImageObject\",\"inLanguage\":\"fr-FR\",\"@id\":\"https:\\\/\\\/www.impressionoriginale.com\\\/fr\\\/produit\\\/sur-laile-des-oiseaux-boite-cadeau-l\\\/#primaryimage\",\"url\":\"https:\\\/\\\/www.impressionoriginale.com\\\/wp-content\\\/uploads\\\/2018\\\/07\\\/IOR-BOIL024AFUS1_Sur_laile_des_oiseaux_box_IMPRESSION_ORIGINALE.jpg\",\"contentUrl\":\"https:\\\/\\\/www.impressionoriginale.com\\\/wp-content\\\/uploads\\\/2018\\\/07\\\/IOR-BOIL024AFUS1_Sur_laile_des_oiseaux_box_IMPRESSION_ORIGINALE.jpg\",\"width\":1333,\"height\":2000,\"caption\":\"IOR-BOIL024AFUS1_Sur_laile_des_oiseaux_box_IMPRESSION_ORIGINALE\"},{\"@type\":\"BreadcrumbList\",\"@id\":\"https:\\\/\\\/www.impressionoriginale.com\\\/fr\\\/produit\\\/sur-laile-des-oiseaux-boite-cadeau-l\\\/#breadcrumb\",\"itemListElement\":[{\"@type\":\"ListItem\",\"position\":1,\"name\":\"Home\",\"item\":\"https:\\\/\\\/www.impressionoriginale.com\\\/fr\\\/\"},{\"@type\":\"ListItem\",\"position\":2,\"name\":\"Boutique\",\"item\":\"https:\\\/\\\/www.impressionoriginale.com\\\/fr\\\/boutique\\\/\"},{\"@type\":\"ListItem\",\"position\":3,\"name\":\"Sur l&#8217;aile des oiseaux Bo\u00eete Cadeau (L)\"}]},{\"@type\":\"WebSite\",\"@id\":\"https:\\\/\\\/www.impressionoriginale.com\\\/fr\\\/#website\",\"url\":\"https:\\\/\\\/www.impressionoriginale.com\\\/fr\\\/\",\"name\":\"Impression Originale\",\"description\":\"The art of gifting has a new name. The online store for all your wrapping cravings.\",\"publisher\":{\"@id\":\"https:\\\/\\\/www.impressionoriginale.com\\\/fr\\\/#organization\"},\"potentialAction\":[{\"@type\":\"SearchAction\",\"target\":{\"@type\":\"EntryPoint\",\"urlTemplate\":\"https:\\\/\\\/www.impressionoriginale.com\\\/fr\\\/?s={search_term_string}\"},\"query-input\":{\"@type\":\"PropertyValueSpecification\",\"valueRequired\":true,\"valueName\":\"search_term_string\"}}],\"inLanguage\":\"fr-FR\"},{\"@type\":\"Organization\",\"@id\":\"https:\\\/\\\/www.impressionoriginale.com\\\/fr\\\/#organization\",\"name\":\"Impression Originale\",\"url\":\"https:\\\/\\\/www.impressionoriginale.com\\\/fr\\\/\",\"logo\":{\"@type\":\"ImageObject\",\"inLanguage\":\"fr-FR\",\"@id\":\"https:\\\/\\\/www.impressionoriginale.com\\\/fr\\\/#\\\/schema\\\/logo\\\/image\\\/\",\"url\":\"https:\\\/\\\/www.impressionoriginale.com\\\/wp-content\\\/uploads\\\/2021\\\/08\\\/LOGO-2020-BLACK.png\",\"contentUrl\":\"https:\\\/\\\/www.impressionoriginale.com\\\/wp-content\\\/uploads\\\/2021\\\/08\\\/LOGO-2020-BLACK.png\",\"width\":567,\"height\":567,\"caption\":\"Impression Originale\"},\"image\":{\"@id\":\"https:\\\/\\\/www.impressionoriginale.com\\\/fr\\\/#\\\/schema\\\/logo\\\/image\\\/\"}}]}<\/script>\n<!-- \/ Yoast SEO plugin. -->","yoast_head_json":{"title":"Sur l'aile des oiseaux Bo\u00eete Cadeau (L) - Impression Originale","description":"Grande Bo\u00eete cadeau luxe \"Sur l'aile des oiseaux\". Papier \u00e9co-responsable. Fabrication fran\u00e7aise \u00e0 monter soi-m\u00eame. Fait main par Impression Originale.","robots":{"index":"index","follow":"follow","max-snippet":"max-snippet:-1","max-image-preview":"max-image-preview:large","max-video-preview":"max-video-preview:-1"},"canonical":"https:\/\/www.impressionoriginale.com\/fr\/produit\/sur-laile-des-oiseaux-boite-cadeau-l\/","og_locale":"fr_FR","og_type":"article","og_title":"Sur l'aile des oiseaux Bo\u00eete Cadeau (L) - Impression Originale","og_description":"Grande Bo\u00eete cadeau luxe \"Sur l'aile des oiseaux\". Papier \u00e9co-responsable. Fabrication fran\u00e7aise \u00e0 monter soi-m\u00eame. Fait main par Impression Originale.","og_url":"https:\/\/www.impressionoriginale.com\/fr\/produit\/sur-laile-des-oiseaux-boite-cadeau-l\/","og_site_name":"Impression Originale","article_modified_time":"2024-05-20T11:09:39+00:00","og_image":[{"width":1333,"height":2000,"url":"https:\/\/www.impressionoriginale.com\/wp-content\/uploads\/2018\/07\/IOR-BOIL024AFUS1_Sur_laile_des_oiseaux_box_IMPRESSION_ORIGINALE.jpg","type":"image\/jpeg"}],"twitter_card":"summary_large_image","schema":{"@context":"https:\/\/schema.org","@graph":[{"@type":"WebPage","@id":"https:\/\/www.impressionoriginale.com\/fr\/produit\/sur-laile-des-oiseaux-boite-cadeau-l\/","url":"https:\/\/www.impressionoriginale.com\/fr\/produit\/sur-laile-des-oiseaux-boite-cadeau-l\/","name":"Sur l'aile des oiseaux Bo\u00eete Cadeau (L) - Impression Originale","isPartOf":{"@id":"https:\/\/www.impressionoriginale.com\/fr\/#website"},"primaryImageOfPage":{"@id":"https:\/\/www.impressionoriginale.com\/fr\/produit\/sur-laile-des-oiseaux-boite-cadeau-l\/#primaryimage"},"image":{"@id":"https:\/\/www.impressionoriginale.com\/fr\/produit\/sur-laile-des-oiseaux-boite-cadeau-l\/#primaryimage"},"thumbnailUrl":"https:\/\/www.impressionoriginale.com\/wp-content\/uploads\/2018\/07\/IOR-BOIL024AFUS1_Sur_laile_des_oiseaux_box_IMPRESSION_ORIGINALE.jpg","datePublished":"2018-08-08T14:01:00+00:00","dateModified":"2024-05-20T11:09:39+00:00","description":"Grande Bo\u00eete cadeau luxe \"Sur l'aile des oiseaux\". Papier \u00e9co-responsable. Fabrication fran\u00e7aise \u00e0 monter soi-m\u00eame. Fait main par Impression Originale.","breadcrumb":{"@id":"https:\/\/www.impressionoriginale.com\/fr\/produit\/sur-laile-des-oiseaux-boite-cadeau-l\/#breadcrumb"},"inLanguage":"fr-FR","potentialAction":[{"@type":"ReadAction","target":["https:\/\/www.impressionoriginale.com\/fr\/produit\/sur-laile-des-oiseaux-boite-cadeau-l\/"]}]},{"@type":"ImageObject","inLanguage":"fr-FR","@id":"https:\/\/www.impressionoriginale.com\/fr\/produit\/sur-laile-des-oiseaux-boite-cadeau-l\/#primaryimage","url":"https:\/\/www.impressionoriginale.com\/wp-content\/uploads\/2018\/07\/IOR-BOIL024AFUS1_Sur_laile_des_oiseaux_box_IMPRESSION_ORIGINALE.jpg","contentUrl":"https:\/\/www.impressionoriginale.com\/wp-content\/uploads\/2018\/07\/IOR-BOIL024AFUS1_Sur_laile_des_oiseaux_box_IMPRESSION_ORIGINALE.jpg","width":1333,"height":2000,"caption":"IOR-BOIL024AFUS1_Sur_laile_des_oiseaux_box_IMPRESSION_ORIGINALE"},{"@type":"BreadcrumbList","@id":"https:\/\/www.impressionoriginale.com\/fr\/produit\/sur-laile-des-oiseaux-boite-cadeau-l\/#breadcrumb","itemListElement":[{"@type":"ListItem","position":1,"name":"Home","item":"https:\/\/www.impressionoriginale.com\/fr\/"},{"@type":"ListItem","position":2,"name":"Boutique","item":"https:\/\/www.impressionoriginale.com\/fr\/boutique\/"},{"@type":"ListItem","position":3,"name":"Sur l&#8217;aile des oiseaux Bo\u00eete Cadeau (L)"}]},{"@type":"WebSite","@id":"https:\/\/www.impressionoriginale.com\/fr\/#website","url":"https:\/\/www.impressionoriginale.com\/fr\/","name":"Impression Originale","description":"The art of gifting has a new name. The online store for all your wrapping cravings.","publisher":{"@id":"https:\/\/www.impressionoriginale.com\/fr\/#organization"},"potentialAction":[{"@type":"SearchAction","target":{"@type":"EntryPoint","urlTemplate":"https:\/\/www.impressionoriginale.com\/fr\/?s={search_term_string}"},"query-input":{"@type":"PropertyValueSpecification","valueRequired":true,"valueName":"search_term_string"}}],"inLanguage":"fr-FR"},{"@type":"Organization","@id":"https:\/\/www.impressionoriginale.com\/fr\/#organization","name":"Impression Originale","url":"https:\/\/www.impressionoriginale.com\/fr\/","logo":{"@type":"ImageObject","inLanguage":"fr-FR","@id":"https:\/\/www.impressionoriginale.com\/fr\/#\/schema\/logo\/image\/","url":"https:\/\/www.impressionoriginale.com\/wp-content\/uploads\/2021\/08\/LOGO-2020-BLACK.png","contentUrl":"https:\/\/www.impressionoriginale.com\/wp-content\/uploads\/2021\/08\/LOGO-2020-BLACK.png","width":567,"height":567,"caption":"Impression Originale"},"image":{"@id":"https:\/\/www.impressionoriginale.com\/fr\/#\/schema\/logo\/image\/"}}]}},"_links":{"self":[{"href":"https:\/\/www.impressionoriginale.com\/fr\/wp-json\/wp\/v2\/product\/6804","targetHints":{"allow":["GET"]}}],"collection":[{"href":"https:\/\/www.impressionoriginale.com\/fr\/wp-json\/wp\/v2\/product"}],"about":[{"href":"https:\/\/www.impressionoriginale.com\/fr\/wp-json\/wp\/v2\/types\/product"}],"wp:featuredmedia":[{"embeddable":true,"href":"https:\/\/www.impressionoriginale.com\/fr\/wp-json\/wp\/v2\/media\/6633"}],"wp:attachment":[{"href":"https:\/\/www.impressionoriginale.com\/fr\/wp-json\/wp\/v2\/media?parent=6804"}],"wp:term":[{"taxonomy":"product_brand","embeddable":true,"href":"https:\/\/www.impressionoriginale.com\/fr\/wp-json\/wp\/v2\/product_brand?post=6804"},{"taxonomy":"product_cat","embeddable":true,"href":"https:\/\/www.impressionoriginale.com\/fr\/wp-json\/wp\/v2\/product_cat?post=6804"},{"taxonomy":"product_tag","embeddable":true,"href":"https:\/\/www.impressionoriginale.com\/fr\/wp-json\/wp\/v2\/product_tag?post=6804"}],"curies":[{"name":"wp","href":"https:\/\/api.w.org\/{rel}","templated":true}]}}