{"id":6825,"date":"2018-09-06T10:01:49","date_gmt":"2018-09-06T10:01:50","guid":{"rendered":"http:\/\/impressionorig.wpengine.com\/?post_type=product&#038;p=6825"},"modified":"2022-08-18T17:34:49","modified_gmt":"2022-08-18T17:34:49","slug":"amazones-sublimes-boite-cadeau-s","status":"publish","type":"product","link":"https:\/\/www.impressionoriginale.com\/fr\/produit\/amazones-sublimes-boite-cadeau-s\/","title":{"rendered":"Amazones Sublimes Bo\u00eete Cadeau (S)"},"content":{"rendered":"<p style=\"padding-left: 30px;\"><strong>POIDS<\/strong>\u00a0 \u00a0 \u00a0 \u00a0 \u00a0 \u00a0 \u00a0 \u00a0 \u00a0 \u00a0 \u00a0 \u00a0 350 g \/m<sup>2<\/sup><\/p>\n<p style=\"padding-left: 30px;\"><strong>DIMENSIONS<\/strong>\u00a0 \u00a0 \u00a0 \u00a010 x 10 x 5 cm (taille S)<\/p>\n<p style=\"padding-left: 30px;\"><strong>PAPIER<\/strong>\u00a0 \u00a0 \u00a0 \u00a0 \u00a0 \u00a0 \u00a0 \u00a0 \u00a0 \u00a0 \u00a0 FSC \u2013 certifi\u00e9<\/p>\n<p style=\"padding-left: 30px;\"><strong>ENCRE<\/strong>\u00a0 \u00a0 \u00a0 \u00a0 \u00a0 \u00a0 \u00a0 \u00a0 \u00a0 \u00a0 \u00a0 \u00a0Offset quadri pleine couleur, s\u00e9chage UV, impression recto-verso<\/p>\n<p style=\"padding-left: 30px;\"><strong>ORIGINE<\/strong>\u00a0 \u00a0 \u00a0 \u00a0 \u00a0 \u00a0 \u00a0 \u00a0 \u00a0 \u00a0Angers, France<\/p>\n<p style=\"text-align: justify;\">Dessin\u00e9s par nos artistes du monde entier et mis\u00a0sous pli\u00a0\u00e0 la main par\u00a0nos\u00a0petites f\u00e9es \u00e0 Angers, France.<\/p>\n<p style=\"text-align: justify;\">Nous vous proposons de sublimer vos cadeaux\u00a0\u00e0 la perfection\u00a0ou de vous lancer dans des utilisations cr\u00e9atives de nos produits ch\u00e9ris, comme la reliure ou les projets artistiques.\u00a0Laissez nos design vous\u00a0inspirer, et laissez parler votre cr\u00e9ativit\u00e9\u2026<\/p>\n<p style=\"text-align: justify;\"><em>\u00ab\u00a0Faites de beaux cadeaux et faites des heureux !\u00a0\u00bb<\/em><\/p>\n\n\n","protected":false},"excerpt":{"rendered":"<p><strong>Quentin Monge<\/strong><\/p>\n<h5><em>\u00ab\u00a0Amazones Sublimes\u00a0\u00bb<\/em>\u00a0bo\u00eete cadeau<\/h5>\n<p>Taille S [10 (L) x 10 (l) x 5 (h) cm]<\/p>\n<p style=\"text-align: justify;\">Achille, H\u00e9racl\u00e8s, Th\u00e9s\u00e9e ou Priam vous diront qu\u2019ils les ont aim\u00e9es tout autant qu\u2019ils n\u2019ont cess\u00e9 de vouloir les dominer. Sublimes Amazones. Femmes de pouvoir et cavali\u00e8res aguerries, entre mythes et r\u00e9alit\u00e9s, c\u2019est dans un myst\u00e9rieux parfum qu\u2019elles s\u2019annoncent. Quentin les envole avec l\u00e9g\u00e8ret\u00e9 entre deux voltiges dans la douceur d\u2019un soir d\u2019ocre.<\/p>\n<p style=\"text-align: justify;\">Existe aussi dans ce mod\u00e8le en <a href=\"https:\/\/www.impressionoriginale.com\/fr\/produit\/ensemble-amazones-sublimes\/\" target=\"_blank\" rel=\"noopener noreferrer\"><strong>papier cadeau<\/strong><\/a>. La bo\u00eete cadeau est id\u00e9ale avec un joli <a href=\"https:\/\/www.impressionoriginale.com\/fr\/produit\/ruban-satin-bleu-marine-n225-15mm\/\" target=\"_blank\" rel=\"noopener noreferrer\"><strong>ruban satin bleu marine<\/strong><\/a>.<\/p>\n<p style=\"text-align: center;\"><em>Note : notre bo\u00eete cadeau est envoy\u00e9e \u00e0 plat. Le montage est simple en moins de 10 secondes. Et voil\u00e0 le r\u00e9sultat !<\/em><\/p>\n","protected":false},"featured_media":6595,"template":"","meta":[],"product_brand":[],"product_cat":[862,618],"product_tag":[998,88,890,759],"class_list":{"0":"post-6825","1":"product","2":"type-product","3":"status-publish","4":"has-post-thumbnail","6":"product_cat-boite-cadeau","7":"product_cat-pochette-boite","8":"product_tag-boites-cadeaux","9":"product_tag-impression-originale-fr-2","10":"product_tag-quentin-monge-fr-2","11":"product_tag-taille-s-fr","13":"first","14":"outofstock","15":"taxable","16":"shipping-taxable","17":"purchasable","18":"product-type-simple"},"bundled_by":["6837"],"bundle_stock_status":"outofstock","bundle_stock_quantity":0,"bundle_virtual":false,"bundle_layout":"","bundle_add_to_cart_form_location":"","bundle_editable_in_cart":false,"bundle_sold_individually_context":"","bundle_item_grouping":"","bundle_min_size":"","bundle_max_size":"","bundle_price":[],"bundled_items":[],"bundle_sell_ids":[],"yoast_head":"<!-- This site is optimized with the Yoast SEO plugin v27.5 - https:\/\/yoast.com\/product\/yoast-seo-wordpress\/ -->\n<title>Amazones Sublimes Bo\u00eete Cadeau (S) - Impression Originale<\/title>\n<meta name=\"description\" content=\"Bo\u00eete cadeau design cheval &quot;Amazone Sublime&quot; taille S dessin\u00e9e par Quentin Monge pour Impression Originale est \u00e9co-responsable. Fabrication fran\u00e7aise.\" \/>\n<meta name=\"robots\" content=\"index, follow, max-snippet:-1, max-image-preview:large, max-video-preview:-1\" \/>\n<link rel=\"canonical\" href=\"https:\/\/www.impressionoriginale.com\/fr\/produit\/amazones-sublimes-boite-cadeau-s\/\" \/>\n<meta property=\"og:locale\" content=\"fr_FR\" \/>\n<meta property=\"og:type\" content=\"article\" \/>\n<meta property=\"og:title\" content=\"Amazones Sublimes Bo\u00eete Cadeau (S) - Impression Originale\" \/>\n<meta property=\"og:description\" content=\"Bo\u00eete cadeau design cheval &quot;Amazone Sublime&quot; taille S dessin\u00e9e par Quentin Monge pour Impression Originale est \u00e9co-responsable. Fabrication fran\u00e7aise.\" \/>\n<meta property=\"og:url\" content=\"https:\/\/www.impressionoriginale.com\/fr\/produit\/amazones-sublimes-boite-cadeau-s\/\" \/>\n<meta property=\"og:site_name\" content=\"Impression Originale\" \/>\n<meta property=\"article:modified_time\" content=\"2022-08-18T17:34:49+00:00\" \/>\n<meta property=\"og:image\" content=\"https:\/\/www.impressionoriginale.com\/wp-content\/uploads\/2018\/07\/IOR-BOIS035QMOS1_Sublime_Amazone_box_IMPRESSION_ORIGINALE.jpg\" \/>\n\t<meta property=\"og:image:width\" content=\"1334\" \/>\n\t<meta property=\"og:image:height\" content=\"2000\" \/>\n\t<meta property=\"og:image:type\" content=\"image\/jpeg\" \/>\n<meta name=\"twitter:card\" content=\"summary_large_image\" \/>\n<script type=\"application\/ld+json\" class=\"yoast-schema-graph\">{\"@context\":\"https:\\\/\\\/schema.org\",\"@graph\":[{\"@type\":\"WebPage\",\"@id\":\"https:\\\/\\\/www.impressionoriginale.com\\\/fr\\\/produit\\\/amazones-sublimes-boite-cadeau-s\\\/\",\"url\":\"https:\\\/\\\/www.impressionoriginale.com\\\/fr\\\/produit\\\/amazones-sublimes-boite-cadeau-s\\\/\",\"name\":\"Amazones Sublimes Bo\u00eete Cadeau (S) - Impression Originale\",\"isPartOf\":{\"@id\":\"https:\\\/\\\/www.impressionoriginale.com\\\/fr\\\/#website\"},\"primaryImageOfPage\":{\"@id\":\"https:\\\/\\\/www.impressionoriginale.com\\\/fr\\\/produit\\\/amazones-sublimes-boite-cadeau-s\\\/#primaryimage\"},\"image\":{\"@id\":\"https:\\\/\\\/www.impressionoriginale.com\\\/fr\\\/produit\\\/amazones-sublimes-boite-cadeau-s\\\/#primaryimage\"},\"thumbnailUrl\":\"https:\\\/\\\/www.impressionoriginale.com\\\/wp-content\\\/uploads\\\/2018\\\/07\\\/IOR-BOIS035QMOS1_Sublime_Amazone_box_IMPRESSION_ORIGINALE.jpg\",\"datePublished\":\"2018-09-06T10:01:50+00:00\",\"dateModified\":\"2022-08-18T17:34:49+00:00\",\"description\":\"Bo\u00eete cadeau design cheval \\\"Amazone Sublime\\\" taille S dessin\u00e9e par Quentin Monge pour Impression Originale est \u00e9co-responsable. Fabrication fran\u00e7aise.\",\"breadcrumb\":{\"@id\":\"https:\\\/\\\/www.impressionoriginale.com\\\/fr\\\/produit\\\/amazones-sublimes-boite-cadeau-s\\\/#breadcrumb\"},\"inLanguage\":\"fr-FR\",\"potentialAction\":[{\"@type\":\"ReadAction\",\"target\":[\"https:\\\/\\\/www.impressionoriginale.com\\\/fr\\\/produit\\\/amazones-sublimes-boite-cadeau-s\\\/\"]}]},{\"@type\":\"ImageObject\",\"inLanguage\":\"fr-FR\",\"@id\":\"https:\\\/\\\/www.impressionoriginale.com\\\/fr\\\/produit\\\/amazones-sublimes-boite-cadeau-s\\\/#primaryimage\",\"url\":\"https:\\\/\\\/www.impressionoriginale.com\\\/wp-content\\\/uploads\\\/2018\\\/07\\\/IOR-BOIS035QMOS1_Sublime_Amazone_box_IMPRESSION_ORIGINALE.jpg\",\"contentUrl\":\"https:\\\/\\\/www.impressionoriginale.com\\\/wp-content\\\/uploads\\\/2018\\\/07\\\/IOR-BOIS035QMOS1_Sublime_Amazone_box_IMPRESSION_ORIGINALE.jpg\",\"width\":1334,\"height\":2000,\"caption\":\"IOR-BOIS035QMOS1_Sublime_Amazone_box_IMPRESSION_ORIGINALE\"},{\"@type\":\"BreadcrumbList\",\"@id\":\"https:\\\/\\\/www.impressionoriginale.com\\\/fr\\\/produit\\\/amazones-sublimes-boite-cadeau-s\\\/#breadcrumb\",\"itemListElement\":[{\"@type\":\"ListItem\",\"position\":1,\"name\":\"Home\",\"item\":\"https:\\\/\\\/www.impressionoriginale.com\\\/fr\\\/\"},{\"@type\":\"ListItem\",\"position\":2,\"name\":\"Boutique\",\"item\":\"https:\\\/\\\/www.impressionoriginale.com\\\/fr\\\/boutique\\\/\"},{\"@type\":\"ListItem\",\"position\":3,\"name\":\"Amazones Sublimes Bo\u00eete Cadeau (S)\"}]},{\"@type\":\"WebSite\",\"@id\":\"https:\\\/\\\/www.impressionoriginale.com\\\/fr\\\/#website\",\"url\":\"https:\\\/\\\/www.impressionoriginale.com\\\/fr\\\/\",\"name\":\"Impression Originale\",\"description\":\"The art of gifting has a new name. The online store for all your wrapping cravings.\",\"publisher\":{\"@id\":\"https:\\\/\\\/www.impressionoriginale.com\\\/fr\\\/#organization\"},\"potentialAction\":[{\"@type\":\"SearchAction\",\"target\":{\"@type\":\"EntryPoint\",\"urlTemplate\":\"https:\\\/\\\/www.impressionoriginale.com\\\/fr\\\/?s={search_term_string}\"},\"query-input\":{\"@type\":\"PropertyValueSpecification\",\"valueRequired\":true,\"valueName\":\"search_term_string\"}}],\"inLanguage\":\"fr-FR\"},{\"@type\":\"Organization\",\"@id\":\"https:\\\/\\\/www.impressionoriginale.com\\\/fr\\\/#organization\",\"name\":\"Impression Originale\",\"url\":\"https:\\\/\\\/www.impressionoriginale.com\\\/fr\\\/\",\"logo\":{\"@type\":\"ImageObject\",\"inLanguage\":\"fr-FR\",\"@id\":\"https:\\\/\\\/www.impressionoriginale.com\\\/fr\\\/#\\\/schema\\\/logo\\\/image\\\/\",\"url\":\"https:\\\/\\\/www.impressionoriginale.com\\\/wp-content\\\/uploads\\\/2021\\\/08\\\/LOGO-2020-BLACK.png\",\"contentUrl\":\"https:\\\/\\\/www.impressionoriginale.com\\\/wp-content\\\/uploads\\\/2021\\\/08\\\/LOGO-2020-BLACK.png\",\"width\":567,\"height\":567,\"caption\":\"Impression Originale\"},\"image\":{\"@id\":\"https:\\\/\\\/www.impressionoriginale.com\\\/fr\\\/#\\\/schema\\\/logo\\\/image\\\/\"}}]}<\/script>\n<!-- \/ Yoast SEO plugin. -->","yoast_head_json":{"title":"Amazones Sublimes Bo\u00eete Cadeau (S) - Impression Originale","description":"Bo\u00eete cadeau design cheval \"Amazone Sublime\" taille S dessin\u00e9e par Quentin Monge pour Impression Originale est \u00e9co-responsable. Fabrication fran\u00e7aise.","robots":{"index":"index","follow":"follow","max-snippet":"max-snippet:-1","max-image-preview":"max-image-preview:large","max-video-preview":"max-video-preview:-1"},"canonical":"https:\/\/www.impressionoriginale.com\/fr\/produit\/amazones-sublimes-boite-cadeau-s\/","og_locale":"fr_FR","og_type":"article","og_title":"Amazones Sublimes Bo\u00eete Cadeau (S) - Impression Originale","og_description":"Bo\u00eete cadeau design cheval \"Amazone Sublime\" taille S dessin\u00e9e par Quentin Monge pour Impression Originale est \u00e9co-responsable. Fabrication fran\u00e7aise.","og_url":"https:\/\/www.impressionoriginale.com\/fr\/produit\/amazones-sublimes-boite-cadeau-s\/","og_site_name":"Impression Originale","article_modified_time":"2022-08-18T17:34:49+00:00","og_image":[{"width":1334,"height":2000,"url":"https:\/\/www.impressionoriginale.com\/wp-content\/uploads\/2018\/07\/IOR-BOIS035QMOS1_Sublime_Amazone_box_IMPRESSION_ORIGINALE.jpg","type":"image\/jpeg"}],"twitter_card":"summary_large_image","schema":{"@context":"https:\/\/schema.org","@graph":[{"@type":"WebPage","@id":"https:\/\/www.impressionoriginale.com\/fr\/produit\/amazones-sublimes-boite-cadeau-s\/","url":"https:\/\/www.impressionoriginale.com\/fr\/produit\/amazones-sublimes-boite-cadeau-s\/","name":"Amazones Sublimes Bo\u00eete Cadeau (S) - Impression Originale","isPartOf":{"@id":"https:\/\/www.impressionoriginale.com\/fr\/#website"},"primaryImageOfPage":{"@id":"https:\/\/www.impressionoriginale.com\/fr\/produit\/amazones-sublimes-boite-cadeau-s\/#primaryimage"},"image":{"@id":"https:\/\/www.impressionoriginale.com\/fr\/produit\/amazones-sublimes-boite-cadeau-s\/#primaryimage"},"thumbnailUrl":"https:\/\/www.impressionoriginale.com\/wp-content\/uploads\/2018\/07\/IOR-BOIS035QMOS1_Sublime_Amazone_box_IMPRESSION_ORIGINALE.jpg","datePublished":"2018-09-06T10:01:50+00:00","dateModified":"2022-08-18T17:34:49+00:00","description":"Bo\u00eete cadeau design cheval \"Amazone Sublime\" taille S dessin\u00e9e par Quentin Monge pour Impression Originale est \u00e9co-responsable. Fabrication fran\u00e7aise.","breadcrumb":{"@id":"https:\/\/www.impressionoriginale.com\/fr\/produit\/amazones-sublimes-boite-cadeau-s\/#breadcrumb"},"inLanguage":"fr-FR","potentialAction":[{"@type":"ReadAction","target":["https:\/\/www.impressionoriginale.com\/fr\/produit\/amazones-sublimes-boite-cadeau-s\/"]}]},{"@type":"ImageObject","inLanguage":"fr-FR","@id":"https:\/\/www.impressionoriginale.com\/fr\/produit\/amazones-sublimes-boite-cadeau-s\/#primaryimage","url":"https:\/\/www.impressionoriginale.com\/wp-content\/uploads\/2018\/07\/IOR-BOIS035QMOS1_Sublime_Amazone_box_IMPRESSION_ORIGINALE.jpg","contentUrl":"https:\/\/www.impressionoriginale.com\/wp-content\/uploads\/2018\/07\/IOR-BOIS035QMOS1_Sublime_Amazone_box_IMPRESSION_ORIGINALE.jpg","width":1334,"height":2000,"caption":"IOR-BOIS035QMOS1_Sublime_Amazone_box_IMPRESSION_ORIGINALE"},{"@type":"BreadcrumbList","@id":"https:\/\/www.impressionoriginale.com\/fr\/produit\/amazones-sublimes-boite-cadeau-s\/#breadcrumb","itemListElement":[{"@type":"ListItem","position":1,"name":"Home","item":"https:\/\/www.impressionoriginale.com\/fr\/"},{"@type":"ListItem","position":2,"name":"Boutique","item":"https:\/\/www.impressionoriginale.com\/fr\/boutique\/"},{"@type":"ListItem","position":3,"name":"Amazones Sublimes Bo\u00eete Cadeau (S)"}]},{"@type":"WebSite","@id":"https:\/\/www.impressionoriginale.com\/fr\/#website","url":"https:\/\/www.impressionoriginale.com\/fr\/","name":"Impression Originale","description":"The art of gifting has a new name. The online store for all your wrapping cravings.","publisher":{"@id":"https:\/\/www.impressionoriginale.com\/fr\/#organization"},"potentialAction":[{"@type":"SearchAction","target":{"@type":"EntryPoint","urlTemplate":"https:\/\/www.impressionoriginale.com\/fr\/?s={search_term_string}"},"query-input":{"@type":"PropertyValueSpecification","valueRequired":true,"valueName":"search_term_string"}}],"inLanguage":"fr-FR"},{"@type":"Organization","@id":"https:\/\/www.impressionoriginale.com\/fr\/#organization","name":"Impression Originale","url":"https:\/\/www.impressionoriginale.com\/fr\/","logo":{"@type":"ImageObject","inLanguage":"fr-FR","@id":"https:\/\/www.impressionoriginale.com\/fr\/#\/schema\/logo\/image\/","url":"https:\/\/www.impressionoriginale.com\/wp-content\/uploads\/2021\/08\/LOGO-2020-BLACK.png","contentUrl":"https:\/\/www.impressionoriginale.com\/wp-content\/uploads\/2021\/08\/LOGO-2020-BLACK.png","width":567,"height":567,"caption":"Impression Originale"},"image":{"@id":"https:\/\/www.impressionoriginale.com\/fr\/#\/schema\/logo\/image\/"}}]}},"_links":{"self":[{"href":"https:\/\/www.impressionoriginale.com\/fr\/wp-json\/wp\/v2\/product\/6825","targetHints":{"allow":["GET"]}}],"collection":[{"href":"https:\/\/www.impressionoriginale.com\/fr\/wp-json\/wp\/v2\/product"}],"about":[{"href":"https:\/\/www.impressionoriginale.com\/fr\/wp-json\/wp\/v2\/types\/product"}],"wp:featuredmedia":[{"embeddable":true,"href":"https:\/\/www.impressionoriginale.com\/fr\/wp-json\/wp\/v2\/media\/6595"}],"wp:attachment":[{"href":"https:\/\/www.impressionoriginale.com\/fr\/wp-json\/wp\/v2\/media?parent=6825"}],"wp:term":[{"taxonomy":"product_brand","embeddable":true,"href":"https:\/\/www.impressionoriginale.com\/fr\/wp-json\/wp\/v2\/product_brand?post=6825"},{"taxonomy":"product_cat","embeddable":true,"href":"https:\/\/www.impressionoriginale.com\/fr\/wp-json\/wp\/v2\/product_cat?post=6825"},{"taxonomy":"product_tag","embeddable":true,"href":"https:\/\/www.impressionoriginale.com\/fr\/wp-json\/wp\/v2\/product_tag?post=6825"}],"curies":[{"name":"wp","href":"https:\/\/api.w.org\/{rel}","templated":true}]}}