{"id":7200,"date":"2018-12-13T19:00:49","date_gmt":"2018-12-13T19:00:50","guid":{"rendered":"https:\/\/impressionorig.wpengine.com\/?post_type=product&#038;p=7200"},"modified":"2023-11-18T17:31:01","modified_gmt":"2023-11-18T17:31:01","slug":"ensemble-jardin-enchante","status":"publish","type":"product","link":"https:\/\/www.impressionoriginale.com\/fr\/produit\/ensemble-jardin-enchante\/","title":{"rendered":"Ensemble Jardin Enchant\u00e9"},"content":{"rendered":"<p style=\"padding-left: 30px;\"><strong>POIDS<\/strong>\u00a0 \u00a0 \u00a0 \u00a0 \u00a0 \u00a0 \u00a0 \u00a0 \u00a0 \u00a0 \u00a0 \u00a0 100 g \/m<sup>2<\/sup><\/p>\n<p style=\"padding-left: 30px;\"><strong>DIMENSIONS<\/strong>\u00a0 \u00a0 \u00a0 \u00a0 60x86cm (tr\u00e8s grande\u00a0feuille, roul\u00e9e)<\/p>\n<p style=\"padding-left: 30px;\"><strong>PAPIER<\/strong>\u00a0 \u00a0 \u00a0 \u00a0 \u00a0 \u00a0 \u00a0 \u00a0 \u00a0 \u00a0 \u00a0 Cyclus \u2013 100% recycl\u00e9<\/p>\n<p style=\"padding-left: 30px;\"><strong>ENCRE<\/strong>\u00a0 \u00a0 \u00a0 \u00a0 \u00a0 \u00a0 \u00a0 \u00a0 \u00a0 \u00a0 \u00a0 \u00a0Patone or, Offset quadri pleine couleur, proc\u00e9d\u00e9 s\u00e9chage UV, impression recto-verso<\/p>\n<p style=\"padding-left: 30px;\"><strong>ORIGINE<\/strong>\u00a0 \u00a0 \u00a0 \u00a0 \u00a0 \u00a0 \u00a0 \u00a0 \u00a0 \u00a0Angers, France<\/p>\n<p style=\"text-align: justify;\">Dessin\u00e9s par nos artistes du monde entier et mis\u00a0sous pli\u00a0\u00e0 la main par\u00a0nos\u00a0petites f\u00e9es \u00e0 Angers, France.<\/p>\n<p style=\"text-align: justify;\">Nos papiers cadeaux et rubans\u00a0vont\u00a0sublimer vos cadeaux\u00a0\u00e0 la perfection\u00a0et peuvent aussi s\u2019offrir \u00e0 toutes vos autres utilisations cr\u00e9atives, comme la reliure ou les projets artistiques.\u00a0Laissez nos papiers vous\u00a0inspirer, et laissez parler votre cr\u00e9ativit\u00e9\u2026<\/p>\n<p style=\"text-align: justify;\"><em>\u00ab\u00a0Faites de beaux cadeaux et faites des heureux !\u00a0\u00bb<\/em><\/p>\n\n\n","protected":false},"excerpt":{"rendered":"<p style=\"text-align: justify;\"><strong>Emily Isabella<\/strong><\/p>\n<h5 style=\"text-align: justify;\"><em>\u00ab\u00a0Jardin Enchant\u00e9\u00a0\u00bb<\/em>\u00a0papier cadeau<\/h5>\n<p style=\"text-align: justify;\">Un oiseau se pose d\u00e9licatement sur une branche. Il vient de trouver un jardin enchant\u00e9. Le jardin o\u00f9 les fleurs jettent des sorts d\u2019amour et o\u00f9 les oiseaux portent des messages d\u2019espoir. Jardin oubli\u00e9 du temps de la Russie imp\u00e9riale, ses tr\u00e9sors nous convient \u00e0 une r\u00eaverie \u00e9th\u00e9r\u00e9e.<\/p>\n<p style=\"text-align: justify;\"><strong>Dans ce\u00a0KIT<\/strong>: 1 feuille XL + 2,5m de RUBAN ou NOEUD de votre choix.<\/p>\n<p style=\"text-align: center;\"><em>Note : Tous nos papiers cadeaux sont envoy\u00e9s roul\u00e9s soigneusement dans un tube.<\/em><\/p>\n","protected":false},"featured_media":6549,"template":"","meta":[],"product_brand":[],"product_cat":[329,398,911,1089],"product_tag":[823,240,88,984,81,1095],"class_list":{"0":"post-7200","1":"product","2":"type-product","3":"status-publish","4":"has-post-thumbnail","6":"product_cat-ensembles","7":"product_cat-ensembles-noel","8":"product_cat-noel","9":"product_cat-papier-cadeau-ruban","10":"product_tag-emily-isabella-fr-2","11":"product_tag-gros-grain-fr-2","12":"product_tag-impression-originale-fr-2","13":"product_tag-les-ensembles","14":"product_tag-papier-cadeau-fr","15":"product_tag-papiers-cadeaux","17":"first","18":"instock","19":"taxable","20":"shipping-taxable","21":"purchasable","22":"product-type-bundle"},"bundled_by":[],"bundle_stock_status":"instock","bundle_stock_quantity":164,"bundle_virtual":false,"bundle_layout":"default","bundle_add_to_cart_form_location":"default","bundle_editable_in_cart":true,"bundle_sold_individually_context":"product","bundle_item_grouping":"parent","bundle_min_size":"","bundle_max_size":"","bundle_price":{"price":{"min":{"incl_tax":"5","excl_tax":"4.17"},"max":{"incl_tax":"","excl_tax":""}},"regular_price":{"min":{"incl_tax":"5","excl_tax":"4.17"},"max":{"incl_tax":"","excl_tax":""}}},"bundled_items":[{"bundled_item_id":837,"product_id":6677,"menu_order":0,"quantity_min":1,"quantity_max":"","quantity_default":1,"priced_individually":true,"shipped_individually":false,"override_title":true,"title":"Jardin Enchant\u00e9 Papier Cadeau","override_description":true,"description":"60x86cm (feuille XL, roul\u00e9e)","optional":false,"hide_thumbnail":false,"discount":"","override_variations":false,"allowed_variations":[""],"override_default_variation_attributes":false,"default_variation_attributes":[],"single_product_visibility":"visible","cart_visibility":"visible","order_visibility":"visible","single_product_price_visibility":"visible","cart_price_visibility":"visible","order_price_visibility":"visible","stock_status":"in_stock"},{"bundled_item_id":838,"product_id":1297,"menu_order":1,"quantity_min":1,"quantity_max":"","quantity_default":1,"priced_individually":true,"shipped_individually":false,"override_title":true,"title":"Ruban Gros Grain Rouge n\u00b0324 (35mm)","override_description":true,"description":"2.5m (35mm)","optional":true,"hide_thumbnail":false,"discount":"","override_variations":false,"allowed_variations":[""],"override_default_variation_attributes":false,"default_variation_attributes":[],"single_product_visibility":"visible","cart_visibility":"visible","order_visibility":"visible","single_product_price_visibility":"visible","cart_price_visibility":"visible","order_price_visibility":"visible","stock_status":"in_stock"},{"bundled_item_id":974,"product_id":8060,"menu_order":2,"quantity_min":1,"quantity_max":"","quantity_default":1,"priced_individually":true,"shipped_individually":false,"override_title":true,"title":"Noeud Satin Vert Fonc\u00e9 n\u00b0306 (L)","override_description":true,"description":"Pr\u00eat-\u00e0-poser (3,8x12cm)","optional":true,"hide_thumbnail":false,"discount":"","override_variations":false,"allowed_variations":[""],"override_default_variation_attributes":false,"default_variation_attributes":[],"single_product_visibility":"visible","cart_visibility":"visible","order_visibility":"visible","single_product_price_visibility":"visible","cart_price_visibility":"visible","order_price_visibility":"visible","stock_status":"in_stock"},{"bundled_item_id":975,"product_id":8034,"menu_order":3,"quantity_min":1,"quantity_max":"","quantity_default":1,"priced_individually":true,"shipped_individually":false,"override_title":true,"title":"Noeud Satin Rouge n\u00b0324 (L)","override_description":true,"description":"Pr\u00eat-\u00e0-poser (3,8x12cm)","optional":true,"hide_thumbnail":false,"discount":"","override_variations":false,"allowed_variations":[""],"override_default_variation_attributes":false,"default_variation_attributes":[],"single_product_visibility":"visible","cart_visibility":"visible","order_visibility":"visible","single_product_price_visibility":"visible","cart_price_visibility":"visible","order_price_visibility":"visible","stock_status":"in_stock"},{"bundled_item_id":976,"product_id":8064,"menu_order":4,"quantity_min":1,"quantity_max":"","quantity_default":1,"priced_individually":true,"shipped_individually":false,"override_title":true,"title":"Noeud Reflets Or n\u00b001 (L)","override_description":true,"description":"Pr\u00eat-\u00e0-poser (3,8x12cm)","optional":true,"hide_thumbnail":false,"discount":"","override_variations":false,"allowed_variations":[""],"override_default_variation_attributes":false,"default_variation_attributes":[],"single_product_visibility":"visible","cart_visibility":"visible","order_visibility":"visible","single_product_price_visibility":"visible","cart_price_visibility":"visible","order_price_visibility":"visible","stock_status":"in_stock"},{"bundled_item_id":977,"product_id":4568,"menu_order":5,"quantity_min":1,"quantity_max":"","quantity_default":1,"priced_individually":true,"shipped_individually":false,"override_title":true,"title":"Ruban Reflets Argent n\u00b002 (L)","override_description":true,"description":"Pr\u00eat-\u00e0-poser (3,8x12cm)","optional":true,"hide_thumbnail":false,"discount":"","override_variations":false,"allowed_variations":[""],"override_default_variation_attributes":false,"default_variation_attributes":[],"single_product_visibility":"visible","cart_visibility":"visible","order_visibility":"visible","single_product_price_visibility":"visible","cart_price_visibility":"visible","order_price_visibility":"visible","stock_status":"in_stock"},{"bundled_item_id":978,"product_id":1354,"menu_order":6,"quantity_min":1,"quantity_max":"","quantity_default":1,"priced_individually":true,"shipped_individually":false,"override_title":true,"title":"Ruban Satin Vert Fonc\u00e9 n\u00b0306 (S)","override_description":true,"description":"2,5m (15mm)","optional":true,"hide_thumbnail":false,"discount":"","override_variations":false,"allowed_variations":[""],"override_default_variation_attributes":false,"default_variation_attributes":[],"single_product_visibility":"visible","cart_visibility":"visible","order_visibility":"visible","single_product_price_visibility":"visible","cart_price_visibility":"visible","order_price_visibility":"visible","stock_status":"out_of_stock"}],"bundle_sell_ids":[],"yoast_head":"<!-- This site is optimized with the Yoast SEO plugin v27.5 - https:\/\/yoast.com\/product\/yoast-seo-wordpress\/ -->\n<title>Ensemble Jardin Enchant\u00e9 - Impression Originale<\/title>\n<meta name=\"description\" content=\"Le papier cadeau \u00ab jardin enchant\u00e9\u00bb s\u2019accorde parfaitement avec le ruban gros grain rouge pour une touche No\u00ebl russe. Adapt\u00e9 pour les larges cadeaux.\" \/>\n<meta name=\"robots\" content=\"index, follow, max-snippet:-1, max-image-preview:large, max-video-preview:-1\" \/>\n<link rel=\"canonical\" href=\"https:\/\/www.impressionoriginale.com\/fr\/produit\/ensemble-jardin-enchante\/\" \/>\n<meta property=\"og:locale\" content=\"fr_FR\" \/>\n<meta property=\"og:type\" content=\"article\" \/>\n<meta property=\"og:title\" content=\"Ensemble Jardin Enchant\u00e9 - Impression Originale\" \/>\n<meta property=\"og:description\" content=\"Le papier cadeau \u00ab jardin enchant\u00e9\u00bb s\u2019accorde parfaitement avec le ruban gros grain rouge pour une touche No\u00ebl russe. Adapt\u00e9 pour les larges cadeaux.\" \/>\n<meta property=\"og:url\" content=\"https:\/\/www.impressionoriginale.com\/fr\/produit\/ensemble-jardin-enchante\/\" \/>\n<meta property=\"og:site_name\" content=\"Impression Originale\" \/>\n<meta property=\"article:modified_time\" content=\"2023-11-18T17:31:01+00:00\" \/>\n<meta property=\"og:image\" content=\"https:\/\/www.impressionoriginale.com\/wp-content\/uploads\/2018\/07\/IOR-RGGR324RGE35_paired_Jardin_Enchante_IMPRESSION_ORIGINALE.jpg\" \/>\n\t<meta property=\"og:image:width\" content=\"1500\" \/>\n\t<meta property=\"og:image:height\" content=\"2000\" \/>\n\t<meta property=\"og:image:type\" content=\"image\/jpeg\" \/>\n<meta name=\"twitter:card\" content=\"summary_large_image\" \/>\n<meta name=\"twitter:label1\" content=\"Dur\u00e9e de lecture estim\u00e9e\" \/>\n\t<meta name=\"twitter:data1\" content=\"1 minute\" \/>\n<script type=\"application\/ld+json\" class=\"yoast-schema-graph\">{\"@context\":\"https:\\\/\\\/schema.org\",\"@graph\":[{\"@type\":\"WebPage\",\"@id\":\"https:\\\/\\\/www.impressionoriginale.com\\\/fr\\\/produit\\\/ensemble-jardin-enchante\\\/\",\"url\":\"https:\\\/\\\/www.impressionoriginale.com\\\/fr\\\/produit\\\/ensemble-jardin-enchante\\\/\",\"name\":\"Ensemble Jardin Enchant\u00e9 - Impression Originale\",\"isPartOf\":{\"@id\":\"https:\\\/\\\/www.impressionoriginale.com\\\/fr\\\/#website\"},\"primaryImageOfPage\":{\"@id\":\"https:\\\/\\\/www.impressionoriginale.com\\\/fr\\\/produit\\\/ensemble-jardin-enchante\\\/#primaryimage\"},\"image\":{\"@id\":\"https:\\\/\\\/www.impressionoriginale.com\\\/fr\\\/produit\\\/ensemble-jardin-enchante\\\/#primaryimage\"},\"thumbnailUrl\":\"https:\\\/\\\/www.impressionoriginale.com\\\/wp-content\\\/uploads\\\/2018\\\/07\\\/IOR-RGGR324RGE35_paired_Jardin_Enchante_IMPRESSION_ORIGINALE.jpg\",\"datePublished\":\"2018-12-13T19:00:50+00:00\",\"dateModified\":\"2023-11-18T17:31:01+00:00\",\"description\":\"Le papier cadeau \u00ab jardin enchant\u00e9\u00bb s\u2019accorde parfaitement avec le ruban gros grain rouge pour une touche No\u00ebl russe. Adapt\u00e9 pour les larges cadeaux.\",\"breadcrumb\":{\"@id\":\"https:\\\/\\\/www.impressionoriginale.com\\\/fr\\\/produit\\\/ensemble-jardin-enchante\\\/#breadcrumb\"},\"inLanguage\":\"fr-FR\",\"potentialAction\":[{\"@type\":\"ReadAction\",\"target\":[\"https:\\\/\\\/www.impressionoriginale.com\\\/fr\\\/produit\\\/ensemble-jardin-enchante\\\/\"]}]},{\"@type\":\"ImageObject\",\"inLanguage\":\"fr-FR\",\"@id\":\"https:\\\/\\\/www.impressionoriginale.com\\\/fr\\\/produit\\\/ensemble-jardin-enchante\\\/#primaryimage\",\"url\":\"https:\\\/\\\/www.impressionoriginale.com\\\/wp-content\\\/uploads\\\/2018\\\/07\\\/IOR-RGGR324RGE35_paired_Jardin_Enchante_IMPRESSION_ORIGINALE.jpg\",\"contentUrl\":\"https:\\\/\\\/www.impressionoriginale.com\\\/wp-content\\\/uploads\\\/2018\\\/07\\\/IOR-RGGR324RGE35_paired_Jardin_Enchante_IMPRESSION_ORIGINALE.jpg\",\"width\":1500,\"height\":2000,\"caption\":\"IOR-RGGR324RGE35_paired_Jardin_Enchante_IMPRESSION_ORIGINALE\"},{\"@type\":\"BreadcrumbList\",\"@id\":\"https:\\\/\\\/www.impressionoriginale.com\\\/fr\\\/produit\\\/ensemble-jardin-enchante\\\/#breadcrumb\",\"itemListElement\":[{\"@type\":\"ListItem\",\"position\":1,\"name\":\"Home\",\"item\":\"https:\\\/\\\/www.impressionoriginale.com\\\/fr\\\/\"},{\"@type\":\"ListItem\",\"position\":2,\"name\":\"Boutique\",\"item\":\"https:\\\/\\\/www.impressionoriginale.com\\\/fr\\\/boutique\\\/\"},{\"@type\":\"ListItem\",\"position\":3,\"name\":\"Ensemble Jardin Enchant\u00e9\"}]},{\"@type\":\"WebSite\",\"@id\":\"https:\\\/\\\/www.impressionoriginale.com\\\/fr\\\/#website\",\"url\":\"https:\\\/\\\/www.impressionoriginale.com\\\/fr\\\/\",\"name\":\"Impression Originale\",\"description\":\"The art of gifting has a new name. The online store for all your wrapping cravings.\",\"publisher\":{\"@id\":\"https:\\\/\\\/www.impressionoriginale.com\\\/fr\\\/#organization\"},\"potentialAction\":[{\"@type\":\"SearchAction\",\"target\":{\"@type\":\"EntryPoint\",\"urlTemplate\":\"https:\\\/\\\/www.impressionoriginale.com\\\/fr\\\/?s={search_term_string}\"},\"query-input\":{\"@type\":\"PropertyValueSpecification\",\"valueRequired\":true,\"valueName\":\"search_term_string\"}}],\"inLanguage\":\"fr-FR\"},{\"@type\":\"Organization\",\"@id\":\"https:\\\/\\\/www.impressionoriginale.com\\\/fr\\\/#organization\",\"name\":\"Impression Originale\",\"url\":\"https:\\\/\\\/www.impressionoriginale.com\\\/fr\\\/\",\"logo\":{\"@type\":\"ImageObject\",\"inLanguage\":\"fr-FR\",\"@id\":\"https:\\\/\\\/www.impressionoriginale.com\\\/fr\\\/#\\\/schema\\\/logo\\\/image\\\/\",\"url\":\"https:\\\/\\\/www.impressionoriginale.com\\\/wp-content\\\/uploads\\\/2021\\\/08\\\/LOGO-2020-BLACK.png\",\"contentUrl\":\"https:\\\/\\\/www.impressionoriginale.com\\\/wp-content\\\/uploads\\\/2021\\\/08\\\/LOGO-2020-BLACK.png\",\"width\":567,\"height\":567,\"caption\":\"Impression Originale\"},\"image\":{\"@id\":\"https:\\\/\\\/www.impressionoriginale.com\\\/fr\\\/#\\\/schema\\\/logo\\\/image\\\/\"}}]}<\/script>\n<!-- \/ Yoast SEO plugin. -->","yoast_head_json":{"title":"Ensemble Jardin Enchant\u00e9 - Impression Originale","description":"Le papier cadeau \u00ab jardin enchant\u00e9\u00bb s\u2019accorde parfaitement avec le ruban gros grain rouge pour une touche No\u00ebl russe. Adapt\u00e9 pour les larges cadeaux.","robots":{"index":"index","follow":"follow","max-snippet":"max-snippet:-1","max-image-preview":"max-image-preview:large","max-video-preview":"max-video-preview:-1"},"canonical":"https:\/\/www.impressionoriginale.com\/fr\/produit\/ensemble-jardin-enchante\/","og_locale":"fr_FR","og_type":"article","og_title":"Ensemble Jardin Enchant\u00e9 - Impression Originale","og_description":"Le papier cadeau \u00ab jardin enchant\u00e9\u00bb s\u2019accorde parfaitement avec le ruban gros grain rouge pour une touche No\u00ebl russe. Adapt\u00e9 pour les larges cadeaux.","og_url":"https:\/\/www.impressionoriginale.com\/fr\/produit\/ensemble-jardin-enchante\/","og_site_name":"Impression Originale","article_modified_time":"2023-11-18T17:31:01+00:00","og_image":[{"width":1500,"height":2000,"url":"https:\/\/www.impressionoriginale.com\/wp-content\/uploads\/2018\/07\/IOR-RGGR324RGE35_paired_Jardin_Enchante_IMPRESSION_ORIGINALE.jpg","type":"image\/jpeg"}],"twitter_card":"summary_large_image","twitter_misc":{"Dur\u00e9e de lecture estim\u00e9e":"1 minute"},"schema":{"@context":"https:\/\/schema.org","@graph":[{"@type":"WebPage","@id":"https:\/\/www.impressionoriginale.com\/fr\/produit\/ensemble-jardin-enchante\/","url":"https:\/\/www.impressionoriginale.com\/fr\/produit\/ensemble-jardin-enchante\/","name":"Ensemble Jardin Enchant\u00e9 - Impression Originale","isPartOf":{"@id":"https:\/\/www.impressionoriginale.com\/fr\/#website"},"primaryImageOfPage":{"@id":"https:\/\/www.impressionoriginale.com\/fr\/produit\/ensemble-jardin-enchante\/#primaryimage"},"image":{"@id":"https:\/\/www.impressionoriginale.com\/fr\/produit\/ensemble-jardin-enchante\/#primaryimage"},"thumbnailUrl":"https:\/\/www.impressionoriginale.com\/wp-content\/uploads\/2018\/07\/IOR-RGGR324RGE35_paired_Jardin_Enchante_IMPRESSION_ORIGINALE.jpg","datePublished":"2018-12-13T19:00:50+00:00","dateModified":"2023-11-18T17:31:01+00:00","description":"Le papier cadeau \u00ab jardin enchant\u00e9\u00bb s\u2019accorde parfaitement avec le ruban gros grain rouge pour une touche No\u00ebl russe. Adapt\u00e9 pour les larges cadeaux.","breadcrumb":{"@id":"https:\/\/www.impressionoriginale.com\/fr\/produit\/ensemble-jardin-enchante\/#breadcrumb"},"inLanguage":"fr-FR","potentialAction":[{"@type":"ReadAction","target":["https:\/\/www.impressionoriginale.com\/fr\/produit\/ensemble-jardin-enchante\/"]}]},{"@type":"ImageObject","inLanguage":"fr-FR","@id":"https:\/\/www.impressionoriginale.com\/fr\/produit\/ensemble-jardin-enchante\/#primaryimage","url":"https:\/\/www.impressionoriginale.com\/wp-content\/uploads\/2018\/07\/IOR-RGGR324RGE35_paired_Jardin_Enchante_IMPRESSION_ORIGINALE.jpg","contentUrl":"https:\/\/www.impressionoriginale.com\/wp-content\/uploads\/2018\/07\/IOR-RGGR324RGE35_paired_Jardin_Enchante_IMPRESSION_ORIGINALE.jpg","width":1500,"height":2000,"caption":"IOR-RGGR324RGE35_paired_Jardin_Enchante_IMPRESSION_ORIGINALE"},{"@type":"BreadcrumbList","@id":"https:\/\/www.impressionoriginale.com\/fr\/produit\/ensemble-jardin-enchante\/#breadcrumb","itemListElement":[{"@type":"ListItem","position":1,"name":"Home","item":"https:\/\/www.impressionoriginale.com\/fr\/"},{"@type":"ListItem","position":2,"name":"Boutique","item":"https:\/\/www.impressionoriginale.com\/fr\/boutique\/"},{"@type":"ListItem","position":3,"name":"Ensemble Jardin Enchant\u00e9"}]},{"@type":"WebSite","@id":"https:\/\/www.impressionoriginale.com\/fr\/#website","url":"https:\/\/www.impressionoriginale.com\/fr\/","name":"Impression Originale","description":"The art of gifting has a new name. The online store for all your wrapping cravings.","publisher":{"@id":"https:\/\/www.impressionoriginale.com\/fr\/#organization"},"potentialAction":[{"@type":"SearchAction","target":{"@type":"EntryPoint","urlTemplate":"https:\/\/www.impressionoriginale.com\/fr\/?s={search_term_string}"},"query-input":{"@type":"PropertyValueSpecification","valueRequired":true,"valueName":"search_term_string"}}],"inLanguage":"fr-FR"},{"@type":"Organization","@id":"https:\/\/www.impressionoriginale.com\/fr\/#organization","name":"Impression Originale","url":"https:\/\/www.impressionoriginale.com\/fr\/","logo":{"@type":"ImageObject","inLanguage":"fr-FR","@id":"https:\/\/www.impressionoriginale.com\/fr\/#\/schema\/logo\/image\/","url":"https:\/\/www.impressionoriginale.com\/wp-content\/uploads\/2021\/08\/LOGO-2020-BLACK.png","contentUrl":"https:\/\/www.impressionoriginale.com\/wp-content\/uploads\/2021\/08\/LOGO-2020-BLACK.png","width":567,"height":567,"caption":"Impression Originale"},"image":{"@id":"https:\/\/www.impressionoriginale.com\/fr\/#\/schema\/logo\/image\/"}}]}},"_links":{"self":[{"href":"https:\/\/www.impressionoriginale.com\/fr\/wp-json\/wp\/v2\/product\/7200","targetHints":{"allow":["GET"]}}],"collection":[{"href":"https:\/\/www.impressionoriginale.com\/fr\/wp-json\/wp\/v2\/product"}],"about":[{"href":"https:\/\/www.impressionoriginale.com\/fr\/wp-json\/wp\/v2\/types\/product"}],"wp:featuredmedia":[{"embeddable":true,"href":"https:\/\/www.impressionoriginale.com\/fr\/wp-json\/wp\/v2\/media\/6549"}],"wp:attachment":[{"href":"https:\/\/www.impressionoriginale.com\/fr\/wp-json\/wp\/v2\/media?parent=7200"}],"wp:term":[{"taxonomy":"product_brand","embeddable":true,"href":"https:\/\/www.impressionoriginale.com\/fr\/wp-json\/wp\/v2\/product_brand?post=7200"},{"taxonomy":"product_cat","embeddable":true,"href":"https:\/\/www.impressionoriginale.com\/fr\/wp-json\/wp\/v2\/product_cat?post=7200"},{"taxonomy":"product_tag","embeddable":true,"href":"https:\/\/www.impressionoriginale.com\/fr\/wp-json\/wp\/v2\/product_tag?post=7200"}],"curies":[{"name":"wp","href":"https:\/\/api.w.org\/{rel}","templated":true}]}}