{"id":7802,"date":"2019-08-19T13:46:36","date_gmt":"2019-08-19T13:46:36","guid":{"rendered":"https:\/\/impressionorig.wpengine.com\/?post_type=product&#038;p=7802"},"modified":"2024-11-04T16:50:54","modified_gmt":"2024-11-04T16:50:54","slug":"noeud-satin-vert-deau-n273-l","status":"publish","type":"product","link":"https:\/\/www.impressionoriginale.com\/fr\/produit\/noeud-satin-vert-deau-n273-l\/","title":{"rendered":"Noeud satin ail\u00e9 vert d&rsquo;eau n\u00b0273 (L)"},"content":{"rendered":"<div class=\"wpb-content-wrapper\"><p>[vc_row][vc_column width=\u00a0\u00bb2\/3\u2033][vc_column_text]<\/p>\n<p style=\"text-align: justify;\">S\u00e9lectionn\u00e9 avec attention, chaque noeud\u00a0est associ\u00e9 \u00e0 un ou plusieurs papiers. Tous nos noeuds\u00a0pr\u00eat-\u00e0-poser sont confectionn\u00e9s \u00e0 la main \u00e0 Angers en France.<\/p>\n<p style=\"text-align: justify;\">Chaque n\u0153ud est emball\u00e9 dans du papier de soie et il peut \u00eatre coll\u00e9 sur votre cadeau gr\u00e2ce \u00e0 la gommette double face fournie, seul ou avec le ruban associ\u00e9. Soyez cr\u00e9atif(ve), inspir\u00e9(e) et fa\u00eetes des heureux !<\/p>\n<p style=\"text-align: center;\"><em>\u00ab Aimer ce que vous fa\u00eetes, et fa\u00eetes-le bien \u00bb<\/em><\/p>\n<p>[\/vc_column_text][\/vc_column][vc_column width=\u00a0\u00bb1\/3\u2033][vc_column_text]<\/p>\n<table>\n<tbody>\n<tr>\n<td width=\"87\"><strong>POIDS<\/strong><\/td>\n<td width=\"147\">12 g<\/td>\n<\/tr>\n<tr>\n<td width=\"87\"><strong>DIMENSIONS\u00a0<\/strong><\/td>\n<td width=\"147\">10\u00d712 cm<\/td>\n<\/tr>\n<tr>\n<td width=\"87\"><strong>MATIERE<\/strong><\/td>\n<td width=\"147\">Satin<\/td>\n<\/tr>\n<tr>\n<td width=\"87\"><strong>COULEUR \u00a0 \u00a0 \u00a0\u00a0<\/strong><\/td>\n<td width=\"147\">vert d\u2019eau<\/td>\n<\/tr>\n<tr>\n<td width=\"87\"><strong>ORIGINE \u00a0 \u00a0 \u00a0 \u00a0\u00a0<\/strong><\/td>\n<td width=\"147\">France<\/td>\n<\/tr>\n<\/tbody>\n<\/table>\n<p>[\/vc_column_text][\/vc_column][\/vc_row][vc_row][vc_column][vc_toggle title=\u00a0\u00bbEgalement disponible \u2013 autres coloris :\u00a0\u00bb el_id=\u00a0\u00bb1474622161281-b1766cb3-d139\u2033]<\/p>\n<table style=\"height: 288px;\">\n<tbody>\n<tr style=\"height: 144px;\">\n<td style=\"height: 144px; width: 133px;\"><strong>COULEUR<\/strong>\n<p><strong>Noeud satin ail\u00e9 pr\u00eat-\u00e0-poser<\/strong><\/p><\/td>\n<td style=\"height: 144px; width: 92px;\"><strong>TAILLE<\/strong>\n<p>(mm)<\/p><\/td>\n<\/tr>\n<tr style=\"height: 24px;\">\n<td style=\"height: 24px; width: 133px;\"><a href=\"https:\/\/www.impressionoriginale.com\/fr\/produit\/noeud-satin-bleu-marine-n225-l\/\" target=\"_blank\" rel=\"noopener noreferrer\">Bleu marine<\/a><\/td>\n<td style=\"height: 24px; width: 92px;\">L<\/td>\n<\/tr>\n<tr style=\"height: 24px;\">\n<td style=\"height: 24px; width: 133px;\"><a href=\"https:\/\/www.impressionoriginale.com\/fr\/produit\/noeud-satin-bleu-canard-n269-l\/\" target=\"_blank\" rel=\"noopener noreferrer\">Bleu canard<\/a><\/td>\n<td style=\"height: 24px; width: 92px;\">L<\/td>\n<\/tr>\n<tr style=\"height: 24px;\">\n<td style=\"height: 24px; width: 133px;\"><a href=\"https:\/\/www.impressionoriginale.com\/fr\/produit\/noeud-satin-aile-rose-opera-n330-l\/\" target=\"_blank\" rel=\"noopener noreferrer\">Rose op\u00e9ra<\/a><\/td>\n<td style=\"height: 24px; width: 92px;\">L<\/td>\n<\/tr>\n<tr style=\"height: 24px;\">\n<td style=\"height: 24px; width: 133px;\"><a href=\"https:\/\/www.impressionoriginale.com\/fr\/produit\/noeud-satin-aile-rouge-n324-l\/\" target=\"_blank\" rel=\"noopener noreferrer\">Rouge<\/a><\/td>\n<td style=\"height: 24px; width: 92px;\">L<\/td>\n<\/tr>\n<tr style=\"height: 24px;\">\n<td style=\"height: 24px; width: 133px;\"><a href=\"https:\/\/www.impressionoriginale.com\/fr\/produit\/noeud-satin-vert-deau-n273-l\/\" target=\"_blank\" rel=\"noopener noreferrer\">Vert d\u2019eau<\/a><\/td>\n<td style=\"height: 24px; width: 92px;\">L<\/td>\n<\/tr>\n<tr style=\"height: 24px;\">\n<td style=\"height: 24px; width: 133px;\"><a href=\"https:\/\/www.impressionoriginale.com\/fr\/produit\/noeud-satin-aile-vert-sapin-n306-l\/\" target=\"_blank\" rel=\"noopener noreferrer\">Vert sapin<\/a><\/td>\n<td style=\"height: 24px; width: 92px;\">L<\/td>\n<\/tr>\n<\/tbody>\n<\/table>\n<p>[\/vc_toggle][\/vc_column][\/vc_row]<\/p>\n\n\n<\/div>","protected":false},"excerpt":{"rendered":"<p><span style=\"color: #000000;\"><strong>Largeur<\/strong>\u00a0 \u00a0 \u00a0 \u00a0 10 cm<\/span><br \/>\n<span style=\"color: #000000;\"><strong>Longueur<\/strong> \u00a0 \u00a0 12 cm<\/span><br \/>\n<span style=\"color: #000000;\"><strong>Id\u00e9al<\/strong>\u00a0 \u00a0 \u00a0 \u00a0 \u00a0 \u00a0 \u00a0 moyen, grand format<\/span><\/p>\n<p>&nbsp;<\/p>\n<p style=\"text-align: justify;\">Ce grand n\u0153ud satin ail\u00e9, pr\u00eat-\u00e0-poser, viendra sublimer vos plus beaux cadeaux. Il vous suffit de le coller sur votre paquet pour un effet couture, toujours parfait.<\/p>\n<p style=\"text-align: justify;\">Nous vous recommandons ce n\u0153ud pr\u00eat-\u00e0-poser avec les papiers cadeaux <a href=\"https:\/\/www.impressionoriginale.com\/fr\/produit\/ensemble-campanules-lilliputiennes\/\" target=\"_blank\" rel=\"noopener noreferrer\"><strong>Campanules Lilliputiennes<\/strong><\/a> et <a href=\"https:\/\/www.impressionoriginale.com\/fr\/produit\/ensemble-lancetre-des-pixels\/\" target=\"_blank\" rel=\"noopener noreferrer\"><strong>l&rsquo;Anc\u00eatre des Pixels<\/strong><\/a>.<\/p>\n","protected":false},"featured_media":7774,"template":"","meta":[],"product_brand":[],"product_cat":[528,535],"product_tag":[88,1000,783,986,1002],"class_list":{"0":"post-7802","1":"product","2":"type-product","3":"status-publish","4":"has-post-thumbnail","6":"product_cat-noeud","7":"product_cat-taille-l","8":"product_tag-impression-originale-fr-2","9":"product_tag-made-in-france-fr","10":"product_tag-noeud-fr-2","11":"product_tag-noeud-aile","12":"product_tag-taille-l-fr","14":"first","15":"instock","16":"taxable","17":"shipping-taxable","18":"purchasable","19":"product-type-simple"},"bundled_by":["3831","3806"],"bundle_stock_status":"instock","bundle_stock_quantity":55,"bundle_virtual":false,"bundle_layout":"","bundle_add_to_cart_form_location":"","bundle_editable_in_cart":false,"bundle_sold_individually_context":"","bundle_item_grouping":"","bundle_min_size":"","bundle_max_size":"","bundle_price":[],"bundled_items":[],"bundle_sell_ids":[],"yoast_head":"<!-- This site is optimized with the Yoast SEO plugin v27.5 - https:\/\/yoast.com\/product\/yoast-seo-wordpress\/ -->\n<title>Noeud satin ail\u00e9 vert d&#039;eau n\u00b0273 (L) - Impression Originale<\/title>\n<meta name=\"description\" content=\"Large noeud satin vert d&#039;eau en forme ail\u00e9e vient se poser sur vos plus jolis cadeaux pour un r\u00e9sultat toujours parfait. Fait main, Impression Originale.\" \/>\n<meta name=\"robots\" content=\"index, follow, max-snippet:-1, max-image-preview:large, max-video-preview:-1\" \/>\n<link rel=\"canonical\" href=\"https:\/\/www.impressionoriginale.com\/fr\/produit\/noeud-satin-vert-deau-n273-l\/\" \/>\n<meta property=\"og:locale\" content=\"fr_FR\" \/>\n<meta property=\"og:type\" content=\"article\" \/>\n<meta property=\"og:title\" content=\"Noeud satin ail\u00e9 vert d&#039;eau n\u00b0273 (L) - Impression Originale\" \/>\n<meta property=\"og:description\" content=\"Large noeud satin vert d&#039;eau en forme ail\u00e9e vient se poser sur vos plus jolis cadeaux pour un r\u00e9sultat toujours parfait. Fait main, Impression Originale.\" \/>\n<meta property=\"og:url\" content=\"https:\/\/www.impressionoriginale.com\/fr\/produit\/noeud-satin-vert-deau-n273-l\/\" \/>\n<meta property=\"og:site_name\" content=\"Impression Originale\" \/>\n<meta property=\"article:modified_time\" content=\"2024-11-04T16:50:54+00:00\" \/>\n<meta property=\"og:image\" content=\"https:\/\/www.impressionoriginale.com\/wp-content\/uploads\/2019\/08\/NSAA273VER50_Milky-Green-Satin-Winged-Bow-n\u00b0273_L_IMPRESSION_ORIGINALE.jpg\" \/>\n\t<meta property=\"og:image:width\" content=\"1200\" \/>\n\t<meta property=\"og:image:height\" content=\"1600\" \/>\n\t<meta property=\"og:image:type\" content=\"image\/jpeg\" \/>\n<meta name=\"twitter:card\" content=\"summary_large_image\" \/>\n<meta name=\"twitter:label1\" content=\"Dur\u00e9e de lecture estim\u00e9e\" \/>\n\t<meta name=\"twitter:data1\" content=\"1 minute\" \/>\n<script type=\"application\/ld+json\" class=\"yoast-schema-graph\">{\"@context\":\"https:\\\/\\\/schema.org\",\"@graph\":[{\"@type\":\"WebPage\",\"@id\":\"https:\\\/\\\/www.impressionoriginale.com\\\/fr\\\/produit\\\/noeud-satin-vert-deau-n273-l\\\/\",\"url\":\"https:\\\/\\\/www.impressionoriginale.com\\\/fr\\\/produit\\\/noeud-satin-vert-deau-n273-l\\\/\",\"name\":\"Noeud satin ail\u00e9 vert d'eau n\u00b0273 (L) - Impression Originale\",\"isPartOf\":{\"@id\":\"https:\\\/\\\/www.impressionoriginale.com\\\/fr\\\/#website\"},\"primaryImageOfPage\":{\"@id\":\"https:\\\/\\\/www.impressionoriginale.com\\\/fr\\\/produit\\\/noeud-satin-vert-deau-n273-l\\\/#primaryimage\"},\"image\":{\"@id\":\"https:\\\/\\\/www.impressionoriginale.com\\\/fr\\\/produit\\\/noeud-satin-vert-deau-n273-l\\\/#primaryimage\"},\"thumbnailUrl\":\"https:\\\/\\\/www.impressionoriginale.com\\\/wp-content\\\/uploads\\\/2019\\\/08\\\/NSAA273VER50_Milky-Green-Satin-Winged-Bow-n\u00b0273_L_IMPRESSION_ORIGINALE.jpg\",\"datePublished\":\"2019-08-19T13:46:36+00:00\",\"dateModified\":\"2024-11-04T16:50:54+00:00\",\"description\":\"Large noeud satin vert d'eau en forme ail\u00e9e vient se poser sur vos plus jolis cadeaux pour un r\u00e9sultat toujours parfait. Fait main, Impression Originale.\",\"breadcrumb\":{\"@id\":\"https:\\\/\\\/www.impressionoriginale.com\\\/fr\\\/produit\\\/noeud-satin-vert-deau-n273-l\\\/#breadcrumb\"},\"inLanguage\":\"fr-FR\",\"potentialAction\":[{\"@type\":\"ReadAction\",\"target\":[\"https:\\\/\\\/www.impressionoriginale.com\\\/fr\\\/produit\\\/noeud-satin-vert-deau-n273-l\\\/\"]}]},{\"@type\":\"ImageObject\",\"inLanguage\":\"fr-FR\",\"@id\":\"https:\\\/\\\/www.impressionoriginale.com\\\/fr\\\/produit\\\/noeud-satin-vert-deau-n273-l\\\/#primaryimage\",\"url\":\"https:\\\/\\\/www.impressionoriginale.com\\\/wp-content\\\/uploads\\\/2019\\\/08\\\/NSAA273VER50_Milky-Green-Satin-Winged-Bow-n\u00b0273_L_IMPRESSION_ORIGINALE.jpg\",\"contentUrl\":\"https:\\\/\\\/www.impressionoriginale.com\\\/wp-content\\\/uploads\\\/2019\\\/08\\\/NSAA273VER50_Milky-Green-Satin-Winged-Bow-n\u00b0273_L_IMPRESSION_ORIGINALE.jpg\",\"width\":1200,\"height\":1600,\"caption\":\"NSAA273VER50_Milky Green Satin Winged Bow n\u00b0273_L_IMPRESSION_ORIGINALE\"},{\"@type\":\"BreadcrumbList\",\"@id\":\"https:\\\/\\\/www.impressionoriginale.com\\\/fr\\\/produit\\\/noeud-satin-vert-deau-n273-l\\\/#breadcrumb\",\"itemListElement\":[{\"@type\":\"ListItem\",\"position\":1,\"name\":\"Home\",\"item\":\"https:\\\/\\\/www.impressionoriginale.com\\\/fr\\\/\"},{\"@type\":\"ListItem\",\"position\":2,\"name\":\"Boutique\",\"item\":\"https:\\\/\\\/www.impressionoriginale.com\\\/fr\\\/boutique\\\/\"},{\"@type\":\"ListItem\",\"position\":3,\"name\":\"Noeud satin ail\u00e9 vert d&#8217;eau n\u00b0273 (L)\"}]},{\"@type\":\"WebSite\",\"@id\":\"https:\\\/\\\/www.impressionoriginale.com\\\/fr\\\/#website\",\"url\":\"https:\\\/\\\/www.impressionoriginale.com\\\/fr\\\/\",\"name\":\"Impression Originale\",\"description\":\"The art of gifting has a new name. The online store for all your wrapping cravings.\",\"publisher\":{\"@id\":\"https:\\\/\\\/www.impressionoriginale.com\\\/fr\\\/#organization\"},\"potentialAction\":[{\"@type\":\"SearchAction\",\"target\":{\"@type\":\"EntryPoint\",\"urlTemplate\":\"https:\\\/\\\/www.impressionoriginale.com\\\/fr\\\/?s={search_term_string}\"},\"query-input\":{\"@type\":\"PropertyValueSpecification\",\"valueRequired\":true,\"valueName\":\"search_term_string\"}}],\"inLanguage\":\"fr-FR\"},{\"@type\":\"Organization\",\"@id\":\"https:\\\/\\\/www.impressionoriginale.com\\\/fr\\\/#organization\",\"name\":\"Impression Originale\",\"url\":\"https:\\\/\\\/www.impressionoriginale.com\\\/fr\\\/\",\"logo\":{\"@type\":\"ImageObject\",\"inLanguage\":\"fr-FR\",\"@id\":\"https:\\\/\\\/www.impressionoriginale.com\\\/fr\\\/#\\\/schema\\\/logo\\\/image\\\/\",\"url\":\"https:\\\/\\\/www.impressionoriginale.com\\\/wp-content\\\/uploads\\\/2021\\\/08\\\/LOGO-2020-BLACK.png\",\"contentUrl\":\"https:\\\/\\\/www.impressionoriginale.com\\\/wp-content\\\/uploads\\\/2021\\\/08\\\/LOGO-2020-BLACK.png\",\"width\":567,\"height\":567,\"caption\":\"Impression Originale\"},\"image\":{\"@id\":\"https:\\\/\\\/www.impressionoriginale.com\\\/fr\\\/#\\\/schema\\\/logo\\\/image\\\/\"}}]}<\/script>\n<!-- \/ Yoast SEO plugin. -->","yoast_head_json":{"title":"Noeud satin ail\u00e9 vert d'eau n\u00b0273 (L) - Impression Originale","description":"Large noeud satin vert d'eau en forme ail\u00e9e vient se poser sur vos plus jolis cadeaux pour un r\u00e9sultat toujours parfait. Fait main, Impression Originale.","robots":{"index":"index","follow":"follow","max-snippet":"max-snippet:-1","max-image-preview":"max-image-preview:large","max-video-preview":"max-video-preview:-1"},"canonical":"https:\/\/www.impressionoriginale.com\/fr\/produit\/noeud-satin-vert-deau-n273-l\/","og_locale":"fr_FR","og_type":"article","og_title":"Noeud satin ail\u00e9 vert d'eau n\u00b0273 (L) - Impression Originale","og_description":"Large noeud satin vert d'eau en forme ail\u00e9e vient se poser sur vos plus jolis cadeaux pour un r\u00e9sultat toujours parfait. Fait main, Impression Originale.","og_url":"https:\/\/www.impressionoriginale.com\/fr\/produit\/noeud-satin-vert-deau-n273-l\/","og_site_name":"Impression Originale","article_modified_time":"2024-11-04T16:50:54+00:00","og_image":[{"width":1200,"height":1600,"url":"https:\/\/www.impressionoriginale.com\/wp-content\/uploads\/2019\/08\/NSAA273VER50_Milky-Green-Satin-Winged-Bow-n\u00b0273_L_IMPRESSION_ORIGINALE.jpg","type":"image\/jpeg"}],"twitter_card":"summary_large_image","twitter_misc":{"Dur\u00e9e de lecture estim\u00e9e":"1 minute"},"schema":{"@context":"https:\/\/schema.org","@graph":[{"@type":"WebPage","@id":"https:\/\/www.impressionoriginale.com\/fr\/produit\/noeud-satin-vert-deau-n273-l\/","url":"https:\/\/www.impressionoriginale.com\/fr\/produit\/noeud-satin-vert-deau-n273-l\/","name":"Noeud satin ail\u00e9 vert d'eau n\u00b0273 (L) - Impression Originale","isPartOf":{"@id":"https:\/\/www.impressionoriginale.com\/fr\/#website"},"primaryImageOfPage":{"@id":"https:\/\/www.impressionoriginale.com\/fr\/produit\/noeud-satin-vert-deau-n273-l\/#primaryimage"},"image":{"@id":"https:\/\/www.impressionoriginale.com\/fr\/produit\/noeud-satin-vert-deau-n273-l\/#primaryimage"},"thumbnailUrl":"https:\/\/www.impressionoriginale.com\/wp-content\/uploads\/2019\/08\/NSAA273VER50_Milky-Green-Satin-Winged-Bow-n\u00b0273_L_IMPRESSION_ORIGINALE.jpg","datePublished":"2019-08-19T13:46:36+00:00","dateModified":"2024-11-04T16:50:54+00:00","description":"Large noeud satin vert d'eau en forme ail\u00e9e vient se poser sur vos plus jolis cadeaux pour un r\u00e9sultat toujours parfait. Fait main, Impression Originale.","breadcrumb":{"@id":"https:\/\/www.impressionoriginale.com\/fr\/produit\/noeud-satin-vert-deau-n273-l\/#breadcrumb"},"inLanguage":"fr-FR","potentialAction":[{"@type":"ReadAction","target":["https:\/\/www.impressionoriginale.com\/fr\/produit\/noeud-satin-vert-deau-n273-l\/"]}]},{"@type":"ImageObject","inLanguage":"fr-FR","@id":"https:\/\/www.impressionoriginale.com\/fr\/produit\/noeud-satin-vert-deau-n273-l\/#primaryimage","url":"https:\/\/www.impressionoriginale.com\/wp-content\/uploads\/2019\/08\/NSAA273VER50_Milky-Green-Satin-Winged-Bow-n\u00b0273_L_IMPRESSION_ORIGINALE.jpg","contentUrl":"https:\/\/www.impressionoriginale.com\/wp-content\/uploads\/2019\/08\/NSAA273VER50_Milky-Green-Satin-Winged-Bow-n\u00b0273_L_IMPRESSION_ORIGINALE.jpg","width":1200,"height":1600,"caption":"NSAA273VER50_Milky Green Satin Winged Bow n\u00b0273_L_IMPRESSION_ORIGINALE"},{"@type":"BreadcrumbList","@id":"https:\/\/www.impressionoriginale.com\/fr\/produit\/noeud-satin-vert-deau-n273-l\/#breadcrumb","itemListElement":[{"@type":"ListItem","position":1,"name":"Home","item":"https:\/\/www.impressionoriginale.com\/fr\/"},{"@type":"ListItem","position":2,"name":"Boutique","item":"https:\/\/www.impressionoriginale.com\/fr\/boutique\/"},{"@type":"ListItem","position":3,"name":"Noeud satin ail\u00e9 vert d&#8217;eau n\u00b0273 (L)"}]},{"@type":"WebSite","@id":"https:\/\/www.impressionoriginale.com\/fr\/#website","url":"https:\/\/www.impressionoriginale.com\/fr\/","name":"Impression Originale","description":"The art of gifting has a new name. The online store for all your wrapping cravings.","publisher":{"@id":"https:\/\/www.impressionoriginale.com\/fr\/#organization"},"potentialAction":[{"@type":"SearchAction","target":{"@type":"EntryPoint","urlTemplate":"https:\/\/www.impressionoriginale.com\/fr\/?s={search_term_string}"},"query-input":{"@type":"PropertyValueSpecification","valueRequired":true,"valueName":"search_term_string"}}],"inLanguage":"fr-FR"},{"@type":"Organization","@id":"https:\/\/www.impressionoriginale.com\/fr\/#organization","name":"Impression Originale","url":"https:\/\/www.impressionoriginale.com\/fr\/","logo":{"@type":"ImageObject","inLanguage":"fr-FR","@id":"https:\/\/www.impressionoriginale.com\/fr\/#\/schema\/logo\/image\/","url":"https:\/\/www.impressionoriginale.com\/wp-content\/uploads\/2021\/08\/LOGO-2020-BLACK.png","contentUrl":"https:\/\/www.impressionoriginale.com\/wp-content\/uploads\/2021\/08\/LOGO-2020-BLACK.png","width":567,"height":567,"caption":"Impression Originale"},"image":{"@id":"https:\/\/www.impressionoriginale.com\/fr\/#\/schema\/logo\/image\/"}}]}},"_links":{"self":[{"href":"https:\/\/www.impressionoriginale.com\/fr\/wp-json\/wp\/v2\/product\/7802","targetHints":{"allow":["GET"]}}],"collection":[{"href":"https:\/\/www.impressionoriginale.com\/fr\/wp-json\/wp\/v2\/product"}],"about":[{"href":"https:\/\/www.impressionoriginale.com\/fr\/wp-json\/wp\/v2\/types\/product"}],"wp:featuredmedia":[{"embeddable":true,"href":"https:\/\/www.impressionoriginale.com\/fr\/wp-json\/wp\/v2\/media\/7774"}],"wp:attachment":[{"href":"https:\/\/www.impressionoriginale.com\/fr\/wp-json\/wp\/v2\/media?parent=7802"}],"wp:term":[{"taxonomy":"product_brand","embeddable":true,"href":"https:\/\/www.impressionoriginale.com\/fr\/wp-json\/wp\/v2\/product_brand?post=7802"},{"taxonomy":"product_cat","embeddable":true,"href":"https:\/\/www.impressionoriginale.com\/fr\/wp-json\/wp\/v2\/product_cat?post=7802"},{"taxonomy":"product_tag","embeddable":true,"href":"https:\/\/www.impressionoriginale.com\/fr\/wp-json\/wp\/v2\/product_tag?post=7802"}],"curies":[{"name":"wp","href":"https:\/\/api.w.org\/{rel}","templated":true}]}}