{"id":7814,"date":"2019-08-22T15:24:03","date_gmt":"2019-08-22T15:24:03","guid":{"rendered":"https:\/\/impressionorig.wpengine.com\/?post_type=product&#038;p=7814"},"modified":"2025-12-10T18:09:40","modified_gmt":"2025-12-10T18:09:40","slug":"noeud-velours-noir-n233-l","status":"publish","type":"product","link":"https:\/\/www.impressionoriginale.com\/fr\/produit\/noeud-velours-noir-n233-l\/","title":{"rendered":"N\u0153ud velours noir n\u00b0233 (L)"},"content":{"rendered":"<div class=\"wpb-content-wrapper\"><p>[vc_row][vc_column width=\u00a0\u00bb2\/3\u2033][vc_column_text]<\/p>\n<p style=\"text-align: justify;\">S\u00e9lectionn\u00e9 avec attention, chaque noeud\u00a0est associ\u00e9 \u00e0 un ou plusieurs papiers. Tous nos noeuds\u00a0pr\u00eat-\u00e0-poser sont confectionn\u00e9s \u00e0 la main \u00e0 Angers en France.<\/p>\n<p style=\"text-align: justify;\">Chaque n\u0153ud est emball\u00e9 dans du papier de soie et il peut \u00eatre coll\u00e9 sur votre cadeau gr\u00e2ce \u00e0 la gommette double face fournie, seul ou avec le ruban associ\u00e9. Soyez cr\u00e9atif(ve), inspir\u00e9(e) et fa\u00eetes des heureux !<\/p>\n<p style=\"text-align: center;\"><em>\u00ab Aimer ce que vous fa\u00eetes, et fa\u00eetes-le bien \u00bb<\/em><\/p>\n<p>[\/vc_column_text][\/vc_column][vc_column width=\u00a0\u00bb1\/3\u2033][vc_column_text]<\/p>\n<table>\n<tbody>\n<tr>\n<td width=\"87\"><strong>POIDS<\/strong><\/td>\n<td width=\"147\">30 g<\/td>\n<\/tr>\n<tr>\n<td width=\"87\"><strong>DIMENSIONS\u00a0<\/strong><\/td>\n<td width=\"147\">12\u00d75 cm<\/td>\n<\/tr>\n<tr>\n<td width=\"87\"><strong>MATIERE<\/strong><\/td>\n<td width=\"147\">Velours<\/td>\n<\/tr>\n<tr>\n<td width=\"87\"><strong>COULEUR \u00a0 \u00a0 \u00a0\u00a0<\/strong><\/td>\n<td width=\"147\">Noir<\/td>\n<\/tr>\n<tr>\n<td width=\"87\"><strong>ORIGINE \u00a0 \u00a0 \u00a0 \u00a0\u00a0<\/strong><\/td>\n<td width=\"147\">France<\/td>\n<\/tr>\n<\/tbody>\n<\/table>\n<p>[\/vc_column_text][\/vc_column][\/vc_row][vc_row][vc_column][vc_column_text css=\u00a0\u00bb\u00a0\u00bb]<\/p>\n<table width=\"40%\">\n<tbody>\n<tr>\n<td width=\"62%\"><strong>COULEUR<\/strong>\n<p><strong>Noeud velours smoking pr\u00eat-\u00e0-poser<\/strong><\/p><\/td>\n<td width=\"35%\"><strong>TAILLE<\/strong>\n<p>(mm)<\/p><\/td>\n<\/tr>\n<tr>\n<td width=\"62%\"><a href=\"https:\/\/www.impressionoriginale.com\/fr\/produit\/noeud-velours-bleu-cobalt-n422-l\/\">Bleu cobalt<\/a><\/td>\n<td width=\"35%\">L<\/td>\n<\/tr>\n<tr>\n<td width=\"62%\"><a href=\"https:\/\/www.impressionoriginale.com\/fr\/produit\/noeud-velours-framboise-ecrasee-n250-l\/\">Framboise \u00e9cras\u00e9e<\/a><\/td>\n<td width=\"35%\">L<\/td>\n<\/tr>\n<tr>\n<td width=\"62%\"><a href=\"https:\/\/www.impressionoriginale.com\/fr\/produit\/noeud-velours-lapis-lazuli-n361\/\">Lapis-Lazuli<\/a><\/td>\n<td width=\"35%\">L<\/td>\n<\/tr>\n<tr>\n<td width=\"62%\"><a href=\"https:\/\/www.impressionoriginale.com\/fr\/produit\/noeud-velours-lavande-n302-l\/\">Lavande<\/a><\/td>\n<td width=\"35%\">L<\/td>\n<\/tr>\n<tr>\n<td width=\"62%\"><a href=\"https:\/\/www.impressionoriginale.com\/fr\/produit\/noeud-velours-lie-de-vin-n237\/\">Lie de vin<\/a><\/td>\n<td width=\"35%\">L<\/td>\n<\/tr>\n<tr>\n<td width=\"62%\"><a href=\"https:\/\/www.impressionoriginale.com\/fr\/produit\/noeud-velours-moutard-n287-l\/\">Moutarde<\/a><\/td>\n<td width=\"35%\">L<\/td>\n<\/tr>\n<tr>\n<td width=\"62%\"><a href=\"https:\/\/www.impressionoriginale.com\/fr\/produit\/noeud-velours-noir-n233-l\/\">Noir<\/a><\/td>\n<td width=\"35%\">L<\/td>\n<\/tr>\n<tr>\n<td width=\"62%\"><a href=\"https:\/\/www.impressionoriginale.com\/fr\/produit\/noeud-velours-rouge-imperial-n360-l\/\">Rouge imp\u00e9rial<\/a><\/td>\n<td width=\"35%\">L<\/td>\n<\/tr>\n<tr>\n<td width=\"62%\"><a href=\"https:\/\/www.impressionoriginale.com\/fr\/produit\/noeud-velours-vert-amande-n436-l\/\">Vert Amande<\/a><\/td>\n<td width=\"35%\">L<\/td>\n<\/tr>\n<tr>\n<td width=\"62%\"><a href=\"https:\/\/www.impressionoriginale.com\/fr\/produit\/noeud-velours-vert-sapin-n228-l\/\">Vert Sapin<\/a><\/td>\n<td width=\"35%\">L<\/td>\n<\/tr>\n<\/tbody>\n<\/table>\n<p>[\/vc_column_text][\/vc_column][\/vc_row]<\/p>\n\n\n<\/div>","protected":false},"excerpt":{"rendered":"<p><span style=\"color: #000000;\"><strong>Largeur<\/strong> \u00a0 \u00a0 \u00a0 \u00a05 cm<\/span><br \/>\n<span style=\"color: #000000;\"><strong>Longueur<\/strong> \u00a0 \u00a0 12 cm<\/span><br \/>\n<span style=\"color: #000000;\"><strong>Id\u00e9al<\/strong>\u00a0 \u00a0 \u00a0 \u00a0 \u00a0 \u00a0 \u00a0 moyen format<\/span><\/p>\n<p>&nbsp;<\/p>\n<p style=\"text-align: justify;\">Ce grand n\u0153ud velours smoking, pr\u00eat-\u00e0-poser, viendra sublimer vos plus beaux cadeaux. Il vous suffit de le coller sur votre paquet pour un effet couture, toujours parfait.<\/p>\n<p style=\"text-align: justify;\">Nous vous recommandons ce n\u0153ud pr\u00eat-\u00e0-poser avec les papiers cadeaux <a href=\"https:\/\/www.impressionoriginale.com\/fr\/produit\/ensemble-marqueterie-marbree\/\" target=\"_blank\" rel=\"noopener noreferrer\"><strong>Marqueterie Marbr\u00e9e<\/strong><\/a>, <a href=\"https:\/\/www.impressionoriginale.com\/fr\/produit\/ensemble-deluge-de-coeurs-bleu-marine\/\" target=\"_blank\" rel=\"noopener noreferrer\"><strong>D\u00e9luge de Coeurs<\/strong><\/a> et la pochette cadeau <a href=\"https:\/\/www.impressionoriginale.com\/fr\/produit\/coquillages-nacres-pochette-cadeau-m\/\" target=\"_blank\" rel=\"noopener noreferrer\"><strong>Coquillages Nacr\u00e9s<\/strong><\/a>.<\/p>\n","protected":false},"featured_media":7770,"template":"","meta":[],"product_brand":[],"product_cat":[528,535],"product_tag":[88,783,1002,1147],"class_list":{"0":"post-7814","1":"product","2":"type-product","3":"status-publish","4":"has-post-thumbnail","6":"product_cat-noeud","7":"product_cat-taille-l","8":"product_tag-impression-originale-fr-2","9":"product_tag-noeud-fr-2","10":"product_tag-taille-l-fr","11":"product_tag-velvet-fr","13":"first","14":"instock","15":"taxable","16":"shipping-taxable","17":"purchasable","18":"product-type-simple"},"bundled_by":["7187","2183","2819","2815","9723","9717","11336","11338","13147"],"bundle_stock_status":"instock","bundle_stock_quantity":46,"bundle_virtual":false,"bundle_layout":"","bundle_add_to_cart_form_location":"","bundle_editable_in_cart":false,"bundle_sold_individually_context":"","bundle_item_grouping":"","bundle_min_size":"","bundle_max_size":"","bundle_price":[],"bundled_items":[],"bundle_sell_ids":[],"yoast_head":"<!-- This site is optimized with the Yoast SEO plugin v27.5 - https:\/\/yoast.com\/product\/yoast-seo-wordpress\/ -->\n<title>N\u0153ud velours noir n\u00b0233 (L) - Impression Originale<\/title>\n<meta name=\"description\" content=\"Ce grand n\u0153ud velours smoking noir viendra sublimer vos plus beaux cadeaux. Pr\u00eat \u00e0 poser. Fait main par Impression Originale. Made in France.\" \/>\n<meta name=\"robots\" content=\"index, follow, max-snippet:-1, max-image-preview:large, max-video-preview:-1\" \/>\n<link rel=\"canonical\" href=\"https:\/\/www.impressionoriginale.com\/fr\/produit\/noeud-velours-noir-n233-l\/\" \/>\n<meta property=\"og:locale\" content=\"fr_FR\" \/>\n<meta property=\"og:type\" content=\"article\" \/>\n<meta property=\"og:title\" content=\"N\u0153ud velours noir n\u00b0233 (L) - Impression Originale\" \/>\n<meta property=\"og:description\" content=\"Ce grand n\u0153ud velours smoking noir viendra sublimer vos plus beaux cadeaux. Pr\u00eat \u00e0 poser. Fait main par Impression Originale. Made in France.\" \/>\n<meta property=\"og:url\" content=\"https:\/\/www.impressionoriginale.com\/fr\/produit\/noeud-velours-noir-n233-l\/\" \/>\n<meta property=\"og:site_name\" content=\"Impression Originale\" \/>\n<meta property=\"article:modified_time\" content=\"2025-12-10T18:09:40+00:00\" \/>\n<meta property=\"og:image\" content=\"https:\/\/www.impressionoriginale.com\/wp-content\/uploads\/2019\/08\/NVEL233NOI50_Black-Velvet-Tuxedo-Bow-n\u00b0233_L_IMPRESSION_ORIGINALE.jpg\" \/>\n\t<meta property=\"og:image:width\" content=\"1200\" \/>\n\t<meta property=\"og:image:height\" content=\"1600\" \/>\n\t<meta property=\"og:image:type\" content=\"image\/jpeg\" \/>\n<meta name=\"twitter:card\" content=\"summary_large_image\" \/>\n<meta name=\"twitter:label1\" content=\"Dur\u00e9e de lecture estim\u00e9e\" \/>\n\t<meta name=\"twitter:data1\" content=\"1 minute\" \/>\n<script type=\"application\/ld+json\" class=\"yoast-schema-graph\">{\"@context\":\"https:\\\/\\\/schema.org\",\"@graph\":[{\"@type\":\"WebPage\",\"@id\":\"https:\\\/\\\/www.impressionoriginale.com\\\/fr\\\/produit\\\/noeud-velours-noir-n233-l\\\/\",\"url\":\"https:\\\/\\\/www.impressionoriginale.com\\\/fr\\\/produit\\\/noeud-velours-noir-n233-l\\\/\",\"name\":\"N\u0153ud velours noir n\u00b0233 (L) - Impression Originale\",\"isPartOf\":{\"@id\":\"https:\\\/\\\/www.impressionoriginale.com\\\/fr\\\/#website\"},\"primaryImageOfPage\":{\"@id\":\"https:\\\/\\\/www.impressionoriginale.com\\\/fr\\\/produit\\\/noeud-velours-noir-n233-l\\\/#primaryimage\"},\"image\":{\"@id\":\"https:\\\/\\\/www.impressionoriginale.com\\\/fr\\\/produit\\\/noeud-velours-noir-n233-l\\\/#primaryimage\"},\"thumbnailUrl\":\"https:\\\/\\\/www.impressionoriginale.com\\\/wp-content\\\/uploads\\\/2019\\\/08\\\/NVEL233NOI50_Black-Velvet-Tuxedo-Bow-n\u00b0233_L_IMPRESSION_ORIGINALE.jpg\",\"datePublished\":\"2019-08-22T15:24:03+00:00\",\"dateModified\":\"2025-12-10T18:09:40+00:00\",\"description\":\"Ce grand n\u0153ud velours smoking noir viendra sublimer vos plus beaux cadeaux. Pr\u00eat \u00e0 poser. Fait main par Impression Originale. Made in France.\",\"breadcrumb\":{\"@id\":\"https:\\\/\\\/www.impressionoriginale.com\\\/fr\\\/produit\\\/noeud-velours-noir-n233-l\\\/#breadcrumb\"},\"inLanguage\":\"fr-FR\",\"potentialAction\":[{\"@type\":\"ReadAction\",\"target\":[\"https:\\\/\\\/www.impressionoriginale.com\\\/fr\\\/produit\\\/noeud-velours-noir-n233-l\\\/\"]}]},{\"@type\":\"ImageObject\",\"inLanguage\":\"fr-FR\",\"@id\":\"https:\\\/\\\/www.impressionoriginale.com\\\/fr\\\/produit\\\/noeud-velours-noir-n233-l\\\/#primaryimage\",\"url\":\"https:\\\/\\\/www.impressionoriginale.com\\\/wp-content\\\/uploads\\\/2019\\\/08\\\/NVEL233NOI50_Black-Velvet-Tuxedo-Bow-n\u00b0233_L_IMPRESSION_ORIGINALE.jpg\",\"contentUrl\":\"https:\\\/\\\/www.impressionoriginale.com\\\/wp-content\\\/uploads\\\/2019\\\/08\\\/NVEL233NOI50_Black-Velvet-Tuxedo-Bow-n\u00b0233_L_IMPRESSION_ORIGINALE.jpg\",\"width\":1200,\"height\":1600,\"caption\":\"NVEL233NOI50_Black Velvet Tuxedo Bow n\u00b0233_L_IMPRESSION_ORIGINALE\"},{\"@type\":\"BreadcrumbList\",\"@id\":\"https:\\\/\\\/www.impressionoriginale.com\\\/fr\\\/produit\\\/noeud-velours-noir-n233-l\\\/#breadcrumb\",\"itemListElement\":[{\"@type\":\"ListItem\",\"position\":1,\"name\":\"Home\",\"item\":\"https:\\\/\\\/www.impressionoriginale.com\\\/fr\\\/\"},{\"@type\":\"ListItem\",\"position\":2,\"name\":\"Boutique\",\"item\":\"https:\\\/\\\/www.impressionoriginale.com\\\/fr\\\/boutique\\\/\"},{\"@type\":\"ListItem\",\"position\":3,\"name\":\"N\u0153ud velours noir n\u00b0233 (L)\"}]},{\"@type\":\"WebSite\",\"@id\":\"https:\\\/\\\/www.impressionoriginale.com\\\/fr\\\/#website\",\"url\":\"https:\\\/\\\/www.impressionoriginale.com\\\/fr\\\/\",\"name\":\"Impression Originale\",\"description\":\"The art of gifting has a new name. The online store for all your wrapping cravings.\",\"publisher\":{\"@id\":\"https:\\\/\\\/www.impressionoriginale.com\\\/fr\\\/#organization\"},\"potentialAction\":[{\"@type\":\"SearchAction\",\"target\":{\"@type\":\"EntryPoint\",\"urlTemplate\":\"https:\\\/\\\/www.impressionoriginale.com\\\/fr\\\/?s={search_term_string}\"},\"query-input\":{\"@type\":\"PropertyValueSpecification\",\"valueRequired\":true,\"valueName\":\"search_term_string\"}}],\"inLanguage\":\"fr-FR\"},{\"@type\":\"Organization\",\"@id\":\"https:\\\/\\\/www.impressionoriginale.com\\\/fr\\\/#organization\",\"name\":\"Impression Originale\",\"url\":\"https:\\\/\\\/www.impressionoriginale.com\\\/fr\\\/\",\"logo\":{\"@type\":\"ImageObject\",\"inLanguage\":\"fr-FR\",\"@id\":\"https:\\\/\\\/www.impressionoriginale.com\\\/fr\\\/#\\\/schema\\\/logo\\\/image\\\/\",\"url\":\"https:\\\/\\\/www.impressionoriginale.com\\\/wp-content\\\/uploads\\\/2021\\\/08\\\/LOGO-2020-BLACK.png\",\"contentUrl\":\"https:\\\/\\\/www.impressionoriginale.com\\\/wp-content\\\/uploads\\\/2021\\\/08\\\/LOGO-2020-BLACK.png\",\"width\":567,\"height\":567,\"caption\":\"Impression Originale\"},\"image\":{\"@id\":\"https:\\\/\\\/www.impressionoriginale.com\\\/fr\\\/#\\\/schema\\\/logo\\\/image\\\/\"}}]}<\/script>\n<!-- \/ Yoast SEO plugin. -->","yoast_head_json":{"title":"N\u0153ud velours noir n\u00b0233 (L) - Impression Originale","description":"Ce grand n\u0153ud velours smoking noir viendra sublimer vos plus beaux cadeaux. Pr\u00eat \u00e0 poser. Fait main par Impression Originale. Made in France.","robots":{"index":"index","follow":"follow","max-snippet":"max-snippet:-1","max-image-preview":"max-image-preview:large","max-video-preview":"max-video-preview:-1"},"canonical":"https:\/\/www.impressionoriginale.com\/fr\/produit\/noeud-velours-noir-n233-l\/","og_locale":"fr_FR","og_type":"article","og_title":"N\u0153ud velours noir n\u00b0233 (L) - Impression Originale","og_description":"Ce grand n\u0153ud velours smoking noir viendra sublimer vos plus beaux cadeaux. Pr\u00eat \u00e0 poser. Fait main par Impression Originale. Made in France.","og_url":"https:\/\/www.impressionoriginale.com\/fr\/produit\/noeud-velours-noir-n233-l\/","og_site_name":"Impression Originale","article_modified_time":"2025-12-10T18:09:40+00:00","og_image":[{"width":1200,"height":1600,"url":"https:\/\/www.impressionoriginale.com\/wp-content\/uploads\/2019\/08\/NVEL233NOI50_Black-Velvet-Tuxedo-Bow-n\u00b0233_L_IMPRESSION_ORIGINALE.jpg","type":"image\/jpeg"}],"twitter_card":"summary_large_image","twitter_misc":{"Dur\u00e9e de lecture estim\u00e9e":"1 minute"},"schema":{"@context":"https:\/\/schema.org","@graph":[{"@type":"WebPage","@id":"https:\/\/www.impressionoriginale.com\/fr\/produit\/noeud-velours-noir-n233-l\/","url":"https:\/\/www.impressionoriginale.com\/fr\/produit\/noeud-velours-noir-n233-l\/","name":"N\u0153ud velours noir n\u00b0233 (L) - Impression Originale","isPartOf":{"@id":"https:\/\/www.impressionoriginale.com\/fr\/#website"},"primaryImageOfPage":{"@id":"https:\/\/www.impressionoriginale.com\/fr\/produit\/noeud-velours-noir-n233-l\/#primaryimage"},"image":{"@id":"https:\/\/www.impressionoriginale.com\/fr\/produit\/noeud-velours-noir-n233-l\/#primaryimage"},"thumbnailUrl":"https:\/\/www.impressionoriginale.com\/wp-content\/uploads\/2019\/08\/NVEL233NOI50_Black-Velvet-Tuxedo-Bow-n\u00b0233_L_IMPRESSION_ORIGINALE.jpg","datePublished":"2019-08-22T15:24:03+00:00","dateModified":"2025-12-10T18:09:40+00:00","description":"Ce grand n\u0153ud velours smoking noir viendra sublimer vos plus beaux cadeaux. Pr\u00eat \u00e0 poser. Fait main par Impression Originale. Made in France.","breadcrumb":{"@id":"https:\/\/www.impressionoriginale.com\/fr\/produit\/noeud-velours-noir-n233-l\/#breadcrumb"},"inLanguage":"fr-FR","potentialAction":[{"@type":"ReadAction","target":["https:\/\/www.impressionoriginale.com\/fr\/produit\/noeud-velours-noir-n233-l\/"]}]},{"@type":"ImageObject","inLanguage":"fr-FR","@id":"https:\/\/www.impressionoriginale.com\/fr\/produit\/noeud-velours-noir-n233-l\/#primaryimage","url":"https:\/\/www.impressionoriginale.com\/wp-content\/uploads\/2019\/08\/NVEL233NOI50_Black-Velvet-Tuxedo-Bow-n\u00b0233_L_IMPRESSION_ORIGINALE.jpg","contentUrl":"https:\/\/www.impressionoriginale.com\/wp-content\/uploads\/2019\/08\/NVEL233NOI50_Black-Velvet-Tuxedo-Bow-n\u00b0233_L_IMPRESSION_ORIGINALE.jpg","width":1200,"height":1600,"caption":"NVEL233NOI50_Black Velvet Tuxedo Bow n\u00b0233_L_IMPRESSION_ORIGINALE"},{"@type":"BreadcrumbList","@id":"https:\/\/www.impressionoriginale.com\/fr\/produit\/noeud-velours-noir-n233-l\/#breadcrumb","itemListElement":[{"@type":"ListItem","position":1,"name":"Home","item":"https:\/\/www.impressionoriginale.com\/fr\/"},{"@type":"ListItem","position":2,"name":"Boutique","item":"https:\/\/www.impressionoriginale.com\/fr\/boutique\/"},{"@type":"ListItem","position":3,"name":"N\u0153ud velours noir n\u00b0233 (L)"}]},{"@type":"WebSite","@id":"https:\/\/www.impressionoriginale.com\/fr\/#website","url":"https:\/\/www.impressionoriginale.com\/fr\/","name":"Impression Originale","description":"The art of gifting has a new name. The online store for all your wrapping cravings.","publisher":{"@id":"https:\/\/www.impressionoriginale.com\/fr\/#organization"},"potentialAction":[{"@type":"SearchAction","target":{"@type":"EntryPoint","urlTemplate":"https:\/\/www.impressionoriginale.com\/fr\/?s={search_term_string}"},"query-input":{"@type":"PropertyValueSpecification","valueRequired":true,"valueName":"search_term_string"}}],"inLanguage":"fr-FR"},{"@type":"Organization","@id":"https:\/\/www.impressionoriginale.com\/fr\/#organization","name":"Impression Originale","url":"https:\/\/www.impressionoriginale.com\/fr\/","logo":{"@type":"ImageObject","inLanguage":"fr-FR","@id":"https:\/\/www.impressionoriginale.com\/fr\/#\/schema\/logo\/image\/","url":"https:\/\/www.impressionoriginale.com\/wp-content\/uploads\/2021\/08\/LOGO-2020-BLACK.png","contentUrl":"https:\/\/www.impressionoriginale.com\/wp-content\/uploads\/2021\/08\/LOGO-2020-BLACK.png","width":567,"height":567,"caption":"Impression Originale"},"image":{"@id":"https:\/\/www.impressionoriginale.com\/fr\/#\/schema\/logo\/image\/"}}]}},"_links":{"self":[{"href":"https:\/\/www.impressionoriginale.com\/fr\/wp-json\/wp\/v2\/product\/7814","targetHints":{"allow":["GET"]}}],"collection":[{"href":"https:\/\/www.impressionoriginale.com\/fr\/wp-json\/wp\/v2\/product"}],"about":[{"href":"https:\/\/www.impressionoriginale.com\/fr\/wp-json\/wp\/v2\/types\/product"}],"wp:featuredmedia":[{"embeddable":true,"href":"https:\/\/www.impressionoriginale.com\/fr\/wp-json\/wp\/v2\/media\/7770"}],"wp:attachment":[{"href":"https:\/\/www.impressionoriginale.com\/fr\/wp-json\/wp\/v2\/media?parent=7814"}],"wp:term":[{"taxonomy":"product_brand","embeddable":true,"href":"https:\/\/www.impressionoriginale.com\/fr\/wp-json\/wp\/v2\/product_brand?post=7814"},{"taxonomy":"product_cat","embeddable":true,"href":"https:\/\/www.impressionoriginale.com\/fr\/wp-json\/wp\/v2\/product_cat?post=7814"},{"taxonomy":"product_tag","embeddable":true,"href":"https:\/\/www.impressionoriginale.com\/fr\/wp-json\/wp\/v2\/product_tag?post=7814"}],"curies":[{"name":"wp","href":"https:\/\/api.w.org\/{rel}","templated":true}]}}