{"id":8171,"date":"2019-11-11T15:20:28","date_gmt":"2019-11-11T15:20:30","guid":{"rendered":"https:\/\/impressionorig.wpengine.com\/?post_type=product&#038;p=8171"},"modified":"2023-11-18T17:26:40","modified_gmt":"2023-11-18T17:26:40","slug":"ensemble-coquillages-nacres","status":"publish","type":"product","link":"https:\/\/www.impressionoriginale.com\/fr\/produit\/ensemble-coquillages-nacres\/","title":{"rendered":"Ensemble Coquillages nacr\u00e9s"},"content":{"rendered":"<p style=\"padding-left: 30px;\"><strong>POIDS<\/strong> \u00a0 \u00a0 \u00a0 \u00a0 \u00a0 \u00a0 \u00a0 \u00a0 \u00a0 \u00a0 \u00a0 115 g \/m<sup>2<\/sup><\/p>\n<p style=\"padding-left: 30px;\"><strong>DIMENSIONS<\/strong>\u00a0 \u00a0 \u00a0 \u00a0 60x86cm (tr\u00e8s grande\u00a0feuille, roul\u00e9e)<\/p>\n<p style=\"padding-left: 30px;\"><strong>PAPIER<\/strong>\u00a0 \u00a0 \u00a0 \u00a0 \u00a0 \u00a0 \u00a0 \u00a0 \u00a0 \u00a0 \u00a0 Cyclus \u2013 100% recycl\u00e9<\/p>\n<p style=\"padding-left: 30px;\"><strong>ENCRE<\/strong>\u00a0 \u00a0 \u00a0 \u00a0 \u00a0 \u00a0 \u00a0 \u00a0 \u00a0 \u00a0 \u00a0 \u00a0Patone or, Offset quadri pleine couleur, proc\u00e9d\u00e9 s\u00e9chage UV, impression recto-verso<\/p>\n<p style=\"padding-left: 30px;\"><strong>ORIGINE<\/strong>\u00a0 \u00a0 \u00a0 \u00a0 \u00a0 \u00a0 \u00a0 \u00a0 \u00a0 \u00a0D\u2019 Angers, France<\/p>\n<p style=\"text-align: justify;\">Dessin\u00e9s par nos artistes du monde entier et mis\u00a0sous pli\u00a0\u00e0 la main par\u00a0nos\u00a0petites f\u00e9es \u00e0 Angers, France.<\/p>\n<p style=\"text-align: justify;\">Nos papiers cadeaux et rubans\u00a0vont\u00a0sublimer vos cadeaux\u00a0\u00e0 la perfection\u00a0et peuvent aussi s\u2019offrir \u00e0 toutes vos autres utilisations cr\u00e9atives, comme la reliure ou les projets artistiques.\u00a0Laissez nos papiers vous\u00a0inspirer, et laissez parler votre cr\u00e9ativit\u00e9\u2026<\/p>\n<p style=\"text-align: justify;\"><em>\u00ab\u00a0Faites de beaux cadeaux et faites des heureux !\u00a0\u00bb<\/em><\/p>\n\n\n","protected":false},"excerpt":{"rendered":"<p style=\"text-align: justify;\"><strong>Claire Colin<\/strong><\/p>\n<h5 style=\"text-align: justify;\"><em>Coquillages nacr\u00e9s <\/em>papier cadeau<\/h5>\n<p style=\"text-align: justify;\">Atours d\u2019une princesse des oc\u00e9ans, joyaux de la mer, les coquillages nacr\u00e9s de Claire oscillent sous la surface de l\u2019eau et \u00e9tincellent \u00e0 la lumi\u00e8re du jour. Ce motif de papier cadeau est infus\u00e9 des Arts D\u00e9coratifs intemporels qui c\u00e9l\u00e8brent avec \u00e9l\u00e9gance nos plus beaux cadeaux.<\/p>\n<p style=\"text-align: justify;\">Retrouvez dans le m\u00eame design or la <a href=\"https:\/\/www.impressionoriginale.com\/fr\/produit\/coquillages-nacres-or-pochette-cadeau-m\/\" target=\"_blank\" rel=\"noopener\"><strong><span style=\"color: blue;\">pochette cadeau (taille M)<\/span><\/strong><\/a> et son <a href=\"https:\/\/www.impressionoriginale.com\/fr\/produit\/pearly-shells-gold-gift-wrap\/\" target=\"_blank\" rel=\"noopener\"><strong><span style=\"color: blue;\">papier cadeau<\/span><\/strong><\/a> luxe. En version bleu-nuit la <a href=\"https:\/\/www.impressionoriginale.com\/fr\/produit\/look-coquillages-nacres\/\" target=\"_blank\" rel=\"noopener\"><strong><span style=\"color: blue;\">pochette cadeau (taille M)<\/span><\/strong><\/a> avec son joli n\u0153ud velours noir.<\/p>\n<p><strong>Dans ce KIT<\/strong>\u00a0: 1 feuille XL + 1 NOEUD pr\u00eat-\u00e0-poser<\/p>\n<p style=\"text-align: center;\"><em>Note : Tous nos papiers cadeaux sont envoy\u00e9s roul\u00e9s soigneusement dans un tube.<\/em><\/p>\n","protected":false},"featured_media":7864,"template":"","meta":[],"product_brand":[],"product_cat":[329,334,398,912,914,911,1089],"product_tag":[826,88,984,81,1095,1146],"class_list":{"0":"post-8171","1":"product","2":"type-product","3":"status-publish","4":"has-post-thumbnail","6":"product_cat-ensembles","7":"product_cat-ensembles-chic","8":"product_cat-ensembles-noel","9":"product_cat-luxe","10":"product_cat-mariage","11":"product_cat-noel","12":"product_cat-papier-cadeau-ruban","13":"product_tag-claire-colin-fr-2","14":"product_tag-impression-originale-fr-2","15":"product_tag-les-ensembles","16":"product_tag-papier-cadeau-fr","17":"product_tag-papiers-cadeaux","18":"product_tag-ready-to-bow-fr","20":"first","21":"instock","22":"taxable","23":"shipping-taxable","24":"purchasable","25":"product-type-bundle"},"bundled_by":[],"bundle_stock_status":"insufficientstock","bundle_stock_quantity":0,"bundle_virtual":false,"bundle_layout":"default","bundle_add_to_cart_form_location":"default","bundle_editable_in_cart":true,"bundle_sold_individually_context":"product","bundle_item_grouping":"parent","bundle_min_size":"","bundle_max_size":"","bundle_price":{"price":{"min":{"incl_tax":"17.5","excl_tax":"14.59"},"max":{"incl_tax":"","excl_tax":""}},"regular_price":{"min":{"incl_tax":"17.5","excl_tax":"14.59"},"max":{"incl_tax":"","excl_tax":""}}},"bundled_items":[{"bundled_item_id":860,"product_id":7858,"menu_order":0,"quantity_min":1,"quantity_max":"","quantity_default":1,"priced_individually":true,"shipped_individually":false,"override_title":false,"title":"Coquillages nacr\u00e9s Papier Cadeau","override_description":true,"description":"60x86cm (115g)","optional":false,"hide_thumbnail":false,"discount":"","override_variations":false,"allowed_variations":[""],"override_default_variation_attributes":false,"default_variation_attributes":[],"single_product_visibility":"visible","cart_visibility":"visible","order_visibility":"visible","single_product_price_visibility":"visible","cart_price_visibility":"visible","order_price_visibility":"visible","stock_status":"in_stock"},{"bundled_item_id":861,"product_id":8062,"menu_order":1,"quantity_min":1,"quantity_max":"","quantity_default":1,"priced_individually":true,"shipped_individually":false,"override_title":false,"title":"Noeud Reflets Or n\u00b001 (38mm)","override_description":true,"description":"Noeud pr\u00eat-\u00e0-poser (3,8x10cm)","optional":false,"hide_thumbnail":false,"discount":"","override_variations":false,"allowed_variations":[""],"override_default_variation_attributes":false,"default_variation_attributes":[],"single_product_visibility":"visible","cart_visibility":"visible","order_visibility":"visible","single_product_price_visibility":"visible","cart_price_visibility":"visible","order_price_visibility":"visible","stock_status":"out_of_stock"}],"bundle_sell_ids":[],"yoast_head":"<!-- This site is optimized with the Yoast SEO plugin v27.3 - https:\/\/yoast.com\/product\/yoast-seo-wordpress\/ -->\n<title>Ensemble Coquillages nacr\u00e9s - Impression Originale<\/title>\n<meta name=\"description\" content=\"Le papier cadeau &quot;Coquillages nacr\u00e9s&quot; dessin\u00e9 par Claire Colin pour Impression Originale se marie \u00e0 la perfection avec un noeud pr\u00eat-\u00e0-poser en or. 100% recycl\u00e9, made in Angers, France.\" \/>\n<meta name=\"robots\" content=\"index, follow, max-snippet:-1, max-image-preview:large, max-video-preview:-1\" \/>\n<link rel=\"canonical\" href=\"https:\/\/www.impressionoriginale.com\/fr\/produit\/ensemble-coquillages-nacres\/\" \/>\n<meta property=\"og:locale\" content=\"fr_FR\" \/>\n<meta property=\"og:type\" content=\"article\" \/>\n<meta property=\"og:title\" content=\"Ensemble Coquillages nacr\u00e9s - Impression Originale\" \/>\n<meta property=\"og:description\" content=\"Le papier cadeau &quot;Coquillages nacr\u00e9s&quot; dessin\u00e9 par Claire Colin pour Impression Originale se marie \u00e0 la perfection avec un noeud pr\u00eat-\u00e0-poser en or. 100% recycl\u00e9, made in Angers, France.\" \/>\n<meta property=\"og:url\" content=\"https:\/\/www.impressionoriginale.com\/fr\/produit\/ensemble-coquillages-nacres\/\" \/>\n<meta property=\"og:site_name\" content=\"Impression Originale\" \/>\n<meta property=\"article:modified_time\" content=\"2023-11-18T17:26:40+00:00\" \/>\n<meta property=\"og:image\" content=\"https:\/\/www.impressionoriginale.com\/wp-content\/uploads\/2019\/08\/IOR-NREF001DOR38_BOW_paired_pearly_shells_WRAP.jpg\" \/>\n\t<meta property=\"og:image:width\" content=\"1200\" \/>\n\t<meta property=\"og:image:height\" content=\"1600\" \/>\n\t<meta property=\"og:image:type\" content=\"image\/jpeg\" \/>\n<meta name=\"twitter:card\" content=\"summary_large_image\" \/>\n<meta name=\"twitter:label1\" content=\"Dur\u00e9e de lecture estim\u00e9e\" \/>\n\t<meta name=\"twitter:data1\" content=\"1 minute\" \/>\n<script type=\"application\/ld+json\" class=\"yoast-schema-graph\">{\"@context\":\"https:\\\/\\\/schema.org\",\"@graph\":[{\"@type\":\"WebPage\",\"@id\":\"https:\\\/\\\/www.impressionoriginale.com\\\/fr\\\/produit\\\/ensemble-coquillages-nacres\\\/\",\"url\":\"https:\\\/\\\/www.impressionoriginale.com\\\/fr\\\/produit\\\/ensemble-coquillages-nacres\\\/\",\"name\":\"Ensemble Coquillages nacr\u00e9s - Impression Originale\",\"isPartOf\":{\"@id\":\"https:\\\/\\\/www.impressionoriginale.com\\\/fr\\\/#website\"},\"primaryImageOfPage\":{\"@id\":\"https:\\\/\\\/www.impressionoriginale.com\\\/fr\\\/produit\\\/ensemble-coquillages-nacres\\\/#primaryimage\"},\"image\":{\"@id\":\"https:\\\/\\\/www.impressionoriginale.com\\\/fr\\\/produit\\\/ensemble-coquillages-nacres\\\/#primaryimage\"},\"thumbnailUrl\":\"https:\\\/\\\/www.impressionoriginale.com\\\/wp-content\\\/uploads\\\/2019\\\/08\\\/IOR-NREF001DOR38_BOW_paired_pearly_shells_WRAP.jpg\",\"datePublished\":\"2019-11-11T15:20:30+00:00\",\"dateModified\":\"2023-11-18T17:26:40+00:00\",\"description\":\"Le papier cadeau \\\"Coquillages nacr\u00e9s\\\" dessin\u00e9 par Claire Colin pour Impression Originale se marie \u00e0 la perfection avec un noeud pr\u00eat-\u00e0-poser en or. 100% recycl\u00e9, made in Angers, France.\",\"breadcrumb\":{\"@id\":\"https:\\\/\\\/www.impressionoriginale.com\\\/fr\\\/produit\\\/ensemble-coquillages-nacres\\\/#breadcrumb\"},\"inLanguage\":\"fr-FR\",\"potentialAction\":[{\"@type\":\"ReadAction\",\"target\":[\"https:\\\/\\\/www.impressionoriginale.com\\\/fr\\\/produit\\\/ensemble-coquillages-nacres\\\/\"]}]},{\"@type\":\"ImageObject\",\"inLanguage\":\"fr-FR\",\"@id\":\"https:\\\/\\\/www.impressionoriginale.com\\\/fr\\\/produit\\\/ensemble-coquillages-nacres\\\/#primaryimage\",\"url\":\"https:\\\/\\\/www.impressionoriginale.com\\\/wp-content\\\/uploads\\\/2019\\\/08\\\/IOR-NREF001DOR38_BOW_paired_pearly_shells_WRAP.jpg\",\"contentUrl\":\"https:\\\/\\\/www.impressionoriginale.com\\\/wp-content\\\/uploads\\\/2019\\\/08\\\/IOR-NREF001DOR38_BOW_paired_pearly_shells_WRAP.jpg\",\"width\":1200,\"height\":1600,\"caption\":\"IOR-NREF001DOR38_BOW_paired_pearly_shells_WRAP\"},{\"@type\":\"BreadcrumbList\",\"@id\":\"https:\\\/\\\/www.impressionoriginale.com\\\/fr\\\/produit\\\/ensemble-coquillages-nacres\\\/#breadcrumb\",\"itemListElement\":[{\"@type\":\"ListItem\",\"position\":1,\"name\":\"Home\",\"item\":\"https:\\\/\\\/www.impressionoriginale.com\\\/fr\\\/\"},{\"@type\":\"ListItem\",\"position\":2,\"name\":\"Boutique\",\"item\":\"https:\\\/\\\/www.impressionoriginale.com\\\/fr\\\/boutique\\\/\"},{\"@type\":\"ListItem\",\"position\":3,\"name\":\"Ensemble Coquillages nacr\u00e9s\"}]},{\"@type\":\"WebSite\",\"@id\":\"https:\\\/\\\/www.impressionoriginale.com\\\/fr\\\/#website\",\"url\":\"https:\\\/\\\/www.impressionoriginale.com\\\/fr\\\/\",\"name\":\"Impression Originale\",\"description\":\"The art of gifting has a new name. The online store for all your wrapping cravings.\",\"publisher\":{\"@id\":\"https:\\\/\\\/www.impressionoriginale.com\\\/fr\\\/#organization\"},\"potentialAction\":[{\"@type\":\"SearchAction\",\"target\":{\"@type\":\"EntryPoint\",\"urlTemplate\":\"https:\\\/\\\/www.impressionoriginale.com\\\/fr\\\/?s={search_term_string}\"},\"query-input\":{\"@type\":\"PropertyValueSpecification\",\"valueRequired\":true,\"valueName\":\"search_term_string\"}}],\"inLanguage\":\"fr-FR\"},{\"@type\":\"Organization\",\"@id\":\"https:\\\/\\\/www.impressionoriginale.com\\\/fr\\\/#organization\",\"name\":\"Impression Originale\",\"url\":\"https:\\\/\\\/www.impressionoriginale.com\\\/fr\\\/\",\"logo\":{\"@type\":\"ImageObject\",\"inLanguage\":\"fr-FR\",\"@id\":\"https:\\\/\\\/www.impressionoriginale.com\\\/fr\\\/#\\\/schema\\\/logo\\\/image\\\/\",\"url\":\"https:\\\/\\\/www.impressionoriginale.com\\\/wp-content\\\/uploads\\\/2021\\\/08\\\/LOGO-2020-BLACK.png\",\"contentUrl\":\"https:\\\/\\\/www.impressionoriginale.com\\\/wp-content\\\/uploads\\\/2021\\\/08\\\/LOGO-2020-BLACK.png\",\"width\":567,\"height\":567,\"caption\":\"Impression Originale\"},\"image\":{\"@id\":\"https:\\\/\\\/www.impressionoriginale.com\\\/fr\\\/#\\\/schema\\\/logo\\\/image\\\/\"}}]}<\/script>\n<!-- \/ Yoast SEO plugin. -->","yoast_head_json":{"title":"Ensemble Coquillages nacr\u00e9s - Impression Originale","description":"Le papier cadeau \"Coquillages nacr\u00e9s\" dessin\u00e9 par Claire Colin pour Impression Originale se marie \u00e0 la perfection avec un noeud pr\u00eat-\u00e0-poser en or. 100% recycl\u00e9, made in Angers, France.","robots":{"index":"index","follow":"follow","max-snippet":"max-snippet:-1","max-image-preview":"max-image-preview:large","max-video-preview":"max-video-preview:-1"},"canonical":"https:\/\/www.impressionoriginale.com\/fr\/produit\/ensemble-coquillages-nacres\/","og_locale":"fr_FR","og_type":"article","og_title":"Ensemble Coquillages nacr\u00e9s - Impression Originale","og_description":"Le papier cadeau \"Coquillages nacr\u00e9s\" dessin\u00e9 par Claire Colin pour Impression Originale se marie \u00e0 la perfection avec un noeud pr\u00eat-\u00e0-poser en or. 100% recycl\u00e9, made in Angers, France.","og_url":"https:\/\/www.impressionoriginale.com\/fr\/produit\/ensemble-coquillages-nacres\/","og_site_name":"Impression Originale","article_modified_time":"2023-11-18T17:26:40+00:00","og_image":[{"width":1200,"height":1600,"url":"https:\/\/www.impressionoriginale.com\/wp-content\/uploads\/2019\/08\/IOR-NREF001DOR38_BOW_paired_pearly_shells_WRAP.jpg","type":"image\/jpeg"}],"twitter_card":"summary_large_image","twitter_misc":{"Dur\u00e9e de lecture estim\u00e9e":"1 minute"},"schema":{"@context":"https:\/\/schema.org","@graph":[{"@type":"WebPage","@id":"https:\/\/www.impressionoriginale.com\/fr\/produit\/ensemble-coquillages-nacres\/","url":"https:\/\/www.impressionoriginale.com\/fr\/produit\/ensemble-coquillages-nacres\/","name":"Ensemble Coquillages nacr\u00e9s - Impression Originale","isPartOf":{"@id":"https:\/\/www.impressionoriginale.com\/fr\/#website"},"primaryImageOfPage":{"@id":"https:\/\/www.impressionoriginale.com\/fr\/produit\/ensemble-coquillages-nacres\/#primaryimage"},"image":{"@id":"https:\/\/www.impressionoriginale.com\/fr\/produit\/ensemble-coquillages-nacres\/#primaryimage"},"thumbnailUrl":"https:\/\/www.impressionoriginale.com\/wp-content\/uploads\/2019\/08\/IOR-NREF001DOR38_BOW_paired_pearly_shells_WRAP.jpg","datePublished":"2019-11-11T15:20:30+00:00","dateModified":"2023-11-18T17:26:40+00:00","description":"Le papier cadeau \"Coquillages nacr\u00e9s\" dessin\u00e9 par Claire Colin pour Impression Originale se marie \u00e0 la perfection avec un noeud pr\u00eat-\u00e0-poser en or. 100% recycl\u00e9, made in Angers, France.","breadcrumb":{"@id":"https:\/\/www.impressionoriginale.com\/fr\/produit\/ensemble-coquillages-nacres\/#breadcrumb"},"inLanguage":"fr-FR","potentialAction":[{"@type":"ReadAction","target":["https:\/\/www.impressionoriginale.com\/fr\/produit\/ensemble-coquillages-nacres\/"]}]},{"@type":"ImageObject","inLanguage":"fr-FR","@id":"https:\/\/www.impressionoriginale.com\/fr\/produit\/ensemble-coquillages-nacres\/#primaryimage","url":"https:\/\/www.impressionoriginale.com\/wp-content\/uploads\/2019\/08\/IOR-NREF001DOR38_BOW_paired_pearly_shells_WRAP.jpg","contentUrl":"https:\/\/www.impressionoriginale.com\/wp-content\/uploads\/2019\/08\/IOR-NREF001DOR38_BOW_paired_pearly_shells_WRAP.jpg","width":1200,"height":1600,"caption":"IOR-NREF001DOR38_BOW_paired_pearly_shells_WRAP"},{"@type":"BreadcrumbList","@id":"https:\/\/www.impressionoriginale.com\/fr\/produit\/ensemble-coquillages-nacres\/#breadcrumb","itemListElement":[{"@type":"ListItem","position":1,"name":"Home","item":"https:\/\/www.impressionoriginale.com\/fr\/"},{"@type":"ListItem","position":2,"name":"Boutique","item":"https:\/\/www.impressionoriginale.com\/fr\/boutique\/"},{"@type":"ListItem","position":3,"name":"Ensemble Coquillages nacr\u00e9s"}]},{"@type":"WebSite","@id":"https:\/\/www.impressionoriginale.com\/fr\/#website","url":"https:\/\/www.impressionoriginale.com\/fr\/","name":"Impression Originale","description":"The art of gifting has a new name. The online store for all your wrapping cravings.","publisher":{"@id":"https:\/\/www.impressionoriginale.com\/fr\/#organization"},"potentialAction":[{"@type":"SearchAction","target":{"@type":"EntryPoint","urlTemplate":"https:\/\/www.impressionoriginale.com\/fr\/?s={search_term_string}"},"query-input":{"@type":"PropertyValueSpecification","valueRequired":true,"valueName":"search_term_string"}}],"inLanguage":"fr-FR"},{"@type":"Organization","@id":"https:\/\/www.impressionoriginale.com\/fr\/#organization","name":"Impression Originale","url":"https:\/\/www.impressionoriginale.com\/fr\/","logo":{"@type":"ImageObject","inLanguage":"fr-FR","@id":"https:\/\/www.impressionoriginale.com\/fr\/#\/schema\/logo\/image\/","url":"https:\/\/www.impressionoriginale.com\/wp-content\/uploads\/2021\/08\/LOGO-2020-BLACK.png","contentUrl":"https:\/\/www.impressionoriginale.com\/wp-content\/uploads\/2021\/08\/LOGO-2020-BLACK.png","width":567,"height":567,"caption":"Impression Originale"},"image":{"@id":"https:\/\/www.impressionoriginale.com\/fr\/#\/schema\/logo\/image\/"}}]}},"_links":{"self":[{"href":"https:\/\/www.impressionoriginale.com\/fr\/wp-json\/wp\/v2\/product\/8171","targetHints":{"allow":["GET"]}}],"collection":[{"href":"https:\/\/www.impressionoriginale.com\/fr\/wp-json\/wp\/v2\/product"}],"about":[{"href":"https:\/\/www.impressionoriginale.com\/fr\/wp-json\/wp\/v2\/types\/product"}],"wp:featuredmedia":[{"embeddable":true,"href":"https:\/\/www.impressionoriginale.com\/fr\/wp-json\/wp\/v2\/media\/7864"}],"wp:attachment":[{"href":"https:\/\/www.impressionoriginale.com\/fr\/wp-json\/wp\/v2\/media?parent=8171"}],"wp:term":[{"taxonomy":"product_brand","embeddable":true,"href":"https:\/\/www.impressionoriginale.com\/fr\/wp-json\/wp\/v2\/product_brand?post=8171"},{"taxonomy":"product_cat","embeddable":true,"href":"https:\/\/www.impressionoriginale.com\/fr\/wp-json\/wp\/v2\/product_cat?post=8171"},{"taxonomy":"product_tag","embeddable":true,"href":"https:\/\/www.impressionoriginale.com\/fr\/wp-json\/wp\/v2\/product_tag?post=8171"}],"curies":[{"name":"wp","href":"https:\/\/api.w.org\/{rel}","templated":true}]}}