{"id":9717,"date":"2021-09-03T11:22:23","date_gmt":"2021-09-03T11:22:23","guid":{"rendered":"http:\/\/impressionorig.wpengine.com\/?post_type=product&#038;p=9717"},"modified":"2023-07-29T16:57:19","modified_gmt":"2023-07-29T16:57:19","slug":"look-coquillages-nacres","status":"publish","type":"product","link":"https:\/\/www.impressionoriginale.com\/fr\/produit\/look-coquillages-nacres\/","title":{"rendered":"Look Coquillages nacr\u00e9s"},"content":{"rendered":"<p style=\"padding-left: 30px;\"><strong>GRAMMAGE<\/strong> 200 g \/m<sup>2<\/sup><\/p>\n<p style=\"padding-left: 30px;\"><strong>DIMENSIONS<\/strong> 25,5\u00d719,5x8cm (taille M)<\/p>\n<p style=\"padding-left: 30px;\"><strong>PAPIER<\/strong> FSC certifi\u00e9<\/p>\n<p style=\"padding-left: 30px;\"><strong>ENCRE<\/strong> Pantone \u00a9, s\u00e9chage UV, recto-verso, pelliculage peau de p\u00eache<\/p>\n<p style=\"padding-left: 30px;\"><strong>ORIGINE<\/strong> Angers, France<\/p>\n<p>\u00a0<\/p>\n<p>Nos pochettes cadeaux orn\u00e9es de noeuds et de rubans vont sublimer vos cadeaux \u00e0 la perfection. Elles sont pr\u00eates \u00e0 l\u2019emploi. Laissez nos motifs vous inspirer, et laissez parler votre cr\u00e9ativit\u00e9\u2026<\/p>\n<p><em>\u00ab\u00a0Faites de beaux cadeaux et faites des heureux !\u00a0\u00bb<\/em><\/p>\n\n\n","protected":false},"excerpt":{"rendered":"<p><strong>Claire Colin<\/strong><\/p>\n<h5><em>Coquillages Nacr\u00e9s <\/em>Pochette Cadeau + Noeud<\/h5>\n<p style=\"text-align: justify;\">Atours d\u2019une princesse des oc\u00e9ans, joyaux de la mer, les coquillages nacr\u00e9s de Claire oscillent sous la surface de l\u2019eau et \u00e9tincellent \u00e0 la lumi\u00e8re du jour. Ce motif est infus\u00e9 des Arts D\u00e9coratifs intemporels qui c\u00e9l\u00e8brent avec \u00e9l\u00e9gance nos plus beaux cadeaux.<\/p>\n<p style=\"text-align: justify;\">Retrouvez dans le m\u00eame design or la <a href=\"https:\/\/www.impressionoriginale.com\/fr\/produit\/coquillages-nacres-or-pochette-cadeau-m\/\" target=\"_blank\" rel=\"noopener\"><strong><span style=\"color: blue;\">pochette cadeau (taille M)<\/span><\/strong><\/a> et son <a href=\"https:\/\/www.impressionoriginale.com\/fr\/produit\/pearly-shells-gold-gift-wrap\/\" target=\"_blank\" rel=\"noopener\"><strong><span style=\"color: blue;\">papier cadeau<\/span><\/strong><\/a> luxe. Dans un coloris bordeaux et or l&rsquo;<a href=\"https:\/\/www.impressionoriginale.com\/fr\/produit\/ensemble-coquillages-nacres\/\" target=\"_blank\" rel=\"noopener\"><strong><span style=\"color: blue;\">ensemble Coquillages nacr\u00e9s<\/span><\/strong><\/a> se pare de beaux rubans et n\u0153uds.<\/p>\n<p><strong>Dans ce KIT<\/strong>: 1 Pochette cadeau + 1 NOEUD pr\u00eat-\u00e0-poser.<\/p>\n<p style=\"text-align: center;\"><em>Note : Les pochettes cadeaux sont envoy\u00e9es \u00e0 plat.<\/em><\/p>\n","protected":false},"featured_media":7832,"template":"","meta":[],"product_brand":[],"product_cat":[912,1086],"product_tag":[826,88,814,815],"class_list":{"0":"post-9717","1":"product","2":"type-product","3":"status-publish","4":"has-post-thumbnail","6":"product_cat-luxe","7":"product_cat-pochette-cadeau-noeud","8":"product_tag-claire-colin-fr-2","9":"product_tag-impression-originale-fr-2","10":"product_tag-pochette-cadeau-fr","11":"product_tag-taille-m-fr","13":"first","14":"instock","15":"taxable","16":"shipping-taxable","17":"purchasable","18":"product-type-bundle"},"bundled_by":[],"bundle_stock_status":"instock","bundle_stock_quantity":7,"bundle_virtual":false,"bundle_layout":"default","bundle_add_to_cart_form_location":"default","bundle_editable_in_cart":true,"bundle_sold_individually_context":"product","bundle_item_grouping":"parent","bundle_min_size":"","bundle_max_size":"","bundle_price":{"price":{"min":{"incl_tax":"19.5","excl_tax":"16.25"},"max":{"incl_tax":"","excl_tax":""}},"regular_price":{"min":{"incl_tax":"19.5","excl_tax":"16.25"},"max":{"incl_tax":"","excl_tax":""}}},"bundled_items":[{"bundled_item_id":1390,"product_id":7814,"menu_order":0,"quantity_min":1,"quantity_max":"","quantity_default":1,"priced_individually":true,"shipped_individually":false,"override_title":false,"title":"N\u0153ud velours noir n\u00b0233 (L)","override_description":true,"description":"","optional":false,"hide_thumbnail":false,"discount":"","override_variations":false,"allowed_variations":[""],"override_default_variation_attributes":false,"default_variation_attributes":[],"single_product_visibility":"visible","cart_visibility":"visible","order_visibility":"visible","single_product_price_visibility":"visible","cart_price_visibility":"visible","order_price_visibility":"visible","stock_status":"in_stock"},{"bundled_item_id":1420,"product_id":7846,"menu_order":1,"quantity_min":1,"quantity_max":"","quantity_default":1,"priced_individually":true,"shipped_individually":false,"override_title":true,"title":"Coquillages nacr\u00e9s Pochette Cadeau","override_description":true,"description":"Taille M [25,5 (hauteur) x 19,5 (largeur) x 8 (soufflet) cm ]","optional":false,"hide_thumbnail":false,"discount":"","override_variations":false,"allowed_variations":[""],"override_default_variation_attributes":false,"default_variation_attributes":[],"single_product_visibility":"visible","cart_visibility":"visible","order_visibility":"visible","single_product_price_visibility":"visible","cart_price_visibility":"visible","order_price_visibility":"visible","stock_status":"in_stock"}],"bundle_sell_ids":[],"yoast_head":"<!-- This site is optimized with the Yoast SEO plugin v27.5 - https:\/\/yoast.com\/product\/yoast-seo-wordpress\/ -->\n<title>Look Coquillages nacr\u00e9s I Emballage cadeau de luxe par Impression Originale<\/title>\n<meta name=\"description\" content=\"Cette pochette cadeau &quot;Coquillages nacr\u00e9s&quot; se coordonne \u00e0 la perfection avec un joli noeud noir en velours pr\u00eat-\u00e0-poser. Imprim\u00e9e sur du papier responsable vis-\u00e0-vis de l&#039;environnement. Fabrication fran\u00e7aise.\" \/>\n<meta name=\"robots\" content=\"index, follow, max-snippet:-1, max-image-preview:large, max-video-preview:-1\" \/>\n<link rel=\"canonical\" href=\"https:\/\/www.impressionoriginale.com\/fr\/produit\/look-coquillages-nacres\/\" \/>\n<meta property=\"og:locale\" content=\"fr_FR\" \/>\n<meta property=\"og:type\" content=\"article\" \/>\n<meta property=\"og:title\" content=\"Look Coquillages nacr\u00e9s I Emballage cadeau de luxe par Impression Originale\" \/>\n<meta property=\"og:description\" content=\"Cette pochette cadeau &quot;Coquillages nacr\u00e9s&quot; se coordonne \u00e0 la perfection avec un joli noeud noir en velours pr\u00eat-\u00e0-poser. Imprim\u00e9e sur du papier responsable vis-\u00e0-vis de l&#039;environnement. Fabrication fran\u00e7aise.\" \/>\n<meta property=\"og:url\" content=\"https:\/\/www.impressionoriginale.com\/fr\/produit\/look-coquillages-nacres\/\" \/>\n<meta property=\"og:site_name\" content=\"Impression Originale\" \/>\n<meta property=\"article:modified_time\" content=\"2023-07-29T16:57:19+00:00\" \/>\n<meta property=\"og:image\" content=\"https:\/\/www.impressionoriginale.com\/wp-content\/uploads\/2019\/08\/IOR-POCM047CCOS2_bis_Coquillages_Nacres_Bag_IMPRESSION_ORIGINALE.jpg\" \/>\n\t<meta property=\"og:image:width\" content=\"1068\" \/>\n\t<meta property=\"og:image:height\" content=\"1600\" \/>\n\t<meta property=\"og:image:type\" content=\"image\/jpeg\" \/>\n<meta name=\"twitter:card\" content=\"summary_large_image\" \/>\n<script type=\"application\/ld+json\" class=\"yoast-schema-graph\">{\"@context\":\"https:\\\/\\\/schema.org\",\"@graph\":[{\"@type\":\"WebPage\",\"@id\":\"https:\\\/\\\/www.impressionoriginale.com\\\/fr\\\/produit\\\/look-coquillages-nacres\\\/\",\"url\":\"https:\\\/\\\/www.impressionoriginale.com\\\/fr\\\/produit\\\/look-coquillages-nacres\\\/\",\"name\":\"Look Coquillages nacr\u00e9s I Emballage cadeau de luxe par Impression Originale\",\"isPartOf\":{\"@id\":\"https:\\\/\\\/www.impressionoriginale.com\\\/fr\\\/#website\"},\"primaryImageOfPage\":{\"@id\":\"https:\\\/\\\/www.impressionoriginale.com\\\/fr\\\/produit\\\/look-coquillages-nacres\\\/#primaryimage\"},\"image\":{\"@id\":\"https:\\\/\\\/www.impressionoriginale.com\\\/fr\\\/produit\\\/look-coquillages-nacres\\\/#primaryimage\"},\"thumbnailUrl\":\"https:\\\/\\\/www.impressionoriginale.com\\\/wp-content\\\/uploads\\\/2019\\\/08\\\/IOR-POCM047CCOS2_bis_Coquillages_Nacres_Bag_IMPRESSION_ORIGINALE.jpg\",\"datePublished\":\"2021-09-03T11:22:23+00:00\",\"dateModified\":\"2023-07-29T16:57:19+00:00\",\"description\":\"Cette pochette cadeau \\\"Coquillages nacr\u00e9s\\\" se coordonne \u00e0 la perfection avec un joli noeud noir en velours pr\u00eat-\u00e0-poser. Imprim\u00e9e sur du papier responsable vis-\u00e0-vis de l'environnement. Fabrication fran\u00e7aise.\",\"breadcrumb\":{\"@id\":\"https:\\\/\\\/www.impressionoriginale.com\\\/fr\\\/produit\\\/look-coquillages-nacres\\\/#breadcrumb\"},\"inLanguage\":\"fr-FR\",\"potentialAction\":[{\"@type\":\"ReadAction\",\"target\":[\"https:\\\/\\\/www.impressionoriginale.com\\\/fr\\\/produit\\\/look-coquillages-nacres\\\/\"]}]},{\"@type\":\"ImageObject\",\"inLanguage\":\"fr-FR\",\"@id\":\"https:\\\/\\\/www.impressionoriginale.com\\\/fr\\\/produit\\\/look-coquillages-nacres\\\/#primaryimage\",\"url\":\"https:\\\/\\\/www.impressionoriginale.com\\\/wp-content\\\/uploads\\\/2019\\\/08\\\/IOR-POCM047CCOS2_bis_Coquillages_Nacres_Bag_IMPRESSION_ORIGINALE.jpg\",\"contentUrl\":\"https:\\\/\\\/www.impressionoriginale.com\\\/wp-content\\\/uploads\\\/2019\\\/08\\\/IOR-POCM047CCOS2_bis_Coquillages_Nacres_Bag_IMPRESSION_ORIGINALE.jpg\",\"width\":1068,\"height\":1600,\"caption\":\"IOR-POCM047CCOS2_bis_Coquillages_Nacres_Bag_IMPRESSION_ORIGINALE\"},{\"@type\":\"BreadcrumbList\",\"@id\":\"https:\\\/\\\/www.impressionoriginale.com\\\/fr\\\/produit\\\/look-coquillages-nacres\\\/#breadcrumb\",\"itemListElement\":[{\"@type\":\"ListItem\",\"position\":1,\"name\":\"Home\",\"item\":\"https:\\\/\\\/www.impressionoriginale.com\\\/fr\\\/\"},{\"@type\":\"ListItem\",\"position\":2,\"name\":\"Boutique\",\"item\":\"https:\\\/\\\/www.impressionoriginale.com\\\/fr\\\/boutique\\\/\"},{\"@type\":\"ListItem\",\"position\":3,\"name\":\"Look Coquillages nacr\u00e9s\"}]},{\"@type\":\"WebSite\",\"@id\":\"https:\\\/\\\/www.impressionoriginale.com\\\/fr\\\/#website\",\"url\":\"https:\\\/\\\/www.impressionoriginale.com\\\/fr\\\/\",\"name\":\"Impression Originale\",\"description\":\"The art of gifting has a new name. The online store for all your wrapping cravings.\",\"publisher\":{\"@id\":\"https:\\\/\\\/www.impressionoriginale.com\\\/fr\\\/#organization\"},\"potentialAction\":[{\"@type\":\"SearchAction\",\"target\":{\"@type\":\"EntryPoint\",\"urlTemplate\":\"https:\\\/\\\/www.impressionoriginale.com\\\/fr\\\/?s={search_term_string}\"},\"query-input\":{\"@type\":\"PropertyValueSpecification\",\"valueRequired\":true,\"valueName\":\"search_term_string\"}}],\"inLanguage\":\"fr-FR\"},{\"@type\":\"Organization\",\"@id\":\"https:\\\/\\\/www.impressionoriginale.com\\\/fr\\\/#organization\",\"name\":\"Impression Originale\",\"url\":\"https:\\\/\\\/www.impressionoriginale.com\\\/fr\\\/\",\"logo\":{\"@type\":\"ImageObject\",\"inLanguage\":\"fr-FR\",\"@id\":\"https:\\\/\\\/www.impressionoriginale.com\\\/fr\\\/#\\\/schema\\\/logo\\\/image\\\/\",\"url\":\"https:\\\/\\\/www.impressionoriginale.com\\\/wp-content\\\/uploads\\\/2021\\\/08\\\/LOGO-2020-BLACK.png\",\"contentUrl\":\"https:\\\/\\\/www.impressionoriginale.com\\\/wp-content\\\/uploads\\\/2021\\\/08\\\/LOGO-2020-BLACK.png\",\"width\":567,\"height\":567,\"caption\":\"Impression Originale\"},\"image\":{\"@id\":\"https:\\\/\\\/www.impressionoriginale.com\\\/fr\\\/#\\\/schema\\\/logo\\\/image\\\/\"}}]}<\/script>\n<!-- \/ Yoast SEO plugin. -->","yoast_head_json":{"title":"Look Coquillages nacr\u00e9s I Emballage cadeau de luxe par Impression Originale","description":"Cette pochette cadeau \"Coquillages nacr\u00e9s\" se coordonne \u00e0 la perfection avec un joli noeud noir en velours pr\u00eat-\u00e0-poser. Imprim\u00e9e sur du papier responsable vis-\u00e0-vis de l'environnement. Fabrication fran\u00e7aise.","robots":{"index":"index","follow":"follow","max-snippet":"max-snippet:-1","max-image-preview":"max-image-preview:large","max-video-preview":"max-video-preview:-1"},"canonical":"https:\/\/www.impressionoriginale.com\/fr\/produit\/look-coquillages-nacres\/","og_locale":"fr_FR","og_type":"article","og_title":"Look Coquillages nacr\u00e9s I Emballage cadeau de luxe par Impression Originale","og_description":"Cette pochette cadeau \"Coquillages nacr\u00e9s\" se coordonne \u00e0 la perfection avec un joli noeud noir en velours pr\u00eat-\u00e0-poser. Imprim\u00e9e sur du papier responsable vis-\u00e0-vis de l'environnement. Fabrication fran\u00e7aise.","og_url":"https:\/\/www.impressionoriginale.com\/fr\/produit\/look-coquillages-nacres\/","og_site_name":"Impression Originale","article_modified_time":"2023-07-29T16:57:19+00:00","og_image":[{"width":1068,"height":1600,"url":"https:\/\/www.impressionoriginale.com\/wp-content\/uploads\/2019\/08\/IOR-POCM047CCOS2_bis_Coquillages_Nacres_Bag_IMPRESSION_ORIGINALE.jpg","type":"image\/jpeg"}],"twitter_card":"summary_large_image","schema":{"@context":"https:\/\/schema.org","@graph":[{"@type":"WebPage","@id":"https:\/\/www.impressionoriginale.com\/fr\/produit\/look-coquillages-nacres\/","url":"https:\/\/www.impressionoriginale.com\/fr\/produit\/look-coquillages-nacres\/","name":"Look Coquillages nacr\u00e9s I Emballage cadeau de luxe par Impression Originale","isPartOf":{"@id":"https:\/\/www.impressionoriginale.com\/fr\/#website"},"primaryImageOfPage":{"@id":"https:\/\/www.impressionoriginale.com\/fr\/produit\/look-coquillages-nacres\/#primaryimage"},"image":{"@id":"https:\/\/www.impressionoriginale.com\/fr\/produit\/look-coquillages-nacres\/#primaryimage"},"thumbnailUrl":"https:\/\/www.impressionoriginale.com\/wp-content\/uploads\/2019\/08\/IOR-POCM047CCOS2_bis_Coquillages_Nacres_Bag_IMPRESSION_ORIGINALE.jpg","datePublished":"2021-09-03T11:22:23+00:00","dateModified":"2023-07-29T16:57:19+00:00","description":"Cette pochette cadeau \"Coquillages nacr\u00e9s\" se coordonne \u00e0 la perfection avec un joli noeud noir en velours pr\u00eat-\u00e0-poser. Imprim\u00e9e sur du papier responsable vis-\u00e0-vis de l'environnement. Fabrication fran\u00e7aise.","breadcrumb":{"@id":"https:\/\/www.impressionoriginale.com\/fr\/produit\/look-coquillages-nacres\/#breadcrumb"},"inLanguage":"fr-FR","potentialAction":[{"@type":"ReadAction","target":["https:\/\/www.impressionoriginale.com\/fr\/produit\/look-coquillages-nacres\/"]}]},{"@type":"ImageObject","inLanguage":"fr-FR","@id":"https:\/\/www.impressionoriginale.com\/fr\/produit\/look-coquillages-nacres\/#primaryimage","url":"https:\/\/www.impressionoriginale.com\/wp-content\/uploads\/2019\/08\/IOR-POCM047CCOS2_bis_Coquillages_Nacres_Bag_IMPRESSION_ORIGINALE.jpg","contentUrl":"https:\/\/www.impressionoriginale.com\/wp-content\/uploads\/2019\/08\/IOR-POCM047CCOS2_bis_Coquillages_Nacres_Bag_IMPRESSION_ORIGINALE.jpg","width":1068,"height":1600,"caption":"IOR-POCM047CCOS2_bis_Coquillages_Nacres_Bag_IMPRESSION_ORIGINALE"},{"@type":"BreadcrumbList","@id":"https:\/\/www.impressionoriginale.com\/fr\/produit\/look-coquillages-nacres\/#breadcrumb","itemListElement":[{"@type":"ListItem","position":1,"name":"Home","item":"https:\/\/www.impressionoriginale.com\/fr\/"},{"@type":"ListItem","position":2,"name":"Boutique","item":"https:\/\/www.impressionoriginale.com\/fr\/boutique\/"},{"@type":"ListItem","position":3,"name":"Look Coquillages nacr\u00e9s"}]},{"@type":"WebSite","@id":"https:\/\/www.impressionoriginale.com\/fr\/#website","url":"https:\/\/www.impressionoriginale.com\/fr\/","name":"Impression Originale","description":"The art of gifting has a new name. The online store for all your wrapping cravings.","publisher":{"@id":"https:\/\/www.impressionoriginale.com\/fr\/#organization"},"potentialAction":[{"@type":"SearchAction","target":{"@type":"EntryPoint","urlTemplate":"https:\/\/www.impressionoriginale.com\/fr\/?s={search_term_string}"},"query-input":{"@type":"PropertyValueSpecification","valueRequired":true,"valueName":"search_term_string"}}],"inLanguage":"fr-FR"},{"@type":"Organization","@id":"https:\/\/www.impressionoriginale.com\/fr\/#organization","name":"Impression Originale","url":"https:\/\/www.impressionoriginale.com\/fr\/","logo":{"@type":"ImageObject","inLanguage":"fr-FR","@id":"https:\/\/www.impressionoriginale.com\/fr\/#\/schema\/logo\/image\/","url":"https:\/\/www.impressionoriginale.com\/wp-content\/uploads\/2021\/08\/LOGO-2020-BLACK.png","contentUrl":"https:\/\/www.impressionoriginale.com\/wp-content\/uploads\/2021\/08\/LOGO-2020-BLACK.png","width":567,"height":567,"caption":"Impression Originale"},"image":{"@id":"https:\/\/www.impressionoriginale.com\/fr\/#\/schema\/logo\/image\/"}}]}},"_links":{"self":[{"href":"https:\/\/www.impressionoriginale.com\/fr\/wp-json\/wp\/v2\/product\/9717","targetHints":{"allow":["GET"]}}],"collection":[{"href":"https:\/\/www.impressionoriginale.com\/fr\/wp-json\/wp\/v2\/product"}],"about":[{"href":"https:\/\/www.impressionoriginale.com\/fr\/wp-json\/wp\/v2\/types\/product"}],"wp:featuredmedia":[{"embeddable":true,"href":"https:\/\/www.impressionoriginale.com\/fr\/wp-json\/wp\/v2\/media\/7832"}],"wp:attachment":[{"href":"https:\/\/www.impressionoriginale.com\/fr\/wp-json\/wp\/v2\/media?parent=9717"}],"wp:term":[{"taxonomy":"product_brand","embeddable":true,"href":"https:\/\/www.impressionoriginale.com\/fr\/wp-json\/wp\/v2\/product_brand?post=9717"},{"taxonomy":"product_cat","embeddable":true,"href":"https:\/\/www.impressionoriginale.com\/fr\/wp-json\/wp\/v2\/product_cat?post=9717"},{"taxonomy":"product_tag","embeddable":true,"href":"https:\/\/www.impressionoriginale.com\/fr\/wp-json\/wp\/v2\/product_tag?post=9717"}],"curies":[{"name":"wp","href":"https:\/\/api.w.org\/{rel}","templated":true}]}}