{"id":9721,"date":"2021-09-03T11:22:28","date_gmt":"2021-09-03T11:22:28","guid":{"rendered":"http:\/\/impressionorig.wpengine.com\/?post_type=product&#038;p=9721"},"modified":"2023-07-29T14:28:48","modified_gmt":"2023-07-29T14:28:48","slug":"look-derriere-le-tableau","status":"publish","type":"product","link":"https:\/\/www.impressionoriginale.com\/fr\/produit\/look-derriere-le-tableau\/","title":{"rendered":"Look Derri\u00e8re le tableau"},"content":{"rendered":"<p style=\"padding-left: 30px;\"><strong>GRAMMAGE<\/strong> 200 g \/m<sup>2<\/sup><\/p>\n<p style=\"padding-left: 30px;\"><strong>DIMENSIONS<\/strong> 25,5\u00d719,5x8cm (taille M)<\/p>\n<p style=\"padding-left: 30px;\"><strong>PAPIER<\/strong> FSC certifi\u00e9<\/p>\n<p style=\"padding-left: 30px;\"><strong>ENCRE<\/strong> Offset pleine couleur, s\u00e9chage UV, recto-verso, pelliculage peau de p\u00eache<\/p>\n<p style=\"padding-left: 30px;\"><strong>ORIGINE<\/strong> Angers, France<\/p>\n<p>\u00a0<\/p>\n<p>Nos pochettes cadeaux orn\u00e9es de noeuds et de rubans vont sublimer vos cadeaux \u00e0 la perfection. Elles sont pr\u00eates \u00e0 l\u2019emploi. Laissez nos motifs vous inspirer, et laissez parler votre cr\u00e9ativit\u00e9\u2026<\/p>\n<p><em>\u00ab\u00a0Faites de beaux cadeaux et faites des heureux !\u00a0\u00bb <\/em><\/p>\n\n\n","protected":false},"excerpt":{"rendered":"<p><strong>Margaret Jeane<\/strong><\/p>\n<h5><em>Derri\u00e8re le tableau <\/em>Pochette Cadeau + Noeud<\/h5>\n<p style=\"text-align: justify;\">Sur le mur surann\u00e9 d\u2019un petit boudoir, la marque d\u2019un ancien tableau se dessine. Les couleurs originelles ont gard\u00e9 leur \u00e9clat \u00e0 l\u2019abris du temps qui passe. D\u00e9licates an\u00e9mones et branches d\u2019eucalyptus peintes par Margaret en bouquets g\u00e9n\u00e9reux nous transporte vers les int\u00e9rieurs des peintres Nabis.<\/p>\n<p style=\"text-align: justify;\">Disponible \u00e9galement en petite <a href=\"https:\/\/www.impressionoriginale.com\/fr\/produit\/derriere-le-tableau-pochette-cadeau-s\/\" target=\"_blank\" rel=\"noopener\"><strong>pochette cadeau<\/strong><\/a> (taille S) et avec <a href=\"https:\/\/www.impressionoriginale.com\/fr\/produit\/ensemble-derriere-le-tableau\/\" target=\"_blank\" rel=\"noopener\"><strong>l&rsquo;ensemble papier cadeau<\/strong><\/a> et ses noeuds et rubans associ\u00e9s.<\/p>\n<p><strong>Dans ce KIT<\/strong>: 1 Pochette cadeau + 1 NOEUD pr\u00eat-\u00e0-poser.<\/p>\n<p style=\"text-align: center;\"><em>Note : Les pochettes cadeaux sont envoy\u00e9es \u00e0 plat.<\/em><\/p>\n","protected":false},"featured_media":7824,"template":"","meta":[],"product_brand":[],"product_cat":[1086,329],"product_tag":[88,816,814,815],"class_list":{"0":"post-9721","1":"product","2":"type-product","3":"status-publish","4":"has-post-thumbnail","6":"product_cat-pochette-cadeau-noeud","7":"product_cat-ensembles","8":"product_tag-impression-originale-fr-2","9":"product_tag-margaret-jeane-fr","10":"product_tag-pochette-cadeau-fr","11":"product_tag-taille-m-fr","13":"first","14":"instock","15":"taxable","16":"shipping-taxable","17":"purchasable","18":"product-type-bundle"},"bundled_by":[],"bundle_stock_status":"instock","bundle_stock_quantity":7,"bundle_virtual":false,"bundle_layout":"tabular","bundle_add_to_cart_form_location":"default","bundle_editable_in_cart":true,"bundle_sold_individually_context":"product","bundle_item_grouping":"parent","bundle_min_size":"","bundle_max_size":"","bundle_price":{"price":{"min":{"incl_tax":"19.5","excl_tax":"16.25"},"max":{"incl_tax":"","excl_tax":""}},"regular_price":{"min":{"incl_tax":"19.5","excl_tax":"16.25"},"max":{"incl_tax":"","excl_tax":""}}},"bundled_items":[{"bundled_item_id":1402,"product_id":7822,"menu_order":0,"quantity_min":1,"quantity_max":"","quantity_default":1,"priced_individually":true,"shipped_individually":false,"override_title":true,"title":"Derri\u00e8re le tableau Pochette Cadeau","override_description":true,"description":"Taille M [25,5 (hauteur) x 19,5 (largeur) x 8 (soufflet) cm ]","optional":false,"hide_thumbnail":false,"discount":"","override_variations":false,"allowed_variations":[""],"override_default_variation_attributes":false,"default_variation_attributes":[],"single_product_visibility":"visible","cart_visibility":"hidden","order_visibility":"visible","single_product_price_visibility":"visible","cart_price_visibility":"hidden","order_price_visibility":"visible","stock_status":"in_stock"},{"bundled_item_id":1382,"product_id":7816,"menu_order":1,"quantity_min":1,"quantity_max":"","quantity_default":1,"priced_individually":true,"shipped_individually":false,"override_title":false,"title":"N\u0153ud velours vert sapin n\u00b0228 (L)","override_description":true,"description":"","optional":false,"hide_thumbnail":false,"discount":"","override_variations":false,"allowed_variations":[""],"override_default_variation_attributes":false,"default_variation_attributes":[],"single_product_visibility":"visible","cart_visibility":"visible","order_visibility":"visible","single_product_price_visibility":"visible","cart_price_visibility":"visible","order_price_visibility":"visible","stock_status":"in_stock"}],"bundle_sell_ids":[],"yoast_head":"<!-- This site is optimized with the Yoast SEO plugin v27.3 - https:\/\/yoast.com\/product\/yoast-seo-wordpress\/ -->\n<title>Look Derri\u00e8re le tableau I Emballage cadeau de luxe par Impression Originale<\/title>\n<meta name=\"description\" content=\"Cette pochette cadeau &quot;Derri\u00e8re le tableau&quot; se coordonne \u00e0 la perfection avec un joli noeud vert sapin en velours pr\u00eat-\u00e0-poser. Imprim\u00e9e sur du papier responsable vis-\u00e0-vis de l&#039;environnement. Fabrication fran\u00e7aise.\" \/>\n<meta name=\"robots\" content=\"index, follow, max-snippet:-1, max-image-preview:large, max-video-preview:-1\" \/>\n<link rel=\"canonical\" href=\"https:\/\/www.impressionoriginale.com\/fr\/produit\/look-derriere-le-tableau\/\" \/>\n<meta property=\"og:locale\" content=\"fr_FR\" \/>\n<meta property=\"og:type\" content=\"article\" \/>\n<meta property=\"og:title\" content=\"Look Derri\u00e8re le tableau I Emballage cadeau de luxe par Impression Originale\" \/>\n<meta property=\"og:description\" content=\"Cette pochette cadeau &quot;Derri\u00e8re le tableau&quot; se coordonne \u00e0 la perfection avec un joli noeud vert sapin en velours pr\u00eat-\u00e0-poser. Imprim\u00e9e sur du papier responsable vis-\u00e0-vis de l&#039;environnement. Fabrication fran\u00e7aise.\" \/>\n<meta property=\"og:url\" content=\"https:\/\/www.impressionoriginale.com\/fr\/produit\/look-derriere-le-tableau\/\" \/>\n<meta property=\"og:site_name\" content=\"Impression Originale\" \/>\n<meta property=\"article:modified_time\" content=\"2023-07-29T14:28:48+00:00\" \/>\n<meta property=\"og:image\" content=\"https:\/\/www.impressionoriginale.com\/wp-content\/uploads\/2019\/08\/IOR-POCM045MJES1_bis_Derriere_le_tableau_Bag_IMPRESSION_ORIGINALE.jpg\" \/>\n\t<meta property=\"og:image:width\" content=\"1068\" \/>\n\t<meta property=\"og:image:height\" content=\"1600\" \/>\n\t<meta property=\"og:image:type\" content=\"image\/jpeg\" \/>\n<meta name=\"twitter:card\" content=\"summary_large_image\" \/>\n<meta name=\"twitter:label1\" content=\"Dur\u00e9e de lecture estim\u00e9e\" \/>\n\t<meta name=\"twitter:data1\" content=\"1 minute\" \/>\n<script type=\"application\/ld+json\" class=\"yoast-schema-graph\">{\"@context\":\"https:\\\/\\\/schema.org\",\"@graph\":[{\"@type\":\"WebPage\",\"@id\":\"https:\\\/\\\/www.impressionoriginale.com\\\/fr\\\/produit\\\/look-derriere-le-tableau\\\/\",\"url\":\"https:\\\/\\\/www.impressionoriginale.com\\\/fr\\\/produit\\\/look-derriere-le-tableau\\\/\",\"name\":\"Look Derri\u00e8re le tableau I Emballage cadeau de luxe par Impression Originale\",\"isPartOf\":{\"@id\":\"https:\\\/\\\/www.impressionoriginale.com\\\/fr\\\/#website\"},\"primaryImageOfPage\":{\"@id\":\"https:\\\/\\\/www.impressionoriginale.com\\\/fr\\\/produit\\\/look-derriere-le-tableau\\\/#primaryimage\"},\"image\":{\"@id\":\"https:\\\/\\\/www.impressionoriginale.com\\\/fr\\\/produit\\\/look-derriere-le-tableau\\\/#primaryimage\"},\"thumbnailUrl\":\"https:\\\/\\\/www.impressionoriginale.com\\\/wp-content\\\/uploads\\\/2019\\\/08\\\/IOR-POCM045MJES1_bis_Derriere_le_tableau_Bag_IMPRESSION_ORIGINALE.jpg\",\"datePublished\":\"2021-09-03T11:22:28+00:00\",\"dateModified\":\"2023-07-29T14:28:48+00:00\",\"description\":\"Cette pochette cadeau \\\"Derri\u00e8re le tableau\\\" se coordonne \u00e0 la perfection avec un joli noeud vert sapin en velours pr\u00eat-\u00e0-poser. Imprim\u00e9e sur du papier responsable vis-\u00e0-vis de l'environnement. Fabrication fran\u00e7aise.\",\"breadcrumb\":{\"@id\":\"https:\\\/\\\/www.impressionoriginale.com\\\/fr\\\/produit\\\/look-derriere-le-tableau\\\/#breadcrumb\"},\"inLanguage\":\"fr-FR\",\"potentialAction\":[{\"@type\":\"ReadAction\",\"target\":[\"https:\\\/\\\/www.impressionoriginale.com\\\/fr\\\/produit\\\/look-derriere-le-tableau\\\/\"]}]},{\"@type\":\"ImageObject\",\"inLanguage\":\"fr-FR\",\"@id\":\"https:\\\/\\\/www.impressionoriginale.com\\\/fr\\\/produit\\\/look-derriere-le-tableau\\\/#primaryimage\",\"url\":\"https:\\\/\\\/www.impressionoriginale.com\\\/wp-content\\\/uploads\\\/2019\\\/08\\\/IOR-POCM045MJES1_bis_Derriere_le_tableau_Bag_IMPRESSION_ORIGINALE.jpg\",\"contentUrl\":\"https:\\\/\\\/www.impressionoriginale.com\\\/wp-content\\\/uploads\\\/2019\\\/08\\\/IOR-POCM045MJES1_bis_Derriere_le_tableau_Bag_IMPRESSION_ORIGINALE.jpg\",\"width\":1068,\"height\":1600,\"caption\":\"IOR-POCM045MJES1_bis_Derriere_le_tableau_Bag_IMPRESSION_ORIGINALE\"},{\"@type\":\"BreadcrumbList\",\"@id\":\"https:\\\/\\\/www.impressionoriginale.com\\\/fr\\\/produit\\\/look-derriere-le-tableau\\\/#breadcrumb\",\"itemListElement\":[{\"@type\":\"ListItem\",\"position\":1,\"name\":\"Home\",\"item\":\"https:\\\/\\\/www.impressionoriginale.com\\\/fr\\\/\"},{\"@type\":\"ListItem\",\"position\":2,\"name\":\"Boutique\",\"item\":\"https:\\\/\\\/www.impressionoriginale.com\\\/fr\\\/boutique\\\/\"},{\"@type\":\"ListItem\",\"position\":3,\"name\":\"Look Derri\u00e8re le tableau\"}]},{\"@type\":\"WebSite\",\"@id\":\"https:\\\/\\\/www.impressionoriginale.com\\\/fr\\\/#website\",\"url\":\"https:\\\/\\\/www.impressionoriginale.com\\\/fr\\\/\",\"name\":\"Impression Originale\",\"description\":\"The art of gifting has a new name. The online store for all your wrapping cravings.\",\"publisher\":{\"@id\":\"https:\\\/\\\/www.impressionoriginale.com\\\/fr\\\/#organization\"},\"potentialAction\":[{\"@type\":\"SearchAction\",\"target\":{\"@type\":\"EntryPoint\",\"urlTemplate\":\"https:\\\/\\\/www.impressionoriginale.com\\\/fr\\\/?s={search_term_string}\"},\"query-input\":{\"@type\":\"PropertyValueSpecification\",\"valueRequired\":true,\"valueName\":\"search_term_string\"}}],\"inLanguage\":\"fr-FR\"},{\"@type\":\"Organization\",\"@id\":\"https:\\\/\\\/www.impressionoriginale.com\\\/fr\\\/#organization\",\"name\":\"Impression Originale\",\"url\":\"https:\\\/\\\/www.impressionoriginale.com\\\/fr\\\/\",\"logo\":{\"@type\":\"ImageObject\",\"inLanguage\":\"fr-FR\",\"@id\":\"https:\\\/\\\/www.impressionoriginale.com\\\/fr\\\/#\\\/schema\\\/logo\\\/image\\\/\",\"url\":\"https:\\\/\\\/www.impressionoriginale.com\\\/wp-content\\\/uploads\\\/2021\\\/08\\\/LOGO-2020-BLACK.png\",\"contentUrl\":\"https:\\\/\\\/www.impressionoriginale.com\\\/wp-content\\\/uploads\\\/2021\\\/08\\\/LOGO-2020-BLACK.png\",\"width\":567,\"height\":567,\"caption\":\"Impression Originale\"},\"image\":{\"@id\":\"https:\\\/\\\/www.impressionoriginale.com\\\/fr\\\/#\\\/schema\\\/logo\\\/image\\\/\"}}]}<\/script>\n<!-- \/ Yoast SEO plugin. -->","yoast_head_json":{"title":"Look Derri\u00e8re le tableau I Emballage cadeau de luxe par Impression Originale","description":"Cette pochette cadeau \"Derri\u00e8re le tableau\" se coordonne \u00e0 la perfection avec un joli noeud vert sapin en velours pr\u00eat-\u00e0-poser. Imprim\u00e9e sur du papier responsable vis-\u00e0-vis de l'environnement. Fabrication fran\u00e7aise.","robots":{"index":"index","follow":"follow","max-snippet":"max-snippet:-1","max-image-preview":"max-image-preview:large","max-video-preview":"max-video-preview:-1"},"canonical":"https:\/\/www.impressionoriginale.com\/fr\/produit\/look-derriere-le-tableau\/","og_locale":"fr_FR","og_type":"article","og_title":"Look Derri\u00e8re le tableau I Emballage cadeau de luxe par Impression Originale","og_description":"Cette pochette cadeau \"Derri\u00e8re le tableau\" se coordonne \u00e0 la perfection avec un joli noeud vert sapin en velours pr\u00eat-\u00e0-poser. Imprim\u00e9e sur du papier responsable vis-\u00e0-vis de l'environnement. Fabrication fran\u00e7aise.","og_url":"https:\/\/www.impressionoriginale.com\/fr\/produit\/look-derriere-le-tableau\/","og_site_name":"Impression Originale","article_modified_time":"2023-07-29T14:28:48+00:00","og_image":[{"width":1068,"height":1600,"url":"https:\/\/www.impressionoriginale.com\/wp-content\/uploads\/2019\/08\/IOR-POCM045MJES1_bis_Derriere_le_tableau_Bag_IMPRESSION_ORIGINALE.jpg","type":"image\/jpeg"}],"twitter_card":"summary_large_image","twitter_misc":{"Dur\u00e9e de lecture estim\u00e9e":"1 minute"},"schema":{"@context":"https:\/\/schema.org","@graph":[{"@type":"WebPage","@id":"https:\/\/www.impressionoriginale.com\/fr\/produit\/look-derriere-le-tableau\/","url":"https:\/\/www.impressionoriginale.com\/fr\/produit\/look-derriere-le-tableau\/","name":"Look Derri\u00e8re le tableau I Emballage cadeau de luxe par Impression Originale","isPartOf":{"@id":"https:\/\/www.impressionoriginale.com\/fr\/#website"},"primaryImageOfPage":{"@id":"https:\/\/www.impressionoriginale.com\/fr\/produit\/look-derriere-le-tableau\/#primaryimage"},"image":{"@id":"https:\/\/www.impressionoriginale.com\/fr\/produit\/look-derriere-le-tableau\/#primaryimage"},"thumbnailUrl":"https:\/\/www.impressionoriginale.com\/wp-content\/uploads\/2019\/08\/IOR-POCM045MJES1_bis_Derriere_le_tableau_Bag_IMPRESSION_ORIGINALE.jpg","datePublished":"2021-09-03T11:22:28+00:00","dateModified":"2023-07-29T14:28:48+00:00","description":"Cette pochette cadeau \"Derri\u00e8re le tableau\" se coordonne \u00e0 la perfection avec un joli noeud vert sapin en velours pr\u00eat-\u00e0-poser. Imprim\u00e9e sur du papier responsable vis-\u00e0-vis de l'environnement. Fabrication fran\u00e7aise.","breadcrumb":{"@id":"https:\/\/www.impressionoriginale.com\/fr\/produit\/look-derriere-le-tableau\/#breadcrumb"},"inLanguage":"fr-FR","potentialAction":[{"@type":"ReadAction","target":["https:\/\/www.impressionoriginale.com\/fr\/produit\/look-derriere-le-tableau\/"]}]},{"@type":"ImageObject","inLanguage":"fr-FR","@id":"https:\/\/www.impressionoriginale.com\/fr\/produit\/look-derriere-le-tableau\/#primaryimage","url":"https:\/\/www.impressionoriginale.com\/wp-content\/uploads\/2019\/08\/IOR-POCM045MJES1_bis_Derriere_le_tableau_Bag_IMPRESSION_ORIGINALE.jpg","contentUrl":"https:\/\/www.impressionoriginale.com\/wp-content\/uploads\/2019\/08\/IOR-POCM045MJES1_bis_Derriere_le_tableau_Bag_IMPRESSION_ORIGINALE.jpg","width":1068,"height":1600,"caption":"IOR-POCM045MJES1_bis_Derriere_le_tableau_Bag_IMPRESSION_ORIGINALE"},{"@type":"BreadcrumbList","@id":"https:\/\/www.impressionoriginale.com\/fr\/produit\/look-derriere-le-tableau\/#breadcrumb","itemListElement":[{"@type":"ListItem","position":1,"name":"Home","item":"https:\/\/www.impressionoriginale.com\/fr\/"},{"@type":"ListItem","position":2,"name":"Boutique","item":"https:\/\/www.impressionoriginale.com\/fr\/boutique\/"},{"@type":"ListItem","position":3,"name":"Look Derri\u00e8re le tableau"}]},{"@type":"WebSite","@id":"https:\/\/www.impressionoriginale.com\/fr\/#website","url":"https:\/\/www.impressionoriginale.com\/fr\/","name":"Impression Originale","description":"The art of gifting has a new name. The online store for all your wrapping cravings.","publisher":{"@id":"https:\/\/www.impressionoriginale.com\/fr\/#organization"},"potentialAction":[{"@type":"SearchAction","target":{"@type":"EntryPoint","urlTemplate":"https:\/\/www.impressionoriginale.com\/fr\/?s={search_term_string}"},"query-input":{"@type":"PropertyValueSpecification","valueRequired":true,"valueName":"search_term_string"}}],"inLanguage":"fr-FR"},{"@type":"Organization","@id":"https:\/\/www.impressionoriginale.com\/fr\/#organization","name":"Impression Originale","url":"https:\/\/www.impressionoriginale.com\/fr\/","logo":{"@type":"ImageObject","inLanguage":"fr-FR","@id":"https:\/\/www.impressionoriginale.com\/fr\/#\/schema\/logo\/image\/","url":"https:\/\/www.impressionoriginale.com\/wp-content\/uploads\/2021\/08\/LOGO-2020-BLACK.png","contentUrl":"https:\/\/www.impressionoriginale.com\/wp-content\/uploads\/2021\/08\/LOGO-2020-BLACK.png","width":567,"height":567,"caption":"Impression Originale"},"image":{"@id":"https:\/\/www.impressionoriginale.com\/fr\/#\/schema\/logo\/image\/"}}]}},"_links":{"self":[{"href":"https:\/\/www.impressionoriginale.com\/fr\/wp-json\/wp\/v2\/product\/9721","targetHints":{"allow":["GET"]}}],"collection":[{"href":"https:\/\/www.impressionoriginale.com\/fr\/wp-json\/wp\/v2\/product"}],"about":[{"href":"https:\/\/www.impressionoriginale.com\/fr\/wp-json\/wp\/v2\/types\/product"}],"wp:featuredmedia":[{"embeddable":true,"href":"https:\/\/www.impressionoriginale.com\/fr\/wp-json\/wp\/v2\/media\/7824"}],"wp:attachment":[{"href":"https:\/\/www.impressionoriginale.com\/fr\/wp-json\/wp\/v2\/media?parent=9721"}],"wp:term":[{"taxonomy":"product_brand","embeddable":true,"href":"https:\/\/www.impressionoriginale.com\/fr\/wp-json\/wp\/v2\/product_brand?post=9721"},{"taxonomy":"product_cat","embeddable":true,"href":"https:\/\/www.impressionoriginale.com\/fr\/wp-json\/wp\/v2\/product_cat?post=9721"},{"taxonomy":"product_tag","embeddable":true,"href":"https:\/\/www.impressionoriginale.com\/fr\/wp-json\/wp\/v2\/product_tag?post=9721"}],"curies":[{"name":"wp","href":"https:\/\/api.w.org\/{rel}","templated":true}]}}