{"id":9831,"date":"2021-09-10T17:48:06","date_gmt":"2021-09-10T17:48:06","guid":{"rendered":"https:\/\/impressionor.wpengine.com\/?post_type=product&#038;p=9831"},"modified":"2025-12-16T11:10:50","modified_gmt":"2025-12-16T11:10:50","slug":"ciseaux-8-noir","status":"publish","type":"product","link":"https:\/\/www.impressionoriginale.com\/fr\/produit\/ciseaux-8-noir\/","title":{"rendered":"Ciseaux 8&Prime; Noir"},"content":{"rendered":"<table style=\"border-collapse: collapse; width: 100%;\">\n<tbody>\n<tr>\n<td style=\"width: 17.4267%;\"><strong>MATERIEL<\/strong><\/td>\n<td style=\"width: 82.5733%;\">Acier japonais, finition teflon<\/td>\n<\/tr>\n<tr>\n<td style=\"width: 17.4267%;\"><strong>DIMENSIONS<\/strong><\/td>\n<td style=\"width: 82.5733%;\">20 cm<\/td>\n<\/tr>\n<tr>\n<td style=\"width: 17.4267%;\"><strong>ORIGINE<\/strong><\/td>\n<td style=\"width: 82.5733%;\">Taiwan<\/td>\n<\/tr>\n<\/tbody>\n<\/table>\n<p>Gr\u00e2ce \u00e0 ses lames coupantes et ses poign\u00e9es ergonomiques, les ciseaux permettent une d\u00e9coupe tr\u00e8s pr\u00e9cise et souple. Ce design est id\u00e9al pour la pr\u00e9paration d\u2019emballage de paquets cadeaux et pour la fabrication de noeuds et la d\u00e9coupe de rubans. Les finitions sont en teflon noir mat pour pr\u00e9venir la colle d\u2019adh\u00e9rer.<\/p>\n<p>Le teflon finit par s\u2019estomper en patine avec le temps.<\/p>\n<p>\u00ab\u00a0<em>Les meilleurs outils font les meilleurs travaux.\u00a0\u00bb<\/em><\/p>\n\n\n","protected":false},"excerpt":{"rendered":"<p><strong>Ciseaux 8&Prime; &#8211; Noir<\/strong><\/p>\n<h5><i>Tools to Liveby<\/i><\/h5>\n<p>Ciseaux aux lames coupantes et poign\u00e9es ergonomiques avec un design affirm\u00e9. Id\u00e9al pour d\u00e9couper des longueurs de papier d&rsquo;un seul geste, ce design de ciseaux est adapt\u00e9 pour la d\u00e9coupe du papier cadeau et la d\u00e9coupe de rubans et la fabrication de noeuds. Les finitions sont en T\u00e9flon noir mat pour pr\u00e9venir la colle d&rsquo;adh\u00e9rer.<\/p>\n<p>D\u00e9tails techniques :<\/p>\n<ul style=\"list-style-type: disc;\">\n<li>20 cm<\/li>\n<li>Acier japonais<\/li>\n<li>Finitions en T\u00e9flon<\/li>\n<li>Disponible en coloris <a href=\"https:\/\/www.impressionoriginale.com\/fr\/produit\/ciseaux-8-or\/\" target=\"_blank\" rel=\"noopener\">or<\/a><\/li>\n<\/ul>\n<p><em>Note : Les ciseaux sont envoy\u00e9s dans leur pochette de protection en papier.<\/em><\/p>\n","protected":false},"featured_media":9843,"template":"","meta":[],"product_brand":[],"product_cat":[1078],"product_tag":[],"class_list":{"0":"post-9831","1":"product","2":"type-product","3":"status-publish","4":"has-post-thumbnail","6":"product_cat-ciseaux-fr","8":"first","9":"instock","10":"taxable","11":"shipping-taxable","12":"purchasable","13":"product-type-simple"},"bundled_by":[],"bundle_stock_status":"instock","bundle_stock_quantity":3,"bundle_virtual":false,"bundle_layout":"","bundle_add_to_cart_form_location":"","bundle_editable_in_cart":false,"bundle_sold_individually_context":"","bundle_item_grouping":"","bundle_min_size":"","bundle_max_size":"","bundle_price":[],"bundled_items":[],"bundle_sell_ids":[],"yoast_head":"<!-- This site is optimized with the Yoast SEO plugin v27.3 - https:\/\/yoast.com\/product\/yoast-seo-wordpress\/ -->\n<title>Ciseaux 8&quot; Noir noir - Impression Originale<\/title>\n<meta name=\"description\" content=\"Ciseaux 8&quot; avec des lames coupantes et poign\u00e9es ergonomiques qui convient parfaitement \u00e0 la d\u00e9coupe de papier cadeau et pour la production de noeuds. S\u00e9lectionn\u00e9s et distribu\u00e9s par Impression Originale en France.\" \/>\n<meta name=\"robots\" content=\"index, follow, max-snippet:-1, max-image-preview:large, max-video-preview:-1\" \/>\n<link rel=\"canonical\" href=\"https:\/\/www.impressionoriginale.com\/fr\/produit\/ciseaux-8-noir\/\" \/>\n<meta property=\"og:locale\" content=\"fr_FR\" \/>\n<meta property=\"og:type\" content=\"article\" \/>\n<meta property=\"og:title\" content=\"Ciseaux 8&quot; Noir noir - Impression Originale\" \/>\n<meta property=\"og:description\" content=\"Ciseaux 8&quot; avec des lames coupantes et poign\u00e9es ergonomiques qui convient parfaitement \u00e0 la d\u00e9coupe de papier cadeau et pour la production de noeuds. S\u00e9lectionn\u00e9s et distribu\u00e9s par Impression Originale en France.\" \/>\n<meta property=\"og:url\" content=\"https:\/\/www.impressionoriginale.com\/fr\/produit\/ciseaux-8-noir\/\" \/>\n<meta property=\"og:site_name\" content=\"Impression Originale\" \/>\n<meta property=\"article:modified_time\" content=\"2025-12-16T11:10:50+00:00\" \/>\n<meta property=\"og:image\" content=\"https:\/\/www.impressionoriginale.com\/wp-content\/uploads\/2021\/09\/ToolstoLiveby_ciseaux822_IMPRESSIOINORIGINALE_vue6-1024x1024.png\" \/>\n\t<meta property=\"og:image:width\" content=\"1024\" \/>\n\t<meta property=\"og:image:height\" content=\"1024\" \/>\n\t<meta property=\"og:image:type\" content=\"image\/png\" \/>\n<meta name=\"twitter:card\" content=\"summary_large_image\" \/>\n<script type=\"application\/ld+json\" class=\"yoast-schema-graph\">{\"@context\":\"https:\\\/\\\/schema.org\",\"@graph\":[{\"@type\":\"WebPage\",\"@id\":\"https:\\\/\\\/www.impressionoriginale.com\\\/fr\\\/produit\\\/ciseaux-8-noir\\\/\",\"url\":\"https:\\\/\\\/www.impressionoriginale.com\\\/fr\\\/produit\\\/ciseaux-8-noir\\\/\",\"name\":\"Ciseaux 8\\\" Noir noir - Impression Originale\",\"isPartOf\":{\"@id\":\"https:\\\/\\\/www.impressionoriginale.com\\\/fr\\\/#website\"},\"primaryImageOfPage\":{\"@id\":\"https:\\\/\\\/www.impressionoriginale.com\\\/fr\\\/produit\\\/ciseaux-8-noir\\\/#primaryimage\"},\"image\":{\"@id\":\"https:\\\/\\\/www.impressionoriginale.com\\\/fr\\\/produit\\\/ciseaux-8-noir\\\/#primaryimage\"},\"thumbnailUrl\":\"https:\\\/\\\/www.impressionoriginale.com\\\/wp-content\\\/uploads\\\/2021\\\/09\\\/ToolstoLiveby_ciseaux822_IMPRESSIOINORIGINALE_vue6.png\",\"datePublished\":\"2021-09-10T17:48:06+00:00\",\"dateModified\":\"2025-12-16T11:10:50+00:00\",\"description\":\"Ciseaux 8\\\" avec des lames coupantes et poign\u00e9es ergonomiques qui convient parfaitement \u00e0 la d\u00e9coupe de papier cadeau et pour la production de noeuds. S\u00e9lectionn\u00e9s et distribu\u00e9s par Impression Originale en France.\",\"breadcrumb\":{\"@id\":\"https:\\\/\\\/www.impressionoriginale.com\\\/fr\\\/produit\\\/ciseaux-8-noir\\\/#breadcrumb\"},\"inLanguage\":\"fr-FR\",\"potentialAction\":[{\"@type\":\"ReadAction\",\"target\":[\"https:\\\/\\\/www.impressionoriginale.com\\\/fr\\\/produit\\\/ciseaux-8-noir\\\/\"]}]},{\"@type\":\"ImageObject\",\"inLanguage\":\"fr-FR\",\"@id\":\"https:\\\/\\\/www.impressionoriginale.com\\\/fr\\\/produit\\\/ciseaux-8-noir\\\/#primaryimage\",\"url\":\"https:\\\/\\\/www.impressionoriginale.com\\\/wp-content\\\/uploads\\\/2021\\\/09\\\/ToolstoLiveby_ciseaux822_IMPRESSIOINORIGINALE_vue6.png\",\"contentUrl\":\"https:\\\/\\\/www.impressionoriginale.com\\\/wp-content\\\/uploads\\\/2021\\\/09\\\/ToolstoLiveby_ciseaux822_IMPRESSIOINORIGINALE_vue6.png\",\"width\":2048,\"height\":2048,\"caption\":\"Black scissors 8\\\" in between magazines\"},{\"@type\":\"BreadcrumbList\",\"@id\":\"https:\\\/\\\/www.impressionoriginale.com\\\/fr\\\/produit\\\/ciseaux-8-noir\\\/#breadcrumb\",\"itemListElement\":[{\"@type\":\"ListItem\",\"position\":1,\"name\":\"Home\",\"item\":\"https:\\\/\\\/www.impressionoriginale.com\\\/fr\\\/\"},{\"@type\":\"ListItem\",\"position\":2,\"name\":\"Boutique\",\"item\":\"https:\\\/\\\/www.impressionoriginale.com\\\/fr\\\/boutique\\\/\"},{\"@type\":\"ListItem\",\"position\":3,\"name\":\"Ciseaux 8&#8243; Noir\"}]},{\"@type\":\"WebSite\",\"@id\":\"https:\\\/\\\/www.impressionoriginale.com\\\/fr\\\/#website\",\"url\":\"https:\\\/\\\/www.impressionoriginale.com\\\/fr\\\/\",\"name\":\"Impression Originale\",\"description\":\"The art of gifting has a new name. The online store for all your wrapping cravings.\",\"publisher\":{\"@id\":\"https:\\\/\\\/www.impressionoriginale.com\\\/fr\\\/#organization\"},\"potentialAction\":[{\"@type\":\"SearchAction\",\"target\":{\"@type\":\"EntryPoint\",\"urlTemplate\":\"https:\\\/\\\/www.impressionoriginale.com\\\/fr\\\/?s={search_term_string}\"},\"query-input\":{\"@type\":\"PropertyValueSpecification\",\"valueRequired\":true,\"valueName\":\"search_term_string\"}}],\"inLanguage\":\"fr-FR\"},{\"@type\":\"Organization\",\"@id\":\"https:\\\/\\\/www.impressionoriginale.com\\\/fr\\\/#organization\",\"name\":\"Impression Originale\",\"url\":\"https:\\\/\\\/www.impressionoriginale.com\\\/fr\\\/\",\"logo\":{\"@type\":\"ImageObject\",\"inLanguage\":\"fr-FR\",\"@id\":\"https:\\\/\\\/www.impressionoriginale.com\\\/fr\\\/#\\\/schema\\\/logo\\\/image\\\/\",\"url\":\"https:\\\/\\\/www.impressionoriginale.com\\\/wp-content\\\/uploads\\\/2021\\\/08\\\/LOGO-2020-BLACK.png\",\"contentUrl\":\"https:\\\/\\\/www.impressionoriginale.com\\\/wp-content\\\/uploads\\\/2021\\\/08\\\/LOGO-2020-BLACK.png\",\"width\":567,\"height\":567,\"caption\":\"Impression Originale\"},\"image\":{\"@id\":\"https:\\\/\\\/www.impressionoriginale.com\\\/fr\\\/#\\\/schema\\\/logo\\\/image\\\/\"}}]}<\/script>\n<!-- \/ Yoast SEO plugin. -->","yoast_head_json":{"title":"Ciseaux 8\" Noir noir - Impression Originale","description":"Ciseaux 8\" avec des lames coupantes et poign\u00e9es ergonomiques qui convient parfaitement \u00e0 la d\u00e9coupe de papier cadeau et pour la production de noeuds. S\u00e9lectionn\u00e9s et distribu\u00e9s par Impression Originale en France.","robots":{"index":"index","follow":"follow","max-snippet":"max-snippet:-1","max-image-preview":"max-image-preview:large","max-video-preview":"max-video-preview:-1"},"canonical":"https:\/\/www.impressionoriginale.com\/fr\/produit\/ciseaux-8-noir\/","og_locale":"fr_FR","og_type":"article","og_title":"Ciseaux 8\" Noir noir - Impression Originale","og_description":"Ciseaux 8\" avec des lames coupantes et poign\u00e9es ergonomiques qui convient parfaitement \u00e0 la d\u00e9coupe de papier cadeau et pour la production de noeuds. S\u00e9lectionn\u00e9s et distribu\u00e9s par Impression Originale en France.","og_url":"https:\/\/www.impressionoriginale.com\/fr\/produit\/ciseaux-8-noir\/","og_site_name":"Impression Originale","article_modified_time":"2025-12-16T11:10:50+00:00","og_image":[{"width":1024,"height":1024,"url":"https:\/\/www.impressionoriginale.com\/wp-content\/uploads\/2021\/09\/ToolstoLiveby_ciseaux822_IMPRESSIOINORIGINALE_vue6-1024x1024.png","type":"image\/png"}],"twitter_card":"summary_large_image","schema":{"@context":"https:\/\/schema.org","@graph":[{"@type":"WebPage","@id":"https:\/\/www.impressionoriginale.com\/fr\/produit\/ciseaux-8-noir\/","url":"https:\/\/www.impressionoriginale.com\/fr\/produit\/ciseaux-8-noir\/","name":"Ciseaux 8\" Noir noir - Impression Originale","isPartOf":{"@id":"https:\/\/www.impressionoriginale.com\/fr\/#website"},"primaryImageOfPage":{"@id":"https:\/\/www.impressionoriginale.com\/fr\/produit\/ciseaux-8-noir\/#primaryimage"},"image":{"@id":"https:\/\/www.impressionoriginale.com\/fr\/produit\/ciseaux-8-noir\/#primaryimage"},"thumbnailUrl":"https:\/\/www.impressionoriginale.com\/wp-content\/uploads\/2021\/09\/ToolstoLiveby_ciseaux822_IMPRESSIOINORIGINALE_vue6.png","datePublished":"2021-09-10T17:48:06+00:00","dateModified":"2025-12-16T11:10:50+00:00","description":"Ciseaux 8\" avec des lames coupantes et poign\u00e9es ergonomiques qui convient parfaitement \u00e0 la d\u00e9coupe de papier cadeau et pour la production de noeuds. S\u00e9lectionn\u00e9s et distribu\u00e9s par Impression Originale en France.","breadcrumb":{"@id":"https:\/\/www.impressionoriginale.com\/fr\/produit\/ciseaux-8-noir\/#breadcrumb"},"inLanguage":"fr-FR","potentialAction":[{"@type":"ReadAction","target":["https:\/\/www.impressionoriginale.com\/fr\/produit\/ciseaux-8-noir\/"]}]},{"@type":"ImageObject","inLanguage":"fr-FR","@id":"https:\/\/www.impressionoriginale.com\/fr\/produit\/ciseaux-8-noir\/#primaryimage","url":"https:\/\/www.impressionoriginale.com\/wp-content\/uploads\/2021\/09\/ToolstoLiveby_ciseaux822_IMPRESSIOINORIGINALE_vue6.png","contentUrl":"https:\/\/www.impressionoriginale.com\/wp-content\/uploads\/2021\/09\/ToolstoLiveby_ciseaux822_IMPRESSIOINORIGINALE_vue6.png","width":2048,"height":2048,"caption":"Black scissors 8\" in between magazines"},{"@type":"BreadcrumbList","@id":"https:\/\/www.impressionoriginale.com\/fr\/produit\/ciseaux-8-noir\/#breadcrumb","itemListElement":[{"@type":"ListItem","position":1,"name":"Home","item":"https:\/\/www.impressionoriginale.com\/fr\/"},{"@type":"ListItem","position":2,"name":"Boutique","item":"https:\/\/www.impressionoriginale.com\/fr\/boutique\/"},{"@type":"ListItem","position":3,"name":"Ciseaux 8&#8243; Noir"}]},{"@type":"WebSite","@id":"https:\/\/www.impressionoriginale.com\/fr\/#website","url":"https:\/\/www.impressionoriginale.com\/fr\/","name":"Impression Originale","description":"The art of gifting has a new name. The online store for all your wrapping cravings.","publisher":{"@id":"https:\/\/www.impressionoriginale.com\/fr\/#organization"},"potentialAction":[{"@type":"SearchAction","target":{"@type":"EntryPoint","urlTemplate":"https:\/\/www.impressionoriginale.com\/fr\/?s={search_term_string}"},"query-input":{"@type":"PropertyValueSpecification","valueRequired":true,"valueName":"search_term_string"}}],"inLanguage":"fr-FR"},{"@type":"Organization","@id":"https:\/\/www.impressionoriginale.com\/fr\/#organization","name":"Impression Originale","url":"https:\/\/www.impressionoriginale.com\/fr\/","logo":{"@type":"ImageObject","inLanguage":"fr-FR","@id":"https:\/\/www.impressionoriginale.com\/fr\/#\/schema\/logo\/image\/","url":"https:\/\/www.impressionoriginale.com\/wp-content\/uploads\/2021\/08\/LOGO-2020-BLACK.png","contentUrl":"https:\/\/www.impressionoriginale.com\/wp-content\/uploads\/2021\/08\/LOGO-2020-BLACK.png","width":567,"height":567,"caption":"Impression Originale"},"image":{"@id":"https:\/\/www.impressionoriginale.com\/fr\/#\/schema\/logo\/image\/"}}]}},"_links":{"self":[{"href":"https:\/\/www.impressionoriginale.com\/fr\/wp-json\/wp\/v2\/product\/9831","targetHints":{"allow":["GET"]}}],"collection":[{"href":"https:\/\/www.impressionoriginale.com\/fr\/wp-json\/wp\/v2\/product"}],"about":[{"href":"https:\/\/www.impressionoriginale.com\/fr\/wp-json\/wp\/v2\/types\/product"}],"wp:featuredmedia":[{"embeddable":true,"href":"https:\/\/www.impressionoriginale.com\/fr\/wp-json\/wp\/v2\/media\/9843"}],"wp:attachment":[{"href":"https:\/\/www.impressionoriginale.com\/fr\/wp-json\/wp\/v2\/media?parent=9831"}],"wp:term":[{"taxonomy":"product_brand","embeddable":true,"href":"https:\/\/www.impressionoriginale.com\/fr\/wp-json\/wp\/v2\/product_brand?post=9831"},{"taxonomy":"product_cat","embeddable":true,"href":"https:\/\/www.impressionoriginale.com\/fr\/wp-json\/wp\/v2\/product_cat?post=9831"},{"taxonomy":"product_tag","embeddable":true,"href":"https:\/\/www.impressionoriginale.com\/fr\/wp-json\/wp\/v2\/product_tag?post=9831"}],"curies":[{"name":"wp","href":"https:\/\/api.w.org\/{rel}","templated":true}]}}